{"id":14813,"date":"2024-03-19T14:51:06","date_gmt":"2024-03-19T14:51:06","guid":{"rendered":"https:\/\/devel.valcucine.com\/elementos-caractersticos\/cucine-vitrum-arte\/vitrum-arte-disegni-personalizzati\/"},"modified":"2025-10-23T07:16:14","modified_gmt":"2025-10-23T07:16:14","slug":"vitrum-arte-disegni-personalizzati","status":"publish","type":"page","link":"https:\/\/www.valcucine.com\/es\/elementos-caractersticos\/cucine-vitrum-arte\/vitrum-arte-disegni-personalizzati\/","title":{"rendered":"Dibujos Vitrum Arte personalizados"},"content":{"rendered":"<div class=\"wpb-content-wrapper\"><p>[vc_row][vc_column][vc_column_text]<\/p>\n<p style=\"padding-left: 40px;\"><span style=\"font-size: 14pt;\">[\/vc_column_text][\/vc_column][\/vc_row][vc_row][vc_column]\n\t\t\t<!-- START Disegni Vitrum Arte personalizzati REVOLUTION SLIDER 6.7.38 --><p class=\"rs-p-wp-fix\"><\/p>\n\t\t\t<rs-module-wrap id=\"rev_slider_75_1_wrapper\" data-source=\"gallery\" style=\"visibility:hidden;background:transparent;padding:0;\">\n\t\t\t\t<rs-module id=\"rev_slider_75_1\" style=\"\" data-version=\"6.7.38\">\n\t\t\t\t\t<rs-slides style=\"overflow: hidden; position: absolute;\">\n\t\t\t\t\t\t<rs-slide style=\"position: absolute;\" data-key=\"rs-314\" data-title=\"Slide\" data-thumb=\"\/\/www.valcucine.com\/wp-content\/uploads\/2024\/03\/2212_2_vitrum_arte_pensile_ala_chiusa-50x100.webp\" data-in=\"o:0;\" data-out=\"a:false;\">\n\t\t\t\t\t\t\t<img decoding=\"async\" src=\"\/\/www.valcucine.com\/wp-content\/plugins\/revslider\/sr6\/assets\/assets\/dummy.png\" alt=\"\" title=\"2212_2_vitrum_arte_pensile_ala_chiusa\" width=\"2400\" height=\"1200\" class=\"rev-slidebg tp-rs-img rs-lazyload\" data-lazyload=\"\/\/www.valcucine.com\/wp-content\/uploads\/2024\/03\/2212_2_vitrum_arte_pensile_ala_chiusa.webp\" data-no-retina>\n<!---->\t\t\t\t\t<\/rs-slide>\n\t\t\t\t\t\t<rs-slide style=\"position: absolute;\" data-key=\"rs-315\" data-title=\"Slide\" data-thumb=\"\/\/www.valcucine.com\/wp-content\/uploads\/2024\/03\/2213_2_vitrum_arte_graffiti_chiusa-50x100.webp\" data-in=\"o:0;\" data-out=\"a:false;\">\n\t\t\t\t\t\t\t<img decoding=\"async\" src=\"\/\/www.valcucine.com\/wp-content\/plugins\/revslider\/sr6\/assets\/assets\/dummy.png\" alt=\"\" title=\"2213_2_vitrum_arte_graffiti_chiusa\" width=\"2400\" height=\"1200\" class=\"rev-slidebg tp-rs-img rs-lazyload\" data-lazyload=\"\/\/www.valcucine.com\/wp-content\/uploads\/2024\/03\/2213_2_vitrum_arte_graffiti_chiusa.webp\" data-no-retina>\n<!---->\t\t\t\t\t<\/rs-slide>\n\t\t\t\t\t\t<rs-slide style=\"position: absolute;\" data-key=\"rs-316\" data-title=\"Slide\" data-thumb=\"\/\/www.valcucine.com\/wp-content\/uploads\/2024\/03\/2214_1_vitrum_arte_logica_celata_aperta-50x100.webp\" data-in=\"o:0;\" data-out=\"a:false;\">\n\t\t\t\t\t\t\t<img decoding=\"async\" src=\"\/\/www.valcucine.com\/wp-content\/plugins\/revslider\/sr6\/assets\/assets\/dummy.png\" alt=\"\" title=\"2214_1_vitrum_arte_logica_celata_aperta\" width=\"2400\" height=\"1200\" class=\"rev-slidebg tp-rs-img rs-lazyload\" data-lazyload=\"\/\/www.valcucine.com\/wp-content\/uploads\/2024\/03\/2214_1_vitrum_arte_logica_celata_aperta.webp\" data-no-retina>\n<!---->\t\t\t\t\t<\/rs-slide>\n\t\t\t\t\t<\/rs-slides>\n\t\t\t\t\t<rs-static-layers><!--\n\n\t\t\t\t\t\t\t--><rs-layer\n\t\t\t\t\t\t\t\tid=\"slider-75-slide-67-layer-12\" \n\t\t\t\t\t\t\t\tclass=\"play-button rs-svg rs-layer-static\"\n\t\t\t\t\t\t\t\tdata-type=\"svg\"\n\t\t\t\t\t\t\t\tdata-rsp_ch=\"on\"\n\t\t\t\t\t\t\t\tdata-xy=\"xo:20px;y:b;yo:20px;\"\n\t\t\t\t\t\t\t\tdata-text=\"w:normal;s:20,20,20,7;l:0,0,0,9;\"\n\t\t\t\t\t\t\t\tdata-dim=\"w:20px,20px,20px,30px;h:20px,20px,20px,30px;\"\n\t\t\t\t\t\t\t\tdata-actions='o:click;a:playslider;'\n\t\t\t\t\t\t\t\tdata-svg_src=\"\/\/www.valcucine.com\/wp-content\/uploads\/revslider\/svg\/objects\/svgcustom\/circle-play.svg\"\n\t\t\t\t\t\t\t\tdata-svgi=\"oc:t;\"\n\t\t\t\t\t\t\t\tdata-basealign=\"slide\"\n\t\t\t\t\t\t\t\tdata-onslides=\"s:1;\"\n\t\t\t\t\t\t\t\tdata-frame_999=\"o:0;st:w;\"\n\t\t\t\t\t\t\t\tstyle=\"z-index:7;font-family:'Roboto';\"\n\t\t\t\t\t\t\t> \n\t\t\t\t\t\t\t<\/rs-layer><!--\n\n\t\t\t\t\t\t\t--><rs-layer\n\t\t\t\t\t\t\t\tid=\"slider-75-slide-67-layer-13\" \n\t\t\t\t\t\t\t\tclass=\"pause-button current-slider rs-svg rs-layer-static\"\n\t\t\t\t\t\t\t\tdata-type=\"svg\"\n\t\t\t\t\t\t\t\tdata-rsp_ch=\"on\"\n\t\t\t\t\t\t\t\tdata-xy=\"xo:20px;y:b;yo:20px;\"\n\t\t\t\t\t\t\t\tdata-text=\"w:normal;s:20,20,20,7;l:0,0,0,9;\"\n\t\t\t\t\t\t\t\tdata-dim=\"w:20px,20px,20px,30px;h:20px,20px,20px,30px;\"\n\t\t\t\t\t\t\t\tdata-actions='o:click;a:pauseslider;'\n\t\t\t\t\t\t\t\tdata-svg_src=\"\/\/www.valcucine.com\/wp-content\/uploads\/revslider\/svg\/objects\/svgcustom\/circle-pause.svg\"\n\t\t\t\t\t\t\t\tdata-svgi=\"oc:t;\"\n\t\t\t\t\t\t\t\tdata-basealign=\"slide\"\n\t\t\t\t\t\t\t\tdata-onslides=\"s:1;\"\n\t\t\t\t\t\t\t\tdata-frame_999=\"o:0;st:w;\"\n\t\t\t\t\t\t\t\tstyle=\"z-index:8;font-family:'Roboto';\"\n\t\t\t\t\t\t\t> \n\t\t\t\t\t\t\t<\/rs-layer><!--\n\t\t\t\t\t--><\/rs-static-layers>\n\t\t\t\t<\/rs-module>\n\t\t\t\t<script>\n\t\t\t\t\tsetREVStartSize({c: 'rev_slider_75_1',rl:[1240,1240,1240,480],el:[568.984,568.984,568.984,480],gw:[1240,1240,1240,480],gh:[569,569,569,480],type:'standard',justify:'',layout:'fullscreen',offsetContainer:'#slider__height',offset:'0px',mh:\"0\"});if (window.RS_MODULES!==undefined && window.RS_MODULES.modules!==undefined && window.RS_MODULES.modules[\"revslider751\"]!==undefined) {window.RS_MODULES.modules[\"revslider751\"].once = false;window.revapi75 = undefined;if (window.RS_MODULES.checkMinimal!==undefined) window.RS_MODULES.checkMinimal()}\n\t\t\t\t<\/script>\n\t\t\t<\/rs-module-wrap>\n\t\t\t<!-- END REVOLUTION SLIDER -->\n[\/vc_column][\/vc_row][vc_row el_class=\u00bbpt-6&#8243; css=\u00bb.vc_custom_1709741038744{padding-top: 40px !important;}\u00bb][vc_column]\n        \n        <h1 class=\"text-center  main__title__h1  \" style=\"color:#333333;\"> \n\n         Dibujos Vitrum Arte personalizados\n        \n        <\/h1>[\/vc_column][\/vc_row][vc_row css=\u00bb.vc_custom_1709741045295{margin-top: 12px !important;}\u00bb][vc_column][vc_column_text]Adem\u00e1s de los dise\u00f1os de serie, con <strong data-start=\"711\" data-end=\"726\">Vitrum Arte<\/strong> es posible reproducir sobre la superficie de vidrio dibujos, im\u00e1genes y fotograf\u00edas propuestas por el cliente. Cada motivo se reinterpreta mediante un proceso artesanal que combina tecnolog\u00eda y destreza manual, ofreciendo infinitas posibilidades creativas. Se pueden personalizar los motivos, los colores y las dimensiones para adaptarlos perfectamente al estilo y al entorno deseado. De este modo, la creatividad encuentra su m\u00e1xima expresi\u00f3n, dando lugar a un resultado verdaderamente \u00fanico e inimitable.[\/vc_column_text][\/vc_column][\/vc_row][vc_row][vc_column]<div class='menu__page'><a href='https:\/\/www.valcucine.com\/store-locator\/' target='' rel=''>DISTRIBUIDOR FIND<\/a><\/div>[\/vc_column][\/vc_row][vc_row el_id=\u00bbgallery\u00bb][vc_column]<div id=''><div class='carousel__portfolio'><div class='mb-6 portfolio_gallery_cat_all portfolio_gallery_box p-3  portfolio_gallery_cat_329'><div id='portfolio_gallery_1'><div class=\"portfolio_gallery_box_item\" style=\"background-image:url(https:\/\/www.valcucine.com\/wp-content\/uploads\/2024\/03\/69_artematica-vitrum-arte.jpg?wsr)\"><\/div><\/div><span>Artematica Vitrum Arte Naturaleza en blanco y negro<\/span><\/div><div class='mb-6 portfolio_gallery_cat_all portfolio_gallery_box p-3  portfolio_gallery_cat_329'><div id='portfolio_gallery_2'><div class=\"portfolio_gallery_box_item\" style=\"background-image:url(https:\/\/www.valcucine.com\/wp-content\/uploads\/2024\/03\/73_artematica-vitrum-art-sandro-chia-artwork-.jpg?wsr)\"><\/div><\/div><span>Artematica Vitrum Arte Sandro Chia<\/span><\/div><\/div>\n            <script>\n            jQuery(function () {\n                \n                \n                jQuery('.carousel__portfolio').slick({\n                  infinite: true,\n                    slidesToShow: 1,\n                    slidesToScroll: 1,\n                    autoplaySpeed: 8000,\n                    centerPadding: '0px',\n                    mobileFirst: true,\n                    arrows: true,\n                    autoplay: true,\n                    prevArrow: '<div class=\\'corousel__arrow corousel__next \\'><i class=\\'fal fa-chevron-left\\'><\/i><\/div>',\n                    nextArrow: '<div class=\\'corousel__arrow corousel__prev \\'><i class=\\'fal fa-chevron-right\\'><\/i><\/div>',\n                      responsive: [\n                        {\n                          breakpoint: 768,\n                          settings: {\n                            slidesToShow: 4,\n                            slidesToScroll: 1,\n                          }\n                        },\n                    ]\n              \n                });\n            });\n            <\/script>\n            \n                    <script>\n                    jQuery(function () {\n                        \n                        var dynamicGalleryElement = document.getElementById('portfolio_gallery_1');\n                        var dynamicGallery = lightGallery(dynamicGalleryElement, {\n                            dynamic: true,\n                            dynamicEl: [{\"src\":\"https:\\\/\\\/www.valcucine.com\\\/wp-content\\\/uploads\\\/2024\\\/03\\\/255_artematica_vitrum_arte_mucca_chic_6_.webp\",\"subHtml\":\"<span>Artematica Vitrum Arte Naturaleza en blanco y negro<\\\/span>\"},{\"src\":\"https:\\\/\\\/www.valcucine.com\\\/wp-content\\\/uploads\\\/2024\\\/03\\\/834_museo-001.webp\",\"subHtml\":\"<span>Artematica Vitrum Arte Naturaleza en blanco y negro<\\\/span>\"},{\"src\":\"https:\\\/\\\/www.valcucine.com\\\/wp-content\\\/uploads\\\/2024\\\/03\\\/252_artematica_vitrum_arte_museo_.webp\",\"subHtml\":\"<span>Artematica Vitrum Arte Naturaleza en blanco y negro<\\\/span>\"},{\"src\":\"https:\\\/\\\/www.valcucine.com\\\/wp-content\\\/uploads\\\/2024\\\/03\\\/256_artematica_vitrum_arte_mucca_chic_7_.webp\",\"subHtml\":\"<span>Artematica Vitrum Arte Naturaleza en blanco y negro<\\\/span>\"},{\"src\":\"https:\\\/\\\/www.valcucine.com\\\/wp-content\\\/uploads\\\/2024\\\/03\\\/254_artematica_vitrum_arte_09.webp\",\"subHtml\":\"<span>Artematica Vitrum Arte Naturaleza en blanco y negro<\\\/span>\"}],\n                        });\n                        dynamicGalleryElement.addEventListener('click', function () {\n                            \/\/ Starts with third item.(Optional).\n                            \/\/ This is useful if you want use dynamic mode with\n                            \/\/ custom thumbnails (thumbnails outside gallery),\n                            dynamicGallery.openGallery(0);\n                        });\n                                                \n                        \n                    });\n                    <\/script>\n                    \n                    <script>\n                    jQuery(function () {\n                        \n                        var dynamicGalleryElement = document.getElementById('portfolio_gallery_2');\n                        var dynamicGallery = lightGallery(dynamicGalleryElement, {\n                            dynamic: true,\n                            dynamicEl: [{\"src\":\"https:\\\/\\\/www.valcucine.com\\\/wp-content\\\/uploads\\\/2024\\\/03\\\/115_artematica_vitrum_arte_chia_3_.webp\",\"subHtml\":\"<span>Artematica Vitrum Arte Sandro Chia<\\\/span>\"},{\"src\":\"https:\\\/\\\/www.valcucine.com\\\/wp-content\\\/uploads\\\/2024\\\/03\\\/116_artematica_vitrum_arte_chia_4_.webp\",\"subHtml\":\"<span>Artematica Vitrum Arte Sandro Chia<\\\/span>\"},{\"src\":\"https:\\\/\\\/www.valcucine.com\\\/wp-content\\\/uploads\\\/2024\\\/03\\\/114_artematica_vitrum_arte_chia_2_.webp\",\"subHtml\":\"<span>Artematica Vitrum Arte Sandro Chia<\\\/span>\"},{\"src\":\"https:\\\/\\\/www.valcucine.com\\\/wp-content\\\/uploads\\\/2024\\\/03\\\/117_artematica_vitrum_arte_chia_5_.webp\",\"subHtml\":\"<span>Artematica Vitrum Arte Sandro Chia<\\\/span>\"},{\"src\":\"https:\\\/\\\/www.valcucine.com\\\/wp-content\\\/uploads\\\/2024\\\/03\\\/111_artematica_vitrum_art_sandro_chia_artwork_.webp\",\"subHtml\":\"<span>Artematica Vitrum Arte Sandro Chia<\\\/span>\"},{\"src\":\"https:\\\/\\\/www.valcucine.com\\\/wp-content\\\/uploads\\\/2024\\\/03\\\/112_artematica_vitrum_arte_chia_artwork_.webp\",\"subHtml\":\"<span>Artematica Vitrum Arte Sandro Chia<\\\/span>\"},{\"src\":\"https:\\\/\\\/www.valcucine.com\\\/wp-content\\\/uploads\\\/2024\\\/03\\\/113_artematica_vitrum_arte_chia_1_.webp\",\"subHtml\":\"<span>Artematica Vitrum Arte Sandro Chia<\\\/span>\"}],\n                        });\n                        dynamicGalleryElement.addEventListener('click', function () {\n                            \/\/ Starts with third item.(Optional).\n                            \/\/ This is useful if you want use dynamic mode with\n                            \/\/ custom thumbnails (thumbnails outside gallery),\n                            dynamicGallery.openGallery(0);\n                        });\n                                                \n                        \n                    });\n                    <\/script>\n                    <\/div>[\/vc_column][\/vc_row][vc_row][vc_column][vc_column_text]<\/span><\/p>\n<p>[\/vc_column_text][\/vc_column][\/vc_row]<\/p>\n<\/div>","protected":false},"excerpt":{"rendered":"<p>[vc_row][vc_column][vc_column_text] [\/vc_column_text][\/vc_column][\/vc_row][vc_row][vc_column][\/vc_column][\/vc_row][vc_row el_class=\u00bbpt-6&#8243; css=\u00bb.vc_custom_1709741038744{padding-top: 40px !important;}\u00bb][vc_column][\/vc_column][\/vc_row][vc_row css=\u00bb.vc_custom_1709741045295{margin-top: 12px !important;}\u00bb][vc_column][vc_column_text]Adem\u00e1s de los dise\u00f1os de serie, con Vitrum Arte es posible reproducir sobre la superficie de vidrio dibujos, im\u00e1genes y fotograf\u00edas propuestas por el cliente. Cada motivo se reinterpreta mediante un proceso artesanal que combina tecnolog\u00eda y destreza manual, ofreciendo infinitas posibilidades creativas. Se pueden personalizar los [&hellip;]<\/p>\n","protected":false},"author":1,"featured_media":0,"parent":14800,"menu_order":0,"comment_status":"closed","ping_status":"closed","template":"","meta":{"footnotes":""},"class_list":["post-14813","page","type-page","status-publish","hentry"],"yoast_head":"<!-- This site is optimized with the Yoast SEO plugin v26.2 - https:\/\/yoast.com\/wordpress\/plugins\/seo\/ -->\n<title>Dibujos Vitrum Arte personalizados - Valcucine<\/title>\n<meta name=\"robots\" content=\"index, follow, max-snippet:-1, max-image-preview:large, max-video-preview:-1\" \/>\n<link rel=\"canonical\" href=\"https:\/\/www.valcucine.com\/es\/elementos-caractersticos\/cucine-vitrum-arte\/vitrum-arte-disegni-personalizzati\/\" \/>\n<meta property=\"og:locale\" content=\"es_ES\" \/>\n<meta property=\"og:type\" content=\"article\" \/>\n<meta property=\"og:title\" content=\"Dibujos Vitrum Arte personalizados - Valcucine\" \/>\n<meta property=\"og:description\" content=\"[vc_row][vc_column][vc_column_text] [\/vc_column_text][\/vc_column][\/vc_row][vc_row][vc_column][\/vc_column][\/vc_row][vc_row el_class=\u00bbpt-6&#8243; css=\u00bb.vc_custom_1709741038744{padding-top: 40px !important;}\u00bb][vc_column][\/vc_column][\/vc_row][vc_row css=\u00bb.vc_custom_1709741045295{margin-top: 12px !important;}\u00bb][vc_column][vc_column_text]Adem\u00e1s de los dise\u00f1os de serie, con Vitrum Arte es posible reproducir sobre la superficie de vidrio dibujos, im\u00e1genes y fotograf\u00edas propuestas por el cliente. Cada motivo se reinterpreta mediante un proceso artesanal que combina tecnolog\u00eda y destreza manual, ofreciendo infinitas posibilidades creativas. Se pueden personalizar los [&hellip;]\" \/>\n<meta property=\"og:url\" content=\"https:\/\/www.valcucine.com\/es\/elementos-caractersticos\/cucine-vitrum-arte\/vitrum-arte-disegni-personalizzati\/\" \/>\n<meta property=\"og:site_name\" content=\"Valcucine\" \/>\n<meta property=\"article:publisher\" content=\"https:\/\/www.facebook.com\/valcucine\/\" \/>\n<meta property=\"article:modified_time\" content=\"2025-10-23T07:16:14+00:00\" \/>\n<meta name=\"twitter:card\" content=\"summary_large_image\" \/>\n<meta name=\"twitter:label1\" content=\"Tiempo de lectura\" \/>\n\t<meta name=\"twitter:data1\" content=\"1 minuto\" \/>\n<script type=\"application\/ld+json\" class=\"yoast-schema-graph\">{\"@context\":\"https:\/\/schema.org\",\"@graph\":[{\"@type\":\"WebPage\",\"@id\":\"https:\/\/www.valcucine.com\/es\/elementos-caractersticos\/cucine-vitrum-arte\/vitrum-arte-disegni-personalizzati\/\",\"url\":\"https:\/\/www.valcucine.com\/es\/elementos-caractersticos\/cucine-vitrum-arte\/vitrum-arte-disegni-personalizzati\/\",\"name\":\"Dibujos Vitrum Arte personalizados - Valcucine\",\"isPartOf\":{\"@id\":\"https:\/\/www.valcucine.com\/#website\"},\"datePublished\":\"2024-03-19T14:51:06+00:00\",\"dateModified\":\"2025-10-23T07:16:14+00:00\",\"breadcrumb\":{\"@id\":\"https:\/\/www.valcucine.com\/es\/elementos-caractersticos\/cucine-vitrum-arte\/vitrum-arte-disegni-personalizzati\/#breadcrumb\"},\"inLanguage\":\"es\",\"potentialAction\":[{\"@type\":\"ReadAction\",\"target\":[\"https:\/\/www.valcucine.com\/es\/elementos-caractersticos\/cucine-vitrum-arte\/vitrum-arte-disegni-personalizzati\/\"]}]},{\"@type\":\"BreadcrumbList\",\"@id\":\"https:\/\/www.valcucine.com\/es\/elementos-caractersticos\/cucine-vitrum-arte\/vitrum-arte-disegni-personalizzati\/#breadcrumb\",\"itemListElement\":[{\"@type\":\"ListItem\",\"position\":1,\"name\":\"Valcucine\",\"item\":\"https:\/\/www.valcucine.com\/es\/\"},{\"@type\":\"ListItem\",\"position\":2,\"name\":\"Elementos caracter\u00ecsticos\",\"item\":\"https:\/\/www.valcucine.com\/es\/elementos-caractersticos\/\"},{\"@type\":\"ListItem\",\"position\":3,\"name\":\"Vitrum Arte\",\"item\":\"https:\/\/www.valcucine.com\/es\/elementos-caractersticos\/cucine-vitrum-arte\/\"},{\"@type\":\"ListItem\",\"position\":4,\"name\":\"Dibujos Vitrum Arte personalizados\"}]},{\"@type\":\"WebSite\",\"@id\":\"https:\/\/www.valcucine.com\/#website\",\"url\":\"https:\/\/www.valcucine.com\/\",\"name\":\"Valcucine\",\"description\":\"\",\"publisher\":{\"@id\":\"https:\/\/www.valcucine.com\/#organization\"},\"potentialAction\":[{\"@type\":\"SearchAction\",\"target\":{\"@type\":\"EntryPoint\",\"urlTemplate\":\"https:\/\/www.valcucine.com\/?s={search_term_string}\"},\"query-input\":{\"@type\":\"PropertyValueSpecification\",\"valueRequired\":true,\"valueName\":\"search_term_string\"}}],\"inLanguage\":\"es\"},{\"@type\":\"Organization\",\"@id\":\"https:\/\/www.valcucine.com\/#organization\",\"name\":\"Valcucine\",\"url\":\"https:\/\/www.valcucine.com\/\",\"logo\":{\"@type\":\"ImageObject\",\"inLanguage\":\"es\",\"@id\":\"https:\/\/www.valcucine.com\/#\/schema\/logo\/image\/\",\"url\":\"https:\/\/www.valcucine.com\/wp-content\/uploads\/2024\/02\/logo-valcucine.webp?wsr\",\"contentUrl\":\"https:\/\/www.valcucine.com\/wp-content\/uploads\/2024\/02\/logo-valcucine.webp?wsr\",\"width\":288,\"height\":46,\"caption\":\"Valcucine\"},\"image\":{\"@id\":\"https:\/\/www.valcucine.com\/#\/schema\/logo\/image\/\"},\"sameAs\":[\"https:\/\/www.facebook.com\/valcucine\/\",\"https:\/\/www.instagram.com\/valcucine\/\",\"https:\/\/www.linkedin.com\/company\/valcucine\"]}]}<\/script>\n<!-- \/ Yoast SEO plugin. -->","yoast_head_json":{"title":"Dibujos Vitrum Arte personalizados - Valcucine","robots":{"index":"index","follow":"follow","max-snippet":"max-snippet:-1","max-image-preview":"max-image-preview:large","max-video-preview":"max-video-preview:-1"},"canonical":"https:\/\/www.valcucine.com\/es\/elementos-caractersticos\/cucine-vitrum-arte\/vitrum-arte-disegni-personalizzati\/","og_locale":"es_ES","og_type":"article","og_title":"Dibujos Vitrum Arte personalizados - Valcucine","og_description":"[vc_row][vc_column][vc_column_text] [\/vc_column_text][\/vc_column][\/vc_row][vc_row][vc_column][\/vc_column][\/vc_row][vc_row el_class=\u00bbpt-6&#8243; css=\u00bb.vc_custom_1709741038744{padding-top: 40px !important;}\u00bb][vc_column][\/vc_column][\/vc_row][vc_row css=\u00bb.vc_custom_1709741045295{margin-top: 12px !important;}\u00bb][vc_column][vc_column_text]Adem\u00e1s de los dise\u00f1os de serie, con Vitrum Arte es posible reproducir sobre la superficie de vidrio dibujos, im\u00e1genes y fotograf\u00edas propuestas por el cliente. Cada motivo se reinterpreta mediante un proceso artesanal que combina tecnolog\u00eda y destreza manual, ofreciendo infinitas posibilidades creativas. Se pueden personalizar los [&hellip;]","og_url":"https:\/\/www.valcucine.com\/es\/elementos-caractersticos\/cucine-vitrum-arte\/vitrum-arte-disegni-personalizzati\/","og_site_name":"Valcucine","article_publisher":"https:\/\/www.facebook.com\/valcucine\/","article_modified_time":"2025-10-23T07:16:14+00:00","twitter_card":"summary_large_image","twitter_misc":{"Tiempo de lectura":"1 minuto"},"schema":{"@context":"https:\/\/schema.org","@graph":[{"@type":"WebPage","@id":"https:\/\/www.valcucine.com\/es\/elementos-caractersticos\/cucine-vitrum-arte\/vitrum-arte-disegni-personalizzati\/","url":"https:\/\/www.valcucine.com\/es\/elementos-caractersticos\/cucine-vitrum-arte\/vitrum-arte-disegni-personalizzati\/","name":"Dibujos Vitrum Arte personalizados - Valcucine","isPartOf":{"@id":"https:\/\/www.valcucine.com\/#website"},"datePublished":"2024-03-19T14:51:06+00:00","dateModified":"2025-10-23T07:16:14+00:00","breadcrumb":{"@id":"https:\/\/www.valcucine.com\/es\/elementos-caractersticos\/cucine-vitrum-arte\/vitrum-arte-disegni-personalizzati\/#breadcrumb"},"inLanguage":"es","potentialAction":[{"@type":"ReadAction","target":["https:\/\/www.valcucine.com\/es\/elementos-caractersticos\/cucine-vitrum-arte\/vitrum-arte-disegni-personalizzati\/"]}]},{"@type":"BreadcrumbList","@id":"https:\/\/www.valcucine.com\/es\/elementos-caractersticos\/cucine-vitrum-arte\/vitrum-arte-disegni-personalizzati\/#breadcrumb","itemListElement":[{"@type":"ListItem","position":1,"name":"Valcucine","item":"https:\/\/www.valcucine.com\/es\/"},{"@type":"ListItem","position":2,"name":"Elementos caracter\u00ecsticos","item":"https:\/\/www.valcucine.com\/es\/elementos-caractersticos\/"},{"@type":"ListItem","position":3,"name":"Vitrum Arte","item":"https:\/\/www.valcucine.com\/es\/elementos-caractersticos\/cucine-vitrum-arte\/"},{"@type":"ListItem","position":4,"name":"Dibujos Vitrum Arte personalizados"}]},{"@type":"WebSite","@id":"https:\/\/www.valcucine.com\/#website","url":"https:\/\/www.valcucine.com\/","name":"Valcucine","description":"","publisher":{"@id":"https:\/\/www.valcucine.com\/#organization"},"potentialAction":[{"@type":"SearchAction","target":{"@type":"EntryPoint","urlTemplate":"https:\/\/www.valcucine.com\/?s={search_term_string}"},"query-input":{"@type":"PropertyValueSpecification","valueRequired":true,"valueName":"search_term_string"}}],"inLanguage":"es"},{"@type":"Organization","@id":"https:\/\/www.valcucine.com\/#organization","name":"Valcucine","url":"https:\/\/www.valcucine.com\/","logo":{"@type":"ImageObject","inLanguage":"es","@id":"https:\/\/www.valcucine.com\/#\/schema\/logo\/image\/","url":"https:\/\/www.valcucine.com\/wp-content\/uploads\/2024\/02\/logo-valcucine.webp?wsr","contentUrl":"https:\/\/www.valcucine.com\/wp-content\/uploads\/2024\/02\/logo-valcucine.webp?wsr","width":288,"height":46,"caption":"Valcucine"},"image":{"@id":"https:\/\/www.valcucine.com\/#\/schema\/logo\/image\/"},"sameAs":["https:\/\/www.facebook.com\/valcucine\/","https:\/\/www.instagram.com\/valcucine\/","https:\/\/www.linkedin.com\/company\/valcucine"]}]}},"_links":{"self":[{"href":"https:\/\/www.valcucine.com\/es\/wp-json\/wp\/v2\/pages\/14813","targetHints":{"allow":["GET"]}}],"collection":[{"href":"https:\/\/www.valcucine.com\/es\/wp-json\/wp\/v2\/pages"}],"about":[{"href":"https:\/\/www.valcucine.com\/es\/wp-json\/wp\/v2\/types\/page"}],"author":[{"embeddable":true,"href":"https:\/\/www.valcucine.com\/es\/wp-json\/wp\/v2\/users\/1"}],"replies":[{"embeddable":true,"href":"https:\/\/www.valcucine.com\/es\/wp-json\/wp\/v2\/comments?post=14813"}],"version-history":[{"count":3,"href":"https:\/\/www.valcucine.com\/es\/wp-json\/wp\/v2\/pages\/14813\/revisions"}],"predecessor-version":[{"id":51763,"href":"https:\/\/www.valcucine.com\/es\/wp-json\/wp\/v2\/pages\/14813\/revisions\/51763"}],"up":[{"embeddable":true,"href":"https:\/\/www.valcucine.com\/es\/wp-json\/wp\/v2\/pages\/14800"}],"wp:attachment":[{"href":"https:\/\/www.valcucine.com\/es\/wp-json\/wp\/v2\/media?parent=14813"}],"curies":[{"name":"wp","href":"https:\/\/api.w.org\/{rel}","templated":true}]}}