{"id":14864,"date":"2024-03-18T13:27:49","date_gmt":"2024-03-18T13:27:49","guid":{"rendered":"https:\/\/devel.valcucine.com\/elementos-caractersticos\/la-ricerca-ergonomica\/"},"modified":"2025-03-14T11:07:55","modified_gmt":"2025-03-14T11:07:55","slug":"la-evolucin-de-la-ergonoma","status":"publish","type":"page","link":"https:\/\/www.valcucine.com\/es\/elementos-caractersticos\/la-evolucin-de-la-ergonoma\/","title":{"rendered":"La investigaci\u00f3n ergon\u00f3mica"},"content":{"rendered":"<div class=\"wpb-content-wrapper\"><p>[vc_row][vc_column]\n\t\t\t<!-- START La ricerca ergonomica REVOLUTION SLIDER 6.7.38 --><p class=\"rs-p-wp-fix\"><\/p>\n\t\t\t<rs-module-wrap id=\"rev_slider_27_1_wrapper\" data-source=\"gallery\" style=\"visibility:hidden;background:transparent;padding:0;\">\n\t\t\t\t<rs-module id=\"rev_slider_27_1\" style=\"\" data-version=\"6.7.38\">\n\t\t\t\t\t<rs-slides style=\"overflow: hidden; position: absolute;\">\n\t\t\t\t\t\t<rs-slide style=\"position: absolute;\" data-key=\"rs-157\" data-title=\"Slide\" data-thumb=\"\/\/www.valcucine.com\/wp-content\/uploads\/2024\/03\/2226_artematica_new_logica-50x100.webp\" data-in=\"o:0;\" data-out=\"a:false;\">\n\t\t\t\t\t\t\t<img decoding=\"async\" src=\"\/\/www.valcucine.com\/wp-content\/plugins\/revslider\/sr6\/assets\/assets\/dummy.png\" alt=\"cucine sostenibili\" title=\"2226_artematica_new_logica\" width=\"2000\" height=\"1000\" class=\"rev-slidebg tp-rs-img rs-lazyload\" data-lazyload=\"\/\/www.valcucine.com\/wp-content\/uploads\/2024\/03\/2226_artematica_new_logica.webp\" data-no-retina>\n<!---->\t\t\t\t\t<\/rs-slide>\n\t\t\t\t\t\t<rs-slide style=\"position: absolute;\" data-key=\"rs-158\" data-title=\"Slide\" data-thumb=\"\/\/www.valcucine.com\/wp-content\/uploads\/2024\/03\/2227_artematica_logica_theca-50x100.webp\" data-in=\"o:0;\" data-out=\"a:false;\">\n\t\t\t\t\t\t\t<img decoding=\"async\" src=\"\/\/www.valcucine.com\/wp-content\/plugins\/revslider\/sr6\/assets\/assets\/dummy.png\" alt=\"cucine sostenibili\" title=\"2227_artematica_logica_theca\" width=\"2400\" height=\"1200\" class=\"rev-slidebg tp-rs-img rs-lazyload\" data-lazyload=\"\/\/www.valcucine.com\/wp-content\/uploads\/2024\/03\/2227_artematica_logica_theca.webp\" data-no-retina>\n<!---->\t\t\t\t\t<\/rs-slide>\n\t\t\t\t\t\t<rs-slide style=\"position: absolute;\" data-key=\"rs-159\" data-title=\"Slide\" data-thumb=\"\/\/www.valcucine.com\/wp-content\/uploads\/2024\/03\/2228_artematica_0278_low-50x100.webp\" data-in=\"o:0;\" data-out=\"a:false;\">\n\t\t\t\t\t\t\t<img decoding=\"async\" src=\"\/\/www.valcucine.com\/wp-content\/plugins\/revslider\/sr6\/assets\/assets\/dummy.png\" alt=\"cucine sostenibili\" title=\"2228_artematica_0278_low\" width=\"2400\" height=\"1200\" class=\"rev-slidebg tp-rs-img rs-lazyload\" data-lazyload=\"\/\/www.valcucine.com\/wp-content\/uploads\/2024\/03\/2228_artematica_0278_low.webp\" data-no-retina>\n<!--\n\t\t\t\t\t\t\t--><rs-layer\n\t\t\t\t\t\t\t\tid=\"slider-27-slide-159-layer-14\" \n\t\t\t\t\t\t\t\tclass=\"slider_fade\"\n\t\t\t\t\t\t\t\tdata-type=\"shape\"\n\t\t\t\t\t\t\t\tdata-rsp_ch=\"on\"\n\t\t\t\t\t\t\t\tdata-text=\"w:normal;s:20,20,20,7;l:0,0,0,9;\"\n\t\t\t\t\t\t\t\tdata-dim=\"w:100%;h:100%;\"\n\t\t\t\t\t\t\t\tdata-basealign=\"slide\"\n\t\t\t\t\t\t\t\tdata-frame_999=\"o:0;st:w;\"\n\t\t\t\t\t\t\t\tstyle=\"z-index:6;background-color:rgba(0,0,0,0.5);\"\n\t\t\t\t\t\t\t> \n\t\t\t\t\t\t\t<\/rs-layer><!--\n-->\t\t\t\t\t<\/rs-slide>\n\t\t\t\t\t\t<rs-slide style=\"position: absolute;\" data-key=\"rs-160\" data-title=\"Slide\" data-thumb=\"\/\/www.valcucine.com\/wp-content\/uploads\/2024\/03\/2229__q7i9895-50x100.webp\" data-in=\"o:0;\" data-out=\"a:false;\">\n\t\t\t\t\t\t\t<img decoding=\"async\" src=\"\/\/www.valcucine.com\/wp-content\/plugins\/revslider\/sr6\/assets\/assets\/dummy.png\" alt=\"\" title=\"2229__q7i9895\" width=\"2400\" height=\"1200\" class=\"rev-slidebg tp-rs-img rs-lazyload\" data-lazyload=\"\/\/www.valcucine.com\/wp-content\/uploads\/2024\/03\/2229__q7i9895.webp\" data-no-retina>\n<!---->\t\t\t\t\t<\/rs-slide>\n\t\t\t\t\t\t<rs-slide style=\"position: absolute;\" data-key=\"rs-161\" data-title=\"Slide\" data-thumb=\"\/\/www.valcucine.com\/wp-content\/uploads\/2024\/03\/2232_genius_loci_air_logica-50x100.webp\" data-in=\"o:0;\" data-out=\"a:false;\">\n\t\t\t\t\t\t\t<img decoding=\"async\" src=\"\/\/www.valcucine.com\/wp-content\/plugins\/revslider\/sr6\/assets\/assets\/dummy.png\" alt=\"\" title=\"2232_genius_loci_air_logica\" width=\"2000\" height=\"1000\" class=\"rev-slidebg tp-rs-img rs-lazyload\" data-lazyload=\"\/\/www.valcucine.com\/wp-content\/uploads\/2024\/03\/2232_genius_loci_air_logica.webp\" data-no-retina>\n<!---->\t\t\t\t\t<\/rs-slide>\n\t\t\t\t\t\t<rs-slide style=\"position: absolute;\" data-key=\"rs-162\" data-title=\"Slide\" data-thumb=\"\/\/www.valcucine.com\/wp-content\/uploads\/2024\/03\/2234_18_1-50x100.webp\" data-in=\"o:0;\" data-out=\"a:false;\">\n\t\t\t\t\t\t\t<img decoding=\"async\" src=\"\/\/www.valcucine.com\/wp-content\/plugins\/revslider\/sr6\/assets\/assets\/dummy.png\" alt=\"\" title=\"2234_18_1\" width=\"2400\" height=\"1200\" class=\"rev-slidebg tp-rs-img rs-lazyload\" data-lazyload=\"\/\/www.valcucine.com\/wp-content\/uploads\/2024\/03\/2234_18_1.webp\" data-no-retina>\n<!---->\t\t\t\t\t<\/rs-slide>\n\t\t\t\t\t\t<rs-slide style=\"position: absolute;\" data-key=\"rs-163\" data-title=\"Slide\" data-thumb=\"\/\/www.valcucine.com\/wp-content\/uploads\/2024\/03\/2225_new_logic_system_olmo_tattile_0216-50x100.webp\" data-in=\"o:0;\" data-out=\"a:false;\">\n\t\t\t\t\t\t\t<img decoding=\"async\" src=\"\/\/www.valcucine.com\/wp-content\/plugins\/revslider\/sr6\/assets\/assets\/dummy.png\" alt=\"\" title=\"2225_new_logic_system_olmo_tattile_0216\" width=\"2400\" height=\"1200\" class=\"rev-slidebg tp-rs-img rs-lazyload\" data-lazyload=\"\/\/www.valcucine.com\/wp-content\/uploads\/2024\/03\/2225_new_logic_system_olmo_tattile_0216.webp\" data-no-retina>\n<!---->\t\t\t\t\t<\/rs-slide>\n\t\t\t\t\t<\/rs-slides>\n\t\t\t\t\t<rs-static-layers><!--\n\n\t\t\t\t\t\t\t--><rs-layer\n\t\t\t\t\t\t\t\tid=\"slider-27-slide-26-layer-12\" \n\t\t\t\t\t\t\t\tclass=\"play-button rs-svg rs-layer-static\"\n\t\t\t\t\t\t\t\tdata-type=\"svg\"\n\t\t\t\t\t\t\t\tdata-rsp_ch=\"on\"\n\t\t\t\t\t\t\t\tdata-xy=\"xo:20px;y:b;yo:20px;\"\n\t\t\t\t\t\t\t\tdata-text=\"w:normal;s:20,20,20,7;l:0,0,0,9;\"\n\t\t\t\t\t\t\t\tdata-dim=\"w:20px,20px,20px,30px;h:20px,20px,20px,30px;\"\n\t\t\t\t\t\t\t\tdata-actions='o:click;a:playslider;'\n\t\t\t\t\t\t\t\tdata-svg_src=\"\/\/www.valcucine.com\/wp-content\/uploads\/revslider\/svg\/objects\/svgcustom\/circle-play.svg\"\n\t\t\t\t\t\t\t\tdata-svgi=\"oc:t;\"\n\t\t\t\t\t\t\t\tdata-basealign=\"slide\"\n\t\t\t\t\t\t\t\tdata-onslides=\"s:1;\"\n\t\t\t\t\t\t\t\tdata-frame_999=\"o:0;st:w;\"\n\t\t\t\t\t\t\t\tstyle=\"z-index:7;font-family:'Roboto';\"\n\t\t\t\t\t\t\t> \n\t\t\t\t\t\t\t<\/rs-layer><!--\n\n\t\t\t\t\t\t\t--><rs-layer\n\t\t\t\t\t\t\t\tid=\"slider-27-slide-26-layer-13\" \n\t\t\t\t\t\t\t\tclass=\"pause-button current-slider rs-svg rs-layer-static\"\n\t\t\t\t\t\t\t\tdata-type=\"svg\"\n\t\t\t\t\t\t\t\tdata-rsp_ch=\"on\"\n\t\t\t\t\t\t\t\tdata-xy=\"xo:20px;y:b;yo:20px;\"\n\t\t\t\t\t\t\t\tdata-text=\"w:normal;s:20,20,20,7;l:0,0,0,9;\"\n\t\t\t\t\t\t\t\tdata-dim=\"w:20px,20px,20px,30px;h:20px,20px,20px,30px;\"\n\t\t\t\t\t\t\t\tdata-actions='o:click;a:pauseslider;'\n\t\t\t\t\t\t\t\tdata-svg_src=\"\/\/www.valcucine.com\/wp-content\/uploads\/revslider\/svg\/objects\/svgcustom\/circle-pause.svg\"\n\t\t\t\t\t\t\t\tdata-svgi=\"oc:t;\"\n\t\t\t\t\t\t\t\tdata-basealign=\"slide\"\n\t\t\t\t\t\t\t\tdata-onslides=\"s:1;\"\n\t\t\t\t\t\t\t\tdata-frame_999=\"o:0;st:w;\"\n\t\t\t\t\t\t\t\tstyle=\"z-index:8;font-family:'Roboto';\"\n\t\t\t\t\t\t\t> \n\t\t\t\t\t\t\t<\/rs-layer><!--\n\t\t\t\t\t--><\/rs-static-layers>\n\t\t\t\t<\/rs-module>\n\t\t\t\t<script>\n\t\t\t\t\tsetREVStartSize({c: 'rev_slider_27_1',rl:[1240,1240,1240,480],el:[568.984,568.984,568.984,480],gw:[1240,1240,1240,480],gh:[569,569,569,480],type:'standard',justify:'',layout:'fullscreen',offsetContainer:'#slider__height',offset:'0px',mh:\"0\"});if (window.RS_MODULES!==undefined && window.RS_MODULES.modules!==undefined && window.RS_MODULES.modules[\"revslider271\"]!==undefined) {window.RS_MODULES.modules[\"revslider271\"].once = false;window.revapi27 = undefined;if (window.RS_MODULES.checkMinimal!==undefined) window.RS_MODULES.checkMinimal()}\n\t\t\t\t<\/script>\n\t\t\t<\/rs-module-wrap>\n\t\t\t<!-- END REVOLUTION SLIDER -->\n[\/vc_column][\/vc_row][vc_row full_width=\u00bbstretch_row_content_no_spaces\u00bb][vc_column]<div class='sticky__subslider d-none d-lg-block'><div class='sticky__subslider__wrapper container'><div class='sticky__subslider__wrapper__left'><span class='sticky__subslider__title'>La investigaci\u00f3n ergon\u00f3mica:<\/span><\/div><div class='sticky__subslider__wrapper__right'><a href='https:\/\/www.valcucine.com\/store-locator\/' target='' rel=''><span>DISTRUBUIDOR FIND<\/span><\/a><\/div><\/div><\/div>[\/vc_column][\/vc_row][vc_row el_class=\u00bbpt-6&#8243; css=\u00bb.vc_custom_1710855817333{padding-top: 40px !important;}\u00bb][vc_column]\n        \n        <h1 class=\"text-center  main__title__h1  \" style=\"color:#333333;\"> \n\n         La investigaci\u00f3n ergon\u00f3mica\n        \n        <\/h1>[\/vc_column][\/vc_row][vc_row css=\u00bb.vc_custom_1710855789008{margin-top: 10px !important;}\u00bb][vc_column css=\u00bb.vc_custom_1710767731304{padding-bottom: 30px !important;}\u00bb]\n        \n        <h2 class=\"text-center  main__title__h2  vc_custom_1717581902354 \" style=\"color:#333333;\"> \n\n         La ergonom\u00eda en la cocina\n        \n        <\/h2>[vc_column_text]Valcucine siempre se ha distinguido por su atenci\u00f3n a las personas y a su bienestar a trav\u00e9s de la investigaci\u00f3n de soluciones que mejoran la interacci\u00f3n diaria con la cocina. Aqu\u00ed es donde entra en juego el concepto de ergonom\u00eda, sobre el que Valcucine, muy adelantado a su tiempo, ha desarrollado numerosos estudios, analizando el uso de las cocinas tradicionales y examinando en profundidad las sugerencias de los detallistas y dise\u00f1adores. Esto ha llevado al desarrollo de importantes soluciones destinadas a revolucionar el concepto de espacio y a dise\u00f1ar nuevas experiencias para el usuario en la cocina.[\/vc_column_text][\/vc_column][\/vc_row][vc_row][vc_column css=\u00bb.vc_custom_1710767731304{padding-bottom: 30px !important;}\u00bb]\n        \n        <h4 class=\"text-start  main__title__h4  vc_custom_1717581932546 \" style=\"color:#333333;\"> \n\n         Altura y profundidad\n        \n        <\/h4>[vc_row_inner][vc_column_inner][vc_column_text]Las cocinas de Valcucine se adaptan perfectamente a las necesidades y exigencias de las personas: las alturas y profundidades est\u00e1n dise\u00f1adas para optimizar la visibilidad y simplificar todos los gestos, desde el acceso a los muebles altos hasta el agarre de las puertas.[\/vc_column_text][\/vc_column_inner][\/vc_row_inner][\/vc_column][\/vc_row][vc_row][vc_column width=\u00bb1\/2&#8243; css=\u00bb.vc_custom_1710767731304{padding-bottom: 30px !important;}\u00bb][vc_single_image image=\u00bb5497&#8243; img_size=\u00bb750&#215;285&#8243; alignment=\u00bbcenter\u00bb][\/vc_column][vc_column width=\u00bb1\/2&#8243;]\n        \n        <h4 class=\"text-start  main__title__h4  vc_custom_1717581957586 \" style=\"color:#333333;\"> \n\n         Altura de la encimera\n        \n        <\/h4>[vc_row_inner][vc_column_inner][vc_column_text]Trabajar de pie frente a una encimera demasiado baja o demasiado alta obliga a adoptar posturas incorrectas que, a la larga, pueden tener consecuencias para nuestra salud. Valcucine propone diferentes alturas de encimeras en funci\u00f3n de la estatura de las personas. Es importante decidir esta altura de antemano, ya que tambi\u00e9n determina la posici\u00f3n de los enchufes, los muebles altos y el hueco de la campana.[\/vc_column_text][\/vc_column_inner][\/vc_row_inner][\/vc_column][\/vc_row][vc_row][vc_column width=\u00bb1\/2&#8243; css=\u00bb.vc_custom_1710767731304{padding-bottom: 30px !important;}\u00bb][vc_single_image image=\u00bb5520&#8243; img_size=\u00bb300&#215;309&#8243; alignment=\u00bbcenter\u00bb][\/vc_column][vc_column width=\u00bb1\/2&#8243;]\n        \n        <h4 class=\"text-start  main__title__h4  vc_custom_1717581983003 \" style=\"color:#333333;\"> \n\n         Profundidad de la encimera y altura del colgante\n        \n        <\/h4>[vc_row_inner][vc_column_inner][vc_column_text]Un colgante tradicional suele colocarse a una altura que impide la visi\u00f3n completa de los objetos colocados en la balda de arriba, lo que dificulta su uso, sobre todo para laspersonas de estatura baja. Las profundidades P65 y P80 permiten apartarse de los colgantes y bajarlos, dej\u00e1ndolos m\u00e1s visibles y accesibles a la vez que aumentan el espacio delante de ellos.[\/vc_column_text][\/vc_column_inner][\/vc_row_inner][\/vc_column][\/vc_row][vc_row][vc_column width=\u00bb1\/2&#8243; css=\u00bb.vc_custom_1710767731304{padding-bottom: 30px !important;}\u00bb][vc_single_image image=\u00bb5503&#8243; img_size=\u00bb300&#215;300&#8243; alignment=\u00bbcenter\u00bb][\/vc_column][vc_column width=\u00bb1\/2&#8243;][vc_row_inner][vc_column_inner][vc_column_text]Con la profundidad tradicional P60, a pesar de la mayor altura de la trasera, el colgante transmite una sensaci\u00f3n cerrada y obstaculiza la visi\u00f3n de la encimera durante la preparaci\u00f3n de las comidas. Las profundidades P65 y P80 ofrecen la posibilidad de trabajar en un espacio m\u00e1s abierto, lejos de bordes y colgantes. De esta manera se elimina la sensaci\u00f3n de constricci\u00f3n, lo que proporciona una mayor libertad de movimiento y mejora la visi\u00f3n de la encimera, que se aprovecha en toda su superficie.[\/vc_column_text][\/vc_column_inner][\/vc_row_inner][\/vc_column][\/vc_row][vc_row][vc_column width=\u00bb1\/2&#8243; css=\u00bb.vc_custom_1710767731304{padding-bottom: 30px !important;}\u00bb][vc_row_inner][vc_column_inner][vc_single_image image=\u00bb5525&#8243; img_size=\u00bb780&#215;257&#8243; alignment=\u00bbcenter\u00bb][\/vc_column_inner][\/vc_row_inner][\/vc_column][vc_column width=\u00bb1\/2&#8243;]\n        \n        <h4 class=\"text-start  main__title__h4  vc_custom_1717582030442 \" style=\"color:#333333;\"> \n\n         La evoluci\u00f3n de la ergonom\u00eda\n        \n        <\/h4>[vc_column_text]Adem\u00e1s de trabajar en la correcta posici\u00f3n del colgante en relaci\u00f3n con la altura y profundidad de la encimera, el estudio del proyecto orientado a mejorar el bienestar de las personas a trav\u00e9s de la ergonom\u00eda ha llevado al desarrollo de los Elementos Especiales, dise\u00f1ados para favorecer la m\u00e1xima libertad de movimiento en la cocina, regalando nuevas experiencias de uso. \u00abTener todo al alcance de la mano, todo en orden en un instante\u00bb, principio rector de Valcucine, se traduce en un espacio funcional que se adapta a las necesidades de la persona en su continua evoluci\u00f3n.<\/p>\n<p>Logica Theca ha introducido una revolucionaria ergonom\u00eda cambiando la profundidad de la cocina de P65 a P80. Es un canal equipado perfectamente integrable en la encimera, en cuyo interior se proponen los principales instrumentos de trabajo, garantizando un acceso inmediato y una visibilidad total de todo lo que contiene. Al aumentar la profundidad total de la cocina a P96, es posible crear una aut\u00e9ntica pared equipada que se desarrolla desde la encimera, en la que se adosa el canal equipado, hasta la altura m\u00e1xima del colgante.<\/p>\n<p>Con New Logica, cada funci\u00f3n encuentra su posici\u00f3n correcta, aprovechando todo el espacio \u00fatil de la cocina. La profundidad P96 permite una mayor evoluci\u00f3n: el colgante se apoya en la encimera. As\u00ed nace Air Logica, que une la facilidad de acceso a la zona equipada con la m\u00e1xima disponibilidad de almacenamiento de los muebles bajos.[\/vc_column_text][\/vc_column][\/vc_row][vc_row][vc_column css=\u00bb.vc_custom_1710770268828{padding-top: 40px !important;}\u00bb][vc_separator color=\u00bbcustom\u00bb el_width=\u00bb10&#8243; accent_color=\u00bb#666666&#8243;][\/vc_column][\/vc_row][vc_row css=\u00bb.vc_custom_1710855924464{margin-bottom: 40px !important;}\u00bb][vc_column css=\u00bb.vc_custom_1710770277740{padding-bottom: 40px !important;}\u00bb]<div class='menu__page'><a href='https:\/\/www.valcucine.com\/store-locator\/' target='' rel=''>DISTRIBUIDOR FIND<\/a><\/div>[\/vc_column][\/vc_row]<\/p>\n<\/div>","protected":false},"excerpt":{"rendered":"<p>[vc_row][vc_column][\/vc_column][\/vc_row][vc_row full_width=\u00bbstretch_row_content_no_spaces\u00bb][vc_column][\/vc_column][\/vc_row][vc_row el_class=\u00bbpt-6&#8243; css=\u00bb.vc_custom_1710855817333{padding-top: 40px !important;}\u00bb][vc_column][\/vc_column][\/vc_row][vc_row css=\u00bb.vc_custom_1710855789008{margin-top: 10px !important;}\u00bb][vc_column css=\u00bb.vc_custom_1710767731304{padding-bottom: 30px !important;}\u00bb][vc_column_text]Valcucine siempre se ha distinguido por su atenci\u00f3n a las personas y a su bienestar a trav\u00e9s de la investigaci\u00f3n de soluciones que mejoran la interacci\u00f3n diaria con la cocina. Aqu\u00ed es donde entra en juego el concepto de ergonom\u00eda, sobre el que Valcucine, [&hellip;]<\/p>\n","protected":false},"author":1,"featured_media":0,"parent":14784,"menu_order":0,"comment_status":"closed","ping_status":"closed","template":"","meta":{"footnotes":""},"class_list":["post-14864","page","type-page","status-publish","hentry"],"yoast_head":"<!-- This site is optimized with the Yoast SEO plugin v26.2 - https:\/\/yoast.com\/wordpress\/plugins\/seo\/ -->\n<title>La investigaci\u00f3n ergon\u00f3mica - Valcucine<\/title>\n<meta name=\"description\" content=\"Las cocinas de Valcucine se adaptan perfectamente a las necesidades y exigencias de las personas.\" \/>\n<meta name=\"robots\" content=\"index, follow, max-snippet:-1, max-image-preview:large, max-video-preview:-1\" \/>\n<link rel=\"canonical\" href=\"https:\/\/www.valcucine.com\/es\/elementos-caractersticos\/la-evolucin-de-la-ergonoma\/\" \/>\n<meta property=\"og:locale\" content=\"es_ES\" \/>\n<meta property=\"og:type\" content=\"article\" \/>\n<meta property=\"og:title\" content=\"La investigaci\u00f3n ergon\u00f3mica - Valcucine\" \/>\n<meta property=\"og:description\" content=\"Las cocinas de Valcucine se adaptan perfectamente a las necesidades y exigencias de las personas.\" \/>\n<meta property=\"og:url\" content=\"https:\/\/www.valcucine.com\/es\/elementos-caractersticos\/la-evolucin-de-la-ergonoma\/\" \/>\n<meta property=\"og:site_name\" content=\"Valcucine\" \/>\n<meta property=\"article:publisher\" content=\"https:\/\/www.facebook.com\/valcucine\/\" \/>\n<meta property=\"article:modified_time\" content=\"2025-03-14T11:07:55+00:00\" \/>\n<meta name=\"twitter:card\" content=\"summary_large_image\" \/>\n<meta name=\"twitter:label1\" content=\"Tiempo de lectura\" \/>\n\t<meta name=\"twitter:data1\" content=\"4 minutos\" \/>\n<script type=\"application\/ld+json\" class=\"yoast-schema-graph\">{\"@context\":\"https:\/\/schema.org\",\"@graph\":[{\"@type\":\"WebPage\",\"@id\":\"https:\/\/www.valcucine.com\/es\/elementos-caractersticos\/la-evolucin-de-la-ergonoma\/\",\"url\":\"https:\/\/www.valcucine.com\/es\/elementos-caractersticos\/la-evolucin-de-la-ergonoma\/\",\"name\":\"La investigaci\u00f3n ergon\u00f3mica - Valcucine\",\"isPartOf\":{\"@id\":\"https:\/\/www.valcucine.com\/#website\"},\"datePublished\":\"2024-03-18T13:27:49+00:00\",\"dateModified\":\"2025-03-14T11:07:55+00:00\",\"description\":\"Las cocinas de Valcucine se adaptan perfectamente a las necesidades y exigencias de las personas.\",\"breadcrumb\":{\"@id\":\"https:\/\/www.valcucine.com\/es\/elementos-caractersticos\/la-evolucin-de-la-ergonoma\/#breadcrumb\"},\"inLanguage\":\"es\",\"potentialAction\":[{\"@type\":\"ReadAction\",\"target\":[\"https:\/\/www.valcucine.com\/es\/elementos-caractersticos\/la-evolucin-de-la-ergonoma\/\"]}]},{\"@type\":\"BreadcrumbList\",\"@id\":\"https:\/\/www.valcucine.com\/es\/elementos-caractersticos\/la-evolucin-de-la-ergonoma\/#breadcrumb\",\"itemListElement\":[{\"@type\":\"ListItem\",\"position\":1,\"name\":\"Valcucine\",\"item\":\"https:\/\/www.valcucine.com\/es\/\"},{\"@type\":\"ListItem\",\"position\":2,\"name\":\"Elementos caracter\u00ecsticos\",\"item\":\"https:\/\/www.valcucine.com\/es\/elementos-caractersticos\/\"},{\"@type\":\"ListItem\",\"position\":3,\"name\":\"La investigaci\u00f3n ergon\u00f3mica\"}]},{\"@type\":\"WebSite\",\"@id\":\"https:\/\/www.valcucine.com\/#website\",\"url\":\"https:\/\/www.valcucine.com\/\",\"name\":\"Valcucine\",\"description\":\"\",\"publisher\":{\"@id\":\"https:\/\/www.valcucine.com\/#organization\"},\"potentialAction\":[{\"@type\":\"SearchAction\",\"target\":{\"@type\":\"EntryPoint\",\"urlTemplate\":\"https:\/\/www.valcucine.com\/?s={search_term_string}\"},\"query-input\":{\"@type\":\"PropertyValueSpecification\",\"valueRequired\":true,\"valueName\":\"search_term_string\"}}],\"inLanguage\":\"es\"},{\"@type\":\"Organization\",\"@id\":\"https:\/\/www.valcucine.com\/#organization\",\"name\":\"Valcucine\",\"url\":\"https:\/\/www.valcucine.com\/\",\"logo\":{\"@type\":\"ImageObject\",\"inLanguage\":\"es\",\"@id\":\"https:\/\/www.valcucine.com\/#\/schema\/logo\/image\/\",\"url\":\"https:\/\/www.valcucine.com\/wp-content\/uploads\/2024\/02\/logo-valcucine.webp?wsr\",\"contentUrl\":\"https:\/\/www.valcucine.com\/wp-content\/uploads\/2024\/02\/logo-valcucine.webp?wsr\",\"width\":288,\"height\":46,\"caption\":\"Valcucine\"},\"image\":{\"@id\":\"https:\/\/www.valcucine.com\/#\/schema\/logo\/image\/\"},\"sameAs\":[\"https:\/\/www.facebook.com\/valcucine\/\",\"https:\/\/www.instagram.com\/valcucine\/\",\"https:\/\/www.linkedin.com\/company\/valcucine\"]}]}<\/script>\n<!-- \/ Yoast SEO plugin. -->","yoast_head_json":{"title":"La investigaci\u00f3n ergon\u00f3mica - Valcucine","description":"Las cocinas de Valcucine se adaptan perfectamente a las necesidades y exigencias de las personas.","robots":{"index":"index","follow":"follow","max-snippet":"max-snippet:-1","max-image-preview":"max-image-preview:large","max-video-preview":"max-video-preview:-1"},"canonical":"https:\/\/www.valcucine.com\/es\/elementos-caractersticos\/la-evolucin-de-la-ergonoma\/","og_locale":"es_ES","og_type":"article","og_title":"La investigaci\u00f3n ergon\u00f3mica - Valcucine","og_description":"Las cocinas de Valcucine se adaptan perfectamente a las necesidades y exigencias de las personas.","og_url":"https:\/\/www.valcucine.com\/es\/elementos-caractersticos\/la-evolucin-de-la-ergonoma\/","og_site_name":"Valcucine","article_publisher":"https:\/\/www.facebook.com\/valcucine\/","article_modified_time":"2025-03-14T11:07:55+00:00","twitter_card":"summary_large_image","twitter_misc":{"Tiempo de lectura":"4 minutos"},"schema":{"@context":"https:\/\/schema.org","@graph":[{"@type":"WebPage","@id":"https:\/\/www.valcucine.com\/es\/elementos-caractersticos\/la-evolucin-de-la-ergonoma\/","url":"https:\/\/www.valcucine.com\/es\/elementos-caractersticos\/la-evolucin-de-la-ergonoma\/","name":"La investigaci\u00f3n ergon\u00f3mica - Valcucine","isPartOf":{"@id":"https:\/\/www.valcucine.com\/#website"},"datePublished":"2024-03-18T13:27:49+00:00","dateModified":"2025-03-14T11:07:55+00:00","description":"Las cocinas de Valcucine se adaptan perfectamente a las necesidades y exigencias de las personas.","breadcrumb":{"@id":"https:\/\/www.valcucine.com\/es\/elementos-caractersticos\/la-evolucin-de-la-ergonoma\/#breadcrumb"},"inLanguage":"es","potentialAction":[{"@type":"ReadAction","target":["https:\/\/www.valcucine.com\/es\/elementos-caractersticos\/la-evolucin-de-la-ergonoma\/"]}]},{"@type":"BreadcrumbList","@id":"https:\/\/www.valcucine.com\/es\/elementos-caractersticos\/la-evolucin-de-la-ergonoma\/#breadcrumb","itemListElement":[{"@type":"ListItem","position":1,"name":"Valcucine","item":"https:\/\/www.valcucine.com\/es\/"},{"@type":"ListItem","position":2,"name":"Elementos caracter\u00ecsticos","item":"https:\/\/www.valcucine.com\/es\/elementos-caractersticos\/"},{"@type":"ListItem","position":3,"name":"La investigaci\u00f3n ergon\u00f3mica"}]},{"@type":"WebSite","@id":"https:\/\/www.valcucine.com\/#website","url":"https:\/\/www.valcucine.com\/","name":"Valcucine","description":"","publisher":{"@id":"https:\/\/www.valcucine.com\/#organization"},"potentialAction":[{"@type":"SearchAction","target":{"@type":"EntryPoint","urlTemplate":"https:\/\/www.valcucine.com\/?s={search_term_string}"},"query-input":{"@type":"PropertyValueSpecification","valueRequired":true,"valueName":"search_term_string"}}],"inLanguage":"es"},{"@type":"Organization","@id":"https:\/\/www.valcucine.com\/#organization","name":"Valcucine","url":"https:\/\/www.valcucine.com\/","logo":{"@type":"ImageObject","inLanguage":"es","@id":"https:\/\/www.valcucine.com\/#\/schema\/logo\/image\/","url":"https:\/\/www.valcucine.com\/wp-content\/uploads\/2024\/02\/logo-valcucine.webp?wsr","contentUrl":"https:\/\/www.valcucine.com\/wp-content\/uploads\/2024\/02\/logo-valcucine.webp?wsr","width":288,"height":46,"caption":"Valcucine"},"image":{"@id":"https:\/\/www.valcucine.com\/#\/schema\/logo\/image\/"},"sameAs":["https:\/\/www.facebook.com\/valcucine\/","https:\/\/www.instagram.com\/valcucine\/","https:\/\/www.linkedin.com\/company\/valcucine"]}]}},"_links":{"self":[{"href":"https:\/\/www.valcucine.com\/es\/wp-json\/wp\/v2\/pages\/14864","targetHints":{"allow":["GET"]}}],"collection":[{"href":"https:\/\/www.valcucine.com\/es\/wp-json\/wp\/v2\/pages"}],"about":[{"href":"https:\/\/www.valcucine.com\/es\/wp-json\/wp\/v2\/types\/page"}],"author":[{"embeddable":true,"href":"https:\/\/www.valcucine.com\/es\/wp-json\/wp\/v2\/users\/1"}],"replies":[{"embeddable":true,"href":"https:\/\/www.valcucine.com\/es\/wp-json\/wp\/v2\/comments?post=14864"}],"version-history":[{"count":2,"href":"https:\/\/www.valcucine.com\/es\/wp-json\/wp\/v2\/pages\/14864\/revisions"}],"predecessor-version":[{"id":14866,"href":"https:\/\/www.valcucine.com\/es\/wp-json\/wp\/v2\/pages\/14864\/revisions\/14866"}],"up":[{"embeddable":true,"href":"https:\/\/www.valcucine.com\/es\/wp-json\/wp\/v2\/pages\/14784"}],"wp:attachment":[{"href":"https:\/\/www.valcucine.com\/es\/wp-json\/wp\/v2\/media?parent=14864"}],"curies":[{"name":"wp","href":"https:\/\/api.w.org\/{rel}","templated":true}]}}