{"id":14892,"date":"2024-03-12T13:24:38","date_gmt":"2024-03-12T13:24:38","guid":{"rendered":"https:\/\/devel.valcucine.com\/servicio-al-cliente\/garanta\/garanzia-prodotto\/"},"modified":"2025-06-04T14:01:50","modified_gmt":"2025-06-04T14:01:50","slug":"garantias-productos","status":"publish","type":"page","link":"https:\/\/www.valcucine.com\/es\/servicio-al-cliente\/garanta\/garantias-productos\/","title":{"rendered":"GARANT\u00cdA DE 2 A\u00d1OS"},"content":{"rendered":"<div class=\"wpb-content-wrapper\"><p>[vc_row][vc_column]\n        \n        <h1 class=\"text-center  main__title__h1  vc_custom_1717589363364 \" style=\"color:#333333;\"> \n\n         GARANT\u00cdA DE 2 A\u00d1OS\n        \n        <\/h1>[\/vc_column][\/vc_row][vc_row][vc_column]\n        \n        <h2 class=\"text-start  main__title__h2  vc_custom_1717589378803 \" style=\"color:#333333;\"> \n\n         Condiciones generales de garant\u00eda convencional para los consumidores\n        \n        <\/h2>[vc_column_text]Las garant\u00edas para los productos Valcucine son expedidas por Valcucine S.p.A., con domicilio legal en Via L. Savio n. 11, 33170 Pordenone, Italia, inscrita en el Registro Mercantil de Pordenone, n\u00famero de registro y C.I.F. 00407160936 (en adelante \u201cValcucine\u201d), salvo las obligaciones legales a cargo del Distribuidor.<\/p>\n<p>1) Duraci\u00f3n<br \/>\nLa garant\u00eda tiene una duraci\u00f3n de 2 (dos) a\u00f1os a partir de la fecha de compra\/ entrega de los productos al primer comprador, que debe ser comprobada exhibiendo la factura o el resguardo fiscal. Las operaciones eventuales en garant\u00eda no aplazar\u00e1n la duraci\u00f3n de la garant\u00eda.<\/p>\n<p>2) Uso de los productos<br \/>\nLa garant\u00eda, por las caracter\u00edsticas constructivas de los productos, se presta s\u00f3lo en caso de uso de los productos para objetivos y fines dom\u00e9sticos, por tanto excluyendo el uso para finalidades profesionales e\/o industriales.<\/p>\n<p>3) Exclusiones<br \/>\n3.1 Quedan expresamente excluidos de la garant\u00eda: electrodom\u00e9sticos, fregaderos, mezcladores, sistemas de alumbrado y cualquier otro accesorio no producido por Valcucine. Por tanto el consumidor, en caso de desperfectos en dichos aparatos o da\u00f1os causados por dichos aparatos, tendr\u00e1 que dirigirse directamente al fabricante correspondiente, conforme a las condiciones de garant\u00eda dispuestas para dichos aparatos por el fabricante.<\/p>\n<p>3.2 Adem\u00e1s queda excluido de la garant\u00eda lo siguiente:<br \/>\n\u2212\u00a0\u00a0\u00a0\u00a0\u00a0\u00a0\u00a0\u00a0\u00a0 deterioro normal de los componentes<br \/>\n\u2212\u00a0\u00a0\u00a0\u00a0\u00a0\u00a0\u00a0\u00a0\u00a0 da\u00f1os debidos al incumplimiento de las normas de mantenimiento y limpieza o de las instrucciones del manual de uso<br \/>\n\u2212\u00a0\u00a0\u00a0\u00a0\u00a0\u00a0\u00a0\u00a0\u00a0 da\u00f1os debidos a uso impropio del producto<br \/>\n\u2212\u00a0\u00a0\u00a0\u00a0\u00a0\u00a0\u00a0\u00a0\u00a0 golpes<br \/>\n\u2212\u00a0\u00a0\u00a0\u00a0\u00a0\u00a0\u00a0\u00a0\u00a0 discrepancias crom\u00e1ticas entre las muestras ense\u00f1adas al acto de la compra y el producto entregado<br \/>\n\u2212\u00a0\u00a0\u00a0\u00a0\u00a0\u00a0\u00a0\u00a0\u00a0 variaciones en la tonalidad por efecto del tiempo (por ejemplo en la madera, en las superficies lacadas, etc.)<br \/>\n\u2212\u00a0\u00a0\u00a0\u00a0\u00a0\u00a0\u00a0\u00a0\u00a0 variaciones en las medidas por el mudado equilibrio humedad-ambiente<br \/>\n\u2212\u00a0\u00a0\u00a0\u00a0\u00a0\u00a0\u00a0\u00a0\u00a0 da\u00f1os consiguientes a montaje incorrecto<br \/>\n\u2212\u00a0\u00a0\u00a0\u00a0\u00a0\u00a0\u00a0\u00a0\u00a0 da\u00f1os debidos a instalaci\u00f3n de accesorios y repuestos no originales<br \/>\n\u2212\u00a0\u00a0\u00a0\u00a0\u00a0\u00a0\u00a0\u00a0\u00a0 da\u00f1os causados por repaciones efectuadas por personal no autorizado<br \/>\n\u2212\u00a0\u00a0\u00a0\u00a0\u00a0\u00a0\u00a0\u00a0\u00a0 manejo de los productos<br \/>\n\u2212\u00a0\u00a0\u00a0\u00a0\u00a0\u00a0\u00a0\u00a0\u00a0 da\u00f1os debidos a instalaciones el\u00e9ctrica y de alimentaci\u00f3n inadecuadas.<\/p>\n<p>3.3 Por lo que respecta a las piezas de cristal, la garant\u00eda prev\u00e9 la sustituci\u00f3n de estas piezas en caso de rotura total (a\u00f1icos). Por tanto no est\u00e1n cubiertos por la garant\u00eda los eventuales ara\u00f1azos o descascarillados o astilladuras de las piezas de cristal. El cristal es templado, pero los golpes eventuales con objetos de igual o mayor dureza (por ejemplo la cer\u00e1mica) podr\u00edan causar descascarillados o astilladuras. Tambi\u00e9n quedan excluidas de la cubertura las roturas totales debidas a los acontecimientos indicados en el precedente apartado 3.2, en especial incluyendo los casos de golpes, choques y uso impropio de las piezas de cristal (por ejemplo carga excesiva).<\/p>\n<p>4) Alcance territorial<br \/>\nLa presente garant\u00eda es v\u00e1lida en cualquier pa\u00eds del mundo.<\/p>\n<p>5) Solicitud de operaci\u00f3n en garant\u00eda<br \/>\nLa solicitud de reparaci\u00f3n en garant\u00eda se debe hacer \u00fanicamente por escrito y remitir al Distribuidor donde se hayan adquirido los productos, indicando la raz\u00f3n de la reclamaci\u00f3n y adjuntando, a ser posible, la documentaci\u00f3n fotogr\u00e1fica correspondiente. Si el Distribuidor donde se han adquirido los productos hubiera dejado de ser un Distri- buidor autorizado Valcucine, el consumidor podr\u00e1 dirigirse a otro Distribuidor autorizado pr\u00f3ximo a su domicilio.<\/p>\n<p>La lista de Distribuidores Autorizados est\u00e1 disponible en este enlace\u00a0www.valcucine.com\/es\/store-locator\/<\/p>\n<p>El consumidor deber\u00e1 notificar a Valcucine en el plazo de veinte d\u00edas despu\u00e9s de detectarlo, el defecto en el producto o el da\u00f1o producido; a la reclamaci\u00f3n deber\u00e1 adjuntarse la fotocopia de la factura de compra o del resguardo fiscal y posiblemente unas fotos.<\/p>\n<p>6) Modalidad de la reparaci\u00f3n en garant\u00eda<br \/>\nEn ning\u00fan caso las reparaciones en garant\u00eda podr\u00e1n ser efectuadas por Distribuidores no autorizados.El consumidor podr\u00e1 solicitar, a su elecci\u00f3n, la reparaci\u00f3n del producto o su sustituci\u00f3n sin gastos en ambos casos.<\/p>\n<p>Si la opci\u00f3n elegida fuera objetivamente imposible o, seg\u00fan el criterio de Valcucine, demasiado onerosa en comparaci\u00f3n con la otra, esta \u00faltima primero examinar\u00e1 la oportunidad de reparar el bien, si fuera posible y si el coste del saneamiento no resultara desproporcionado en comparaci\u00f3n con el valor y precio de compra del producto. Si el coste de las reparaciones resultara desproporcionado, Valcucine se har\u00e1 cargo de sustituir el producto, en tal caso Valcucine y\/o el Distribuidor podr\u00e1n retirar el producto sustituido, que pasar\u00e1 a ser propiedad de \u00e9stos. Valcucine podr\u00e1 sustituir el producto defectuoso por un modelo m\u00e1s reciente de igual calidad y rendimiento, si compatible.<\/p>\n<p>Los saneamientos ser\u00e1n efectuados en un plazo razonable despu\u00e9s de la solicitud (con la documentaci\u00f3n adjunta), determinado seg\u00fan el criterio de Valcucine.<\/p>\n<p>Para las operaciones en garant\u00eda fuera de Italia, pero en los pa\u00edses de la Uni\u00f3n Europea, Valcucine cargar\u00e1 con los gastos de transporte del material de sustituci\u00f3n hasta el almac\u00e9n del Distribuidor autorizado donde el consumidor haya comprado los productos, corriendo a cargo del consumidor los dem\u00e1s gastos de transporte.<\/p>\n<p>Para las operaciones en garant\u00eda en pa\u00edses fuera de la Uni\u00f3n Europea, Valcucine pondr\u00e1 a la disposici\u00f3n el material franco f\u00e1brica, por tanto el transporte correr\u00e1 a cargo del consumidor y\/o Distribuidor donde se haya comprado el producto.<\/p>\n<p>7) Informativa sobre la privacidad<br \/>\nCon arreglo al D. Lgs. n. 196\/2003 \u201cC\u00f3digo en materia de protecci\u00f3n de los datos personales\u201d y sucesivas modificaciones e integraciones (en adelante \u201cPol\u00edtica de privacidad\u201d) el tratamiento de los datos personales del consumidor, recogidos por Valcucine, titular del tratamiento, se efect\u00faa tanto por medios electr\u00f3nicos y automatizados como manuales, adoptando las oportunas medidas de seguridad para la protecci\u00f3n y privacidad de los datos y \u00fanicamente para la ejecuci\u00f3n de las obligaciones contractuales o legales, a fin de que el consumidor pueda disfrutar de la presente garant\u00eda y agilizar la actuaci\u00f3n del centro de asistencia autorizado. Para estos fines la facilitaci\u00f3n de los datos es necesaria y el rechazo eventual a facilitar los datos solicitados al principio o durante la relaci\u00f3n contractual podr\u00e1 suponer la imposibilidad de Valcucine a ejecutar las prestaciones incluidas en la garant\u00eda a favor del consumidor.<\/p>\n<p>Los datos recogidos por Valcucine y\/o facilitados por el consumidor, recogidos y utilizados por Valcucine tambi\u00e9n por medios y procesos telem\u00e1ticos en cumplimiento de las normas de la Pol\u00edtica de privacidad, podr\u00e1n ser incorporados a una base de datos electr\u00f3nica o de otra naturaleza de propiedad de Valcucine para finalidades directamente relacionadas o cuyo objetivo es la actividad de Valcucine y el suministro y la gesti\u00f3n de servicios incluidos en la presente garant\u00eda.<\/p>\n<p>Los datos personales del consumidor podr\u00e1n ser comunicados o ponerse en co- nocimiento de las siguientes categor\u00edas de sujetos: sujetos a los cuales la posibilidad de acceso a los mismos datos sea otorgada por las disposiciones legales o los reglamentos; entidades de cr\u00e9dito para la gesti\u00f3n de cobros y pagos, entidades financieras, seguros e institutos de auditor\u00eda; sociedades de recuperaci\u00f3n de cr\u00e9ditos; estudios de asesor\u00eda legal, contable y fiscal: sociedades para el procesamiento de datos y servicios inform\u00e1ticos: sociedades que efect\u00faan el servicio postal; sociedades afiliadas, subsidiarias o matrices.<br \/>\nLos datos no ser\u00e1n nunca objeto de divulgaci\u00f3n, sin la autorizaci\u00f3n expresa del consumidor.<\/p>\n<p>Con relaci\u00f3n al tratamiento de los datos personales, conforme al art. 7 de la Pol\u00edtica de privacidad, el consumidor tiene derecho, entre otros, a obtener de Valcucine: a) la confirmaci\u00f3n de la existencia de datos personales que le conciernen y la comunicaci\u00f3n de los mismos de forma inteligible, adem\u00e1s de su origen y de las modalidades del trata- miento; b) la cancelaci\u00f3n, transformaci\u00f3n de forma an\u00f3nima o el bloqueo de los datos tra- tados que violen la ley; c) la actualizaci\u00f3n, la rectificaci\u00f3n o, cuando interese, la integraci\u00f3n de los datos.<\/p>\n<p>Adem\u00e1s el consumidor tiene derecho a oponerse, por motivos leg\u00edtimos, al tratamiento de datos personales que le conciernen.<\/p>\n<p>8) Ley aplicada y litigios<br \/>\nLa presente garant\u00eda y cualquier litigio tanto de car\u00e1cter contractual como extracontractual relacionado con los productos y\/o da\u00f1os derivados de los productos se regir\u00e1 por las leyes italianas.<br \/>\nTodos los litigios derivados de la interpretaci\u00f3n y\/o aplicaci\u00f3n de la presente garant\u00eda y\/o de reclamaciones por defectos relativos a la calidad del producto y\/o da\u00f1os causados por el producto, estar\u00e1n sujetos a la competencia exclusiva del Juzgado de Pordenone (Italia).<\/p>\n<p>9) Derechos inderogables<br \/>\nCon independencia de lo dispuesto en la presente garant\u00eda, el consumidor podr\u00e1 ejercitar los derechos y las facultades previstas por las leyes vigentes para la venta de bienes de consumo, que de ninguna manera ser\u00e1n perjudicados por las presentes condiciones generales.<\/p>\n<p>En el enlace\u00a0www.valcucine.com\/es\/servicios\/mantenimiento\u00a0encontrar\u00e1 una secci\u00f3n dedicada al mantenimiento, con consejos \u00fatiles para mantener su mobiliario de la mejor forma y en el tiempo.[\/vc_column_text][\/vc_column][\/vc_row][vc_row css=\u00bb.vc_custom_1710835507135{margin-bottom: 40px !important;}\u00bb][vc_column][vc_separator color=\u00bbcustom\u00bb el_width=\u00bb10&#8243; accent_color=\u00bb#666666&#8243;][\/vc_column][\/vc_row]<\/p>\n<\/div>","protected":false},"excerpt":{"rendered":"<p>[vc_row][vc_column][\/vc_column][\/vc_row][vc_row][vc_column][vc_column_text]Las garant\u00edas para los productos Valcucine son expedidas por Valcucine S.p.A., con domicilio legal en Via L. Savio n. 11, 33170 Pordenone, Italia, inscrita en el Registro Mercantil de Pordenone, n\u00famero de registro y C.I.F. 00407160936 (en adelante \u201cValcucine\u201d), salvo las obligaciones legales a cargo del Distribuidor. 1) Duraci\u00f3n La garant\u00eda tiene una duraci\u00f3n de [&hellip;]<\/p>\n","protected":false},"author":1,"featured_media":0,"parent":14885,"menu_order":0,"comment_status":"closed","ping_status":"closed","template":"","meta":{"footnotes":""},"class_list":["post-14892","page","type-page","status-publish","hentry"],"yoast_head":"<!-- This site is optimized with the Yoast SEO plugin v26.2 - https:\/\/yoast.com\/wordpress\/plugins\/seo\/ -->\n<title>GARANT\u00cdA DE 2 A\u00d1OS - Valcucine<\/title>\n<meta name=\"robots\" content=\"index, follow, max-snippet:-1, max-image-preview:large, max-video-preview:-1\" \/>\n<link rel=\"canonical\" href=\"https:\/\/www.valcucine.com\/es\/servicio-al-cliente\/garanta\/garantias-productos\/\" \/>\n<meta property=\"og:locale\" content=\"es_ES\" \/>\n<meta property=\"og:type\" content=\"article\" \/>\n<meta property=\"og:title\" content=\"GARANT\u00cdA DE 2 A\u00d1OS - Valcucine\" \/>\n<meta property=\"og:description\" content=\"[vc_row][vc_column][\/vc_column][\/vc_row][vc_row][vc_column][vc_column_text]Las garant\u00edas para los productos Valcucine son expedidas por Valcucine S.p.A., con domicilio legal en Via L. Savio n. 11, 33170 Pordenone, Italia, inscrita en el Registro Mercantil de Pordenone, n\u00famero de registro y C.I.F. 00407160936 (en adelante \u201cValcucine\u201d), salvo las obligaciones legales a cargo del Distribuidor. 1) Duraci\u00f3n La garant\u00eda tiene una duraci\u00f3n de [&hellip;]\" \/>\n<meta property=\"og:url\" content=\"https:\/\/www.valcucine.com\/es\/servicio-al-cliente\/garanta\/garantias-productos\/\" \/>\n<meta property=\"og:site_name\" content=\"Valcucine\" \/>\n<meta property=\"article:publisher\" content=\"https:\/\/www.facebook.com\/valcucine\/\" \/>\n<meta property=\"article:modified_time\" content=\"2025-06-04T14:01:50+00:00\" \/>\n<meta name=\"twitter:card\" content=\"summary_large_image\" \/>\n<meta name=\"twitter:label1\" content=\"Tiempo de lectura\" \/>\n\t<meta name=\"twitter:data1\" content=\"8 minutos\" \/>\n<script type=\"application\/ld+json\" class=\"yoast-schema-graph\">{\"@context\":\"https:\/\/schema.org\",\"@graph\":[{\"@type\":\"WebPage\",\"@id\":\"https:\/\/www.valcucine.com\/es\/servicio-al-cliente\/garanta\/garantias-productos\/\",\"url\":\"https:\/\/www.valcucine.com\/es\/servicio-al-cliente\/garanta\/garantias-productos\/\",\"name\":\"GARANT\u00cdA DE 2 A\u00d1OS - Valcucine\",\"isPartOf\":{\"@id\":\"https:\/\/www.valcucine.com\/#website\"},\"datePublished\":\"2024-03-12T13:24:38+00:00\",\"dateModified\":\"2025-06-04T14:01:50+00:00\",\"breadcrumb\":{\"@id\":\"https:\/\/www.valcucine.com\/es\/servicio-al-cliente\/garanta\/garantias-productos\/#breadcrumb\"},\"inLanguage\":\"es\",\"potentialAction\":[{\"@type\":\"ReadAction\",\"target\":[\"https:\/\/www.valcucine.com\/es\/servicio-al-cliente\/garanta\/garantias-productos\/\"]}]},{\"@type\":\"BreadcrumbList\",\"@id\":\"https:\/\/www.valcucine.com\/es\/servicio-al-cliente\/garanta\/garantias-productos\/#breadcrumb\",\"itemListElement\":[{\"@type\":\"ListItem\",\"position\":1,\"name\":\"Valcucine\",\"item\":\"https:\/\/www.valcucine.com\/es\/\"},{\"@type\":\"ListItem\",\"position\":2,\"name\":\"Servicios al cliente\",\"item\":\"https:\/\/www.valcucine.com\/es\/servicio-al-cliente\/\"},{\"@type\":\"ListItem\",\"position\":3,\"name\":\"Garant\u00eda Valcucine\",\"item\":\"https:\/\/www.valcucine.com\/es\/servicio-al-cliente\/garanta\/\"},{\"@type\":\"ListItem\",\"position\":4,\"name\":\"GARANT\u00cdA DE 2 A\u00d1OS\"}]},{\"@type\":\"WebSite\",\"@id\":\"https:\/\/www.valcucine.com\/#website\",\"url\":\"https:\/\/www.valcucine.com\/\",\"name\":\"Valcucine\",\"description\":\"\",\"publisher\":{\"@id\":\"https:\/\/www.valcucine.com\/#organization\"},\"potentialAction\":[{\"@type\":\"SearchAction\",\"target\":{\"@type\":\"EntryPoint\",\"urlTemplate\":\"https:\/\/www.valcucine.com\/?s={search_term_string}\"},\"query-input\":{\"@type\":\"PropertyValueSpecification\",\"valueRequired\":true,\"valueName\":\"search_term_string\"}}],\"inLanguage\":\"es\"},{\"@type\":\"Organization\",\"@id\":\"https:\/\/www.valcucine.com\/#organization\",\"name\":\"Valcucine\",\"url\":\"https:\/\/www.valcucine.com\/\",\"logo\":{\"@type\":\"ImageObject\",\"inLanguage\":\"es\",\"@id\":\"https:\/\/www.valcucine.com\/#\/schema\/logo\/image\/\",\"url\":\"https:\/\/www.valcucine.com\/wp-content\/uploads\/2024\/02\/logo-valcucine.webp?wsr\",\"contentUrl\":\"https:\/\/www.valcucine.com\/wp-content\/uploads\/2024\/02\/logo-valcucine.webp?wsr\",\"width\":288,\"height\":46,\"caption\":\"Valcucine\"},\"image\":{\"@id\":\"https:\/\/www.valcucine.com\/#\/schema\/logo\/image\/\"},\"sameAs\":[\"https:\/\/www.facebook.com\/valcucine\/\",\"https:\/\/www.instagram.com\/valcucine\/\",\"https:\/\/www.linkedin.com\/company\/valcucine\"]}]}<\/script>\n<!-- \/ Yoast SEO plugin. -->","yoast_head_json":{"title":"GARANT\u00cdA DE 2 A\u00d1OS - Valcucine","robots":{"index":"index","follow":"follow","max-snippet":"max-snippet:-1","max-image-preview":"max-image-preview:large","max-video-preview":"max-video-preview:-1"},"canonical":"https:\/\/www.valcucine.com\/es\/servicio-al-cliente\/garanta\/garantias-productos\/","og_locale":"es_ES","og_type":"article","og_title":"GARANT\u00cdA DE 2 A\u00d1OS - Valcucine","og_description":"[vc_row][vc_column][\/vc_column][\/vc_row][vc_row][vc_column][vc_column_text]Las garant\u00edas para los productos Valcucine son expedidas por Valcucine S.p.A., con domicilio legal en Via L. Savio n. 11, 33170 Pordenone, Italia, inscrita en el Registro Mercantil de Pordenone, n\u00famero de registro y C.I.F. 00407160936 (en adelante \u201cValcucine\u201d), salvo las obligaciones legales a cargo del Distribuidor. 1) Duraci\u00f3n La garant\u00eda tiene una duraci\u00f3n de [&hellip;]","og_url":"https:\/\/www.valcucine.com\/es\/servicio-al-cliente\/garanta\/garantias-productos\/","og_site_name":"Valcucine","article_publisher":"https:\/\/www.facebook.com\/valcucine\/","article_modified_time":"2025-06-04T14:01:50+00:00","twitter_card":"summary_large_image","twitter_misc":{"Tiempo de lectura":"8 minutos"},"schema":{"@context":"https:\/\/schema.org","@graph":[{"@type":"WebPage","@id":"https:\/\/www.valcucine.com\/es\/servicio-al-cliente\/garanta\/garantias-productos\/","url":"https:\/\/www.valcucine.com\/es\/servicio-al-cliente\/garanta\/garantias-productos\/","name":"GARANT\u00cdA DE 2 A\u00d1OS - Valcucine","isPartOf":{"@id":"https:\/\/www.valcucine.com\/#website"},"datePublished":"2024-03-12T13:24:38+00:00","dateModified":"2025-06-04T14:01:50+00:00","breadcrumb":{"@id":"https:\/\/www.valcucine.com\/es\/servicio-al-cliente\/garanta\/garantias-productos\/#breadcrumb"},"inLanguage":"es","potentialAction":[{"@type":"ReadAction","target":["https:\/\/www.valcucine.com\/es\/servicio-al-cliente\/garanta\/garantias-productos\/"]}]},{"@type":"BreadcrumbList","@id":"https:\/\/www.valcucine.com\/es\/servicio-al-cliente\/garanta\/garantias-productos\/#breadcrumb","itemListElement":[{"@type":"ListItem","position":1,"name":"Valcucine","item":"https:\/\/www.valcucine.com\/es\/"},{"@type":"ListItem","position":2,"name":"Servicios al cliente","item":"https:\/\/www.valcucine.com\/es\/servicio-al-cliente\/"},{"@type":"ListItem","position":3,"name":"Garant\u00eda Valcucine","item":"https:\/\/www.valcucine.com\/es\/servicio-al-cliente\/garanta\/"},{"@type":"ListItem","position":4,"name":"GARANT\u00cdA DE 2 A\u00d1OS"}]},{"@type":"WebSite","@id":"https:\/\/www.valcucine.com\/#website","url":"https:\/\/www.valcucine.com\/","name":"Valcucine","description":"","publisher":{"@id":"https:\/\/www.valcucine.com\/#organization"},"potentialAction":[{"@type":"SearchAction","target":{"@type":"EntryPoint","urlTemplate":"https:\/\/www.valcucine.com\/?s={search_term_string}"},"query-input":{"@type":"PropertyValueSpecification","valueRequired":true,"valueName":"search_term_string"}}],"inLanguage":"es"},{"@type":"Organization","@id":"https:\/\/www.valcucine.com\/#organization","name":"Valcucine","url":"https:\/\/www.valcucine.com\/","logo":{"@type":"ImageObject","inLanguage":"es","@id":"https:\/\/www.valcucine.com\/#\/schema\/logo\/image\/","url":"https:\/\/www.valcucine.com\/wp-content\/uploads\/2024\/02\/logo-valcucine.webp?wsr","contentUrl":"https:\/\/www.valcucine.com\/wp-content\/uploads\/2024\/02\/logo-valcucine.webp?wsr","width":288,"height":46,"caption":"Valcucine"},"image":{"@id":"https:\/\/www.valcucine.com\/#\/schema\/logo\/image\/"},"sameAs":["https:\/\/www.facebook.com\/valcucine\/","https:\/\/www.instagram.com\/valcucine\/","https:\/\/www.linkedin.com\/company\/valcucine"]}]}},"_links":{"self":[{"href":"https:\/\/www.valcucine.com\/es\/wp-json\/wp\/v2\/pages\/14892","targetHints":{"allow":["GET"]}}],"collection":[{"href":"https:\/\/www.valcucine.com\/es\/wp-json\/wp\/v2\/pages"}],"about":[{"href":"https:\/\/www.valcucine.com\/es\/wp-json\/wp\/v2\/types\/page"}],"author":[{"embeddable":true,"href":"https:\/\/www.valcucine.com\/es\/wp-json\/wp\/v2\/users\/1"}],"replies":[{"embeddable":true,"href":"https:\/\/www.valcucine.com\/es\/wp-json\/wp\/v2\/comments?post=14892"}],"version-history":[{"count":2,"href":"https:\/\/www.valcucine.com\/es\/wp-json\/wp\/v2\/pages\/14892\/revisions"}],"predecessor-version":[{"id":14894,"href":"https:\/\/www.valcucine.com\/es\/wp-json\/wp\/v2\/pages\/14892\/revisions\/14894"}],"up":[{"embeddable":true,"href":"https:\/\/www.valcucine.com\/es\/wp-json\/wp\/v2\/pages\/14885"}],"wp:attachment":[{"href":"https:\/\/www.valcucine.com\/es\/wp-json\/wp\/v2\/media?parent=14892"}],"curies":[{"name":"wp","href":"https:\/\/api.w.org\/{rel}","templated":true}]}}