{"id":14910,"date":"2024-03-12T13:57:53","date_gmt":"2024-03-12T13:57:53","guid":{"rendered":"https:\/\/devel.valcucine.com\/servicio-al-cliente\/mantenimiento-de-cocinas\/arenaria\/"},"modified":"2025-06-18T09:27:30","modified_gmt":"2025-06-18T09:27:30","slug":"areniscas","status":"publish","type":"page","link":"https:\/\/www.valcucine.com\/es\/servicio-al-cliente\/mantenimiento-de-cocinas\/areniscas\/","title":{"rendered":"Arenisca"},"content":{"rendered":"<div class=\"wpb-content-wrapper\"><p>[vc_row][vc_column]\n        \n        <h1 class=\"text-start  main__title__h1  vc_custom_1717590532935 \" style=\"color:#333333;\"> \n\n         Arenisca\n        \n        <\/h1>[\/vc_column][\/vc_row][vc_row][vc_column][vc_column_text]<strong>Pacific Grey<br \/>\nGris Imperial<br \/>\nPiedra del Cardoso<\/strong>[\/vc_column_text][\/vc_column][\/vc_row][vc_row][vc_column][vc_single_image image=\u00bb3885&#8243; img_size=\u00bb50&#215;50&#8243;][\/vc_column][\/vc_row][vc_row][vc_column][vc_column_text]Para la limpieza diaria se debe utilizar agua y jab\u00f3n neutro, enjabonando bien la superficie, enjuag\u00e1ndola y sec\u00e1ndola enseguida.<\/p>\n<p>S\u00f3lo ante las manchas de cal es posible limpiar la superficie con un pa\u00f1o suave mojado en vinagre o producto antical, enjuagando inmediatamente y secando con esmero.<\/p>\n<p>Para mantener en buenas condiciones la encimera, se recomienda siempre el uso de esponjas y pa\u00f1os suaves, no abrasivos.<\/p>\n<p>Se aconseja eliminar siempre las manchas eventuales en cuanto sea posible.[\/vc_column_text][\/vc_column][\/vc_row][vc_row][vc_column][vc_single_image image=\u00bb3891&#8243; img_size=\u00bb50&#215;50&#8243;][\/vc_column][\/vc_row][vc_row css=\u00bb.vc_custom_1710773327134{margin-bottom: 40px !important;}\u00bb][vc_column][vc_column_text]Tambi\u00e9n se tiene que evitar el contacto con sustancias particularmente coloreadas como el vino, la tinta, el caf\u00e9 etc. porque pueden producir manchas indelebles.<\/p>\n<p>Se debe evitar el uso de productos conteniendo amoniaco o lej\u00eda.<\/p>\n<p>Tampoco se debe utilizar lana met\u00e1lica, sustancias abrasivas ni detergentes en polvo que puedan rayar la superficie.[\/vc_column_text][\/vc_column][\/vc_row][vc_row][vc_column][vc_separator][\/vc_column][\/vc_row][vc_row][vc_column][vc_column_text]Las piedras naturales, por su naturaleza, presentan caracter\u00edsticas t\u00e9cnicas diferentes y pueden absorber de manera distinta las sustancias con las que entran en contacto, haci\u00e9ndolas propensas a mancharse. Debido a que pueden ser ligeramente absorbentes, Valcucine aplica un tratamiento especial hidr\u00f3fugo y ole\u00f3fugo en todas las superficies de piedra natural, aumentando su resistencia a las manchas. Para mantener la eficacia de este tratamiento, se recomienda aplicar al menos una vez al a\u00f1o un protector antimanchas transparente espec\u00edfico para piedra natural, disponible en nuestros distribuidores autorizados. Para cada tipo de piedra natural, le invitamos a consultar nuestras\u00a0<a href=\"https:\/\/www.valcucine.com\/es\/servicio-al-cliente\/mantenimiento-de-cocinas\/\">Pautas para el cuidado y la limpieza de las superficies<\/a>.[\/vc_column_text][\/vc_column][\/vc_row]<\/p>\n<\/div>","protected":false},"excerpt":{"rendered":"<p>[vc_row][vc_column][\/vc_column][\/vc_row][vc_row][vc_column][vc_column_text]Pacific Grey Gris Imperial Piedra del Cardoso[\/vc_column_text][\/vc_column][\/vc_row][vc_row][vc_column][vc_single_image image=\u00bb3885&#8243; img_size=\u00bb50&#215;50&#8243;][\/vc_column][\/vc_row][vc_row][vc_column][vc_column_text]Para la limpieza diaria se debe utilizar agua y jab\u00f3n neutro, enjabonando bien la superficie, enjuag\u00e1ndola y sec\u00e1ndola enseguida. S\u00f3lo ante las manchas de cal es posible limpiar la superficie con un pa\u00f1o suave mojado en vinagre o producto antical, enjuagando inmediatamente y secando con esmero. Para [&hellip;]<\/p>\n","protected":false},"author":1,"featured_media":0,"parent":14896,"menu_order":0,"comment_status":"closed","ping_status":"closed","template":"page-maintenancetemplate.php","meta":{"footnotes":""},"class_list":["post-14910","page","type-page","status-publish","hentry"],"yoast_head":"<!-- This site is optimized with the Yoast SEO plugin v26.2 - https:\/\/yoast.com\/wordpress\/plugins\/seo\/ -->\n<title>Arenisca - Valcucine<\/title>\n<meta name=\"robots\" content=\"index, follow, max-snippet:-1, max-image-preview:large, max-video-preview:-1\" \/>\n<link rel=\"canonical\" href=\"https:\/\/www.valcucine.com\/es\/servicio-al-cliente\/mantenimiento-de-cocinas\/areniscas\/\" \/>\n<meta property=\"og:locale\" content=\"es_ES\" \/>\n<meta property=\"og:type\" content=\"article\" \/>\n<meta property=\"og:title\" content=\"Arenisca - Valcucine\" \/>\n<meta property=\"og:description\" content=\"[vc_row][vc_column][\/vc_column][\/vc_row][vc_row][vc_column][vc_column_text]Pacific Grey Gris Imperial Piedra del Cardoso[\/vc_column_text][\/vc_column][\/vc_row][vc_row][vc_column][vc_single_image image=\u00bb3885&#8243; img_size=\u00bb50&#215;50&#8243;][\/vc_column][\/vc_row][vc_row][vc_column][vc_column_text]Para la limpieza diaria se debe utilizar agua y jab\u00f3n neutro, enjabonando bien la superficie, enjuag\u00e1ndola y sec\u00e1ndola enseguida. S\u00f3lo ante las manchas de cal es posible limpiar la superficie con un pa\u00f1o suave mojado en vinagre o producto antical, enjuagando inmediatamente y secando con esmero. Para [&hellip;]\" \/>\n<meta property=\"og:url\" content=\"https:\/\/www.valcucine.com\/es\/servicio-al-cliente\/mantenimiento-de-cocinas\/areniscas\/\" \/>\n<meta property=\"og:site_name\" content=\"Valcucine\" \/>\n<meta property=\"article:publisher\" content=\"https:\/\/www.facebook.com\/valcucine\/\" \/>\n<meta property=\"article:modified_time\" content=\"2025-06-18T09:27:30+00:00\" \/>\n<meta name=\"twitter:card\" content=\"summary_large_image\" \/>\n<meta name=\"twitter:label1\" content=\"Tiempo de lectura\" \/>\n\t<meta name=\"twitter:data1\" content=\"2 minutos\" \/>\n<script type=\"application\/ld+json\" class=\"yoast-schema-graph\">{\"@context\":\"https:\/\/schema.org\",\"@graph\":[{\"@type\":\"WebPage\",\"@id\":\"https:\/\/www.valcucine.com\/es\/servicio-al-cliente\/mantenimiento-de-cocinas\/areniscas\/\",\"url\":\"https:\/\/www.valcucine.com\/es\/servicio-al-cliente\/mantenimiento-de-cocinas\/areniscas\/\",\"name\":\"Arenisca - Valcucine\",\"isPartOf\":{\"@id\":\"https:\/\/www.valcucine.com\/#website\"},\"datePublished\":\"2024-03-12T13:57:53+00:00\",\"dateModified\":\"2025-06-18T09:27:30+00:00\",\"breadcrumb\":{\"@id\":\"https:\/\/www.valcucine.com\/es\/servicio-al-cliente\/mantenimiento-de-cocinas\/areniscas\/#breadcrumb\"},\"inLanguage\":\"es\",\"potentialAction\":[{\"@type\":\"ReadAction\",\"target\":[\"https:\/\/www.valcucine.com\/es\/servicio-al-cliente\/mantenimiento-de-cocinas\/areniscas\/\"]}]},{\"@type\":\"BreadcrumbList\",\"@id\":\"https:\/\/www.valcucine.com\/es\/servicio-al-cliente\/mantenimiento-de-cocinas\/areniscas\/#breadcrumb\",\"itemListElement\":[{\"@type\":\"ListItem\",\"position\":1,\"name\":\"Valcucine\",\"item\":\"https:\/\/www.valcucine.com\/es\/\"},{\"@type\":\"ListItem\",\"position\":2,\"name\":\"Servicios al cliente\",\"item\":\"https:\/\/www.valcucine.com\/es\/servicio-al-cliente\/\"},{\"@type\":\"ListItem\",\"position\":3,\"name\":\"Mantenimiento\",\"item\":\"https:\/\/www.valcucine.com\/es\/servicio-al-cliente\/mantenimiento-de-cocinas\/\"},{\"@type\":\"ListItem\",\"position\":4,\"name\":\"Arenisca\"}]},{\"@type\":\"WebSite\",\"@id\":\"https:\/\/www.valcucine.com\/#website\",\"url\":\"https:\/\/www.valcucine.com\/\",\"name\":\"Valcucine\",\"description\":\"\",\"publisher\":{\"@id\":\"https:\/\/www.valcucine.com\/#organization\"},\"potentialAction\":[{\"@type\":\"SearchAction\",\"target\":{\"@type\":\"EntryPoint\",\"urlTemplate\":\"https:\/\/www.valcucine.com\/?s={search_term_string}\"},\"query-input\":{\"@type\":\"PropertyValueSpecification\",\"valueRequired\":true,\"valueName\":\"search_term_string\"}}],\"inLanguage\":\"es\"},{\"@type\":\"Organization\",\"@id\":\"https:\/\/www.valcucine.com\/#organization\",\"name\":\"Valcucine\",\"url\":\"https:\/\/www.valcucine.com\/\",\"logo\":{\"@type\":\"ImageObject\",\"inLanguage\":\"es\",\"@id\":\"https:\/\/www.valcucine.com\/#\/schema\/logo\/image\/\",\"url\":\"https:\/\/www.valcucine.com\/wp-content\/uploads\/2024\/02\/logo-valcucine.webp?wsr\",\"contentUrl\":\"https:\/\/www.valcucine.com\/wp-content\/uploads\/2024\/02\/logo-valcucine.webp?wsr\",\"width\":288,\"height\":46,\"caption\":\"Valcucine\"},\"image\":{\"@id\":\"https:\/\/www.valcucine.com\/#\/schema\/logo\/image\/\"},\"sameAs\":[\"https:\/\/www.facebook.com\/valcucine\/\",\"https:\/\/www.instagram.com\/valcucine\/\",\"https:\/\/www.linkedin.com\/company\/valcucine\"]}]}<\/script>\n<!-- \/ Yoast SEO plugin. -->","yoast_head_json":{"title":"Arenisca - Valcucine","robots":{"index":"index","follow":"follow","max-snippet":"max-snippet:-1","max-image-preview":"max-image-preview:large","max-video-preview":"max-video-preview:-1"},"canonical":"https:\/\/www.valcucine.com\/es\/servicio-al-cliente\/mantenimiento-de-cocinas\/areniscas\/","og_locale":"es_ES","og_type":"article","og_title":"Arenisca - Valcucine","og_description":"[vc_row][vc_column][\/vc_column][\/vc_row][vc_row][vc_column][vc_column_text]Pacific Grey Gris Imperial Piedra del Cardoso[\/vc_column_text][\/vc_column][\/vc_row][vc_row][vc_column][vc_single_image image=\u00bb3885&#8243; img_size=\u00bb50&#215;50&#8243;][\/vc_column][\/vc_row][vc_row][vc_column][vc_column_text]Para la limpieza diaria se debe utilizar agua y jab\u00f3n neutro, enjabonando bien la superficie, enjuag\u00e1ndola y sec\u00e1ndola enseguida. S\u00f3lo ante las manchas de cal es posible limpiar la superficie con un pa\u00f1o suave mojado en vinagre o producto antical, enjuagando inmediatamente y secando con esmero. Para [&hellip;]","og_url":"https:\/\/www.valcucine.com\/es\/servicio-al-cliente\/mantenimiento-de-cocinas\/areniscas\/","og_site_name":"Valcucine","article_publisher":"https:\/\/www.facebook.com\/valcucine\/","article_modified_time":"2025-06-18T09:27:30+00:00","twitter_card":"summary_large_image","twitter_misc":{"Tiempo de lectura":"2 minutos"},"schema":{"@context":"https:\/\/schema.org","@graph":[{"@type":"WebPage","@id":"https:\/\/www.valcucine.com\/es\/servicio-al-cliente\/mantenimiento-de-cocinas\/areniscas\/","url":"https:\/\/www.valcucine.com\/es\/servicio-al-cliente\/mantenimiento-de-cocinas\/areniscas\/","name":"Arenisca - Valcucine","isPartOf":{"@id":"https:\/\/www.valcucine.com\/#website"},"datePublished":"2024-03-12T13:57:53+00:00","dateModified":"2025-06-18T09:27:30+00:00","breadcrumb":{"@id":"https:\/\/www.valcucine.com\/es\/servicio-al-cliente\/mantenimiento-de-cocinas\/areniscas\/#breadcrumb"},"inLanguage":"es","potentialAction":[{"@type":"ReadAction","target":["https:\/\/www.valcucine.com\/es\/servicio-al-cliente\/mantenimiento-de-cocinas\/areniscas\/"]}]},{"@type":"BreadcrumbList","@id":"https:\/\/www.valcucine.com\/es\/servicio-al-cliente\/mantenimiento-de-cocinas\/areniscas\/#breadcrumb","itemListElement":[{"@type":"ListItem","position":1,"name":"Valcucine","item":"https:\/\/www.valcucine.com\/es\/"},{"@type":"ListItem","position":2,"name":"Servicios al cliente","item":"https:\/\/www.valcucine.com\/es\/servicio-al-cliente\/"},{"@type":"ListItem","position":3,"name":"Mantenimiento","item":"https:\/\/www.valcucine.com\/es\/servicio-al-cliente\/mantenimiento-de-cocinas\/"},{"@type":"ListItem","position":4,"name":"Arenisca"}]},{"@type":"WebSite","@id":"https:\/\/www.valcucine.com\/#website","url":"https:\/\/www.valcucine.com\/","name":"Valcucine","description":"","publisher":{"@id":"https:\/\/www.valcucine.com\/#organization"},"potentialAction":[{"@type":"SearchAction","target":{"@type":"EntryPoint","urlTemplate":"https:\/\/www.valcucine.com\/?s={search_term_string}"},"query-input":{"@type":"PropertyValueSpecification","valueRequired":true,"valueName":"search_term_string"}}],"inLanguage":"es"},{"@type":"Organization","@id":"https:\/\/www.valcucine.com\/#organization","name":"Valcucine","url":"https:\/\/www.valcucine.com\/","logo":{"@type":"ImageObject","inLanguage":"es","@id":"https:\/\/www.valcucine.com\/#\/schema\/logo\/image\/","url":"https:\/\/www.valcucine.com\/wp-content\/uploads\/2024\/02\/logo-valcucine.webp?wsr","contentUrl":"https:\/\/www.valcucine.com\/wp-content\/uploads\/2024\/02\/logo-valcucine.webp?wsr","width":288,"height":46,"caption":"Valcucine"},"image":{"@id":"https:\/\/www.valcucine.com\/#\/schema\/logo\/image\/"},"sameAs":["https:\/\/www.facebook.com\/valcucine\/","https:\/\/www.instagram.com\/valcucine\/","https:\/\/www.linkedin.com\/company\/valcucine"]}]}},"_links":{"self":[{"href":"https:\/\/www.valcucine.com\/es\/wp-json\/wp\/v2\/pages\/14910","targetHints":{"allow":["GET"]}}],"collection":[{"href":"https:\/\/www.valcucine.com\/es\/wp-json\/wp\/v2\/pages"}],"about":[{"href":"https:\/\/www.valcucine.com\/es\/wp-json\/wp\/v2\/types\/page"}],"author":[{"embeddable":true,"href":"https:\/\/www.valcucine.com\/es\/wp-json\/wp\/v2\/users\/1"}],"replies":[{"embeddable":true,"href":"https:\/\/www.valcucine.com\/es\/wp-json\/wp\/v2\/comments?post=14910"}],"version-history":[{"count":3,"href":"https:\/\/www.valcucine.com\/es\/wp-json\/wp\/v2\/pages\/14910\/revisions"}],"predecessor-version":[{"id":46721,"href":"https:\/\/www.valcucine.com\/es\/wp-json\/wp\/v2\/pages\/14910\/revisions\/46721"}],"up":[{"embeddable":true,"href":"https:\/\/www.valcucine.com\/es\/wp-json\/wp\/v2\/pages\/14896"}],"wp:attachment":[{"href":"https:\/\/www.valcucine.com\/es\/wp-json\/wp\/v2\/media?parent=14910"}],"curies":[{"name":"wp","href":"https:\/\/api.w.org\/{rel}","templated":true}]}}