{"id":14945,"date":"2024-03-12T13:58:31","date_gmt":"2024-03-12T13:58:31","guid":{"rendered":"https:\/\/devel.valcucine.com\/servicio-al-cliente\/mantenimiento-de-cocinas\/tech-ceramica\/"},"modified":"2025-06-04T14:48:19","modified_gmt":"2025-06-04T14:48:19","slug":"tech-ceramica","status":"publish","type":"page","link":"https:\/\/www.valcucine.com\/es\/servicio-al-cliente\/mantenimiento-de-cocinas\/tech-ceramica\/","title":{"rendered":"Tech Cer\u00e1mica"},"content":{"rendered":"<div class=\"wpb-content-wrapper\"><p>[vc_row][vc_column]\n        \n        <h1 class=\"text-start  main__title__h1  vc_custom_1717591955104 \" style=\"color:#333333;\"> \n\n         Tech Cer\u00e1mica\n        \n        <\/h1>[\/vc_column][\/vc_row][vc_row][vc_column][vc_single_image image=\u00bb3885&#8243; img_size=\u00bb50&#215;50&#8243;][\/vc_column][\/vc_row][vc_row][vc_column][vc_column_text]Para una limpieza sencilla y eficaz es suficiente enjabonar bien la superficie con un detergente neutro o multiusos, enjuagarla abundantemente y secarla enseguida.<\/p>\n<p>Para eliminar la cal y las manchas persistentes se pueden usar desengrasantes o productos antical.<\/p>\n<p>Despu\u00e9s de aplicar cualquier producto, hay que enjuagar siempre abundantemente la superficie y secarla completamente con un pa\u00f1o limpio.<\/p>\n<p>Para mantener en buenas condiciones la superficie, se recomienda siempre el uso de esponjas y pa\u00f1os suaves, no abrasivos.[\/vc_column_text][\/vc_column][\/vc_row][vc_row][vc_column][vc_single_image image=\u00bb3891&#8243; img_size=\u00bb50&#215;50&#8243;][\/vc_column][\/vc_row][vc_row css=\u00bb.vc_custom_1710773327134{margin-bottom: 40px !important;}\u00bb][vc_column][vc_column_text]No se deben usar polvos o esponjas y detergentes abrasivos que puedan rayar la superficie.<\/p>\n<p>Tambi\u00e9n se tiene que evitar el contacto prolongado con sustancias particularmente coloreadas como el vino, la tinta, el caf\u00e9 etc. porque pueden producir manchas dif\u00edciles de quitar.[\/vc_column_text][\/vc_column][\/vc_row]<\/p>\n<\/div>","protected":false},"excerpt":{"rendered":"<p>[vc_row][vc_column][\/vc_column][\/vc_row][vc_row][vc_column][vc_single_image image=\u00bb3885&#8243; img_size=\u00bb50&#215;50&#8243;][\/vc_column][\/vc_row][vc_row][vc_column][vc_column_text]Para una limpieza sencilla y eficaz es suficiente enjabonar bien la superficie con un detergente neutro o multiusos, enjuagarla abundantemente y secarla enseguida. Para eliminar la cal y las manchas persistentes se pueden usar desengrasantes o productos antical. Despu\u00e9s de aplicar cualquier producto, hay que enjuagar siempre abundantemente la superficie y secarla completamente [&hellip;]<\/p>\n","protected":false},"author":1,"featured_media":0,"parent":14896,"menu_order":0,"comment_status":"closed","ping_status":"closed","template":"page-maintenancetemplate.php","meta":{"footnotes":""},"class_list":["post-14945","page","type-page","status-publish","hentry"],"yoast_head":"<!-- This site is optimized with the Yoast SEO plugin v26.2 - https:\/\/yoast.com\/wordpress\/plugins\/seo\/ -->\n<title>Tech Cer\u00e1mica - Valcucine<\/title>\n<meta name=\"robots\" content=\"index, follow, max-snippet:-1, max-image-preview:large, max-video-preview:-1\" \/>\n<link rel=\"canonical\" href=\"https:\/\/www.valcucine.com\/es\/servicio-al-cliente\/mantenimiento-de-cocinas\/tech-ceramica\/\" \/>\n<meta property=\"og:locale\" content=\"es_ES\" \/>\n<meta property=\"og:type\" content=\"article\" \/>\n<meta property=\"og:title\" content=\"Tech Cer\u00e1mica - Valcucine\" \/>\n<meta property=\"og:description\" content=\"[vc_row][vc_column][\/vc_column][\/vc_row][vc_row][vc_column][vc_single_image image=\u00bb3885&#8243; img_size=\u00bb50&#215;50&#8243;][\/vc_column][\/vc_row][vc_row][vc_column][vc_column_text]Para una limpieza sencilla y eficaz es suficiente enjabonar bien la superficie con un detergente neutro o multiusos, enjuagarla abundantemente y secarla enseguida. Para eliminar la cal y las manchas persistentes se pueden usar desengrasantes o productos antical. Despu\u00e9s de aplicar cualquier producto, hay que enjuagar siempre abundantemente la superficie y secarla completamente [&hellip;]\" \/>\n<meta property=\"og:url\" content=\"https:\/\/www.valcucine.com\/es\/servicio-al-cliente\/mantenimiento-de-cocinas\/tech-ceramica\/\" \/>\n<meta property=\"og:site_name\" content=\"Valcucine\" \/>\n<meta property=\"article:publisher\" content=\"https:\/\/www.facebook.com\/valcucine\/\" \/>\n<meta property=\"article:modified_time\" content=\"2025-06-04T14:48:19+00:00\" \/>\n<meta name=\"twitter:card\" content=\"summary_large_image\" \/>\n<meta name=\"twitter:label1\" content=\"Tiempo de lectura\" \/>\n\t<meta name=\"twitter:data1\" content=\"1 minuto\" \/>\n<script type=\"application\/ld+json\" class=\"yoast-schema-graph\">{\"@context\":\"https:\/\/schema.org\",\"@graph\":[{\"@type\":\"WebPage\",\"@id\":\"https:\/\/www.valcucine.com\/es\/servicio-al-cliente\/mantenimiento-de-cocinas\/tech-ceramica\/\",\"url\":\"https:\/\/www.valcucine.com\/es\/servicio-al-cliente\/mantenimiento-de-cocinas\/tech-ceramica\/\",\"name\":\"Tech Cer\u00e1mica - Valcucine\",\"isPartOf\":{\"@id\":\"https:\/\/www.valcucine.com\/#website\"},\"datePublished\":\"2024-03-12T13:58:31+00:00\",\"dateModified\":\"2025-06-04T14:48:19+00:00\",\"breadcrumb\":{\"@id\":\"https:\/\/www.valcucine.com\/es\/servicio-al-cliente\/mantenimiento-de-cocinas\/tech-ceramica\/#breadcrumb\"},\"inLanguage\":\"es\",\"potentialAction\":[{\"@type\":\"ReadAction\",\"target\":[\"https:\/\/www.valcucine.com\/es\/servicio-al-cliente\/mantenimiento-de-cocinas\/tech-ceramica\/\"]}]},{\"@type\":\"BreadcrumbList\",\"@id\":\"https:\/\/www.valcucine.com\/es\/servicio-al-cliente\/mantenimiento-de-cocinas\/tech-ceramica\/#breadcrumb\",\"itemListElement\":[{\"@type\":\"ListItem\",\"position\":1,\"name\":\"Valcucine\",\"item\":\"https:\/\/www.valcucine.com\/es\/\"},{\"@type\":\"ListItem\",\"position\":2,\"name\":\"Servicios al cliente\",\"item\":\"https:\/\/www.valcucine.com\/es\/servicio-al-cliente\/\"},{\"@type\":\"ListItem\",\"position\":3,\"name\":\"Mantenimiento\",\"item\":\"https:\/\/www.valcucine.com\/es\/servicio-al-cliente\/mantenimiento-de-cocinas\/\"},{\"@type\":\"ListItem\",\"position\":4,\"name\":\"Tech Cer\u00e1mica\"}]},{\"@type\":\"WebSite\",\"@id\":\"https:\/\/www.valcucine.com\/#website\",\"url\":\"https:\/\/www.valcucine.com\/\",\"name\":\"Valcucine\",\"description\":\"\",\"publisher\":{\"@id\":\"https:\/\/www.valcucine.com\/#organization\"},\"potentialAction\":[{\"@type\":\"SearchAction\",\"target\":{\"@type\":\"EntryPoint\",\"urlTemplate\":\"https:\/\/www.valcucine.com\/?s={search_term_string}\"},\"query-input\":{\"@type\":\"PropertyValueSpecification\",\"valueRequired\":true,\"valueName\":\"search_term_string\"}}],\"inLanguage\":\"es\"},{\"@type\":\"Organization\",\"@id\":\"https:\/\/www.valcucine.com\/#organization\",\"name\":\"Valcucine\",\"url\":\"https:\/\/www.valcucine.com\/\",\"logo\":{\"@type\":\"ImageObject\",\"inLanguage\":\"es\",\"@id\":\"https:\/\/www.valcucine.com\/#\/schema\/logo\/image\/\",\"url\":\"https:\/\/www.valcucine.com\/wp-content\/uploads\/2024\/02\/logo-valcucine.webp?wsr\",\"contentUrl\":\"https:\/\/www.valcucine.com\/wp-content\/uploads\/2024\/02\/logo-valcucine.webp?wsr\",\"width\":288,\"height\":46,\"caption\":\"Valcucine\"},\"image\":{\"@id\":\"https:\/\/www.valcucine.com\/#\/schema\/logo\/image\/\"},\"sameAs\":[\"https:\/\/www.facebook.com\/valcucine\/\",\"https:\/\/www.instagram.com\/valcucine\/\",\"https:\/\/www.linkedin.com\/company\/valcucine\"]}]}<\/script>\n<!-- \/ Yoast SEO plugin. -->","yoast_head_json":{"title":"Tech Cer\u00e1mica - Valcucine","robots":{"index":"index","follow":"follow","max-snippet":"max-snippet:-1","max-image-preview":"max-image-preview:large","max-video-preview":"max-video-preview:-1"},"canonical":"https:\/\/www.valcucine.com\/es\/servicio-al-cliente\/mantenimiento-de-cocinas\/tech-ceramica\/","og_locale":"es_ES","og_type":"article","og_title":"Tech Cer\u00e1mica - Valcucine","og_description":"[vc_row][vc_column][\/vc_column][\/vc_row][vc_row][vc_column][vc_single_image image=\u00bb3885&#8243; img_size=\u00bb50&#215;50&#8243;][\/vc_column][\/vc_row][vc_row][vc_column][vc_column_text]Para una limpieza sencilla y eficaz es suficiente enjabonar bien la superficie con un detergente neutro o multiusos, enjuagarla abundantemente y secarla enseguida. Para eliminar la cal y las manchas persistentes se pueden usar desengrasantes o productos antical. Despu\u00e9s de aplicar cualquier producto, hay que enjuagar siempre abundantemente la superficie y secarla completamente [&hellip;]","og_url":"https:\/\/www.valcucine.com\/es\/servicio-al-cliente\/mantenimiento-de-cocinas\/tech-ceramica\/","og_site_name":"Valcucine","article_publisher":"https:\/\/www.facebook.com\/valcucine\/","article_modified_time":"2025-06-04T14:48:19+00:00","twitter_card":"summary_large_image","twitter_misc":{"Tiempo de lectura":"1 minuto"},"schema":{"@context":"https:\/\/schema.org","@graph":[{"@type":"WebPage","@id":"https:\/\/www.valcucine.com\/es\/servicio-al-cliente\/mantenimiento-de-cocinas\/tech-ceramica\/","url":"https:\/\/www.valcucine.com\/es\/servicio-al-cliente\/mantenimiento-de-cocinas\/tech-ceramica\/","name":"Tech Cer\u00e1mica - Valcucine","isPartOf":{"@id":"https:\/\/www.valcucine.com\/#website"},"datePublished":"2024-03-12T13:58:31+00:00","dateModified":"2025-06-04T14:48:19+00:00","breadcrumb":{"@id":"https:\/\/www.valcucine.com\/es\/servicio-al-cliente\/mantenimiento-de-cocinas\/tech-ceramica\/#breadcrumb"},"inLanguage":"es","potentialAction":[{"@type":"ReadAction","target":["https:\/\/www.valcucine.com\/es\/servicio-al-cliente\/mantenimiento-de-cocinas\/tech-ceramica\/"]}]},{"@type":"BreadcrumbList","@id":"https:\/\/www.valcucine.com\/es\/servicio-al-cliente\/mantenimiento-de-cocinas\/tech-ceramica\/#breadcrumb","itemListElement":[{"@type":"ListItem","position":1,"name":"Valcucine","item":"https:\/\/www.valcucine.com\/es\/"},{"@type":"ListItem","position":2,"name":"Servicios al cliente","item":"https:\/\/www.valcucine.com\/es\/servicio-al-cliente\/"},{"@type":"ListItem","position":3,"name":"Mantenimiento","item":"https:\/\/www.valcucine.com\/es\/servicio-al-cliente\/mantenimiento-de-cocinas\/"},{"@type":"ListItem","position":4,"name":"Tech Cer\u00e1mica"}]},{"@type":"WebSite","@id":"https:\/\/www.valcucine.com\/#website","url":"https:\/\/www.valcucine.com\/","name":"Valcucine","description":"","publisher":{"@id":"https:\/\/www.valcucine.com\/#organization"},"potentialAction":[{"@type":"SearchAction","target":{"@type":"EntryPoint","urlTemplate":"https:\/\/www.valcucine.com\/?s={search_term_string}"},"query-input":{"@type":"PropertyValueSpecification","valueRequired":true,"valueName":"search_term_string"}}],"inLanguage":"es"},{"@type":"Organization","@id":"https:\/\/www.valcucine.com\/#organization","name":"Valcucine","url":"https:\/\/www.valcucine.com\/","logo":{"@type":"ImageObject","inLanguage":"es","@id":"https:\/\/www.valcucine.com\/#\/schema\/logo\/image\/","url":"https:\/\/www.valcucine.com\/wp-content\/uploads\/2024\/02\/logo-valcucine.webp?wsr","contentUrl":"https:\/\/www.valcucine.com\/wp-content\/uploads\/2024\/02\/logo-valcucine.webp?wsr","width":288,"height":46,"caption":"Valcucine"},"image":{"@id":"https:\/\/www.valcucine.com\/#\/schema\/logo\/image\/"},"sameAs":["https:\/\/www.facebook.com\/valcucine\/","https:\/\/www.instagram.com\/valcucine\/","https:\/\/www.linkedin.com\/company\/valcucine"]}]}},"_links":{"self":[{"href":"https:\/\/www.valcucine.com\/es\/wp-json\/wp\/v2\/pages\/14945","targetHints":{"allow":["GET"]}}],"collection":[{"href":"https:\/\/www.valcucine.com\/es\/wp-json\/wp\/v2\/pages"}],"about":[{"href":"https:\/\/www.valcucine.com\/es\/wp-json\/wp\/v2\/types\/page"}],"author":[{"embeddable":true,"href":"https:\/\/www.valcucine.com\/es\/wp-json\/wp\/v2\/users\/1"}],"replies":[{"embeddable":true,"href":"https:\/\/www.valcucine.com\/es\/wp-json\/wp\/v2\/comments?post=14945"}],"version-history":[{"count":1,"href":"https:\/\/www.valcucine.com\/es\/wp-json\/wp\/v2\/pages\/14945\/revisions"}],"predecessor-version":[{"id":14946,"href":"https:\/\/www.valcucine.com\/es\/wp-json\/wp\/v2\/pages\/14945\/revisions\/14946"}],"up":[{"embeddable":true,"href":"https:\/\/www.valcucine.com\/es\/wp-json\/wp\/v2\/pages\/14896"}],"wp:attachment":[{"href":"https:\/\/www.valcucine.com\/es\/wp-json\/wp\/v2\/media?parent=14945"}],"curies":[{"name":"wp","href":"https:\/\/api.w.org\/{rel}","templated":true}]}}