{"id":14951,"date":"2024-03-12T13:58:40","date_gmt":"2024-03-12T13:58:40","guid":{"rendered":"https:\/\/devel.valcucine.com\/servicio-al-cliente\/mantenimiento-de-cocinas\/vetro\/"},"modified":"2025-06-04T14:59:50","modified_gmt":"2025-06-04T14:59:50","slug":"cristal","status":"publish","type":"page","link":"https:\/\/www.valcucine.com\/es\/servicio-al-cliente\/mantenimiento-de-cocinas\/cristal\/","title":{"rendered":"Cristal"},"content":{"rendered":"<div class=\"wpb-content-wrapper\"><p>[vc_row][vc_column]\n        \n        <h1 class=\"text-start  main__title__h1  vc_custom_1717592347062 \" style=\"color:#333333;\"> \n\n         Cristal\n        \n        <\/h1>[\/vc_column][\/vc_row][vc_row][vc_column][vc_column_text]<\/p>\n<h3><span style=\"font-size: 12pt;\">VITRUM BRILLANTE Y MATE<\/span><br \/>\n<span style=\"font-size: 12pt;\">VITRUM GR\u00c1FICO<\/span><br \/>\n<span style=\"font-size: 12pt;\">VITRUM MIMESIS<\/span><br \/>\n<span style=\"font-size: 12pt;\">VITRUM T\u00c1CTIL<\/span><br \/>\n<span style=\"font-size: 12pt;\">VITRUM TEXTIL<\/span><br \/>\n<span style=\"font-size: 12pt;\">VITRUM VELATO<\/span><br \/>\n<span style=\"font-size: 12pt;\">VITRUM ARTE<\/span><\/h3>\n<p>[\/vc_column_text][\/vc_column][\/vc_row][vc_row][vc_column][vc_single_image image=\u00bb3885&#8243; img_size=\u00bb50&#215;50&#8243;][\/vc_column][\/vc_row][vc_row][vc_column][vc_column_text]Para una limpieza sencilla y eficaz es suficiente enjabonar bien la superficie con un detergente neutro, enjuagar y secar con esmero. El vinagre es la mejor ayuda en la limpieza diaria: de hecho permite eliminar los residuos de cal eventuales que podr\u00edan depositarse en la superficie. A lo largo del tiempo, en el cristal al \u00e1cido (mate) los residuos de jab\u00f3n y la cal contenida en el agua podr\u00edan producir unas marcas antiest\u00e9ticas en la superficie de la encimera que a veces resultan dif\u00edciles de quitar. Por tanto se recomienda el uso de un producto antical y, de no ser bastante, contactar con el Distribuidor Autorizado para m\u00e1s\u00a0informaci\u00f3n sobre el uso de productos espec\u00edficos. Para mantener en buenas condiciones la encimera, se recomienda siempre el uso de esponjas y pa\u00f1os suaves, no abrasivos. Despu\u00e9s de aplicar cualquier producto, hay que enjuagar siempre abundantemente la superficie y secarla completamente con un pa\u00f1o limpio y seco.[\/vc_column_text][\/vc_column][\/vc_row][vc_row][vc_column][vc_single_image image=\u00bb3891&#8243; img_size=\u00bb50&#215;50&#8243;][\/vc_column][\/vc_row][vc_row css=\u00bb.vc_custom_1710773327134{margin-bottom: 40px !important;}\u00bb][vc_column][vc_column_text]Aunque el cristal templado es uno de los materiales m\u00e1s duros con elevada resistencia al rayado, cabe recordar que se puede grabar con materiales de igual o mayor dureza que en el uso com\u00fan se traduce en elementos como platos, cer\u00e1micas, cristales y vidrios.<br \/>\nNo se deben usar pa\u00f1os \u00e1speros ni esponjas abrasivas que puedan rayar la superficie sin remedio. Se aconseja no utilizar productos pulverizados sin enjuagar: estos detergentes contienen jab\u00f3n que, si no se elimina oportunamente, queda sobre la superficie produciendo una capa imperceptible que favorece la formaci\u00f3n de manchas.[\/vc_column_text][\/vc_column][\/vc_row]<\/p>\n<\/div>","protected":false},"excerpt":{"rendered":"<p>[vc_row][vc_column][\/vc_column][\/vc_row][vc_row][vc_column][vc_column_text] VITRUM BRILLANTE Y MATE VITRUM GR\u00c1FICO VITRUM MIMESIS VITRUM T\u00c1CTIL VITRUM TEXTIL VITRUM VELATO VITRUM ARTE [\/vc_column_text][\/vc_column][\/vc_row][vc_row][vc_column][vc_single_image image=\u00bb3885&#8243; img_size=\u00bb50&#215;50&#8243;][\/vc_column][\/vc_row][vc_row][vc_column][vc_column_text]Para una limpieza sencilla y eficaz es suficiente enjabonar bien la superficie con un detergente neutro, enjuagar y secar con esmero. El vinagre es la mejor ayuda en la limpieza diaria: de hecho permite eliminar los [&hellip;]<\/p>\n","protected":false},"author":1,"featured_media":0,"parent":14896,"menu_order":0,"comment_status":"closed","ping_status":"closed","template":"page-maintenancetemplate.php","meta":{"footnotes":""},"class_list":["post-14951","page","type-page","status-publish","hentry"],"yoast_head":"<!-- This site is optimized with the Yoast SEO plugin v26.2 - https:\/\/yoast.com\/wordpress\/plugins\/seo\/ -->\n<title>Cristal - Valcucine<\/title>\n<meta name=\"robots\" content=\"index, follow, max-snippet:-1, max-image-preview:large, max-video-preview:-1\" \/>\n<link rel=\"canonical\" href=\"https:\/\/www.valcucine.com\/es\/servicio-al-cliente\/mantenimiento-de-cocinas\/cristal\/\" \/>\n<meta property=\"og:locale\" content=\"es_ES\" \/>\n<meta property=\"og:type\" content=\"article\" \/>\n<meta property=\"og:title\" content=\"Cristal - Valcucine\" \/>\n<meta property=\"og:description\" content=\"[vc_row][vc_column][\/vc_column][\/vc_row][vc_row][vc_column][vc_column_text] VITRUM BRILLANTE Y MATE VITRUM GR\u00c1FICO VITRUM MIMESIS VITRUM T\u00c1CTIL VITRUM TEXTIL VITRUM VELATO VITRUM ARTE [\/vc_column_text][\/vc_column][\/vc_row][vc_row][vc_column][vc_single_image image=\u00bb3885&#8243; img_size=\u00bb50&#215;50&#8243;][\/vc_column][\/vc_row][vc_row][vc_column][vc_column_text]Para una limpieza sencilla y eficaz es suficiente enjabonar bien la superficie con un detergente neutro, enjuagar y secar con esmero. El vinagre es la mejor ayuda en la limpieza diaria: de hecho permite eliminar los [&hellip;]\" \/>\n<meta property=\"og:url\" content=\"https:\/\/www.valcucine.com\/es\/servicio-al-cliente\/mantenimiento-de-cocinas\/cristal\/\" \/>\n<meta property=\"og:site_name\" content=\"Valcucine\" \/>\n<meta property=\"article:publisher\" content=\"https:\/\/www.facebook.com\/valcucine\/\" \/>\n<meta property=\"article:modified_time\" content=\"2025-06-04T14:59:50+00:00\" \/>\n<meta name=\"twitter:card\" content=\"summary_large_image\" \/>\n<meta name=\"twitter:label1\" content=\"Tiempo de lectura\" \/>\n\t<meta name=\"twitter:data1\" content=\"2 minutos\" \/>\n<script type=\"application\/ld+json\" class=\"yoast-schema-graph\">{\"@context\":\"https:\/\/schema.org\",\"@graph\":[{\"@type\":\"WebPage\",\"@id\":\"https:\/\/www.valcucine.com\/es\/servicio-al-cliente\/mantenimiento-de-cocinas\/cristal\/\",\"url\":\"https:\/\/www.valcucine.com\/es\/servicio-al-cliente\/mantenimiento-de-cocinas\/cristal\/\",\"name\":\"Cristal - Valcucine\",\"isPartOf\":{\"@id\":\"https:\/\/www.valcucine.com\/#website\"},\"datePublished\":\"2024-03-12T13:58:40+00:00\",\"dateModified\":\"2025-06-04T14:59:50+00:00\",\"breadcrumb\":{\"@id\":\"https:\/\/www.valcucine.com\/es\/servicio-al-cliente\/mantenimiento-de-cocinas\/cristal\/#breadcrumb\"},\"inLanguage\":\"es\",\"potentialAction\":[{\"@type\":\"ReadAction\",\"target\":[\"https:\/\/www.valcucine.com\/es\/servicio-al-cliente\/mantenimiento-de-cocinas\/cristal\/\"]}]},{\"@type\":\"BreadcrumbList\",\"@id\":\"https:\/\/www.valcucine.com\/es\/servicio-al-cliente\/mantenimiento-de-cocinas\/cristal\/#breadcrumb\",\"itemListElement\":[{\"@type\":\"ListItem\",\"position\":1,\"name\":\"Valcucine\",\"item\":\"https:\/\/www.valcucine.com\/es\/\"},{\"@type\":\"ListItem\",\"position\":2,\"name\":\"Servicios al cliente\",\"item\":\"https:\/\/www.valcucine.com\/es\/servicio-al-cliente\/\"},{\"@type\":\"ListItem\",\"position\":3,\"name\":\"Mantenimiento\",\"item\":\"https:\/\/www.valcucine.com\/es\/servicio-al-cliente\/mantenimiento-de-cocinas\/\"},{\"@type\":\"ListItem\",\"position\":4,\"name\":\"Cristal\"}]},{\"@type\":\"WebSite\",\"@id\":\"https:\/\/www.valcucine.com\/#website\",\"url\":\"https:\/\/www.valcucine.com\/\",\"name\":\"Valcucine\",\"description\":\"\",\"publisher\":{\"@id\":\"https:\/\/www.valcucine.com\/#organization\"},\"potentialAction\":[{\"@type\":\"SearchAction\",\"target\":{\"@type\":\"EntryPoint\",\"urlTemplate\":\"https:\/\/www.valcucine.com\/?s={search_term_string}\"},\"query-input\":{\"@type\":\"PropertyValueSpecification\",\"valueRequired\":true,\"valueName\":\"search_term_string\"}}],\"inLanguage\":\"es\"},{\"@type\":\"Organization\",\"@id\":\"https:\/\/www.valcucine.com\/#organization\",\"name\":\"Valcucine\",\"url\":\"https:\/\/www.valcucine.com\/\",\"logo\":{\"@type\":\"ImageObject\",\"inLanguage\":\"es\",\"@id\":\"https:\/\/www.valcucine.com\/#\/schema\/logo\/image\/\",\"url\":\"https:\/\/www.valcucine.com\/wp-content\/uploads\/2024\/02\/logo-valcucine.webp?wsr\",\"contentUrl\":\"https:\/\/www.valcucine.com\/wp-content\/uploads\/2024\/02\/logo-valcucine.webp?wsr\",\"width\":288,\"height\":46,\"caption\":\"Valcucine\"},\"image\":{\"@id\":\"https:\/\/www.valcucine.com\/#\/schema\/logo\/image\/\"},\"sameAs\":[\"https:\/\/www.facebook.com\/valcucine\/\",\"https:\/\/www.instagram.com\/valcucine\/\",\"https:\/\/www.linkedin.com\/company\/valcucine\"]}]}<\/script>\n<!-- \/ Yoast SEO plugin. -->","yoast_head_json":{"title":"Cristal - Valcucine","robots":{"index":"index","follow":"follow","max-snippet":"max-snippet:-1","max-image-preview":"max-image-preview:large","max-video-preview":"max-video-preview:-1"},"canonical":"https:\/\/www.valcucine.com\/es\/servicio-al-cliente\/mantenimiento-de-cocinas\/cristal\/","og_locale":"es_ES","og_type":"article","og_title":"Cristal - Valcucine","og_description":"[vc_row][vc_column][\/vc_column][\/vc_row][vc_row][vc_column][vc_column_text] VITRUM BRILLANTE Y MATE VITRUM GR\u00c1FICO VITRUM MIMESIS VITRUM T\u00c1CTIL VITRUM TEXTIL VITRUM VELATO VITRUM ARTE [\/vc_column_text][\/vc_column][\/vc_row][vc_row][vc_column][vc_single_image image=\u00bb3885&#8243; img_size=\u00bb50&#215;50&#8243;][\/vc_column][\/vc_row][vc_row][vc_column][vc_column_text]Para una limpieza sencilla y eficaz es suficiente enjabonar bien la superficie con un detergente neutro, enjuagar y secar con esmero. El vinagre es la mejor ayuda en la limpieza diaria: de hecho permite eliminar los [&hellip;]","og_url":"https:\/\/www.valcucine.com\/es\/servicio-al-cliente\/mantenimiento-de-cocinas\/cristal\/","og_site_name":"Valcucine","article_publisher":"https:\/\/www.facebook.com\/valcucine\/","article_modified_time":"2025-06-04T14:59:50+00:00","twitter_card":"summary_large_image","twitter_misc":{"Tiempo de lectura":"2 minutos"},"schema":{"@context":"https:\/\/schema.org","@graph":[{"@type":"WebPage","@id":"https:\/\/www.valcucine.com\/es\/servicio-al-cliente\/mantenimiento-de-cocinas\/cristal\/","url":"https:\/\/www.valcucine.com\/es\/servicio-al-cliente\/mantenimiento-de-cocinas\/cristal\/","name":"Cristal - Valcucine","isPartOf":{"@id":"https:\/\/www.valcucine.com\/#website"},"datePublished":"2024-03-12T13:58:40+00:00","dateModified":"2025-06-04T14:59:50+00:00","breadcrumb":{"@id":"https:\/\/www.valcucine.com\/es\/servicio-al-cliente\/mantenimiento-de-cocinas\/cristal\/#breadcrumb"},"inLanguage":"es","potentialAction":[{"@type":"ReadAction","target":["https:\/\/www.valcucine.com\/es\/servicio-al-cliente\/mantenimiento-de-cocinas\/cristal\/"]}]},{"@type":"BreadcrumbList","@id":"https:\/\/www.valcucine.com\/es\/servicio-al-cliente\/mantenimiento-de-cocinas\/cristal\/#breadcrumb","itemListElement":[{"@type":"ListItem","position":1,"name":"Valcucine","item":"https:\/\/www.valcucine.com\/es\/"},{"@type":"ListItem","position":2,"name":"Servicios al cliente","item":"https:\/\/www.valcucine.com\/es\/servicio-al-cliente\/"},{"@type":"ListItem","position":3,"name":"Mantenimiento","item":"https:\/\/www.valcucine.com\/es\/servicio-al-cliente\/mantenimiento-de-cocinas\/"},{"@type":"ListItem","position":4,"name":"Cristal"}]},{"@type":"WebSite","@id":"https:\/\/www.valcucine.com\/#website","url":"https:\/\/www.valcucine.com\/","name":"Valcucine","description":"","publisher":{"@id":"https:\/\/www.valcucine.com\/#organization"},"potentialAction":[{"@type":"SearchAction","target":{"@type":"EntryPoint","urlTemplate":"https:\/\/www.valcucine.com\/?s={search_term_string}"},"query-input":{"@type":"PropertyValueSpecification","valueRequired":true,"valueName":"search_term_string"}}],"inLanguage":"es"},{"@type":"Organization","@id":"https:\/\/www.valcucine.com\/#organization","name":"Valcucine","url":"https:\/\/www.valcucine.com\/","logo":{"@type":"ImageObject","inLanguage":"es","@id":"https:\/\/www.valcucine.com\/#\/schema\/logo\/image\/","url":"https:\/\/www.valcucine.com\/wp-content\/uploads\/2024\/02\/logo-valcucine.webp?wsr","contentUrl":"https:\/\/www.valcucine.com\/wp-content\/uploads\/2024\/02\/logo-valcucine.webp?wsr","width":288,"height":46,"caption":"Valcucine"},"image":{"@id":"https:\/\/www.valcucine.com\/#\/schema\/logo\/image\/"},"sameAs":["https:\/\/www.facebook.com\/valcucine\/","https:\/\/www.instagram.com\/valcucine\/","https:\/\/www.linkedin.com\/company\/valcucine"]}]}},"_links":{"self":[{"href":"https:\/\/www.valcucine.com\/es\/wp-json\/wp\/v2\/pages\/14951","targetHints":{"allow":["GET"]}}],"collection":[{"href":"https:\/\/www.valcucine.com\/es\/wp-json\/wp\/v2\/pages"}],"about":[{"href":"https:\/\/www.valcucine.com\/es\/wp-json\/wp\/v2\/types\/page"}],"author":[{"embeddable":true,"href":"https:\/\/www.valcucine.com\/es\/wp-json\/wp\/v2\/users\/1"}],"replies":[{"embeddable":true,"href":"https:\/\/www.valcucine.com\/es\/wp-json\/wp\/v2\/comments?post=14951"}],"version-history":[{"count":2,"href":"https:\/\/www.valcucine.com\/es\/wp-json\/wp\/v2\/pages\/14951\/revisions"}],"predecessor-version":[{"id":14952,"href":"https:\/\/www.valcucine.com\/es\/wp-json\/wp\/v2\/pages\/14951\/revisions\/14952"}],"up":[{"embeddable":true,"href":"https:\/\/www.valcucine.com\/es\/wp-json\/wp\/v2\/pages\/14896"}],"wp:attachment":[{"href":"https:\/\/www.valcucine.com\/es\/wp-json\/wp\/v2\/media?parent=14951"}],"curies":[{"name":"wp","href":"https:\/\/api.w.org\/{rel}","templated":true}]}}