{"id":14958,"date":"2024-03-19T09:24:36","date_gmt":"2024-03-19T09:24:36","guid":{"rendered":"https:\/\/devel.valcucine.com\/servicio-al-cliente\/mantenimiento-de-cocinas\/profili-elementi-alluminio-cucina\/"},"modified":"2025-06-04T14:56:07","modified_gmt":"2025-06-04T14:56:07","slug":"accesorios-elementos-aluminio","status":"publish","type":"page","link":"https:\/\/www.valcucine.com\/es\/servicio-al-cliente\/mantenimiento-de-cocinas\/accesorios-elementos-aluminio\/","title":{"rendered":"Mantenimiento Perfiles y elementos de aluminio"},"content":{"rendered":"<div class=\"wpb-content-wrapper\"><p>[vc_row][vc_column]\n        \n        <h1 class=\"text-start  main__title__h1  vc_custom_1717592688583 \" style=\"color:#333333;\"> \n\n         Mantenimiento Perfiles y elementos de aluminio\n        \n        <\/h1>[\/vc_column][\/vc_row][vc_row][vc_column]\n        \n        <h3 class=\"text-start  main__title__h4  vc_custom_1717592696144 \" style=\"color:#333333;\"> \n\n         PERFILES Y ELEMENTOS DE ALUMINIO\n        \n        <\/h3>[\/vc_column][\/vc_row][vc_row][vc_column][vc_column_text]<strong>lo qu\u00e9 debe hacer\u00a0<\/strong><br \/>\nPara la limpieza de los elementos de aluminio, utilizar agua o detergentes neutros.<\/p>\n<p><strong>lo que NO debe hacer<\/strong><br \/>\nNo utilizar polvos o productos abrasivos, porque podr\u00edan rayar las superficies.<br \/>\nNo utilizar estropajo ni esponjas met\u00e1licas.<\/p>\n<p><strong>Cuidado: no limpiar los perfiles de aluminio con lej\u00eda o con productos conteniendo lej\u00eda (hipoclorito de sodio) porque podr\u00edan afectar al acabado an\u00f3dico superficial del elemento, manch\u00e1ndolo.<\/strong>[\/vc_column_text][\/vc_column][\/vc_row]<\/p>\n<\/div>","protected":false},"excerpt":{"rendered":"<p>[vc_row][vc_column][\/vc_column][\/vc_row][vc_row][vc_column][\/vc_column][\/vc_row][vc_row][vc_column][vc_column_text]lo qu\u00e9 debe hacer\u00a0 Para la limpieza de los elementos de aluminio, utilizar agua o detergentes neutros. lo que NO debe hacer No utilizar polvos o productos abrasivos, porque podr\u00edan rayar las superficies. No utilizar estropajo ni esponjas met\u00e1licas. Cuidado: no limpiar los perfiles de aluminio con lej\u00eda o con productos conteniendo lej\u00eda (hipoclorito de [&hellip;]<\/p>\n","protected":false},"author":1,"featured_media":0,"parent":14896,"menu_order":0,"comment_status":"closed","ping_status":"closed","template":"page-maintenancetemplate.php","meta":{"footnotes":""},"class_list":["post-14958","page","type-page","status-publish","hentry"],"yoast_head":"<!-- This site is optimized with the Yoast SEO plugin v26.2 - https:\/\/yoast.com\/wordpress\/plugins\/seo\/ -->\n<title>Mantenimiento Perfiles y elementos de aluminio - Valcucine<\/title>\n<meta name=\"robots\" content=\"index, follow, max-snippet:-1, max-image-preview:large, max-video-preview:-1\" \/>\n<link rel=\"canonical\" href=\"https:\/\/www.valcucine.com\/es\/servicio-al-cliente\/mantenimiento-de-cocinas\/accesorios-elementos-aluminio\/\" \/>\n<meta property=\"og:locale\" content=\"es_ES\" \/>\n<meta property=\"og:type\" content=\"article\" \/>\n<meta property=\"og:title\" content=\"Mantenimiento Perfiles y elementos de aluminio - Valcucine\" \/>\n<meta property=\"og:description\" content=\"[vc_row][vc_column][\/vc_column][\/vc_row][vc_row][vc_column][\/vc_column][\/vc_row][vc_row][vc_column][vc_column_text]lo qu\u00e9 debe hacer\u00a0 Para la limpieza de los elementos de aluminio, utilizar agua o detergentes neutros. lo que NO debe hacer No utilizar polvos o productos abrasivos, porque podr\u00edan rayar las superficies. No utilizar estropajo ni esponjas met\u00e1licas. Cuidado: no limpiar los perfiles de aluminio con lej\u00eda o con productos conteniendo lej\u00eda (hipoclorito de [&hellip;]\" \/>\n<meta property=\"og:url\" content=\"https:\/\/www.valcucine.com\/es\/servicio-al-cliente\/mantenimiento-de-cocinas\/accesorios-elementos-aluminio\/\" \/>\n<meta property=\"og:site_name\" content=\"Valcucine\" \/>\n<meta property=\"article:publisher\" content=\"https:\/\/www.facebook.com\/valcucine\/\" \/>\n<meta property=\"article:modified_time\" content=\"2025-06-04T14:56:07+00:00\" \/>\n<meta name=\"twitter:card\" content=\"summary_large_image\" \/>\n<meta name=\"twitter:label1\" content=\"Tiempo de lectura\" \/>\n\t<meta name=\"twitter:data1\" content=\"1 minuto\" \/>\n<script type=\"application\/ld+json\" class=\"yoast-schema-graph\">{\"@context\":\"https:\/\/schema.org\",\"@graph\":[{\"@type\":\"WebPage\",\"@id\":\"https:\/\/www.valcucine.com\/es\/servicio-al-cliente\/mantenimiento-de-cocinas\/accesorios-elementos-aluminio\/\",\"url\":\"https:\/\/www.valcucine.com\/es\/servicio-al-cliente\/mantenimiento-de-cocinas\/accesorios-elementos-aluminio\/\",\"name\":\"Mantenimiento Perfiles y elementos de aluminio - Valcucine\",\"isPartOf\":{\"@id\":\"https:\/\/www.valcucine.com\/#website\"},\"datePublished\":\"2024-03-19T09:24:36+00:00\",\"dateModified\":\"2025-06-04T14:56:07+00:00\",\"breadcrumb\":{\"@id\":\"https:\/\/www.valcucine.com\/es\/servicio-al-cliente\/mantenimiento-de-cocinas\/accesorios-elementos-aluminio\/#breadcrumb\"},\"inLanguage\":\"es\",\"potentialAction\":[{\"@type\":\"ReadAction\",\"target\":[\"https:\/\/www.valcucine.com\/es\/servicio-al-cliente\/mantenimiento-de-cocinas\/accesorios-elementos-aluminio\/\"]}]},{\"@type\":\"BreadcrumbList\",\"@id\":\"https:\/\/www.valcucine.com\/es\/servicio-al-cliente\/mantenimiento-de-cocinas\/accesorios-elementos-aluminio\/#breadcrumb\",\"itemListElement\":[{\"@type\":\"ListItem\",\"position\":1,\"name\":\"Valcucine\",\"item\":\"https:\/\/www.valcucine.com\/es\/\"},{\"@type\":\"ListItem\",\"position\":2,\"name\":\"Servicios al cliente\",\"item\":\"https:\/\/www.valcucine.com\/es\/servicio-al-cliente\/\"},{\"@type\":\"ListItem\",\"position\":3,\"name\":\"Mantenimiento\",\"item\":\"https:\/\/www.valcucine.com\/es\/servicio-al-cliente\/mantenimiento-de-cocinas\/\"},{\"@type\":\"ListItem\",\"position\":4,\"name\":\"Mantenimiento Perfiles y elementos de aluminio\"}]},{\"@type\":\"WebSite\",\"@id\":\"https:\/\/www.valcucine.com\/#website\",\"url\":\"https:\/\/www.valcucine.com\/\",\"name\":\"Valcucine\",\"description\":\"\",\"publisher\":{\"@id\":\"https:\/\/www.valcucine.com\/#organization\"},\"potentialAction\":[{\"@type\":\"SearchAction\",\"target\":{\"@type\":\"EntryPoint\",\"urlTemplate\":\"https:\/\/www.valcucine.com\/?s={search_term_string}\"},\"query-input\":{\"@type\":\"PropertyValueSpecification\",\"valueRequired\":true,\"valueName\":\"search_term_string\"}}],\"inLanguage\":\"es\"},{\"@type\":\"Organization\",\"@id\":\"https:\/\/www.valcucine.com\/#organization\",\"name\":\"Valcucine\",\"url\":\"https:\/\/www.valcucine.com\/\",\"logo\":{\"@type\":\"ImageObject\",\"inLanguage\":\"es\",\"@id\":\"https:\/\/www.valcucine.com\/#\/schema\/logo\/image\/\",\"url\":\"https:\/\/www.valcucine.com\/wp-content\/uploads\/2024\/02\/logo-valcucine.webp?wsr\",\"contentUrl\":\"https:\/\/www.valcucine.com\/wp-content\/uploads\/2024\/02\/logo-valcucine.webp?wsr\",\"width\":288,\"height\":46,\"caption\":\"Valcucine\"},\"image\":{\"@id\":\"https:\/\/www.valcucine.com\/#\/schema\/logo\/image\/\"},\"sameAs\":[\"https:\/\/www.facebook.com\/valcucine\/\",\"https:\/\/www.instagram.com\/valcucine\/\",\"https:\/\/www.linkedin.com\/company\/valcucine\"]}]}<\/script>\n<!-- \/ Yoast SEO plugin. -->","yoast_head_json":{"title":"Mantenimiento Perfiles y elementos de aluminio - Valcucine","robots":{"index":"index","follow":"follow","max-snippet":"max-snippet:-1","max-image-preview":"max-image-preview:large","max-video-preview":"max-video-preview:-1"},"canonical":"https:\/\/www.valcucine.com\/es\/servicio-al-cliente\/mantenimiento-de-cocinas\/accesorios-elementos-aluminio\/","og_locale":"es_ES","og_type":"article","og_title":"Mantenimiento Perfiles y elementos de aluminio - Valcucine","og_description":"[vc_row][vc_column][\/vc_column][\/vc_row][vc_row][vc_column][\/vc_column][\/vc_row][vc_row][vc_column][vc_column_text]lo qu\u00e9 debe hacer\u00a0 Para la limpieza de los elementos de aluminio, utilizar agua o detergentes neutros. lo que NO debe hacer No utilizar polvos o productos abrasivos, porque podr\u00edan rayar las superficies. No utilizar estropajo ni esponjas met\u00e1licas. Cuidado: no limpiar los perfiles de aluminio con lej\u00eda o con productos conteniendo lej\u00eda (hipoclorito de [&hellip;]","og_url":"https:\/\/www.valcucine.com\/es\/servicio-al-cliente\/mantenimiento-de-cocinas\/accesorios-elementos-aluminio\/","og_site_name":"Valcucine","article_publisher":"https:\/\/www.facebook.com\/valcucine\/","article_modified_time":"2025-06-04T14:56:07+00:00","twitter_card":"summary_large_image","twitter_misc":{"Tiempo de lectura":"1 minuto"},"schema":{"@context":"https:\/\/schema.org","@graph":[{"@type":"WebPage","@id":"https:\/\/www.valcucine.com\/es\/servicio-al-cliente\/mantenimiento-de-cocinas\/accesorios-elementos-aluminio\/","url":"https:\/\/www.valcucine.com\/es\/servicio-al-cliente\/mantenimiento-de-cocinas\/accesorios-elementos-aluminio\/","name":"Mantenimiento Perfiles y elementos de aluminio - Valcucine","isPartOf":{"@id":"https:\/\/www.valcucine.com\/#website"},"datePublished":"2024-03-19T09:24:36+00:00","dateModified":"2025-06-04T14:56:07+00:00","breadcrumb":{"@id":"https:\/\/www.valcucine.com\/es\/servicio-al-cliente\/mantenimiento-de-cocinas\/accesorios-elementos-aluminio\/#breadcrumb"},"inLanguage":"es","potentialAction":[{"@type":"ReadAction","target":["https:\/\/www.valcucine.com\/es\/servicio-al-cliente\/mantenimiento-de-cocinas\/accesorios-elementos-aluminio\/"]}]},{"@type":"BreadcrumbList","@id":"https:\/\/www.valcucine.com\/es\/servicio-al-cliente\/mantenimiento-de-cocinas\/accesorios-elementos-aluminio\/#breadcrumb","itemListElement":[{"@type":"ListItem","position":1,"name":"Valcucine","item":"https:\/\/www.valcucine.com\/es\/"},{"@type":"ListItem","position":2,"name":"Servicios al cliente","item":"https:\/\/www.valcucine.com\/es\/servicio-al-cliente\/"},{"@type":"ListItem","position":3,"name":"Mantenimiento","item":"https:\/\/www.valcucine.com\/es\/servicio-al-cliente\/mantenimiento-de-cocinas\/"},{"@type":"ListItem","position":4,"name":"Mantenimiento Perfiles y elementos de aluminio"}]},{"@type":"WebSite","@id":"https:\/\/www.valcucine.com\/#website","url":"https:\/\/www.valcucine.com\/","name":"Valcucine","description":"","publisher":{"@id":"https:\/\/www.valcucine.com\/#organization"},"potentialAction":[{"@type":"SearchAction","target":{"@type":"EntryPoint","urlTemplate":"https:\/\/www.valcucine.com\/?s={search_term_string}"},"query-input":{"@type":"PropertyValueSpecification","valueRequired":true,"valueName":"search_term_string"}}],"inLanguage":"es"},{"@type":"Organization","@id":"https:\/\/www.valcucine.com\/#organization","name":"Valcucine","url":"https:\/\/www.valcucine.com\/","logo":{"@type":"ImageObject","inLanguage":"es","@id":"https:\/\/www.valcucine.com\/#\/schema\/logo\/image\/","url":"https:\/\/www.valcucine.com\/wp-content\/uploads\/2024\/02\/logo-valcucine.webp?wsr","contentUrl":"https:\/\/www.valcucine.com\/wp-content\/uploads\/2024\/02\/logo-valcucine.webp?wsr","width":288,"height":46,"caption":"Valcucine"},"image":{"@id":"https:\/\/www.valcucine.com\/#\/schema\/logo\/image\/"},"sameAs":["https:\/\/www.facebook.com\/valcucine\/","https:\/\/www.instagram.com\/valcucine\/","https:\/\/www.linkedin.com\/company\/valcucine"]}]}},"_links":{"self":[{"href":"https:\/\/www.valcucine.com\/es\/wp-json\/wp\/v2\/pages\/14958","targetHints":{"allow":["GET"]}}],"collection":[{"href":"https:\/\/www.valcucine.com\/es\/wp-json\/wp\/v2\/pages"}],"about":[{"href":"https:\/\/www.valcucine.com\/es\/wp-json\/wp\/v2\/types\/page"}],"author":[{"embeddable":true,"href":"https:\/\/www.valcucine.com\/es\/wp-json\/wp\/v2\/users\/1"}],"replies":[{"embeddable":true,"href":"https:\/\/www.valcucine.com\/es\/wp-json\/wp\/v2\/comments?post=14958"}],"version-history":[{"count":3,"href":"https:\/\/www.valcucine.com\/es\/wp-json\/wp\/v2\/pages\/14958\/revisions"}],"predecessor-version":[{"id":41630,"href":"https:\/\/www.valcucine.com\/es\/wp-json\/wp\/v2\/pages\/14958\/revisions\/41630"}],"up":[{"embeddable":true,"href":"https:\/\/www.valcucine.com\/es\/wp-json\/wp\/v2\/pages\/14896"}],"wp:attachment":[{"href":"https:\/\/www.valcucine.com\/es\/wp-json\/wp\/v2\/media?parent=14958"}],"curies":[{"name":"wp","href":"https:\/\/api.w.org\/{rel}","templated":true}]}}