{"id":19660,"date":"2024-08-20T14:23:52","date_gmt":"2024-08-20T14:23:52","guid":{"rendered":"https:\/\/devel.valcucine.com\/elementos-caractersticos\/la-cucina-si-integra-con-larchitettura\/"},"modified":"2025-07-02T11:43:53","modified_gmt":"2025-07-02T11:43:53","slug":"integracion-arquitectonica","status":"publish","type":"page","link":"https:\/\/www.valcucine.com\/es\/elementos-caractersticos\/integracion-arquitectonica\/","title":{"rendered":"Integraci\u00f3n arquitect\u00f3nica"},"content":{"rendered":"<div class=\"wpb-content-wrapper\"><p>[vc_row][vc_column]\n\t\t\t<!-- START Integrazione architettonica REVOLUTION SLIDER 6.7.38 --><p class=\"rs-p-wp-fix\"><\/p>\n\t\t\t<rs-module-wrap id=\"rev_slider_221_1_wrapper\" data-source=\"gallery\" style=\"visibility:hidden;background:transparent;padding:0;margin:0px auto;margin-top:0;margin-bottom:0;\">\n\t\t\t\t<rs-module id=\"rev_slider_221_1\" style=\"\" data-version=\"6.7.38\">\n\t\t\t\t\t<rs-slides style=\"overflow: hidden; position: absolute;\">\n\t\t\t\t\t\t<rs-slide style=\"position: absolute;\" data-key=\"rs-1019\" data-title=\"Slide\" data-thumb=\"\/\/www.valcucine.com\/wp-content\/uploads\/2024\/08\/Valcucine_New-Logica_-kitchen-integration-with-the-architecture--50x100.jpg\" data-in=\"o:0;\" data-out=\"a:false;\">\n\t\t\t\t\t\t\t<img decoding=\"async\" src=\"\/\/www.valcucine.com\/wp-content\/plugins\/revslider\/sr6\/assets\/assets\/dummy.png\" alt=\"Valcucine_New Logica_ kitchen integration with the architecture\" title=\"Valcucine_New Logica_ kitchen integration with the architecture\" width=\"2400\" height=\"1200\" class=\"rev-slidebg tp-rs-img rs-lazyload\" data-lazyload=\"\/\/www.valcucine.com\/wp-content\/uploads\/2024\/08\/Valcucine_New-Logica_-kitchen-integration-with-the-architecture-.jpg\" data-no-retina>\n<!---->\t\t\t\t\t<\/rs-slide>\n\t\t\t\t\t\t<rs-slide style=\"position: absolute;\" data-key=\"rs-1020\" data-title=\"Slide\" data-thumb=\"\/\/www.valcucine.com\/wp-content\/uploads\/2024\/08\/VELA-UNIT-3-50x100.jpg\" data-in=\"o:0;\" data-out=\"a:false;\">\n\t\t\t\t\t\t\t<img decoding=\"async\" src=\"\/\/www.valcucine.com\/wp-content\/plugins\/revslider\/sr6\/assets\/assets\/dummy.png\" alt=\"Vela Unit_Special Element Valcucin\" title=\"Vela Unit_Special Element Valcucin\" width=\"2000\" height=\"1400\" class=\"rev-slidebg tp-rs-img rs-lazyload\" data-lazyload=\"\/\/www.valcucine.com\/wp-content\/uploads\/2024\/08\/VELA-UNIT-3.jpg\" data-no-retina>\n<!---->\t\t\t\t\t<\/rs-slide>\n\t\t\t\t\t\t<rs-slide style=\"position: absolute;\" data-key=\"rs-1021\" data-title=\"Slide\" data-thumb=\"\/\/www.valcucine.com\/wp-content\/uploads\/2024\/08\/Valcucine_New-Logica_integrated-with-the-architecture_2-50x100.jpg\" data-in=\"o:0;\" data-out=\"a:false;\">\n\t\t\t\t\t\t\t<img decoding=\"async\" src=\"\/\/www.valcucine.com\/wp-content\/plugins\/revslider\/sr6\/assets\/assets\/dummy.png\" alt=\"\" title=\"Valcucine_New Logica_integrated with the architecture_2\" width=\"800\" height=\"400\" class=\"rev-slidebg tp-rs-img rs-lazyload\" data-lazyload=\"\/\/www.valcucine.com\/wp-content\/uploads\/2024\/08\/Valcucine_New-Logica_integrated-with-the-architecture_2.jpg\" data-no-retina>\n<!---->\t\t\t\t\t<\/rs-slide>\n\t\t\t\t\t\t<rs-slide style=\"position: absolute;\" data-key=\"rs-1022\" data-title=\"Slide\" data-thumb=\"\/\/www.valcucine.com\/wp-content\/uploads\/2024\/08\/DSC7889_ph-Michele-Salucci-ImmaginAria-50x100.jpg\" data-in=\"o:0;\" data-out=\"a:false;\">\n\t\t\t\t\t\t\t<img decoding=\"async\" src=\"\/\/www.valcucine.com\/wp-content\/plugins\/revslider\/sr6\/assets\/assets\/dummy.png\" alt=\"\" title=\"_DSC7889_ph Michele Salucci ImmaginAria\" width=\"800\" height=\"456\" class=\"rev-slidebg tp-rs-img rs-lazyload\" data-lazyload=\"\/\/www.valcucine.com\/wp-content\/uploads\/2024\/08\/DSC7889_ph-Michele-Salucci-ImmaginAria.jpg\" data-no-retina>\n<!---->\t\t\t\t\t<\/rs-slide>\n\t\t\t\t\t\t<rs-slide style=\"position: absolute;\" data-key=\"rs-1023\" data-title=\"Slide\" data-thumb=\"\/\/www.valcucine.com\/wp-content\/uploads\/2024\/08\/DSC7849_ph-Michele-Salucci-ImmaginAria_Milano-Design-Week-2024-50x100.jpg\" data-in=\"o:0;\" data-out=\"a:false;\">\n\t\t\t\t\t\t\t<img decoding=\"async\" src=\"\/\/www.valcucine.com\/wp-content\/plugins\/revslider\/sr6\/assets\/assets\/dummy.png\" alt=\"\" title=\"_DSC7849_ph Michele Salucci ImmaginAria_Milano Design Week 2024\" width=\"2000\" height=\"1106\" class=\"rev-slidebg tp-rs-img rs-lazyload\" data-lazyload=\"\/\/www.valcucine.com\/wp-content\/uploads\/2024\/08\/DSC7849_ph-Michele-Salucci-ImmaginAria_Milano-Design-Week-2024.jpg\" data-no-retina>\n<!---->\t\t\t\t\t<\/rs-slide>\n\t\t\t\t\t<\/rs-slides>\n\t\t\t\t<\/rs-module>\n\t\t\t\t<script>\n\t\t\t\t\tsetREVStartSize({c: 'rev_slider_221_1',rl:[1240,1024,778,480],el:[900],gw:[1240],gh:[900],type:'standard',justify:'',layout:'fullwidth',mh:\"0\"});if (window.RS_MODULES!==undefined && window.RS_MODULES.modules!==undefined && window.RS_MODULES.modules[\"revslider2211\"]!==undefined) {window.RS_MODULES.modules[\"revslider2211\"].once = false;window.revapi221 = undefined;if (window.RS_MODULES.checkMinimal!==undefined) window.RS_MODULES.checkMinimal()}\n\t\t\t\t<\/script>\n\t\t\t<\/rs-module-wrap>\n\t\t\t<!-- END REVOLUTION SLIDER -->\n[\/vc_column][\/vc_row][vc_row el_class=\u00bbpt-6&#8243; css=\u00bb.vc_custom_1711706221520{padding-top: 40px !important;padding-bottom: 40px !important;}\u00bb][vc_column]\n        \n        <h1 class=\"text-center  main__title__h1  \" style=\"color:#333333;\"> \n\n         Integraci\u00f3n arquitect\u00f3nica\n        \n        <\/h1>\n        \n        <h2 class=\"text-center  main__title__h2  \" style=\"color:#333333;\"> \n\n         Soluciones t\u00e9cnicas, acabados y dispositivos para integrar las cocinas en el proyecto arquitect\u00f3nico\n        \n        <\/h2>[\/vc_column][\/vc_row][vc_row][vc_column][vc_column_text]La integraci\u00f3n del proyecto arquitect\u00f3nico con la arquitectura se ha vuelto indispensable en el proceso de dise\u00f1o de cocinas de alta gama; esta conciencia gu\u00eda nuestras actividades de desarrollo de productos.[\/vc_column_text][\/vc_column][\/vc_row][vc_row css=\u00bb.vc_custom_1709741045295{margin-top: 10px !important;}\u00bb][vc_column width=\u00bb1\/2&#8243;][vc_single_image image=\u00bb19608&#8243; img_size=\u00bb500&#215;300&#8243; alignment=\u00bbcenter\u00bb][\/vc_column][vc_column width=\u00bb1\/2&#8243;][vc_empty_space][vc_column_text]Valcucine ha desarrollado varias soluciones para integrar las cocinas y Elementos Especiales en los proyectos de arquitectos y dise\u00f1adores de interiores. El elemento especial\u00a0<strong>New Logica<\/strong>\u00a0ha sido enriquecido con la posibilidad de desarrollo vertical. La introducci\u00f3n de un panel especial de cobertura del caracter\u00edstico balanc\u00edn permite un mayor contenido en toda la altura de la pared y la posibilidad de integrar y alinear la cocina con las columnas.<\/p>\n<p>La soluci\u00f3n est\u00e1 disponible tambi\u00e9n sobre las puertas de balanc\u00edn de\u00a0<strong>New Logica, el Colgante Aerius, y Colgante Latus\u00a0<\/strong>se pueden realizar en los acabados de las puertas Artematica (excluyendo Vitrum Velato y m\u00e1rmol, granito y arenisca no disponibles, por necesidades de ligereza, en la puerta basculante), ofreciendo continuidad visual a cada proyecto con elementos especiales.[\/vc_column_text][\/vc_column][\/vc_row][vc_row css=\u00bb.vc_custom_1709741045295{margin-top: 10px !important;}\u00bb][vc_column width=\u00bb1\/2&#8243;][vc_empty_space][vc_column_text]Adem\u00e1s del vidrio, material distintivo de Valcucine, y los metales preciosos, el uso de acabados como el <strong>MDi, el Laminam y el Fenix\u00ae<\/strong> \u2013 habitualmente utilizados en superficies arquitect\u00f3nicas \u2013 se extiende tambi\u00e9n a las puertas correderas y basculantes de los elementos especiales, facilitando el dise\u00f1o y la integraci\u00f3n con la arquitectura en un enfoque de dise\u00f1o de 360\u00b0. El acabado Fenix\u00ae tambi\u00e9n puede revestir las paredes adyacentes al mueble Vela, creando una superficie uniforme y continua. De esta manera, el mueble Vela se convierte en un elemento de mobiliario perfectamente integrado en la arquitectura del entorno dom\u00e9stico.[\/vc_column_text][\/vc_column][vc_column width=\u00bb1\/2&#8243;][vc_single_image image=\u00bb19613&#8243; img_size=\u00bb500&#215;300&#8243; alignment=\u00bbcenter\u00bb][\/vc_column][\/vc_row][vc_row css=\u00bb.vc_custom_1709741045295{margin-top: 10px !important;}\u00bb][vc_column width=\u00bb1\/2&#8243;][vc_single_image image=\u00bb19618&#8243; img_size=\u00bb500&#215;300&#8243; alignment=\u00bbcenter\u00bb][\/vc_column][vc_column width=\u00bb1\/2&#8243;][vc_empty_space][vc_column_text]El acabado Fenix\u00ae tambi\u00e9n puede cubrir las paredes adyacentes al mueble colgante Vela, permitiendo crear una superficie uniforme y continua. De este modo, el mueble <strong>colgante Vela<\/strong> se convierte en un elemento de mobiliario perfectamente integrado en la arquitectura del espacio dom\u00e9stico.[\/vc_column_text][\/vc_column][\/vc_row][vc_row css=\u00bb.vc_custom_1709741045295{margin-top: 10px !important;}\u00bb][vc_column width=\u00bb1\/2&#8243;][vc_empty_space][vc_column_text]El\u00a0<strong>Colgante Cielo,\u00a0<\/strong>dise\u00f1ado con estanter\u00edas de aluminio, est\u00e1 dise\u00f1ado para resaltar el revestimiento de la pared. El Colgante Cielo es modular seg\u00fan las necesidades: perfecto para albergar tanto objetos valiosos como de uso diario, tambi\u00e9n puede alojar la campana extractora, que se integra perfectamente en la estructura. As\u00ed se pueden crear soluciones de dise\u00f1o din\u00e1micas que juegan con la alternancia de elementos abiertos y compartimentos cerrados, manteniendo siempre un efecto est\u00e9tico de gran ligereza.[\/vc_column_text][\/vc_column][vc_column width=\u00bb1\/2&#8243;][vc_single_image image=\u00bb19623&#8243; img_size=\u00bb500&#215;300&#8243; alignment=\u00bbcenter\u00bb][\/vc_column][\/vc_row][vc_row css=\u00bb.vc_custom_1709741045295{margin-top: 10px !important;}\u00bb][vc_column width=\u00bb1\/2&#8243;][vc_single_image image=\u00bb19628&#8243; img_size=\u00bb500&#215;300&#8243; alignment=\u00bbcenter\u00bb][\/vc_column][vc_column width=\u00bb1\/2&#8243;][vc_empty_space][vc_column_text]<sub>\u00a0<\/sub>La b\u00fasqueda de integraci\u00f3n de la cocina en la arquitectura del espacio tambi\u00e9n se refleja en la creaci\u00f3n de una nueva puerta, alineada y en continuidad con el acabado de las puertas, creando un aspecto armonioso y sorprendentes aperturas hacia otras zonas de la casa.[\/vc_column_text][\/vc_column][\/vc_row][vc_row][vc_column][vc_separator color=\u00bbcustom\u00bb el_width=\u00bb10&#8243; accent_color=\u00bb#666666&#8243;][\/vc_column][\/vc_row]<\/p>\n<\/div>","protected":false},"excerpt":{"rendered":"<p>[vc_row][vc_column][\/vc_column][\/vc_row][vc_row el_class=\u00bbpt-6&#8243; css=\u00bb.vc_custom_1711706221520{padding-top: 40px !important;padding-bottom: 40px !important;}\u00bb][vc_column][\/vc_column][\/vc_row][vc_row][vc_column][vc_column_text]La integraci\u00f3n del proyecto arquitect\u00f3nico con la arquitectura se ha vuelto indispensable en el proceso de dise\u00f1o de cocinas de alta gama; esta conciencia gu\u00eda nuestras actividades de desarrollo de productos.[\/vc_column_text][\/vc_column][\/vc_row][vc_row css=\u00bb.vc_custom_1709741045295{margin-top: 10px !important;}\u00bb][vc_column width=\u00bb1\/2&#8243;][vc_single_image image=\u00bb19608&#8243; img_size=\u00bb500&#215;300&#8243; alignment=\u00bbcenter\u00bb][\/vc_column][vc_column width=\u00bb1\/2&#8243;][vc_empty_space][vc_column_text]Valcucine ha desarrollado varias soluciones para integrar las cocinas y Elementos [&hellip;]<\/p>\n","protected":false},"author":2,"featured_media":0,"parent":14784,"menu_order":0,"comment_status":"closed","ping_status":"closed","template":"","meta":{"footnotes":""},"class_list":["post-19660","page","type-page","status-publish","hentry"],"yoast_head":"<!-- This site is optimized with the Yoast SEO plugin v26.2 - https:\/\/yoast.com\/wordpress\/plugins\/seo\/ -->\n<title>Integraci\u00f3n arquitect\u00f3nica - Valcucine<\/title>\n<meta name=\"description\" content=\"Valcucine apuesta por la integraci\u00f3n arquitect\u00f3nica con soluciones que combinan dise\u00f1o, innovaci\u00f3n y funcionalidad.\" \/>\n<meta name=\"robots\" content=\"index, follow, max-snippet:-1, max-image-preview:large, max-video-preview:-1\" \/>\n<link rel=\"canonical\" href=\"https:\/\/www.valcucine.com\/es\/elementos-caractersticos\/integracion-arquitectonica\/\" \/>\n<meta property=\"og:locale\" content=\"es_ES\" \/>\n<meta property=\"og:type\" content=\"article\" \/>\n<meta property=\"og:title\" content=\"Integraci\u00f3n arquitect\u00f3nica - Valcucine\" \/>\n<meta property=\"og:description\" content=\"Valcucine apuesta por la integraci\u00f3n arquitect\u00f3nica con soluciones que combinan dise\u00f1o, innovaci\u00f3n y funcionalidad.\" \/>\n<meta property=\"og:url\" content=\"https:\/\/www.valcucine.com\/es\/elementos-caractersticos\/integracion-arquitectonica\/\" \/>\n<meta property=\"og:site_name\" content=\"Valcucine\" \/>\n<meta property=\"article:publisher\" content=\"https:\/\/www.facebook.com\/valcucine\/\" \/>\n<meta property=\"article:modified_time\" content=\"2025-07-02T11:43:53+00:00\" \/>\n<meta name=\"twitter:card\" content=\"summary_large_image\" \/>\n<meta name=\"twitter:label1\" content=\"Tiempo de lectura\" \/>\n\t<meta name=\"twitter:data1\" content=\"3 minutos\" \/>\n<script type=\"application\/ld+json\" class=\"yoast-schema-graph\">{\"@context\":\"https:\/\/schema.org\",\"@graph\":[{\"@type\":\"WebPage\",\"@id\":\"https:\/\/www.valcucine.com\/es\/elementos-caractersticos\/integracion-arquitectonica\/\",\"url\":\"https:\/\/www.valcucine.com\/es\/elementos-caractersticos\/integracion-arquitectonica\/\",\"name\":\"Integraci\u00f3n arquitect\u00f3nica - Valcucine\",\"isPartOf\":{\"@id\":\"https:\/\/www.valcucine.com\/#website\"},\"datePublished\":\"2024-08-20T14:23:52+00:00\",\"dateModified\":\"2025-07-02T11:43:53+00:00\",\"description\":\"Valcucine apuesta por la integraci\u00f3n arquitect\u00f3nica con soluciones que combinan dise\u00f1o, innovaci\u00f3n y funcionalidad.\",\"breadcrumb\":{\"@id\":\"https:\/\/www.valcucine.com\/es\/elementos-caractersticos\/integracion-arquitectonica\/#breadcrumb\"},\"inLanguage\":\"es\",\"potentialAction\":[{\"@type\":\"ReadAction\",\"target\":[\"https:\/\/www.valcucine.com\/es\/elementos-caractersticos\/integracion-arquitectonica\/\"]}]},{\"@type\":\"BreadcrumbList\",\"@id\":\"https:\/\/www.valcucine.com\/es\/elementos-caractersticos\/integracion-arquitectonica\/#breadcrumb\",\"itemListElement\":[{\"@type\":\"ListItem\",\"position\":1,\"name\":\"Valcucine\",\"item\":\"https:\/\/www.valcucine.com\/es\/\"},{\"@type\":\"ListItem\",\"position\":2,\"name\":\"Elementos caracter\u00ecsticos\",\"item\":\"https:\/\/www.valcucine.com\/es\/elementos-caractersticos\/\"},{\"@type\":\"ListItem\",\"position\":3,\"name\":\"Integraci\u00f3n arquitect\u00f3nica\"}]},{\"@type\":\"WebSite\",\"@id\":\"https:\/\/www.valcucine.com\/#website\",\"url\":\"https:\/\/www.valcucine.com\/\",\"name\":\"Valcucine\",\"description\":\"\",\"publisher\":{\"@id\":\"https:\/\/www.valcucine.com\/#organization\"},\"potentialAction\":[{\"@type\":\"SearchAction\",\"target\":{\"@type\":\"EntryPoint\",\"urlTemplate\":\"https:\/\/www.valcucine.com\/?s={search_term_string}\"},\"query-input\":{\"@type\":\"PropertyValueSpecification\",\"valueRequired\":true,\"valueName\":\"search_term_string\"}}],\"inLanguage\":\"es\"},{\"@type\":\"Organization\",\"@id\":\"https:\/\/www.valcucine.com\/#organization\",\"name\":\"Valcucine\",\"url\":\"https:\/\/www.valcucine.com\/\",\"logo\":{\"@type\":\"ImageObject\",\"inLanguage\":\"es\",\"@id\":\"https:\/\/www.valcucine.com\/#\/schema\/logo\/image\/\",\"url\":\"https:\/\/www.valcucine.com\/wp-content\/uploads\/2024\/02\/logo-valcucine.webp?wsr\",\"contentUrl\":\"https:\/\/www.valcucine.com\/wp-content\/uploads\/2024\/02\/logo-valcucine.webp?wsr\",\"width\":288,\"height\":46,\"caption\":\"Valcucine\"},\"image\":{\"@id\":\"https:\/\/www.valcucine.com\/#\/schema\/logo\/image\/\"},\"sameAs\":[\"https:\/\/www.facebook.com\/valcucine\/\",\"https:\/\/www.instagram.com\/valcucine\/\",\"https:\/\/www.linkedin.com\/company\/valcucine\"]}]}<\/script>\n<!-- \/ Yoast SEO plugin. -->","yoast_head_json":{"title":"Integraci\u00f3n arquitect\u00f3nica - Valcucine","description":"Valcucine apuesta por la integraci\u00f3n arquitect\u00f3nica con soluciones que combinan dise\u00f1o, innovaci\u00f3n y funcionalidad.","robots":{"index":"index","follow":"follow","max-snippet":"max-snippet:-1","max-image-preview":"max-image-preview:large","max-video-preview":"max-video-preview:-1"},"canonical":"https:\/\/www.valcucine.com\/es\/elementos-caractersticos\/integracion-arquitectonica\/","og_locale":"es_ES","og_type":"article","og_title":"Integraci\u00f3n arquitect\u00f3nica - Valcucine","og_description":"Valcucine apuesta por la integraci\u00f3n arquitect\u00f3nica con soluciones que combinan dise\u00f1o, innovaci\u00f3n y funcionalidad.","og_url":"https:\/\/www.valcucine.com\/es\/elementos-caractersticos\/integracion-arquitectonica\/","og_site_name":"Valcucine","article_publisher":"https:\/\/www.facebook.com\/valcucine\/","article_modified_time":"2025-07-02T11:43:53+00:00","twitter_card":"summary_large_image","twitter_misc":{"Tiempo de lectura":"3 minutos"},"schema":{"@context":"https:\/\/schema.org","@graph":[{"@type":"WebPage","@id":"https:\/\/www.valcucine.com\/es\/elementos-caractersticos\/integracion-arquitectonica\/","url":"https:\/\/www.valcucine.com\/es\/elementos-caractersticos\/integracion-arquitectonica\/","name":"Integraci\u00f3n arquitect\u00f3nica - Valcucine","isPartOf":{"@id":"https:\/\/www.valcucine.com\/#website"},"datePublished":"2024-08-20T14:23:52+00:00","dateModified":"2025-07-02T11:43:53+00:00","description":"Valcucine apuesta por la integraci\u00f3n arquitect\u00f3nica con soluciones que combinan dise\u00f1o, innovaci\u00f3n y funcionalidad.","breadcrumb":{"@id":"https:\/\/www.valcucine.com\/es\/elementos-caractersticos\/integracion-arquitectonica\/#breadcrumb"},"inLanguage":"es","potentialAction":[{"@type":"ReadAction","target":["https:\/\/www.valcucine.com\/es\/elementos-caractersticos\/integracion-arquitectonica\/"]}]},{"@type":"BreadcrumbList","@id":"https:\/\/www.valcucine.com\/es\/elementos-caractersticos\/integracion-arquitectonica\/#breadcrumb","itemListElement":[{"@type":"ListItem","position":1,"name":"Valcucine","item":"https:\/\/www.valcucine.com\/es\/"},{"@type":"ListItem","position":2,"name":"Elementos caracter\u00ecsticos","item":"https:\/\/www.valcucine.com\/es\/elementos-caractersticos\/"},{"@type":"ListItem","position":3,"name":"Integraci\u00f3n arquitect\u00f3nica"}]},{"@type":"WebSite","@id":"https:\/\/www.valcucine.com\/#website","url":"https:\/\/www.valcucine.com\/","name":"Valcucine","description":"","publisher":{"@id":"https:\/\/www.valcucine.com\/#organization"},"potentialAction":[{"@type":"SearchAction","target":{"@type":"EntryPoint","urlTemplate":"https:\/\/www.valcucine.com\/?s={search_term_string}"},"query-input":{"@type":"PropertyValueSpecification","valueRequired":true,"valueName":"search_term_string"}}],"inLanguage":"es"},{"@type":"Organization","@id":"https:\/\/www.valcucine.com\/#organization","name":"Valcucine","url":"https:\/\/www.valcucine.com\/","logo":{"@type":"ImageObject","inLanguage":"es","@id":"https:\/\/www.valcucine.com\/#\/schema\/logo\/image\/","url":"https:\/\/www.valcucine.com\/wp-content\/uploads\/2024\/02\/logo-valcucine.webp?wsr","contentUrl":"https:\/\/www.valcucine.com\/wp-content\/uploads\/2024\/02\/logo-valcucine.webp?wsr","width":288,"height":46,"caption":"Valcucine"},"image":{"@id":"https:\/\/www.valcucine.com\/#\/schema\/logo\/image\/"},"sameAs":["https:\/\/www.facebook.com\/valcucine\/","https:\/\/www.instagram.com\/valcucine\/","https:\/\/www.linkedin.com\/company\/valcucine"]}]}},"_links":{"self":[{"href":"https:\/\/www.valcucine.com\/es\/wp-json\/wp\/v2\/pages\/19660","targetHints":{"allow":["GET"]}}],"collection":[{"href":"https:\/\/www.valcucine.com\/es\/wp-json\/wp\/v2\/pages"}],"about":[{"href":"https:\/\/www.valcucine.com\/es\/wp-json\/wp\/v2\/types\/page"}],"author":[{"embeddable":true,"href":"https:\/\/www.valcucine.com\/es\/wp-json\/wp\/v2\/users\/2"}],"replies":[{"embeddable":true,"href":"https:\/\/www.valcucine.com\/es\/wp-json\/wp\/v2\/comments?post=19660"}],"version-history":[{"count":3,"href":"https:\/\/www.valcucine.com\/es\/wp-json\/wp\/v2\/pages\/19660\/revisions"}],"predecessor-version":[{"id":48071,"href":"https:\/\/www.valcucine.com\/es\/wp-json\/wp\/v2\/pages\/19660\/revisions\/48071"}],"up":[{"embeddable":true,"href":"https:\/\/www.valcucine.com\/es\/wp-json\/wp\/v2\/pages\/14784"}],"wp:attachment":[{"href":"https:\/\/www.valcucine.com\/es\/wp-json\/wp\/v2\/media?parent=19660"}],"curies":[{"name":"wp","href":"https:\/\/api.w.org\/{rel}","templated":true}]}}