{"id":19830,"date":"2024-08-20T11:59:37","date_gmt":"2024-08-20T11:59:37","guid":{"rendered":"https:\/\/devel.valcucine.com\/prestaciones-especiales\/mesas\/table-connexus\/"},"modified":"2024-08-21T12:38:23","modified_gmt":"2024-08-21T12:38:23","slug":"mesa-connexus","status":"publish","type":"page","link":"https:\/\/www.valcucine.com\/es\/prestaciones-especiales\/mesas\/mesa-connexus\/","title":{"rendered":"Mesa Connexus"},"content":{"rendered":"<div class=\"wpb-content-wrapper\"><p>[vc_row][vc_column]\n\t\t\t<!-- START TAVOLO CONNEXUS REVOLUTION SLIDER 6.7.38 --><p class=\"rs-p-wp-fix\"><\/p>\n\t\t\t<rs-module-wrap id=\"rev_slider_217_1_wrapper\" data-source=\"gallery\" style=\"visibility:hidden;background:transparent;padding:0;margin:0px auto;margin-top:0;margin-bottom:0;\">\n\t\t\t\t<rs-module id=\"rev_slider_217_1\" style=\"\" data-version=\"6.7.38\">\n\t\t\t\t\t<rs-slides style=\"overflow: hidden; position: absolute;\">\n\t\t\t\t\t\t<rs-slide style=\"position: absolute;\" data-key=\"rs-1013\" data-title=\"Slide\" data-in=\"o:0;\" data-out=\"a:false;\">\n\t\t\t\t\t\t\t<img decoding=\"async\" src=\"\/\/www.valcucine.com\/wp-content\/plugins\/revslider\/sr6\/assets\/assets\/dummy.png\" alt=\"CONNEXUS TABLE\" title=\"CONNEXUS TABLE\" width=\"1000\" height=\"701\" class=\"rev-slidebg tp-rs-img rs-lazyload\" data-lazyload=\"\/\/www.valcucine.com\/wp-content\/uploads\/2024\/08\/CONNEXUS-TABLE-scaled.jpg\" data-no-retina>\n<!---->\t\t\t\t\t<\/rs-slide>\n\t\t\t\t\t<\/rs-slides>\n\t\t\t\t<\/rs-module>\n\t\t\t\t<script>\n\t\t\t\t\tsetREVStartSize({c: 'rev_slider_217_1',rl:[1240,1024,778,480],el:[900],gw:[1240],gh:[900],type:'standard',justify:'',layout:'fullwidth',mh:\"0\"});if (window.RS_MODULES!==undefined && window.RS_MODULES.modules!==undefined && window.RS_MODULES.modules[\"revslider2171\"]!==undefined) {window.RS_MODULES.modules[\"revslider2171\"].once = false;window.revapi217 = undefined;if (window.RS_MODULES.checkMinimal!==undefined) window.RS_MODULES.checkMinimal()}\n\t\t\t\t<\/script>\n\t\t\t<\/rs-module-wrap>\n\t\t\t<!-- END REVOLUTION SLIDER -->\n[\/vc_column][\/vc_row][vc_row][vc_column]\n        \n        <h1 class=\"text-center  main__title__h1  vc_custom_1724243878588 \" style=\"color:#333333;\"> \n\n         Mesa Connexus\n        \n        <\/h1>[\/vc_column][\/vc_row][vc_row][vc_column][vc_column_text]<\/p>\n<div class=\"text\">\n<p>Inspirada en un estilo de vida contempor\u00e1neo, la mesa Connexus se conecta con la cocina y se convierte en parte integral de la misma. La zona operativa y los momentos compartidos se funden en una perfecta armon\u00eda de l\u00edneas y formas. El espesor de 6 u 8 cm dibuja la l\u00ednea de la mesa y define su volumen, una referencia expl\u00edcita a las proporciones Valcucine. La ligereza, el principio que inspira cada elemento del proyecto, queda remarcada por la pata de acero negro que suspende el tablero de la mesa, garantizando la m\u00e1xima estabilidad. O bien es la misma secci\u00f3n del tablero que se pliega lateralmente hacia el suelo para formar la pata, creando una forma \u00aben L\u00bb con un dise\u00f1o esencial.<\/p>\n<\/div>\n<p>[\/vc_column_text][\/vc_column][\/vc_row]<\/p>\n<\/div>","protected":false},"excerpt":{"rendered":"<p>[vc_row][vc_column][\/vc_column][\/vc_row][vc_row][vc_column][\/vc_column][\/vc_row][vc_row][vc_column][vc_column_text] Inspirada en un estilo de vida contempor\u00e1neo, la mesa Connexus se conecta con la cocina y se convierte en parte integral de la misma. La zona operativa y los momentos compartidos se funden en una perfecta armon\u00eda de l\u00edneas y formas. El espesor de 6 u 8 cm dibuja la l\u00ednea de la mesa [&hellip;]<\/p>\n","protected":false},"author":2,"featured_media":0,"parent":19819,"menu_order":0,"comment_status":"closed","ping_status":"closed","template":"","meta":{"footnotes":""},"class_list":["post-19830","page","type-page","status-publish","hentry"],"yoast_head":"<!-- This site is optimized with the Yoast SEO plugin v26.2 - https:\/\/yoast.com\/wordpress\/plugins\/seo\/ -->\n<title>Mesa Connexus - Valcucine<\/title>\n<meta name=\"robots\" content=\"index, follow, max-snippet:-1, max-image-preview:large, max-video-preview:-1\" \/>\n<link rel=\"canonical\" href=\"https:\/\/www.valcucine.com\/es\/prestaciones-especiales\/mesas\/mesa-connexus\/\" \/>\n<meta property=\"og:locale\" content=\"es_ES\" \/>\n<meta property=\"og:type\" content=\"article\" \/>\n<meta property=\"og:title\" content=\"Mesa Connexus - Valcucine\" \/>\n<meta property=\"og:description\" content=\"[vc_row][vc_column][\/vc_column][\/vc_row][vc_row][vc_column][\/vc_column][\/vc_row][vc_row][vc_column][vc_column_text] Inspirada en un estilo de vida contempor\u00e1neo, la mesa Connexus se conecta con la cocina y se convierte en parte integral de la misma. La zona operativa y los momentos compartidos se funden en una perfecta armon\u00eda de l\u00edneas y formas. El espesor de 6 u 8 cm dibuja la l\u00ednea de la mesa [&hellip;]\" \/>\n<meta property=\"og:url\" content=\"https:\/\/www.valcucine.com\/es\/prestaciones-especiales\/mesas\/mesa-connexus\/\" \/>\n<meta property=\"og:site_name\" content=\"Valcucine\" \/>\n<meta property=\"article:publisher\" content=\"https:\/\/www.facebook.com\/valcucine\/\" \/>\n<meta property=\"article:modified_time\" content=\"2024-08-21T12:38:23+00:00\" \/>\n<meta name=\"twitter:card\" content=\"summary_large_image\" \/>\n<meta name=\"twitter:label1\" content=\"Tiempo de lectura\" \/>\n\t<meta name=\"twitter:data1\" content=\"1 minuto\" \/>\n<script type=\"application\/ld+json\" class=\"yoast-schema-graph\">{\"@context\":\"https:\/\/schema.org\",\"@graph\":[{\"@type\":\"WebPage\",\"@id\":\"https:\/\/www.valcucine.com\/es\/prestaciones-especiales\/mesas\/mesa-connexus\/\",\"url\":\"https:\/\/www.valcucine.com\/es\/prestaciones-especiales\/mesas\/mesa-connexus\/\",\"name\":\"Mesa Connexus - Valcucine\",\"isPartOf\":{\"@id\":\"https:\/\/www.valcucine.com\/#website\"},\"datePublished\":\"2024-08-20T11:59:37+00:00\",\"dateModified\":\"2024-08-21T12:38:23+00:00\",\"breadcrumb\":{\"@id\":\"https:\/\/www.valcucine.com\/es\/prestaciones-especiales\/mesas\/mesa-connexus\/#breadcrumb\"},\"inLanguage\":\"es\",\"potentialAction\":[{\"@type\":\"ReadAction\",\"target\":[\"https:\/\/www.valcucine.com\/es\/prestaciones-especiales\/mesas\/mesa-connexus\/\"]}]},{\"@type\":\"BreadcrumbList\",\"@id\":\"https:\/\/www.valcucine.com\/es\/prestaciones-especiales\/mesas\/mesa-connexus\/#breadcrumb\",\"itemListElement\":[{\"@type\":\"ListItem\",\"position\":1,\"name\":\"Valcucine\",\"item\":\"https:\/\/www.valcucine.com\/es\/\"},{\"@type\":\"ListItem\",\"position\":2,\"name\":\"Elementos Especiales\",\"item\":\"https:\/\/www.valcucine.com\/es\/prestaciones-especiales\/\"},{\"@type\":\"ListItem\",\"position\":3,\"name\":\"Mesas\",\"item\":\"https:\/\/www.valcucine.com\/es\/prestaciones-especiales\/mesas\/\"},{\"@type\":\"ListItem\",\"position\":4,\"name\":\"Mesa Connexus\"}]},{\"@type\":\"WebSite\",\"@id\":\"https:\/\/www.valcucine.com\/#website\",\"url\":\"https:\/\/www.valcucine.com\/\",\"name\":\"Valcucine\",\"description\":\"\",\"publisher\":{\"@id\":\"https:\/\/www.valcucine.com\/#organization\"},\"potentialAction\":[{\"@type\":\"SearchAction\",\"target\":{\"@type\":\"EntryPoint\",\"urlTemplate\":\"https:\/\/www.valcucine.com\/?s={search_term_string}\"},\"query-input\":{\"@type\":\"PropertyValueSpecification\",\"valueRequired\":true,\"valueName\":\"search_term_string\"}}],\"inLanguage\":\"es\"},{\"@type\":\"Organization\",\"@id\":\"https:\/\/www.valcucine.com\/#organization\",\"name\":\"Valcucine\",\"url\":\"https:\/\/www.valcucine.com\/\",\"logo\":{\"@type\":\"ImageObject\",\"inLanguage\":\"es\",\"@id\":\"https:\/\/www.valcucine.com\/#\/schema\/logo\/image\/\",\"url\":\"https:\/\/www.valcucine.com\/wp-content\/uploads\/2024\/02\/logo-valcucine.webp?wsr\",\"contentUrl\":\"https:\/\/www.valcucine.com\/wp-content\/uploads\/2024\/02\/logo-valcucine.webp?wsr\",\"width\":288,\"height\":46,\"caption\":\"Valcucine\"},\"image\":{\"@id\":\"https:\/\/www.valcucine.com\/#\/schema\/logo\/image\/\"},\"sameAs\":[\"https:\/\/www.facebook.com\/valcucine\/\",\"https:\/\/www.instagram.com\/valcucine\/\",\"https:\/\/www.linkedin.com\/company\/valcucine\"]}]}<\/script>\n<!-- \/ Yoast SEO plugin. -->","yoast_head_json":{"title":"Mesa Connexus - Valcucine","robots":{"index":"index","follow":"follow","max-snippet":"max-snippet:-1","max-image-preview":"max-image-preview:large","max-video-preview":"max-video-preview:-1"},"canonical":"https:\/\/www.valcucine.com\/es\/prestaciones-especiales\/mesas\/mesa-connexus\/","og_locale":"es_ES","og_type":"article","og_title":"Mesa Connexus - Valcucine","og_description":"[vc_row][vc_column][\/vc_column][\/vc_row][vc_row][vc_column][\/vc_column][\/vc_row][vc_row][vc_column][vc_column_text] Inspirada en un estilo de vida contempor\u00e1neo, la mesa Connexus se conecta con la cocina y se convierte en parte integral de la misma. La zona operativa y los momentos compartidos se funden en una perfecta armon\u00eda de l\u00edneas y formas. El espesor de 6 u 8 cm dibuja la l\u00ednea de la mesa [&hellip;]","og_url":"https:\/\/www.valcucine.com\/es\/prestaciones-especiales\/mesas\/mesa-connexus\/","og_site_name":"Valcucine","article_publisher":"https:\/\/www.facebook.com\/valcucine\/","article_modified_time":"2024-08-21T12:38:23+00:00","twitter_card":"summary_large_image","twitter_misc":{"Tiempo de lectura":"1 minuto"},"schema":{"@context":"https:\/\/schema.org","@graph":[{"@type":"WebPage","@id":"https:\/\/www.valcucine.com\/es\/prestaciones-especiales\/mesas\/mesa-connexus\/","url":"https:\/\/www.valcucine.com\/es\/prestaciones-especiales\/mesas\/mesa-connexus\/","name":"Mesa Connexus - Valcucine","isPartOf":{"@id":"https:\/\/www.valcucine.com\/#website"},"datePublished":"2024-08-20T11:59:37+00:00","dateModified":"2024-08-21T12:38:23+00:00","breadcrumb":{"@id":"https:\/\/www.valcucine.com\/es\/prestaciones-especiales\/mesas\/mesa-connexus\/#breadcrumb"},"inLanguage":"es","potentialAction":[{"@type":"ReadAction","target":["https:\/\/www.valcucine.com\/es\/prestaciones-especiales\/mesas\/mesa-connexus\/"]}]},{"@type":"BreadcrumbList","@id":"https:\/\/www.valcucine.com\/es\/prestaciones-especiales\/mesas\/mesa-connexus\/#breadcrumb","itemListElement":[{"@type":"ListItem","position":1,"name":"Valcucine","item":"https:\/\/www.valcucine.com\/es\/"},{"@type":"ListItem","position":2,"name":"Elementos Especiales","item":"https:\/\/www.valcucine.com\/es\/prestaciones-especiales\/"},{"@type":"ListItem","position":3,"name":"Mesas","item":"https:\/\/www.valcucine.com\/es\/prestaciones-especiales\/mesas\/"},{"@type":"ListItem","position":4,"name":"Mesa Connexus"}]},{"@type":"WebSite","@id":"https:\/\/www.valcucine.com\/#website","url":"https:\/\/www.valcucine.com\/","name":"Valcucine","description":"","publisher":{"@id":"https:\/\/www.valcucine.com\/#organization"},"potentialAction":[{"@type":"SearchAction","target":{"@type":"EntryPoint","urlTemplate":"https:\/\/www.valcucine.com\/?s={search_term_string}"},"query-input":{"@type":"PropertyValueSpecification","valueRequired":true,"valueName":"search_term_string"}}],"inLanguage":"es"},{"@type":"Organization","@id":"https:\/\/www.valcucine.com\/#organization","name":"Valcucine","url":"https:\/\/www.valcucine.com\/","logo":{"@type":"ImageObject","inLanguage":"es","@id":"https:\/\/www.valcucine.com\/#\/schema\/logo\/image\/","url":"https:\/\/www.valcucine.com\/wp-content\/uploads\/2024\/02\/logo-valcucine.webp?wsr","contentUrl":"https:\/\/www.valcucine.com\/wp-content\/uploads\/2024\/02\/logo-valcucine.webp?wsr","width":288,"height":46,"caption":"Valcucine"},"image":{"@id":"https:\/\/www.valcucine.com\/#\/schema\/logo\/image\/"},"sameAs":["https:\/\/www.facebook.com\/valcucine\/","https:\/\/www.instagram.com\/valcucine\/","https:\/\/www.linkedin.com\/company\/valcucine"]}]}},"_links":{"self":[{"href":"https:\/\/www.valcucine.com\/es\/wp-json\/wp\/v2\/pages\/19830","targetHints":{"allow":["GET"]}}],"collection":[{"href":"https:\/\/www.valcucine.com\/es\/wp-json\/wp\/v2\/pages"}],"about":[{"href":"https:\/\/www.valcucine.com\/es\/wp-json\/wp\/v2\/types\/page"}],"author":[{"embeddable":true,"href":"https:\/\/www.valcucine.com\/es\/wp-json\/wp\/v2\/users\/2"}],"replies":[{"embeddable":true,"href":"https:\/\/www.valcucine.com\/es\/wp-json\/wp\/v2\/comments?post=19830"}],"version-history":[{"count":1,"href":"https:\/\/www.valcucine.com\/es\/wp-json\/wp\/v2\/pages\/19830\/revisions"}],"predecessor-version":[{"id":19831,"href":"https:\/\/www.valcucine.com\/es\/wp-json\/wp\/v2\/pages\/19830\/revisions\/19831"}],"up":[{"embeddable":true,"href":"https:\/\/www.valcucine.com\/es\/wp-json\/wp\/v2\/pages\/19819"}],"wp:attachment":[{"href":"https:\/\/www.valcucine.com\/es\/wp-json\/wp\/v2\/media?parent=19830"}],"curies":[{"name":"wp","href":"https:\/\/api.w.org\/{rel}","templated":true}]}}