{"id":42286,"date":"2024-12-06T09:01:05","date_gmt":"2024-12-06T09:01:05","guid":{"rendered":"https:\/\/www.valcucine.com\/?page_id=42286"},"modified":"2024-12-10T10:23:48","modified_gmt":"2024-12-10T10:23:48","slug":"sistema-pocket-door","status":"publish","type":"page","link":"https:\/\/www.valcucine.com\/es\/prestaciones-especiales\/sistema-pocket-door\/","title":{"rendered":"Sistema pocket door"},"content":{"rendered":"<div class=\"wpb-content-wrapper\"><p>[vc_row][vc_column]\n\t\t\t<!-- START POCKET DOOR SYSTEM REVOLUTION SLIDER 6.7.38 --><p class=\"rs-p-wp-fix\"><\/p>\n\t\t\t<rs-module-wrap id=\"rev_slider_243_1_wrapper\" data-source=\"gallery\" style=\"visibility:hidden;background:transparent;padding:0;margin:0px auto;margin-top:0;margin-bottom:0;\">\n\t\t\t\t<rs-module id=\"rev_slider_243_1\" style=\"\" data-version=\"6.7.38\">\n\t\t\t\t\t<rs-slides style=\"overflow: hidden; position: absolute;\">\n\t\t\t\t\t\t<rs-slide style=\"position: absolute;\" data-key=\"rs-1232\" data-title=\"Slide\" data-thumb=\"\/\/www.valcucine.com\/wp-content\/uploads\/2025\/01\/POCKET-DOOR-SYSTEM_OPEN1-50x100.jpg\" data-in=\"o:0;\" data-out=\"a:false;\">\n\t\t\t\t\t\t\t<img decoding=\"async\" src=\"\/\/www.valcucine.com\/wp-content\/plugins\/revslider\/sr6\/assets\/assets\/dummy.png\" alt=\"POCKET DOOR SYSTEM\" title=\"POCKET DOOR SYSTEM_OPEN1\" width=\"1200\" height=\"600\" class=\"rev-slidebg tp-rs-img rs-lazyload\" data-lazyload=\"\/\/www.valcucine.com\/wp-content\/uploads\/2025\/01\/POCKET-DOOR-SYSTEM_OPEN1.jpg\" data-no-retina>\n<!---->\t\t\t\t\t<\/rs-slide>\n\t\t\t\t\t\t<rs-slide style=\"position: absolute;\" data-key=\"rs-1233\" data-title=\"Slide\" data-thumb=\"\/\/www.valcucine.com\/wp-content\/uploads\/2025\/01\/POCKET-DOOR-SYSTEM_CLOSED1-50x100.jpg\" data-in=\"o:0;\" data-out=\"a:false;\">\n\t\t\t\t\t\t\t<img decoding=\"async\" src=\"\/\/www.valcucine.com\/wp-content\/plugins\/revslider\/sr6\/assets\/assets\/dummy.png\" alt=\"POCKET DOOR SYSTEM\" title=\"POCKET DOOR SYSTEM_CLOSED1\" width=\"1200\" height=\"600\" class=\"rev-slidebg tp-rs-img rs-lazyload\" data-lazyload=\"\/\/www.valcucine.com\/wp-content\/uploads\/2025\/01\/POCKET-DOOR-SYSTEM_CLOSED1.jpg\" data-no-retina>\n<!---->\t\t\t\t\t<\/rs-slide>\n\t\t\t\t\t<\/rs-slides>\n\t\t\t\t<\/rs-module>\n\t\t\t\t<script>\n\t\t\t\t\tsetREVStartSize({c: 'rev_slider_243_1',rl:[1240,1024,778,480],el:[900],gw:[1240],gh:[900],type:'standard',justify:'',layout:'fullwidth',mh:\"0\"});if (window.RS_MODULES!==undefined && window.RS_MODULES.modules!==undefined && window.RS_MODULES.modules[\"revslider2431\"]!==undefined) {window.RS_MODULES.modules[\"revslider2431\"].once = false;window.revapi243 = undefined;if (window.RS_MODULES.checkMinimal!==undefined) window.RS_MODULES.checkMinimal()}\n\t\t\t\t<\/script>\n\t\t\t<\/rs-module-wrap>\n\t\t\t<!-- END REVOLUTION SLIDER -->\n[\/vc_column][\/vc_row][vc_row full_width=\u00bbstretch_row_content_no_spaces\u00bb][vc_column]<div class='sticky__subslider d-none d-lg-block'><div class='sticky__subslider__wrapper container'><div class='sticky__subslider__wrapper__left'><span class='sticky__subslider__title'>Sistema pocket door:<\/span><\/div><div class='sticky__subslider__wrapper__right'><a href='https:\/\/www.valcucine.com\/store-locator\/' target='' rel=''><span>Trova rivenditore<\/span><\/a><a href='https:\/\/www.valcucine.com\/wp-content\/uploads\/2024\/03\/catalogo_ecosophia.pdf' target='' rel=''><span>Download catalogo<\/span><\/a><\/div><\/div><\/div>[\/vc_column][\/vc_row][vc_row][vc_column]\n        \n        <h1 class=\"text-center  main__title__h1  vc_custom_1733479622352 \" style=\"color:#333333;\"> \n\n         Sistema pocket door\n        \n        <\/h1>[\/vc_column][\/vc_row][vc_row][vc_column width=\u00bb1\/2&#8243;][vc_single_image image=\u00bb42462&#8243; img_size=\u00bbfull\u00bb][\/vc_column][vc_column width=\u00bb1\/2&#8243;][vc_empty_space][vc_column_text]El sistema Pocket door system ofrece nuevas posibilidades para crear espacios multifuncionales. Gracias a su tecnolog\u00eda completamente integrada, permite abrir horizontalmente toda la zona cuando sea necesario y volverla a cerrar con facilidad cuando no se necesite. Ya sea que se trate de una configuraci\u00f3n de una o dos puertas, la cocina puede quedar completamente oculta en un mueble espec\u00edfico.<\/p>\n<p>La puerta se mueve con fluidez,<strong> recogi\u00e9ndose<\/strong> y encaj\u00e1ndose en un compartimento lateral, dejando al descubierto el equipamiento interno y toda la zona de trabajo. De este modo, todo queda al alcance de la mano, listo para ser utilizado de la forma m\u00e1s pr\u00e1ctica y eficaz. Al terminar, la puerta vuelve a cerrarse, ocult\u00e1ndolo todo a la vista y restableciendo inmediatamente el orden, manteniendo la sala limpia y ordenada.[\/vc_column_text][\/vc_column][\/vc_row][vc_row][vc_column][vc_separator color=\u00bbcustom\u00bb el_width=\u00bb10&#8243; accent_color=\u00bb#666666&#8243;][\/vc_column][\/vc_row][vc_row css=\u00bb.vc_custom_1710836476451{margin-bottom: 40px !important;}\u00bb][vc_column]<div class='menu__page'><a href='https:\/\/www.valcucine.com\/es\/store-locator\/' target='' rel=''>ENCONTRAR UN DISTRIBUIDOR<\/a><a href='https:\/\/www.valcucine.com\/wp-content\/uploads\/2024\/03\/catalogo_ecosophia.pdf' target='_blank' rel=''>DESCARGAR CAT\u00c1LOGO<\/a><\/div>[\/vc_column][\/vc_row]<\/p>\n<\/div>","protected":false},"excerpt":{"rendered":"<p>[vc_row][vc_column][\/vc_column][\/vc_row][vc_row full_width=\u00bbstretch_row_content_no_spaces\u00bb][vc_column][\/vc_column][\/vc_row][vc_row][vc_column][\/vc_column][\/vc_row][vc_row][vc_column width=\u00bb1\/2&#8243;][vc_single_image image=\u00bb42462&#8243; img_size=\u00bbfull\u00bb][\/vc_column][vc_column width=\u00bb1\/2&#8243;][vc_empty_space][vc_column_text]El sistema Pocket door system ofrece nuevas posibilidades para crear espacios multifuncionales. Gracias a su tecnolog\u00eda completamente integrada, permite abrir horizontalmente toda la zona cuando sea necesario y volverla a cerrar con facilidad cuando no se necesite. Ya sea que se trate de una configuraci\u00f3n de una o dos puertas, [&hellip;]<\/p>\n","protected":false},"author":2,"featured_media":0,"parent":15032,"menu_order":0,"comment_status":"closed","ping_status":"closed","template":"","meta":{"footnotes":""},"class_list":["post-42286","page","type-page","status-publish","hentry"],"yoast_head":"<!-- This site is optimized with the Yoast SEO plugin v26.2 - https:\/\/yoast.com\/wordpress\/plugins\/seo\/ -->\n<title>Sistema pocket door - Valcucine<\/title>\n<meta name=\"description\" content=\"El sistema Pocket door system ofrece nuevas posibilidades para crear espacios multifuncionales. Gracias a su tecnolog\u00eda completamente integrada, permite abrir horizontalmente toda la zona cuando sea necesario y volverla a cerrar con facilidad cuando no se necesite. Ya sea que se trate de una configuraci\u00f3n de una o dos puertas, la cocina puede quedar completamente oculta en un mueble espec\u00edfico.\" \/>\n<meta name=\"robots\" content=\"index, follow, max-snippet:-1, max-image-preview:large, max-video-preview:-1\" \/>\n<link rel=\"canonical\" href=\"https:\/\/www.valcucine.com\/es\/prestaciones-especiales\/sistema-pocket-door\/\" \/>\n<meta property=\"og:locale\" content=\"es_ES\" \/>\n<meta property=\"og:type\" content=\"article\" \/>\n<meta property=\"og:title\" content=\"Sistema pocket door - Valcucine\" \/>\n<meta property=\"og:description\" content=\"El sistema Pocket door system ofrece nuevas posibilidades para crear espacios multifuncionales. Gracias a su tecnolog\u00eda completamente integrada, permite abrir horizontalmente toda la zona cuando sea necesario y volverla a cerrar con facilidad cuando no se necesite. Ya sea que se trate de una configuraci\u00f3n de una o dos puertas, la cocina puede quedar completamente oculta en un mueble espec\u00edfico.\" \/>\n<meta property=\"og:url\" content=\"https:\/\/www.valcucine.com\/es\/prestaciones-especiales\/sistema-pocket-door\/\" \/>\n<meta property=\"og:site_name\" content=\"Valcucine\" \/>\n<meta property=\"article:publisher\" content=\"https:\/\/www.facebook.com\/valcucine\/\" \/>\n<meta property=\"article:modified_time\" content=\"2024-12-10T10:23:48+00:00\" \/>\n<meta name=\"twitter:card\" content=\"summary_large_image\" \/>\n<meta name=\"twitter:label1\" content=\"Tiempo de lectura\" \/>\n\t<meta name=\"twitter:data1\" content=\"2 minutos\" \/>\n<script type=\"application\/ld+json\" class=\"yoast-schema-graph\">{\"@context\":\"https:\/\/schema.org\",\"@graph\":[{\"@type\":\"WebPage\",\"@id\":\"https:\/\/www.valcucine.com\/es\/prestaciones-especiales\/sistema-pocket-door\/\",\"url\":\"https:\/\/www.valcucine.com\/es\/prestaciones-especiales\/sistema-pocket-door\/\",\"name\":\"Sistema pocket door - Valcucine\",\"isPartOf\":{\"@id\":\"https:\/\/www.valcucine.com\/#website\"},\"datePublished\":\"2024-12-06T09:01:05+00:00\",\"dateModified\":\"2024-12-10T10:23:48+00:00\",\"description\":\"El sistema Pocket door system ofrece nuevas posibilidades para crear espacios multifuncionales. Gracias a su tecnolog\u00eda completamente integrada, permite abrir horizontalmente toda la zona cuando sea necesario y volverla a cerrar con facilidad cuando no se necesite. Ya sea que se trate de una configuraci\u00f3n de una o dos puertas, la cocina puede quedar completamente oculta en un mueble espec\u00edfico.\",\"breadcrumb\":{\"@id\":\"https:\/\/www.valcucine.com\/es\/prestaciones-especiales\/sistema-pocket-door\/#breadcrumb\"},\"inLanguage\":\"es\",\"potentialAction\":[{\"@type\":\"ReadAction\",\"target\":[\"https:\/\/www.valcucine.com\/es\/prestaciones-especiales\/sistema-pocket-door\/\"]}]},{\"@type\":\"BreadcrumbList\",\"@id\":\"https:\/\/www.valcucine.com\/es\/prestaciones-especiales\/sistema-pocket-door\/#breadcrumb\",\"itemListElement\":[{\"@type\":\"ListItem\",\"position\":1,\"name\":\"Valcucine\",\"item\":\"https:\/\/www.valcucine.com\/es\/\"},{\"@type\":\"ListItem\",\"position\":2,\"name\":\"Elementos Especiales\",\"item\":\"https:\/\/www.valcucine.com\/es\/prestaciones-especiales\/\"},{\"@type\":\"ListItem\",\"position\":3,\"name\":\"Sistema pocket door\"}]},{\"@type\":\"WebSite\",\"@id\":\"https:\/\/www.valcucine.com\/#website\",\"url\":\"https:\/\/www.valcucine.com\/\",\"name\":\"Valcucine\",\"description\":\"\",\"publisher\":{\"@id\":\"https:\/\/www.valcucine.com\/#organization\"},\"potentialAction\":[{\"@type\":\"SearchAction\",\"target\":{\"@type\":\"EntryPoint\",\"urlTemplate\":\"https:\/\/www.valcucine.com\/?s={search_term_string}\"},\"query-input\":{\"@type\":\"PropertyValueSpecification\",\"valueRequired\":true,\"valueName\":\"search_term_string\"}}],\"inLanguage\":\"es\"},{\"@type\":\"Organization\",\"@id\":\"https:\/\/www.valcucine.com\/#organization\",\"name\":\"Valcucine\",\"url\":\"https:\/\/www.valcucine.com\/\",\"logo\":{\"@type\":\"ImageObject\",\"inLanguage\":\"es\",\"@id\":\"https:\/\/www.valcucine.com\/#\/schema\/logo\/image\/\",\"url\":\"https:\/\/www.valcucine.com\/wp-content\/uploads\/2024\/02\/logo-valcucine.webp?wsr\",\"contentUrl\":\"https:\/\/www.valcucine.com\/wp-content\/uploads\/2024\/02\/logo-valcucine.webp?wsr\",\"width\":288,\"height\":46,\"caption\":\"Valcucine\"},\"image\":{\"@id\":\"https:\/\/www.valcucine.com\/#\/schema\/logo\/image\/\"},\"sameAs\":[\"https:\/\/www.facebook.com\/valcucine\/\",\"https:\/\/www.instagram.com\/valcucine\/\",\"https:\/\/www.linkedin.com\/company\/valcucine\"]}]}<\/script>\n<!-- \/ Yoast SEO plugin. -->","yoast_head_json":{"title":"Sistema pocket door - Valcucine","description":"El sistema Pocket door system ofrece nuevas posibilidades para crear espacios multifuncionales. Gracias a su tecnolog\u00eda completamente integrada, permite abrir horizontalmente toda la zona cuando sea necesario y volverla a cerrar con facilidad cuando no se necesite. Ya sea que se trate de una configuraci\u00f3n de una o dos puertas, la cocina puede quedar completamente oculta en un mueble espec\u00edfico.","robots":{"index":"index","follow":"follow","max-snippet":"max-snippet:-1","max-image-preview":"max-image-preview:large","max-video-preview":"max-video-preview:-1"},"canonical":"https:\/\/www.valcucine.com\/es\/prestaciones-especiales\/sistema-pocket-door\/","og_locale":"es_ES","og_type":"article","og_title":"Sistema pocket door - Valcucine","og_description":"El sistema Pocket door system ofrece nuevas posibilidades para crear espacios multifuncionales. Gracias a su tecnolog\u00eda completamente integrada, permite abrir horizontalmente toda la zona cuando sea necesario y volverla a cerrar con facilidad cuando no se necesite. Ya sea que se trate de una configuraci\u00f3n de una o dos puertas, la cocina puede quedar completamente oculta en un mueble espec\u00edfico.","og_url":"https:\/\/www.valcucine.com\/es\/prestaciones-especiales\/sistema-pocket-door\/","og_site_name":"Valcucine","article_publisher":"https:\/\/www.facebook.com\/valcucine\/","article_modified_time":"2024-12-10T10:23:48+00:00","twitter_card":"summary_large_image","twitter_misc":{"Tiempo de lectura":"2 minutos"},"schema":{"@context":"https:\/\/schema.org","@graph":[{"@type":"WebPage","@id":"https:\/\/www.valcucine.com\/es\/prestaciones-especiales\/sistema-pocket-door\/","url":"https:\/\/www.valcucine.com\/es\/prestaciones-especiales\/sistema-pocket-door\/","name":"Sistema pocket door - Valcucine","isPartOf":{"@id":"https:\/\/www.valcucine.com\/#website"},"datePublished":"2024-12-06T09:01:05+00:00","dateModified":"2024-12-10T10:23:48+00:00","description":"El sistema Pocket door system ofrece nuevas posibilidades para crear espacios multifuncionales. Gracias a su tecnolog\u00eda completamente integrada, permite abrir horizontalmente toda la zona cuando sea necesario y volverla a cerrar con facilidad cuando no se necesite. Ya sea que se trate de una configuraci\u00f3n de una o dos puertas, la cocina puede quedar completamente oculta en un mueble espec\u00edfico.","breadcrumb":{"@id":"https:\/\/www.valcucine.com\/es\/prestaciones-especiales\/sistema-pocket-door\/#breadcrumb"},"inLanguage":"es","potentialAction":[{"@type":"ReadAction","target":["https:\/\/www.valcucine.com\/es\/prestaciones-especiales\/sistema-pocket-door\/"]}]},{"@type":"BreadcrumbList","@id":"https:\/\/www.valcucine.com\/es\/prestaciones-especiales\/sistema-pocket-door\/#breadcrumb","itemListElement":[{"@type":"ListItem","position":1,"name":"Valcucine","item":"https:\/\/www.valcucine.com\/es\/"},{"@type":"ListItem","position":2,"name":"Elementos Especiales","item":"https:\/\/www.valcucine.com\/es\/prestaciones-especiales\/"},{"@type":"ListItem","position":3,"name":"Sistema pocket door"}]},{"@type":"WebSite","@id":"https:\/\/www.valcucine.com\/#website","url":"https:\/\/www.valcucine.com\/","name":"Valcucine","description":"","publisher":{"@id":"https:\/\/www.valcucine.com\/#organization"},"potentialAction":[{"@type":"SearchAction","target":{"@type":"EntryPoint","urlTemplate":"https:\/\/www.valcucine.com\/?s={search_term_string}"},"query-input":{"@type":"PropertyValueSpecification","valueRequired":true,"valueName":"search_term_string"}}],"inLanguage":"es"},{"@type":"Organization","@id":"https:\/\/www.valcucine.com\/#organization","name":"Valcucine","url":"https:\/\/www.valcucine.com\/","logo":{"@type":"ImageObject","inLanguage":"es","@id":"https:\/\/www.valcucine.com\/#\/schema\/logo\/image\/","url":"https:\/\/www.valcucine.com\/wp-content\/uploads\/2024\/02\/logo-valcucine.webp?wsr","contentUrl":"https:\/\/www.valcucine.com\/wp-content\/uploads\/2024\/02\/logo-valcucine.webp?wsr","width":288,"height":46,"caption":"Valcucine"},"image":{"@id":"https:\/\/www.valcucine.com\/#\/schema\/logo\/image\/"},"sameAs":["https:\/\/www.facebook.com\/valcucine\/","https:\/\/www.instagram.com\/valcucine\/","https:\/\/www.linkedin.com\/company\/valcucine"]}]}},"_links":{"self":[{"href":"https:\/\/www.valcucine.com\/es\/wp-json\/wp\/v2\/pages\/42286","targetHints":{"allow":["GET"]}}],"collection":[{"href":"https:\/\/www.valcucine.com\/es\/wp-json\/wp\/v2\/pages"}],"about":[{"href":"https:\/\/www.valcucine.com\/es\/wp-json\/wp\/v2\/types\/page"}],"author":[{"embeddable":true,"href":"https:\/\/www.valcucine.com\/es\/wp-json\/wp\/v2\/users\/2"}],"replies":[{"embeddable":true,"href":"https:\/\/www.valcucine.com\/es\/wp-json\/wp\/v2\/comments?post=42286"}],"version-history":[{"count":2,"href":"https:\/\/www.valcucine.com\/es\/wp-json\/wp\/v2\/pages\/42286\/revisions"}],"predecessor-version":[{"id":42469,"href":"https:\/\/www.valcucine.com\/es\/wp-json\/wp\/v2\/pages\/42286\/revisions\/42469"}],"up":[{"embeddable":true,"href":"https:\/\/www.valcucine.com\/es\/wp-json\/wp\/v2\/pages\/15032"}],"wp:attachment":[{"href":"https:\/\/www.valcucine.com\/es\/wp-json\/wp\/v2\/media?parent=42286"}],"curies":[{"name":"wp","href":"https:\/\/api.w.org\/{rel}","templated":true}]}}