{"id":44588,"date":"2024-03-15T08:43:34","date_gmt":"2024-03-15T08:43:34","guid":{"rendered":"https:\/\/www.valcucine.com\/multi-unit-kitchen-projects\/"},"modified":"2025-06-04T14:01:28","modified_gmt":"2025-06-04T14:01:28","slug":"proyectos-de-cocina-para-el-sector-contract","status":"publish","type":"page","link":"https:\/\/www.valcucine.com\/es\/proyectos-de-cocina-para-el-sector-contract\/","title":{"rendered":"Proyectos de cocina para el sector contract"},"content":{"rendered":"<div class=\"wpb-content-wrapper\"><p>[vc_row css=\u00bb.vc_custom_1709739912507{padding-top: 40px !important;padding-bottom: 40px !important;}\u00bb][vc_column]\n        \n        <h1 class=\"text-center  main__title__h1  \" style=\"color:#333333;\"> \n\n         Proyectos de cocina para el sector contract<br \/>\n\n        \n        <\/h1>\n        \n        <h2 class=\"text-center  main__title__h2  \" style=\"color:#333333;\"> \n\n         \u00bfQu\u00e9 significa \u201cproyectos de cocina para el sector contract\u201d para Valcucine?\n        \n        <\/h2>[\/vc_column][\/vc_row][vc_row][vc_column][vc_column_text]<\/p>\n<p class=\"\" data-start=\"324\" data-end=\"866\">Para Valcucine, el t\u00e9rmino \u201cproyectos de cocina para el sector contract\u201d hace referencia al suministro de cocinas para desarrollos residenciales de alta gama.<br data-start=\"482\" data-end=\"485\" \/>En la industria del mobiliario, especialmente en el mercado estadounidense, se habla mucho de proyectos contract, desarrollos residenciales con m\u00faltiples unidades y contratos de desarrollo inmobiliario. Pero no todos los proyectos contract son iguales: su definici\u00f3n y enfoque pueden variar seg\u00fan el tipo de producto, el servicio ofrecido y qui\u00e9n lo dise\u00f1a, produce y comercializa.<\/p>\n<p class=\"\" data-start=\"868\" data-end=\"1013\">En primer lugar, los \u201cproyectos de cocina para el sector contract\u201d forman parte del universo <strong data-start=\"961\" data-end=\"973\">contract<\/strong>, un \u00e1mbito mucho m\u00e1s amplio y complejo.<\/p>\n<p class=\"\" data-start=\"1015\" data-end=\"1257\">Un proyecto contract suele ser un proyecto llave en mano en el que todo o parte del mobiliario ha sido personalizado seg\u00fan las necesidades del proyecto de interiorismo, tal como lo especifica el estudio de arquitectura o dise\u00f1o de interiores.<\/p>\n<p class=\"\" data-start=\"1259\" data-end=\"1540\">Gracias a su capacidad de industrializaci\u00f3n del dise\u00f1o, a la tecnolog\u00eda de sus productos, a la amplia gama y modularidad de su cat\u00e1logo, a su flexibilidad y a su red de socios locales, Valcucine es capaz de ofrecer un servicio contract adaptado al mercado residencial de alta gama.<\/p>\n<p class=\"\" data-start=\"1542\" data-end=\"1976\">Un proyecto de cocina para el sector contract de Valcucine puede incluir solicitudes de mobiliario a medida que requieren una producci\u00f3n flexible. Los acabados especiales y el desarrollo de productos personalizados permiten satisfacer los distintos requisitos est\u00e9ticos y funcionales especificados en el proyecto. A lo largo de los a\u00f1os, hemos amueblado \u00e1ticos y apartamentos de lujo en el marco de desarrollos residenciales contract.<\/p>\n<p class=\"\" data-start=\"1978\" data-end=\"2208\">Para llevar a cabo proyectos de cocina para el sector contract, Valcucine interact\u00faa con estudios de arquitectura o dise\u00f1o de interiores, promotores inmobiliarios, propietarios de terrenos y contratistas generales o de interiores.<\/p>\n<p class=\"\" data-start=\"2210\" data-end=\"2471\">El estudio de arquitectura o dise\u00f1o de interiores participa en la fase inicial de definici\u00f3n de especificaciones. El arquitecto suele centrarse en las estructuras y la arquitectura, mientras que el dise\u00f1ador de interiores se ocupa del mobiliario y los acabados.<\/p>\n<p class=\"\" data-start=\"2473\" data-end=\"2618\">El contratista general dirige la organizaci\u00f3n del proyecto y puede estar apoyado por la empresa de compras y el responsable de control de costes.<\/p>\n<p class=\"\" data-start=\"2620\" data-end=\"2733\">Los fabricantes y subcontratistas \u2014que suministran la cocina del apartamento piloto\u2014 est\u00e1n al final de la cadena.<\/p>\n<p>[\/vc_column_text][\/vc_column][\/vc_row][vc_row][vc_column][vc_column_text]<\/p>\n<p class=\"\" data-start=\"2740\" data-end=\"3197\"><strong data-start=\"2740\" data-end=\"2850\">PARA LLEVAR A CABO PROYECTOS DE COCINA PARA EL SECTOR CONTRACT, VALCUCINE OFRECE LOS SIGUIENTES SERVICIOS:<\/strong><br data-start=\"2850\" data-end=\"2853\" \/>\u2013 Asesoramiento en planificaci\u00f3n de cocinas<br data-start=\"2896\" data-end=\"2899\" \/>\u2013 Apoyo durante la fase de dise\u00f1o del proyecto<br data-start=\"2945\" data-end=\"2948\" \/>\u2013 Creaci\u00f3n de moodboards y conceptos de color<br data-start=\"2993\" data-end=\"2996\" \/>\u2013 Personalizaci\u00f3n de productos<br data-start=\"3026\" data-end=\"3029\" \/>\u2013 Realizaci\u00f3n de renders fotorrealistas<br data-start=\"3068\" data-end=\"3071\" \/>\u2013 Suministro de informaci\u00f3n, manuales y fichas t\u00e9cnicas descriptivas<br data-start=\"3139\" data-end=\"3142\" \/>\u2013 Puesta en marcha<br data-start=\"3160\" data-end=\"3163\" \/>\u2013 Identificaci\u00f3n de socios locales<\/p>\n<p class=\"\" data-start=\"3199\" data-end=\"3313\">Para estos proyectos, Valcucine colabora con socios locales certificados especializados en interiorismo y cocinas.<\/p>\n<hr class=\"\" data-start=\"3315\" data-end=\"3318\" \/>\n<p class=\"\" data-start=\"3320\" data-end=\"3523\"><strong data-start=\"3320\" data-end=\"3381\">NUESTROS SOCIOS LOCALES OFRECEN LOS SIGUIENTES SERVICIOS:<\/strong><br data-start=\"3381\" data-end=\"3384\" \/>\u2013 Inspecci\u00f3n del sitio<br data-start=\"3406\" data-end=\"3409\" \/>\u2013 Toma de medidas<br data-start=\"3426\" data-end=\"3429\" \/>\u2013 Estudio de viabilidad<br data-start=\"3452\" data-end=\"3455\" \/>\u2013 Apoyo a la planificaci\u00f3n<br data-start=\"3481\" data-end=\"3484\" \/>\u2013 Montaje<br data-start=\"3493\" data-end=\"3496\" \/>\u2013 Pruebas<br data-start=\"3505\" data-end=\"3508\" \/>\u2013 Mantenimiento<\/p>\n<hr class=\"\" data-start=\"3525\" data-end=\"3528\" \/>\n<p class=\"\" data-start=\"3530\" data-end=\"3593\"><strong data-start=\"3530\" data-end=\"3593\">ADEM\u00c1S DE ESTOS SERVICIOS ESPEC\u00cdFICOS, VALCUCINE GARANTIZA:<\/strong><\/p>\n<p class=\"\" data-start=\"3595\" data-end=\"3729\"><strong data-start=\"3595\" data-end=\"3622\">CAPACIDAD DE PRODUCCI\u00d3N<\/strong><br data-start=\"3622\" data-end=\"3625\" \/>Valcucine puede fabricar cocinas en grandes cantidades, manteniendo siempre altos est\u00e1ndares de calidad.<\/p>\n<p class=\"\" data-start=\"3731\" data-end=\"4027\"><strong data-start=\"3731\" data-end=\"3748\">CR\u00c9DITOS LEED<\/strong><br data-start=\"3748\" data-end=\"3751\" \/>La certificaci\u00f3n LEED v4 BD+C e ID+C garantiza que nuestras cocinas pueden aportar hasta 11 cr\u00e9ditos LEED en las siguientes categor\u00edas:<br data-start=\"3886\" data-end=\"3889\" \/>WE \u2013 Eficiencia del agua<br data-start=\"3913\" data-end=\"3916\" \/>EA \u2013 Energ\u00eda y atm\u00f3sfera<br data-start=\"3940\" data-end=\"3943\" \/>MR \u2013 Materiales y recursos<br data-start=\"3969\" data-end=\"3972\" \/>EQ \u2013 Calidad ambiental interior<br data-start=\"4003\" data-end=\"4006\" \/>IN \u2013 Cr\u00e9dito piloto<\/p>\n<p class=\"\" data-start=\"4029\" data-end=\"4081\">Consulta la matriz de contribuci\u00f3n LEED de Valcucine<\/p>\n<p class=\"\" data-start=\"4083\" data-end=\"4222\"><strong data-start=\"4083\" data-end=\"4126\">M\u00c1XIMA FLEXIBILIDAD EN LA PLANIFICACI\u00d3N<\/strong><br data-start=\"4126\" data-end=\"4129\" \/>Los proyectistas pueden especificar distintos acabados para un mismo desarrollo inmobiliario.<\/p>\n<p class=\"\" data-start=\"4224\" data-end=\"4354\"><strong data-start=\"4224\" data-end=\"4274\">PRODUCTOS ESPECIALES Y ACABADOS PERSONALIZADOS<\/strong><br data-start=\"4274\" data-end=\"4277\" \/>Puertas, encimeras y elementos de cocina con acabados especiales disponibles.<\/p>\n<p class=\"\" data-start=\"4356\" data-end=\"4529\"><strong data-start=\"4356\" data-end=\"4387\">GESTI\u00d3N DE PEDIDOS CONTRACT<\/strong><br data-start=\"4387\" data-end=\"4390\" \/>Valcucine puede coordinar la producci\u00f3n y entrega de las cocinas, organiz\u00e1ndose con socios locales para las fases de entrega e instalaci\u00f3n.<\/p>\n<p class=\"\" data-start=\"4531\" data-end=\"4789\"><strong data-start=\"4531\" data-end=\"4572\">PRODUCTO ENTREGADO TOTALMENTE MONTADO<\/strong><br data-start=\"4572\" data-end=\"4575\" \/>Los muebles de Valcucine se entregan completamente montados: cada pieza, incluidos los tiradores y los accesorios interiores, se monta en f\u00e1brica. Esto facilita la instalaci\u00f3n in situ y reduce el riesgo de errores.<\/p>\n<p class=\"\" data-start=\"4791\" data-end=\"5070\"><strong data-start=\"4791\" data-end=\"4836\">TECNOLOG\u00cdA DE COCINA DE \u00daLTIMA GENERACI\u00d3N<\/strong><br data-start=\"4836\" data-end=\"4839\" \/>Las cocinas Valcucine incluyen cajones y puertas de cierre autom\u00e1tico, puertas y estantes de vidrio, puertas sin bisagras, puertas fabricadas \u00edntegramente en aluminio y bases dise\u00f1adas para desmontarse al final de su ciclo de vida.<\/p>\n<p class=\"\" data-start=\"5072\" data-end=\"5577\"><strong data-start=\"5072\" data-end=\"5120\">SISTEMAS ERGON\u00d3MICOS DE COCINA DE VANGUARDIA<\/strong><br data-start=\"5120\" data-end=\"5123\" \/>Nuestras cocinas est\u00e1n dise\u00f1adas para satisfacer m\u00faltiples exigencias funcionales y ergon\u00f3micas. Elementos especiales garantizan una soluci\u00f3n ergon\u00f3mica adaptada a diferentes necesidades. Las alturas y profundidades se ajustan al usuario, optimizando la visibilidad y facilitando cada movimiento, desde acceder a los muebles altos hasta abrir puertas. Las proporciones y funcionalidades est\u00e1n pensadas para maximizar la simplicidad y la seguridad de uso.<\/p>\n<p class=\"\" data-start=\"5579\" data-end=\"5985\"><strong data-start=\"5579\" data-end=\"5611\">MATERIALES DE COCINA SEGUROS<\/strong><br data-start=\"5611\" data-end=\"5614\" \/>El objetivo principal de todos nuestros proyectos es la salud y el bienestar de los usuarios. Esto solo se puede lograr respetando plenamente al ser humano y su entorno. Nuestra conciencia medioambiental nos lleva a reducir al m\u00ednimo las emisiones t\u00f3xicas, eliminar compuestos peligrosos como el formaldeh\u00eddo, utilizar barnices al agua y controlar sustancias radiactivas.<\/p>\n<p class=\"\" data-start=\"5987\" data-end=\"6790\"><strong data-start=\"5987\" data-end=\"6022\">REDUCCI\u00d3N DEL IMPACTO AMBIENTAL<\/strong><br data-start=\"6022\" data-end=\"6025\" \/>Mejorar el bienestar humano tambi\u00e9n significa respetar la riqueza y la singularidad del planeta. Por eso, nuestros proyectos m\u00e1s importantes tambi\u00e9n son los m\u00e1s justos, \u00e9ticos y responsables. Desde el dise\u00f1o buscamos reducir la cantidad total de materiales utilizados y su impacto ambiental. Esto lo garantizan nuestras certificaciones ISO14001 y FSC\u00ae, y el cumplimiento de los requisitos LEED v4.1.<\/p>\n<p class=\"\" data-start=\"5987\" data-end=\"6790\"><br data-start=\"6424\" data-end=\"6427\" \/>Con una visi\u00f3n sostenible, nuestra sede de Pordenone cuenta con un sistema fotovoltaico que cubre el 30\u202f% del consumo energ\u00e9tico de la empresa.<br data-start=\"6570\" data-end=\"6573\" \/>Adem\u00e1s, ya en 1998 creamos la asociaci\u00f3n sin \u00e1nimo de lucro Bioforest, con el objetivo de promover una cultura productiva m\u00e1s consciente y responsable, capaz de restaurar y proteger activamente los recursos naturales.<\/p>\n<p>[\/vc_column_text][\/vc_column][\/vc_row][vc_row css=\u00bb.vc_custom_1710778288217{margin-bottom: 40px !important;}\u00bb][vc_column][\/vc_column][\/vc_row]<\/p>\n<\/div>","protected":false},"excerpt":{"rendered":"<p>[vc_row css=\u00bb.vc_custom_1709739912507{padding-top: 40px !important;padding-bottom: 40px !important;}\u00bb][vc_column][\/vc_column][\/vc_row][vc_row][vc_column][vc_column_text] Para Valcucine, el t\u00e9rmino \u201cproyectos de cocina para el sector contract\u201d hace referencia al suministro de cocinas para desarrollos residenciales de alta gama.En la industria del mobiliario, especialmente en el mercado estadounidense, se habla mucho de proyectos contract, desarrollos residenciales con m\u00faltiples unidades y contratos de desarrollo inmobiliario. Pero [&hellip;]<\/p>\n","protected":false},"author":1,"featured_media":0,"parent":0,"menu_order":0,"comment_status":"closed","ping_status":"closed","template":"","meta":{"footnotes":""},"class_list":["post-44588","page","type-page","status-publish","hentry"],"yoast_head":"<!-- This site is optimized with the Yoast SEO plugin v26.2 - https:\/\/yoast.com\/wordpress\/plugins\/seo\/ -->\n<title>Proyectos de cocina para el sector contract<\/title>\n<meta name=\"description\" content=\"Soluciones a medida para proyectos de cocina para el sector contract: dise\u00f1o de alta gama, innovaci\u00f3n y servicios integrales para desarrollos residenciales exclusivos\" \/>\n<meta name=\"robots\" content=\"index, follow, max-snippet:-1, max-image-preview:large, max-video-preview:-1\" \/>\n<link rel=\"canonical\" href=\"https:\/\/www.valcucine.com\/es\/proyectos-de-cocina-para-el-sector-contract\/\" \/>\n<meta property=\"og:locale\" content=\"es_ES\" \/>\n<meta property=\"og:type\" content=\"article\" \/>\n<meta property=\"og:title\" content=\"Proyectos de cocina para el sector contract\" \/>\n<meta property=\"og:description\" content=\"Soluciones a medida para proyectos de cocina para el sector contract: dise\u00f1o de alta gama, innovaci\u00f3n y servicios integrales para desarrollos residenciales exclusivos\" \/>\n<meta property=\"og:url\" content=\"https:\/\/www.valcucine.com\/es\/proyectos-de-cocina-para-el-sector-contract\/\" \/>\n<meta property=\"og:site_name\" content=\"Valcucine\" \/>\n<meta property=\"article:publisher\" content=\"https:\/\/www.facebook.com\/valcucine\/\" \/>\n<meta property=\"article:modified_time\" content=\"2025-06-04T14:01:28+00:00\" \/>\n<meta name=\"twitter:card\" content=\"summary_large_image\" \/>\n<meta name=\"twitter:label1\" content=\"Tiempo de lectura\" \/>\n\t<meta name=\"twitter:data1\" content=\"6 minutos\" \/>\n<script type=\"application\/ld+json\" class=\"yoast-schema-graph\">{\"@context\":\"https:\/\/schema.org\",\"@graph\":[{\"@type\":\"WebPage\",\"@id\":\"https:\/\/www.valcucine.com\/es\/proyectos-de-cocina-para-el-sector-contract\/\",\"url\":\"https:\/\/www.valcucine.com\/es\/proyectos-de-cocina-para-el-sector-contract\/\",\"name\":\"Proyectos de cocina para el sector contract\",\"isPartOf\":{\"@id\":\"https:\/\/www.valcucine.com\/#website\"},\"datePublished\":\"2024-03-15T08:43:34+00:00\",\"dateModified\":\"2025-06-04T14:01:28+00:00\",\"description\":\"Soluciones a medida para proyectos de cocina para el sector contract: dise\u00f1o de alta gama, innovaci\u00f3n y servicios integrales para desarrollos residenciales exclusivos\",\"breadcrumb\":{\"@id\":\"https:\/\/www.valcucine.com\/es\/proyectos-de-cocina-para-el-sector-contract\/#breadcrumb\"},\"inLanguage\":\"es\",\"potentialAction\":[{\"@type\":\"ReadAction\",\"target\":[\"https:\/\/www.valcucine.com\/es\/proyectos-de-cocina-para-el-sector-contract\/\"]}]},{\"@type\":\"BreadcrumbList\",\"@id\":\"https:\/\/www.valcucine.com\/es\/proyectos-de-cocina-para-el-sector-contract\/#breadcrumb\",\"itemListElement\":[{\"@type\":\"ListItem\",\"position\":1,\"name\":\"Valcucine\",\"item\":\"https:\/\/www.valcucine.com\/es\/\"},{\"@type\":\"ListItem\",\"position\":2,\"name\":\"Proyectos de cocina para el sector contract\"}]},{\"@type\":\"WebSite\",\"@id\":\"https:\/\/www.valcucine.com\/#website\",\"url\":\"https:\/\/www.valcucine.com\/\",\"name\":\"Valcucine\",\"description\":\"\",\"publisher\":{\"@id\":\"https:\/\/www.valcucine.com\/#organization\"},\"potentialAction\":[{\"@type\":\"SearchAction\",\"target\":{\"@type\":\"EntryPoint\",\"urlTemplate\":\"https:\/\/www.valcucine.com\/?s={search_term_string}\"},\"query-input\":{\"@type\":\"PropertyValueSpecification\",\"valueRequired\":true,\"valueName\":\"search_term_string\"}}],\"inLanguage\":\"es\"},{\"@type\":\"Organization\",\"@id\":\"https:\/\/www.valcucine.com\/#organization\",\"name\":\"Valcucine\",\"url\":\"https:\/\/www.valcucine.com\/\",\"logo\":{\"@type\":\"ImageObject\",\"inLanguage\":\"es\",\"@id\":\"https:\/\/www.valcucine.com\/#\/schema\/logo\/image\/\",\"url\":\"https:\/\/www.valcucine.com\/wp-content\/uploads\/2024\/02\/logo-valcucine.webp?wsr\",\"contentUrl\":\"https:\/\/www.valcucine.com\/wp-content\/uploads\/2024\/02\/logo-valcucine.webp?wsr\",\"width\":288,\"height\":46,\"caption\":\"Valcucine\"},\"image\":{\"@id\":\"https:\/\/www.valcucine.com\/#\/schema\/logo\/image\/\"},\"sameAs\":[\"https:\/\/www.facebook.com\/valcucine\/\",\"https:\/\/www.instagram.com\/valcucine\/\",\"https:\/\/www.linkedin.com\/company\/valcucine\"]}]}<\/script>\n<!-- \/ Yoast SEO plugin. -->","yoast_head_json":{"title":"Proyectos de cocina para el sector contract","description":"Soluciones a medida para proyectos de cocina para el sector contract: dise\u00f1o de alta gama, innovaci\u00f3n y servicios integrales para desarrollos residenciales exclusivos","robots":{"index":"index","follow":"follow","max-snippet":"max-snippet:-1","max-image-preview":"max-image-preview:large","max-video-preview":"max-video-preview:-1"},"canonical":"https:\/\/www.valcucine.com\/es\/proyectos-de-cocina-para-el-sector-contract\/","og_locale":"es_ES","og_type":"article","og_title":"Proyectos de cocina para el sector contract","og_description":"Soluciones a medida para proyectos de cocina para el sector contract: dise\u00f1o de alta gama, innovaci\u00f3n y servicios integrales para desarrollos residenciales exclusivos","og_url":"https:\/\/www.valcucine.com\/es\/proyectos-de-cocina-para-el-sector-contract\/","og_site_name":"Valcucine","article_publisher":"https:\/\/www.facebook.com\/valcucine\/","article_modified_time":"2025-06-04T14:01:28+00:00","twitter_card":"summary_large_image","twitter_misc":{"Tiempo de lectura":"6 minutos"},"schema":{"@context":"https:\/\/schema.org","@graph":[{"@type":"WebPage","@id":"https:\/\/www.valcucine.com\/es\/proyectos-de-cocina-para-el-sector-contract\/","url":"https:\/\/www.valcucine.com\/es\/proyectos-de-cocina-para-el-sector-contract\/","name":"Proyectos de cocina para el sector contract","isPartOf":{"@id":"https:\/\/www.valcucine.com\/#website"},"datePublished":"2024-03-15T08:43:34+00:00","dateModified":"2025-06-04T14:01:28+00:00","description":"Soluciones a medida para proyectos de cocina para el sector contract: dise\u00f1o de alta gama, innovaci\u00f3n y servicios integrales para desarrollos residenciales exclusivos","breadcrumb":{"@id":"https:\/\/www.valcucine.com\/es\/proyectos-de-cocina-para-el-sector-contract\/#breadcrumb"},"inLanguage":"es","potentialAction":[{"@type":"ReadAction","target":["https:\/\/www.valcucine.com\/es\/proyectos-de-cocina-para-el-sector-contract\/"]}]},{"@type":"BreadcrumbList","@id":"https:\/\/www.valcucine.com\/es\/proyectos-de-cocina-para-el-sector-contract\/#breadcrumb","itemListElement":[{"@type":"ListItem","position":1,"name":"Valcucine","item":"https:\/\/www.valcucine.com\/es\/"},{"@type":"ListItem","position":2,"name":"Proyectos de cocina para el sector contract"}]},{"@type":"WebSite","@id":"https:\/\/www.valcucine.com\/#website","url":"https:\/\/www.valcucine.com\/","name":"Valcucine","description":"","publisher":{"@id":"https:\/\/www.valcucine.com\/#organization"},"potentialAction":[{"@type":"SearchAction","target":{"@type":"EntryPoint","urlTemplate":"https:\/\/www.valcucine.com\/?s={search_term_string}"},"query-input":{"@type":"PropertyValueSpecification","valueRequired":true,"valueName":"search_term_string"}}],"inLanguage":"es"},{"@type":"Organization","@id":"https:\/\/www.valcucine.com\/#organization","name":"Valcucine","url":"https:\/\/www.valcucine.com\/","logo":{"@type":"ImageObject","inLanguage":"es","@id":"https:\/\/www.valcucine.com\/#\/schema\/logo\/image\/","url":"https:\/\/www.valcucine.com\/wp-content\/uploads\/2024\/02\/logo-valcucine.webp?wsr","contentUrl":"https:\/\/www.valcucine.com\/wp-content\/uploads\/2024\/02\/logo-valcucine.webp?wsr","width":288,"height":46,"caption":"Valcucine"},"image":{"@id":"https:\/\/www.valcucine.com\/#\/schema\/logo\/image\/"},"sameAs":["https:\/\/www.facebook.com\/valcucine\/","https:\/\/www.instagram.com\/valcucine\/","https:\/\/www.linkedin.com\/company\/valcucine"]}]}},"_links":{"self":[{"href":"https:\/\/www.valcucine.com\/es\/wp-json\/wp\/v2\/pages\/44588","targetHints":{"allow":["GET"]}}],"collection":[{"href":"https:\/\/www.valcucine.com\/es\/wp-json\/wp\/v2\/pages"}],"about":[{"href":"https:\/\/www.valcucine.com\/es\/wp-json\/wp\/v2\/types\/page"}],"author":[{"embeddable":true,"href":"https:\/\/www.valcucine.com\/es\/wp-json\/wp\/v2\/users\/1"}],"replies":[{"embeddable":true,"href":"https:\/\/www.valcucine.com\/es\/wp-json\/wp\/v2\/comments?post=44588"}],"version-history":[{"count":2,"href":"https:\/\/www.valcucine.com\/es\/wp-json\/wp\/v2\/pages\/44588\/revisions"}],"predecessor-version":[{"id":44590,"href":"https:\/\/www.valcucine.com\/es\/wp-json\/wp\/v2\/pages\/44588\/revisions\/44590"}],"wp:attachment":[{"href":"https:\/\/www.valcucine.com\/es\/wp-json\/wp\/v2\/media?parent=44588"}],"curies":[{"name":"wp","href":"https:\/\/api.w.org\/{rel}","templated":true}]}}