{"id":12246,"date":"2024-03-01T16:54:01","date_gmt":"2024-03-01T16:54:01","guid":{"rendered":"https:\/\/devel.valcucine.com\/societe\/mission-et-valeurs\/benessere-cucine\/"},"modified":"2025-06-04T13:45:34","modified_gmt":"2025-06-04T13:45:34","slug":"bien-etre-cuisine","status":"publish","type":"page","link":"https:\/\/www.valcucine.com\/fr\/societe\/mission-et-valeurs\/bien-etre-cuisine\/","title":{"rendered":"Bien-\u00eatre"},"content":{"rendered":"<div class=\"wpb-content-wrapper\"><p>[vc_row css=\u00a0\u00bb.vc_custom_1709740111226{padding-top: 40px !important;padding-bottom: 40px !important;}\u00a0\u00bb][vc_column]\n        \n        <h1 class=\"text-center  main__title__h1  \" style=\"color:#333333;\"> \n\n         Bien-\u00eatre\n        \n        <\/h1>[\/vc_column][\/vc_row][vc_row][vc_column][vc_column_text]Nous imaginons une cuisine qui offre un confort maximal et une grande libert\u00e9 de mouvement, fonctionnelle et r\u00e9pondant parfaitement aux n\u00e9cessit\u00e9s et aux besoins de ceux qui l\u2019utilisent.<\/p>\n<p>Un espace sensoriel o\u00f9 domine la mati\u00e8re, mais surtout sain parce qu\u2019il est exempt de toute substance toxique ou nocive pour l\u2019homme et l\u2019environnement. Un lieu dynamique qui s\u2019adapte aux besoins continuellement en \u00e9volution des personnes, facile \u00e0 utiliser et \u00e0 l\u2019int\u00e9rieur duquel on pourra se consacrer \u00e0 soi-m\u00eame et \u00e0 sa propre famille \u00e0 travers l\u2019\u00e9motion du go\u00fbt et des saveurs.[\/vc_column_text][\/vc_column][\/vc_row][vc_row][vc_column][vc_separator color=\u00a0\u00bbcustom\u00a0\u00bb el_width=\u00a0\u00bb10&Prime; accent_color=\u00a0\u00bb#333333&Prime;][\/vc_column][\/vc_row][vc_row css=\u00a0\u00bb.vc_custom_1709311982565{padding-bottom: 30px !important;}\u00a0\u00bb][vc_column]<div class=\"block__img__gradient\" style=\"background-image:url(https:\/\/www.valcucine.com\/wp-content\/uploads\/2024\/03\/5_ergonomic-in-the-kitchen-valcucine.jpg?wsr)\"><\/div><div class=\"block__img__gradient__content\"><h2 class='block__img__gradient__title'>Ergonomie<\/h2><p class='block__img__gradient__text'>L\u2019interaction parfaite avec les \u00e9l\u00e9ments de la cuisine en accro\u00eet l\u2019utilit\u00e9 et les performances, tout en am\u00e9liorant l\u2019exp\u00e9rience d\u2019utilisation. Voil\u00e0 pourquoi les ouvertures et les fermetures de nos meubles se font en douceur. Les hauteurs et les profondeurs ont \u00e9t\u00e9 con\u00e7ues selon les besoins sp\u00e9cifiques des utilisateurs, en optimisant la visibilit\u00e9 et en simplifiant les gestes, de l\u2019acc\u00e8s aux \u00e9l\u00e9ments hauts jusqu\u2019\u00e0 la pr\u00e9hension des portes. Des proportions et des fonctionnalit\u00e9s pens\u00e9es pour maximiser la simplicit\u00e9 et la s\u00e9curit\u00e9 d\u2019emploi.<\/p><\/div>[\/vc_column][\/vc_row][vc_row css=\u00a0\u00bb.vc_custom_1709311982565{padding-bottom: 30px !important;}\u00a0\u00bb][vc_column]<div class=\"block__img__gradient\" style=\"background-image:url(https:\/\/www.valcucine.com\/wp-content\/uploads\/2024\/03\/6_sensorialita-anta__0160.webp?wsr)\"><\/div><div class=\"block__img__gradient__content\"><h2 class='block__img__gradient__title'>SENSORIALIT\u00c9 DES MAT\u00c9RIAUX<\/h2><p class='block__img__gradient__text'>Les doigts touchent les surfaces, en percevant la chaleur, les formes et les sensations de la mati\u00e8re. En allant au-del\u00e0 de l\u2019impact visuel, la perception tactile r\u00e9v\u00e8le des \u00e9motions anciennes, protectrices et rassurantes. Le r\u00e9sultat est imm\u00e9diat : puissant comme la nature. Voil\u00e0 ce que nous voulons offrir avec nos cuisines, \u00e0 travers les transparences polies des verres, le parfum des bois, la r\u00e9sistance des pierres, le frisson que procurent les m\u00e9taux de qualit\u00e9.<\/p><\/div>[\/vc_column][\/vc_row][vc_row css=\u00a0\u00bb.vc_custom_1709311982565{padding-bottom: 30px !important;}\u00a0\u00bb][vc_column]<div class=\"block__img__gradient\" style=\"background-image:url(https:\/\/www.valcucine.com\/wp-content\/uploads\/2024\/03\/7_salubrita-e-atossicita.webp?wsr)\"><\/div><div class=\"block__img__gradient__content\"><h2 class='block__img__gradient__title'>SALUBRIT\u00c9, ET ATOXICIT\u00c9<\/h2><p class='block__img__gradient__text'>La sant\u00e9 et le bien-\u00eatre des personnes sont des objectifs de premier ordre dans chacun de nos projets. Et ce n\u2019est que le respect absolu de l\u2019homme et de l\u2019environnement o\u00f9 il vit, qui peut nous permettre de les obtenir. Telle est la ligne directrice de notre travail. Une prise de conscience qui assure une r\u00e9duction maximale des \u00e9missions toxiques, l\u2019\u00e9limination de compos\u00e9s dangereux ou nocifs comme le formald\u00e9hyde, l\u2019utilisation de vernis \u00e0 l\u2019eau et le contr\u00f4le des substances radioactives.<\/p><\/div>[\/vc_column][\/vc_row][vc_row css=\u00a0\u00bb.vc_custom_1710779177603{margin-bottom: 40px !important;padding-bottom: 30px !important;}\u00a0\u00bb][vc_column]<div class=\"block__img__gradient\" style=\"background-image:url(https:\/\/www.valcucine.com\/wp-content\/uploads\/2024\/03\/8_liberta.webp?wsr)\"><\/div><div class=\"block__img__gradient__content\"><h2 class='block__img__gradient__title'>SENSATION DE LIBERT\u00c9<\/h2><p class='block__img__gradient__text'>Une profonde inspiration. Lumi\u00e8re et espace, silence et l\u00e9g\u00e8ret\u00e9. D\u2019agr\u00e9ables sensations qui affleurent gr\u00e2ce \u00e0 la libert\u00e9 que nos \u00c9l\u00e9ments Particuliers offrent. La cuisine d\u00e9voile de nouvelles perspectives en \u00e9largissant la perception de profondeur, en offrant \u00e0 chaque projet le l\u00e9g\u00e8ret\u00e9 et la luminosit\u00e9 typiques des espaces ouverts. La lumi\u00e8re se diffuse semblable \u00e0 une fen\u00eatre ouverte sur le monde, qui r\u00e9chauffe et qui enveloppe la pi\u00e8ce en \u00e9largissant l\u2019espace, l\u2019ouverture et l\u2019int\u00e9gration avec le reste de l\u2019habitation<\/p><\/div>[\/vc_column][\/vc_row]<\/p>\n<\/div>","protected":false},"excerpt":{"rendered":"<p>[vc_row css=\u00a0\u00bb.vc_custom_1709740111226{padding-top: 40px !important;padding-bottom: 40px !important;}\u00a0\u00bb][vc_column][\/vc_column][\/vc_row][vc_row][vc_column][vc_column_text]Nous imaginons une cuisine qui offre un confort maximal et une grande libert\u00e9 de mouvement, fonctionnelle et r\u00e9pondant parfaitement aux n\u00e9cessit\u00e9s et aux besoins de ceux qui l\u2019utilisent. Un espace sensoriel o\u00f9 domine la mati\u00e8re, mais surtout sain parce qu\u2019il est exempt de toute substance toxique ou nocive pour l\u2019homme [&hellip;]<\/p>\n","protected":false},"author":1,"featured_media":0,"parent":12242,"menu_order":0,"comment_status":"closed","ping_status":"closed","template":"","meta":{"footnotes":""},"class_list":["post-12246","page","type-page","status-publish","hentry"],"yoast_head":"<!-- This site is optimized with the Yoast SEO plugin v26.2 - https:\/\/yoast.com\/wordpress\/plugins\/seo\/ -->\n<title>Bien-\u00eatre - Valcucine<\/title>\n<meta name=\"description\" content=\"D\u00e9couvrez comment Valcucine allie ergonomie, design et bien-\u00eatre pour une cuisine fonctionnelle, esth\u00e9tique et respectueuse de l\u2019environnement.\" \/>\n<meta name=\"robots\" content=\"index, follow, max-snippet:-1, max-image-preview:large, max-video-preview:-1\" \/>\n<link rel=\"canonical\" href=\"https:\/\/www.valcucine.com\/fr\/societe\/mission-et-valeurs\/bien-etre-cuisine\/\" \/>\n<meta property=\"og:locale\" content=\"fr_FR\" \/>\n<meta property=\"og:type\" content=\"article\" \/>\n<meta property=\"og:title\" content=\"Bien-\u00eatre - Valcucine\" \/>\n<meta property=\"og:description\" content=\"D\u00e9couvrez comment Valcucine allie ergonomie, design et bien-\u00eatre pour une cuisine fonctionnelle, esth\u00e9tique et respectueuse de l\u2019environnement.\" \/>\n<meta property=\"og:url\" content=\"https:\/\/www.valcucine.com\/fr\/societe\/mission-et-valeurs\/bien-etre-cuisine\/\" \/>\n<meta property=\"og:site_name\" content=\"Valcucine\" \/>\n<meta property=\"article:publisher\" content=\"https:\/\/www.facebook.com\/valcucine\/\" \/>\n<meta property=\"article:modified_time\" content=\"2025-06-04T13:45:34+00:00\" \/>\n<meta name=\"twitter:card\" content=\"summary_large_image\" \/>\n<meta name=\"twitter:label1\" content=\"Dur\u00e9e de lecture estim\u00e9e\" \/>\n\t<meta name=\"twitter:data1\" content=\"3 minutes\" \/>\n<script type=\"application\/ld+json\" class=\"yoast-schema-graph\">{\"@context\":\"https:\/\/schema.org\",\"@graph\":[{\"@type\":\"WebPage\",\"@id\":\"https:\/\/www.valcucine.com\/fr\/societe\/mission-et-valeurs\/bien-etre-cuisine\/\",\"url\":\"https:\/\/www.valcucine.com\/fr\/societe\/mission-et-valeurs\/bien-etre-cuisine\/\",\"name\":\"Bien-\u00eatre - Valcucine\",\"isPartOf\":{\"@id\":\"https:\/\/www.valcucine.com\/#website\"},\"datePublished\":\"2024-03-01T16:54:01+00:00\",\"dateModified\":\"2025-06-04T13:45:34+00:00\",\"description\":\"D\u00e9couvrez comment Valcucine allie ergonomie, design et bien-\u00eatre pour une cuisine fonctionnelle, esth\u00e9tique et respectueuse de l\u2019environnement.\",\"breadcrumb\":{\"@id\":\"https:\/\/www.valcucine.com\/fr\/societe\/mission-et-valeurs\/bien-etre-cuisine\/#breadcrumb\"},\"inLanguage\":\"fr-FR\",\"potentialAction\":[{\"@type\":\"ReadAction\",\"target\":[\"https:\/\/www.valcucine.com\/fr\/societe\/mission-et-valeurs\/bien-etre-cuisine\/\"]}]},{\"@type\":\"BreadcrumbList\",\"@id\":\"https:\/\/www.valcucine.com\/fr\/societe\/mission-et-valeurs\/bien-etre-cuisine\/#breadcrumb\",\"itemListElement\":[{\"@type\":\"ListItem\",\"position\":1,\"name\":\"Valcucine\",\"item\":\"https:\/\/www.valcucine.com\/fr\/\"},{\"@type\":\"ListItem\",\"position\":2,\"name\":\"Soci\u00e9t\u00e9\",\"item\":\"https:\/\/www.valcucine.com\/fr\/societe\/\"},{\"@type\":\"ListItem\",\"position\":3,\"name\":\"Mission et valeurs\",\"item\":\"https:\/\/www.valcucine.com\/fr\/societe\/mission-et-valeurs\/\"},{\"@type\":\"ListItem\",\"position\":4,\"name\":\"Bien-\u00eatre\"}]},{\"@type\":\"WebSite\",\"@id\":\"https:\/\/www.valcucine.com\/#website\",\"url\":\"https:\/\/www.valcucine.com\/\",\"name\":\"Valcucine\",\"description\":\"\",\"publisher\":{\"@id\":\"https:\/\/www.valcucine.com\/#organization\"},\"potentialAction\":[{\"@type\":\"SearchAction\",\"target\":{\"@type\":\"EntryPoint\",\"urlTemplate\":\"https:\/\/www.valcucine.com\/?s={search_term_string}\"},\"query-input\":{\"@type\":\"PropertyValueSpecification\",\"valueRequired\":true,\"valueName\":\"search_term_string\"}}],\"inLanguage\":\"fr-FR\"},{\"@type\":\"Organization\",\"@id\":\"https:\/\/www.valcucine.com\/#organization\",\"name\":\"Valcucine\",\"url\":\"https:\/\/www.valcucine.com\/\",\"logo\":{\"@type\":\"ImageObject\",\"inLanguage\":\"fr-FR\",\"@id\":\"https:\/\/www.valcucine.com\/#\/schema\/logo\/image\/\",\"url\":\"https:\/\/www.valcucine.com\/wp-content\/uploads\/2024\/02\/logo-valcucine.webp?wsr\",\"contentUrl\":\"https:\/\/www.valcucine.com\/wp-content\/uploads\/2024\/02\/logo-valcucine.webp?wsr\",\"width\":288,\"height\":46,\"caption\":\"Valcucine\"},\"image\":{\"@id\":\"https:\/\/www.valcucine.com\/#\/schema\/logo\/image\/\"},\"sameAs\":[\"https:\/\/www.facebook.com\/valcucine\/\",\"https:\/\/www.instagram.com\/valcucine\/\",\"https:\/\/www.linkedin.com\/company\/valcucine\"]}]}<\/script>\n<!-- \/ Yoast SEO plugin. -->","yoast_head_json":{"title":"Bien-\u00eatre - Valcucine","description":"D\u00e9couvrez comment Valcucine allie ergonomie, design et bien-\u00eatre pour une cuisine fonctionnelle, esth\u00e9tique et respectueuse de l\u2019environnement.","robots":{"index":"index","follow":"follow","max-snippet":"max-snippet:-1","max-image-preview":"max-image-preview:large","max-video-preview":"max-video-preview:-1"},"canonical":"https:\/\/www.valcucine.com\/fr\/societe\/mission-et-valeurs\/bien-etre-cuisine\/","og_locale":"fr_FR","og_type":"article","og_title":"Bien-\u00eatre - Valcucine","og_description":"D\u00e9couvrez comment Valcucine allie ergonomie, design et bien-\u00eatre pour une cuisine fonctionnelle, esth\u00e9tique et respectueuse de l\u2019environnement.","og_url":"https:\/\/www.valcucine.com\/fr\/societe\/mission-et-valeurs\/bien-etre-cuisine\/","og_site_name":"Valcucine","article_publisher":"https:\/\/www.facebook.com\/valcucine\/","article_modified_time":"2025-06-04T13:45:34+00:00","twitter_card":"summary_large_image","twitter_misc":{"Dur\u00e9e de lecture estim\u00e9e":"3 minutes"},"schema":{"@context":"https:\/\/schema.org","@graph":[{"@type":"WebPage","@id":"https:\/\/www.valcucine.com\/fr\/societe\/mission-et-valeurs\/bien-etre-cuisine\/","url":"https:\/\/www.valcucine.com\/fr\/societe\/mission-et-valeurs\/bien-etre-cuisine\/","name":"Bien-\u00eatre - Valcucine","isPartOf":{"@id":"https:\/\/www.valcucine.com\/#website"},"datePublished":"2024-03-01T16:54:01+00:00","dateModified":"2025-06-04T13:45:34+00:00","description":"D\u00e9couvrez comment Valcucine allie ergonomie, design et bien-\u00eatre pour une cuisine fonctionnelle, esth\u00e9tique et respectueuse de l\u2019environnement.","breadcrumb":{"@id":"https:\/\/www.valcucine.com\/fr\/societe\/mission-et-valeurs\/bien-etre-cuisine\/#breadcrumb"},"inLanguage":"fr-FR","potentialAction":[{"@type":"ReadAction","target":["https:\/\/www.valcucine.com\/fr\/societe\/mission-et-valeurs\/bien-etre-cuisine\/"]}]},{"@type":"BreadcrumbList","@id":"https:\/\/www.valcucine.com\/fr\/societe\/mission-et-valeurs\/bien-etre-cuisine\/#breadcrumb","itemListElement":[{"@type":"ListItem","position":1,"name":"Valcucine","item":"https:\/\/www.valcucine.com\/fr\/"},{"@type":"ListItem","position":2,"name":"Soci\u00e9t\u00e9","item":"https:\/\/www.valcucine.com\/fr\/societe\/"},{"@type":"ListItem","position":3,"name":"Mission et valeurs","item":"https:\/\/www.valcucine.com\/fr\/societe\/mission-et-valeurs\/"},{"@type":"ListItem","position":4,"name":"Bien-\u00eatre"}]},{"@type":"WebSite","@id":"https:\/\/www.valcucine.com\/#website","url":"https:\/\/www.valcucine.com\/","name":"Valcucine","description":"","publisher":{"@id":"https:\/\/www.valcucine.com\/#organization"},"potentialAction":[{"@type":"SearchAction","target":{"@type":"EntryPoint","urlTemplate":"https:\/\/www.valcucine.com\/?s={search_term_string}"},"query-input":{"@type":"PropertyValueSpecification","valueRequired":true,"valueName":"search_term_string"}}],"inLanguage":"fr-FR"},{"@type":"Organization","@id":"https:\/\/www.valcucine.com\/#organization","name":"Valcucine","url":"https:\/\/www.valcucine.com\/","logo":{"@type":"ImageObject","inLanguage":"fr-FR","@id":"https:\/\/www.valcucine.com\/#\/schema\/logo\/image\/","url":"https:\/\/www.valcucine.com\/wp-content\/uploads\/2024\/02\/logo-valcucine.webp?wsr","contentUrl":"https:\/\/www.valcucine.com\/wp-content\/uploads\/2024\/02\/logo-valcucine.webp?wsr","width":288,"height":46,"caption":"Valcucine"},"image":{"@id":"https:\/\/www.valcucine.com\/#\/schema\/logo\/image\/"},"sameAs":["https:\/\/www.facebook.com\/valcucine\/","https:\/\/www.instagram.com\/valcucine\/","https:\/\/www.linkedin.com\/company\/valcucine"]}]}},"_links":{"self":[{"href":"https:\/\/www.valcucine.com\/fr\/wp-json\/wp\/v2\/pages\/12246","targetHints":{"allow":["GET"]}}],"collection":[{"href":"https:\/\/www.valcucine.com\/fr\/wp-json\/wp\/v2\/pages"}],"about":[{"href":"https:\/\/www.valcucine.com\/fr\/wp-json\/wp\/v2\/types\/page"}],"author":[{"embeddable":true,"href":"https:\/\/www.valcucine.com\/fr\/wp-json\/wp\/v2\/users\/1"}],"replies":[{"embeddable":true,"href":"https:\/\/www.valcucine.com\/fr\/wp-json\/wp\/v2\/comments?post=12246"}],"version-history":[{"count":2,"href":"https:\/\/www.valcucine.com\/fr\/wp-json\/wp\/v2\/pages\/12246\/revisions"}],"predecessor-version":[{"id":12248,"href":"https:\/\/www.valcucine.com\/fr\/wp-json\/wp\/v2\/pages\/12246\/revisions\/12248"}],"up":[{"embeddable":true,"href":"https:\/\/www.valcucine.com\/fr\/wp-json\/wp\/v2\/pages\/12242"}],"wp:attachment":[{"href":"https:\/\/www.valcucine.com\/fr\/wp-json\/wp\/v2\/media?parent=12246"}],"curies":[{"name":"wp","href":"https:\/\/api.w.org\/{rel}","templated":true}]}}