{"id":12250,"date":"2024-03-11T11:22:54","date_gmt":"2024-03-11T11:22:54","guid":{"rendered":"https:\/\/devel.valcucine.com\/societe\/mission-et-valeurs\/durata\/"},"modified":"2025-06-04T13:49:12","modified_gmt":"2025-06-04T13:49:12","slug":"intemporel-cuisine","status":"publish","type":"page","link":"https:\/\/www.valcucine.com\/fr\/societe\/mission-et-valeurs\/intemporel-cuisine\/","title":{"rendered":"Intemporalit\u00e9"},"content":{"rendered":"<div class=\"wpb-content-wrapper\"><p>[vc_row css=\u00a0\u00bb.vc_custom_1709740111226{padding-top: 40px !important;padding-bottom: 40px !important;}\u00a0\u00bb][vc_column]\n        \n        <h1 class=\"text-center  main__title__h1  \" style=\"color:#333333;\"> \n\n         Intemporalit\u00e9\n        \n        <\/h1>[\/vc_column][\/vc_row][vc_row][vc_column][vc_column_text]Des compositions aux lignes esth\u00e9tiques d\u00e9finies, qui allient la recherche constante, l\u2019\u00e9l\u00e9gance ind\u00e9modable, la connaissance et l\u2019exp\u00e9rience. Une harmonie qui valorise chaque geste quotidien, avec la certitude d\u2019une fiabilit\u00e9 et d\u2019une dur\u00e9e maximales. Une philosophie qui va au-del\u00e0 du changement des modes et qui retient ce qui est essentiel et indispensable. C\u2019est le c\u0153ur de notre design, positif et concret.[\/vc_column_text][\/vc_column][\/vc_row][vc_row][vc_column][vc_separator color=\u00a0\u00bbcustom\u00a0\u00bb el_width=\u00a0\u00bb10&Prime; accent_color=\u00a0\u00bb#333333&Prime;][\/vc_column][\/vc_row][vc_row css=\u00a0\u00bb.vc_custom_1709311982565{padding-bottom: 30px !important;}\u00a0\u00bb][vc_column]<div class=\"block__img__gradient\" style=\"background-image:url(https:\/\/www.valcucine.com\/wp-content\/uploads\/2024\/03\/10_durabilta_bkg.webp?wsr)\"><\/div><div class=\"block__img__gradient__content\"><h2 class='block__img__gradient__title'>DUR\u00c9E<\/h2><p class='block__img__gradient__text'>Chaque d\u00e9tail de la cuisine devient synonyme d\u2019excellence, y compris ceux qui ne se voient pas imm\u00e9diatement, afin que chacune de nos cuisines soit intemporelle : la fermeture en douceur des portes, les caissons des \u00e9l\u00e9ments bas en agglom\u00e9r\u00e9 hydrofuge (\u00ab P3 \u00bb) ainsi que l\u2019utilisation de joints silicone indestructibles pour pr\u00e9venir toute infiltration d\u2019eau et la formation d\u2019humidit\u00e9. La dur\u00e9e et la fiabilit\u00e9 de nos mat\u00e9riaux sont le r\u00e9sultat d\u2019analyses continuelles sur la qualit\u00e9 et d\u2019essais techniques effectu\u00e9s pour assurer les plus hauts niveaux de r\u00e9sistance \u00e0 la lumi\u00e8re, \u00e0 la chaleur, aux chocs et aux taches.<\/p><\/div>[\/vc_column][\/vc_row][vc_row css=\u00a0\u00bb.vc_custom_1710779233886{margin-bottom: 40px !important;padding-bottom: 30px !important;}\u00a0\u00bb][vc_column]<div class=\"block__img__gradient\" style=\"background-image:url(https:\/\/www.valcucine.com\/wp-content\/uploads\/2024\/03\/36_modern-kitchen-with-mosaics-customisation.webp?wsr)\"><\/div><div class=\"block__img__gradient__content\"><h2 class='block__img__gradient__title'>Un design au-del\u00e0 des tendances<\/h2><p class='block__img__gradient__text'>\u200bAfin que la cuisine soit une v\u00e9ritable oasis de bien-\u00eatre, il faut en soigner chaque aspect, qu\u2019il soit macro ou micro. L\u2019attention que nous accordons aux d\u00e9tails concerne chaque \u00e9tape de la cr\u00e9ation, allant de l\u2019id\u00e9e jusqu\u2019\u00e0 l\u2019ex\u00e9cution. Tout a un sens. Le graphisme des lignes \u00e9pur\u00e9es et raffin\u00e9es. Les volumes purs, la l\u00e9g\u00e8ret\u00e9, les sensations ancestrales. Les mat\u00e9riaux innovants et la personnalisation d\u2019un espace qui raconte toujours une histoire. La beaut\u00e9 et la fonctionnalit\u00e9 sont en parfaite harmonie et \u00e9voluent en permanence. Voil\u00e0 pourquoi nos cuisines vont au-del\u00e0 du temps et des tendances du moment.<\/p><\/div>[\/vc_column][\/vc_row]<\/p>\n<\/div>","protected":false},"excerpt":{"rendered":"<p>[vc_row css=\u00a0\u00bb.vc_custom_1709740111226{padding-top: 40px !important;padding-bottom: 40px !important;}\u00a0\u00bb][vc_column][\/vc_column][\/vc_row][vc_row][vc_column][vc_column_text]Des compositions aux lignes esth\u00e9tiques d\u00e9finies, qui allient la recherche constante, l\u2019\u00e9l\u00e9gance ind\u00e9modable, la connaissance et l\u2019exp\u00e9rience. Une harmonie qui valorise chaque geste quotidien, avec la certitude d\u2019une fiabilit\u00e9 et d\u2019une dur\u00e9e maximales. Une philosophie qui va au-del\u00e0 du changement des modes et qui retient ce qui est essentiel et [&hellip;]<\/p>\n","protected":false},"author":1,"featured_media":0,"parent":12242,"menu_order":0,"comment_status":"closed","ping_status":"closed","template":"","meta":{"footnotes":""},"class_list":["post-12250","page","type-page","status-publish","hentry"],"yoast_head":"<!-- This site is optimized with the Yoast SEO plugin v26.2 - https:\/\/yoast.com\/wordpress\/plugins\/seo\/ -->\n<title>Intemporalit\u00e9 - Valcucine<\/title>\n<meta name=\"robots\" content=\"index, follow, max-snippet:-1, max-image-preview:large, max-video-preview:-1\" \/>\n<link rel=\"canonical\" href=\"https:\/\/www.valcucine.com\/fr\/societe\/mission-et-valeurs\/intemporel-cuisine\/\" \/>\n<meta property=\"og:locale\" content=\"fr_FR\" \/>\n<meta property=\"og:type\" content=\"article\" \/>\n<meta property=\"og:title\" content=\"Intemporalit\u00e9 - Valcucine\" \/>\n<meta property=\"og:description\" content=\"[vc_row css=\u00a0\u00bb.vc_custom_1709740111226{padding-top: 40px !important;padding-bottom: 40px !important;}\u00a0\u00bb][vc_column][\/vc_column][\/vc_row][vc_row][vc_column][vc_column_text]Des compositions aux lignes esth\u00e9tiques d\u00e9finies, qui allient la recherche constante, l\u2019\u00e9l\u00e9gance ind\u00e9modable, la connaissance et l\u2019exp\u00e9rience. Une harmonie qui valorise chaque geste quotidien, avec la certitude d\u2019une fiabilit\u00e9 et d\u2019une dur\u00e9e maximales. Une philosophie qui va au-del\u00e0 du changement des modes et qui retient ce qui est essentiel et [&hellip;]\" \/>\n<meta property=\"og:url\" content=\"https:\/\/www.valcucine.com\/fr\/societe\/mission-et-valeurs\/intemporel-cuisine\/\" \/>\n<meta property=\"og:site_name\" content=\"Valcucine\" \/>\n<meta property=\"article:publisher\" content=\"https:\/\/www.facebook.com\/valcucine\/\" \/>\n<meta property=\"article:modified_time\" content=\"2025-06-04T13:49:12+00:00\" \/>\n<meta name=\"twitter:card\" content=\"summary_large_image\" \/>\n<meta name=\"twitter:label1\" content=\"Dur\u00e9e de lecture estim\u00e9e\" \/>\n\t<meta name=\"twitter:data1\" content=\"2 minutes\" \/>\n<script type=\"application\/ld+json\" class=\"yoast-schema-graph\">{\"@context\":\"https:\/\/schema.org\",\"@graph\":[{\"@type\":\"WebPage\",\"@id\":\"https:\/\/www.valcucine.com\/fr\/societe\/mission-et-valeurs\/intemporel-cuisine\/\",\"url\":\"https:\/\/www.valcucine.com\/fr\/societe\/mission-et-valeurs\/intemporel-cuisine\/\",\"name\":\"Intemporalit\u00e9 - Valcucine\",\"isPartOf\":{\"@id\":\"https:\/\/www.valcucine.com\/#website\"},\"datePublished\":\"2024-03-11T11:22:54+00:00\",\"dateModified\":\"2025-06-04T13:49:12+00:00\",\"breadcrumb\":{\"@id\":\"https:\/\/www.valcucine.com\/fr\/societe\/mission-et-valeurs\/intemporel-cuisine\/#breadcrumb\"},\"inLanguage\":\"fr-FR\",\"potentialAction\":[{\"@type\":\"ReadAction\",\"target\":[\"https:\/\/www.valcucine.com\/fr\/societe\/mission-et-valeurs\/intemporel-cuisine\/\"]}]},{\"@type\":\"BreadcrumbList\",\"@id\":\"https:\/\/www.valcucine.com\/fr\/societe\/mission-et-valeurs\/intemporel-cuisine\/#breadcrumb\",\"itemListElement\":[{\"@type\":\"ListItem\",\"position\":1,\"name\":\"Valcucine\",\"item\":\"https:\/\/www.valcucine.com\/fr\/\"},{\"@type\":\"ListItem\",\"position\":2,\"name\":\"Soci\u00e9t\u00e9\",\"item\":\"https:\/\/www.valcucine.com\/fr\/societe\/\"},{\"@type\":\"ListItem\",\"position\":3,\"name\":\"Mission et valeurs\",\"item\":\"https:\/\/www.valcucine.com\/fr\/societe\/mission-et-valeurs\/\"},{\"@type\":\"ListItem\",\"position\":4,\"name\":\"Intemporalit\u00e9\"}]},{\"@type\":\"WebSite\",\"@id\":\"https:\/\/www.valcucine.com\/#website\",\"url\":\"https:\/\/www.valcucine.com\/\",\"name\":\"Valcucine\",\"description\":\"\",\"publisher\":{\"@id\":\"https:\/\/www.valcucine.com\/#organization\"},\"potentialAction\":[{\"@type\":\"SearchAction\",\"target\":{\"@type\":\"EntryPoint\",\"urlTemplate\":\"https:\/\/www.valcucine.com\/?s={search_term_string}\"},\"query-input\":{\"@type\":\"PropertyValueSpecification\",\"valueRequired\":true,\"valueName\":\"search_term_string\"}}],\"inLanguage\":\"fr-FR\"},{\"@type\":\"Organization\",\"@id\":\"https:\/\/www.valcucine.com\/#organization\",\"name\":\"Valcucine\",\"url\":\"https:\/\/www.valcucine.com\/\",\"logo\":{\"@type\":\"ImageObject\",\"inLanguage\":\"fr-FR\",\"@id\":\"https:\/\/www.valcucine.com\/#\/schema\/logo\/image\/\",\"url\":\"https:\/\/www.valcucine.com\/wp-content\/uploads\/2024\/02\/logo-valcucine.webp?wsr\",\"contentUrl\":\"https:\/\/www.valcucine.com\/wp-content\/uploads\/2024\/02\/logo-valcucine.webp?wsr\",\"width\":288,\"height\":46,\"caption\":\"Valcucine\"},\"image\":{\"@id\":\"https:\/\/www.valcucine.com\/#\/schema\/logo\/image\/\"},\"sameAs\":[\"https:\/\/www.facebook.com\/valcucine\/\",\"https:\/\/www.instagram.com\/valcucine\/\",\"https:\/\/www.linkedin.com\/company\/valcucine\"]}]}<\/script>\n<!-- \/ Yoast SEO plugin. -->","yoast_head_json":{"title":"Intemporalit\u00e9 - Valcucine","robots":{"index":"index","follow":"follow","max-snippet":"max-snippet:-1","max-image-preview":"max-image-preview:large","max-video-preview":"max-video-preview:-1"},"canonical":"https:\/\/www.valcucine.com\/fr\/societe\/mission-et-valeurs\/intemporel-cuisine\/","og_locale":"fr_FR","og_type":"article","og_title":"Intemporalit\u00e9 - Valcucine","og_description":"[vc_row css=\u00a0\u00bb.vc_custom_1709740111226{padding-top: 40px !important;padding-bottom: 40px !important;}\u00a0\u00bb][vc_column][\/vc_column][\/vc_row][vc_row][vc_column][vc_column_text]Des compositions aux lignes esth\u00e9tiques d\u00e9finies, qui allient la recherche constante, l\u2019\u00e9l\u00e9gance ind\u00e9modable, la connaissance et l\u2019exp\u00e9rience. Une harmonie qui valorise chaque geste quotidien, avec la certitude d\u2019une fiabilit\u00e9 et d\u2019une dur\u00e9e maximales. Une philosophie qui va au-del\u00e0 du changement des modes et qui retient ce qui est essentiel et [&hellip;]","og_url":"https:\/\/www.valcucine.com\/fr\/societe\/mission-et-valeurs\/intemporel-cuisine\/","og_site_name":"Valcucine","article_publisher":"https:\/\/www.facebook.com\/valcucine\/","article_modified_time":"2025-06-04T13:49:12+00:00","twitter_card":"summary_large_image","twitter_misc":{"Dur\u00e9e de lecture estim\u00e9e":"2 minutes"},"schema":{"@context":"https:\/\/schema.org","@graph":[{"@type":"WebPage","@id":"https:\/\/www.valcucine.com\/fr\/societe\/mission-et-valeurs\/intemporel-cuisine\/","url":"https:\/\/www.valcucine.com\/fr\/societe\/mission-et-valeurs\/intemporel-cuisine\/","name":"Intemporalit\u00e9 - Valcucine","isPartOf":{"@id":"https:\/\/www.valcucine.com\/#website"},"datePublished":"2024-03-11T11:22:54+00:00","dateModified":"2025-06-04T13:49:12+00:00","breadcrumb":{"@id":"https:\/\/www.valcucine.com\/fr\/societe\/mission-et-valeurs\/intemporel-cuisine\/#breadcrumb"},"inLanguage":"fr-FR","potentialAction":[{"@type":"ReadAction","target":["https:\/\/www.valcucine.com\/fr\/societe\/mission-et-valeurs\/intemporel-cuisine\/"]}]},{"@type":"BreadcrumbList","@id":"https:\/\/www.valcucine.com\/fr\/societe\/mission-et-valeurs\/intemporel-cuisine\/#breadcrumb","itemListElement":[{"@type":"ListItem","position":1,"name":"Valcucine","item":"https:\/\/www.valcucine.com\/fr\/"},{"@type":"ListItem","position":2,"name":"Soci\u00e9t\u00e9","item":"https:\/\/www.valcucine.com\/fr\/societe\/"},{"@type":"ListItem","position":3,"name":"Mission et valeurs","item":"https:\/\/www.valcucine.com\/fr\/societe\/mission-et-valeurs\/"},{"@type":"ListItem","position":4,"name":"Intemporalit\u00e9"}]},{"@type":"WebSite","@id":"https:\/\/www.valcucine.com\/#website","url":"https:\/\/www.valcucine.com\/","name":"Valcucine","description":"","publisher":{"@id":"https:\/\/www.valcucine.com\/#organization"},"potentialAction":[{"@type":"SearchAction","target":{"@type":"EntryPoint","urlTemplate":"https:\/\/www.valcucine.com\/?s={search_term_string}"},"query-input":{"@type":"PropertyValueSpecification","valueRequired":true,"valueName":"search_term_string"}}],"inLanguage":"fr-FR"},{"@type":"Organization","@id":"https:\/\/www.valcucine.com\/#organization","name":"Valcucine","url":"https:\/\/www.valcucine.com\/","logo":{"@type":"ImageObject","inLanguage":"fr-FR","@id":"https:\/\/www.valcucine.com\/#\/schema\/logo\/image\/","url":"https:\/\/www.valcucine.com\/wp-content\/uploads\/2024\/02\/logo-valcucine.webp?wsr","contentUrl":"https:\/\/www.valcucine.com\/wp-content\/uploads\/2024\/02\/logo-valcucine.webp?wsr","width":288,"height":46,"caption":"Valcucine"},"image":{"@id":"https:\/\/www.valcucine.com\/#\/schema\/logo\/image\/"},"sameAs":["https:\/\/www.facebook.com\/valcucine\/","https:\/\/www.instagram.com\/valcucine\/","https:\/\/www.linkedin.com\/company\/valcucine"]}]}},"_links":{"self":[{"href":"https:\/\/www.valcucine.com\/fr\/wp-json\/wp\/v2\/pages\/12250","targetHints":{"allow":["GET"]}}],"collection":[{"href":"https:\/\/www.valcucine.com\/fr\/wp-json\/wp\/v2\/pages"}],"about":[{"href":"https:\/\/www.valcucine.com\/fr\/wp-json\/wp\/v2\/types\/page"}],"author":[{"embeddable":true,"href":"https:\/\/www.valcucine.com\/fr\/wp-json\/wp\/v2\/users\/1"}],"replies":[{"embeddable":true,"href":"https:\/\/www.valcucine.com\/fr\/wp-json\/wp\/v2\/comments?post=12250"}],"version-history":[{"count":2,"href":"https:\/\/www.valcucine.com\/fr\/wp-json\/wp\/v2\/pages\/12250\/revisions"}],"predecessor-version":[{"id":12252,"href":"https:\/\/www.valcucine.com\/fr\/wp-json\/wp\/v2\/pages\/12250\/revisions\/12252"}],"up":[{"embeddable":true,"href":"https:\/\/www.valcucine.com\/fr\/wp-json\/wp\/v2\/pages\/12242"}],"wp:attachment":[{"href":"https:\/\/www.valcucine.com\/fr\/wp-json\/wp\/v2\/media?parent=12250"}],"curies":[{"name":"wp","href":"https:\/\/api.w.org\/{rel}","templated":true}]}}