{"id":12254,"date":"2024-03-11T13:27:55","date_gmt":"2024-03-11T13:27:55","guid":{"rendered":"https:\/\/devel.valcucine.com\/societe\/mission-et-valeurs\/innovazione-cucine\/"},"modified":"2025-06-04T13:51:49","modified_gmt":"2025-06-04T13:51:49","slug":"innovation","status":"publish","type":"page","link":"https:\/\/www.valcucine.com\/fr\/societe\/mission-et-valeurs\/innovation\/","title":{"rendered":"Innovation"},"content":{"rendered":"<div class=\"wpb-content-wrapper\"><p>[vc_row css=\u00a0\u00bb.vc_custom_1709740111226{padding-top: 40px !important;padding-bottom: 40px !important;}\u00a0\u00bb][vc_column]\n        \n        <h1 class=\"text-center  main__title__h1  \" style=\"color:#333333;\"> \n\n         Innovation\n        \n        <\/h1>[\/vc_column][\/vc_row][vc_row][vc_column][vc_column_text]Connaissance profonde des besoins des personnes, recherche continuelle et cr\u00e9ativit\u00e9 : tels sont les outils que nous utilisons constamment pour am\u00e9liorer et pour progresser afin d\u2019optimiser l\u2019espace cuisine. Un mode d\u2019agir pour repenser l\u2019espace et la fa\u00e7on de le vivre \u00e0 travers des fonctionnalit\u00e9s uniques, des mat\u00e9riaux innovants et des \u00e9l\u00e9ments multifonctionnels \u00e9tudi\u00e9s pour faciliter la vie. Nous d\u00e9veloppons les id\u00e9es d\u2019aujourd\u2019hui afin qu\u2019elles deviennent les solutions de demain, avec des exp\u00e9rimentations de tr\u00e8s hauts niveaux, en harmonie avec l\u2019homme et l\u2019environnement.[\/vc_column_text][\/vc_column][\/vc_row][vc_row][vc_column][vc_separator color=\u00a0\u00bbcustom\u00a0\u00bb el_width=\u00a0\u00bb10&Prime; accent_color=\u00a0\u00bb#333333&Prime;][\/vc_column][\/vc_row][vc_row css=\u00a0\u00bb.vc_custom_1709311982565{padding-bottom: 30px !important;}\u00a0\u00bb][vc_column]<div class=\"block__img__gradient\" style=\"background-image:url(https:\/\/www.valcucine.com\/wp-content\/uploads\/2024\/03\/13_materiali-innovativi-per-cucine.webp?wsr)\"><\/div><div class=\"block__img__gradient__content\"><h2 class='block__img__gradient__title'>MATERIAUX INNOVANTS<\/h2><p class='block__img__gradient__text'>Les recettes les plus savoureuses n\u00e9cessitent des ingr\u00e9dients uniques. Ce m\u00eame principe vaut \u00e9galement pour les mat\u00e9riaux de nos cuisines qui sont le fruit d\u2019une recherche et d\u2019un d\u00e9veloppement constants, pens\u00e9s pour assurer de fortes caract\u00e9ristiques esth\u00e9tiques et de hautes performances au niveau de la qualit\u00e9. La comp\u00e9tence technique et l\u2019\u00e9troite collaboration avec nos fournisseurs ont abouti \u00e0 la mise au point de mat\u00e9riaux et de finitions uniques qui repr\u00e9sentent de nouvelles possibilit\u00e9s expressives\u00a0: la pierre alli\u00e9e au carbone, la c\u00e9ramique stratifi\u00e9e avec le verre, les fa\u00e7onnages particuliers du titane, les effets m\u00e9talliques de la laque effet structur\u00e9, la multitude de possibilit\u00e9s du verre sont, pour nous, une source d\u2019inspiration continuelle. Des techniques innovantes parviennent \u00e0 transmettre \u00e0 ce mat\u00e9riau fascinant des sensations toujours diff\u00e9rentes en le rendant Graphique, Mimesis, Tactile, Textile, Velato ou Arte comme une toile marquet\u00e9e \u00e0 la main, afin de transformer chaque cuisine en une pi\u00e8ce unique.<\/p><\/div>[\/vc_column][\/vc_row][vc_row css=\u00a0\u00bb.vc_custom_1710779284820{margin-bottom: 40px !important;padding-bottom: 30px !important;}\u00a0\u00bb][vc_column]<div class=\"block__img__gradient\" style=\"background-image:url(https:\/\/www.valcucine.com\/wp-content\/uploads\/2024\/03\/37_kitchen-automation.webp?wsr)\"><\/div><div class=\"block__img__gradient__content\"><h2 class='block__img__gradient__title'>R\u00c9VOLUTION DE LA FONCTIONNALIT\u00c9<\/h2><p class='block__img__gradient__text'>L\u2019innovation au service de l\u2019homme: l\u2019expression de besoins qui changent au fil du temps. La recherche constante de solutions visant \u00e0 am\u00e9liorer l\u2019interaction quotidienne avec la cuisine nous a conduits \u00e0 d\u00e9velopper les \u00c9l\u00e9ments Particuliers utilisables avec toutes nos collections. De l\u2019ergonomie du Canal \u00c9quip\u00e9 \u00e0 la l\u00e9g\u00e8ret\u00e9 du meuble haut Aerius, jusqu\u2019aux ouvertures magiques des cr\u00e9dences New Logica et Air Logica et du syst\u00e8me intelligent V-Motion qui permet d\u2019activer diff\u00e9rentes fonctions avec un simple geste de la main. La fonctionnalit\u00e9 s\u2019allie \u00e0 la beaut\u00e9 et la cuisine se transforme en une suggestive sc\u00e9nographie.<\/p><\/div>[\/vc_column][\/vc_row]<\/p>\n<\/div>","protected":false},"excerpt":{"rendered":"<p>[vc_row css=\u00a0\u00bb.vc_custom_1709740111226{padding-top: 40px !important;padding-bottom: 40px !important;}\u00a0\u00bb][vc_column][\/vc_column][\/vc_row][vc_row][vc_column][vc_column_text]Connaissance profonde des besoins des personnes, recherche continuelle et cr\u00e9ativit\u00e9 : tels sont les outils que nous utilisons constamment pour am\u00e9liorer et pour progresser afin d\u2019optimiser l\u2019espace cuisine. Un mode d\u2019agir pour repenser l\u2019espace et la fa\u00e7on de le vivre \u00e0 travers des fonctionnalit\u00e9s uniques, des mat\u00e9riaux innovants et des [&hellip;]<\/p>\n","protected":false},"author":1,"featured_media":0,"parent":12242,"menu_order":0,"comment_status":"closed","ping_status":"closed","template":"","meta":{"footnotes":""},"class_list":["post-12254","page","type-page","status-publish","hentry"],"yoast_head":"<!-- This site is optimized with the Yoast SEO plugin v26.2 - https:\/\/yoast.com\/wordpress\/plugins\/seo\/ -->\n<title>Innovation - Valcucine<\/title>\n<meta name=\"robots\" content=\"index, follow, max-snippet:-1, max-image-preview:large, max-video-preview:-1\" \/>\n<link rel=\"canonical\" href=\"https:\/\/www.valcucine.com\/fr\/societe\/mission-et-valeurs\/innovation\/\" \/>\n<meta property=\"og:locale\" content=\"fr_FR\" \/>\n<meta property=\"og:type\" content=\"article\" \/>\n<meta property=\"og:title\" content=\"Innovation - Valcucine\" \/>\n<meta property=\"og:description\" content=\"[vc_row css=\u00a0\u00bb.vc_custom_1709740111226{padding-top: 40px !important;padding-bottom: 40px !important;}\u00a0\u00bb][vc_column][\/vc_column][\/vc_row][vc_row][vc_column][vc_column_text]Connaissance profonde des besoins des personnes, recherche continuelle et cr\u00e9ativit\u00e9 : tels sont les outils que nous utilisons constamment pour am\u00e9liorer et pour progresser afin d\u2019optimiser l\u2019espace cuisine. Un mode d\u2019agir pour repenser l\u2019espace et la fa\u00e7on de le vivre \u00e0 travers des fonctionnalit\u00e9s uniques, des mat\u00e9riaux innovants et des [&hellip;]\" \/>\n<meta property=\"og:url\" content=\"https:\/\/www.valcucine.com\/fr\/societe\/mission-et-valeurs\/innovation\/\" \/>\n<meta property=\"og:site_name\" content=\"Valcucine\" \/>\n<meta property=\"article:publisher\" content=\"https:\/\/www.facebook.com\/valcucine\/\" \/>\n<meta property=\"article:modified_time\" content=\"2025-06-04T13:51:49+00:00\" \/>\n<meta name=\"twitter:card\" content=\"summary_large_image\" \/>\n<meta name=\"twitter:label1\" content=\"Dur\u00e9e de lecture estim\u00e9e\" \/>\n\t<meta name=\"twitter:data1\" content=\"3 minutes\" \/>\n<script type=\"application\/ld+json\" class=\"yoast-schema-graph\">{\"@context\":\"https:\/\/schema.org\",\"@graph\":[{\"@type\":\"WebPage\",\"@id\":\"https:\/\/www.valcucine.com\/fr\/societe\/mission-et-valeurs\/innovation\/\",\"url\":\"https:\/\/www.valcucine.com\/fr\/societe\/mission-et-valeurs\/innovation\/\",\"name\":\"Innovation - Valcucine\",\"isPartOf\":{\"@id\":\"https:\/\/www.valcucine.com\/#website\"},\"datePublished\":\"2024-03-11T13:27:55+00:00\",\"dateModified\":\"2025-06-04T13:51:49+00:00\",\"breadcrumb\":{\"@id\":\"https:\/\/www.valcucine.com\/fr\/societe\/mission-et-valeurs\/innovation\/#breadcrumb\"},\"inLanguage\":\"fr-FR\",\"potentialAction\":[{\"@type\":\"ReadAction\",\"target\":[\"https:\/\/www.valcucine.com\/fr\/societe\/mission-et-valeurs\/innovation\/\"]}]},{\"@type\":\"BreadcrumbList\",\"@id\":\"https:\/\/www.valcucine.com\/fr\/societe\/mission-et-valeurs\/innovation\/#breadcrumb\",\"itemListElement\":[{\"@type\":\"ListItem\",\"position\":1,\"name\":\"Valcucine\",\"item\":\"https:\/\/www.valcucine.com\/fr\/\"},{\"@type\":\"ListItem\",\"position\":2,\"name\":\"Soci\u00e9t\u00e9\",\"item\":\"https:\/\/www.valcucine.com\/fr\/societe\/\"},{\"@type\":\"ListItem\",\"position\":3,\"name\":\"Mission et valeurs\",\"item\":\"https:\/\/www.valcucine.com\/fr\/societe\/mission-et-valeurs\/\"},{\"@type\":\"ListItem\",\"position\":4,\"name\":\"Innovation\"}]},{\"@type\":\"WebSite\",\"@id\":\"https:\/\/www.valcucine.com\/#website\",\"url\":\"https:\/\/www.valcucine.com\/\",\"name\":\"Valcucine\",\"description\":\"\",\"publisher\":{\"@id\":\"https:\/\/www.valcucine.com\/#organization\"},\"potentialAction\":[{\"@type\":\"SearchAction\",\"target\":{\"@type\":\"EntryPoint\",\"urlTemplate\":\"https:\/\/www.valcucine.com\/?s={search_term_string}\"},\"query-input\":{\"@type\":\"PropertyValueSpecification\",\"valueRequired\":true,\"valueName\":\"search_term_string\"}}],\"inLanguage\":\"fr-FR\"},{\"@type\":\"Organization\",\"@id\":\"https:\/\/www.valcucine.com\/#organization\",\"name\":\"Valcucine\",\"url\":\"https:\/\/www.valcucine.com\/\",\"logo\":{\"@type\":\"ImageObject\",\"inLanguage\":\"fr-FR\",\"@id\":\"https:\/\/www.valcucine.com\/#\/schema\/logo\/image\/\",\"url\":\"https:\/\/www.valcucine.com\/wp-content\/uploads\/2024\/02\/logo-valcucine.webp?wsr\",\"contentUrl\":\"https:\/\/www.valcucine.com\/wp-content\/uploads\/2024\/02\/logo-valcucine.webp?wsr\",\"width\":288,\"height\":46,\"caption\":\"Valcucine\"},\"image\":{\"@id\":\"https:\/\/www.valcucine.com\/#\/schema\/logo\/image\/\"},\"sameAs\":[\"https:\/\/www.facebook.com\/valcucine\/\",\"https:\/\/www.instagram.com\/valcucine\/\",\"https:\/\/www.linkedin.com\/company\/valcucine\"]}]}<\/script>\n<!-- \/ Yoast SEO plugin. -->","yoast_head_json":{"title":"Innovation - Valcucine","robots":{"index":"index","follow":"follow","max-snippet":"max-snippet:-1","max-image-preview":"max-image-preview:large","max-video-preview":"max-video-preview:-1"},"canonical":"https:\/\/www.valcucine.com\/fr\/societe\/mission-et-valeurs\/innovation\/","og_locale":"fr_FR","og_type":"article","og_title":"Innovation - Valcucine","og_description":"[vc_row css=\u00a0\u00bb.vc_custom_1709740111226{padding-top: 40px !important;padding-bottom: 40px !important;}\u00a0\u00bb][vc_column][\/vc_column][\/vc_row][vc_row][vc_column][vc_column_text]Connaissance profonde des besoins des personnes, recherche continuelle et cr\u00e9ativit\u00e9 : tels sont les outils que nous utilisons constamment pour am\u00e9liorer et pour progresser afin d\u2019optimiser l\u2019espace cuisine. Un mode d\u2019agir pour repenser l\u2019espace et la fa\u00e7on de le vivre \u00e0 travers des fonctionnalit\u00e9s uniques, des mat\u00e9riaux innovants et des [&hellip;]","og_url":"https:\/\/www.valcucine.com\/fr\/societe\/mission-et-valeurs\/innovation\/","og_site_name":"Valcucine","article_publisher":"https:\/\/www.facebook.com\/valcucine\/","article_modified_time":"2025-06-04T13:51:49+00:00","twitter_card":"summary_large_image","twitter_misc":{"Dur\u00e9e de lecture estim\u00e9e":"3 minutes"},"schema":{"@context":"https:\/\/schema.org","@graph":[{"@type":"WebPage","@id":"https:\/\/www.valcucine.com\/fr\/societe\/mission-et-valeurs\/innovation\/","url":"https:\/\/www.valcucine.com\/fr\/societe\/mission-et-valeurs\/innovation\/","name":"Innovation - Valcucine","isPartOf":{"@id":"https:\/\/www.valcucine.com\/#website"},"datePublished":"2024-03-11T13:27:55+00:00","dateModified":"2025-06-04T13:51:49+00:00","breadcrumb":{"@id":"https:\/\/www.valcucine.com\/fr\/societe\/mission-et-valeurs\/innovation\/#breadcrumb"},"inLanguage":"fr-FR","potentialAction":[{"@type":"ReadAction","target":["https:\/\/www.valcucine.com\/fr\/societe\/mission-et-valeurs\/innovation\/"]}]},{"@type":"BreadcrumbList","@id":"https:\/\/www.valcucine.com\/fr\/societe\/mission-et-valeurs\/innovation\/#breadcrumb","itemListElement":[{"@type":"ListItem","position":1,"name":"Valcucine","item":"https:\/\/www.valcucine.com\/fr\/"},{"@type":"ListItem","position":2,"name":"Soci\u00e9t\u00e9","item":"https:\/\/www.valcucine.com\/fr\/societe\/"},{"@type":"ListItem","position":3,"name":"Mission et valeurs","item":"https:\/\/www.valcucine.com\/fr\/societe\/mission-et-valeurs\/"},{"@type":"ListItem","position":4,"name":"Innovation"}]},{"@type":"WebSite","@id":"https:\/\/www.valcucine.com\/#website","url":"https:\/\/www.valcucine.com\/","name":"Valcucine","description":"","publisher":{"@id":"https:\/\/www.valcucine.com\/#organization"},"potentialAction":[{"@type":"SearchAction","target":{"@type":"EntryPoint","urlTemplate":"https:\/\/www.valcucine.com\/?s={search_term_string}"},"query-input":{"@type":"PropertyValueSpecification","valueRequired":true,"valueName":"search_term_string"}}],"inLanguage":"fr-FR"},{"@type":"Organization","@id":"https:\/\/www.valcucine.com\/#organization","name":"Valcucine","url":"https:\/\/www.valcucine.com\/","logo":{"@type":"ImageObject","inLanguage":"fr-FR","@id":"https:\/\/www.valcucine.com\/#\/schema\/logo\/image\/","url":"https:\/\/www.valcucine.com\/wp-content\/uploads\/2024\/02\/logo-valcucine.webp?wsr","contentUrl":"https:\/\/www.valcucine.com\/wp-content\/uploads\/2024\/02\/logo-valcucine.webp?wsr","width":288,"height":46,"caption":"Valcucine"},"image":{"@id":"https:\/\/www.valcucine.com\/#\/schema\/logo\/image\/"},"sameAs":["https:\/\/www.facebook.com\/valcucine\/","https:\/\/www.instagram.com\/valcucine\/","https:\/\/www.linkedin.com\/company\/valcucine"]}]}},"_links":{"self":[{"href":"https:\/\/www.valcucine.com\/fr\/wp-json\/wp\/v2\/pages\/12254","targetHints":{"allow":["GET"]}}],"collection":[{"href":"https:\/\/www.valcucine.com\/fr\/wp-json\/wp\/v2\/pages"}],"about":[{"href":"https:\/\/www.valcucine.com\/fr\/wp-json\/wp\/v2\/types\/page"}],"author":[{"embeddable":true,"href":"https:\/\/www.valcucine.com\/fr\/wp-json\/wp\/v2\/users\/1"}],"replies":[{"embeddable":true,"href":"https:\/\/www.valcucine.com\/fr\/wp-json\/wp\/v2\/comments?post=12254"}],"version-history":[{"count":2,"href":"https:\/\/www.valcucine.com\/fr\/wp-json\/wp\/v2\/pages\/12254\/revisions"}],"predecessor-version":[{"id":12256,"href":"https:\/\/www.valcucine.com\/fr\/wp-json\/wp\/v2\/pages\/12254\/revisions\/12256"}],"up":[{"embeddable":true,"href":"https:\/\/www.valcucine.com\/fr\/wp-json\/wp\/v2\/pages\/12242"}],"wp:attachment":[{"href":"https:\/\/www.valcucine.com\/fr\/wp-json\/wp\/v2\/media?parent=12254"}],"curies":[{"name":"wp","href":"https:\/\/api.w.org\/{rel}","templated":true}]}}