{"id":12262,"date":"2024-03-11T14:25:37","date_gmt":"2024-03-11T14:25:37","guid":{"rendered":"https:\/\/devel.valcucine.com\/societe\/certificazioni\/"},"modified":"2026-04-29T14:40:40","modified_gmt":"2026-04-29T14:40:40","slug":"ertifications-valcucine","status":"publish","type":"page","link":"https:\/\/www.valcucine.com\/fr\/societe\/ertifications-valcucine\/","title":{"rendered":"Certifications"},"content":{"rendered":"<div class=\"wpb-content-wrapper\"><p>[vc_row css=\u00a0\u00bb.vc_custom_1709740056130{padding-top: 40px !important;padding-bottom: 40px !important;}\u00a0\u00bb][vc_column]\n        \n        <h1 class=\"text-center  main__title__h1  \" style=\"color:#333333;\"> \n\n         Certifications\n        \n        <\/h1>[\/vc_column][\/vc_row][vc_row][vc_column width=\u00a0\u00bb1\/4&Prime;][vc_single_image image=\u00a0\u00bb3229&Prime; img_size=\u00a0\u00bb200&#215;169&Prime; alignment=\u00a0\u00bbcenter\u00a0\u00bb][\/vc_column][vc_column width=\u00a0\u00bb3\/4&Prime;]\n        \n        <h3 class=\"text-start  main__title__h3  vc_custom_1710167740359 \" style=\"color:;\"> \n\n         LEED\n        \n        <\/h3>[vc_column_text]Depuis plus de quarante ans, Valcucine se distingue par la conception et la production de cuisines haut de gamme. Toujours engag\u00e9e \u00e0 fournir l&rsquo;excellence en termes de durabilit\u00e9, d&rsquo;innovation et d&rsquo;artisanat, Valcucine \u00e9l\u00e8ve une fois de plus le niveau avec la cartographie LEED V4.1 des cuisines.<\/p>\n<p>LEED (Leadership in Energy and Environmental Design) est le syst\u00e8me de v\u00e9rification de tiers le plus utilis\u00e9 pour les b\u00e2timents \u00e9cologiques. LEED offre un cadre pour des b\u00e2timents sains, \u00e9conomes en \u00e9nergie, \u00e0 faible \u00e9mission de carbone et \u00e9conomiques. La certification LEED V4.1 est un symbole mondialement reconnu de succ\u00e8s et de leadership en mati\u00e8re de durabilit\u00e9.<\/p>\n<p><strong><a href=\"https:\/\/www.valcucine.com\/uploads\/files_block\/25_2_leed-matrix-valcucine-.pdf\" target=\"_blank\" rel=\"noopener\">T\u00e9l\u00e9chargez la matrice de contribution LEED<\/a><\/strong><\/p>\n<p>[\/vc_column_text][\/vc_column][\/vc_row][vc_row][vc_column width=\u00a0\u00bb1\/4&Prime;][vc_single_image image=\u00a0\u00bb3251&Prime; img_size=\u00a0\u00bb200&#215;169&Prime; alignment=\u00a0\u00bbcenter\u00a0\u00bb][\/vc_column][vc_column width=\u00a0\u00bb3\/4&Prime;]\n        \n        <h3 class=\"text-start  main__title__h3  vc_custom_1710167934334 \" style=\"color:;\"> \n\n         FSC\n        \n        <\/h3>[vc_column_text css=\u00a0\u00bb\u00a0\u00bb]En t\u00e9moignage de son engagement environnemental, Valcucine a \u00e9largi sa gamme de meubles de cuisine certifi\u00e9s FSC\u00ae en veillant \u00e0 ce que le bois ou ses d\u00e9riv\u00e9s proviennent de fili\u00e8res de fournisseurs certifi\u00e9s FSC\u00ae.<\/p>\n<p>Le FSC impose aux gestionnaires de for\u00eats, qu&rsquo;elles soient publiques ou priv\u00e9es, d&rsquo;impliquer les membres des communaut\u00e9s locales dans les processus d\u00e9cisionnels et de prot\u00e9ger les droits des populations autochtones, garantissant ainsi que leurs voix fassent partie int\u00e9grante du processus de certification et que l&rsquo;impact des op\u00e9rations de gestion soit surpass\u00e9. Le FSC exige \u00e9galement que les r\u00e9sultats des audits de certification soient rendus publics, m\u00eame s&rsquo;il s&rsquo;agit de propri\u00e9t\u00e9s priv\u00e9es : c&rsquo;est l\u00e0 une caract\u00e9ristique distinctive par rapport \u00e0 d&rsquo;autres types de certification.<\/p>\n<p><a href=\"https:\/\/www.valcucine.com\/wp-content\/uploads\/2026\/04\/Certificato-FSC-2028-3.pdf\"><strong>T\u00e9l\u00e9chargez la certification FSC<\/strong><\/a>[\/vc_column_text][\/vc_column][\/vc_row][vc_row][vc_column width=\u00a0\u00bb1\/4&Prime;][vc_single_image image=\u00a0\u00bb3269&Prime; img_size=\u00a0\u00bb200&#215;200&Prime; alignment=\u00a0\u00bbcenter\u00a0\u00bb][\/vc_column][vc_column width=\u00a0\u00bb3\/4&Prime;]\n        \n        <h3 class=\"text-start  main__title__h3  vc_custom_1710170819835 \" style=\"color:;\"> \n\n         ISO 14001\n        \n        <\/h3>[vc_column_text css=\u00a0\u00bb\u00a0\u00bb]La certification environnementale ISO 14001 garantit que l&rsquo;entreprise respecte les lois environnementales relatives aux \u00e9missions toxiques, au bruit, au rejet des eaux ; que l&rsquo;entreprise dispose d&rsquo;un syst\u00e8me de gestion des d\u00e9chets contr\u00f4l\u00e9 et enregistr\u00e9 ; qu&rsquo;elle s&rsquo;engage \u00e0 r\u00e9duire la consommation d&rsquo;\u00e9nergie et \u00e0 mettre en \u0153uvre des projets dans ce but ; et qu&rsquo;elle participe \u00e0 des projets environnementaux.<br \/>\n\u200b\u200b<br \/>\n<a href=\"https:\/\/www.valcucine.com\/wp-content\/uploads\/2026\/04\/Certificato-ISO-14001-2028-2.pdf\"><strong>T\u00e9l\u00e9chargez la certification\u00a0<\/strong><strong>14001<\/strong><\/a>[\/vc_column_text][\/vc_column][\/vc_row][vc_row][vc_column width=\u00a0\u00bb1\/4&Prime;][vc_single_image image=\u00a0\u00bb3274&Prime; img_size=\u00a0\u00bb200&#215;129&Prime; alignment=\u00a0\u00bbcenter\u00a0\u00bb][\/vc_column][vc_column width=\u00a0\u00bb3\/4&Prime;]\n        \n        <h3 class=\"text-start  main__title__h3  vc_custom_1710170830986 \" style=\"color:;\"> \n\n         ISO 45001\n        \n        <\/h3>[vc_column_text css=\u00a0\u00bb\u00a0\u00bb]En 2011, Valcucine a obtenu la certification OHSAS (Occupational Health and Safety Assessment Series), qui identifie une norme internationale pour un syst\u00e8me de gestion de la s\u00e9curit\u00e9 et de la sant\u00e9 des travailleurs. Par la suite, elle a obtenu, en remplacement, la nouvelle certification ISO 45001.<\/p>\n<p><a href=\"https:\/\/www.valcucine.com\/wp-content\/uploads\/2026\/04\/Certificato-ISO-45001-2026-2.pdf\"><strong>T\u00e9l\u00e9chargez la certification ISO 45001<\/strong><\/a>[\/vc_column_text][\/vc_column][\/vc_row][vc_row][vc_column width=\u00a0\u00bb1\/4&Prime;][vc_single_image image=\u00a0\u00bb3279&Prime; img_size=\u00a0\u00bb200&#215;229&Prime; alignment=\u00a0\u00bbcenter\u00a0\u00bb][\/vc_column][vc_column width=\u00a0\u00bb3\/4&Prime;]\n        \n        <h3 class=\"text-start  main__title__h3  vc_custom_1747915316271 \" style=\"color:;\"> \n\n         F4 STARS\n        \n        <\/h3>[vc_column_text]La certification F4 STARS\u00a0pr\u00e9voit des m\u00e9thodes d&rsquo;essai sp\u00e9cifiques et \u00e9tablit une limite tr\u00e8s restrictive de 0,04 ppm, compar\u00e9e \u00e0 0,09 ppm pour la norme am\u00e9ricaine CARB 2\/TSCA Title VI, 0,1 ppm pour la norme europ\u00e9enne E1 et l&rsquo;UBA allemande. Cette certification s&rsquo;applique aux panneaux d\u00e9riv\u00e9s du bois, qu&rsquo;ils soient bruts ou rev\u00eatus, et atteste de la conformit\u00e9 aux exigences du Japon en mati\u00e8re d&rsquo;\u00e9missions de formald\u00e9hyde provenant de produits destin\u00e9s \u00e0 la construction et \u00e0 l&rsquo;ameublement.<\/p>\n<p><strong>Certification sur demande.<\/strong>[\/vc_column_text][\/vc_column][\/vc_row][vc_row css=\u00a0\u00bb.vc_custom_1710779497857{margin-bottom: 40px !important;}\u00a0\u00bb][vc_column][vc_separator color=\u00a0\u00bbcustom\u00a0\u00bb el_width=\u00a0\u00bb10&Prime; accent_color=\u00a0\u00bb#333333&Prime;][\/vc_column][\/vc_row]<\/p>\n<\/div>","protected":false},"excerpt":{"rendered":"<p>[vc_row css=\u00a0\u00bb.vc_custom_1709740056130{padding-top: 40px !important;padding-bottom: 40px !important;}\u00a0\u00bb][vc_column][\/vc_column][\/vc_row][vc_row][vc_column width=\u00a0\u00bb1\/4&Prime;][vc_single_image image=\u00a0\u00bb3229&Prime; img_size=\u00a0\u00bb200&#215;169&Prime; alignment=\u00a0\u00bbcenter\u00a0\u00bb][\/vc_column][vc_column width=\u00a0\u00bb3\/4&Prime;][vc_column_text]Depuis plus de quarante ans, Valcucine se distingue par la conception et la production de cuisines haut de gamme. Toujours engag\u00e9e \u00e0 fournir l&rsquo;excellence en termes de durabilit\u00e9, d&rsquo;innovation et d&rsquo;artisanat, Valcucine \u00e9l\u00e8ve une fois de plus le niveau avec la cartographie LEED V4.1 des [&hellip;]<\/p>\n","protected":false},"author":1,"featured_media":0,"parent":12238,"menu_order":0,"comment_status":"closed","ping_status":"closed","template":"","meta":{"footnotes":""},"class_list":["post-12262","page","type-page","status-publish","hentry"],"yoast_head":"<!-- This site is optimized with the Yoast SEO plugin v26.2 - https:\/\/yoast.com\/wordpress\/plugins\/seo\/ -->\n<title>Certifications - Valcucine<\/title>\n<meta name=\"robots\" content=\"index, follow, max-snippet:-1, max-image-preview:large, max-video-preview:-1\" \/>\n<link rel=\"canonical\" href=\"https:\/\/www.valcucine.com\/fr\/societe\/ertifications-valcucine\/\" \/>\n<meta property=\"og:locale\" content=\"fr_FR\" \/>\n<meta property=\"og:type\" content=\"article\" \/>\n<meta property=\"og:title\" content=\"Certifications - Valcucine\" \/>\n<meta property=\"og:description\" content=\"[vc_row css=\u00a0\u00bb.vc_custom_1709740056130{padding-top: 40px !important;padding-bottom: 40px !important;}\u00a0\u00bb][vc_column][\/vc_column][\/vc_row][vc_row][vc_column width=\u00a0\u00bb1\/4&Prime;][vc_single_image image=\u00a0\u00bb3229&Prime; img_size=\u00a0\u00bb200&#215;169&Prime; alignment=\u00a0\u00bbcenter\u00a0\u00bb][\/vc_column][vc_column width=\u00a0\u00bb3\/4&Prime;][vc_column_text]Depuis plus de quarante ans, Valcucine se distingue par la conception et la production de cuisines haut de gamme. Toujours engag\u00e9e \u00e0 fournir l&rsquo;excellence en termes de durabilit\u00e9, d&rsquo;innovation et d&rsquo;artisanat, Valcucine \u00e9l\u00e8ve une fois de plus le niveau avec la cartographie LEED V4.1 des [&hellip;]\" \/>\n<meta property=\"og:url\" content=\"https:\/\/www.valcucine.com\/fr\/societe\/ertifications-valcucine\/\" \/>\n<meta property=\"og:site_name\" content=\"Valcucine\" \/>\n<meta property=\"article:publisher\" content=\"https:\/\/www.facebook.com\/valcucine\/\" \/>\n<meta property=\"article:modified_time\" content=\"2026-04-29T14:40:40+00:00\" \/>\n<meta name=\"twitter:card\" content=\"summary_large_image\" \/>\n<meta name=\"twitter:label1\" content=\"Dur\u00e9e de lecture estim\u00e9e\" \/>\n\t<meta name=\"twitter:data1\" content=\"4 minutes\" \/>\n<script type=\"application\/ld+json\" class=\"yoast-schema-graph\">{\"@context\":\"https:\/\/schema.org\",\"@graph\":[{\"@type\":\"WebPage\",\"@id\":\"https:\/\/www.valcucine.com\/fr\/societe\/ertifications-valcucine\/\",\"url\":\"https:\/\/www.valcucine.com\/fr\/societe\/ertifications-valcucine\/\",\"name\":\"Certifications - Valcucine\",\"isPartOf\":{\"@id\":\"https:\/\/www.valcucine.com\/#website\"},\"datePublished\":\"2024-03-11T14:25:37+00:00\",\"dateModified\":\"2026-04-29T14:40:40+00:00\",\"breadcrumb\":{\"@id\":\"https:\/\/www.valcucine.com\/fr\/societe\/ertifications-valcucine\/#breadcrumb\"},\"inLanguage\":\"fr-FR\",\"potentialAction\":[{\"@type\":\"ReadAction\",\"target\":[\"https:\/\/www.valcucine.com\/fr\/societe\/ertifications-valcucine\/\"]}]},{\"@type\":\"BreadcrumbList\",\"@id\":\"https:\/\/www.valcucine.com\/fr\/societe\/ertifications-valcucine\/#breadcrumb\",\"itemListElement\":[{\"@type\":\"ListItem\",\"position\":1,\"name\":\"Valcucine\",\"item\":\"https:\/\/www.valcucine.com\/fr\/\"},{\"@type\":\"ListItem\",\"position\":2,\"name\":\"Soci\u00e9t\u00e9\",\"item\":\"https:\/\/www.valcucine.com\/fr\/societe\/\"},{\"@type\":\"ListItem\",\"position\":3,\"name\":\"Certifications\"}]},{\"@type\":\"WebSite\",\"@id\":\"https:\/\/www.valcucine.com\/#website\",\"url\":\"https:\/\/www.valcucine.com\/\",\"name\":\"Valcucine\",\"description\":\"\",\"publisher\":{\"@id\":\"https:\/\/www.valcucine.com\/#organization\"},\"potentialAction\":[{\"@type\":\"SearchAction\",\"target\":{\"@type\":\"EntryPoint\",\"urlTemplate\":\"https:\/\/www.valcucine.com\/?s={search_term_string}\"},\"query-input\":{\"@type\":\"PropertyValueSpecification\",\"valueRequired\":true,\"valueName\":\"search_term_string\"}}],\"inLanguage\":\"fr-FR\"},{\"@type\":\"Organization\",\"@id\":\"https:\/\/www.valcucine.com\/#organization\",\"name\":\"Valcucine\",\"url\":\"https:\/\/www.valcucine.com\/\",\"logo\":{\"@type\":\"ImageObject\",\"inLanguage\":\"fr-FR\",\"@id\":\"https:\/\/www.valcucine.com\/#\/schema\/logo\/image\/\",\"url\":\"https:\/\/www.valcucine.com\/wp-content\/uploads\/2024\/02\/logo-valcucine.webp?wsr\",\"contentUrl\":\"https:\/\/www.valcucine.com\/wp-content\/uploads\/2024\/02\/logo-valcucine.webp?wsr\",\"width\":288,\"height\":46,\"caption\":\"Valcucine\"},\"image\":{\"@id\":\"https:\/\/www.valcucine.com\/#\/schema\/logo\/image\/\"},\"sameAs\":[\"https:\/\/www.facebook.com\/valcucine\/\",\"https:\/\/www.instagram.com\/valcucine\/\",\"https:\/\/www.linkedin.com\/company\/valcucine\"]}]}<\/script>\n<!-- \/ Yoast SEO plugin. -->","yoast_head_json":{"title":"Certifications - Valcucine","robots":{"index":"index","follow":"follow","max-snippet":"max-snippet:-1","max-image-preview":"max-image-preview:large","max-video-preview":"max-video-preview:-1"},"canonical":"https:\/\/www.valcucine.com\/fr\/societe\/ertifications-valcucine\/","og_locale":"fr_FR","og_type":"article","og_title":"Certifications - Valcucine","og_description":"[vc_row css=\u00a0\u00bb.vc_custom_1709740056130{padding-top: 40px !important;padding-bottom: 40px !important;}\u00a0\u00bb][vc_column][\/vc_column][\/vc_row][vc_row][vc_column width=\u00a0\u00bb1\/4&Prime;][vc_single_image image=\u00a0\u00bb3229&Prime; img_size=\u00a0\u00bb200&#215;169&Prime; alignment=\u00a0\u00bbcenter\u00a0\u00bb][\/vc_column][vc_column width=\u00a0\u00bb3\/4&Prime;][vc_column_text]Depuis plus de quarante ans, Valcucine se distingue par la conception et la production de cuisines haut de gamme. Toujours engag\u00e9e \u00e0 fournir l&rsquo;excellence en termes de durabilit\u00e9, d&rsquo;innovation et d&rsquo;artisanat, Valcucine \u00e9l\u00e8ve une fois de plus le niveau avec la cartographie LEED V4.1 des [&hellip;]","og_url":"https:\/\/www.valcucine.com\/fr\/societe\/ertifications-valcucine\/","og_site_name":"Valcucine","article_publisher":"https:\/\/www.facebook.com\/valcucine\/","article_modified_time":"2026-04-29T14:40:40+00:00","twitter_card":"summary_large_image","twitter_misc":{"Dur\u00e9e de lecture estim\u00e9e":"4 minutes"},"schema":{"@context":"https:\/\/schema.org","@graph":[{"@type":"WebPage","@id":"https:\/\/www.valcucine.com\/fr\/societe\/ertifications-valcucine\/","url":"https:\/\/www.valcucine.com\/fr\/societe\/ertifications-valcucine\/","name":"Certifications - Valcucine","isPartOf":{"@id":"https:\/\/www.valcucine.com\/#website"},"datePublished":"2024-03-11T14:25:37+00:00","dateModified":"2026-04-29T14:40:40+00:00","breadcrumb":{"@id":"https:\/\/www.valcucine.com\/fr\/societe\/ertifications-valcucine\/#breadcrumb"},"inLanguage":"fr-FR","potentialAction":[{"@type":"ReadAction","target":["https:\/\/www.valcucine.com\/fr\/societe\/ertifications-valcucine\/"]}]},{"@type":"BreadcrumbList","@id":"https:\/\/www.valcucine.com\/fr\/societe\/ertifications-valcucine\/#breadcrumb","itemListElement":[{"@type":"ListItem","position":1,"name":"Valcucine","item":"https:\/\/www.valcucine.com\/fr\/"},{"@type":"ListItem","position":2,"name":"Soci\u00e9t\u00e9","item":"https:\/\/www.valcucine.com\/fr\/societe\/"},{"@type":"ListItem","position":3,"name":"Certifications"}]},{"@type":"WebSite","@id":"https:\/\/www.valcucine.com\/#website","url":"https:\/\/www.valcucine.com\/","name":"Valcucine","description":"","publisher":{"@id":"https:\/\/www.valcucine.com\/#organization"},"potentialAction":[{"@type":"SearchAction","target":{"@type":"EntryPoint","urlTemplate":"https:\/\/www.valcucine.com\/?s={search_term_string}"},"query-input":{"@type":"PropertyValueSpecification","valueRequired":true,"valueName":"search_term_string"}}],"inLanguage":"fr-FR"},{"@type":"Organization","@id":"https:\/\/www.valcucine.com\/#organization","name":"Valcucine","url":"https:\/\/www.valcucine.com\/","logo":{"@type":"ImageObject","inLanguage":"fr-FR","@id":"https:\/\/www.valcucine.com\/#\/schema\/logo\/image\/","url":"https:\/\/www.valcucine.com\/wp-content\/uploads\/2024\/02\/logo-valcucine.webp?wsr","contentUrl":"https:\/\/www.valcucine.com\/wp-content\/uploads\/2024\/02\/logo-valcucine.webp?wsr","width":288,"height":46,"caption":"Valcucine"},"image":{"@id":"https:\/\/www.valcucine.com\/#\/schema\/logo\/image\/"},"sameAs":["https:\/\/www.facebook.com\/valcucine\/","https:\/\/www.instagram.com\/valcucine\/","https:\/\/www.linkedin.com\/company\/valcucine"]}]}},"_links":{"self":[{"href":"https:\/\/www.valcucine.com\/fr\/wp-json\/wp\/v2\/pages\/12262","targetHints":{"allow":["GET"]}}],"collection":[{"href":"https:\/\/www.valcucine.com\/fr\/wp-json\/wp\/v2\/pages"}],"about":[{"href":"https:\/\/www.valcucine.com\/fr\/wp-json\/wp\/v2\/types\/page"}],"author":[{"embeddable":true,"href":"https:\/\/www.valcucine.com\/fr\/wp-json\/wp\/v2\/users\/1"}],"replies":[{"embeddable":true,"href":"https:\/\/www.valcucine.com\/fr\/wp-json\/wp\/v2\/comments?post=12262"}],"version-history":[{"count":7,"href":"https:\/\/www.valcucine.com\/fr\/wp-json\/wp\/v2\/pages\/12262\/revisions"}],"predecessor-version":[{"id":54288,"href":"https:\/\/www.valcucine.com\/fr\/wp-json\/wp\/v2\/pages\/12262\/revisions\/54288"}],"up":[{"embeddable":true,"href":"https:\/\/www.valcucine.com\/fr\/wp-json\/wp\/v2\/pages\/12238"}],"wp:attachment":[{"href":"https:\/\/www.valcucine.com\/fr\/wp-json\/wp\/v2\/media?parent=12262"}],"curies":[{"name":"wp","href":"https:\/\/api.w.org\/{rel}","templated":true}]}}