{"id":12275,"date":"2024-03-11T14:08:35","date_gmt":"2024-03-11T14:08:35","guid":{"rendered":"https:\/\/devel.valcucine.com\/societe\/esg\/"},"modified":"2026-03-03T13:02:37","modified_gmt":"2026-03-03T13:02:37","slug":"esg","status":"publish","type":"page","link":"https:\/\/www.valcucine.com\/fr\/societe\/esg\/","title":{"rendered":"ESG"},"content":{"rendered":"<div class=\"wpb-content-wrapper\"><p>[vc_row css=\u00a0\u00bb.vc_custom_1709740056130{padding-top: 40px !important;padding-bottom: 40px !important;}\u00a0\u00bb][vc_column]\n        \n        <h1 class=\"text-center  main__title__h1  \" style=\"color:#333333;\"> \n\n         ESG\n        \n        <\/h1>[\/vc_column][\/vc_row][vc_row][vc_column]\n        \n        <h2 class=\"text-center  main__title__h2  vc_custom_1772542961378 \" style=\"color:;\"> \n\n         Environmental, Social and Governance\n        \n        <\/h2>[vc_column_text]L&rsquo;extension de la certification<strong>\u00a0FSC<\/strong>, comme le\u00a0mappage<strong>\u00a0LEED,<\/strong> la certification <strong>F4 STARS,<\/strong> <strong>ISO 14001\u00a0<\/strong>et\u00a0<strong>ISO 45001<\/strong>\u00a0et la participation \u00e0 l&rsquo;association\u00a0Bioforest\u00a0font partie d&rsquo;une s\u00e9rie d&rsquo;actions concr\u00e8tes qui respectent les objectifs de d\u00e9veloppement durable (Global Development Goals) dict\u00e9s par l&rsquo;Agenda 2030 des Nations Unies et les politiques\u00a0ESG\u00a0qui garantissent la validit\u00e9 d&rsquo;une entreprise, d&rsquo;une soci\u00e9t\u00e9 ou d&rsquo;une association par rapport \u00e0 son engagement dans les domaines environnemental (Crit\u00e8re E Environmental), social (Crit\u00e8re S Social) et de gestion (Crit\u00e8re G Gouvernance).[\/vc_column_text][vc_column_text]<\/p>\n<h5><strong>En plus des objectifs de d\u00e9veloppement durable (ODD) que nous poursuivons depuis des ann\u00e9es, nous nous sommes fix\u00e9 de nouveaux objectifs ESG (environnementaux, sociaux et de gouvernance) qui incarnent l&rsquo;engagement continu de l&rsquo;entreprise en faveur d&rsquo;un avenir meilleur.<\/strong><\/h5>\n<p>[\/vc_column_text]<div class=\"text__read__more \" ><div class=\"text__read__more__text\" style=\"height:0px; overflow:hidden;\">La nostra filosofia \u00e8 ispirata dall&rsquo;ambizione di promuovere uno sviluppo sostenibile e l&rsquo;equilibrio tra uomo e ambiente naturale. Le politiche ESG (Environmental, Social, and Governance) sono centrali nella nostra cultura e mentalit\u00e0. Crediamo fermamente che la sostenibilit\u00e0 ambientale, sociale e di governance sia fondamentale per il successo<br \/>\na lungo termine delle nostre attivit\u00e0.<\/p>\n<p>Per\u00a0<strong>sostenibilit\u00e0 ambientale<\/strong>, adottiamo politiche e pratiche per ridurre l&rsquo;impatto ambientale delle nostre operazioni. Gestiamo responsabilmente le risorse naturali, riduciamo le emissioni di gas serra e promuoviamo l&rsquo;efficienza energetica. Collaboriamo con l&rsquo;associazione Bioforest per tutelare la biodiversit\u00e0 e conservare gli ecosistemi.<\/p>\n<p>Per quanto riguarda la\u00a0<strong>sostenibilit\u00e0 sociale<\/strong>, creiamo un ambiente di lavoro inclusivo, equo e sicuro per tutti i nostri dipendenti. Valorizziamo la diversit\u00e0 e promuoviamo pari opportunit\u00e0 e il rispetto dei diritti umani.<\/p>\n<p>La\u00a0<strong>sostenibilit\u00e0 della<\/strong>\u00a0<strong>governance<\/strong>\u00a0\u00e8 altrettanto importante per noi. Abbiamo politiche per garantire la trasparenza, l&rsquo;etica e l&rsquo;integrit\u00e0 nelle nostre pratiche aziendali. Sosteniamo una leadership responsabile, una gestione dei rischi oculata e standard etici. Promuoviamo l&rsquo;efficienza operativa, l&rsquo;accountability e l&rsquo;equit\u00e0 nel processo decisionale.<\/p>\n<p>Riconosciamo che l&rsquo;integrazione dei principi ESG \u00e8 essenziale per affrontare le sfide attuali e future, e il successo aziendale \u00e8 indissociabile dal benessere dell&rsquo;ambiente, delle persone e delle comunit\u00e0 con cui interagiamo.<br \/>\nContinueremo a migliorare costantemente le nostre performance in materia di sostenibilit\u00e0, sociale e di governance, ponendoci obiettivi misurabili e ambiziosi. Comunicheremo regolarmente i nostri progressi verso il raggiungimento di tali obiettivi, mantenendo la massima trasparenza.<\/div><span id='read__more'>En savoir plus<\/span><\/div>\n            <script>\n            jQuery(function () {\n\n                var p = jQuery('.text__read__more__text > p');\n\n                for(var i = 0; i < p.length; i++){\n                    if(jQuery(p[i]).is(':empty') == true){\n                        jQuery(p[i]).hide();\n                    }\n                }\n                \n                jQuery('#read__more').click(function (e) {\n                \n                        jQuery('.text__read__more__text').slideDown( 'slow', function() {\n                            jQuery(this).css({\n                            'height': 'auto',\n                            'overflow': 'auto'\n                            });\n\n                          \n                            \n                        });\n\n                        jQuery(this).hide();\n                         \n                });\n                \n            });\n           \n            <\/script>\n            [\/vc_column][\/vc_row][vc_row][vc_column][vc_separator color=\u00a0\u00bbcustom\u00a0\u00bb el_width=\u00a0\u00bb10&Prime; accent_color=\u00a0\u00bb#333333&Prime;][\/vc_column][\/vc_row][vc_row][vc_column width=\u00a0\u00bb1\/3&Prime;]<div class=\"block__img__hover\"><a href=\"https:\/\/www.valcucine.com\/fr\/societe\/esg\/sdg\/\" target=\"\" rel=\"\" style=\"background-image:url(https:\/\/www.valcucine.com\/wp-content\/uploads\/2024\/08\/SDG-e1753194545886.jpg?wsr)\"><img src='https:\/\/www.valcucine.com\/wp-content\/uploads\/2024\/08\/SDG-e1753194545886.jpg?wsr' alt='' style='display:none'><span>Esg<\/span><h4>SDG<\/h4><\/a><\/div>[\/vc_column][vc_column width=\u00a0\u00bb1\/3&Prime;]<div class=\"block__img__hover\"><a href=\"https:\/\/www.valcucine.com\/fr\/societe\/esg\/code-de-deontologie\/\" target=\"\" rel=\"\" style=\"background-image:url(https:\/\/www.valcucine.com\/wp-content\/uploads\/2024\/08\/CODICE-ETICO-e1753194523773.jpg?wsr)\"><img src='https:\/\/www.valcucine.com\/wp-content\/uploads\/2024\/08\/CODICE-ETICO-e1753194523773.jpg?wsr' alt='' style='display:none'><span>Esg<\/span><h4>Code de d\u00e9ontologie<\/h4><\/a><\/div>[\/vc_column][vc_column width=\u00a0\u00bb1\/3&Prime;]<div class=\"block__img__hover\"><a href=\"https:\/\/www.valcucine.com\/fr\/societe\/esg\/certification-fsc\/\" target=\"\" rel=\"\" style=\"background-image:url(https:\/\/www.valcucine.com\/wp-content\/uploads\/2024\/08\/FSC-e1753194507913.jpg?wsr)\"><img src='https:\/\/www.valcucine.com\/wp-content\/uploads\/2024\/08\/FSC-e1753194507913.jpg?wsr' alt='' style='display:none'><span>Esg<\/span><h4>FSC<\/h4><\/a><\/div>[\/vc_column][\/vc_row][vc_row][vc_column width=\u00a0\u00bb1\/3&Prime;]<div class=\"block__img__hover\"><a href=\"https:\/\/www.valcucine.com\/fr\/societe\/esg\/leed-v4-1\/\" target=\"\" rel=\"\" style=\"background-image:url(https:\/\/www.valcucine.com\/wp-content\/uploads\/2024\/08\/LEED-e1753194492801.jpg?wsr)\"><img src='https:\/\/www.valcucine.com\/wp-content\/uploads\/2024\/08\/LEED-e1753194492801.jpg?wsr' alt='' style='display:none'><span>Esg<\/span><h4>LEED<\/h4><\/a><\/div>[\/vc_column][vc_column width=\u00a0\u00bb1\/3&Prime;]<div class=\"block__img__hover\"><a href=\"https:\/\/www.valcucine.com\/fr\/societe\/esg\/certifications\/\" target=\"\" rel=\"\" style=\"background-image:url(https:\/\/www.valcucine.com\/wp-content\/uploads\/2024\/08\/ISO-e1753194464942.jpg?wsr)\"><img src='https:\/\/www.valcucine.com\/wp-content\/uploads\/2024\/08\/ISO-e1753194464942.jpg?wsr' alt='' style='display:none'><span>Esg<\/span><h4>ISO<\/h4><\/a><\/div>[\/vc_column][vc_column width=\u00a0\u00bb1\/3&Prime;]<div class=\"block__img__hover\"><a href=\"https:\/\/www.valcucine.com\/fr\/societe\/esg\/bioforest\/\" target=\"\" rel=\"\" style=\"background-image:url(https:\/\/www.valcucine.com\/wp-content\/uploads\/2024\/08\/BIOFOREST-e1753194423778.jpg?wsr)\"><img src='https:\/\/www.valcucine.com\/wp-content\/uploads\/2024\/08\/BIOFOREST-e1753194423778.jpg?wsr' alt='' style='display:none'><span>Esg<\/span><h4>Bioforest<\/h4><\/a><\/div>[\/vc_column][\/vc_row][vc_row css=\u00a0\u00bb.vc_custom_1710779751769{margin-bottom: 40px !important;}\u00a0\u00bb][vc_column width=\u00a0\u00bb1\/3&Prime;]<div class=\"block__img__hover\"><a href=\"https:\/\/www.valcucine.com\/fr\/societe\/esg\/gdpr\/\" target=\"\" rel=\"\" style=\"background-image:url(https:\/\/www.valcucine.com\/wp-content\/uploads\/2024\/08\/GDPR-e1753194391439.jpg?wsr)\"><img src='https:\/\/www.valcucine.com\/wp-content\/uploads\/2024\/08\/GDPR-e1753194391439.jpg?wsr' alt='' style='display:none'><span>Esg<\/span><h4>GDPR<\/h4><\/a><\/div>[\/vc_column][vc_column width=\u00a0\u00bb1\/3&Prime;][\/vc_column][vc_column width=\u00a0\u00bb1\/3&Prime;][\/vc_column][\/vc_row]<\/p>\n<\/div>","protected":false},"excerpt":{"rendered":"<p>[vc_row css=\u00a0\u00bb.vc_custom_1709740056130{padding-top: 40px !important;padding-bottom: 40px !important;}\u00a0\u00bb][vc_column][\/vc_column][\/vc_row][vc_row][vc_column][vc_column_text]L&rsquo;extension de la certification\u00a0FSC, comme le\u00a0mappage\u00a0LEED, la certification F4 STARS, ISO 14001\u00a0et\u00a0ISO 45001\u00a0et la participation \u00e0 l&rsquo;association\u00a0Bioforest\u00a0font partie d&rsquo;une s\u00e9rie d&rsquo;actions concr\u00e8tes qui respectent les objectifs de d\u00e9veloppement durable (Global Development Goals) dict\u00e9s par l&rsquo;Agenda 2030 des Nations Unies et les politiques\u00a0ESG\u00a0qui garantissent la validit\u00e9 d&rsquo;une entreprise, d&rsquo;une soci\u00e9t\u00e9 ou [&hellip;]<\/p>\n","protected":false},"author":1,"featured_media":0,"parent":12238,"menu_order":0,"comment_status":"closed","ping_status":"closed","template":"","meta":{"footnotes":""},"class_list":["post-12275","page","type-page","status-publish","hentry"],"yoast_head":"<!-- This site is optimized with the Yoast SEO plugin v26.2 - https:\/\/yoast.com\/wordpress\/plugins\/seo\/ -->\n<title>ESG - Valcucine<\/title>\n<meta name=\"robots\" content=\"index, follow, max-snippet:-1, max-image-preview:large, max-video-preview:-1\" \/>\n<link rel=\"canonical\" href=\"https:\/\/www.valcucine.com\/fr\/societe\/esg\/\" \/>\n<meta property=\"og:locale\" content=\"fr_FR\" \/>\n<meta property=\"og:type\" content=\"article\" \/>\n<meta property=\"og:title\" content=\"ESG - Valcucine\" \/>\n<meta property=\"og:description\" content=\"[vc_row css=\u00a0\u00bb.vc_custom_1709740056130{padding-top: 40px !important;padding-bottom: 40px !important;}\u00a0\u00bb][vc_column][\/vc_column][\/vc_row][vc_row][vc_column][vc_column_text]L&rsquo;extension de la certification\u00a0FSC, comme le\u00a0mappage\u00a0LEED, la certification F4 STARS, ISO 14001\u00a0et\u00a0ISO 45001\u00a0et la participation \u00e0 l&rsquo;association\u00a0Bioforest\u00a0font partie d&rsquo;une s\u00e9rie d&rsquo;actions concr\u00e8tes qui respectent les objectifs de d\u00e9veloppement durable (Global Development Goals) dict\u00e9s par l&rsquo;Agenda 2030 des Nations Unies et les politiques\u00a0ESG\u00a0qui garantissent la validit\u00e9 d&rsquo;une entreprise, d&rsquo;une soci\u00e9t\u00e9 ou [&hellip;]\" \/>\n<meta property=\"og:url\" content=\"https:\/\/www.valcucine.com\/fr\/societe\/esg\/\" \/>\n<meta property=\"og:site_name\" content=\"Valcucine\" \/>\n<meta property=\"article:publisher\" content=\"https:\/\/www.facebook.com\/valcucine\/\" \/>\n<meta property=\"article:modified_time\" content=\"2026-03-03T13:02:37+00:00\" \/>\n<meta name=\"twitter:card\" content=\"summary_large_image\" \/>\n<meta name=\"twitter:label1\" content=\"Dur\u00e9e de lecture estim\u00e9e\" \/>\n\t<meta name=\"twitter:data1\" content=\"3 minutes\" \/>\n<script type=\"application\/ld+json\" class=\"yoast-schema-graph\">{\"@context\":\"https:\/\/schema.org\",\"@graph\":[{\"@type\":\"WebPage\",\"@id\":\"https:\/\/www.valcucine.com\/fr\/societe\/esg\/\",\"url\":\"https:\/\/www.valcucine.com\/fr\/societe\/esg\/\",\"name\":\"ESG - Valcucine\",\"isPartOf\":{\"@id\":\"https:\/\/www.valcucine.com\/#website\"},\"datePublished\":\"2024-03-11T14:08:35+00:00\",\"dateModified\":\"2026-03-03T13:02:37+00:00\",\"breadcrumb\":{\"@id\":\"https:\/\/www.valcucine.com\/fr\/societe\/esg\/#breadcrumb\"},\"inLanguage\":\"fr-FR\",\"potentialAction\":[{\"@type\":\"ReadAction\",\"target\":[\"https:\/\/www.valcucine.com\/fr\/societe\/esg\/\"]}]},{\"@type\":\"BreadcrumbList\",\"@id\":\"https:\/\/www.valcucine.com\/fr\/societe\/esg\/#breadcrumb\",\"itemListElement\":[{\"@type\":\"ListItem\",\"position\":1,\"name\":\"Valcucine\",\"item\":\"https:\/\/www.valcucine.com\/fr\/\"},{\"@type\":\"ListItem\",\"position\":2,\"name\":\"Soci\u00e9t\u00e9\",\"item\":\"https:\/\/www.valcucine.com\/fr\/societe\/\"},{\"@type\":\"ListItem\",\"position\":3,\"name\":\"ESG\"}]},{\"@type\":\"WebSite\",\"@id\":\"https:\/\/www.valcucine.com\/#website\",\"url\":\"https:\/\/www.valcucine.com\/\",\"name\":\"Valcucine\",\"description\":\"\",\"publisher\":{\"@id\":\"https:\/\/www.valcucine.com\/#organization\"},\"potentialAction\":[{\"@type\":\"SearchAction\",\"target\":{\"@type\":\"EntryPoint\",\"urlTemplate\":\"https:\/\/www.valcucine.com\/?s={search_term_string}\"},\"query-input\":{\"@type\":\"PropertyValueSpecification\",\"valueRequired\":true,\"valueName\":\"search_term_string\"}}],\"inLanguage\":\"fr-FR\"},{\"@type\":\"Organization\",\"@id\":\"https:\/\/www.valcucine.com\/#organization\",\"name\":\"Valcucine\",\"url\":\"https:\/\/www.valcucine.com\/\",\"logo\":{\"@type\":\"ImageObject\",\"inLanguage\":\"fr-FR\",\"@id\":\"https:\/\/www.valcucine.com\/#\/schema\/logo\/image\/\",\"url\":\"https:\/\/www.valcucine.com\/wp-content\/uploads\/2024\/02\/logo-valcucine.webp?wsr\",\"contentUrl\":\"https:\/\/www.valcucine.com\/wp-content\/uploads\/2024\/02\/logo-valcucine.webp?wsr\",\"width\":288,\"height\":46,\"caption\":\"Valcucine\"},\"image\":{\"@id\":\"https:\/\/www.valcucine.com\/#\/schema\/logo\/image\/\"},\"sameAs\":[\"https:\/\/www.facebook.com\/valcucine\/\",\"https:\/\/www.instagram.com\/valcucine\/\",\"https:\/\/www.linkedin.com\/company\/valcucine\"]}]}<\/script>\n<!-- \/ Yoast SEO plugin. -->","yoast_head_json":{"title":"ESG - Valcucine","robots":{"index":"index","follow":"follow","max-snippet":"max-snippet:-1","max-image-preview":"max-image-preview:large","max-video-preview":"max-video-preview:-1"},"canonical":"https:\/\/www.valcucine.com\/fr\/societe\/esg\/","og_locale":"fr_FR","og_type":"article","og_title":"ESG - Valcucine","og_description":"[vc_row css=\u00a0\u00bb.vc_custom_1709740056130{padding-top: 40px !important;padding-bottom: 40px !important;}\u00a0\u00bb][vc_column][\/vc_column][\/vc_row][vc_row][vc_column][vc_column_text]L&rsquo;extension de la certification\u00a0FSC, comme le\u00a0mappage\u00a0LEED, la certification F4 STARS, ISO 14001\u00a0et\u00a0ISO 45001\u00a0et la participation \u00e0 l&rsquo;association\u00a0Bioforest\u00a0font partie d&rsquo;une s\u00e9rie d&rsquo;actions concr\u00e8tes qui respectent les objectifs de d\u00e9veloppement durable (Global Development Goals) dict\u00e9s par l&rsquo;Agenda 2030 des Nations Unies et les politiques\u00a0ESG\u00a0qui garantissent la validit\u00e9 d&rsquo;une entreprise, d&rsquo;une soci\u00e9t\u00e9 ou [&hellip;]","og_url":"https:\/\/www.valcucine.com\/fr\/societe\/esg\/","og_site_name":"Valcucine","article_publisher":"https:\/\/www.facebook.com\/valcucine\/","article_modified_time":"2026-03-03T13:02:37+00:00","twitter_card":"summary_large_image","twitter_misc":{"Dur\u00e9e de lecture estim\u00e9e":"3 minutes"},"schema":{"@context":"https:\/\/schema.org","@graph":[{"@type":"WebPage","@id":"https:\/\/www.valcucine.com\/fr\/societe\/esg\/","url":"https:\/\/www.valcucine.com\/fr\/societe\/esg\/","name":"ESG - Valcucine","isPartOf":{"@id":"https:\/\/www.valcucine.com\/#website"},"datePublished":"2024-03-11T14:08:35+00:00","dateModified":"2026-03-03T13:02:37+00:00","breadcrumb":{"@id":"https:\/\/www.valcucine.com\/fr\/societe\/esg\/#breadcrumb"},"inLanguage":"fr-FR","potentialAction":[{"@type":"ReadAction","target":["https:\/\/www.valcucine.com\/fr\/societe\/esg\/"]}]},{"@type":"BreadcrumbList","@id":"https:\/\/www.valcucine.com\/fr\/societe\/esg\/#breadcrumb","itemListElement":[{"@type":"ListItem","position":1,"name":"Valcucine","item":"https:\/\/www.valcucine.com\/fr\/"},{"@type":"ListItem","position":2,"name":"Soci\u00e9t\u00e9","item":"https:\/\/www.valcucine.com\/fr\/societe\/"},{"@type":"ListItem","position":3,"name":"ESG"}]},{"@type":"WebSite","@id":"https:\/\/www.valcucine.com\/#website","url":"https:\/\/www.valcucine.com\/","name":"Valcucine","description":"","publisher":{"@id":"https:\/\/www.valcucine.com\/#organization"},"potentialAction":[{"@type":"SearchAction","target":{"@type":"EntryPoint","urlTemplate":"https:\/\/www.valcucine.com\/?s={search_term_string}"},"query-input":{"@type":"PropertyValueSpecification","valueRequired":true,"valueName":"search_term_string"}}],"inLanguage":"fr-FR"},{"@type":"Organization","@id":"https:\/\/www.valcucine.com\/#organization","name":"Valcucine","url":"https:\/\/www.valcucine.com\/","logo":{"@type":"ImageObject","inLanguage":"fr-FR","@id":"https:\/\/www.valcucine.com\/#\/schema\/logo\/image\/","url":"https:\/\/www.valcucine.com\/wp-content\/uploads\/2024\/02\/logo-valcucine.webp?wsr","contentUrl":"https:\/\/www.valcucine.com\/wp-content\/uploads\/2024\/02\/logo-valcucine.webp?wsr","width":288,"height":46,"caption":"Valcucine"},"image":{"@id":"https:\/\/www.valcucine.com\/#\/schema\/logo\/image\/"},"sameAs":["https:\/\/www.facebook.com\/valcucine\/","https:\/\/www.instagram.com\/valcucine\/","https:\/\/www.linkedin.com\/company\/valcucine"]}]}},"_links":{"self":[{"href":"https:\/\/www.valcucine.com\/fr\/wp-json\/wp\/v2\/pages\/12275","targetHints":{"allow":["GET"]}}],"collection":[{"href":"https:\/\/www.valcucine.com\/fr\/wp-json\/wp\/v2\/pages"}],"about":[{"href":"https:\/\/www.valcucine.com\/fr\/wp-json\/wp\/v2\/types\/page"}],"author":[{"embeddable":true,"href":"https:\/\/www.valcucine.com\/fr\/wp-json\/wp\/v2\/users\/1"}],"replies":[{"embeddable":true,"href":"https:\/\/www.valcucine.com\/fr\/wp-json\/wp\/v2\/comments?post=12275"}],"version-history":[{"count":16,"href":"https:\/\/www.valcucine.com\/fr\/wp-json\/wp\/v2\/pages\/12275\/revisions"}],"predecessor-version":[{"id":53869,"href":"https:\/\/www.valcucine.com\/fr\/wp-json\/wp\/v2\/pages\/12275\/revisions\/53869"}],"up":[{"embeddable":true,"href":"https:\/\/www.valcucine.com\/fr\/wp-json\/wp\/v2\/pages\/12238"}],"wp:attachment":[{"href":"https:\/\/www.valcucine.com\/fr\/wp-json\/wp\/v2\/media?parent=12275"}],"curies":[{"name":"wp","href":"https:\/\/api.w.org\/{rel}","templated":true}]}}