{"id":12353,"date":"2024-03-15T10:45:17","date_gmt":"2024-03-15T10:45:17","guid":{"rendered":"https:\/\/devel.valcucine.com\/accessoires\/accessori-ponte-attrezzato\/"},"modified":"2025-07-02T15:03:16","modified_gmt":"2025-07-02T15:03:16","slug":"accessori-ponte-attrezzato","status":"publish","type":"page","link":"https:\/\/www.valcucine.com\/fr\/accessoires\/accessori-ponte-attrezzato\/","title":{"rendered":"Accessoires pont Structure-Pont Am\u00e9nag\u00e9e"},"content":{"rendered":"<div class=\"wpb-content-wrapper\"><p>[vc_row][vc_column]\n\t\t\t<!-- START Accessori Ponte Attrezzato REVOLUTION SLIDER 6.7.38 --><p class=\"rs-p-wp-fix\"><\/p>\n\t\t\t<rs-module-wrap id=\"rev_slider_45_1_wrapper\" data-source=\"gallery\" style=\"visibility:hidden;background:transparent;padding:0;\">\n\t\t\t\t<rs-module id=\"rev_slider_45_1\" style=\"\" data-version=\"6.7.38\">\n\t\t\t\t\t<rs-slides style=\"overflow: hidden; position: absolute;\">\n\t\t\t\t\t\t<rs-slide style=\"position: absolute;\" data-key=\"rs-235\" data-title=\"Slide\" data-thumb=\"\/\/www.valcucine.com\/wp-content\/uploads\/2024\/03\/1233_genius-loci_0424-50x100.webp\" data-in=\"o:0;\" data-out=\"a:false;\">\n\t\t\t\t\t\t\t<img decoding=\"async\" src=\"\/\/www.valcucine.com\/wp-content\/plugins\/revslider\/sr6\/assets\/assets\/dummy.png\" alt=\"\" title=\"1233_genius-loci_0424\" width=\"2400\" height=\"1200\" class=\"rev-slidebg tp-rs-img rs-lazyload\" data-lazyload=\"\/\/www.valcucine.com\/wp-content\/uploads\/2024\/03\/1233_genius-loci_0424.webp\" data-no-retina>\n<!---->\t\t\t\t\t<\/rs-slide>\n\t\t\t\t\t\t<rs-slide style=\"position: absolute;\" data-key=\"rs-236\" data-title=\"Slide\" data-thumb=\"\/\/www.valcucine.com\/wp-content\/uploads\/2024\/03\/1228_forma-mentis_0759-50x100.webp\" data-in=\"o:0;\" data-out=\"a:false;\">\n\t\t\t\t\t\t\t<img decoding=\"async\" src=\"\/\/www.valcucine.com\/wp-content\/plugins\/revslider\/sr6\/assets\/assets\/dummy.png\" alt=\"\" title=\"1228_forma-mentis_0759\" width=\"2400\" height=\"1200\" class=\"rev-slidebg tp-rs-img rs-lazyload\" data-lazyload=\"\/\/www.valcucine.com\/wp-content\/uploads\/2024\/03\/1228_forma-mentis_0759.webp\" data-no-retina>\n<!---->\t\t\t\t\t<\/rs-slide>\n\t\t\t\t\t<\/rs-slides>\n\t\t\t\t\t<rs-static-layers><!--\n\n\t\t\t\t\t\t\t--><rs-layer\n\t\t\t\t\t\t\t\tid=\"slider-45-slide-41-layer-12\" \n\t\t\t\t\t\t\t\tclass=\"play-button rs-svg rs-layer-static\"\n\t\t\t\t\t\t\t\tdata-type=\"svg\"\n\t\t\t\t\t\t\t\tdata-rsp_ch=\"on\"\n\t\t\t\t\t\t\t\tdata-xy=\"xo:20px;y:b;yo:20px;\"\n\t\t\t\t\t\t\t\tdata-text=\"w:normal;s:20,20,20,7;l:0,0,0,9;\"\n\t\t\t\t\t\t\t\tdata-dim=\"w:20px,20px,20px,30px;h:20px,20px,20px,30px;\"\n\t\t\t\t\t\t\t\tdata-actions='o:click;a:playslider;'\n\t\t\t\t\t\t\t\tdata-svg_src=\"\/\/www.valcucine.com\/wp-content\/uploads\/revslider\/svg\/objects\/svgcustom\/circle-play.svg\"\n\t\t\t\t\t\t\t\tdata-svgi=\"oc:t;\"\n\t\t\t\t\t\t\t\tdata-basealign=\"slide\"\n\t\t\t\t\t\t\t\tdata-onslides=\"s:1;\"\n\t\t\t\t\t\t\t\tdata-frame_999=\"o:0;st:w;\"\n\t\t\t\t\t\t\t\tstyle=\"z-index:7;font-family:'Roboto';\"\n\t\t\t\t\t\t\t> \n\t\t\t\t\t\t\t<\/rs-layer><!--\n\n\t\t\t\t\t\t\t--><rs-layer\n\t\t\t\t\t\t\t\tid=\"slider-45-slide-41-layer-13\" \n\t\t\t\t\t\t\t\tclass=\"pause-button current-slider rs-svg rs-layer-static\"\n\t\t\t\t\t\t\t\tdata-type=\"svg\"\n\t\t\t\t\t\t\t\tdata-rsp_ch=\"on\"\n\t\t\t\t\t\t\t\tdata-xy=\"xo:20px;y:b;yo:20px;\"\n\t\t\t\t\t\t\t\tdata-text=\"w:normal;s:20,20,20,7;l:0,0,0,9;\"\n\t\t\t\t\t\t\t\tdata-dim=\"w:20px,20px,20px,30px;h:20px,20px,20px,30px;\"\n\t\t\t\t\t\t\t\tdata-actions='o:click;a:pauseslider;'\n\t\t\t\t\t\t\t\tdata-svg_src=\"\/\/www.valcucine.com\/wp-content\/uploads\/revslider\/svg\/objects\/svgcustom\/circle-pause.svg\"\n\t\t\t\t\t\t\t\tdata-svgi=\"oc:t;\"\n\t\t\t\t\t\t\t\tdata-basealign=\"slide\"\n\t\t\t\t\t\t\t\tdata-onslides=\"s:1;\"\n\t\t\t\t\t\t\t\tdata-frame_999=\"o:0;st:w;\"\n\t\t\t\t\t\t\t\tstyle=\"z-index:8;font-family:'Roboto';\"\n\t\t\t\t\t\t\t> \n\t\t\t\t\t\t\t<\/rs-layer><!--\n\t\t\t\t\t--><\/rs-static-layers>\n\t\t\t\t<\/rs-module>\n\t\t\t\t<script>\n\t\t\t\t\tsetREVStartSize({c: 'rev_slider_45_1',rl:[1240,1240,1240,480],el:[568.984,568.984,568.984,480],gw:[1240,1240,1240,480],gh:[569,569,569,480],type:'standard',justify:'',layout:'fullscreen',offsetContainer:'#slider__height',offset:'0px',mh:\"0\"});if (window.RS_MODULES!==undefined && window.RS_MODULES.modules!==undefined && window.RS_MODULES.modules[\"revslider451\"]!==undefined) {window.RS_MODULES.modules[\"revslider451\"].once = false;window.revapi45 = undefined;if (window.RS_MODULES.checkMinimal!==undefined) window.RS_MODULES.checkMinimal()}\n\t\t\t\t<\/script>\n\t\t\t<\/rs-module-wrap>\n\t\t\t<!-- END REVOLUTION SLIDER -->\n[\/vc_column][\/vc_row][vc_row css=\u00a0\u00bb.vc_custom_1709739912507{padding-top: 40px !important;padding-bottom: 40px !important;}\u00a0\u00bb][vc_column]\n        \n        <h1 class=\"text-center  main__title__h1  \" style=\"color:#333333;\"> \n\n         Accessoires pont Structure-Pont Am\u00e9nag\u00e9e\n        \n        <\/h1>[\/vc_column][\/vc_row][vc_row][vc_column]\n        \n        <h2 class=\"text-start  main__title__h2  vc_custom_1716819858137 \" style=\"color:#333333;\"> \n\n         Con\u00e7ue avec ing\u00e9niosit\u00e9, r\u00e9alis\u00e9e avec talent\n        \n        <\/h2>[vc_column_text]De la recherche continue de la fonctionnalit\u00e9 naissent les accessoires Valcucine, con\u00e7us dans les moindres d\u00e9tails pour r\u00e9pondre au mieux aux diff\u00e9rentes exigences et garantir une efficacit\u00e9 maximale dans les diff\u00e9rents domaines d&rsquo;utilisation. Des solutions intelligentes et esth\u00e9tiquement \u00e9l\u00e9gantes qui accompagnent le rituel culinaire, en simplifiant le travail quotidien dans la cuisine. Le r\u00e9sultat est un environnement ordonn\u00e9, rationnel et fluide, en ligne avec la philosophie de conception de Valcucine selon laquelle \u00ab\u00a0tout est \u00e0 port\u00e9e de main, tout est en ordre en un instant\u00a0\u00bb.[\/vc_column_text][\/vc_column][\/vc_row][vc_row equal_height=\u00a0\u00bbyes\u00a0\u00bb content_placement=\u00a0\u00bbmiddle\u00a0\u00bb][vc_column width=\u00a0\u00bb1\/4&Prime;][vc_single_image image=\u00a0\u00bb5583&Prime; img_size=\u00a0\u00bb200&#215;200&Prime; alignment=\u00a0\u00bbcenter\u00a0\u00bb][\/vc_column][vc_column width=\u00a0\u00bb3\/4&Prime;][vc_column_text]<strong>Grand conteneur en bois<\/strong><br \/>\nLe bac en noyer est la solution id\u00e9ale pour ranger librement pots \u00e0 \u00e9pices, bocaux, bouteilles, condiments ou \u00e9quipements divers selon les besoins de chacun. Essentiel dans ses lignes et raffin\u00e9 dans sa r\u00e9alisation, il se soul\u00e8ve facilement gr\u00e2ce aux poign\u00e9es lat\u00e9rales.\u200b<br \/>\nS&rsquo;adapte \u00e9galement aux paniers int\u00e9rieurs et aux meubles hauts Logica Theca en pose libre<br \/>\n<em>Zone de travail recommand\u00e9e : pr\u00e9paration et cuisson<br \/>\nDimensions : H110 x D130 x L280 H110 x D130 x L280<\/em>[\/vc_column_text][\/vc_column][\/vc_row][vc_row equal_height=\u00a0\u00bbyes\u00a0\u00bb content_placement=\u00a0\u00bbmiddle\u00a0\u00bb][vc_column width=\u00a0\u00bb1\/4&Prime;][vc_single_image image=\u00a0\u00bb5589&Prime; img_size=\u00a0\u00bb200&#215;200&Prime; alignment=\u00a0\u00bbcenter\u00a0\u00bb][\/vc_column][vc_column width=\u00a0\u00bb3\/4&Prime;][vc_column_text]<strong>Conteneur en bois<\/strong><br \/>\nLe bac en noyer est la solution id\u00e9ale pour ranger et maintenir en ordre les couverts et les petits ustensiles tels que les passoires, les r\u00e2pes, les coupes \u00e0 pizza et les gobelets gradu\u00e9s. Gr\u00e2ce \u00e0 la hauteur modulable, il est possible d&#8217;empiler deux conteneurs l&rsquo;un sur l&rsquo;autre, ce qui permet d&rsquo;\u00e9conomiser de l&rsquo;espace. S&rsquo;adapte \u00e9galement \u00e0 la Logica Theca, aux paniers int\u00e9rieurs et aux meubles hauts en pose libre<br \/>\n<em>Zone de travail recommand\u00e9e : pr\u00e9paration et cuisson<br \/>\nDimensions : H55 x D130 x L280 H55 x D130 x L280<\/em>[\/vc_column_text][\/vc_column][\/vc_row][vc_row equal_height=\u00a0\u00bbyes\u00a0\u00bb content_placement=\u00a0\u00bbmiddle\u00a0\u00bb][vc_column width=\u00a0\u00bb1\/4&Prime;][vc_single_image image=\u00a0\u00bb5626&Prime; img_size=\u00a0\u00bb200&#215;200&Prime; alignment=\u00a0\u00bbcenter\u00a0\u00bb][\/vc_column][vc_column width=\u00a0\u00bb3\/4&Prime;][vc_column_text]<strong>Conteneur en acier inoxydable<\/strong><br \/>\nGr\u00e2ce \u00e0 sa grande r\u00e9sistance \u00e0 la corrosion, le conteneur en acier inoxydable est la solution id\u00e9ale pour le stockage d&rsquo;accessoires et d&rsquo;objets qui travaillent au contact de l&rsquo;eau ou de contenants de produits agressifs comme le sel.<br \/>\nEgalement disponible sur Logica Theca<br \/>\n<em>Zone de travail recommand\u00e9e : lavage et pr\u00e9paration<br \/>\nIl est disponible en deux dimensions : H55 x D130 x L130 ; H55 x D130 x L280<\/em>[\/vc_column_text][\/vc_column][\/vc_row][vc_row equal_height=\u00a0\u00bbyes\u00a0\u00bb content_placement=\u00a0\u00bbmiddle\u00a0\u00bb][vc_column][vc_column_text]<strong>Bar \u00e9lectrifi\u00e9<\/strong><br \/>\nLe syst\u00e8me modulaire avec rail \u00e9lectrifi\u00e9 permet une gestion portable de l&rsquo;\u00e9nergie : il suffit d&rsquo;ins\u00e9rer l&rsquo;adaptateur appropri\u00e9 n&rsquo;importe o\u00f9 sur le rail \u00e9lectrifi\u00e9, de le tourner dans le sens des aiguilles d&rsquo;une montre et le point de prise sera actif. Il est possible d&rsquo;ajouter des accessoires d\u00e9di\u00e9s tels que des c\u00e2bles r\u00e9seau, des connecteurs USB et de nombreux autres types de connecteurs m\u00e9dia. Convient \u00e9galement au syst\u00e8me Air Logica, au syst\u00e8me New Logica et \u00e0 la Boiserie.<br \/>\n<em>Zone de travail recommand\u00e9e : pr\u00e9paration<\/em><\/p>\n<p><strong>Accessoires applicables au bar \u00e9lectrifi\u00e9 :<\/strong>[\/vc_column_text][\/vc_column][\/vc_row][vc_row equal_height=\u00a0\u00bbyes\u00a0\u00bb content_placement=\u00a0\u00bbmiddle\u00a0\u00bb][vc_column width=\u00a0\u00bb1\/4&Prime;][vc_single_image image=\u00a0\u00bb48182&Prime; img_size=\u00a0\u00bb200&#215;200&Prime; alignment=\u00a0\u00bbcenter\u00a0\u00bb][\/vc_column][vc_column width=\u00a0\u00bb3\/4&Prime;][vc_column_text]<strong>Prise \u00e9lectrique<\/strong><br \/>\nUne simple rotation dans le sens des aiguilles d&rsquo;une montre active l&rsquo;adaptateur \u00e0 n&rsquo;importe quel endroit du rail \u00e9lectrifi\u00e9 choisi, permettant de brancher toutes les prises et tous les consommateurs. La LED bleue \u00e9lectrique signale la pr\u00e9sence de courant.[\/vc_column_text][\/vc_column][\/vc_row][vc_row equal_height=\u00a0\u00bbyes\u00a0\u00bb content_placement=\u00a0\u00bbmiddle\u00a0\u00bb][vc_column width=\u00a0\u00bb1\/4&Prime;][vc_single_image image=\u00a0\u00bb48130&Prime; img_size=\u00a0\u00bb200&#215;200&Prime; alignment=\u00a0\u00bbcenter\u00a0\u00bb][\/vc_column][vc_column width=\u00a0\u00bb3\/4&Prime;][vc_column_text]<strong>Adaptateur USB<\/strong><br \/>\nLa prise de l&rsquo;adaptateur USB est con\u00e7ue pour \u00eatre utilis\u00e9e avec la plupart des composants dot\u00e9s d&rsquo;un connecteur de charge USB.<br \/>\nUne simple rotation dans le sens des aiguilles d&rsquo;une montre active l&rsquo;adaptateur, permettant \u00e0 tous les consommateurs d&rsquo;\u00eatre branch\u00e9s.[\/vc_column_text][\/vc_column][\/vc_row][vc_row equal_height=\u00a0\u00bbyes\u00a0\u00bb content_placement=\u00a0\u00bbmiddle\u00a0\u00bb][vc_column width=\u00a0\u00bb1\/4&Prime;][vc_single_image image=\u00a0\u00bb5680&Prime; img_size=\u00a0\u00bb200&#215;200&Prime; alignment=\u00a0\u00bbcenter\u00a0\u00bb][\/vc_column][vc_column width=\u00a0\u00bb3\/4&Prime;][vc_column_text]<strong>\u00c9tag\u00e8re<\/strong><br \/>\nUn design minimaliste pour la tablette en aluminium anodis\u00e9 noir qui enrichit le pont \u00e9quip\u00e9 d&rsquo;un dosseret en verre.<br \/>\nVous pouvez d\u00e9placer la tablette \u00e0 l&rsquo;endroit le plus pratique en fonction de vos besoins en la faisant glisser le long du profil du dosseret.<br \/>\nVous disposez ainsi d&rsquo;une surface de rangement suppl\u00e9mentaire pour garder tout ce dont vous avez besoin \u00e0 port\u00e9e de main.<br \/>\nL&rsquo;\u00e9tag\u00e8re peut \u00eatre utilis\u00e9e en combinaison avec le plateau plat, les r\u00e9cipients en bois et le r\u00e9cipient en acier inoxydable 280.<br \/>\n<em>Zone de travail recommand\u00e9e : lavage, cuisine et pr\u00e9paration<br \/>\nDimensions de l&rsquo;\u00e9tag\u00e8re : H55 x D130 x L2 H55 x D130 x L280<\/em>[\/vc_column_text][\/vc_column][\/vc_row][vc_row equal_height=\u00a0\u00bbyes\u00a0\u00bb content_placement=\u00a0\u00bbmiddle\u00a0\u00bb][vc_column width=\u00a0\u00bb1\/4&Prime;][vc_single_image image=\u00a0\u00bb5685&Prime; img_size=\u00a0\u00bb200&#215;200&Prime; alignment=\u00a0\u00bbcenter\u00a0\u00bb][\/vc_column][vc_column width=\u00a0\u00bb3\/4&Prime;][vc_column_text]<strong>Egouttoir plat<\/strong><br \/>\nPropos\u00e9 en combinaison avec l&rsquo;\u00e9tag\u00e8re Equipped Deck, l&rsquo;\u00e9gouttoir en acier inoxydable est \u00e9quip\u00e9 d&rsquo;un bac de r\u00e9cup\u00e9ration pratique.<br \/>\nLa grille peut \u00eatre retir\u00e9e pour faciliter le nettoyage.<br \/>\n<em>Zone de travail recommand\u00e9e : lavage<br \/>\nDimensions de l&rsquo;\u00e9gouttoir : H12 x D130 x L2 H12 x D130 x L280<\/em>[\/vc_column_text][\/vc_column][\/vc_row][vc_row equal_height=\u00a0\u00bbyes\u00a0\u00bb content_placement=\u00a0\u00bbmiddle\u00a0\u00bb][vc_column width=\u00a0\u00bb1\/4&Prime;][vc_single_image image=\u00a0\u00bb5690&Prime; img_size=\u00a0\u00bb200&#215;200&Prime; alignment=\u00a0\u00bbcenter\u00a0\u00bb][\/vc_column][vc_column width=\u00a0\u00bb3\/4&Prime;][vc_column_text]<strong>Crochet<\/strong><br \/>\nAvoir toujours \u00e0 port\u00e9e de main les ustensiles que l&rsquo;on utilise le plus souvent simplifie et acc\u00e9l\u00e8re le travail dans la cuisine. Gr\u00e2ce au syst\u00e8me coulissant, le crochet en aluminium anodis\u00e9 noir peut \u00eatre facilement d\u00e9plac\u00e9 vers la zone de travail souhait\u00e9e.<br \/>\nConvient \u00e9galement au syst\u00e8me Air Logica, au syst\u00e8me New Logica et \u00e0 la Boiserie.<br \/>\n<em>Zone de travail recommand\u00e9e : lavage, cuisine et pr\u00e9paration<br \/>\nDimensions : H105 x L40 H105 x L40<\/em>[\/vc_column_text][\/vc_column][\/vc_row][vc_row css=\u00a0\u00bb.vc_custom_1710778496977{margin-bottom: 40px !important;}\u00a0\u00bb][vc_column css=\u00a0\u00bb.vc_custom_1710776592121{padding-bottom: 40px !important;}\u00a0\u00bb][vc_separator color=\u00a0\u00bbcustom\u00a0\u00bb el_width=\u00a0\u00bb10&Prime; accent_color=\u00a0\u00bb#666666&Prime;][\/vc_column][\/vc_row]<\/p>\n<\/div>","protected":false},"excerpt":{"rendered":"<p>[vc_row][vc_column][\/vc_column][\/vc_row][vc_row css=\u00a0\u00bb.vc_custom_1709739912507{padding-top: 40px !important;padding-bottom: 40px !important;}\u00a0\u00bb][vc_column][\/vc_column][\/vc_row][vc_row][vc_column][vc_column_text]De la recherche continue de la fonctionnalit\u00e9 naissent les accessoires Valcucine, con\u00e7us dans les moindres d\u00e9tails pour r\u00e9pondre au mieux aux diff\u00e9rentes exigences et garantir une efficacit\u00e9 maximale dans les diff\u00e9rents domaines d&rsquo;utilisation. Des solutions intelligentes et esth\u00e9tiquement \u00e9l\u00e9gantes qui accompagnent le rituel culinaire, en simplifiant le travail quotidien dans [&hellip;]<\/p>\n","protected":false},"author":1,"featured_media":0,"parent":12341,"menu_order":0,"comment_status":"closed","ping_status":"closed","template":"","meta":{"footnotes":""},"class_list":["post-12353","page","type-page","status-publish","hentry"],"yoast_head":"<!-- This site is optimized with the Yoast SEO plugin v26.2 - https:\/\/yoast.com\/wordpress\/plugins\/seo\/ -->\n<title>Accessoires pont Structure-Pont Am\u00e9nag\u00e9e - Valcucine<\/title>\n<meta name=\"robots\" content=\"index, follow, max-snippet:-1, max-image-preview:large, max-video-preview:-1\" \/>\n<link rel=\"canonical\" href=\"https:\/\/www.valcucine.com\/fr\/accessoires\/accessori-ponte-attrezzato\/\" \/>\n<meta property=\"og:locale\" content=\"fr_FR\" \/>\n<meta property=\"og:type\" content=\"article\" \/>\n<meta property=\"og:title\" content=\"Accessoires pont Structure-Pont Am\u00e9nag\u00e9e - Valcucine\" \/>\n<meta property=\"og:description\" content=\"[vc_row][vc_column][\/vc_column][\/vc_row][vc_row css=\u00a0\u00bb.vc_custom_1709739912507{padding-top: 40px !important;padding-bottom: 40px !important;}\u00a0\u00bb][vc_column][\/vc_column][\/vc_row][vc_row][vc_column][vc_column_text]De la recherche continue de la fonctionnalit\u00e9 naissent les accessoires Valcucine, con\u00e7us dans les moindres d\u00e9tails pour r\u00e9pondre au mieux aux diff\u00e9rentes exigences et garantir une efficacit\u00e9 maximale dans les diff\u00e9rents domaines d&rsquo;utilisation. Des solutions intelligentes et esth\u00e9tiquement \u00e9l\u00e9gantes qui accompagnent le rituel culinaire, en simplifiant le travail quotidien dans [&hellip;]\" \/>\n<meta property=\"og:url\" content=\"https:\/\/www.valcucine.com\/fr\/accessoires\/accessori-ponte-attrezzato\/\" \/>\n<meta property=\"og:site_name\" content=\"Valcucine\" \/>\n<meta property=\"article:publisher\" content=\"https:\/\/www.facebook.com\/valcucine\/\" \/>\n<meta property=\"article:modified_time\" content=\"2025-07-02T15:03:16+00:00\" \/>\n<meta name=\"twitter:card\" content=\"summary_large_image\" \/>\n<meta name=\"twitter:label1\" content=\"Dur\u00e9e de lecture estim\u00e9e\" \/>\n\t<meta name=\"twitter:data1\" content=\"5 minutes\" \/>\n<script type=\"application\/ld+json\" class=\"yoast-schema-graph\">{\"@context\":\"https:\/\/schema.org\",\"@graph\":[{\"@type\":\"WebPage\",\"@id\":\"https:\/\/www.valcucine.com\/fr\/accessoires\/accessori-ponte-attrezzato\/\",\"url\":\"https:\/\/www.valcucine.com\/fr\/accessoires\/accessori-ponte-attrezzato\/\",\"name\":\"Accessoires pont Structure-Pont Am\u00e9nag\u00e9e - Valcucine\",\"isPartOf\":{\"@id\":\"https:\/\/www.valcucine.com\/#website\"},\"datePublished\":\"2024-03-15T10:45:17+00:00\",\"dateModified\":\"2025-07-02T15:03:16+00:00\",\"breadcrumb\":{\"@id\":\"https:\/\/www.valcucine.com\/fr\/accessoires\/accessori-ponte-attrezzato\/#breadcrumb\"},\"inLanguage\":\"fr-FR\",\"potentialAction\":[{\"@type\":\"ReadAction\",\"target\":[\"https:\/\/www.valcucine.com\/fr\/accessoires\/accessori-ponte-attrezzato\/\"]}]},{\"@type\":\"BreadcrumbList\",\"@id\":\"https:\/\/www.valcucine.com\/fr\/accessoires\/accessori-ponte-attrezzato\/#breadcrumb\",\"itemListElement\":[{\"@type\":\"ListItem\",\"position\":1,\"name\":\"Valcucine\",\"item\":\"https:\/\/www.valcucine.com\/fr\/\"},{\"@type\":\"ListItem\",\"position\":2,\"name\":\"Accessoires\",\"item\":\"https:\/\/www.valcucine.com\/fr\/accessoires\/\"},{\"@type\":\"ListItem\",\"position\":3,\"name\":\"Accessoires pont Structure-Pont Am\u00e9nag\u00e9e\"}]},{\"@type\":\"WebSite\",\"@id\":\"https:\/\/www.valcucine.com\/#website\",\"url\":\"https:\/\/www.valcucine.com\/\",\"name\":\"Valcucine\",\"description\":\"\",\"publisher\":{\"@id\":\"https:\/\/www.valcucine.com\/#organization\"},\"potentialAction\":[{\"@type\":\"SearchAction\",\"target\":{\"@type\":\"EntryPoint\",\"urlTemplate\":\"https:\/\/www.valcucine.com\/?s={search_term_string}\"},\"query-input\":{\"@type\":\"PropertyValueSpecification\",\"valueRequired\":true,\"valueName\":\"search_term_string\"}}],\"inLanguage\":\"fr-FR\"},{\"@type\":\"Organization\",\"@id\":\"https:\/\/www.valcucine.com\/#organization\",\"name\":\"Valcucine\",\"url\":\"https:\/\/www.valcucine.com\/\",\"logo\":{\"@type\":\"ImageObject\",\"inLanguage\":\"fr-FR\",\"@id\":\"https:\/\/www.valcucine.com\/#\/schema\/logo\/image\/\",\"url\":\"https:\/\/www.valcucine.com\/wp-content\/uploads\/2024\/02\/logo-valcucine.webp?wsr\",\"contentUrl\":\"https:\/\/www.valcucine.com\/wp-content\/uploads\/2024\/02\/logo-valcucine.webp?wsr\",\"width\":288,\"height\":46,\"caption\":\"Valcucine\"},\"image\":{\"@id\":\"https:\/\/www.valcucine.com\/#\/schema\/logo\/image\/\"},\"sameAs\":[\"https:\/\/www.facebook.com\/valcucine\/\",\"https:\/\/www.instagram.com\/valcucine\/\",\"https:\/\/www.linkedin.com\/company\/valcucine\"]}]}<\/script>\n<!-- \/ Yoast SEO plugin. -->","yoast_head_json":{"title":"Accessoires pont Structure-Pont Am\u00e9nag\u00e9e - Valcucine","robots":{"index":"index","follow":"follow","max-snippet":"max-snippet:-1","max-image-preview":"max-image-preview:large","max-video-preview":"max-video-preview:-1"},"canonical":"https:\/\/www.valcucine.com\/fr\/accessoires\/accessori-ponte-attrezzato\/","og_locale":"fr_FR","og_type":"article","og_title":"Accessoires pont Structure-Pont Am\u00e9nag\u00e9e - Valcucine","og_description":"[vc_row][vc_column][\/vc_column][\/vc_row][vc_row css=\u00a0\u00bb.vc_custom_1709739912507{padding-top: 40px !important;padding-bottom: 40px !important;}\u00a0\u00bb][vc_column][\/vc_column][\/vc_row][vc_row][vc_column][vc_column_text]De la recherche continue de la fonctionnalit\u00e9 naissent les accessoires Valcucine, con\u00e7us dans les moindres d\u00e9tails pour r\u00e9pondre au mieux aux diff\u00e9rentes exigences et garantir une efficacit\u00e9 maximale dans les diff\u00e9rents domaines d&rsquo;utilisation. Des solutions intelligentes et esth\u00e9tiquement \u00e9l\u00e9gantes qui accompagnent le rituel culinaire, en simplifiant le travail quotidien dans [&hellip;]","og_url":"https:\/\/www.valcucine.com\/fr\/accessoires\/accessori-ponte-attrezzato\/","og_site_name":"Valcucine","article_publisher":"https:\/\/www.facebook.com\/valcucine\/","article_modified_time":"2025-07-02T15:03:16+00:00","twitter_card":"summary_large_image","twitter_misc":{"Dur\u00e9e de lecture estim\u00e9e":"5 minutes"},"schema":{"@context":"https:\/\/schema.org","@graph":[{"@type":"WebPage","@id":"https:\/\/www.valcucine.com\/fr\/accessoires\/accessori-ponte-attrezzato\/","url":"https:\/\/www.valcucine.com\/fr\/accessoires\/accessori-ponte-attrezzato\/","name":"Accessoires pont Structure-Pont Am\u00e9nag\u00e9e - Valcucine","isPartOf":{"@id":"https:\/\/www.valcucine.com\/#website"},"datePublished":"2024-03-15T10:45:17+00:00","dateModified":"2025-07-02T15:03:16+00:00","breadcrumb":{"@id":"https:\/\/www.valcucine.com\/fr\/accessoires\/accessori-ponte-attrezzato\/#breadcrumb"},"inLanguage":"fr-FR","potentialAction":[{"@type":"ReadAction","target":["https:\/\/www.valcucine.com\/fr\/accessoires\/accessori-ponte-attrezzato\/"]}]},{"@type":"BreadcrumbList","@id":"https:\/\/www.valcucine.com\/fr\/accessoires\/accessori-ponte-attrezzato\/#breadcrumb","itemListElement":[{"@type":"ListItem","position":1,"name":"Valcucine","item":"https:\/\/www.valcucine.com\/fr\/"},{"@type":"ListItem","position":2,"name":"Accessoires","item":"https:\/\/www.valcucine.com\/fr\/accessoires\/"},{"@type":"ListItem","position":3,"name":"Accessoires pont Structure-Pont Am\u00e9nag\u00e9e"}]},{"@type":"WebSite","@id":"https:\/\/www.valcucine.com\/#website","url":"https:\/\/www.valcucine.com\/","name":"Valcucine","description":"","publisher":{"@id":"https:\/\/www.valcucine.com\/#organization"},"potentialAction":[{"@type":"SearchAction","target":{"@type":"EntryPoint","urlTemplate":"https:\/\/www.valcucine.com\/?s={search_term_string}"},"query-input":{"@type":"PropertyValueSpecification","valueRequired":true,"valueName":"search_term_string"}}],"inLanguage":"fr-FR"},{"@type":"Organization","@id":"https:\/\/www.valcucine.com\/#organization","name":"Valcucine","url":"https:\/\/www.valcucine.com\/","logo":{"@type":"ImageObject","inLanguage":"fr-FR","@id":"https:\/\/www.valcucine.com\/#\/schema\/logo\/image\/","url":"https:\/\/www.valcucine.com\/wp-content\/uploads\/2024\/02\/logo-valcucine.webp?wsr","contentUrl":"https:\/\/www.valcucine.com\/wp-content\/uploads\/2024\/02\/logo-valcucine.webp?wsr","width":288,"height":46,"caption":"Valcucine"},"image":{"@id":"https:\/\/www.valcucine.com\/#\/schema\/logo\/image\/"},"sameAs":["https:\/\/www.facebook.com\/valcucine\/","https:\/\/www.instagram.com\/valcucine\/","https:\/\/www.linkedin.com\/company\/valcucine"]}]}},"_links":{"self":[{"href":"https:\/\/www.valcucine.com\/fr\/wp-json\/wp\/v2\/pages\/12353","targetHints":{"allow":["GET"]}}],"collection":[{"href":"https:\/\/www.valcucine.com\/fr\/wp-json\/wp\/v2\/pages"}],"about":[{"href":"https:\/\/www.valcucine.com\/fr\/wp-json\/wp\/v2\/types\/page"}],"author":[{"embeddable":true,"href":"https:\/\/www.valcucine.com\/fr\/wp-json\/wp\/v2\/users\/1"}],"replies":[{"embeddable":true,"href":"https:\/\/www.valcucine.com\/fr\/wp-json\/wp\/v2\/comments?post=12353"}],"version-history":[{"count":5,"href":"https:\/\/www.valcucine.com\/fr\/wp-json\/wp\/v2\/pages\/12353\/revisions"}],"predecessor-version":[{"id":48187,"href":"https:\/\/www.valcucine.com\/fr\/wp-json\/wp\/v2\/pages\/12353\/revisions\/48187"}],"up":[{"embeddable":true,"href":"https:\/\/www.valcucine.com\/fr\/wp-json\/wp\/v2\/pages\/12341"}],"wp:attachment":[{"href":"https:\/\/www.valcucine.com\/fr\/wp-json\/wp\/v2\/media?parent=12353"}],"curies":[{"name":"wp","href":"https:\/\/api.w.org\/{rel}","templated":true}]}}