{"id":12358,"date":"2024-03-12T14:48:31","date_gmt":"2024-03-12T14:48:31","guid":{"rendered":"https:\/\/devel.valcucine.com\/elementi-distintivi\/"},"modified":"2025-06-04T13:17:52","modified_gmt":"2025-06-04T13:17:52","slug":"elements-caracteristiques","status":"publish","type":"page","link":"https:\/\/www.valcucine.com\/fr\/elements-caracteristiques\/","title":{"rendered":"El\u00e9ments caract\u00e9ristiques"},"content":{"rendered":"<div class=\"wpb-content-wrapper\"><p>[vc_row css=\u00a0\u00bb.vc_custom_1709739912507{padding-top: 40px !important;padding-bottom: 40px !important;}\u00a0\u00bb][vc_column]\n        \n        <h1 class=\"text-center  main__title__h1  \" style=\"color:#333333;\"> \n\n         El\u00e9ments caract\u00e9ristiques\n        \n        <\/h1>[\/vc_column][\/vc_row][vc_row][vc_column width=\u00a0\u00bb1\/4&Prime;][vc_single_image image=\u00a0\u00bb5402&Prime; img_size=\u00a0\u00bb100&#215;119&Prime; alignment=\u00a0\u00bbcenter\u00a0\u00bb][\/vc_column][vc_column width=\u00a0\u00bb3\/4&Prime;][vc_column_text]<\/p>\n<div>L&rsquo;objectif d&rsquo;am\u00e9lioration continue de l&rsquo;environnement de la cuisine est le r\u00e9sultat d&rsquo;une recherche et d&rsquo;un d\u00e9veloppement constants visant \u00e0 repenser l&rsquo;espace et la fa\u00e7on dont nous le vivons. Des solutions d&rsquo;avant-garde, des fonctions uniques et des mat\u00e9riaux innovants voient le jour, synth\u00e8se parfaite de l&rsquo;intelligence technique, du sens esth\u00e9tique et du respect de l&rsquo;environnement.<\/div>\n<div><\/div>\n<p>[\/vc_column_text][\/vc_column][\/vc_row][vc_row][vc_column width=\u00a0\u00bb1\/3&Prime;]<div class=\"block__img__hover\"><a href=\"https:\/\/www.valcucine.com\/fr\/elements-caracteristiques\/integration-architecturale\/?preview_id=19663&preview_nonce=755bbdce13&_thumbnail_id=-1&preview=true\" target=\"\" rel=\"\" style=\"background-image:url(https:\/\/www.valcucine.com\/wp-content\/uploads\/2024\/08\/VELA-UNIT-3.jpg?wsr)\"><img src='https:\/\/www.valcucine.com\/wp-content\/uploads\/2024\/08\/VELA-UNIT-3.jpg?wsr' alt='Vela Unit_Special Element Valcucin' style='display:none'><h4>Int\u00e9gration architecturale<\/h4><\/a><\/div>[\/vc_column][vc_column width=\u00a0\u00bb1\/3&Prime;]<div class=\"block__img__hover\"><a href=\"https:\/\/www.valcucine.com\/fr\/elementi-distintivi\/la-technologie-de-la-porte\/\" target=\"\" rel=\"\" style=\"background-image:url(https:\/\/www.valcucine.com\/wp-content\/uploads\/2024\/03\/447_valcucine_0063_artematica-soft-outline.webp?wsr)\"><img src='https:\/\/www.valcucine.com\/wp-content\/uploads\/2024\/03\/447_valcucine_0063_artematica-soft-outline.webp?wsr' alt='' style='display:none'><h4>La technologie de la porte<\/h4><\/a><\/div>[\/vc_column][vc_column width=\u00a0\u00bb1\/3&Prime;]<div class=\"block__img__hover\"><a href=\"https:\/\/www.valcucine.com\/fr\/elements-caracteristiques\/la-philosophie-de-la-dematerialisation\/\" target=\"\" rel=\"\" style=\"background-image:url(https:\/\/www.valcucine.com\/wp-content\/uploads\/2024\/03\/449_anta-riciclantica.webp?wsr)\"><img src='https:\/\/www.valcucine.com\/wp-content\/uploads\/2024\/03\/449_anta-riciclantica.webp?wsr' alt='' style='display:none'><h4>La philosophie de la d\u00e9mat\u00e9rialisation<\/h4><\/a><\/div>[\/vc_column][\/vc_row][vc_row][vc_column width=\u00a0\u00bb1\/3&Prime;]<div class=\"block__img__hover\"><a href=\"https:\/\/www.valcucine.com\/fr\/elements-caracteristiques\/vitrum-valcucine\/\" target=\"\" rel=\"\" style=\"background-image:url(https:\/\/www.valcucine.com\/wp-content\/uploads\/2024\/03\/448_1-vitrum_intro.webp?wsr)\"><img src='https:\/\/www.valcucine.com\/wp-content\/uploads\/2024\/03\/448_1-vitrum_intro.webp?wsr' alt='' style='display:none'><h4>Vitrum: le verre Valcucine<\/h4><\/a><\/div>[\/vc_column][vc_column width=\u00a0\u00bb1\/3&Prime;]<div class=\"block__img__hover\"><a href=\"https:\/\/www.valcucine.com\/fr\/elements-caracteristiques\/cucine-vitrum-arte\/\" target=\"\" rel=\"\" style=\"background-image:url(https:\/\/www.valcucine.com\/wp-content\/uploads\/2024\/03\/306_1-vitrum-arte_stilema-tre_aperta.webp?wsr)\"><img src='https:\/\/www.valcucine.com\/wp-content\/uploads\/2024\/03\/306_1-vitrum-arte_stilema-tre_aperta.webp?wsr' alt='' style='display:none'><h4>Vitrum arte<\/h4><\/a><\/div>[\/vc_column][vc_column width=\u00a0\u00bb1\/3&Prime;]<div class=\"block__img__hover\"><a href=\"https:\/\/www.valcucine.com\/fr\/elements-caracteristiques\/artisanat\/\" target=\"\" rel=\"\" style=\"background-image:url(https:\/\/www.valcucine.com\/wp-content\/uploads\/2024\/03\/456_intarsio_0259.webp?wsr)\"><img src='https:\/\/www.valcucine.com\/wp-content\/uploads\/2024\/03\/456_intarsio_0259.webp?wsr' alt='' style='display:none'><h4>Artisanat<\/h4><\/a><\/div>[\/vc_column][\/vc_row][vc_row css=\u00a0\u00bb.vc_custom_1709828593442{margin-bottom: 40px !important;}\u00a0\u00bb][vc_column width=\u00a0\u00bb1\/3&Prime;]<div class=\"block__img__hover\"><a href=\"https:\/\/www.valcucine.com\/fr\/elements-caracteristiques\/la-ricerca-ergonomica\/\" target=\"\" rel=\"\" style=\"background-image:url(https:\/\/www.valcucine.com\/wp-content\/uploads\/2024\/03\/458_gen-evoluzione-ergonomia.webp?wsr)\"><img src='https:\/\/www.valcucine.com\/wp-content\/uploads\/2024\/03\/458_gen-evoluzione-ergonomia.webp?wsr' alt='' style='display:none'><h4>La recherche ergonomique<\/h4><\/a><\/div>[\/vc_column][\/vc_row]<\/p>\n<\/div>","protected":false},"excerpt":{"rendered":"<p>[vc_row css=\u00a0\u00bb.vc_custom_1709739912507{padding-top: 40px !important;padding-bottom: 40px !important;}\u00a0\u00bb][vc_column][\/vc_column][\/vc_row][vc_row][vc_column width=\u00a0\u00bb1\/4&Prime;][vc_single_image image=\u00a0\u00bb5402&Prime; img_size=\u00a0\u00bb100&#215;119&Prime; alignment=\u00a0\u00bbcenter\u00a0\u00bb][\/vc_column][vc_column width=\u00a0\u00bb3\/4&Prime;][vc_column_text] L&rsquo;objectif d&rsquo;am\u00e9lioration continue de l&rsquo;environnement de la cuisine est le r\u00e9sultat d&rsquo;une recherche et d&rsquo;un d\u00e9veloppement constants visant \u00e0 repenser l&rsquo;espace et la fa\u00e7on dont nous le vivons. Des solutions d&rsquo;avant-garde, des fonctions uniques et des mat\u00e9riaux innovants voient le jour, synth\u00e8se parfaite de [&hellip;]<\/p>\n","protected":false},"author":1,"featured_media":0,"parent":0,"menu_order":0,"comment_status":"closed","ping_status":"closed","template":"","meta":{"footnotes":""},"class_list":["post-12358","page","type-page","status-publish","hentry"],"yoast_head":"<!-- This site is optimized with the Yoast SEO plugin v26.2 - https:\/\/yoast.com\/wordpress\/plugins\/seo\/ -->\n<title>El\u00e9ments caract\u00e9ristiques - Valcucine<\/title>\n<meta name=\"robots\" content=\"index, follow, max-snippet:-1, max-image-preview:large, max-video-preview:-1\" \/>\n<link rel=\"canonical\" href=\"https:\/\/www.valcucine.com\/fr\/elements-caracteristiques\/\" \/>\n<meta property=\"og:locale\" content=\"fr_FR\" \/>\n<meta property=\"og:type\" content=\"article\" \/>\n<meta property=\"og:title\" content=\"El\u00e9ments caract\u00e9ristiques - Valcucine\" \/>\n<meta property=\"og:description\" content=\"[vc_row css=\u00a0\u00bb.vc_custom_1709739912507{padding-top: 40px !important;padding-bottom: 40px !important;}\u00a0\u00bb][vc_column][\/vc_column][\/vc_row][vc_row][vc_column width=\u00a0\u00bb1\/4&Prime;][vc_single_image image=\u00a0\u00bb5402&Prime; img_size=\u00a0\u00bb100&#215;119&Prime; alignment=\u00a0\u00bbcenter\u00a0\u00bb][\/vc_column][vc_column width=\u00a0\u00bb3\/4&Prime;][vc_column_text] L&rsquo;objectif d&rsquo;am\u00e9lioration continue de l&rsquo;environnement de la cuisine est le r\u00e9sultat d&rsquo;une recherche et d&rsquo;un d\u00e9veloppement constants visant \u00e0 repenser l&rsquo;espace et la fa\u00e7on dont nous le vivons. Des solutions d&rsquo;avant-garde, des fonctions uniques et des mat\u00e9riaux innovants voient le jour, synth\u00e8se parfaite de [&hellip;]\" \/>\n<meta property=\"og:url\" content=\"https:\/\/www.valcucine.com\/fr\/elements-caracteristiques\/\" \/>\n<meta property=\"og:site_name\" content=\"Valcucine\" \/>\n<meta property=\"article:publisher\" content=\"https:\/\/www.facebook.com\/valcucine\/\" \/>\n<meta property=\"article:modified_time\" content=\"2025-06-04T13:17:52+00:00\" \/>\n<meta name=\"twitter:card\" content=\"summary_large_image\" \/>\n<meta name=\"twitter:label1\" content=\"Dur\u00e9e de lecture estim\u00e9e\" \/>\n\t<meta name=\"twitter:data1\" content=\"1 minute\" \/>\n<script type=\"application\/ld+json\" class=\"yoast-schema-graph\">{\"@context\":\"https:\/\/schema.org\",\"@graph\":[{\"@type\":\"WebPage\",\"@id\":\"https:\/\/www.valcucine.com\/fr\/elements-caracteristiques\/\",\"url\":\"https:\/\/www.valcucine.com\/fr\/elements-caracteristiques\/\",\"name\":\"El\u00e9ments caract\u00e9ristiques - Valcucine\",\"isPartOf\":{\"@id\":\"https:\/\/www.valcucine.com\/#website\"},\"datePublished\":\"2024-03-12T14:48:31+00:00\",\"dateModified\":\"2025-06-04T13:17:52+00:00\",\"breadcrumb\":{\"@id\":\"https:\/\/www.valcucine.com\/fr\/elements-caracteristiques\/#breadcrumb\"},\"inLanguage\":\"fr-FR\",\"potentialAction\":[{\"@type\":\"ReadAction\",\"target\":[\"https:\/\/www.valcucine.com\/fr\/elements-caracteristiques\/\"]}]},{\"@type\":\"BreadcrumbList\",\"@id\":\"https:\/\/www.valcucine.com\/fr\/elements-caracteristiques\/#breadcrumb\",\"itemListElement\":[{\"@type\":\"ListItem\",\"position\":1,\"name\":\"Valcucine\",\"item\":\"https:\/\/www.valcucine.com\/fr\/\"},{\"@type\":\"ListItem\",\"position\":2,\"name\":\"El\u00e9ments caract\u00e9ristiques\"}]},{\"@type\":\"WebSite\",\"@id\":\"https:\/\/www.valcucine.com\/#website\",\"url\":\"https:\/\/www.valcucine.com\/\",\"name\":\"Valcucine\",\"description\":\"\",\"publisher\":{\"@id\":\"https:\/\/www.valcucine.com\/#organization\"},\"potentialAction\":[{\"@type\":\"SearchAction\",\"target\":{\"@type\":\"EntryPoint\",\"urlTemplate\":\"https:\/\/www.valcucine.com\/?s={search_term_string}\"},\"query-input\":{\"@type\":\"PropertyValueSpecification\",\"valueRequired\":true,\"valueName\":\"search_term_string\"}}],\"inLanguage\":\"fr-FR\"},{\"@type\":\"Organization\",\"@id\":\"https:\/\/www.valcucine.com\/#organization\",\"name\":\"Valcucine\",\"url\":\"https:\/\/www.valcucine.com\/\",\"logo\":{\"@type\":\"ImageObject\",\"inLanguage\":\"fr-FR\",\"@id\":\"https:\/\/www.valcucine.com\/#\/schema\/logo\/image\/\",\"url\":\"https:\/\/www.valcucine.com\/wp-content\/uploads\/2024\/02\/logo-valcucine.webp?wsr\",\"contentUrl\":\"https:\/\/www.valcucine.com\/wp-content\/uploads\/2024\/02\/logo-valcucine.webp?wsr\",\"width\":288,\"height\":46,\"caption\":\"Valcucine\"},\"image\":{\"@id\":\"https:\/\/www.valcucine.com\/#\/schema\/logo\/image\/\"},\"sameAs\":[\"https:\/\/www.facebook.com\/valcucine\/\",\"https:\/\/www.instagram.com\/valcucine\/\",\"https:\/\/www.linkedin.com\/company\/valcucine\"]}]}<\/script>\n<!-- \/ Yoast SEO plugin. -->","yoast_head_json":{"title":"El\u00e9ments caract\u00e9ristiques - Valcucine","robots":{"index":"index","follow":"follow","max-snippet":"max-snippet:-1","max-image-preview":"max-image-preview:large","max-video-preview":"max-video-preview:-1"},"canonical":"https:\/\/www.valcucine.com\/fr\/elements-caracteristiques\/","og_locale":"fr_FR","og_type":"article","og_title":"El\u00e9ments caract\u00e9ristiques - Valcucine","og_description":"[vc_row css=\u00a0\u00bb.vc_custom_1709739912507{padding-top: 40px !important;padding-bottom: 40px !important;}\u00a0\u00bb][vc_column][\/vc_column][\/vc_row][vc_row][vc_column width=\u00a0\u00bb1\/4&Prime;][vc_single_image image=\u00a0\u00bb5402&Prime; img_size=\u00a0\u00bb100&#215;119&Prime; alignment=\u00a0\u00bbcenter\u00a0\u00bb][\/vc_column][vc_column width=\u00a0\u00bb3\/4&Prime;][vc_column_text] L&rsquo;objectif d&rsquo;am\u00e9lioration continue de l&rsquo;environnement de la cuisine est le r\u00e9sultat d&rsquo;une recherche et d&rsquo;un d\u00e9veloppement constants visant \u00e0 repenser l&rsquo;espace et la fa\u00e7on dont nous le vivons. Des solutions d&rsquo;avant-garde, des fonctions uniques et des mat\u00e9riaux innovants voient le jour, synth\u00e8se parfaite de [&hellip;]","og_url":"https:\/\/www.valcucine.com\/fr\/elements-caracteristiques\/","og_site_name":"Valcucine","article_publisher":"https:\/\/www.facebook.com\/valcucine\/","article_modified_time":"2025-06-04T13:17:52+00:00","twitter_card":"summary_large_image","twitter_misc":{"Dur\u00e9e de lecture estim\u00e9e":"1 minute"},"schema":{"@context":"https:\/\/schema.org","@graph":[{"@type":"WebPage","@id":"https:\/\/www.valcucine.com\/fr\/elements-caracteristiques\/","url":"https:\/\/www.valcucine.com\/fr\/elements-caracteristiques\/","name":"El\u00e9ments caract\u00e9ristiques - Valcucine","isPartOf":{"@id":"https:\/\/www.valcucine.com\/#website"},"datePublished":"2024-03-12T14:48:31+00:00","dateModified":"2025-06-04T13:17:52+00:00","breadcrumb":{"@id":"https:\/\/www.valcucine.com\/fr\/elements-caracteristiques\/#breadcrumb"},"inLanguage":"fr-FR","potentialAction":[{"@type":"ReadAction","target":["https:\/\/www.valcucine.com\/fr\/elements-caracteristiques\/"]}]},{"@type":"BreadcrumbList","@id":"https:\/\/www.valcucine.com\/fr\/elements-caracteristiques\/#breadcrumb","itemListElement":[{"@type":"ListItem","position":1,"name":"Valcucine","item":"https:\/\/www.valcucine.com\/fr\/"},{"@type":"ListItem","position":2,"name":"El\u00e9ments caract\u00e9ristiques"}]},{"@type":"WebSite","@id":"https:\/\/www.valcucine.com\/#website","url":"https:\/\/www.valcucine.com\/","name":"Valcucine","description":"","publisher":{"@id":"https:\/\/www.valcucine.com\/#organization"},"potentialAction":[{"@type":"SearchAction","target":{"@type":"EntryPoint","urlTemplate":"https:\/\/www.valcucine.com\/?s={search_term_string}"},"query-input":{"@type":"PropertyValueSpecification","valueRequired":true,"valueName":"search_term_string"}}],"inLanguage":"fr-FR"},{"@type":"Organization","@id":"https:\/\/www.valcucine.com\/#organization","name":"Valcucine","url":"https:\/\/www.valcucine.com\/","logo":{"@type":"ImageObject","inLanguage":"fr-FR","@id":"https:\/\/www.valcucine.com\/#\/schema\/logo\/image\/","url":"https:\/\/www.valcucine.com\/wp-content\/uploads\/2024\/02\/logo-valcucine.webp?wsr","contentUrl":"https:\/\/www.valcucine.com\/wp-content\/uploads\/2024\/02\/logo-valcucine.webp?wsr","width":288,"height":46,"caption":"Valcucine"},"image":{"@id":"https:\/\/www.valcucine.com\/#\/schema\/logo\/image\/"},"sameAs":["https:\/\/www.facebook.com\/valcucine\/","https:\/\/www.instagram.com\/valcucine\/","https:\/\/www.linkedin.com\/company\/valcucine"]}]}},"_links":{"self":[{"href":"https:\/\/www.valcucine.com\/fr\/wp-json\/wp\/v2\/pages\/12358","targetHints":{"allow":["GET"]}}],"collection":[{"href":"https:\/\/www.valcucine.com\/fr\/wp-json\/wp\/v2\/pages"}],"about":[{"href":"https:\/\/www.valcucine.com\/fr\/wp-json\/wp\/v2\/types\/page"}],"author":[{"embeddable":true,"href":"https:\/\/www.valcucine.com\/fr\/wp-json\/wp\/v2\/users\/1"}],"replies":[{"embeddable":true,"href":"https:\/\/www.valcucine.com\/fr\/wp-json\/wp\/v2\/comments?post=12358"}],"version-history":[{"count":10,"href":"https:\/\/www.valcucine.com\/fr\/wp-json\/wp\/v2\/pages\/12358\/revisions"}],"predecessor-version":[{"id":42769,"href":"https:\/\/www.valcucine.com\/fr\/wp-json\/wp\/v2\/pages\/12358\/revisions\/42769"}],"wp:attachment":[{"href":"https:\/\/www.valcucine.com\/fr\/wp-json\/wp\/v2\/media?parent=12358"}],"curies":[{"name":"wp","href":"https:\/\/api.w.org\/{rel}","templated":true}]}}