{"id":12367,"date":"2024-03-18T13:10:06","date_gmt":"2024-03-18T13:10:06","guid":{"rendered":"https:\/\/devel.valcucine.com\/elements-caracteristiques\/vitrum-il-vetro-valcucine\/"},"modified":"2025-05-09T12:11:39","modified_gmt":"2025-05-09T12:11:39","slug":"vitrum-valcucine","status":"publish","type":"page","link":"https:\/\/www.valcucine.com\/fr\/elements-caracteristiques\/vitrum-valcucine\/","title":{"rendered":"Vitrum: le verre Valcucine"},"content":{"rendered":"<div class=\"wpb-content-wrapper\"><p>[vc_row][vc_column]\n\t\t\t<!-- START Vitrum: il vetro Valcucine REVOLUTION SLIDER 6.7.38 --><p class=\"rs-p-wp-fix\"><\/p>\n\t\t\t<rs-module-wrap id=\"rev_slider_25_1_wrapper\" data-source=\"gallery\" style=\"visibility:hidden;background:transparent;padding:0;\">\n\t\t\t\t<rs-module id=\"rev_slider_25_1\" style=\"\" data-version=\"6.7.38\">\n\t\t\t\t\t<rs-slides style=\"overflow: hidden; position: absolute;\">\n\t\t\t\t\t\t<rs-slide style=\"position: absolute;\" data-key=\"rs-148\" data-title=\"Slide\" data-thumb=\"\/\/www.valcucine.com\/wp-content\/uploads\/2024\/03\/1960_2_vitrum_resistente-50x100.webp\" data-in=\"o:0;\" data-out=\"a:false;\">\n\t\t\t\t\t\t\t<img decoding=\"async\" src=\"\/\/www.valcucine.com\/wp-content\/plugins\/revslider\/sr6\/assets\/assets\/dummy.png\" alt=\"\" title=\"1960_2_vitrum_resistente\" width=\"2400\" height=\"1200\" class=\"rev-slidebg tp-rs-img rs-lazyload\" data-lazyload=\"\/\/www.valcucine.com\/wp-content\/uploads\/2024\/03\/1960_2_vitrum_resistente.webp\" data-no-retina>\n<!---->\t\t\t\t\t<\/rs-slide>\n\t\t\t\t\t\t<rs-slide style=\"position: absolute;\" data-key=\"rs-149\" data-title=\"Slide\" data-thumb=\"\/\/www.valcucine.com\/wp-content\/uploads\/2024\/03\/1961_vitrum_lucido_e_opaco__intro-50x100.webp\" data-in=\"o:0;\" data-out=\"a:false;\">\n\t\t\t\t\t\t\t<img decoding=\"async\" src=\"\/\/www.valcucine.com\/wp-content\/plugins\/revslider\/sr6\/assets\/assets\/dummy.png\" alt=\"\" title=\"1961_vitrum_lucido_e_opaco__intro\" width=\"1024\" height=\"837\" class=\"rev-slidebg tp-rs-img rs-lazyload\" data-lazyload=\"\/\/www.valcucine.com\/wp-content\/uploads\/2024\/03\/1961_vitrum_lucido_e_opaco__intro.webp\" data-no-retina>\n<!---->\t\t\t\t\t<\/rs-slide>\n\t\t\t\t\t\t<rs-slide style=\"position: absolute;\" data-key=\"rs-150\" data-title=\"Slide\" data-thumb=\"\/\/www.valcucine.com\/wp-content\/uploads\/2024\/03\/1962_valcucine_1078_low-50x100.webp\" data-in=\"o:0;\" data-out=\"a:false;\">\n\t\t\t\t\t\t\t<img decoding=\"async\" src=\"\/\/www.valcucine.com\/wp-content\/plugins\/revslider\/sr6\/assets\/assets\/dummy.png\" alt=\"\" title=\"1962_valcucine_1078_low\" width=\"2400\" height=\"1200\" class=\"rev-slidebg tp-rs-img rs-lazyload\" data-lazyload=\"\/\/www.valcucine.com\/wp-content\/uploads\/2024\/03\/1962_valcucine_1078_low.webp\" data-no-retina>\n<!---->\t\t\t\t\t<\/rs-slide>\n\t\t\t\t\t\t<rs-slide style=\"position: absolute;\" data-key=\"rs-151\" data-title=\"Slide\" data-thumb=\"\/\/www.valcucine.com\/wp-content\/uploads\/2024\/03\/1963_vitrum_velato_intro-50x100.webp\" data-in=\"o:0;\" data-out=\"a:false;\">\n\t\t\t\t\t\t\t<img decoding=\"async\" src=\"\/\/www.valcucine.com\/wp-content\/plugins\/revslider\/sr6\/assets\/assets\/dummy.png\" alt=\"\" title=\"1963_vitrum_velato_intro\" width=\"2400\" height=\"1200\" class=\"rev-slidebg tp-rs-img rs-lazyload\" data-lazyload=\"\/\/www.valcucine.com\/wp-content\/uploads\/2024\/03\/1963_vitrum_velato_intro.webp\" data-no-retina>\n<!---->\t\t\t\t\t<\/rs-slide>\n\t\t\t\t\t<\/rs-slides>\n\t\t\t\t\t<rs-static-layers><!--\n\n\t\t\t\t\t\t\t--><rs-layer\n\t\t\t\t\t\t\t\tid=\"slider-25-slide-24-layer-12\" \n\t\t\t\t\t\t\t\tclass=\"play-button rs-svg rs-layer-static\"\n\t\t\t\t\t\t\t\tdata-type=\"svg\"\n\t\t\t\t\t\t\t\tdata-rsp_ch=\"on\"\n\t\t\t\t\t\t\t\tdata-xy=\"xo:20px;y:b;yo:20px;\"\n\t\t\t\t\t\t\t\tdata-text=\"w:normal;s:20,20,20,7;l:0,0,0,9;\"\n\t\t\t\t\t\t\t\tdata-dim=\"w:20px,20px,20px,30px;h:20px,20px,20px,30px;\"\n\t\t\t\t\t\t\t\tdata-actions='o:click;a:playslider;'\n\t\t\t\t\t\t\t\tdata-svg_src=\"\/\/www.valcucine.com\/wp-content\/uploads\/revslider\/svg\/objects\/svgcustom\/circle-play.svg\"\n\t\t\t\t\t\t\t\tdata-svgi=\"oc:t;\"\n\t\t\t\t\t\t\t\tdata-basealign=\"slide\"\n\t\t\t\t\t\t\t\tdata-onslides=\"s:1;\"\n\t\t\t\t\t\t\t\tdata-frame_999=\"o:0;st:w;\"\n\t\t\t\t\t\t\t\tstyle=\"z-index:7;font-family:'Roboto';\"\n\t\t\t\t\t\t\t> \n\t\t\t\t\t\t\t<\/rs-layer><!--\n\n\t\t\t\t\t\t\t--><rs-layer\n\t\t\t\t\t\t\t\tid=\"slider-25-slide-24-layer-13\" \n\t\t\t\t\t\t\t\tclass=\"pause-button current-slider rs-svg rs-layer-static\"\n\t\t\t\t\t\t\t\tdata-type=\"svg\"\n\t\t\t\t\t\t\t\tdata-rsp_ch=\"on\"\n\t\t\t\t\t\t\t\tdata-xy=\"xo:20px;y:b;yo:20px;\"\n\t\t\t\t\t\t\t\tdata-text=\"w:normal;s:20,20,20,7;l:0,0,0,9;\"\n\t\t\t\t\t\t\t\tdata-dim=\"w:20px,20px,20px,30px;h:20px,20px,20px,30px;\"\n\t\t\t\t\t\t\t\tdata-actions='o:click;a:pauseslider;'\n\t\t\t\t\t\t\t\tdata-svg_src=\"\/\/www.valcucine.com\/wp-content\/uploads\/revslider\/svg\/objects\/svgcustom\/circle-pause.svg\"\n\t\t\t\t\t\t\t\tdata-svgi=\"oc:t;\"\n\t\t\t\t\t\t\t\tdata-basealign=\"slide\"\n\t\t\t\t\t\t\t\tdata-onslides=\"s:1;\"\n\t\t\t\t\t\t\t\tdata-frame_999=\"o:0;st:w;\"\n\t\t\t\t\t\t\t\tstyle=\"z-index:8;font-family:'Roboto';\"\n\t\t\t\t\t\t\t> \n\t\t\t\t\t\t\t<\/rs-layer><!--\n\t\t\t\t\t--><\/rs-static-layers>\n\t\t\t\t<\/rs-module>\n\t\t\t\t<script>\n\t\t\t\t\tsetREVStartSize({c: 'rev_slider_25_1',rl:[1240,1240,1240,480],el:[568.984,568.984,568.984,480],gw:[1240,1240,1240,480],gh:[569,569,569,480],type:'standard',justify:'',layout:'fullscreen',offsetContainer:'#slider__height',offset:'0px',mh:\"0\"});if (window.RS_MODULES!==undefined && window.RS_MODULES.modules!==undefined && window.RS_MODULES.modules[\"revslider251\"]!==undefined) {window.RS_MODULES.modules[\"revslider251\"].once = false;window.revapi25 = undefined;if (window.RS_MODULES.checkMinimal!==undefined) window.RS_MODULES.checkMinimal()}\n\t\t\t\t<\/script>\n\t\t\t<\/rs-module-wrap>\n\t\t\t<!-- END REVOLUTION SLIDER -->\n[\/vc_column][\/vc_row][vc_row el_class=\u00a0\u00bbpt-6&Prime; css=\u00a0\u00bb.vc_custom_1709741038744{padding-top: 40px !important;}\u00a0\u00bb][vc_column]\n        \n        <h1 class=\"text-center  main__title__h1  \" style=\"color:#333333;\"> \n\n         Vitrum: le verre Valcucine\n        \n        <\/h1>\n        \n        <h2 class=\"text-center  main__title__h2  \" style=\"color:#333333;\"> \n\n         La cuisine en verre\n        \n        <\/h2>[\/vc_column][\/vc_row][vc_row][vc_column css=\u00a0\u00bb.vc_custom_1710767731304{padding-bottom: 30px !important;}\u00a0\u00bb][\/vc_column][\/vc_row][vc_row css=\u00a0\u00bb.vc_custom_1709741045295{margin-top: 10px !important;}\u00a0\u00bb][vc_column][vc_column_text]<\/p>\n<p style=\"text-align: center;\"><em>Je consid\u00e8re le verre comme un mat\u00e9riau magique dont les techniques de travail<br \/>\ng\u00e9n\u00e8rent un certain myst\u00e8re depuis trois mille ans. \u00c9co-durable et r\u00e9sistant, le verre<br \/>\nrefl\u00e8te la philosophie qui caract\u00e9rise ma fa\u00e7on de faire du design visant \u00e0 la recherchedu bien-\u00eatre dans la cuisine.<\/em><\/p>\n<p style=\"text-align: center;\">Gabriele Centazzo, designer Valcucine<\/p>\n<p>[\/vc_column_text][\/vc_column][\/vc_row][vc_row css=\u00a0\u00bb.vc_custom_1709741045295{margin-top: 10px !important;}\u00a0\u00bb][vc_column][\/vc_column][\/vc_row][vc_row][vc_column css=\u00a0\u00bb.vc_custom_1710767612318{padding-bottom: 40px !important;}\u00a0\u00bb][vc_separator color=\u00a0\u00bbcustom\u00a0\u00bb el_width=\u00a0\u00bb10&Prime; accent_color=\u00a0\u00bb#666666&Prime;][vc_column_text]<\/p>\n<p style=\"text-align: left;\">Valcucine a \u00e9t\u00e9 la premi\u00e8re \u00e0 utiliser le verre pour la fabrication de ses meubles de cuisine, en ouvrant des perspectives r\u00e9volutionnaires, riches de charme et de technologie. \u00c0 la fois noble et pr\u00e9cieux, le verre est un mat\u00e9riau fortement expressif. D\u2019apparence fragile mais, en r\u00e9alit\u00e9, r\u00e9sistant et en mesure de transmettre des sensations de l\u00e9g\u00e8ret\u00e9 inattendues et stup\u00e9fiantes, le verre se d\u00e9cline dans une infinit\u00e9 de possibilit\u00e9s, en offrant un jeu de couleurs infini et de surprenantes suggestions tactiles. Le jeu infini du verre vous permet toujours de trouver la solution adapt\u00e9e \u00e0 vos go\u00fbts et \u00e0 votre style de vie.<\/p>\n<p><strong>R\u00c9SISTANT<\/strong><\/p>\n<p>Vitrum est le fruit d\u2019essais sp\u00e9cifiques et de traitements visant \u00e0 soumettre \u00e0 rude \u00e9preuve le mat\u00e9riau pour le rendre encore plus performant. Gr\u00e2ce au trempage, le verre devient cinq fois plus r\u00e9sistant que le verre<br \/>\nnormal et, en cas de rupture totale, il se casse en de minuscules petits morceaux non coupants.<\/p>\n<p><strong>UN CHOIX \u00c9CO-DURABLE<\/strong><\/p>\n<p>Gr\u00e2ce \u00e0 la recherche et \u00e0 un usage conscient de la mati\u00e8re, le verre repr\u00e9sente l\u2019expression maximale d\u2019un design \u00e9co-durable qui permet de concevoir des produits 100% recyclables, le plus possible d\u00e9mat\u00e9rialis\u00e9s, avec z\u00e9ro \u00e9mission de formald\u00e9hyde et \u00e0 m\u00eame d\u2019assurer une longue dur\u00e9e technique et esth\u00e9tique. Pratique, facile \u00e0 nettoyer et r\u00e9sistant Outre ses caract\u00e9ristiques esth\u00e9tiques typiques, le verre a une haute r\u00e9sistance aux taches et au calcaire. Il ne gonfle pas et ne br\u00fble pas au contact du feu. Il est hygi\u00e9nique, ne retient ni les moisissures ni les bact\u00e9ries et est facile \u00e0 nettoyer. Peu de mat\u00e9riaux comme le verre parviennent \u00e0 garder toutes leurs caract\u00e9ristiques inchang\u00e9es.<\/p>\n<p><strong>DES COULEURS INALT\u00c9RABLES AU FIL DU TEMPS<\/strong><\/p>\n<p>Valcucine a entrepris un long travail de recherche visant \u00e0 garantir des teintes uniformes et inalt\u00e9rables. Des \u00e9tudes sophistiqu\u00e9es et une haute comp\u00e9tence technique ont permis de mettre au point la premi\u00e8re laque qui maintient la couleur appliqu\u00e9e inchang\u00e9e et qui assure une excellente adh\u00e9rence au verre.<\/p>\n<p><strong>ATOXIQUE<\/strong><\/p>\n<p>Pour prot\u00e9ger la surface en verre et rendre les couleurs inalt\u00e9rables, Valcucine adopte des cycles de laquage \u00e0 l\u2019eau qui r\u00e9duisent la pr\u00e9sence de solvants synth\u00e9tiques et qui \u00e9liminent compl\u00e8tement les solvants aromatiques consid\u00e9r\u00e9s comme fortement canc\u00e9rig\u00e8nes.<\/p>\n<p><strong>PERSONNALISABLE<\/strong><\/p>\n<p>Le verre Valcucine est d\u00e9clin\u00e9 dans une vaste gamme de coloris et dans les trois finitions suivantes : brillante, mate et d\u00e9polie par endroit. En outre, les techniques de travail particuli\u00e8res et uniques, mises au<br \/>\npoint par Valcucine, parviennent \u00e0 transmettre au verre, des sensations toujours nouvelles et diff\u00e9rentes en le rendant Graphique avec des dessins s\u2019inspirant de la nature, Mimesis aspect pierre, Tactile en mesure de transmettre de suggestives exp\u00e9riences sensorielles, Textile, avec une trame vibrante, Velato pour un effet de \u00ab brise-vue voil\u00e9\u00bb et Arte telle une toile marquet\u00e9e \u00e0 la main, pouvant<br \/>\n\u00eatre personnalis\u00e9e sur dessin du client afin de rendre chaque cuisine unique. Le jeu infini r\u00e9alisable sur le verre permet de trouver, pour chaque projet, la solution la mieux adapt\u00e9e au go\u00fbt et au style de vie de l\u2019utilisateur final.[\/vc_column_text][\/vc_column][\/vc_row][vc_row][vc_column width=\u00a0\u00bb1\/3&Prime;][vc_single_image image=\u00a0\u00bb45509&Prime; img_size=\u00a0\u00bbfull\u00a0\u00bb][vc_column_text]<sup> Vitrum Graphique | Hexagones naturels Blanc Nuage <\/sup>[\/vc_column_text][\/vc_column][vc_column width=\u00a0\u00bb1\/3&Prime;][vc_single_image image=\u00a0\u00bb45514&Prime; img_size=\u00a0\u00bbfull\u00a0\u00bb][vc_column_text]<sup> Vitrum Graphique | Aile de papillon Gris Feu <\/sup>[\/vc_column_text][\/vc_column][vc_column width=\u00a0\u00bb1\/3&Prime;][vc_single_image image=\u00a0\u00bb45504&Prime; img_size=\u00a0\u00bbfull\u00a0\u00bb][vc_column_text]<sup> Vitrum Mimesis |\u00a0 Calacatta Or <\/sup>[\/vc_column_text][\/vc_column][\/vc_row]<\/p>\n<\/div>","protected":false},"excerpt":{"rendered":"<p>[vc_row][vc_column][\/vc_column][\/vc_row][vc_row el_class=\u00a0\u00bbpt-6&Prime; css=\u00a0\u00bb.vc_custom_1709741038744{padding-top: 40px !important;}\u00a0\u00bb][vc_column][\/vc_column][\/vc_row][vc_row][vc_column css=\u00a0\u00bb.vc_custom_1710767731304{padding-bottom: 30px !important;}\u00a0\u00bb][\/vc_column][\/vc_row][vc_row css=\u00a0\u00bb.vc_custom_1709741045295{margin-top: 10px !important;}\u00a0\u00bb][vc_column][vc_column_text] Je consid\u00e8re le verre comme un mat\u00e9riau magique dont les techniques de travail g\u00e9n\u00e8rent un certain myst\u00e8re depuis trois mille ans. \u00c9co-durable et r\u00e9sistant, le verre refl\u00e8te la philosophie qui caract\u00e9rise ma fa\u00e7on de faire du design visant \u00e0 la recherchedu bien-\u00eatre dans la [&hellip;]<\/p>\n","protected":false},"author":1,"featured_media":0,"parent":12358,"menu_order":0,"comment_status":"closed","ping_status":"closed","template":"","meta":{"footnotes":""},"class_list":["post-12367","page","type-page","status-publish","hentry"],"yoast_head":"<!-- This site is optimized with the Yoast SEO plugin v26.2 - https:\/\/yoast.com\/wordpress\/plugins\/seo\/ -->\n<title>Vitrum: le verre Valcucine - Valcucine<\/title>\n<meta name=\"description\" content=\"Valcucine a \u00e9t\u00e9 la premi\u00e8re \u00e0 utiliser le verre pour la fabrication de ses meubles de cuisine, en ouvrant des perspectives r\u00e9volutionnaires, riches de charme et de technologie\" \/>\n<meta name=\"robots\" content=\"index, follow, max-snippet:-1, max-image-preview:large, max-video-preview:-1\" \/>\n<link rel=\"canonical\" href=\"https:\/\/www.valcucine.com\/fr\/elements-caracteristiques\/vitrum-valcucine\/\" \/>\n<meta property=\"og:locale\" content=\"fr_FR\" \/>\n<meta property=\"og:type\" content=\"article\" \/>\n<meta property=\"og:title\" content=\"Vitrum: le verre Valcucine - Valcucine\" \/>\n<meta property=\"og:description\" content=\"Valcucine a \u00e9t\u00e9 la premi\u00e8re \u00e0 utiliser le verre pour la fabrication de ses meubles de cuisine, en ouvrant des perspectives r\u00e9volutionnaires, riches de charme et de technologie\" \/>\n<meta property=\"og:url\" content=\"https:\/\/www.valcucine.com\/fr\/elements-caracteristiques\/vitrum-valcucine\/\" \/>\n<meta property=\"og:site_name\" content=\"Valcucine\" \/>\n<meta property=\"article:publisher\" content=\"https:\/\/www.facebook.com\/valcucine\/\" \/>\n<meta property=\"article:modified_time\" content=\"2025-05-09T12:11:39+00:00\" \/>\n<meta name=\"twitter:card\" content=\"summary_large_image\" \/>\n<meta name=\"twitter:label1\" content=\"Dur\u00e9e de lecture estim\u00e9e\" \/>\n\t<meta name=\"twitter:data1\" content=\"4 minutes\" \/>\n<script type=\"application\/ld+json\" class=\"yoast-schema-graph\">{\"@context\":\"https:\/\/schema.org\",\"@graph\":[{\"@type\":\"WebPage\",\"@id\":\"https:\/\/www.valcucine.com\/fr\/elements-caracteristiques\/vitrum-valcucine\/\",\"url\":\"https:\/\/www.valcucine.com\/fr\/elements-caracteristiques\/vitrum-valcucine\/\",\"name\":\"Vitrum: le verre Valcucine - Valcucine\",\"isPartOf\":{\"@id\":\"https:\/\/www.valcucine.com\/#website\"},\"datePublished\":\"2024-03-18T13:10:06+00:00\",\"dateModified\":\"2025-05-09T12:11:39+00:00\",\"description\":\"Valcucine a \u00e9t\u00e9 la premi\u00e8re \u00e0 utiliser le verre pour la fabrication de ses meubles de cuisine, en ouvrant des perspectives r\u00e9volutionnaires, riches de charme et de technologie\",\"breadcrumb\":{\"@id\":\"https:\/\/www.valcucine.com\/fr\/elements-caracteristiques\/vitrum-valcucine\/#breadcrumb\"},\"inLanguage\":\"fr-FR\",\"potentialAction\":[{\"@type\":\"ReadAction\",\"target\":[\"https:\/\/www.valcucine.com\/fr\/elements-caracteristiques\/vitrum-valcucine\/\"]}]},{\"@type\":\"BreadcrumbList\",\"@id\":\"https:\/\/www.valcucine.com\/fr\/elements-caracteristiques\/vitrum-valcucine\/#breadcrumb\",\"itemListElement\":[{\"@type\":\"ListItem\",\"position\":1,\"name\":\"Valcucine\",\"item\":\"https:\/\/www.valcucine.com\/fr\/\"},{\"@type\":\"ListItem\",\"position\":2,\"name\":\"El\u00e9ments caract\u00e9ristiques\",\"item\":\"https:\/\/www.valcucine.com\/fr\/elements-caracteristiques\/\"},{\"@type\":\"ListItem\",\"position\":3,\"name\":\"Vitrum: le verre Valcucine\"}]},{\"@type\":\"WebSite\",\"@id\":\"https:\/\/www.valcucine.com\/#website\",\"url\":\"https:\/\/www.valcucine.com\/\",\"name\":\"Valcucine\",\"description\":\"\",\"publisher\":{\"@id\":\"https:\/\/www.valcucine.com\/#organization\"},\"potentialAction\":[{\"@type\":\"SearchAction\",\"target\":{\"@type\":\"EntryPoint\",\"urlTemplate\":\"https:\/\/www.valcucine.com\/?s={search_term_string}\"},\"query-input\":{\"@type\":\"PropertyValueSpecification\",\"valueRequired\":true,\"valueName\":\"search_term_string\"}}],\"inLanguage\":\"fr-FR\"},{\"@type\":\"Organization\",\"@id\":\"https:\/\/www.valcucine.com\/#organization\",\"name\":\"Valcucine\",\"url\":\"https:\/\/www.valcucine.com\/\",\"logo\":{\"@type\":\"ImageObject\",\"inLanguage\":\"fr-FR\",\"@id\":\"https:\/\/www.valcucine.com\/#\/schema\/logo\/image\/\",\"url\":\"https:\/\/www.valcucine.com\/wp-content\/uploads\/2024\/02\/logo-valcucine.webp?wsr\",\"contentUrl\":\"https:\/\/www.valcucine.com\/wp-content\/uploads\/2024\/02\/logo-valcucine.webp?wsr\",\"width\":288,\"height\":46,\"caption\":\"Valcucine\"},\"image\":{\"@id\":\"https:\/\/www.valcucine.com\/#\/schema\/logo\/image\/\"},\"sameAs\":[\"https:\/\/www.facebook.com\/valcucine\/\",\"https:\/\/www.instagram.com\/valcucine\/\",\"https:\/\/www.linkedin.com\/company\/valcucine\"]}]}<\/script>\n<!-- \/ Yoast SEO plugin. -->","yoast_head_json":{"title":"Vitrum: le verre Valcucine - Valcucine","description":"Valcucine a \u00e9t\u00e9 la premi\u00e8re \u00e0 utiliser le verre pour la fabrication de ses meubles de cuisine, en ouvrant des perspectives r\u00e9volutionnaires, riches de charme et de technologie","robots":{"index":"index","follow":"follow","max-snippet":"max-snippet:-1","max-image-preview":"max-image-preview:large","max-video-preview":"max-video-preview:-1"},"canonical":"https:\/\/www.valcucine.com\/fr\/elements-caracteristiques\/vitrum-valcucine\/","og_locale":"fr_FR","og_type":"article","og_title":"Vitrum: le verre Valcucine - Valcucine","og_description":"Valcucine a \u00e9t\u00e9 la premi\u00e8re \u00e0 utiliser le verre pour la fabrication de ses meubles de cuisine, en ouvrant des perspectives r\u00e9volutionnaires, riches de charme et de technologie","og_url":"https:\/\/www.valcucine.com\/fr\/elements-caracteristiques\/vitrum-valcucine\/","og_site_name":"Valcucine","article_publisher":"https:\/\/www.facebook.com\/valcucine\/","article_modified_time":"2025-05-09T12:11:39+00:00","twitter_card":"summary_large_image","twitter_misc":{"Dur\u00e9e de lecture estim\u00e9e":"4 minutes"},"schema":{"@context":"https:\/\/schema.org","@graph":[{"@type":"WebPage","@id":"https:\/\/www.valcucine.com\/fr\/elements-caracteristiques\/vitrum-valcucine\/","url":"https:\/\/www.valcucine.com\/fr\/elements-caracteristiques\/vitrum-valcucine\/","name":"Vitrum: le verre Valcucine - Valcucine","isPartOf":{"@id":"https:\/\/www.valcucine.com\/#website"},"datePublished":"2024-03-18T13:10:06+00:00","dateModified":"2025-05-09T12:11:39+00:00","description":"Valcucine a \u00e9t\u00e9 la premi\u00e8re \u00e0 utiliser le verre pour la fabrication de ses meubles de cuisine, en ouvrant des perspectives r\u00e9volutionnaires, riches de charme et de technologie","breadcrumb":{"@id":"https:\/\/www.valcucine.com\/fr\/elements-caracteristiques\/vitrum-valcucine\/#breadcrumb"},"inLanguage":"fr-FR","potentialAction":[{"@type":"ReadAction","target":["https:\/\/www.valcucine.com\/fr\/elements-caracteristiques\/vitrum-valcucine\/"]}]},{"@type":"BreadcrumbList","@id":"https:\/\/www.valcucine.com\/fr\/elements-caracteristiques\/vitrum-valcucine\/#breadcrumb","itemListElement":[{"@type":"ListItem","position":1,"name":"Valcucine","item":"https:\/\/www.valcucine.com\/fr\/"},{"@type":"ListItem","position":2,"name":"El\u00e9ments caract\u00e9ristiques","item":"https:\/\/www.valcucine.com\/fr\/elements-caracteristiques\/"},{"@type":"ListItem","position":3,"name":"Vitrum: le verre Valcucine"}]},{"@type":"WebSite","@id":"https:\/\/www.valcucine.com\/#website","url":"https:\/\/www.valcucine.com\/","name":"Valcucine","description":"","publisher":{"@id":"https:\/\/www.valcucine.com\/#organization"},"potentialAction":[{"@type":"SearchAction","target":{"@type":"EntryPoint","urlTemplate":"https:\/\/www.valcucine.com\/?s={search_term_string}"},"query-input":{"@type":"PropertyValueSpecification","valueRequired":true,"valueName":"search_term_string"}}],"inLanguage":"fr-FR"},{"@type":"Organization","@id":"https:\/\/www.valcucine.com\/#organization","name":"Valcucine","url":"https:\/\/www.valcucine.com\/","logo":{"@type":"ImageObject","inLanguage":"fr-FR","@id":"https:\/\/www.valcucine.com\/#\/schema\/logo\/image\/","url":"https:\/\/www.valcucine.com\/wp-content\/uploads\/2024\/02\/logo-valcucine.webp?wsr","contentUrl":"https:\/\/www.valcucine.com\/wp-content\/uploads\/2024\/02\/logo-valcucine.webp?wsr","width":288,"height":46,"caption":"Valcucine"},"image":{"@id":"https:\/\/www.valcucine.com\/#\/schema\/logo\/image\/"},"sameAs":["https:\/\/www.facebook.com\/valcucine\/","https:\/\/www.instagram.com\/valcucine\/","https:\/\/www.linkedin.com\/company\/valcucine"]}]}},"_links":{"self":[{"href":"https:\/\/www.valcucine.com\/fr\/wp-json\/wp\/v2\/pages\/12367","targetHints":{"allow":["GET"]}}],"collection":[{"href":"https:\/\/www.valcucine.com\/fr\/wp-json\/wp\/v2\/pages"}],"about":[{"href":"https:\/\/www.valcucine.com\/fr\/wp-json\/wp\/v2\/types\/page"}],"author":[{"embeddable":true,"href":"https:\/\/www.valcucine.com\/fr\/wp-json\/wp\/v2\/users\/1"}],"replies":[{"embeddable":true,"href":"https:\/\/www.valcucine.com\/fr\/wp-json\/wp\/v2\/comments?post=12367"}],"version-history":[{"count":8,"href":"https:\/\/www.valcucine.com\/fr\/wp-json\/wp\/v2\/pages\/12367\/revisions"}],"predecessor-version":[{"id":45538,"href":"https:\/\/www.valcucine.com\/fr\/wp-json\/wp\/v2\/pages\/12367\/revisions\/45538"}],"up":[{"embeddable":true,"href":"https:\/\/www.valcucine.com\/fr\/wp-json\/wp\/v2\/pages\/12358"}],"wp:attachment":[{"href":"https:\/\/www.valcucine.com\/fr\/wp-json\/wp\/v2\/media?parent=12367"}],"curies":[{"name":"wp","href":"https:\/\/api.w.org\/{rel}","templated":true}]}}