{"id":12380,"date":"2024-03-19T14:48:52","date_gmt":"2024-03-19T14:48:52","guid":{"rendered":"https:\/\/devel.valcucine.com\/elements-caracteristiques\/cucine-vitrum-arte\/vitrum-arte-disegni-a-catalogo\/"},"modified":"2024-05-27T15:27:30","modified_gmt":"2024-05-27T15:27:30","slug":"vitrum-arte-disegni-a-catalogo","status":"publish","type":"page","link":"https:\/\/www.valcucine.com\/fr\/elements-caracteristiques\/cucine-vitrum-arte\/vitrum-arte-disegni-a-catalogo\/","title":{"rendered":"Dessins Vitrum Arte"},"content":{"rendered":"<div class=\"wpb-content-wrapper\"><p>[vc_row][vc_column][vc_column_text]<\/p>\n<p style=\"padding-left: 40px;\"><span style=\"font-size: 14pt;\">[\/vc_column_text][\/vc_column][\/vc_row][vc_row][vc_column]\n\t\t\t<!-- START Disegni Vitrum Arte REVOLUTION SLIDER 6.7.38 --><p class=\"rs-p-wp-fix\"><\/p>\n\t\t\t<rs-module-wrap id=\"rev_slider_74_1_wrapper\" data-source=\"gallery\" style=\"visibility:hidden;background:transparent;padding:0;\">\n\t\t\t\t<rs-module id=\"rev_slider_74_1\" style=\"\" data-version=\"6.7.38\">\n\t\t\t\t\t<rs-slides style=\"overflow: hidden; position: absolute;\">\n\t\t\t\t\t\t<rs-slide style=\"position: absolute;\" data-key=\"rs-308\" data-title=\"Slide\" data-thumb=\"\/\/www.valcucine.com\/wp-content\/uploads\/2025\/10\/RTL1-ROTL1-RLTL0-ROTL0-50x100.jpg\" data-in=\"o:0;\" data-out=\"a:false;\">\n\t\t\t\t\t\t\t<img decoding=\"async\" src=\"\/\/www.valcucine.com\/wp-content\/plugins\/revslider\/sr6\/assets\/assets\/dummy.png\" alt=\"\" title=\"RTL1 &#8211; ROTL1 &#8211; RLTL0 &#8211; ROTL0\" width=\"1831\" height=\"715\" class=\"rev-slidebg tp-rs-img rs-lazyload\" data-lazyload=\"\/\/www.valcucine.com\/wp-content\/uploads\/2025\/10\/RTL1-ROTL1-RLTL0-ROTL0.jpg\" data-no-retina>\n<!---->\t\t\t\t\t<\/rs-slide>\n\t\t\t\t\t\t<rs-slide style=\"position: absolute;\" data-key=\"rs-305\" data-title=\"Slide\" data-thumb=\"\/\/www.valcucine.com\/wp-content\/uploads\/2025\/10\/VITRUM-ARTE-POETICA-DEGLI-ALBERI-1-50x100.jpg\" data-in=\"o:0;\" data-out=\"a:false;\">\n\t\t\t\t\t\t\t<img decoding=\"async\" src=\"\/\/www.valcucine.com\/wp-content\/plugins\/revslider\/sr6\/assets\/assets\/dummy.png\" alt=\"\" title=\"VITRUM ARTE POETICA DEGLI ALBERI\" width=\"2000\" height=\"961\" class=\"rev-slidebg tp-rs-img rs-lazyload\" data-lazyload=\"\/\/www.valcucine.com\/wp-content\/uploads\/2025\/10\/VITRUM-ARTE-POETICA-DEGLI-ALBERI-1.jpg\" data-no-retina>\n<!---->\t\t\t\t\t<\/rs-slide>\n\t\t\t\t\t\t<rs-slide style=\"position: absolute;\" data-key=\"rs-307\" data-title=\"Slide\" data-thumb=\"\/\/www.valcucine.com\/wp-content\/uploads\/2024\/03\/1040_italiclace-50x100.webp\" data-in=\"o:0;\" data-out=\"a:false;\">\n\t\t\t\t\t\t\t<img decoding=\"async\" src=\"\/\/www.valcucine.com\/wp-content\/plugins\/revslider\/sr6\/assets\/assets\/dummy.png\" alt=\"\" title=\"1040_italiclace\" width=\"2400\" height=\"1200\" class=\"rev-slidebg tp-rs-img rs-lazyload\" data-lazyload=\"\/\/www.valcucine.com\/wp-content\/uploads\/2024\/03\/1040_italiclace.webp\" data-no-retina>\n<!---->\t\t\t\t\t<\/rs-slide>\n\t\t\t\t\t\t<rs-slide style=\"position: absolute;\" data-key=\"rs-309\" data-title=\"Slide\" data-thumb=\"\/\/www.valcucine.com\/wp-content\/uploads\/2025\/10\/RLST1-ROST1-RLST0-ROST0-50x100.jpg\" data-in=\"o:0;\" data-out=\"a:false;\">\n\t\t\t\t\t\t\t<img decoding=\"async\" src=\"\/\/www.valcucine.com\/wp-content\/plugins\/revslider\/sr6\/assets\/assets\/dummy.png\" alt=\"\" title=\"RLST1 &#8211; ROST1 &#8211; RLST0 &#8211; ROST0\" width=\"1827\" height=\"718\" class=\"rev-slidebg tp-rs-img rs-lazyload\" data-lazyload=\"\/\/www.valcucine.com\/wp-content\/uploads\/2025\/10\/RLST1-ROST1-RLST0-ROST0.jpg\" data-no-retina>\n<!---->\t\t\t\t\t<\/rs-slide>\n\t\t\t\t\t\t<rs-slide style=\"position: absolute;\" data-key=\"rs-310\" data-title=\"Slide\" data-thumb=\"\/\/www.valcucine.com\/wp-content\/uploads\/2025\/10\/RLEV1-ROEV1-RLEV0-ROEV0-50x100.jpg\" data-in=\"o:0;\" data-out=\"a:false;\">\n\t\t\t\t\t\t\t<img decoding=\"async\" src=\"\/\/www.valcucine.com\/wp-content\/plugins\/revslider\/sr6\/assets\/assets\/dummy.png\" alt=\"\" title=\"RLEV1 &#8211; ROEV1 &#8211; RLEV0 &#8211; ROEV0\" width=\"1823\" height=\"714\" class=\"rev-slidebg tp-rs-img rs-lazyload\" data-lazyload=\"\/\/www.valcucine.com\/wp-content\/uploads\/2025\/10\/RLEV1-ROEV1-RLEV0-ROEV0.jpg\" data-no-retina>\n<!---->\t\t\t\t\t<\/rs-slide>\n\t\t\t\t\t\t<rs-slide style=\"position: absolute;\" data-key=\"rs-311\" data-title=\"Slide\" data-thumb=\"\/\/www.valcucine.com\/wp-content\/uploads\/2024\/03\/2209_17_la_dea_demetra-50x100.webp\" data-in=\"o:0;\" data-out=\"a:false;\">\n\t\t\t\t\t\t\t<img decoding=\"async\" src=\"\/\/www.valcucine.com\/wp-content\/plugins\/revslider\/sr6\/assets\/assets\/dummy.png\" alt=\"\" title=\"2209_17_la_dea_demetra\" width=\"2400\" height=\"1200\" class=\"rev-slidebg tp-rs-img rs-lazyload\" data-lazyload=\"\/\/www.valcucine.com\/wp-content\/uploads\/2024\/03\/2209_17_la_dea_demetra.webp\" data-no-retina>\n<!---->\t\t\t\t\t<\/rs-slide>\n\t\t\t\t\t<\/rs-slides>\n\t\t\t\t\t<rs-static-layers><!--\n\n\t\t\t\t\t\t\t--><rs-layer\n\t\t\t\t\t\t\t\tid=\"slider-74-slide-66-layer-12\" \n\t\t\t\t\t\t\t\tclass=\"play-button rs-svg rs-layer-static\"\n\t\t\t\t\t\t\t\tdata-type=\"svg\"\n\t\t\t\t\t\t\t\tdata-rsp_ch=\"on\"\n\t\t\t\t\t\t\t\tdata-xy=\"xo:20px;y:b;yo:20px;\"\n\t\t\t\t\t\t\t\tdata-text=\"w:normal;s:20,20,20,7;l:0,0,0,9;\"\n\t\t\t\t\t\t\t\tdata-dim=\"w:20px,20px,20px,30px;h:20px,20px,20px,30px;\"\n\t\t\t\t\t\t\t\tdata-actions='o:click;a:playslider;'\n\t\t\t\t\t\t\t\tdata-svg_src=\"\/\/www.valcucine.com\/wp-content\/uploads\/revslider\/svg\/objects\/svgcustom\/circle-play.svg\"\n\t\t\t\t\t\t\t\tdata-svgi=\"oc:t;\"\n\t\t\t\t\t\t\t\tdata-basealign=\"slide\"\n\t\t\t\t\t\t\t\tdata-onslides=\"s:1;\"\n\t\t\t\t\t\t\t\tdata-frame_999=\"o:0;st:w;\"\n\t\t\t\t\t\t\t\tstyle=\"z-index:7;font-family:'Roboto';\"\n\t\t\t\t\t\t\t> \n\t\t\t\t\t\t\t<\/rs-layer><!--\n\n\t\t\t\t\t\t\t--><rs-layer\n\t\t\t\t\t\t\t\tid=\"slider-74-slide-66-layer-13\" \n\t\t\t\t\t\t\t\tclass=\"pause-button current-slider rs-svg rs-layer-static\"\n\t\t\t\t\t\t\t\tdata-type=\"svg\"\n\t\t\t\t\t\t\t\tdata-rsp_ch=\"on\"\n\t\t\t\t\t\t\t\tdata-xy=\"xo:20px;y:b;yo:20px;\"\n\t\t\t\t\t\t\t\tdata-text=\"w:normal;s:20,20,20,7;l:0,0,0,9;\"\n\t\t\t\t\t\t\t\tdata-dim=\"w:20px,20px,20px,30px;h:20px,20px,20px,30px;\"\n\t\t\t\t\t\t\t\tdata-actions='o:click;a:pauseslider;'\n\t\t\t\t\t\t\t\tdata-svg_src=\"\/\/www.valcucine.com\/wp-content\/uploads\/revslider\/svg\/objects\/svgcustom\/circle-pause.svg\"\n\t\t\t\t\t\t\t\tdata-svgi=\"oc:t;\"\n\t\t\t\t\t\t\t\tdata-basealign=\"slide\"\n\t\t\t\t\t\t\t\tdata-onslides=\"s:1;\"\n\t\t\t\t\t\t\t\tdata-frame_999=\"o:0;st:w;\"\n\t\t\t\t\t\t\t\tstyle=\"z-index:8;font-family:'Roboto';\"\n\t\t\t\t\t\t\t> \n\t\t\t\t\t\t\t<\/rs-layer><!--\n\t\t\t\t\t--><\/rs-static-layers>\n\t\t\t\t<\/rs-module>\n\t\t\t\t<script>\n\t\t\t\t\tsetREVStartSize({c: 'rev_slider_74_1',rl:[1240,1240,1240,480],el:[568.993,568.993,568.993,480],gw:[1240,1240,1240,480],gh:[569,569,569,480],type:'standard',justify:'',layout:'fullscreen',offsetContainer:'#slider__height',offset:'0px',mh:\"0\"});if (window.RS_MODULES!==undefined && window.RS_MODULES.modules!==undefined && window.RS_MODULES.modules[\"revslider741\"]!==undefined) {window.RS_MODULES.modules[\"revslider741\"].once = false;window.revapi74 = undefined;if (window.RS_MODULES.checkMinimal!==undefined) window.RS_MODULES.checkMinimal()}\n\t\t\t\t<\/script>\n\t\t\t<\/rs-module-wrap>\n\t\t\t<!-- END REVOLUTION SLIDER -->\n[\/vc_column][\/vc_row][vc_row el_class=\u00a0\u00bbpt-6&Prime; css=\u00a0\u00bb.vc_custom_1709741038744{padding-top: 40px !important;}\u00a0\u00bb][vc_column]\n        \n        <h1 class=\"text-center  main__title__h1  \" style=\"color:#333333;\"> \n\n         Dessins Vitrum Arte\n        \n        <\/h1>[\/vc_column][\/vc_row][vc_row css=\u00a0\u00bb.vc_custom_1709741045295{margin-top: 12px !important;}\u00a0\u00bb][vc_column][vc_column_text]Outre le fait qu\u2019il enrichit les fa\u00e7ades des meubles, Vitrum Arte joue \u00e0 nous surprendre, en laissant place \u00e0 la fantaisie et \u00e0 la cr\u00e9ativit\u00e9. De nombreux dessins \u00e0 choisir parmi ceux que nous proposons en standard. Il est \u00e9galement possible de prendre un dessin propos\u00e9 par le client ou bien, pour une personnalisation extr\u00eame de la cuisine, d\u2019adopter l\u2019\u0153uvre d\u2019un artiste.[\/vc_column_text][\/vc_column][\/vc_row][vc_row][vc_column]<div class='menu__page'><a href='https:\/\/www.valcucine.com\/store-locator\/' target='' rel=''>Trouver un revendeur<\/a><\/div>[\/vc_column][\/vc_row][vc_row el_id=\u00a0\u00bbgallery\u00a0\u00bb][vc_column]\n        \n        <h4 class=\"text-center  main__title__h4  vc_custom_1716823627296 \" style=\"color:#333333;\"> \n\n         Gallery cuisines vitrum arte\n        \n        <\/h4><div id=''><div class='carousel__portfolio'><div class='mb-6 portfolio_gallery_cat_all portfolio_gallery_box p-3  portfolio_gallery_cat_321'><div id='portfolio_gallery_1'><div class=\"portfolio_gallery_box_item\" style=\"background-image:url(https:\/\/www.valcucine.com\/wp-content\/uploads\/2024\/03\/69_artematica-vitrum-arte.jpg?wsr)\"><\/div><\/div><span>Artematica Vitrum Arte Nature noir et blanc<\/span><\/div><div class='mb-6 portfolio_gallery_cat_all portfolio_gallery_box p-3  portfolio_gallery_cat_321'><div id='portfolio_gallery_2'><div class=\"portfolio_gallery_box_item\" style=\"background-image:url(https:\/\/www.valcucine.com\/wp-content\/uploads\/2024\/03\/73_artematica-vitrum-art-sandro-chia-artwork-.jpg?wsr)\"><\/div><\/div><span>Artematica Vitrum Arte Sandro Chia<\/span><\/div><\/div>\n            <script>\n            jQuery(function () {\n                \n                \n                jQuery('.carousel__portfolio').slick({\n                  infinite: true,\n                    slidesToShow: 1,\n                    slidesToScroll: 1,\n                    autoplaySpeed: 8000,\n                    centerPadding: '0px',\n                    mobileFirst: true,\n                    arrows: true,\n                    autoplay: true,\n                    prevArrow: '<div class=\\'corousel__arrow corousel__next \\'><i class=\\'fal fa-chevron-left\\'><\/i><\/div>',\n                    nextArrow: '<div class=\\'corousel__arrow corousel__prev \\'><i class=\\'fal fa-chevron-right\\'><\/i><\/div>',\n                      responsive: [\n                        {\n                          breakpoint: 768,\n                          settings: {\n                            slidesToShow: 4,\n                            slidesToScroll: 1,\n                          }\n                        },\n                    ]\n              \n                });\n            });\n            <\/script>\n            \n                    <script>\n                    jQuery(function () {\n                        \n                        var dynamicGalleryElement = document.getElementById('portfolio_gallery_1');\n                        var dynamicGallery = lightGallery(dynamicGalleryElement, {\n                            dynamic: true,\n                            dynamicEl: [{\"src\":\"https:\\\/\\\/www.valcucine.com\\\/wp-content\\\/uploads\\\/2024\\\/03\\\/255_artematica_vitrum_arte_mucca_chic_6_.webp\",\"subHtml\":\"<span>Artematica Vitrum Arte Nature noir et blanc<\\\/span>\"},{\"src\":\"https:\\\/\\\/www.valcucine.com\\\/wp-content\\\/uploads\\\/2024\\\/03\\\/834_museo-001.webp\",\"subHtml\":\"<span>Artematica Vitrum Arte Nature noir et blanc<\\\/span>\"},{\"src\":\"https:\\\/\\\/www.valcucine.com\\\/wp-content\\\/uploads\\\/2024\\\/03\\\/252_artematica_vitrum_arte_museo_.webp\",\"subHtml\":\"<span>Artematica Vitrum Arte Nature noir et blanc<\\\/span>\"},{\"src\":\"https:\\\/\\\/www.valcucine.com\\\/wp-content\\\/uploads\\\/2024\\\/03\\\/256_artematica_vitrum_arte_mucca_chic_7_.webp\",\"subHtml\":\"<span>Artematica Vitrum Arte Nature noir et blanc<\\\/span>\"},{\"src\":\"https:\\\/\\\/www.valcucine.com\\\/wp-content\\\/uploads\\\/2024\\\/03\\\/254_artematica_vitrum_arte_09.webp\",\"subHtml\":\"<span>Artematica Vitrum Arte Nature noir et blanc<\\\/span>\"}],\n                        });\n                        dynamicGalleryElement.addEventListener('click', function () {\n                            \/\/ Starts with third item.(Optional).\n                            \/\/ This is useful if you want use dynamic mode with\n                            \/\/ custom thumbnails (thumbnails outside gallery),\n                            dynamicGallery.openGallery(0);\n                        });\n                                                \n                        \n                    });\n                    <\/script>\n                    \n                    <script>\n                    jQuery(function () {\n                        \n                        var dynamicGalleryElement = document.getElementById('portfolio_gallery_2');\n                        var dynamicGallery = lightGallery(dynamicGalleryElement, {\n                            dynamic: true,\n                            dynamicEl: [{\"src\":\"https:\\\/\\\/www.valcucine.com\\\/wp-content\\\/uploads\\\/2024\\\/03\\\/115_artematica_vitrum_arte_chia_3_.webp\",\"subHtml\":\"<span>Artematica Vitrum Arte Sandro Chia<\\\/span>\"},{\"src\":\"https:\\\/\\\/www.valcucine.com\\\/wp-content\\\/uploads\\\/2024\\\/03\\\/116_artematica_vitrum_arte_chia_4_.webp\",\"subHtml\":\"<span>Artematica Vitrum Arte Sandro Chia<\\\/span>\"},{\"src\":\"https:\\\/\\\/www.valcucine.com\\\/wp-content\\\/uploads\\\/2024\\\/03\\\/114_artematica_vitrum_arte_chia_2_.webp\",\"subHtml\":\"<span>Artematica Vitrum Arte Sandro Chia<\\\/span>\"},{\"src\":\"https:\\\/\\\/www.valcucine.com\\\/wp-content\\\/uploads\\\/2024\\\/03\\\/117_artematica_vitrum_arte_chia_5_.webp\",\"subHtml\":\"<span>Artematica Vitrum Arte Sandro Chia<\\\/span>\"},{\"src\":\"https:\\\/\\\/www.valcucine.com\\\/wp-content\\\/uploads\\\/2024\\\/03\\\/111_artematica_vitrum_art_sandro_chia_artwork_.webp\",\"subHtml\":\"<span>Artematica Vitrum Arte Sandro Chia<\\\/span>\"},{\"src\":\"https:\\\/\\\/www.valcucine.com\\\/wp-content\\\/uploads\\\/2024\\\/03\\\/112_artematica_vitrum_arte_chia_artwork_.webp\",\"subHtml\":\"<span>Artematica Vitrum Arte Sandro Chia<\\\/span>\"},{\"src\":\"https:\\\/\\\/www.valcucine.com\\\/wp-content\\\/uploads\\\/2024\\\/03\\\/113_artematica_vitrum_arte_chia_1_.webp\",\"subHtml\":\"<span>Artematica Vitrum Arte Sandro Chia<\\\/span>\"}],\n                        });\n                        dynamicGalleryElement.addEventListener('click', function () {\n                            \/\/ Starts with third item.(Optional).\n                            \/\/ This is useful if you want use dynamic mode with\n                            \/\/ custom thumbnails (thumbnails outside gallery),\n                            dynamicGallery.openGallery(0);\n                        });\n                                                \n                        \n                    });\n                    <\/script>\n                    <\/div>[\/vc_column][\/vc_row][vc_row][vc_column][vc_column_text]<\/span><\/p>\n<p>[\/vc_column_text][\/vc_column][\/vc_row]<\/p>\n<\/div>","protected":false},"excerpt":{"rendered":"<p>[vc_row][vc_column][vc_column_text] [\/vc_column_text][\/vc_column][\/vc_row][vc_row][vc_column][\/vc_column][\/vc_row][vc_row el_class=\u00a0\u00bbpt-6&Prime; css=\u00a0\u00bb.vc_custom_1709741038744{padding-top: 40px !important;}\u00a0\u00bb][vc_column][\/vc_column][\/vc_row][vc_row css=\u00a0\u00bb.vc_custom_1709741045295{margin-top: 12px !important;}\u00a0\u00bb][vc_column][vc_column_text]Outre le fait qu\u2019il enrichit les fa\u00e7ades des meubles, Vitrum Arte joue \u00e0 nous surprendre, en laissant place \u00e0 la fantaisie et \u00e0 la cr\u00e9ativit\u00e9. De nombreux dessins \u00e0 choisir parmi ceux que nous proposons en standard. Il est \u00e9galement possible de prendre un dessin propos\u00e9 par [&hellip;]<\/p>\n","protected":false},"author":1,"featured_media":0,"parent":12372,"menu_order":0,"comment_status":"closed","ping_status":"closed","template":"","meta":{"footnotes":""},"class_list":["post-12380","page","type-page","status-publish","hentry"],"yoast_head":"<!-- This site is optimized with the Yoast SEO plugin v26.2 - https:\/\/yoast.com\/wordpress\/plugins\/seo\/ -->\n<title>Dessins Vitrum Arte - Valcucine<\/title>\n<meta name=\"robots\" content=\"index, follow, max-snippet:-1, max-image-preview:large, max-video-preview:-1\" \/>\n<link rel=\"canonical\" href=\"https:\/\/www.valcucine.com\/fr\/elements-caracteristiques\/cucine-vitrum-arte\/vitrum-arte-disegni-a-catalogo\/\" \/>\n<meta property=\"og:locale\" content=\"fr_FR\" \/>\n<meta property=\"og:type\" content=\"article\" \/>\n<meta property=\"og:title\" content=\"Dessins Vitrum Arte - Valcucine\" \/>\n<meta property=\"og:description\" content=\"[vc_row][vc_column][vc_column_text] [\/vc_column_text][\/vc_column][\/vc_row][vc_row][vc_column][\/vc_column][\/vc_row][vc_row el_class=\u00a0\u00bbpt-6&Prime; css=\u00a0\u00bb.vc_custom_1709741038744{padding-top: 40px !important;}\u00a0\u00bb][vc_column][\/vc_column][\/vc_row][vc_row css=\u00a0\u00bb.vc_custom_1709741045295{margin-top: 12px !important;}\u00a0\u00bb][vc_column][vc_column_text]Outre le fait qu\u2019il enrichit les fa\u00e7ades des meubles, Vitrum Arte joue \u00e0 nous surprendre, en laissant place \u00e0 la fantaisie et \u00e0 la cr\u00e9ativit\u00e9. De nombreux dessins \u00e0 choisir parmi ceux que nous proposons en standard. Il est \u00e9galement possible de prendre un dessin propos\u00e9 par [&hellip;]\" \/>\n<meta property=\"og:url\" content=\"https:\/\/www.valcucine.com\/fr\/elements-caracteristiques\/cucine-vitrum-arte\/vitrum-arte-disegni-a-catalogo\/\" \/>\n<meta property=\"og:site_name\" content=\"Valcucine\" \/>\n<meta property=\"article:publisher\" content=\"https:\/\/www.facebook.com\/valcucine\/\" \/>\n<meta property=\"article:modified_time\" content=\"2024-05-27T15:27:30+00:00\" \/>\n<meta name=\"twitter:card\" content=\"summary_large_image\" \/>\n<meta name=\"twitter:label1\" content=\"Dur\u00e9e de lecture estim\u00e9e\" \/>\n\t<meta name=\"twitter:data1\" content=\"1 minute\" \/>\n<script type=\"application\/ld+json\" class=\"yoast-schema-graph\">{\"@context\":\"https:\/\/schema.org\",\"@graph\":[{\"@type\":\"WebPage\",\"@id\":\"https:\/\/www.valcucine.com\/fr\/elements-caracteristiques\/cucine-vitrum-arte\/vitrum-arte-disegni-a-catalogo\/\",\"url\":\"https:\/\/www.valcucine.com\/fr\/elements-caracteristiques\/cucine-vitrum-arte\/vitrum-arte-disegni-a-catalogo\/\",\"name\":\"Dessins Vitrum Arte - Valcucine\",\"isPartOf\":{\"@id\":\"https:\/\/www.valcucine.com\/#website\"},\"datePublished\":\"2024-03-19T14:48:52+00:00\",\"dateModified\":\"2024-05-27T15:27:30+00:00\",\"breadcrumb\":{\"@id\":\"https:\/\/www.valcucine.com\/fr\/elements-caracteristiques\/cucine-vitrum-arte\/vitrum-arte-disegni-a-catalogo\/#breadcrumb\"},\"inLanguage\":\"fr-FR\",\"potentialAction\":[{\"@type\":\"ReadAction\",\"target\":[\"https:\/\/www.valcucine.com\/fr\/elements-caracteristiques\/cucine-vitrum-arte\/vitrum-arte-disegni-a-catalogo\/\"]}]},{\"@type\":\"BreadcrumbList\",\"@id\":\"https:\/\/www.valcucine.com\/fr\/elements-caracteristiques\/cucine-vitrum-arte\/vitrum-arte-disegni-a-catalogo\/#breadcrumb\",\"itemListElement\":[{\"@type\":\"ListItem\",\"position\":1,\"name\":\"Valcucine\",\"item\":\"https:\/\/www.valcucine.com\/fr\/\"},{\"@type\":\"ListItem\",\"position\":2,\"name\":\"El\u00e9ments caract\u00e9ristiques\",\"item\":\"https:\/\/www.valcucine.com\/fr\/elements-caracteristiques\/\"},{\"@type\":\"ListItem\",\"position\":3,\"name\":\"Vitrum Arte\",\"item\":\"https:\/\/www.valcucine.com\/fr\/elements-caracteristiques\/cucine-vitrum-arte\/\"},{\"@type\":\"ListItem\",\"position\":4,\"name\":\"Dessins Vitrum Arte\"}]},{\"@type\":\"WebSite\",\"@id\":\"https:\/\/www.valcucine.com\/#website\",\"url\":\"https:\/\/www.valcucine.com\/\",\"name\":\"Valcucine\",\"description\":\"\",\"publisher\":{\"@id\":\"https:\/\/www.valcucine.com\/#organization\"},\"potentialAction\":[{\"@type\":\"SearchAction\",\"target\":{\"@type\":\"EntryPoint\",\"urlTemplate\":\"https:\/\/www.valcucine.com\/?s={search_term_string}\"},\"query-input\":{\"@type\":\"PropertyValueSpecification\",\"valueRequired\":true,\"valueName\":\"search_term_string\"}}],\"inLanguage\":\"fr-FR\"},{\"@type\":\"Organization\",\"@id\":\"https:\/\/www.valcucine.com\/#organization\",\"name\":\"Valcucine\",\"url\":\"https:\/\/www.valcucine.com\/\",\"logo\":{\"@type\":\"ImageObject\",\"inLanguage\":\"fr-FR\",\"@id\":\"https:\/\/www.valcucine.com\/#\/schema\/logo\/image\/\",\"url\":\"https:\/\/www.valcucine.com\/wp-content\/uploads\/2024\/02\/logo-valcucine.webp?wsr\",\"contentUrl\":\"https:\/\/www.valcucine.com\/wp-content\/uploads\/2024\/02\/logo-valcucine.webp?wsr\",\"width\":288,\"height\":46,\"caption\":\"Valcucine\"},\"image\":{\"@id\":\"https:\/\/www.valcucine.com\/#\/schema\/logo\/image\/\"},\"sameAs\":[\"https:\/\/www.facebook.com\/valcucine\/\",\"https:\/\/www.instagram.com\/valcucine\/\",\"https:\/\/www.linkedin.com\/company\/valcucine\"]}]}<\/script>\n<!-- \/ Yoast SEO plugin. -->","yoast_head_json":{"title":"Dessins Vitrum Arte - Valcucine","robots":{"index":"index","follow":"follow","max-snippet":"max-snippet:-1","max-image-preview":"max-image-preview:large","max-video-preview":"max-video-preview:-1"},"canonical":"https:\/\/www.valcucine.com\/fr\/elements-caracteristiques\/cucine-vitrum-arte\/vitrum-arte-disegni-a-catalogo\/","og_locale":"fr_FR","og_type":"article","og_title":"Dessins Vitrum Arte - Valcucine","og_description":"[vc_row][vc_column][vc_column_text] [\/vc_column_text][\/vc_column][\/vc_row][vc_row][vc_column][\/vc_column][\/vc_row][vc_row el_class=\u00a0\u00bbpt-6&Prime; css=\u00a0\u00bb.vc_custom_1709741038744{padding-top: 40px !important;}\u00a0\u00bb][vc_column][\/vc_column][\/vc_row][vc_row css=\u00a0\u00bb.vc_custom_1709741045295{margin-top: 12px !important;}\u00a0\u00bb][vc_column][vc_column_text]Outre le fait qu\u2019il enrichit les fa\u00e7ades des meubles, Vitrum Arte joue \u00e0 nous surprendre, en laissant place \u00e0 la fantaisie et \u00e0 la cr\u00e9ativit\u00e9. De nombreux dessins \u00e0 choisir parmi ceux que nous proposons en standard. Il est \u00e9galement possible de prendre un dessin propos\u00e9 par [&hellip;]","og_url":"https:\/\/www.valcucine.com\/fr\/elements-caracteristiques\/cucine-vitrum-arte\/vitrum-arte-disegni-a-catalogo\/","og_site_name":"Valcucine","article_publisher":"https:\/\/www.facebook.com\/valcucine\/","article_modified_time":"2024-05-27T15:27:30+00:00","twitter_card":"summary_large_image","twitter_misc":{"Dur\u00e9e de lecture estim\u00e9e":"1 minute"},"schema":{"@context":"https:\/\/schema.org","@graph":[{"@type":"WebPage","@id":"https:\/\/www.valcucine.com\/fr\/elements-caracteristiques\/cucine-vitrum-arte\/vitrum-arte-disegni-a-catalogo\/","url":"https:\/\/www.valcucine.com\/fr\/elements-caracteristiques\/cucine-vitrum-arte\/vitrum-arte-disegni-a-catalogo\/","name":"Dessins Vitrum Arte - Valcucine","isPartOf":{"@id":"https:\/\/www.valcucine.com\/#website"},"datePublished":"2024-03-19T14:48:52+00:00","dateModified":"2024-05-27T15:27:30+00:00","breadcrumb":{"@id":"https:\/\/www.valcucine.com\/fr\/elements-caracteristiques\/cucine-vitrum-arte\/vitrum-arte-disegni-a-catalogo\/#breadcrumb"},"inLanguage":"fr-FR","potentialAction":[{"@type":"ReadAction","target":["https:\/\/www.valcucine.com\/fr\/elements-caracteristiques\/cucine-vitrum-arte\/vitrum-arte-disegni-a-catalogo\/"]}]},{"@type":"BreadcrumbList","@id":"https:\/\/www.valcucine.com\/fr\/elements-caracteristiques\/cucine-vitrum-arte\/vitrum-arte-disegni-a-catalogo\/#breadcrumb","itemListElement":[{"@type":"ListItem","position":1,"name":"Valcucine","item":"https:\/\/www.valcucine.com\/fr\/"},{"@type":"ListItem","position":2,"name":"El\u00e9ments caract\u00e9ristiques","item":"https:\/\/www.valcucine.com\/fr\/elements-caracteristiques\/"},{"@type":"ListItem","position":3,"name":"Vitrum Arte","item":"https:\/\/www.valcucine.com\/fr\/elements-caracteristiques\/cucine-vitrum-arte\/"},{"@type":"ListItem","position":4,"name":"Dessins Vitrum Arte"}]},{"@type":"WebSite","@id":"https:\/\/www.valcucine.com\/#website","url":"https:\/\/www.valcucine.com\/","name":"Valcucine","description":"","publisher":{"@id":"https:\/\/www.valcucine.com\/#organization"},"potentialAction":[{"@type":"SearchAction","target":{"@type":"EntryPoint","urlTemplate":"https:\/\/www.valcucine.com\/?s={search_term_string}"},"query-input":{"@type":"PropertyValueSpecification","valueRequired":true,"valueName":"search_term_string"}}],"inLanguage":"fr-FR"},{"@type":"Organization","@id":"https:\/\/www.valcucine.com\/#organization","name":"Valcucine","url":"https:\/\/www.valcucine.com\/","logo":{"@type":"ImageObject","inLanguage":"fr-FR","@id":"https:\/\/www.valcucine.com\/#\/schema\/logo\/image\/","url":"https:\/\/www.valcucine.com\/wp-content\/uploads\/2024\/02\/logo-valcucine.webp?wsr","contentUrl":"https:\/\/www.valcucine.com\/wp-content\/uploads\/2024\/02\/logo-valcucine.webp?wsr","width":288,"height":46,"caption":"Valcucine"},"image":{"@id":"https:\/\/www.valcucine.com\/#\/schema\/logo\/image\/"},"sameAs":["https:\/\/www.facebook.com\/valcucine\/","https:\/\/www.instagram.com\/valcucine\/","https:\/\/www.linkedin.com\/company\/valcucine"]}]}},"_links":{"self":[{"href":"https:\/\/www.valcucine.com\/fr\/wp-json\/wp\/v2\/pages\/12380","targetHints":{"allow":["GET"]}}],"collection":[{"href":"https:\/\/www.valcucine.com\/fr\/wp-json\/wp\/v2\/pages"}],"about":[{"href":"https:\/\/www.valcucine.com\/fr\/wp-json\/wp\/v2\/types\/page"}],"author":[{"embeddable":true,"href":"https:\/\/www.valcucine.com\/fr\/wp-json\/wp\/v2\/users\/1"}],"replies":[{"embeddable":true,"href":"https:\/\/www.valcucine.com\/fr\/wp-json\/wp\/v2\/comments?post=12380"}],"version-history":[{"count":3,"href":"https:\/\/www.valcucine.com\/fr\/wp-json\/wp\/v2\/pages\/12380\/revisions"}],"predecessor-version":[{"id":12384,"href":"https:\/\/www.valcucine.com\/fr\/wp-json\/wp\/v2\/pages\/12380\/revisions\/12384"}],"up":[{"embeddable":true,"href":"https:\/\/www.valcucine.com\/fr\/wp-json\/wp\/v2\/pages\/12372"}],"wp:attachment":[{"href":"https:\/\/www.valcucine.com\/fr\/wp-json\/wp\/v2\/media?parent=12380"}],"curies":[{"name":"wp","href":"https:\/\/api.w.org\/{rel}","templated":true}]}}