{"id":12453,"date":"2024-03-12T13:24:38","date_gmt":"2024-03-12T13:24:38","guid":{"rendered":"https:\/\/devel.valcucine.com\/servizi-cliente\/garanzia-valcucine\/garanzia-prodotto\/"},"modified":"2025-06-04T14:00:53","modified_gmt":"2025-06-04T14:00:53","slug":"garantie-du-produit","status":"publish","type":"page","link":"https:\/\/www.valcucine.com\/fr\/service-clients\/garantie-valcucine\/garantie-du-produit\/","title":{"rendered":"Garantie de 2 ans"},"content":{"rendered":"<div class=\"wpb-content-wrapper\"><p>[vc_row][vc_column]\n        \n        <h1 class=\"text-center  main__title__h1  vc_custom_1716883603211 \" style=\"color:#333333;\"> \n\n         Garantie de 2 ans\n        \n        <\/h1>[\/vc_column][\/vc_row][vc_row][vc_column]\n        \n        <h2 class=\"text-start  main__title__h2  vc_custom_1716883573419 \" style=\"color:#333333;\"> \n\n         Conditions g\u00e9n\u00e9rales de garantie conventionnelle pour les consommateurs\n        \n        <\/h2>[vc_column_text]\u200bLes garanties sur les produits Valcucine sont d\u00e9livr\u00e9es par Valcucine S.p.A., dont le si\u00e8ge social est sis Via L. Savio n. 11, 33170 Pordenone, Italie, inscrite au Registre des Entreprises de Pordenone sous le num\u00e9ro d\u2019inscription et N\u00b0 de T.V.A. 00407160936 (ci-apr\u00e8s d\u00e9nomm\u00e9e \u00ab Valcucine \u00bb), sous r\u00e9serve des obligations pr\u00e9vues par la loi \u00e0 la charge du Revendeur.<\/p>\n<p>1) Dur\u00e9e<br \/>\nLa garantie a une dur\u00e9e de 2 (deux) ans \u00e0 compter de la date d\u2019achat\/livraison des produits de la part du premier acheteur, qui devra \u00eatre prouv\u00e9e en fournissant la facture ou le ticket de caisse. Toute intervention sous garantie n\u2019implique pas une prolongation de la p\u00e9riode de garantie.<\/p>\n<p>2) Utilisation des produits<br \/>\nVu les caract\u00e9ristiques de fabrication des produits, la garantie ne s\u2019applique qu\u2019en cas d\u2019utilisation des produits \u00e0 des fins domestiques et est donc exclue en cas d\u2019utilisation de ceuxci \u00e0 des fins professionnelles et\/ou industrielles.<\/p>\n<p>3) Exclusions<br \/>\n3.1 Sont express\u00e9ment exclus de la garantie les \u00e9lectrom\u00e9nagers, les \u00e9viers, les mitigeurs, les syst\u00e8mes d\u2019\u00e9clairage et tout autre accessoire qui n\u2019est pas fabriqu\u00e9 par Valcucine. En cas de d\u00e9fauts de tels appareils\/accessoires ou bien de dommages caus\u00e9s par ceuxci, le consommateur devra alors s\u2019adresser directement au fabricant et s\u2019en tenir aux condi- tions de garantie pr\u00e9vues pour tels appareils\/accessoires par le fabricant.<\/p>\n<p>3.2 En outre, sont exclus de la garantie les \u00e9v\u00e8nements suivants :<br \/>\n\u2212\u00a0\u00a0\u00a0\u00a0\u00a0\u00a0\u00a0\u00a0\u00a0 usure courante des composants<br \/>\n\u2212\u00a0\u00a0\u00a0\u00a0\u00a0\u00a0\u00a0\u00a0\u00a0 dommages d\u00e9rivant du non-respect des r\u00e8gles d\u2019entretien et de maintenance, c\u2019est-\u00e0-dire la non-observation des r\u00e8gles contenues dans la notice d\u2019instructions<br \/>\n\u2212\u00a0\u00a0\u00a0\u00a0\u00a0\u00a0\u00a0\u00a0\u00a0 dommages d\u00e9rivant d\u2019un usage non conforme du produit<br \/>\n\u2212\u00a0\u00a0\u00a0\u00a0\u00a0\u00a0\u00a0\u00a0\u00a0 chocs<br \/>\n\u2212\u00a0\u00a0\u00a0\u00a0\u00a0\u00a0\u00a0\u00a0\u00a0 diff\u00e9rences de teinte entre les \u00e9chantillons montr\u00e9s lors de l\u2019achat et le produit livr\u00e9<br \/>\n\u2212\u00a0\u00a0\u00a0\u00a0\u00a0\u00a0\u00a0\u00a0\u00a0 variations dans le temps des teintes (par exemples sur le bois, sur les surfaces laqu\u00e9es, etc.)<br \/>\n\u2212\u00a0\u00a0\u00a0\u00a0\u00a0\u00a0\u00a0\u00a0\u00a0 variations des dimensions li\u00e9es au changement de l\u2019\u00e9quilibre humidit\u00e9-pi\u00e8ce<br \/>\n\u2212\u00a0\u00a0\u00a0\u00a0\u00a0\u00a0\u00a0\u00a0\u00a0 dommages suite \u00e0 un montage non correct du produit<br \/>\n\u2212\u00a0\u00a0\u00a0\u00a0\u00a0\u00a0\u00a0\u00a0\u00a0 dommages d\u00e9rivant d\u2019une installation d\u2019accessoires et de pi\u00e8ces de rechange qui ne sont pas d\u2019origine<br \/>\n\u2212\u00a0\u00a0\u00a0\u00a0\u00a0\u00a0\u00a0\u00a0\u00a0 dommages caus\u00e9s par des r\u00e9parations effectu\u00e9es par un personnel non autoris\u00e9<br \/>\n\u2212\u00a0\u00a0\u00a0\u00a0\u00a0\u00a0\u00a0\u00a0\u00a0 manipulations des produits<br \/>\n\u2212\u00a0\u00a0\u00a0\u00a0\u00a0\u00a0\u00a0\u00a0\u00a0 dommages d\u00e9rivant d\u2019une installation \u00e9lectrique ou hydraulique inad\u00e9quate.<\/p>\n<p>3.3 En ce qui concerne les parties en verre, la garantie pr\u00e9voit le remplacement de telles parties en cas de rupture (verre qui \u00e9clate). Ne sont donc pas couvertes par la garantie toute rayure, toute \u00e9br\u00e9chure ou toute entaille sur les parties en verre. Le verre est tremp\u00e9, mais tout choc avec un objet ayant une duret\u00e9 \u00e9gale ou sup\u00e9rieure (comme, par exemple, la c\u00e9ramique) pourrait entra\u00eener des \u00e9br\u00e9chures ou des entailles.<br \/>\nEn outre, ne sont pas couvertes par la garantie les ruptures totales d\u00e9rivant des \u00e9v\u00e8nements indiqu\u00e9s dans le paragraphe 3.2 pr\u00e9c\u00e9dent, y compris les cas de chocs, de heurts et d\u2019usage impropre des parties en verre (par exemple surcharge).<\/p>\n<p>4) Limites territoriales<br \/>\nLa pr\u00e9sente garantie est valable dans n\u2019importe quel pays du monde.<\/p>\n<p>5) Demande d\u2019intervention sous garantie<br \/>\nLa demande d\u2019intervention sous garantie doit \u00eatre effectu\u00e9e exclusivement par \u00e9crit et transmise au Revendeur chez qui les produits ont \u00e9t\u00e9 achet\u00e9s, en indiquant la raison de la r\u00e9clamation et en joignant, si possible, une documentation photographique \u00e0 tel propos.<br \/>\nSi le Revendeur chez qui les produits ont \u00e9t\u00e9 achet\u00e9s n\u2019est plus un Revendeur agr\u00e9\u00e9 Val- cucine, le consommateur pourra s\u2019adresser \u00e0 un autre Revendeur agr\u00e9\u00e9 proche de chez lui.<\/p>\n<p>Vous pouvez trouver la liste des revendeurs agr\u00e9\u00e9s\u00a0www.valcucine.com\/fr\/store-locator\/<\/p>\n<p>Le consommateur doit d\u00e9noncer \u00e0 Valcucine le vice ou le dommage subi dans les vingt jours qui suivent la d\u00e9couverte du vice ou le dommage. Il devra joindre \u00e0 la d\u00e9claration une photocopie de la facture d\u2019achat ou du ticket de caisse et, si possible, des photographies du vice ou du dommage.<\/p>\n<p>6)\u00a0Modalit\u00e9 de l\u2019intervention sous garantie<br \/>\nToute intervention sous garantie ne pourra en aucun cas \u00eatre effectu\u00e9e par des Revendeurs non agr\u00e9\u00e9s.Le consommateur pourra demander, \u00e0 son choix, soit la r\u00e9paration soit le remplacement du produit, sans aucun frais dans les deux cas.<br \/>\nSi la solution choisie est objectivement impossible ou bien si, selon Valcucine, elle appara\u00eet excessivement ch\u00e8re par rapport \u00e0 l\u2019autre, cette derni\u00e8re \u00e9valuera en premier lieu la possibilit\u00e9 de r\u00e9parer le bien \u00e0 condition que le prix de la r\u00e9paration ne soit pas disproportionn\u00e9 par rap- port \u00e0 la valeur et au prix d\u2019achat du produit.<\/p>\n<p>Si le prix de la r\u00e9paration appara\u00eet disproportionn\u00e9, Valcucine remplacera alors le produit. Dans ce cas, Valcucine et\/ou le Revendeur auront le droit de retirer le produit remplac\u00e9 et d\u2019en r\u00e9acqu\u00e9rir la propri\u00e9t\u00e9. Valcucine aura le droit de remplacer le produit d\u00e9fectueux par un mod\u00e8le plus r\u00e9cent ayant une qualit\u00e9 et un rendement \u00e9gaux, quand cela est compatible.<\/p>\n<p>Les interventions seront effectu\u00e9es dans un laps de temps raisonnable \u00e0 compter de la date de r\u00e9ception de la demande (et de la documentation compl\u00e8te), qui sera d\u00e9termin\u00e9 par Valcucine.<\/p>\n<p>Pour les interventions sous garantie hors d\u2019Italie, mais dans un pays de l\u2019Union Europ\u00e9enne, Valcucine paiera les frais de transport du mat\u00e9riel de remplacement uniquement jusqu\u2019au magasin du Revendeur Agr\u00e9\u00e9 chez qui le consommateur a achet\u00e9 les produits, les frais de transport restants seront \u00e0 la charge du consommateur. Pour les interventions sous garantie dans un pays hors de l\u2019Union Europ\u00e9enne, Valcucine mettra \u00e0 disposition le mat\u00e9riel franco usine. En cons\u00e9quence, le transport sera \u00e0 la charge du consommateur et\/ou du Revendeur chez qui le produit a \u00e9t\u00e9 achet\u00e9.<\/p>\n<p>7) Informations sur la confidentialit\u00e9<br \/>\nAux termes du D\u00e9cret L\u00e9gislatif n\u00b0 196\/2003 \u00ab Code en mati\u00e8re de protection des donn\u00e9es \u00e0 caract\u00e8re personnel \u00bb, successivement compl\u00e9t\u00e9 et modifi\u00e9 (ciapr\u00e8s d\u00e9nomm\u00e9 le \u00ab Code de confidentialit\u00e9 \u00bb), le traitement des donn\u00e9es \u00e0 caract\u00e8re personnel du consommateur collect\u00e9es par Valcucine, propri\u00e9taire du traitement, est effectu\u00e9 tant par des moyens \u00e9lectroniques et automatis\u00e9s que manuels, avec l\u2019application de mesures de s\u00e9curit\u00e9 ad\u00e9quates pour la protection et pour la confidentialit\u00e9 des donn\u00e9es et exclusivement pour l\u2019ex\u00e9cution des obligations contractuelles ou l\u00e9gales, dans le but de faire b\u00e9n\u00e9ficier au consommateur la pr\u00e9sente garantie et de faciliter l\u2019intervention du centre d\u2019assistance technique agr\u00e9\u00e9. La fourniture des donn\u00e9es est n\u00e9cessaire \u00e0 telles fins et le refus \u00e9ventuel de fournir les donn\u00e9es requises au d\u00e9but ou au cours du rapport contractuel, pourrait impliquer l\u2019impossibilit\u00e9, de la part de Valcucine, d\u2019activer les prestations de la garantie en faveur du consommateur.<\/p>\n<p>Les donn\u00e9es collect\u00e9es par Valcucine et\/ou fournies par le consommateur, puis utilis\u00e9es par Valcucine moyennant des outils et des proc\u00e9dures t\u00e9l\u00e9matiques conform\u00e9ment aux normes du Code de la Confidentialit\u00e9, pourront \u00eatre ins\u00e9r\u00e9es dans une base de donn\u00e9es \u00e9lectronique ou d\u2019un autre type, de propri\u00e9t\u00e9 de Valcucine, pour les finalit\u00e9s directement li\u00e9es \u00e0 l\u2019activit\u00e9 de Valcucine et \u00e0 la distribution et \u00e0 la gestion des services de la pr\u00e9sente garantie.<\/p>\n<p>Les donn\u00e9es personnelles du consommateur pourront \u00eatre communiqu\u00e9es ou fournies aux cat\u00e9gories de personnes suivantes: personnes auxquelles le droit d\u2019acc\u00e9der aux donn\u00e9es est accord\u00e9 par des dispositions de loi ou par des r\u00e8glements; instituts de cr\u00e9dits pour la gestion des encaissements et des paiements, instituts financiers, compagnies d\u2019assurances et audit; soci\u00e9t\u00e9s de recouvrement de cr\u00e9ances ; cabinets de conseiller fiscal, administratif et l\u00e9gal; soci\u00e9t\u00e9s de traitement de donn\u00e9es et services informatiques; soci\u00e9t\u00e9s qui effectuent le service d\u2019envoi de la correspondance; soci\u00e9t\u00e9s li\u00e9es, contr\u00f4l\u00e9es ou contr\u00f4lantes.<br \/>\nLes donn\u00e9es ne seront jamais diffus\u00e9es sans l\u2019accord explicite de la part du consommateur.<\/p>\n<p>En relation au traitement des donn\u00e9es \u00e0 caract\u00e8re personnel, aux termes de l\u2019Art. 7 du Code de Confidentialit\u00e9, le consommateur a le droit, entre autre, d\u2019obtenir de la part de Valcucine : a) la confirmation de l\u2019existence de ses propres donn\u00e9es personnelles et la communication, sous forme compr\u00e9hensible, de celles-ci et de leur origine et des modalit\u00e9s de traitement; b) la suppression, la transformation sous forme anonyme ou le blocage des donn\u00e9es trait\u00e9es en violation de la loi; c) la mise \u00e0 jour, la rectification, voire l\u2019ajout de donn\u00e9es si cela est dans son int\u00e9r\u00eat.En outre, le consommateur a le droit de s\u2019opposer, pour des raisons l\u00e9gitimes, au traitement des donn\u00e9es personnelles qui le concernent.<\/p>\n<p>8) Droit applicable et controverses<br \/>\nLa pr\u00e9sente garantie et toute controverse de nature contractuelle ou extracon- tractuelle li\u00e9e aux produits et\/ou aux dommages d\u00e9rivant des produits seront r\u00e9gies par la loi italienne.<br \/>\nToutes les controverses d\u00e9rivant de l\u2019interpr\u00e9tation et\/ou de l\u2019application de la pr\u00e9sente garantie et\/ou de contestations relativement aux vices concernant la qualit\u00e9 du produit et\/ou aux dommages provoqu\u00e9s par le produit, seront soumises \u00e0 la comp\u00e9tence exclusive du tribunal de Pordenone (Italie).<\/p>\n<p>9) Droits ind\u00e9rogeables<br \/>\nInd\u00e9pendamment de ce qui est pr\u00e9vu dans la pr\u00e9sente garantie, le consomma- teur pourra exercer les droits et les facult\u00e9s pr\u00e9vus par la loi en vigueur pour la vente des biens de consommation, qui ne sont en aucun compromis par les pr\u00e9sentes conditions g\u00e9n\u00e9rales.<\/p>\n<p>Si vous cliquez sur le lien\u00a0www.valcucine.com\/fr\/services\/maintenance\/\u00a0vous trouverez une section d\u00e9di\u00e9e \u00e0 l\u2019entretien de votre cuisine avec des conseils utiles pour conserver au mieux vos meubles le plus longtemps possible.[\/vc_column_text][\/vc_column][\/vc_row][vc_row css=\u00a0\u00bb.vc_custom_1710835507135{margin-bottom: 40px !important;}\u00a0\u00bb][vc_column][vc_separator color=\u00a0\u00bbcustom\u00a0\u00bb el_width=\u00a0\u00bb10&Prime; accent_color=\u00a0\u00bb#666666&Prime;][\/vc_column][\/vc_row]<\/p>\n<\/div>","protected":false},"excerpt":{"rendered":"<p>[vc_row][vc_column][\/vc_column][\/vc_row][vc_row][vc_column][vc_column_text]\u200bLes garanties sur les produits Valcucine sont d\u00e9livr\u00e9es par Valcucine S.p.A., dont le si\u00e8ge social est sis Via L. Savio n. 11, 33170 Pordenone, Italie, inscrite au Registre des Entreprises de Pordenone sous le num\u00e9ro d\u2019inscription et N\u00b0 de T.V.A. 00407160936 (ci-apr\u00e8s d\u00e9nomm\u00e9e \u00ab Valcucine \u00bb), sous r\u00e9serve des obligations pr\u00e9vues par la loi \u00e0 [&hellip;]<\/p>\n","protected":false},"author":1,"featured_media":0,"parent":12445,"menu_order":0,"comment_status":"closed","ping_status":"closed","template":"","meta":{"footnotes":""},"class_list":["post-12453","page","type-page","status-publish","hentry"],"yoast_head":"<!-- This site is optimized with the Yoast SEO plugin v26.2 - https:\/\/yoast.com\/wordpress\/plugins\/seo\/ -->\n<title>Garantie de 2 ans - Valcucine<\/title>\n<meta name=\"robots\" content=\"index, follow, max-snippet:-1, max-image-preview:large, max-video-preview:-1\" \/>\n<link rel=\"canonical\" href=\"https:\/\/www.valcucine.com\/fr\/service-clients\/garantie-valcucine\/garantie-du-produit\/\" \/>\n<meta property=\"og:locale\" content=\"fr_FR\" \/>\n<meta property=\"og:type\" content=\"article\" \/>\n<meta property=\"og:title\" content=\"Garantie de 2 ans - Valcucine\" \/>\n<meta property=\"og:description\" content=\"[vc_row][vc_column][\/vc_column][\/vc_row][vc_row][vc_column][vc_column_text]\u200bLes garanties sur les produits Valcucine sont d\u00e9livr\u00e9es par Valcucine S.p.A., dont le si\u00e8ge social est sis Via L. Savio n. 11, 33170 Pordenone, Italie, inscrite au Registre des Entreprises de Pordenone sous le num\u00e9ro d\u2019inscription et N\u00b0 de T.V.A. 00407160936 (ci-apr\u00e8s d\u00e9nomm\u00e9e \u00ab Valcucine \u00bb), sous r\u00e9serve des obligations pr\u00e9vues par la loi \u00e0 [&hellip;]\" \/>\n<meta property=\"og:url\" content=\"https:\/\/www.valcucine.com\/fr\/service-clients\/garantie-valcucine\/garantie-du-produit\/\" \/>\n<meta property=\"og:site_name\" content=\"Valcucine\" \/>\n<meta property=\"article:publisher\" content=\"https:\/\/www.facebook.com\/valcucine\/\" \/>\n<meta property=\"article:modified_time\" content=\"2025-06-04T14:00:53+00:00\" \/>\n<meta name=\"twitter:card\" content=\"summary_large_image\" \/>\n<meta name=\"twitter:label1\" content=\"Dur\u00e9e de lecture estim\u00e9e\" \/>\n\t<meta name=\"twitter:data1\" content=\"8 minutes\" \/>\n<script type=\"application\/ld+json\" class=\"yoast-schema-graph\">{\"@context\":\"https:\/\/schema.org\",\"@graph\":[{\"@type\":\"WebPage\",\"@id\":\"https:\/\/www.valcucine.com\/fr\/service-clients\/garantie-valcucine\/garantie-du-produit\/\",\"url\":\"https:\/\/www.valcucine.com\/fr\/service-clients\/garantie-valcucine\/garantie-du-produit\/\",\"name\":\"Garantie de 2 ans - Valcucine\",\"isPartOf\":{\"@id\":\"https:\/\/www.valcucine.com\/#website\"},\"datePublished\":\"2024-03-12T13:24:38+00:00\",\"dateModified\":\"2025-06-04T14:00:53+00:00\",\"breadcrumb\":{\"@id\":\"https:\/\/www.valcucine.com\/fr\/service-clients\/garantie-valcucine\/garantie-du-produit\/#breadcrumb\"},\"inLanguage\":\"fr-FR\",\"potentialAction\":[{\"@type\":\"ReadAction\",\"target\":[\"https:\/\/www.valcucine.com\/fr\/service-clients\/garantie-valcucine\/garantie-du-produit\/\"]}]},{\"@type\":\"BreadcrumbList\",\"@id\":\"https:\/\/www.valcucine.com\/fr\/service-clients\/garantie-valcucine\/garantie-du-produit\/#breadcrumb\",\"itemListElement\":[{\"@type\":\"ListItem\",\"position\":1,\"name\":\"Valcucine\",\"item\":\"https:\/\/www.valcucine.com\/fr\/\"},{\"@type\":\"ListItem\",\"position\":2,\"name\":\"Services\",\"item\":\"https:\/\/www.valcucine.com\/fr\/service-clients\/\"},{\"@type\":\"ListItem\",\"position\":3,\"name\":\"Valcucine Garantie\",\"item\":\"https:\/\/www.valcucine.com\/fr\/service-clients\/garantie-valcucine\/\"},{\"@type\":\"ListItem\",\"position\":4,\"name\":\"Garantie de 2 ans\"}]},{\"@type\":\"WebSite\",\"@id\":\"https:\/\/www.valcucine.com\/#website\",\"url\":\"https:\/\/www.valcucine.com\/\",\"name\":\"Valcucine\",\"description\":\"\",\"publisher\":{\"@id\":\"https:\/\/www.valcucine.com\/#organization\"},\"potentialAction\":[{\"@type\":\"SearchAction\",\"target\":{\"@type\":\"EntryPoint\",\"urlTemplate\":\"https:\/\/www.valcucine.com\/?s={search_term_string}\"},\"query-input\":{\"@type\":\"PropertyValueSpecification\",\"valueRequired\":true,\"valueName\":\"search_term_string\"}}],\"inLanguage\":\"fr-FR\"},{\"@type\":\"Organization\",\"@id\":\"https:\/\/www.valcucine.com\/#organization\",\"name\":\"Valcucine\",\"url\":\"https:\/\/www.valcucine.com\/\",\"logo\":{\"@type\":\"ImageObject\",\"inLanguage\":\"fr-FR\",\"@id\":\"https:\/\/www.valcucine.com\/#\/schema\/logo\/image\/\",\"url\":\"https:\/\/www.valcucine.com\/wp-content\/uploads\/2024\/02\/logo-valcucine.webp?wsr\",\"contentUrl\":\"https:\/\/www.valcucine.com\/wp-content\/uploads\/2024\/02\/logo-valcucine.webp?wsr\",\"width\":288,\"height\":46,\"caption\":\"Valcucine\"},\"image\":{\"@id\":\"https:\/\/www.valcucine.com\/#\/schema\/logo\/image\/\"},\"sameAs\":[\"https:\/\/www.facebook.com\/valcucine\/\",\"https:\/\/www.instagram.com\/valcucine\/\",\"https:\/\/www.linkedin.com\/company\/valcucine\"]}]}<\/script>\n<!-- \/ Yoast SEO plugin. -->","yoast_head_json":{"title":"Garantie de 2 ans - Valcucine","robots":{"index":"index","follow":"follow","max-snippet":"max-snippet:-1","max-image-preview":"max-image-preview:large","max-video-preview":"max-video-preview:-1"},"canonical":"https:\/\/www.valcucine.com\/fr\/service-clients\/garantie-valcucine\/garantie-du-produit\/","og_locale":"fr_FR","og_type":"article","og_title":"Garantie de 2 ans - Valcucine","og_description":"[vc_row][vc_column][\/vc_column][\/vc_row][vc_row][vc_column][vc_column_text]\u200bLes garanties sur les produits Valcucine sont d\u00e9livr\u00e9es par Valcucine S.p.A., dont le si\u00e8ge social est sis Via L. Savio n. 11, 33170 Pordenone, Italie, inscrite au Registre des Entreprises de Pordenone sous le num\u00e9ro d\u2019inscription et N\u00b0 de T.V.A. 00407160936 (ci-apr\u00e8s d\u00e9nomm\u00e9e \u00ab Valcucine \u00bb), sous r\u00e9serve des obligations pr\u00e9vues par la loi \u00e0 [&hellip;]","og_url":"https:\/\/www.valcucine.com\/fr\/service-clients\/garantie-valcucine\/garantie-du-produit\/","og_site_name":"Valcucine","article_publisher":"https:\/\/www.facebook.com\/valcucine\/","article_modified_time":"2025-06-04T14:00:53+00:00","twitter_card":"summary_large_image","twitter_misc":{"Dur\u00e9e de lecture estim\u00e9e":"8 minutes"},"schema":{"@context":"https:\/\/schema.org","@graph":[{"@type":"WebPage","@id":"https:\/\/www.valcucine.com\/fr\/service-clients\/garantie-valcucine\/garantie-du-produit\/","url":"https:\/\/www.valcucine.com\/fr\/service-clients\/garantie-valcucine\/garantie-du-produit\/","name":"Garantie de 2 ans - Valcucine","isPartOf":{"@id":"https:\/\/www.valcucine.com\/#website"},"datePublished":"2024-03-12T13:24:38+00:00","dateModified":"2025-06-04T14:00:53+00:00","breadcrumb":{"@id":"https:\/\/www.valcucine.com\/fr\/service-clients\/garantie-valcucine\/garantie-du-produit\/#breadcrumb"},"inLanguage":"fr-FR","potentialAction":[{"@type":"ReadAction","target":["https:\/\/www.valcucine.com\/fr\/service-clients\/garantie-valcucine\/garantie-du-produit\/"]}]},{"@type":"BreadcrumbList","@id":"https:\/\/www.valcucine.com\/fr\/service-clients\/garantie-valcucine\/garantie-du-produit\/#breadcrumb","itemListElement":[{"@type":"ListItem","position":1,"name":"Valcucine","item":"https:\/\/www.valcucine.com\/fr\/"},{"@type":"ListItem","position":2,"name":"Services","item":"https:\/\/www.valcucine.com\/fr\/service-clients\/"},{"@type":"ListItem","position":3,"name":"Valcucine Garantie","item":"https:\/\/www.valcucine.com\/fr\/service-clients\/garantie-valcucine\/"},{"@type":"ListItem","position":4,"name":"Garantie de 2 ans"}]},{"@type":"WebSite","@id":"https:\/\/www.valcucine.com\/#website","url":"https:\/\/www.valcucine.com\/","name":"Valcucine","description":"","publisher":{"@id":"https:\/\/www.valcucine.com\/#organization"},"potentialAction":[{"@type":"SearchAction","target":{"@type":"EntryPoint","urlTemplate":"https:\/\/www.valcucine.com\/?s={search_term_string}"},"query-input":{"@type":"PropertyValueSpecification","valueRequired":true,"valueName":"search_term_string"}}],"inLanguage":"fr-FR"},{"@type":"Organization","@id":"https:\/\/www.valcucine.com\/#organization","name":"Valcucine","url":"https:\/\/www.valcucine.com\/","logo":{"@type":"ImageObject","inLanguage":"fr-FR","@id":"https:\/\/www.valcucine.com\/#\/schema\/logo\/image\/","url":"https:\/\/www.valcucine.com\/wp-content\/uploads\/2024\/02\/logo-valcucine.webp?wsr","contentUrl":"https:\/\/www.valcucine.com\/wp-content\/uploads\/2024\/02\/logo-valcucine.webp?wsr","width":288,"height":46,"caption":"Valcucine"},"image":{"@id":"https:\/\/www.valcucine.com\/#\/schema\/logo\/image\/"},"sameAs":["https:\/\/www.facebook.com\/valcucine\/","https:\/\/www.instagram.com\/valcucine\/","https:\/\/www.linkedin.com\/company\/valcucine"]}]}},"_links":{"self":[{"href":"https:\/\/www.valcucine.com\/fr\/wp-json\/wp\/v2\/pages\/12453","targetHints":{"allow":["GET"]}}],"collection":[{"href":"https:\/\/www.valcucine.com\/fr\/wp-json\/wp\/v2\/pages"}],"about":[{"href":"https:\/\/www.valcucine.com\/fr\/wp-json\/wp\/v2\/types\/page"}],"author":[{"embeddable":true,"href":"https:\/\/www.valcucine.com\/fr\/wp-json\/wp\/v2\/users\/1"}],"replies":[{"embeddable":true,"href":"https:\/\/www.valcucine.com\/fr\/wp-json\/wp\/v2\/comments?post=12453"}],"version-history":[{"count":3,"href":"https:\/\/www.valcucine.com\/fr\/wp-json\/wp\/v2\/pages\/12453\/revisions"}],"predecessor-version":[{"id":12456,"href":"https:\/\/www.valcucine.com\/fr\/wp-json\/wp\/v2\/pages\/12453\/revisions\/12456"}],"up":[{"embeddable":true,"href":"https:\/\/www.valcucine.com\/fr\/wp-json\/wp\/v2\/pages\/12445"}],"wp:attachment":[{"href":"https:\/\/www.valcucine.com\/fr\/wp-json\/wp\/v2\/media?parent=12453"}],"curies":[{"name":"wp","href":"https:\/\/api.w.org\/{rel}","templated":true}]}}