{"id":12463,"date":"2024-03-12T13:57:32","date_gmt":"2024-03-12T13:57:32","guid":{"rendered":"https:\/\/devel.valcucine.com\/servizi-cliente\/entretien\/acciaio-inossidabile\/"},"modified":"2025-06-04T14:06:55","modified_gmt":"2025-06-04T14:06:55","slug":"acier-inoxydable","status":"publish","type":"page","link":"https:\/\/www.valcucine.com\/fr\/service-clients\/entretien\/acier-inoxydable\/","title":{"rendered":"Acier Inoxydable"},"content":{"rendered":"<div class=\"wpb-content-wrapper\"><p>[vc_row][vc_column]\n        \n        <h1 class=\"text-start  main__title__h1  vc_custom_1716884339796 \" style=\"color:#333333;\"> \n\n         Acier Inoxydable\n        \n        <\/h1>[\/vc_column][\/vc_row][vc_row][vc_column][vc_column_text]Acier Inox<br \/>\nAcier Inox Anti-Traces de doigts<br \/>\nAcier Inox V\u00e9cu<br \/>\nAcier Inox Touch<br \/>\nAcier Inox Aspect \u00c9tain[\/vc_column_text][\/vc_column][\/vc_row][vc_row][vc_column][vc_single_image image=\u00a0\u00bb3885&Prime; img_size=\u00a0\u00bb50&#215;50&Prime;][\/vc_column][\/vc_row][vc_row][vc_column][vc_column_text]Pour le nettoyage quotidien, utilisez des produits multiusages.<\/p>\n<p>Pour \u00e9liminer le calcaire, utilisez des produits anticalcaires sp\u00e9cifiques pour l\u2019inox.<\/p>\n<p>Pour l\u2019Acier Inox et l\u2019Acier Inox V\u00e9cu, en cas de taches plus r\u00e9sistantes, il est possible d\u2019intervenir avec des cr\u00e8mes sp\u00e9cifiques pour le nettoyage de l\u2019inox, en ayant soin d\u2019utiliser ces produits sur toute la surface afin d\u2019\u00e9viter la formation de zone avec une brillance diff\u00e9rente.<\/p>\n<p>Pour l&rsquo;Acier Inox Aspect \u00c9tain nous recommandons de nettoyer les surfaces avec un d\u00e9tergent neutre normal et un chiffon en coton ou en microfibres et de l&rsquo;eau ti\u00e8de. Vous pouvez \u00e9galement utiliser un m\u00e9lange d&rsquo;eau et d&rsquo;alcool \u00e0 10-15 %. Rincer et s\u00e9cher.<\/p>\n<p>Quel que soit le produit utilis\u00e9 pour le nettoyage, il est toujours n\u00e9cessaire de rincer abondamment la surface et de l\u2019essuyer compl\u00e8tement avec un chiffon propre pour \u00e9viter la formation d\u2019aur\u00e9oles.<\/p>\n<p>Pour garder la surface dans de bonnes conditions, nous recommandons de toujours utiliser des \u00e9ponges et des chiffons doux non abrasifs.[\/vc_column_text][\/vc_column][\/vc_row][vc_row][vc_column][vc_single_image image=\u00a0\u00bb3891&Prime; img_size=\u00a0\u00bb50&#215;50&Prime;][\/vc_column][\/vc_row][vc_row css=\u00a0\u00bb.vc_custom_1710773327134{margin-bottom: 40px !important;}\u00a0\u00bb][vc_column][vc_column_text]N\u2019utilisez pas de poudres ni de produits abrasifs qui rayeraient la surface.<\/p>\n<p>Pour cette m\u00eame raison, n\u2019utilisez pas de chiffons r\u00eaches, de pailles de fer ni d\u2019\u00e9ponges abrasives.<\/p>\n<p>N\u2019utilisez pas de produits de nettoyage \u00e0 base d\u2019eau de Javel ou d\u2019ammoniaque.<\/p>\n<p>\u00c9vitez le contact prolong\u00e9 avec des substances acides comme le citron, le vinaigre, le vin, la tomate, etc. parce<\/p>\n<p>qu\u2019elles cr\u00e9ent des taches avec une brillance diff\u00e9rente, qui s\u2019\u00e9liminent difficilement.<\/p>\n<p>En cas d\u2019Acier Inox finition \u00ab touch \u00bb et \u00ab anti-traces de doigts \u00bb, n\u2019utilisez pas de produits \u00e0 base d\u2019ac\u00e9tone ni de solvants.<\/p>\n<p>En cas d&rsquo;Acier Inox Aspect \u00c9tain\u00a0\u00e9vitez de rayer la surface en la nettoyant avec des produits abrasifs ou des objets pointus qui pourraient l&rsquo;endommager profond\u00e9ment. Les produits contenant des agents d\u00e9soxydants doivent absolument \u00eatre \u00e9vit\u00e9s lors du nettoyage car ils enl\u00e8veraient l&rsquo;oxyde de chrome qui caract\u00e9rise le produit\u00a0; L\u2019eau de Javel, l&rsquo;ammoniaque, les solvants agressifs en g\u00e9n\u00e9ral et les poudres et p\u00e2tes abrasives.<\/p>\n<p>Ne rangez pas sous l\u2019\u00e9vier, ou \u00e0 proximit\u00e9 de la surface en inox, de bo\u00eetes ou de flacons de produits chimiques non ad\u00e9quatement ferm\u00e9s (par exemple : sel, acide muriatique, produits pour l\u2019\u00e9coulement, etc.) car leur exhalaison pourrait ab\u00eemer la surface et corroder le m\u00e9tal.[\/vc_column_text][\/vc_column][\/vc_row]<\/p>\n<\/div>","protected":false},"excerpt":{"rendered":"<p>[vc_row][vc_column][\/vc_column][\/vc_row][vc_row][vc_column][vc_column_text]Acier Inox Acier Inox Anti-Traces de doigts Acier Inox V\u00e9cu Acier Inox Touch Acier Inox Aspect \u00c9tain[\/vc_column_text][\/vc_column][\/vc_row][vc_row][vc_column][vc_single_image image=\u00a0\u00bb3885&Prime; img_size=\u00a0\u00bb50&#215;50&Prime;][\/vc_column][\/vc_row][vc_row][vc_column][vc_column_text]Pour le nettoyage quotidien, utilisez des produits multiusages. Pour \u00e9liminer le calcaire, utilisez des produits anticalcaires sp\u00e9cifiques pour l\u2019inox. Pour l\u2019Acier Inox et l\u2019Acier Inox V\u00e9cu, en cas de taches plus r\u00e9sistantes, il est possible d\u2019intervenir avec [&hellip;]<\/p>\n","protected":false},"author":1,"featured_media":0,"parent":12458,"menu_order":0,"comment_status":"closed","ping_status":"closed","template":"page-maintenancetemplate.php","meta":{"footnotes":""},"class_list":["post-12463","page","type-page","status-publish","hentry"],"yoast_head":"<!-- This site is optimized with the Yoast SEO plugin v26.2 - https:\/\/yoast.com\/wordpress\/plugins\/seo\/ -->\n<title>Acier Inoxydable - Valcucine<\/title>\n<meta name=\"description\" content=\"D\u00e9couvrez les meilleures m\u00e9thodes pour entretenir l\u2019acier inoxydable de votre cuisine Valcucine et pr\u00e9server son \u00e9cla\" \/>\n<meta name=\"robots\" content=\"index, follow, max-snippet:-1, max-image-preview:large, max-video-preview:-1\" \/>\n<link rel=\"canonical\" href=\"https:\/\/www.valcucine.com\/fr\/service-clients\/entretien\/acier-inoxydable\/\" \/>\n<meta property=\"og:locale\" content=\"fr_FR\" \/>\n<meta property=\"og:type\" content=\"article\" \/>\n<meta property=\"og:title\" content=\"Acier Inoxydable - Valcucine\" \/>\n<meta property=\"og:description\" content=\"D\u00e9couvrez les meilleures m\u00e9thodes pour entretenir l\u2019acier inoxydable de votre cuisine Valcucine et pr\u00e9server son \u00e9cla\" \/>\n<meta property=\"og:url\" content=\"https:\/\/www.valcucine.com\/fr\/service-clients\/entretien\/acier-inoxydable\/\" \/>\n<meta property=\"og:site_name\" content=\"Valcucine\" \/>\n<meta property=\"article:publisher\" content=\"https:\/\/www.facebook.com\/valcucine\/\" \/>\n<meta property=\"article:modified_time\" content=\"2025-06-04T14:06:55+00:00\" \/>\n<meta name=\"twitter:card\" content=\"summary_large_image\" \/>\n<meta name=\"twitter:label1\" content=\"Dur\u00e9e de lecture estim\u00e9e\" \/>\n\t<meta name=\"twitter:data1\" content=\"3 minutes\" \/>\n<script type=\"application\/ld+json\" class=\"yoast-schema-graph\">{\"@context\":\"https:\/\/schema.org\",\"@graph\":[{\"@type\":\"WebPage\",\"@id\":\"https:\/\/www.valcucine.com\/fr\/service-clients\/entretien\/acier-inoxydable\/\",\"url\":\"https:\/\/www.valcucine.com\/fr\/service-clients\/entretien\/acier-inoxydable\/\",\"name\":\"Acier Inoxydable - Valcucine\",\"isPartOf\":{\"@id\":\"https:\/\/www.valcucine.com\/#website\"},\"datePublished\":\"2024-03-12T13:57:32+00:00\",\"dateModified\":\"2025-06-04T14:06:55+00:00\",\"description\":\"D\u00e9couvrez les meilleures m\u00e9thodes pour entretenir l\u2019acier inoxydable de votre cuisine Valcucine et pr\u00e9server son \u00e9cla\",\"breadcrumb\":{\"@id\":\"https:\/\/www.valcucine.com\/fr\/service-clients\/entretien\/acier-inoxydable\/#breadcrumb\"},\"inLanguage\":\"fr-FR\",\"potentialAction\":[{\"@type\":\"ReadAction\",\"target\":[\"https:\/\/www.valcucine.com\/fr\/service-clients\/entretien\/acier-inoxydable\/\"]}]},{\"@type\":\"BreadcrumbList\",\"@id\":\"https:\/\/www.valcucine.com\/fr\/service-clients\/entretien\/acier-inoxydable\/#breadcrumb\",\"itemListElement\":[{\"@type\":\"ListItem\",\"position\":1,\"name\":\"Valcucine\",\"item\":\"https:\/\/www.valcucine.com\/fr\/\"},{\"@type\":\"ListItem\",\"position\":2,\"name\":\"Services\",\"item\":\"https:\/\/www.valcucine.com\/fr\/service-clients\/\"},{\"@type\":\"ListItem\",\"position\":3,\"name\":\"Maintenance\",\"item\":\"https:\/\/www.valcucine.com\/fr\/service-clients\/entretien\/\"},{\"@type\":\"ListItem\",\"position\":4,\"name\":\"Acier Inoxydable\"}]},{\"@type\":\"WebSite\",\"@id\":\"https:\/\/www.valcucine.com\/#website\",\"url\":\"https:\/\/www.valcucine.com\/\",\"name\":\"Valcucine\",\"description\":\"\",\"publisher\":{\"@id\":\"https:\/\/www.valcucine.com\/#organization\"},\"potentialAction\":[{\"@type\":\"SearchAction\",\"target\":{\"@type\":\"EntryPoint\",\"urlTemplate\":\"https:\/\/www.valcucine.com\/?s={search_term_string}\"},\"query-input\":{\"@type\":\"PropertyValueSpecification\",\"valueRequired\":true,\"valueName\":\"search_term_string\"}}],\"inLanguage\":\"fr-FR\"},{\"@type\":\"Organization\",\"@id\":\"https:\/\/www.valcucine.com\/#organization\",\"name\":\"Valcucine\",\"url\":\"https:\/\/www.valcucine.com\/\",\"logo\":{\"@type\":\"ImageObject\",\"inLanguage\":\"fr-FR\",\"@id\":\"https:\/\/www.valcucine.com\/#\/schema\/logo\/image\/\",\"url\":\"https:\/\/www.valcucine.com\/wp-content\/uploads\/2024\/02\/logo-valcucine.webp?wsr\",\"contentUrl\":\"https:\/\/www.valcucine.com\/wp-content\/uploads\/2024\/02\/logo-valcucine.webp?wsr\",\"width\":288,\"height\":46,\"caption\":\"Valcucine\"},\"image\":{\"@id\":\"https:\/\/www.valcucine.com\/#\/schema\/logo\/image\/\"},\"sameAs\":[\"https:\/\/www.facebook.com\/valcucine\/\",\"https:\/\/www.instagram.com\/valcucine\/\",\"https:\/\/www.linkedin.com\/company\/valcucine\"]}]}<\/script>\n<!-- \/ Yoast SEO plugin. -->","yoast_head_json":{"title":"Acier Inoxydable - Valcucine","description":"D\u00e9couvrez les meilleures m\u00e9thodes pour entretenir l\u2019acier inoxydable de votre cuisine Valcucine et pr\u00e9server son \u00e9cla","robots":{"index":"index","follow":"follow","max-snippet":"max-snippet:-1","max-image-preview":"max-image-preview:large","max-video-preview":"max-video-preview:-1"},"canonical":"https:\/\/www.valcucine.com\/fr\/service-clients\/entretien\/acier-inoxydable\/","og_locale":"fr_FR","og_type":"article","og_title":"Acier Inoxydable - Valcucine","og_description":"D\u00e9couvrez les meilleures m\u00e9thodes pour entretenir l\u2019acier inoxydable de votre cuisine Valcucine et pr\u00e9server son \u00e9cla","og_url":"https:\/\/www.valcucine.com\/fr\/service-clients\/entretien\/acier-inoxydable\/","og_site_name":"Valcucine","article_publisher":"https:\/\/www.facebook.com\/valcucine\/","article_modified_time":"2025-06-04T14:06:55+00:00","twitter_card":"summary_large_image","twitter_misc":{"Dur\u00e9e de lecture estim\u00e9e":"3 minutes"},"schema":{"@context":"https:\/\/schema.org","@graph":[{"@type":"WebPage","@id":"https:\/\/www.valcucine.com\/fr\/service-clients\/entretien\/acier-inoxydable\/","url":"https:\/\/www.valcucine.com\/fr\/service-clients\/entretien\/acier-inoxydable\/","name":"Acier Inoxydable - Valcucine","isPartOf":{"@id":"https:\/\/www.valcucine.com\/#website"},"datePublished":"2024-03-12T13:57:32+00:00","dateModified":"2025-06-04T14:06:55+00:00","description":"D\u00e9couvrez les meilleures m\u00e9thodes pour entretenir l\u2019acier inoxydable de votre cuisine Valcucine et pr\u00e9server son \u00e9cla","breadcrumb":{"@id":"https:\/\/www.valcucine.com\/fr\/service-clients\/entretien\/acier-inoxydable\/#breadcrumb"},"inLanguage":"fr-FR","potentialAction":[{"@type":"ReadAction","target":["https:\/\/www.valcucine.com\/fr\/service-clients\/entretien\/acier-inoxydable\/"]}]},{"@type":"BreadcrumbList","@id":"https:\/\/www.valcucine.com\/fr\/service-clients\/entretien\/acier-inoxydable\/#breadcrumb","itemListElement":[{"@type":"ListItem","position":1,"name":"Valcucine","item":"https:\/\/www.valcucine.com\/fr\/"},{"@type":"ListItem","position":2,"name":"Services","item":"https:\/\/www.valcucine.com\/fr\/service-clients\/"},{"@type":"ListItem","position":3,"name":"Maintenance","item":"https:\/\/www.valcucine.com\/fr\/service-clients\/entretien\/"},{"@type":"ListItem","position":4,"name":"Acier Inoxydable"}]},{"@type":"WebSite","@id":"https:\/\/www.valcucine.com\/#website","url":"https:\/\/www.valcucine.com\/","name":"Valcucine","description":"","publisher":{"@id":"https:\/\/www.valcucine.com\/#organization"},"potentialAction":[{"@type":"SearchAction","target":{"@type":"EntryPoint","urlTemplate":"https:\/\/www.valcucine.com\/?s={search_term_string}"},"query-input":{"@type":"PropertyValueSpecification","valueRequired":true,"valueName":"search_term_string"}}],"inLanguage":"fr-FR"},{"@type":"Organization","@id":"https:\/\/www.valcucine.com\/#organization","name":"Valcucine","url":"https:\/\/www.valcucine.com\/","logo":{"@type":"ImageObject","inLanguage":"fr-FR","@id":"https:\/\/www.valcucine.com\/#\/schema\/logo\/image\/","url":"https:\/\/www.valcucine.com\/wp-content\/uploads\/2024\/02\/logo-valcucine.webp?wsr","contentUrl":"https:\/\/www.valcucine.com\/wp-content\/uploads\/2024\/02\/logo-valcucine.webp?wsr","width":288,"height":46,"caption":"Valcucine"},"image":{"@id":"https:\/\/www.valcucine.com\/#\/schema\/logo\/image\/"},"sameAs":["https:\/\/www.facebook.com\/valcucine\/","https:\/\/www.instagram.com\/valcucine\/","https:\/\/www.linkedin.com\/company\/valcucine"]}]}},"_links":{"self":[{"href":"https:\/\/www.valcucine.com\/fr\/wp-json\/wp\/v2\/pages\/12463","targetHints":{"allow":["GET"]}}],"collection":[{"href":"https:\/\/www.valcucine.com\/fr\/wp-json\/wp\/v2\/pages"}],"about":[{"href":"https:\/\/www.valcucine.com\/fr\/wp-json\/wp\/v2\/types\/page"}],"author":[{"embeddable":true,"href":"https:\/\/www.valcucine.com\/fr\/wp-json\/wp\/v2\/users\/1"}],"replies":[{"embeddable":true,"href":"https:\/\/www.valcucine.com\/fr\/wp-json\/wp\/v2\/comments?post=12463"}],"version-history":[{"count":2,"href":"https:\/\/www.valcucine.com\/fr\/wp-json\/wp\/v2\/pages\/12463\/revisions"}],"predecessor-version":[{"id":12464,"href":"https:\/\/www.valcucine.com\/fr\/wp-json\/wp\/v2\/pages\/12463\/revisions\/12464"}],"up":[{"embeddable":true,"href":"https:\/\/www.valcucine.com\/fr\/wp-json\/wp\/v2\/pages\/12458"}],"wp:attachment":[{"href":"https:\/\/www.valcucine.com\/fr\/wp-json\/wp\/v2\/media?parent=12463"}],"curies":[{"name":"wp","href":"https:\/\/api.w.org\/{rel}","templated":true}]}}