{"id":12467,"date":"2024-03-18T11:23:26","date_gmt":"2024-03-18T11:23:26","guid":{"rendered":"https:\/\/devel.valcucine.com\/servizi-cliente\/entretien\/metallo-alluminio\/"},"modified":"2025-06-04T14:10:06","modified_gmt":"2025-06-04T14:10:06","slug":"metal-aluminium","status":"publish","type":"page","link":"https:\/\/www.valcucine.com\/fr\/service-clients\/entretien\/metal-aluminium\/","title":{"rendered":"Aluminium"},"content":{"rendered":"<div class=\"wpb-content-wrapper\"><p>[vc_row][vc_column]\n        \n        <h1 class=\"text-start  main__title__h1  vc_custom_1716884509510 \" style=\"color:#333333;\"> \n\n         Aluminium\n        \n        <\/h1>[\/vc_column][\/vc_row][vc_row][vc_column][vc_column_text]<strong>M\u00e9tal Aluminium Effet Structur\u00e9<br \/>\nM\u00e9tal Aluminium Tactile<\/strong>[\/vc_column_text][\/vc_column][\/vc_row][vc_row][vc_column][vc_single_image image=\u00a0\u00bb3885&Prime; img_size=\u00a0\u00bb50&#215;50&Prime;][\/vc_column][\/vc_row][vc_row][vc_column][vc_column_text]Pour le nettoyage quotidien, utilisez de l\u2019eau et du savon neutre ou des produits multiusages.<\/p>\n<p>Quel que soit le produit utilis\u00e9 sur le plan de travail, il est toujours n\u00e9cessaire de tr\u00e8s bien rincer la surface et de l\u2019essuyer compl\u00e8tement avec un chiffon propre et sec.<br \/>\n\u200b<br \/>\nPour garder la surface dans de bonnes conditions, nous recommandons de toujours utiliser des \u00e9ponges et des chiffons doux non abrasifs.[\/vc_column_text][\/vc_column][\/vc_row][vc_row][vc_column][vc_single_image image=\u00a0\u00bb3891&Prime; img_size=\u00a0\u00bb50&#215;50&Prime;][\/vc_column][\/vc_row][vc_row css=\u00a0\u00bb.vc_custom_1710773267397{margin-bottom: 40px !important;}\u00a0\u00bb][vc_column][vc_column_text]Les substances chimiques comme l\u2019alcool, les produits \u00e0 base d\u2019ac\u00e9tone et les dissolvants pour enlever le vernis \u00e0 ongles peuvent ab\u00eemer irr\u00e9parablement la surface.<\/p>\n<p>N\u2019utilisez pas de poudres, d\u2019\u00e9ponges ou de d\u00e9tergents abrasifs qui pourraient rayer la surface.<\/p>\n<p>En cas d\u2019\u00ab Aluminium Tactile \u00bb, \u00e9vitez le contact prolong\u00e9 avec des substances particuli\u00e8rement color\u00e9es comme le vin, l\u2019encre, le caf\u00e9, etc. qui pourraient former des taches que l\u2019on ne pourra plus \u00e9liminer.[\/vc_column_text][\/vc_column][\/vc_row]<\/p>\n<\/div>","protected":false},"excerpt":{"rendered":"<p>[vc_row][vc_column][\/vc_column][\/vc_row][vc_row][vc_column][vc_column_text]M\u00e9tal Aluminium Effet Structur\u00e9 M\u00e9tal Aluminium Tactile[\/vc_column_text][\/vc_column][\/vc_row][vc_row][vc_column][vc_single_image image=\u00a0\u00bb3885&Prime; img_size=\u00a0\u00bb50&#215;50&Prime;][\/vc_column][\/vc_row][vc_row][vc_column][vc_column_text]Pour le nettoyage quotidien, utilisez de l\u2019eau et du savon neutre ou des produits multiusages. Quel que soit le produit utilis\u00e9 sur le plan de travail, il est toujours n\u00e9cessaire de tr\u00e8s bien rincer la surface et de l\u2019essuyer compl\u00e8tement avec un chiffon propre et sec. \u200b [&hellip;]<\/p>\n","protected":false},"author":1,"featured_media":0,"parent":12458,"menu_order":0,"comment_status":"closed","ping_status":"closed","template":"page-maintenancetemplate.php","meta":{"footnotes":""},"class_list":["post-12467","page","type-page","status-publish","hentry"],"yoast_head":"<!-- This site is optimized with the Yoast SEO plugin v26.2 - https:\/\/yoast.com\/wordpress\/plugins\/seo\/ -->\n<title>Aluminium - Valcucine<\/title>\n<meta name=\"robots\" content=\"index, follow, max-snippet:-1, max-image-preview:large, max-video-preview:-1\" \/>\n<link rel=\"canonical\" href=\"https:\/\/www.valcucine.com\/fr\/service-clients\/entretien\/metal-aluminium\/\" \/>\n<meta property=\"og:locale\" content=\"fr_FR\" \/>\n<meta property=\"og:type\" content=\"article\" \/>\n<meta property=\"og:title\" content=\"Aluminium - Valcucine\" \/>\n<meta property=\"og:description\" content=\"[vc_row][vc_column][\/vc_column][\/vc_row][vc_row][vc_column][vc_column_text]M\u00e9tal Aluminium Effet Structur\u00e9 M\u00e9tal Aluminium Tactile[\/vc_column_text][\/vc_column][\/vc_row][vc_row][vc_column][vc_single_image image=\u00a0\u00bb3885&Prime; img_size=\u00a0\u00bb50&#215;50&Prime;][\/vc_column][\/vc_row][vc_row][vc_column][vc_column_text]Pour le nettoyage quotidien, utilisez de l\u2019eau et du savon neutre ou des produits multiusages. Quel que soit le produit utilis\u00e9 sur le plan de travail, il est toujours n\u00e9cessaire de tr\u00e8s bien rincer la surface et de l\u2019essuyer compl\u00e8tement avec un chiffon propre et sec. \u200b [&hellip;]\" \/>\n<meta property=\"og:url\" content=\"https:\/\/www.valcucine.com\/fr\/service-clients\/entretien\/metal-aluminium\/\" \/>\n<meta property=\"og:site_name\" content=\"Valcucine\" \/>\n<meta property=\"article:publisher\" content=\"https:\/\/www.facebook.com\/valcucine\/\" \/>\n<meta property=\"article:modified_time\" content=\"2025-06-04T14:10:06+00:00\" \/>\n<meta name=\"twitter:card\" content=\"summary_large_image\" \/>\n<meta name=\"twitter:label1\" content=\"Dur\u00e9e de lecture estim\u00e9e\" \/>\n\t<meta name=\"twitter:data1\" content=\"1 minute\" \/>\n<script type=\"application\/ld+json\" class=\"yoast-schema-graph\">{\"@context\":\"https:\/\/schema.org\",\"@graph\":[{\"@type\":\"WebPage\",\"@id\":\"https:\/\/www.valcucine.com\/fr\/service-clients\/entretien\/metal-aluminium\/\",\"url\":\"https:\/\/www.valcucine.com\/fr\/service-clients\/entretien\/metal-aluminium\/\",\"name\":\"Aluminium - Valcucine\",\"isPartOf\":{\"@id\":\"https:\/\/www.valcucine.com\/#website\"},\"datePublished\":\"2024-03-18T11:23:26+00:00\",\"dateModified\":\"2025-06-04T14:10:06+00:00\",\"breadcrumb\":{\"@id\":\"https:\/\/www.valcucine.com\/fr\/service-clients\/entretien\/metal-aluminium\/#breadcrumb\"},\"inLanguage\":\"fr-FR\",\"potentialAction\":[{\"@type\":\"ReadAction\",\"target\":[\"https:\/\/www.valcucine.com\/fr\/service-clients\/entretien\/metal-aluminium\/\"]}]},{\"@type\":\"BreadcrumbList\",\"@id\":\"https:\/\/www.valcucine.com\/fr\/service-clients\/entretien\/metal-aluminium\/#breadcrumb\",\"itemListElement\":[{\"@type\":\"ListItem\",\"position\":1,\"name\":\"Valcucine\",\"item\":\"https:\/\/www.valcucine.com\/fr\/\"},{\"@type\":\"ListItem\",\"position\":2,\"name\":\"Services\",\"item\":\"https:\/\/www.valcucine.com\/fr\/service-clients\/\"},{\"@type\":\"ListItem\",\"position\":3,\"name\":\"Maintenance\",\"item\":\"https:\/\/www.valcucine.com\/fr\/service-clients\/entretien\/\"},{\"@type\":\"ListItem\",\"position\":4,\"name\":\"Aluminium\"}]},{\"@type\":\"WebSite\",\"@id\":\"https:\/\/www.valcucine.com\/#website\",\"url\":\"https:\/\/www.valcucine.com\/\",\"name\":\"Valcucine\",\"description\":\"\",\"publisher\":{\"@id\":\"https:\/\/www.valcucine.com\/#organization\"},\"potentialAction\":[{\"@type\":\"SearchAction\",\"target\":{\"@type\":\"EntryPoint\",\"urlTemplate\":\"https:\/\/www.valcucine.com\/?s={search_term_string}\"},\"query-input\":{\"@type\":\"PropertyValueSpecification\",\"valueRequired\":true,\"valueName\":\"search_term_string\"}}],\"inLanguage\":\"fr-FR\"},{\"@type\":\"Organization\",\"@id\":\"https:\/\/www.valcucine.com\/#organization\",\"name\":\"Valcucine\",\"url\":\"https:\/\/www.valcucine.com\/\",\"logo\":{\"@type\":\"ImageObject\",\"inLanguage\":\"fr-FR\",\"@id\":\"https:\/\/www.valcucine.com\/#\/schema\/logo\/image\/\",\"url\":\"https:\/\/www.valcucine.com\/wp-content\/uploads\/2024\/02\/logo-valcucine.webp?wsr\",\"contentUrl\":\"https:\/\/www.valcucine.com\/wp-content\/uploads\/2024\/02\/logo-valcucine.webp?wsr\",\"width\":288,\"height\":46,\"caption\":\"Valcucine\"},\"image\":{\"@id\":\"https:\/\/www.valcucine.com\/#\/schema\/logo\/image\/\"},\"sameAs\":[\"https:\/\/www.facebook.com\/valcucine\/\",\"https:\/\/www.instagram.com\/valcucine\/\",\"https:\/\/www.linkedin.com\/company\/valcucine\"]}]}<\/script>\n<!-- \/ Yoast SEO plugin. -->","yoast_head_json":{"title":"Aluminium - Valcucine","robots":{"index":"index","follow":"follow","max-snippet":"max-snippet:-1","max-image-preview":"max-image-preview:large","max-video-preview":"max-video-preview:-1"},"canonical":"https:\/\/www.valcucine.com\/fr\/service-clients\/entretien\/metal-aluminium\/","og_locale":"fr_FR","og_type":"article","og_title":"Aluminium - Valcucine","og_description":"[vc_row][vc_column][\/vc_column][\/vc_row][vc_row][vc_column][vc_column_text]M\u00e9tal Aluminium Effet Structur\u00e9 M\u00e9tal Aluminium Tactile[\/vc_column_text][\/vc_column][\/vc_row][vc_row][vc_column][vc_single_image image=\u00a0\u00bb3885&Prime; img_size=\u00a0\u00bb50&#215;50&Prime;][\/vc_column][\/vc_row][vc_row][vc_column][vc_column_text]Pour le nettoyage quotidien, utilisez de l\u2019eau et du savon neutre ou des produits multiusages. Quel que soit le produit utilis\u00e9 sur le plan de travail, il est toujours n\u00e9cessaire de tr\u00e8s bien rincer la surface et de l\u2019essuyer compl\u00e8tement avec un chiffon propre et sec. \u200b [&hellip;]","og_url":"https:\/\/www.valcucine.com\/fr\/service-clients\/entretien\/metal-aluminium\/","og_site_name":"Valcucine","article_publisher":"https:\/\/www.facebook.com\/valcucine\/","article_modified_time":"2025-06-04T14:10:06+00:00","twitter_card":"summary_large_image","twitter_misc":{"Dur\u00e9e de lecture estim\u00e9e":"1 minute"},"schema":{"@context":"https:\/\/schema.org","@graph":[{"@type":"WebPage","@id":"https:\/\/www.valcucine.com\/fr\/service-clients\/entretien\/metal-aluminium\/","url":"https:\/\/www.valcucine.com\/fr\/service-clients\/entretien\/metal-aluminium\/","name":"Aluminium - Valcucine","isPartOf":{"@id":"https:\/\/www.valcucine.com\/#website"},"datePublished":"2024-03-18T11:23:26+00:00","dateModified":"2025-06-04T14:10:06+00:00","breadcrumb":{"@id":"https:\/\/www.valcucine.com\/fr\/service-clients\/entretien\/metal-aluminium\/#breadcrumb"},"inLanguage":"fr-FR","potentialAction":[{"@type":"ReadAction","target":["https:\/\/www.valcucine.com\/fr\/service-clients\/entretien\/metal-aluminium\/"]}]},{"@type":"BreadcrumbList","@id":"https:\/\/www.valcucine.com\/fr\/service-clients\/entretien\/metal-aluminium\/#breadcrumb","itemListElement":[{"@type":"ListItem","position":1,"name":"Valcucine","item":"https:\/\/www.valcucine.com\/fr\/"},{"@type":"ListItem","position":2,"name":"Services","item":"https:\/\/www.valcucine.com\/fr\/service-clients\/"},{"@type":"ListItem","position":3,"name":"Maintenance","item":"https:\/\/www.valcucine.com\/fr\/service-clients\/entretien\/"},{"@type":"ListItem","position":4,"name":"Aluminium"}]},{"@type":"WebSite","@id":"https:\/\/www.valcucine.com\/#website","url":"https:\/\/www.valcucine.com\/","name":"Valcucine","description":"","publisher":{"@id":"https:\/\/www.valcucine.com\/#organization"},"potentialAction":[{"@type":"SearchAction","target":{"@type":"EntryPoint","urlTemplate":"https:\/\/www.valcucine.com\/?s={search_term_string}"},"query-input":{"@type":"PropertyValueSpecification","valueRequired":true,"valueName":"search_term_string"}}],"inLanguage":"fr-FR"},{"@type":"Organization","@id":"https:\/\/www.valcucine.com\/#organization","name":"Valcucine","url":"https:\/\/www.valcucine.com\/","logo":{"@type":"ImageObject","inLanguage":"fr-FR","@id":"https:\/\/www.valcucine.com\/#\/schema\/logo\/image\/","url":"https:\/\/www.valcucine.com\/wp-content\/uploads\/2024\/02\/logo-valcucine.webp?wsr","contentUrl":"https:\/\/www.valcucine.com\/wp-content\/uploads\/2024\/02\/logo-valcucine.webp?wsr","width":288,"height":46,"caption":"Valcucine"},"image":{"@id":"https:\/\/www.valcucine.com\/#\/schema\/logo\/image\/"},"sameAs":["https:\/\/www.facebook.com\/valcucine\/","https:\/\/www.instagram.com\/valcucine\/","https:\/\/www.linkedin.com\/company\/valcucine"]}]}},"_links":{"self":[{"href":"https:\/\/www.valcucine.com\/fr\/wp-json\/wp\/v2\/pages\/12467","targetHints":{"allow":["GET"]}}],"collection":[{"href":"https:\/\/www.valcucine.com\/fr\/wp-json\/wp\/v2\/pages"}],"about":[{"href":"https:\/\/www.valcucine.com\/fr\/wp-json\/wp\/v2\/types\/page"}],"author":[{"embeddable":true,"href":"https:\/\/www.valcucine.com\/fr\/wp-json\/wp\/v2\/users\/1"}],"replies":[{"embeddable":true,"href":"https:\/\/www.valcucine.com\/fr\/wp-json\/wp\/v2\/comments?post=12467"}],"version-history":[{"count":2,"href":"https:\/\/www.valcucine.com\/fr\/wp-json\/wp\/v2\/pages\/12467\/revisions"}],"predecessor-version":[{"id":12469,"href":"https:\/\/www.valcucine.com\/fr\/wp-json\/wp\/v2\/pages\/12467\/revisions\/12469"}],"up":[{"embeddable":true,"href":"https:\/\/www.valcucine.com\/fr\/wp-json\/wp\/v2\/pages\/12458"}],"wp:attachment":[{"href":"https:\/\/www.valcucine.com\/fr\/wp-json\/wp\/v2\/media?parent=12467"}],"curies":[{"name":"wp","href":"https:\/\/api.w.org\/{rel}","templated":true}]}}