{"id":12516,"date":"2024-03-12T13:58:40","date_gmt":"2024-03-12T13:58:40","guid":{"rendered":"https:\/\/devel.valcucine.com\/servizi-cliente\/entretien\/vetro\/"},"modified":"2025-06-04T14:59:05","modified_gmt":"2025-06-04T14:59:05","slug":"verre","status":"publish","type":"page","link":"https:\/\/www.valcucine.com\/fr\/service-clients\/entretien\/verre\/","title":{"rendered":"Verre"},"content":{"rendered":"<div class=\"wpb-content-wrapper\"><p>[vc_row][vc_column]\n        \n        <h1 class=\"text-start  main__title__h1  vc_custom_1716886379288 \" style=\"color:#333333;\"> \n\n         Verre\n        \n        <\/h1>[\/vc_column][\/vc_row][vc_row][vc_column][vc_column_text]<strong>Vitrum Brillant et Mat<\/strong><br \/>\n<strong>Vitrum Graphique<\/strong><br \/>\n<strong>Vitrum Mimesis<\/strong><br \/>\n<strong>Vitrum Tactile<\/strong><br \/>\n<strong>Vitrum Textile<\/strong><br \/>\n<strong>Vitrum Velato<\/strong><br \/>\n<strong>Vitrum Arte<\/strong>[\/vc_column_text][\/vc_column][\/vc_row][vc_row][vc_column][vc_single_image image=\u00a0\u00bb3885&Prime; img_size=\u00a0\u00bb50&#215;50&Prime;][\/vc_column][\/vc_row][vc_row][vc_column][vc_column_text]Pour un nettoyage simple et efficace, il suffira de bien savonner la surface avec un produit neutre, de la rincer et de l\u2019essuyer avec soin. Le vinaigre est une excellente aide pour le nettoyage quotidien : en effet, il permet d\u2019\u00e9liminer toute trace de calcaire qui pourrait se d\u00e9poser sur la surface. Apr\u00e8s un certain temps, sur le verre d\u00e9poli (opaque), des r\u00e9sidus de savon et de calcaire contenu dans l\u2019eau pourraient former d\u2019inesth\u00e9tiques aur\u00e9oles sur la surface du plan de travail, qui ne sont pas toujours faciles \u00e0 \u00e9liminer. Nous recommandons donc d\u2019utiliser un produit anticalcaire et, au cas o\u00f9 cela ne serait pas suffisant, nous vous invitons \u00e0 vous adresser \u00e0 votre Revendeur Agr\u00e9\u00e9 pour obtenir d\u2019autres informations sur l\u2019utilisation de produits sp\u00e9cifiques. Pour garder la surface du plan de travail dans de bonnes conditions, nous recommandons de toujours utiliser des \u00e9ponges et des chiffons doux non abrasifs. Quel que soit le produit utilis\u00e9 sur le plan de travail, il est toujours n\u00e9cessaire de tr\u00e8s bien rincer la surface et de l\u2019essuyer compl\u00e8tement avec un chiffon propre et sec.[\/vc_column_text][\/vc_column][\/vc_row][vc_row][vc_column][vc_single_image image=\u00a0\u00bb3891&Prime; img_size=\u00a0\u00bb50&#215;50&Prime;][\/vc_column][\/vc_row][vc_row css=\u00a0\u00bb.vc_custom_1710773327134{margin-bottom: 40px !important;}\u00a0\u00bb][vc_column][vc_column_text]M\u00eame si le verre tremp\u00e9 est l\u2019un des mat\u00e9riaux les plus durs, avec une haute r\u00e9sistance aux rayures, il est bon de rappeler que des mat\u00e9riaux ayant un degr\u00e9 de duret\u00e9 \u00e9gal ou sup\u00e9rieur pourraient l\u2019inciser, ce qui se traduit, dans l\u2019usage quotidien, par des objets ou des mat\u00e9riaux comme assiettes, verres, c\u00e9ramique ou cristal. N\u2019utilisez pas de chiffons r\u00eaches ni d\u2019\u00e9ponges abrasives qui pourraient rayer irr\u00e9parablement le plan de travail.<br \/>\nNous recommandons de ne pas utiliser de produits spray sans les rincer : ces produits contiennent du savon qui, s\u2019il n\u2019est pas ad\u00e9quatement rinc\u00e9, restera sur la surface en cr\u00e9ant un voile imperceptible qui facilitera la formation de taches.[\/vc_column_text][\/vc_column][\/vc_row]<\/p>\n<\/div>","protected":false},"excerpt":{"rendered":"<p>[vc_row][vc_column][\/vc_column][\/vc_row][vc_row][vc_column][vc_column_text]Vitrum Brillant et Mat Vitrum Graphique Vitrum Mimesis Vitrum Tactile Vitrum Textile Vitrum Velato Vitrum Arte[\/vc_column_text][\/vc_column][\/vc_row][vc_row][vc_column][vc_single_image image=\u00a0\u00bb3885&Prime; img_size=\u00a0\u00bb50&#215;50&Prime;][\/vc_column][\/vc_row][vc_row][vc_column][vc_column_text]Pour un nettoyage simple et efficace, il suffira de bien savonner la surface avec un produit neutre, de la rincer et de l\u2019essuyer avec soin. Le vinaigre est une excellente aide pour le nettoyage quotidien : en effet, [&hellip;]<\/p>\n","protected":false},"author":1,"featured_media":0,"parent":12458,"menu_order":0,"comment_status":"closed","ping_status":"closed","template":"page-maintenancetemplate.php","meta":{"footnotes":""},"class_list":["post-12516","page","type-page","status-publish","hentry"],"yoast_head":"<!-- This site is optimized with the Yoast SEO plugin v26.2 - https:\/\/yoast.com\/wordpress\/plugins\/seo\/ -->\n<title>Verre - Valcucine<\/title>\n<meta name=\"robots\" content=\"index, follow, max-snippet:-1, max-image-preview:large, max-video-preview:-1\" \/>\n<link rel=\"canonical\" href=\"https:\/\/www.valcucine.com\/fr\/service-clients\/entretien\/verre\/\" \/>\n<meta property=\"og:locale\" content=\"fr_FR\" \/>\n<meta property=\"og:type\" content=\"article\" \/>\n<meta property=\"og:title\" content=\"Verre - Valcucine\" \/>\n<meta property=\"og:description\" content=\"[vc_row][vc_column][\/vc_column][\/vc_row][vc_row][vc_column][vc_column_text]Vitrum Brillant et Mat Vitrum Graphique Vitrum Mimesis Vitrum Tactile Vitrum Textile Vitrum Velato Vitrum Arte[\/vc_column_text][\/vc_column][\/vc_row][vc_row][vc_column][vc_single_image image=\u00a0\u00bb3885&Prime; img_size=\u00a0\u00bb50&#215;50&Prime;][\/vc_column][\/vc_row][vc_row][vc_column][vc_column_text]Pour un nettoyage simple et efficace, il suffira de bien savonner la surface avec un produit neutre, de la rincer et de l\u2019essuyer avec soin. Le vinaigre est une excellente aide pour le nettoyage quotidien : en effet, [&hellip;]\" \/>\n<meta property=\"og:url\" content=\"https:\/\/www.valcucine.com\/fr\/service-clients\/entretien\/verre\/\" \/>\n<meta property=\"og:site_name\" content=\"Valcucine\" \/>\n<meta property=\"article:publisher\" content=\"https:\/\/www.facebook.com\/valcucine\/\" \/>\n<meta property=\"article:modified_time\" content=\"2025-06-04T14:59:05+00:00\" \/>\n<meta name=\"twitter:card\" content=\"summary_large_image\" \/>\n<meta name=\"twitter:label1\" content=\"Dur\u00e9e de lecture estim\u00e9e\" \/>\n\t<meta name=\"twitter:data1\" content=\"3 minutes\" \/>\n<script type=\"application\/ld+json\" class=\"yoast-schema-graph\">{\"@context\":\"https:\/\/schema.org\",\"@graph\":[{\"@type\":\"WebPage\",\"@id\":\"https:\/\/www.valcucine.com\/fr\/service-clients\/entretien\/verre\/\",\"url\":\"https:\/\/www.valcucine.com\/fr\/service-clients\/entretien\/verre\/\",\"name\":\"Verre - Valcucine\",\"isPartOf\":{\"@id\":\"https:\/\/www.valcucine.com\/#website\"},\"datePublished\":\"2024-03-12T13:58:40+00:00\",\"dateModified\":\"2025-06-04T14:59:05+00:00\",\"breadcrumb\":{\"@id\":\"https:\/\/www.valcucine.com\/fr\/service-clients\/entretien\/verre\/#breadcrumb\"},\"inLanguage\":\"fr-FR\",\"potentialAction\":[{\"@type\":\"ReadAction\",\"target\":[\"https:\/\/www.valcucine.com\/fr\/service-clients\/entretien\/verre\/\"]}]},{\"@type\":\"BreadcrumbList\",\"@id\":\"https:\/\/www.valcucine.com\/fr\/service-clients\/entretien\/verre\/#breadcrumb\",\"itemListElement\":[{\"@type\":\"ListItem\",\"position\":1,\"name\":\"Valcucine\",\"item\":\"https:\/\/www.valcucine.com\/fr\/\"},{\"@type\":\"ListItem\",\"position\":2,\"name\":\"Services\",\"item\":\"https:\/\/www.valcucine.com\/fr\/service-clients\/\"},{\"@type\":\"ListItem\",\"position\":3,\"name\":\"Maintenance\",\"item\":\"https:\/\/www.valcucine.com\/fr\/service-clients\/entretien\/\"},{\"@type\":\"ListItem\",\"position\":4,\"name\":\"Verre\"}]},{\"@type\":\"WebSite\",\"@id\":\"https:\/\/www.valcucine.com\/#website\",\"url\":\"https:\/\/www.valcucine.com\/\",\"name\":\"Valcucine\",\"description\":\"\",\"publisher\":{\"@id\":\"https:\/\/www.valcucine.com\/#organization\"},\"potentialAction\":[{\"@type\":\"SearchAction\",\"target\":{\"@type\":\"EntryPoint\",\"urlTemplate\":\"https:\/\/www.valcucine.com\/?s={search_term_string}\"},\"query-input\":{\"@type\":\"PropertyValueSpecification\",\"valueRequired\":true,\"valueName\":\"search_term_string\"}}],\"inLanguage\":\"fr-FR\"},{\"@type\":\"Organization\",\"@id\":\"https:\/\/www.valcucine.com\/#organization\",\"name\":\"Valcucine\",\"url\":\"https:\/\/www.valcucine.com\/\",\"logo\":{\"@type\":\"ImageObject\",\"inLanguage\":\"fr-FR\",\"@id\":\"https:\/\/www.valcucine.com\/#\/schema\/logo\/image\/\",\"url\":\"https:\/\/www.valcucine.com\/wp-content\/uploads\/2024\/02\/logo-valcucine.webp?wsr\",\"contentUrl\":\"https:\/\/www.valcucine.com\/wp-content\/uploads\/2024\/02\/logo-valcucine.webp?wsr\",\"width\":288,\"height\":46,\"caption\":\"Valcucine\"},\"image\":{\"@id\":\"https:\/\/www.valcucine.com\/#\/schema\/logo\/image\/\"},\"sameAs\":[\"https:\/\/www.facebook.com\/valcucine\/\",\"https:\/\/www.instagram.com\/valcucine\/\",\"https:\/\/www.linkedin.com\/company\/valcucine\"]}]}<\/script>\n<!-- \/ Yoast SEO plugin. -->","yoast_head_json":{"title":"Verre - Valcucine","robots":{"index":"index","follow":"follow","max-snippet":"max-snippet:-1","max-image-preview":"max-image-preview:large","max-video-preview":"max-video-preview:-1"},"canonical":"https:\/\/www.valcucine.com\/fr\/service-clients\/entretien\/verre\/","og_locale":"fr_FR","og_type":"article","og_title":"Verre - Valcucine","og_description":"[vc_row][vc_column][\/vc_column][\/vc_row][vc_row][vc_column][vc_column_text]Vitrum Brillant et Mat Vitrum Graphique Vitrum Mimesis Vitrum Tactile Vitrum Textile Vitrum Velato Vitrum Arte[\/vc_column_text][\/vc_column][\/vc_row][vc_row][vc_column][vc_single_image image=\u00a0\u00bb3885&Prime; img_size=\u00a0\u00bb50&#215;50&Prime;][\/vc_column][\/vc_row][vc_row][vc_column][vc_column_text]Pour un nettoyage simple et efficace, il suffira de bien savonner la surface avec un produit neutre, de la rincer et de l\u2019essuyer avec soin. Le vinaigre est une excellente aide pour le nettoyage quotidien : en effet, [&hellip;]","og_url":"https:\/\/www.valcucine.com\/fr\/service-clients\/entretien\/verre\/","og_site_name":"Valcucine","article_publisher":"https:\/\/www.facebook.com\/valcucine\/","article_modified_time":"2025-06-04T14:59:05+00:00","twitter_card":"summary_large_image","twitter_misc":{"Dur\u00e9e de lecture estim\u00e9e":"3 minutes"},"schema":{"@context":"https:\/\/schema.org","@graph":[{"@type":"WebPage","@id":"https:\/\/www.valcucine.com\/fr\/service-clients\/entretien\/verre\/","url":"https:\/\/www.valcucine.com\/fr\/service-clients\/entretien\/verre\/","name":"Verre - Valcucine","isPartOf":{"@id":"https:\/\/www.valcucine.com\/#website"},"datePublished":"2024-03-12T13:58:40+00:00","dateModified":"2025-06-04T14:59:05+00:00","breadcrumb":{"@id":"https:\/\/www.valcucine.com\/fr\/service-clients\/entretien\/verre\/#breadcrumb"},"inLanguage":"fr-FR","potentialAction":[{"@type":"ReadAction","target":["https:\/\/www.valcucine.com\/fr\/service-clients\/entretien\/verre\/"]}]},{"@type":"BreadcrumbList","@id":"https:\/\/www.valcucine.com\/fr\/service-clients\/entretien\/verre\/#breadcrumb","itemListElement":[{"@type":"ListItem","position":1,"name":"Valcucine","item":"https:\/\/www.valcucine.com\/fr\/"},{"@type":"ListItem","position":2,"name":"Services","item":"https:\/\/www.valcucine.com\/fr\/service-clients\/"},{"@type":"ListItem","position":3,"name":"Maintenance","item":"https:\/\/www.valcucine.com\/fr\/service-clients\/entretien\/"},{"@type":"ListItem","position":4,"name":"Verre"}]},{"@type":"WebSite","@id":"https:\/\/www.valcucine.com\/#website","url":"https:\/\/www.valcucine.com\/","name":"Valcucine","description":"","publisher":{"@id":"https:\/\/www.valcucine.com\/#organization"},"potentialAction":[{"@type":"SearchAction","target":{"@type":"EntryPoint","urlTemplate":"https:\/\/www.valcucine.com\/?s={search_term_string}"},"query-input":{"@type":"PropertyValueSpecification","valueRequired":true,"valueName":"search_term_string"}}],"inLanguage":"fr-FR"},{"@type":"Organization","@id":"https:\/\/www.valcucine.com\/#organization","name":"Valcucine","url":"https:\/\/www.valcucine.com\/","logo":{"@type":"ImageObject","inLanguage":"fr-FR","@id":"https:\/\/www.valcucine.com\/#\/schema\/logo\/image\/","url":"https:\/\/www.valcucine.com\/wp-content\/uploads\/2024\/02\/logo-valcucine.webp?wsr","contentUrl":"https:\/\/www.valcucine.com\/wp-content\/uploads\/2024\/02\/logo-valcucine.webp?wsr","width":288,"height":46,"caption":"Valcucine"},"image":{"@id":"https:\/\/www.valcucine.com\/#\/schema\/logo\/image\/"},"sameAs":["https:\/\/www.facebook.com\/valcucine\/","https:\/\/www.instagram.com\/valcucine\/","https:\/\/www.linkedin.com\/company\/valcucine"]}]}},"_links":{"self":[{"href":"https:\/\/www.valcucine.com\/fr\/wp-json\/wp\/v2\/pages\/12516","targetHints":{"allow":["GET"]}}],"collection":[{"href":"https:\/\/www.valcucine.com\/fr\/wp-json\/wp\/v2\/pages"}],"about":[{"href":"https:\/\/www.valcucine.com\/fr\/wp-json\/wp\/v2\/types\/page"}],"author":[{"embeddable":true,"href":"https:\/\/www.valcucine.com\/fr\/wp-json\/wp\/v2\/users\/1"}],"replies":[{"embeddable":true,"href":"https:\/\/www.valcucine.com\/fr\/wp-json\/wp\/v2\/comments?post=12516"}],"version-history":[{"count":2,"href":"https:\/\/www.valcucine.com\/fr\/wp-json\/wp\/v2\/pages\/12516\/revisions"}],"predecessor-version":[{"id":12518,"href":"https:\/\/www.valcucine.com\/fr\/wp-json\/wp\/v2\/pages\/12516\/revisions\/12518"}],"up":[{"embeddable":true,"href":"https:\/\/www.valcucine.com\/fr\/wp-json\/wp\/v2\/pages\/12458"}],"wp:attachment":[{"href":"https:\/\/www.valcucine.com\/fr\/wp-json\/wp\/v2\/media?parent=12516"}],"curies":[{"name":"wp","href":"https:\/\/api.w.org\/{rel}","templated":true}]}}