{"id":12520,"date":"2024-03-12T13:58:44","date_gmt":"2024-03-12T13:58:44","guid":{"rendered":"https:\/\/devel.valcucine.com\/servizi-cliente\/entretien\/inserti-top-taglieri-cucina\/"},"modified":"2025-06-04T14:53:40","modified_gmt":"2025-06-04T14:53:40","slug":"inserts-de-plan-de-travail-planches-a-decouper-de-cuisine","status":"publish","type":"page","link":"https:\/\/www.valcucine.com\/fr\/service-clients\/entretien\/inserts-de-plan-de-travail-planches-a-decouper-de-cuisine\/","title":{"rendered":"Maintenance Top inserts et planches \u00e0 d\u00e9couper"},"content":{"rendered":"<div class=\"wpb-content-wrapper\"><p>[vc_row][vc_column]\n        \n        <h1 class=\"text-start  main__title__h1  vc_custom_1716886799667 \" style=\"color:#333333;\"> \n\n         Maintenance Top inserts et planches \u00e0 d\u00e9couper\n        \n        <\/h1>[\/vc_column][\/vc_row][vc_row][vc_column]\n        \n        <h3 class=\"text-start  main__title__h4  vc_custom_1716886807707 \" style=\"color:#333333;\"> \n\n         \u00c9L\u00c9MENTS INCORPOR\u00c9S DANS LE PLAN DE TRAVAIL ET PLANCHES \u00c0 HACHER EN BOIS BRUT NON VERNI\n        \n        <\/h3>[\/vc_column][\/vc_row][vc_row][vc_column][vc_column_text]<strong>Ce que vous devriez faire<\/strong><br \/>\nLa planche \u00e0 hacher en bois brut peut \u00eatre utilis\u00e9e comme plan de coupe ou de p\u00e9trissage, \u00e9tant donn\u00e9 qu&rsquo;elle n&rsquo;a subi aucun traitement chimique ; naturellement si elle est utilis\u00e9e comme surface de coupe, une certaine usure du bois sera in\u00e9vitable et elle prendra un aspect caract\u00e9ristique de \u00ab\u00a0v\u00e9cu\u00a0\u00bb.<br \/>\nLe nettoyage doit \u00eatre ex\u00e9cut\u00e9 en utilisant un chiffon humide bien essor\u00e9 et en essuyant ensuite la surface.<br \/>\nPour une op\u00e9ration plus profonde de r\u00e9tablissement des conditions originales, la surface peut \u00eatre polie avec du papier-\u00e9meri pour bois avec grain 160.<\/p>\n<p><strong>Ce que vous NE devriez PAS faire<\/strong><br \/>\nNe pas plonger la planche \u00e0 hacher dans l&rsquo;eau, ne pas la mouiller excessivement pendant le nettoyage et ne pas l&rsquo;exposer aux rayons du soleil ou \u00e0 des sources de chaleur.<\/p>\n<p><strong>Attention: lorsque, pour votre pr\u00e9paration, vous utilisez des aliments fortement color\u00e9s comme de la viande crue ou certains l\u00e9gumes comme les carottes, ceux-ci peuvent ab\u00eemer le boise brut en formant des taches qui seront particuli\u00e8rement difficiles \u00e0 \u00e9liminer.<\/strong>[\/vc_column_text][\/vc_column][\/vc_row]<\/p>\n<\/div>","protected":false},"excerpt":{"rendered":"<p>[vc_row][vc_column][\/vc_column][\/vc_row][vc_row][vc_column][\/vc_column][\/vc_row][vc_row][vc_column][vc_column_text]Ce que vous devriez faire La planche \u00e0 hacher en bois brut peut \u00eatre utilis\u00e9e comme plan de coupe ou de p\u00e9trissage, \u00e9tant donn\u00e9 qu&rsquo;elle n&rsquo;a subi aucun traitement chimique ; naturellement si elle est utilis\u00e9e comme surface de coupe, une certaine usure du bois sera in\u00e9vitable et elle prendra un aspect caract\u00e9ristique de \u00ab\u00a0v\u00e9cu\u00a0\u00bb. [&hellip;]<\/p>\n","protected":false},"author":1,"featured_media":0,"parent":12458,"menu_order":0,"comment_status":"closed","ping_status":"closed","template":"page-maintenancetemplate.php","meta":{"footnotes":""},"class_list":["post-12520","page","type-page","status-publish","hentry"],"yoast_head":"<!-- This site is optimized with the Yoast SEO plugin v26.2 - https:\/\/yoast.com\/wordpress\/plugins\/seo\/ -->\n<title>Maintenance Top inserts et planches \u00e0 d\u00e9couper - Valcucine<\/title>\n<meta name=\"robots\" content=\"index, follow, max-snippet:-1, max-image-preview:large, max-video-preview:-1\" \/>\n<link rel=\"canonical\" href=\"https:\/\/www.valcucine.com\/fr\/service-clients\/entretien\/inserts-de-plan-de-travail-planches-a-decouper-de-cuisine\/\" \/>\n<meta property=\"og:locale\" content=\"fr_FR\" \/>\n<meta property=\"og:type\" content=\"article\" \/>\n<meta property=\"og:title\" content=\"Maintenance Top inserts et planches \u00e0 d\u00e9couper - Valcucine\" \/>\n<meta property=\"og:description\" content=\"[vc_row][vc_column][\/vc_column][\/vc_row][vc_row][vc_column][\/vc_column][\/vc_row][vc_row][vc_column][vc_column_text]Ce que vous devriez faire La planche \u00e0 hacher en bois brut peut \u00eatre utilis\u00e9e comme plan de coupe ou de p\u00e9trissage, \u00e9tant donn\u00e9 qu&rsquo;elle n&rsquo;a subi aucun traitement chimique ; naturellement si elle est utilis\u00e9e comme surface de coupe, une certaine usure du bois sera in\u00e9vitable et elle prendra un aspect caract\u00e9ristique de \u00ab\u00a0v\u00e9cu\u00a0\u00bb. [&hellip;]\" \/>\n<meta property=\"og:url\" content=\"https:\/\/www.valcucine.com\/fr\/service-clients\/entretien\/inserts-de-plan-de-travail-planches-a-decouper-de-cuisine\/\" \/>\n<meta property=\"og:site_name\" content=\"Valcucine\" \/>\n<meta property=\"article:publisher\" content=\"https:\/\/www.facebook.com\/valcucine\/\" \/>\n<meta property=\"article:modified_time\" content=\"2025-06-04T14:53:40+00:00\" \/>\n<meta name=\"twitter:card\" content=\"summary_large_image\" \/>\n<meta name=\"twitter:label1\" content=\"Dur\u00e9e de lecture estim\u00e9e\" \/>\n\t<meta name=\"twitter:data1\" content=\"2 minutes\" \/>\n<script type=\"application\/ld+json\" class=\"yoast-schema-graph\">{\"@context\":\"https:\/\/schema.org\",\"@graph\":[{\"@type\":\"WebPage\",\"@id\":\"https:\/\/www.valcucine.com\/fr\/service-clients\/entretien\/inserts-de-plan-de-travail-planches-a-decouper-de-cuisine\/\",\"url\":\"https:\/\/www.valcucine.com\/fr\/service-clients\/entretien\/inserts-de-plan-de-travail-planches-a-decouper-de-cuisine\/\",\"name\":\"Maintenance Top inserts et planches \u00e0 d\u00e9couper - Valcucine\",\"isPartOf\":{\"@id\":\"https:\/\/www.valcucine.com\/#website\"},\"datePublished\":\"2024-03-12T13:58:44+00:00\",\"dateModified\":\"2025-06-04T14:53:40+00:00\",\"breadcrumb\":{\"@id\":\"https:\/\/www.valcucine.com\/fr\/service-clients\/entretien\/inserts-de-plan-de-travail-planches-a-decouper-de-cuisine\/#breadcrumb\"},\"inLanguage\":\"fr-FR\",\"potentialAction\":[{\"@type\":\"ReadAction\",\"target\":[\"https:\/\/www.valcucine.com\/fr\/service-clients\/entretien\/inserts-de-plan-de-travail-planches-a-decouper-de-cuisine\/\"]}]},{\"@type\":\"BreadcrumbList\",\"@id\":\"https:\/\/www.valcucine.com\/fr\/service-clients\/entretien\/inserts-de-plan-de-travail-planches-a-decouper-de-cuisine\/#breadcrumb\",\"itemListElement\":[{\"@type\":\"ListItem\",\"position\":1,\"name\":\"Valcucine\",\"item\":\"https:\/\/www.valcucine.com\/fr\/\"},{\"@type\":\"ListItem\",\"position\":2,\"name\":\"Services\",\"item\":\"https:\/\/www.valcucine.com\/fr\/service-clients\/\"},{\"@type\":\"ListItem\",\"position\":3,\"name\":\"Maintenance\",\"item\":\"https:\/\/www.valcucine.com\/fr\/service-clients\/entretien\/\"},{\"@type\":\"ListItem\",\"position\":4,\"name\":\"Maintenance Top inserts et planches \u00e0 d\u00e9couper\"}]},{\"@type\":\"WebSite\",\"@id\":\"https:\/\/www.valcucine.com\/#website\",\"url\":\"https:\/\/www.valcucine.com\/\",\"name\":\"Valcucine\",\"description\":\"\",\"publisher\":{\"@id\":\"https:\/\/www.valcucine.com\/#organization\"},\"potentialAction\":[{\"@type\":\"SearchAction\",\"target\":{\"@type\":\"EntryPoint\",\"urlTemplate\":\"https:\/\/www.valcucine.com\/?s={search_term_string}\"},\"query-input\":{\"@type\":\"PropertyValueSpecification\",\"valueRequired\":true,\"valueName\":\"search_term_string\"}}],\"inLanguage\":\"fr-FR\"},{\"@type\":\"Organization\",\"@id\":\"https:\/\/www.valcucine.com\/#organization\",\"name\":\"Valcucine\",\"url\":\"https:\/\/www.valcucine.com\/\",\"logo\":{\"@type\":\"ImageObject\",\"inLanguage\":\"fr-FR\",\"@id\":\"https:\/\/www.valcucine.com\/#\/schema\/logo\/image\/\",\"url\":\"https:\/\/www.valcucine.com\/wp-content\/uploads\/2024\/02\/logo-valcucine.webp?wsr\",\"contentUrl\":\"https:\/\/www.valcucine.com\/wp-content\/uploads\/2024\/02\/logo-valcucine.webp?wsr\",\"width\":288,\"height\":46,\"caption\":\"Valcucine\"},\"image\":{\"@id\":\"https:\/\/www.valcucine.com\/#\/schema\/logo\/image\/\"},\"sameAs\":[\"https:\/\/www.facebook.com\/valcucine\/\",\"https:\/\/www.instagram.com\/valcucine\/\",\"https:\/\/www.linkedin.com\/company\/valcucine\"]}]}<\/script>\n<!-- \/ Yoast SEO plugin. -->","yoast_head_json":{"title":"Maintenance Top inserts et planches \u00e0 d\u00e9couper - Valcucine","robots":{"index":"index","follow":"follow","max-snippet":"max-snippet:-1","max-image-preview":"max-image-preview:large","max-video-preview":"max-video-preview:-1"},"canonical":"https:\/\/www.valcucine.com\/fr\/service-clients\/entretien\/inserts-de-plan-de-travail-planches-a-decouper-de-cuisine\/","og_locale":"fr_FR","og_type":"article","og_title":"Maintenance Top inserts et planches \u00e0 d\u00e9couper - Valcucine","og_description":"[vc_row][vc_column][\/vc_column][\/vc_row][vc_row][vc_column][\/vc_column][\/vc_row][vc_row][vc_column][vc_column_text]Ce que vous devriez faire La planche \u00e0 hacher en bois brut peut \u00eatre utilis\u00e9e comme plan de coupe ou de p\u00e9trissage, \u00e9tant donn\u00e9 qu&rsquo;elle n&rsquo;a subi aucun traitement chimique ; naturellement si elle est utilis\u00e9e comme surface de coupe, une certaine usure du bois sera in\u00e9vitable et elle prendra un aspect caract\u00e9ristique de \u00ab\u00a0v\u00e9cu\u00a0\u00bb. [&hellip;]","og_url":"https:\/\/www.valcucine.com\/fr\/service-clients\/entretien\/inserts-de-plan-de-travail-planches-a-decouper-de-cuisine\/","og_site_name":"Valcucine","article_publisher":"https:\/\/www.facebook.com\/valcucine\/","article_modified_time":"2025-06-04T14:53:40+00:00","twitter_card":"summary_large_image","twitter_misc":{"Dur\u00e9e de lecture estim\u00e9e":"2 minutes"},"schema":{"@context":"https:\/\/schema.org","@graph":[{"@type":"WebPage","@id":"https:\/\/www.valcucine.com\/fr\/service-clients\/entretien\/inserts-de-plan-de-travail-planches-a-decouper-de-cuisine\/","url":"https:\/\/www.valcucine.com\/fr\/service-clients\/entretien\/inserts-de-plan-de-travail-planches-a-decouper-de-cuisine\/","name":"Maintenance Top inserts et planches \u00e0 d\u00e9couper - Valcucine","isPartOf":{"@id":"https:\/\/www.valcucine.com\/#website"},"datePublished":"2024-03-12T13:58:44+00:00","dateModified":"2025-06-04T14:53:40+00:00","breadcrumb":{"@id":"https:\/\/www.valcucine.com\/fr\/service-clients\/entretien\/inserts-de-plan-de-travail-planches-a-decouper-de-cuisine\/#breadcrumb"},"inLanguage":"fr-FR","potentialAction":[{"@type":"ReadAction","target":["https:\/\/www.valcucine.com\/fr\/service-clients\/entretien\/inserts-de-plan-de-travail-planches-a-decouper-de-cuisine\/"]}]},{"@type":"BreadcrumbList","@id":"https:\/\/www.valcucine.com\/fr\/service-clients\/entretien\/inserts-de-plan-de-travail-planches-a-decouper-de-cuisine\/#breadcrumb","itemListElement":[{"@type":"ListItem","position":1,"name":"Valcucine","item":"https:\/\/www.valcucine.com\/fr\/"},{"@type":"ListItem","position":2,"name":"Services","item":"https:\/\/www.valcucine.com\/fr\/service-clients\/"},{"@type":"ListItem","position":3,"name":"Maintenance","item":"https:\/\/www.valcucine.com\/fr\/service-clients\/entretien\/"},{"@type":"ListItem","position":4,"name":"Maintenance Top inserts et planches \u00e0 d\u00e9couper"}]},{"@type":"WebSite","@id":"https:\/\/www.valcucine.com\/#website","url":"https:\/\/www.valcucine.com\/","name":"Valcucine","description":"","publisher":{"@id":"https:\/\/www.valcucine.com\/#organization"},"potentialAction":[{"@type":"SearchAction","target":{"@type":"EntryPoint","urlTemplate":"https:\/\/www.valcucine.com\/?s={search_term_string}"},"query-input":{"@type":"PropertyValueSpecification","valueRequired":true,"valueName":"search_term_string"}}],"inLanguage":"fr-FR"},{"@type":"Organization","@id":"https:\/\/www.valcucine.com\/#organization","name":"Valcucine","url":"https:\/\/www.valcucine.com\/","logo":{"@type":"ImageObject","inLanguage":"fr-FR","@id":"https:\/\/www.valcucine.com\/#\/schema\/logo\/image\/","url":"https:\/\/www.valcucine.com\/wp-content\/uploads\/2024\/02\/logo-valcucine.webp?wsr","contentUrl":"https:\/\/www.valcucine.com\/wp-content\/uploads\/2024\/02\/logo-valcucine.webp?wsr","width":288,"height":46,"caption":"Valcucine"},"image":{"@id":"https:\/\/www.valcucine.com\/#\/schema\/logo\/image\/"},"sameAs":["https:\/\/www.facebook.com\/valcucine\/","https:\/\/www.instagram.com\/valcucine\/","https:\/\/www.linkedin.com\/company\/valcucine"]}]}},"_links":{"self":[{"href":"https:\/\/www.valcucine.com\/fr\/wp-json\/wp\/v2\/pages\/12520","targetHints":{"allow":["GET"]}}],"collection":[{"href":"https:\/\/www.valcucine.com\/fr\/wp-json\/wp\/v2\/pages"}],"about":[{"href":"https:\/\/www.valcucine.com\/fr\/wp-json\/wp\/v2\/types\/page"}],"author":[{"embeddable":true,"href":"https:\/\/www.valcucine.com\/fr\/wp-json\/wp\/v2\/users\/1"}],"replies":[{"embeddable":true,"href":"https:\/\/www.valcucine.com\/fr\/wp-json\/wp\/v2\/comments?post=12520"}],"version-history":[{"count":2,"href":"https:\/\/www.valcucine.com\/fr\/wp-json\/wp\/v2\/pages\/12520\/revisions"}],"predecessor-version":[{"id":12522,"href":"https:\/\/www.valcucine.com\/fr\/wp-json\/wp\/v2\/pages\/12520\/revisions\/12522"}],"up":[{"embeddable":true,"href":"https:\/\/www.valcucine.com\/fr\/wp-json\/wp\/v2\/pages\/12458"}],"wp:attachment":[{"href":"https:\/\/www.valcucine.com\/fr\/wp-json\/wp\/v2\/media?parent=12520"}],"curies":[{"name":"wp","href":"https:\/\/api.w.org\/{rel}","templated":true}]}}