{"id":12523,"date":"2024-03-19T09:24:36","date_gmt":"2024-03-19T09:24:36","guid":{"rendered":"https:\/\/devel.valcucine.com\/servizi-cliente\/entretien\/profili-elementi-alluminio-cucina\/"},"modified":"2025-06-04T14:55:37","modified_gmt":"2025-06-04T14:55:37","slug":"raccords-en-aluminium-pour-la-cuisine","status":"publish","type":"page","link":"https:\/\/www.valcucine.com\/fr\/service-clients\/entretien\/raccords-en-aluminium-pour-la-cuisine\/","title":{"rendered":"Maintenance Profils et \u00e9l\u00e9ments en aluminium"},"content":{"rendered":"<div class=\"wpb-content-wrapper\"><p>[vc_row][vc_column]\n        \n        <h1 class=\"text-start  main__title__h1  vc_custom_1716886910101 \" style=\"color:#333333;\"> \n\n         Maintenance Profils et \u00e9l\u00e9ments en aluminium\n        \n        <\/h1>[\/vc_column][\/vc_row][vc_row][vc_column]\n        \n        <h3 class=\"text-start  main__title__h4  vc_custom_1716886918270 \" style=\"color:#333333;\"> \n\n         PROFILS ET \u00c9L\u00c9MENTS EN ALUMINIUM\n        \n        <\/h3>[\/vc_column][\/vc_row][vc_row][vc_column][vc_column_text]<strong>Ce que vous devriez faire<\/strong><br \/>\nPour le nettoyage des \u00e9l\u00e9ments en aluminium, il suffit d&rsquo;utiliser de l&rsquo;eau ou d\u00e9tergents neutres.<\/p>\n<p><strong>Ce que vous NE devriez PAS faire<\/strong><br \/>\nNe pas utiliser de poudres ou produits abrasifs car ils risqueraient de rayer les surfaces.<br \/>\nNe pas utiliser de pailles de fer ou d&rsquo;\u00e9ponges m\u00e9talliques.<\/p>\n<p><strong>Attention: ne pas nettoyer les profils en aluminium avec de l&rsquo;eau de Javel ou avec des produits contenant de l&rsquo;eau de Javel (hypochlorite de sodium) \u00e9tant donn\u00e9 qu&rsquo;ils risqueraient d&rsquo;ab\u00eemer la finition anodis\u00e9e superficielle de l&rsquo;\u00e9l\u00e9ment en le tachant<\/strong>[\/vc_column_text][\/vc_column][\/vc_row]<\/p>\n<\/div>","protected":false},"excerpt":{"rendered":"<p>[vc_row][vc_column][\/vc_column][\/vc_row][vc_row][vc_column][\/vc_column][\/vc_row][vc_row][vc_column][vc_column_text]Ce que vous devriez faire Pour le nettoyage des \u00e9l\u00e9ments en aluminium, il suffit d&rsquo;utiliser de l&rsquo;eau ou d\u00e9tergents neutres. Ce que vous NE devriez PAS faire Ne pas utiliser de poudres ou produits abrasifs car ils risqueraient de rayer les surfaces. Ne pas utiliser de pailles de fer ou d&rsquo;\u00e9ponges m\u00e9talliques. Attention: ne pas [&hellip;]<\/p>\n","protected":false},"author":1,"featured_media":0,"parent":12458,"menu_order":0,"comment_status":"closed","ping_status":"closed","template":"page-maintenancetemplate.php","meta":{"footnotes":""},"class_list":["post-12523","page","type-page","status-publish","hentry"],"yoast_head":"<!-- This site is optimized with the Yoast SEO plugin v26.2 - https:\/\/yoast.com\/wordpress\/plugins\/seo\/ -->\n<title>Maintenance Profils et \u00e9l\u00e9ments en aluminium - Valcucine<\/title>\n<meta name=\"robots\" content=\"index, follow, max-snippet:-1, max-image-preview:large, max-video-preview:-1\" \/>\n<link rel=\"canonical\" href=\"https:\/\/www.valcucine.com\/fr\/service-clients\/entretien\/raccords-en-aluminium-pour-la-cuisine\/\" \/>\n<meta property=\"og:locale\" content=\"fr_FR\" \/>\n<meta property=\"og:type\" content=\"article\" \/>\n<meta property=\"og:title\" content=\"Maintenance Profils et \u00e9l\u00e9ments en aluminium - Valcucine\" \/>\n<meta property=\"og:description\" content=\"[vc_row][vc_column][\/vc_column][\/vc_row][vc_row][vc_column][\/vc_column][\/vc_row][vc_row][vc_column][vc_column_text]Ce que vous devriez faire Pour le nettoyage des \u00e9l\u00e9ments en aluminium, il suffit d&rsquo;utiliser de l&rsquo;eau ou d\u00e9tergents neutres. Ce que vous NE devriez PAS faire Ne pas utiliser de poudres ou produits abrasifs car ils risqueraient de rayer les surfaces. Ne pas utiliser de pailles de fer ou d&rsquo;\u00e9ponges m\u00e9talliques. Attention: ne pas [&hellip;]\" \/>\n<meta property=\"og:url\" content=\"https:\/\/www.valcucine.com\/fr\/service-clients\/entretien\/raccords-en-aluminium-pour-la-cuisine\/\" \/>\n<meta property=\"og:site_name\" content=\"Valcucine\" \/>\n<meta property=\"article:publisher\" content=\"https:\/\/www.facebook.com\/valcucine\/\" \/>\n<meta property=\"article:modified_time\" content=\"2025-06-04T14:55:37+00:00\" \/>\n<meta name=\"twitter:card\" content=\"summary_large_image\" \/>\n<meta name=\"twitter:label1\" content=\"Dur\u00e9e de lecture estim\u00e9e\" \/>\n\t<meta name=\"twitter:data1\" content=\"1 minute\" \/>\n<script type=\"application\/ld+json\" class=\"yoast-schema-graph\">{\"@context\":\"https:\/\/schema.org\",\"@graph\":[{\"@type\":\"WebPage\",\"@id\":\"https:\/\/www.valcucine.com\/fr\/service-clients\/entretien\/raccords-en-aluminium-pour-la-cuisine\/\",\"url\":\"https:\/\/www.valcucine.com\/fr\/service-clients\/entretien\/raccords-en-aluminium-pour-la-cuisine\/\",\"name\":\"Maintenance Profils et \u00e9l\u00e9ments en aluminium - Valcucine\",\"isPartOf\":{\"@id\":\"https:\/\/www.valcucine.com\/#website\"},\"datePublished\":\"2024-03-19T09:24:36+00:00\",\"dateModified\":\"2025-06-04T14:55:37+00:00\",\"breadcrumb\":{\"@id\":\"https:\/\/www.valcucine.com\/fr\/service-clients\/entretien\/raccords-en-aluminium-pour-la-cuisine\/#breadcrumb\"},\"inLanguage\":\"fr-FR\",\"potentialAction\":[{\"@type\":\"ReadAction\",\"target\":[\"https:\/\/www.valcucine.com\/fr\/service-clients\/entretien\/raccords-en-aluminium-pour-la-cuisine\/\"]}]},{\"@type\":\"BreadcrumbList\",\"@id\":\"https:\/\/www.valcucine.com\/fr\/service-clients\/entretien\/raccords-en-aluminium-pour-la-cuisine\/#breadcrumb\",\"itemListElement\":[{\"@type\":\"ListItem\",\"position\":1,\"name\":\"Valcucine\",\"item\":\"https:\/\/www.valcucine.com\/fr\/\"},{\"@type\":\"ListItem\",\"position\":2,\"name\":\"Services\",\"item\":\"https:\/\/www.valcucine.com\/fr\/service-clients\/\"},{\"@type\":\"ListItem\",\"position\":3,\"name\":\"Maintenance\",\"item\":\"https:\/\/www.valcucine.com\/fr\/service-clients\/entretien\/\"},{\"@type\":\"ListItem\",\"position\":4,\"name\":\"Maintenance Profils et \u00e9l\u00e9ments en aluminium\"}]},{\"@type\":\"WebSite\",\"@id\":\"https:\/\/www.valcucine.com\/#website\",\"url\":\"https:\/\/www.valcucine.com\/\",\"name\":\"Valcucine\",\"description\":\"\",\"publisher\":{\"@id\":\"https:\/\/www.valcucine.com\/#organization\"},\"potentialAction\":[{\"@type\":\"SearchAction\",\"target\":{\"@type\":\"EntryPoint\",\"urlTemplate\":\"https:\/\/www.valcucine.com\/?s={search_term_string}\"},\"query-input\":{\"@type\":\"PropertyValueSpecification\",\"valueRequired\":true,\"valueName\":\"search_term_string\"}}],\"inLanguage\":\"fr-FR\"},{\"@type\":\"Organization\",\"@id\":\"https:\/\/www.valcucine.com\/#organization\",\"name\":\"Valcucine\",\"url\":\"https:\/\/www.valcucine.com\/\",\"logo\":{\"@type\":\"ImageObject\",\"inLanguage\":\"fr-FR\",\"@id\":\"https:\/\/www.valcucine.com\/#\/schema\/logo\/image\/\",\"url\":\"https:\/\/www.valcucine.com\/wp-content\/uploads\/2024\/02\/logo-valcucine.webp?wsr\",\"contentUrl\":\"https:\/\/www.valcucine.com\/wp-content\/uploads\/2024\/02\/logo-valcucine.webp?wsr\",\"width\":288,\"height\":46,\"caption\":\"Valcucine\"},\"image\":{\"@id\":\"https:\/\/www.valcucine.com\/#\/schema\/logo\/image\/\"},\"sameAs\":[\"https:\/\/www.facebook.com\/valcucine\/\",\"https:\/\/www.instagram.com\/valcucine\/\",\"https:\/\/www.linkedin.com\/company\/valcucine\"]}]}<\/script>\n<!-- \/ Yoast SEO plugin. -->","yoast_head_json":{"title":"Maintenance Profils et \u00e9l\u00e9ments en aluminium - Valcucine","robots":{"index":"index","follow":"follow","max-snippet":"max-snippet:-1","max-image-preview":"max-image-preview:large","max-video-preview":"max-video-preview:-1"},"canonical":"https:\/\/www.valcucine.com\/fr\/service-clients\/entretien\/raccords-en-aluminium-pour-la-cuisine\/","og_locale":"fr_FR","og_type":"article","og_title":"Maintenance Profils et \u00e9l\u00e9ments en aluminium - Valcucine","og_description":"[vc_row][vc_column][\/vc_column][\/vc_row][vc_row][vc_column][\/vc_column][\/vc_row][vc_row][vc_column][vc_column_text]Ce que vous devriez faire Pour le nettoyage des \u00e9l\u00e9ments en aluminium, il suffit d&rsquo;utiliser de l&rsquo;eau ou d\u00e9tergents neutres. Ce que vous NE devriez PAS faire Ne pas utiliser de poudres ou produits abrasifs car ils risqueraient de rayer les surfaces. Ne pas utiliser de pailles de fer ou d&rsquo;\u00e9ponges m\u00e9talliques. Attention: ne pas [&hellip;]","og_url":"https:\/\/www.valcucine.com\/fr\/service-clients\/entretien\/raccords-en-aluminium-pour-la-cuisine\/","og_site_name":"Valcucine","article_publisher":"https:\/\/www.facebook.com\/valcucine\/","article_modified_time":"2025-06-04T14:55:37+00:00","twitter_card":"summary_large_image","twitter_misc":{"Dur\u00e9e de lecture estim\u00e9e":"1 minute"},"schema":{"@context":"https:\/\/schema.org","@graph":[{"@type":"WebPage","@id":"https:\/\/www.valcucine.com\/fr\/service-clients\/entretien\/raccords-en-aluminium-pour-la-cuisine\/","url":"https:\/\/www.valcucine.com\/fr\/service-clients\/entretien\/raccords-en-aluminium-pour-la-cuisine\/","name":"Maintenance Profils et \u00e9l\u00e9ments en aluminium - Valcucine","isPartOf":{"@id":"https:\/\/www.valcucine.com\/#website"},"datePublished":"2024-03-19T09:24:36+00:00","dateModified":"2025-06-04T14:55:37+00:00","breadcrumb":{"@id":"https:\/\/www.valcucine.com\/fr\/service-clients\/entretien\/raccords-en-aluminium-pour-la-cuisine\/#breadcrumb"},"inLanguage":"fr-FR","potentialAction":[{"@type":"ReadAction","target":["https:\/\/www.valcucine.com\/fr\/service-clients\/entretien\/raccords-en-aluminium-pour-la-cuisine\/"]}]},{"@type":"BreadcrumbList","@id":"https:\/\/www.valcucine.com\/fr\/service-clients\/entretien\/raccords-en-aluminium-pour-la-cuisine\/#breadcrumb","itemListElement":[{"@type":"ListItem","position":1,"name":"Valcucine","item":"https:\/\/www.valcucine.com\/fr\/"},{"@type":"ListItem","position":2,"name":"Services","item":"https:\/\/www.valcucine.com\/fr\/service-clients\/"},{"@type":"ListItem","position":3,"name":"Maintenance","item":"https:\/\/www.valcucine.com\/fr\/service-clients\/entretien\/"},{"@type":"ListItem","position":4,"name":"Maintenance Profils et \u00e9l\u00e9ments en aluminium"}]},{"@type":"WebSite","@id":"https:\/\/www.valcucine.com\/#website","url":"https:\/\/www.valcucine.com\/","name":"Valcucine","description":"","publisher":{"@id":"https:\/\/www.valcucine.com\/#organization"},"potentialAction":[{"@type":"SearchAction","target":{"@type":"EntryPoint","urlTemplate":"https:\/\/www.valcucine.com\/?s={search_term_string}"},"query-input":{"@type":"PropertyValueSpecification","valueRequired":true,"valueName":"search_term_string"}}],"inLanguage":"fr-FR"},{"@type":"Organization","@id":"https:\/\/www.valcucine.com\/#organization","name":"Valcucine","url":"https:\/\/www.valcucine.com\/","logo":{"@type":"ImageObject","inLanguage":"fr-FR","@id":"https:\/\/www.valcucine.com\/#\/schema\/logo\/image\/","url":"https:\/\/www.valcucine.com\/wp-content\/uploads\/2024\/02\/logo-valcucine.webp?wsr","contentUrl":"https:\/\/www.valcucine.com\/wp-content\/uploads\/2024\/02\/logo-valcucine.webp?wsr","width":288,"height":46,"caption":"Valcucine"},"image":{"@id":"https:\/\/www.valcucine.com\/#\/schema\/logo\/image\/"},"sameAs":["https:\/\/www.facebook.com\/valcucine\/","https:\/\/www.instagram.com\/valcucine\/","https:\/\/www.linkedin.com\/company\/valcucine"]}]}},"_links":{"self":[{"href":"https:\/\/www.valcucine.com\/fr\/wp-json\/wp\/v2\/pages\/12523","targetHints":{"allow":["GET"]}}],"collection":[{"href":"https:\/\/www.valcucine.com\/fr\/wp-json\/wp\/v2\/pages"}],"about":[{"href":"https:\/\/www.valcucine.com\/fr\/wp-json\/wp\/v2\/types\/page"}],"author":[{"embeddable":true,"href":"https:\/\/www.valcucine.com\/fr\/wp-json\/wp\/v2\/users\/1"}],"replies":[{"embeddable":true,"href":"https:\/\/www.valcucine.com\/fr\/wp-json\/wp\/v2\/comments?post=12523"}],"version-history":[{"count":2,"href":"https:\/\/www.valcucine.com\/fr\/wp-json\/wp\/v2\/pages\/12523\/revisions"}],"predecessor-version":[{"id":41627,"href":"https:\/\/www.valcucine.com\/fr\/wp-json\/wp\/v2\/pages\/12523\/revisions\/41627"}],"up":[{"embeddable":true,"href":"https:\/\/www.valcucine.com\/fr\/wp-json\/wp\/v2\/pages\/12458"}],"wp:attachment":[{"href":"https:\/\/www.valcucine.com\/fr\/wp-json\/wp\/v2\/media?parent=12523"}],"curies":[{"name":"wp","href":"https:\/\/api.w.org\/{rel}","templated":true}]}}