{"id":12526,"date":"2024-03-12T13:58:52","date_gmt":"2024-03-12T13:58:52","guid":{"rendered":"https:\/\/devel.valcucine.com\/servizi-cliente\/entretien\/cappe\/"},"modified":"2025-06-04T14:57:20","modified_gmt":"2025-06-04T14:57:20","slug":"hotte","status":"publish","type":"page","link":"https:\/\/www.valcucine.com\/fr\/service-clients\/entretien\/hotte\/","title":{"rendered":"Maintenance Hotte"},"content":{"rendered":"<div class=\"wpb-content-wrapper\"><p>[vc_row][vc_column]\n        \n        <h1 class=\"text-start  main__title__h1  vc_custom_1731594134053 \" style=\"color:#333333;\"> \n\n         Maintenance Hotte\n        \n        <\/h1>[\/vc_column][\/vc_row][vc_row][vc_column width=\u00a0\u00bb1\/2&Prime;]\n        \n        <h3 class=\"text-start  main__title__h4  vc_custom_1716887085025 \" style=\"color:#333333;\"> \n\n         HOTTE ASPIRANTE\n        \n        <\/h3>[vc_column_text]<strong>Ce que vous devriez faire<\/strong><br \/>\nApr\u00e8s avoir plac\u00e9 les casseroles sur le feu, mettre en marche imm\u00e9diatement la hotte afin d&rsquo;\u00e9viter la surchauffe du moteur et augmenter l&rsquo;efficacit\u00e9 contre les vapeurs et les odeurs.<br \/>\nLes filtres en aluminium anodis\u00e9, mont\u00e9s sur toutes les hottes de la marque Valcucine, sont pratiques et s\u00fbrs ; on peut les laver avec des d\u00e9tergents ordinaires et les r\u00e9utiliser.<br \/>\nAfin de maintenir toute l&rsquo;efficacit\u00e9 de la hotte, le nettoyage doit \u00eatre effectu\u00e9 au moins une fois tous les trois mois.<br \/>\nLa partie frontale ext\u00e9rieure (en aluminium, acier inoxydable) doit \u00eatre nettoy\u00e9e \u00e0 l&rsquo;aide d&rsquo;un chiffon doux imbib\u00e9 de d\u00e9tergent liquide neutre en ex\u00e9cutant un mouvement horizontal.<\/p>\n<p><strong>Ce que vous NE devriez PAS faire<\/strong><br \/>\nNe jamais laisser de foyers allum\u00e9s sans casseroles lorsque la hotte n&rsquo;est pas en marche.<br \/>\nPour nettoyer la partie frontale, ne jamais utiliser de d\u00e9tergents \u00e0 base acide anticalcaire ou \u00e0 base caustique, tels que des produits pour fours, sols, lave-vaisselle ou sanitaires.<br \/>\nNe pas utiliser, en outre, de produits abrasifs, paille de fer ou similaires qui pourraient rayer la surface.[\/vc_column_text][\/vc_column][vc_column width=\u00a0\u00bb1\/2&Prime;]\n        \n        <h3 class=\"text-start  main__title__h4  vc_custom_1716887111314 \" style=\"color:#333333;\"> \n\n         HOTTE D\u00c9PURANTE\n        \n        <\/h3>[vc_column_text]<strong>Ce que vous devriez faire<\/strong><br \/>\nAfin de garantir toute l&rsquo;efficacit\u00e9 d&rsquo;aspiration, remplacer souvent les filtres \u00e0 charbon et laver le filtre anti-graisse (en aluminium) au moins une fois tous les trois mois.<br \/>\nPour r\u00e9duire le taux d&rsquo;humidit\u00e9 dans le cas d&rsquo;une hotte d\u00e9purante, ouvrir souvent une fen\u00eatre et renouveler l&rsquo;air pr\u00e9sent dans la pi\u00e8ce.<br \/>\nLa partie frontale ext\u00e9rieure (en aluminium, acier inoxydable) doit \u00eatre nettoy\u00e9e \u00e0 l&rsquo;aide d&rsquo;un chiffon doux imbib\u00e9 de d\u00e9tergent liquide neutre en ex\u00e9cutant un mouvement horizontal.<\/p>\n<p><strong>Ce que vous NE devriez PAS faire<\/strong><br \/>\nNe jamais laisser de foyers allum\u00e9s sans casseroles lorsque la hotte n&rsquo;est pas en marche.<br \/>\nPour nettoyer la partie frontale, ne jamais utiliser de d\u00e9tergents \u00e0 base acide anticalcaire ou \u00e0 base caustique, tels que des produits pour fours, sols, lave-vaisselle ou sanitaires.<br \/>\nNe pas utiliser, en outre, de produits abrasifs, paille de fer ou similaires qui pourraient rayer la surface.[\/vc_column_text][\/vc_column][\/vc_row][vc_row][vc_column][\/vc_column][\/vc_row]<\/p>\n<\/div>","protected":false},"excerpt":{"rendered":"<p>[vc_row][vc_column][\/vc_column][\/vc_row][vc_row][vc_column width=\u00a0\u00bb1\/2&Prime;][vc_column_text]Ce que vous devriez faire Apr\u00e8s avoir plac\u00e9 les casseroles sur le feu, mettre en marche imm\u00e9diatement la hotte afin d&rsquo;\u00e9viter la surchauffe du moteur et augmenter l&rsquo;efficacit\u00e9 contre les vapeurs et les odeurs. Les filtres en aluminium anodis\u00e9, mont\u00e9s sur toutes les hottes de la marque Valcucine, sont pratiques et s\u00fbrs ; on [&hellip;]<\/p>\n","protected":false},"author":1,"featured_media":0,"parent":12458,"menu_order":0,"comment_status":"closed","ping_status":"closed","template":"page-maintenancetemplate.php","meta":{"footnotes":""},"class_list":["post-12526","page","type-page","status-publish","hentry"],"yoast_head":"<!-- This site is optimized with the Yoast SEO plugin v26.2 - https:\/\/yoast.com\/wordpress\/plugins\/seo\/ -->\n<title>Maintenance Hotte - Valcucine<\/title>\n<meta name=\"robots\" content=\"index, follow, max-snippet:-1, max-image-preview:large, max-video-preview:-1\" \/>\n<link rel=\"canonical\" href=\"https:\/\/www.valcucine.com\/fr\/service-clients\/entretien\/hotte\/\" \/>\n<meta property=\"og:locale\" content=\"fr_FR\" \/>\n<meta property=\"og:type\" content=\"article\" \/>\n<meta property=\"og:title\" content=\"Maintenance Hotte - Valcucine\" \/>\n<meta property=\"og:description\" content=\"[vc_row][vc_column][\/vc_column][\/vc_row][vc_row][vc_column width=\u00a0\u00bb1\/2&Prime;][vc_column_text]Ce que vous devriez faire Apr\u00e8s avoir plac\u00e9 les casseroles sur le feu, mettre en marche imm\u00e9diatement la hotte afin d&rsquo;\u00e9viter la surchauffe du moteur et augmenter l&rsquo;efficacit\u00e9 contre les vapeurs et les odeurs. Les filtres en aluminium anodis\u00e9, mont\u00e9s sur toutes les hottes de la marque Valcucine, sont pratiques et s\u00fbrs ; on [&hellip;]\" \/>\n<meta property=\"og:url\" content=\"https:\/\/www.valcucine.com\/fr\/service-clients\/entretien\/hotte\/\" \/>\n<meta property=\"og:site_name\" content=\"Valcucine\" \/>\n<meta property=\"article:publisher\" content=\"https:\/\/www.facebook.com\/valcucine\/\" \/>\n<meta property=\"article:modified_time\" content=\"2025-06-04T14:57:20+00:00\" \/>\n<meta name=\"twitter:card\" content=\"summary_large_image\" \/>\n<meta name=\"twitter:label1\" content=\"Dur\u00e9e de lecture estim\u00e9e\" \/>\n\t<meta name=\"twitter:data1\" content=\"2 minutes\" \/>\n<script type=\"application\/ld+json\" class=\"yoast-schema-graph\">{\"@context\":\"https:\/\/schema.org\",\"@graph\":[{\"@type\":\"WebPage\",\"@id\":\"https:\/\/www.valcucine.com\/fr\/service-clients\/entretien\/hotte\/\",\"url\":\"https:\/\/www.valcucine.com\/fr\/service-clients\/entretien\/hotte\/\",\"name\":\"Maintenance Hotte - Valcucine\",\"isPartOf\":{\"@id\":\"https:\/\/www.valcucine.com\/#website\"},\"datePublished\":\"2024-03-12T13:58:52+00:00\",\"dateModified\":\"2025-06-04T14:57:20+00:00\",\"breadcrumb\":{\"@id\":\"https:\/\/www.valcucine.com\/fr\/service-clients\/entretien\/hotte\/#breadcrumb\"},\"inLanguage\":\"fr-FR\",\"potentialAction\":[{\"@type\":\"ReadAction\",\"target\":[\"https:\/\/www.valcucine.com\/fr\/service-clients\/entretien\/hotte\/\"]}]},{\"@type\":\"BreadcrumbList\",\"@id\":\"https:\/\/www.valcucine.com\/fr\/service-clients\/entretien\/hotte\/#breadcrumb\",\"itemListElement\":[{\"@type\":\"ListItem\",\"position\":1,\"name\":\"Valcucine\",\"item\":\"https:\/\/www.valcucine.com\/fr\/\"},{\"@type\":\"ListItem\",\"position\":2,\"name\":\"Services\",\"item\":\"https:\/\/www.valcucine.com\/fr\/service-clients\/\"},{\"@type\":\"ListItem\",\"position\":3,\"name\":\"Maintenance\",\"item\":\"https:\/\/www.valcucine.com\/fr\/service-clients\/entretien\/\"},{\"@type\":\"ListItem\",\"position\":4,\"name\":\"Maintenance Hotte\"}]},{\"@type\":\"WebSite\",\"@id\":\"https:\/\/www.valcucine.com\/#website\",\"url\":\"https:\/\/www.valcucine.com\/\",\"name\":\"Valcucine\",\"description\":\"\",\"publisher\":{\"@id\":\"https:\/\/www.valcucine.com\/#organization\"},\"potentialAction\":[{\"@type\":\"SearchAction\",\"target\":{\"@type\":\"EntryPoint\",\"urlTemplate\":\"https:\/\/www.valcucine.com\/?s={search_term_string}\"},\"query-input\":{\"@type\":\"PropertyValueSpecification\",\"valueRequired\":true,\"valueName\":\"search_term_string\"}}],\"inLanguage\":\"fr-FR\"},{\"@type\":\"Organization\",\"@id\":\"https:\/\/www.valcucine.com\/#organization\",\"name\":\"Valcucine\",\"url\":\"https:\/\/www.valcucine.com\/\",\"logo\":{\"@type\":\"ImageObject\",\"inLanguage\":\"fr-FR\",\"@id\":\"https:\/\/www.valcucine.com\/#\/schema\/logo\/image\/\",\"url\":\"https:\/\/www.valcucine.com\/wp-content\/uploads\/2024\/02\/logo-valcucine.webp?wsr\",\"contentUrl\":\"https:\/\/www.valcucine.com\/wp-content\/uploads\/2024\/02\/logo-valcucine.webp?wsr\",\"width\":288,\"height\":46,\"caption\":\"Valcucine\"},\"image\":{\"@id\":\"https:\/\/www.valcucine.com\/#\/schema\/logo\/image\/\"},\"sameAs\":[\"https:\/\/www.facebook.com\/valcucine\/\",\"https:\/\/www.instagram.com\/valcucine\/\",\"https:\/\/www.linkedin.com\/company\/valcucine\"]}]}<\/script>\n<!-- \/ Yoast SEO plugin. -->","yoast_head_json":{"title":"Maintenance Hotte - Valcucine","robots":{"index":"index","follow":"follow","max-snippet":"max-snippet:-1","max-image-preview":"max-image-preview:large","max-video-preview":"max-video-preview:-1"},"canonical":"https:\/\/www.valcucine.com\/fr\/service-clients\/entretien\/hotte\/","og_locale":"fr_FR","og_type":"article","og_title":"Maintenance Hotte - Valcucine","og_description":"[vc_row][vc_column][\/vc_column][\/vc_row][vc_row][vc_column width=\u00a0\u00bb1\/2&Prime;][vc_column_text]Ce que vous devriez faire Apr\u00e8s avoir plac\u00e9 les casseroles sur le feu, mettre en marche imm\u00e9diatement la hotte afin d&rsquo;\u00e9viter la surchauffe du moteur et augmenter l&rsquo;efficacit\u00e9 contre les vapeurs et les odeurs. Les filtres en aluminium anodis\u00e9, mont\u00e9s sur toutes les hottes de la marque Valcucine, sont pratiques et s\u00fbrs ; on [&hellip;]","og_url":"https:\/\/www.valcucine.com\/fr\/service-clients\/entretien\/hotte\/","og_site_name":"Valcucine","article_publisher":"https:\/\/www.facebook.com\/valcucine\/","article_modified_time":"2025-06-04T14:57:20+00:00","twitter_card":"summary_large_image","twitter_misc":{"Dur\u00e9e de lecture estim\u00e9e":"2 minutes"},"schema":{"@context":"https:\/\/schema.org","@graph":[{"@type":"WebPage","@id":"https:\/\/www.valcucine.com\/fr\/service-clients\/entretien\/hotte\/","url":"https:\/\/www.valcucine.com\/fr\/service-clients\/entretien\/hotte\/","name":"Maintenance Hotte - Valcucine","isPartOf":{"@id":"https:\/\/www.valcucine.com\/#website"},"datePublished":"2024-03-12T13:58:52+00:00","dateModified":"2025-06-04T14:57:20+00:00","breadcrumb":{"@id":"https:\/\/www.valcucine.com\/fr\/service-clients\/entretien\/hotte\/#breadcrumb"},"inLanguage":"fr-FR","potentialAction":[{"@type":"ReadAction","target":["https:\/\/www.valcucine.com\/fr\/service-clients\/entretien\/hotte\/"]}]},{"@type":"BreadcrumbList","@id":"https:\/\/www.valcucine.com\/fr\/service-clients\/entretien\/hotte\/#breadcrumb","itemListElement":[{"@type":"ListItem","position":1,"name":"Valcucine","item":"https:\/\/www.valcucine.com\/fr\/"},{"@type":"ListItem","position":2,"name":"Services","item":"https:\/\/www.valcucine.com\/fr\/service-clients\/"},{"@type":"ListItem","position":3,"name":"Maintenance","item":"https:\/\/www.valcucine.com\/fr\/service-clients\/entretien\/"},{"@type":"ListItem","position":4,"name":"Maintenance Hotte"}]},{"@type":"WebSite","@id":"https:\/\/www.valcucine.com\/#website","url":"https:\/\/www.valcucine.com\/","name":"Valcucine","description":"","publisher":{"@id":"https:\/\/www.valcucine.com\/#organization"},"potentialAction":[{"@type":"SearchAction","target":{"@type":"EntryPoint","urlTemplate":"https:\/\/www.valcucine.com\/?s={search_term_string}"},"query-input":{"@type":"PropertyValueSpecification","valueRequired":true,"valueName":"search_term_string"}}],"inLanguage":"fr-FR"},{"@type":"Organization","@id":"https:\/\/www.valcucine.com\/#organization","name":"Valcucine","url":"https:\/\/www.valcucine.com\/","logo":{"@type":"ImageObject","inLanguage":"fr-FR","@id":"https:\/\/www.valcucine.com\/#\/schema\/logo\/image\/","url":"https:\/\/www.valcucine.com\/wp-content\/uploads\/2024\/02\/logo-valcucine.webp?wsr","contentUrl":"https:\/\/www.valcucine.com\/wp-content\/uploads\/2024\/02\/logo-valcucine.webp?wsr","width":288,"height":46,"caption":"Valcucine"},"image":{"@id":"https:\/\/www.valcucine.com\/#\/schema\/logo\/image\/"},"sameAs":["https:\/\/www.facebook.com\/valcucine\/","https:\/\/www.instagram.com\/valcucine\/","https:\/\/www.linkedin.com\/company\/valcucine"]}]}},"_links":{"self":[{"href":"https:\/\/www.valcucine.com\/fr\/wp-json\/wp\/v2\/pages\/12526","targetHints":{"allow":["GET"]}}],"collection":[{"href":"https:\/\/www.valcucine.com\/fr\/wp-json\/wp\/v2\/pages"}],"about":[{"href":"https:\/\/www.valcucine.com\/fr\/wp-json\/wp\/v2\/types\/page"}],"author":[{"embeddable":true,"href":"https:\/\/www.valcucine.com\/fr\/wp-json\/wp\/v2\/users\/1"}],"replies":[{"embeddable":true,"href":"https:\/\/www.valcucine.com\/fr\/wp-json\/wp\/v2\/comments?post=12526"}],"version-history":[{"count":4,"href":"https:\/\/www.valcucine.com\/fr\/wp-json\/wp\/v2\/pages\/12526\/revisions"}],"predecessor-version":[{"id":41760,"href":"https:\/\/www.valcucine.com\/fr\/wp-json\/wp\/v2\/pages\/12526\/revisions\/41760"}],"up":[{"embeddable":true,"href":"https:\/\/www.valcucine.com\/fr\/wp-json\/wp\/v2\/pages\/12458"}],"wp:attachment":[{"href":"https:\/\/www.valcucine.com\/fr\/wp-json\/wp\/v2\/media?parent=12526"}],"curies":[{"name":"wp","href":"https:\/\/api.w.org\/{rel}","templated":true}]}}