{"id":12599,"date":"2024-03-05T09:12:28","date_gmt":"2024-03-05T09:12:28","guid":{"rendered":"https:\/\/devel.valcucine.com\/elementi-speciali\/"},"modified":"2025-06-04T13:28:01","modified_gmt":"2025-06-04T13:28:01","slug":"caracteristiques-particulieres","status":"publish","type":"page","link":"https:\/\/www.valcucine.com\/fr\/caracteristiques-particulieres\/","title":{"rendered":"\u00c9l\u00e9ments Particuliers"},"content":{"rendered":"<div class=\"wpb-content-wrapper\"><p>[vc_row css=\u00a0\u00bb.vc_custom_1709739912507{padding-top: 40px !important;padding-bottom: 40px !important;}\u00a0\u00bb][vc_column]\n        \n        <h1 class=\"text-center  main__title__h1  \" style=\"color:#333333;\"> \n\n         \u00c9l\u00e9ments Particuliers\n        \n        <\/h1>[\/vc_column][\/vc_row][vc_row][vc_column][vc_column_text]<\/p>\n<div class=\"text\">L\u2019interaction parfaite avec les \u00e9l\u00e9ments de la cuisine en accro\u00eet l\u2019utilit\u00e9 et les performances, tout en am\u00e9liorant l\u2019exp\u00e9rience d\u2019utilisation. Voil\u00e0 pourquoi, chez Valcucine, nous avons r\u00e9invent\u00e9 l\u2019ergonomie dans la cuisine, en concevant de nouvelles exp\u00e9riences d\u2019utilisation \u00e0 travers nos \u00e9l\u00e9ments particuliers.<\/div>\n<p>[\/vc_column_text][\/vc_column][\/vc_row][vc_row][vc_column][vc_separator color=\u00a0\u00bbcustom\u00a0\u00bb el_width=\u00a0\u00bb10&Prime; accent_color=\u00a0\u00bb#666666&Prime;][\/vc_column][\/vc_row][vc_row][vc_column width=\u00a0\u00bb1\/3&Prime;]<div class=\"block__img__hover\"><a href=\"https:\/\/www.valcucine.com\/fr\/caracteristiques-particulieres\/logica-celata-2\/\" target=\"\" rel=\"\" style=\"background-image:url(https:\/\/www.valcucine.com\/wp-content\/uploads\/2024\/05\/2_Valcucine_Logica_Celata_0183-1-scaled.jpg?wsr)\"><img src='https:\/\/www.valcucine.com\/wp-content\/uploads\/2024\/05\/2_Valcucine_Logica_Celata_0183-1-scaled.jpg?wsr' alt='' style='display:none'><h4>Logica Celata<\/h4><\/a><\/div>[\/vc_column][vc_column width=\u00a0\u00bb1\/3&Prime;]<div class=\"block__img__hover\"><a href=\"https:\/\/www.valcucine.com\/fr\/caracteristiques-particulieres\/new-logica\/\" target=\"\" rel=\"\" style=\"background-image:url(https:\/\/www.valcucine.com\/wp-content\/uploads\/2024\/08\/Valcucine_New-Logica_-kitchen-integration-with-the-architecture-.jpg?wsr)\"><img src='https:\/\/www.valcucine.com\/wp-content\/uploads\/2024\/08\/Valcucine_New-Logica_-kitchen-integration-with-the-architecture-.jpg?wsr' alt='Valcucine_New Logica_ kitchen integration with the architecture' style='display:none'><h4>New logica<\/h4><\/a><\/div>[\/vc_column][vc_column width=\u00a0\u00bb1\/3&Prime;]<div class=\"block__img__hover\"><a href=\"https:\/\/www.valcucine.com\/fr\/caracteristiques-particulieres\/porte-vela\/\" target=\"\" rel=\"\" style=\"background-image:url(https:\/\/www.valcucine.com\/wp-content\/uploads\/2024\/03\/481__dsc4537_hdr.webp?wsr)\"><img src='https:\/\/www.valcucine.com\/wp-content\/uploads\/2024\/03\/481__dsc4537_hdr.webp?wsr' alt='' style='display:none'><h4>\u00c9l\u00e9ment Haut Vela<\/h4><\/a><\/div>[\/vc_column][\/vc_row][vc_row][vc_column width=\u00a0\u00bb1\/3&Prime;]<div class=\"block__img__hover\"><a href=\"https:\/\/www.valcucine.com\/fr\/caracteristiques-particulieres\/vitrines\/\" target=\"\" rel=\"\" style=\"background-image:url(https:\/\/www.valcucine.com\/wp-content\/uploads\/2024\/03\/512_2faber.webp?wsr)\"><img src='https:\/\/www.valcucine.com\/wp-content\/uploads\/2024\/03\/512_2faber.webp?wsr' alt='' style='display:none'><h4>Vitrines<\/h4><\/a><\/div>[\/vc_column][vc_column width=\u00a0\u00bb1\/3&Prime;]<div class=\"block__img__hover\"><a href=\"https:\/\/www.valcucine.com\/fr\/caracteristiques-particulieres\/canaux\/\" target=\"\" rel=\"\" style=\"background-image:url(https:\/\/www.valcucine.com\/wp-content\/uploads\/2024\/08\/STEEL-BACK-SECTION-1-e1753195219268.jpg?wsr)\"><img src='https:\/\/www.valcucine.com\/wp-content\/uploads\/2024\/08\/STEEL-BACK-SECTION-1-e1753195219268.jpg?wsr' alt='' style='display:none'><h4>Canaux \u00e9quip\u00e9s<\/h4><\/a><\/div>[\/vc_column][vc_column width=\u00a0\u00bb1\/3&Prime;]<div class=\"block__img__hover\"><a href=\"https:\/\/www.valcucine.com\/fr\/caracteristiques-particulieres\/systeme-air-logica\/\" target=\"\" rel=\"\" style=\"background-image:url(https:\/\/www.valcucine.com\/wp-content\/uploads\/2024\/03\/34_genius-loci-cassetto-in-rame-15.webp?wsr)\"><img src='https:\/\/www.valcucine.com\/wp-content\/uploads\/2024\/03\/34_genius-loci-cassetto-in-rame-15.webp?wsr' alt='' style='display:none'><h4>Air logica<\/h4><\/a><\/div>[\/vc_column][\/vc_row][vc_row][vc_column width=\u00a0\u00bb1\/3&Prime;]<div class=\"block__img__hover\"><a href=\"https:\/\/www.valcucine.com\/fr\/caracteristiques-particulieres\/systeme-lement-haut-aerius\/\" target=\"\" rel=\"\" style=\"background-image:url(https:\/\/www.valcucine.com\/wp-content\/uploads\/2024\/03\/439_valcucine_0138_riciclantica-outline_aperta-on.webp?wsr)\"><img src='https:\/\/www.valcucine.com\/wp-content\/uploads\/2024\/03\/439_valcucine_0138_riciclantica-outline_aperta-on.webp?wsr' alt='' style='display:none'><h4>\u00c9l\u00e9ment haut Aerius<\/h4><\/a><\/div>[\/vc_column][vc_column width=\u00a0\u00bb1\/3&Prime;]<div class=\"block__img__hover\"><a href=\"https:\/\/www.valcucine.com\/fr\/caracteristiques-particulieres\/elementi-speciali-sistema-cielo\/\" target=\"\" rel=\"\" style=\"background-image:url(https:\/\/www.valcucine.com\/wp-content\/uploads\/2024\/03\/430_valcucine_0179_riciclantica-outline_strech_aperto_off.webp?wsr)\"><img src='https:\/\/www.valcucine.com\/wp-content\/uploads\/2024\/03\/430_valcucine_0179_riciclantica-outline_strech_aperto_off.webp?wsr' alt='' style='display:none'><h4>El\u00e9ment haut Cielo<\/h4><\/a><\/div>[\/vc_column][vc_column width=\u00a0\u00bb1\/3&Prime;]<div class=\"block__img__hover\"><a href=\"https:\/\/www.valcucine.com\/fr\/caracteristiques-particulieres\/v-light\/\" target=\"\" rel=\"\" style=\"background-image:url(https:\/\/www.valcucine.com\/wp-content\/uploads\/2024\/03\/440_14-valcucine_0753.webp?wsr)\"><img src='https:\/\/www.valcucine.com\/wp-content\/uploads\/2024\/03\/440_14-valcucine_0753.webp?wsr' alt='' style='display:none'><h4>V-light<\/h4><\/a><\/div>[\/vc_column][\/vc_row][vc_row][vc_column width=\u00a0\u00bb1\/3&Prime;]<div class=\"block__img__hover\"><a href=\"https:\/\/www.valcucine.com\/fr\/caracteristiques-particulieres\/v-motion\/\" target=\"\" rel=\"\" style=\"background-image:url(https:\/\/www.valcucine.com\/wp-content\/uploads\/2024\/03\/219_valcucine_genius_loci_0309_1188_826.webp?wsr)\"><img src='https:\/\/www.valcucine.com\/wp-content\/uploads\/2024\/03\/219_valcucine_genius_loci_0309_1188_826.webp?wsr' alt='' style='display:none'><h4>V-motion<\/h4><\/a><\/div>[\/vc_column][vc_column width=\u00a0\u00bb1\/3&Prime;]<div class=\"block__img__hover\"><a href=\"https:\/\/www.valcucine.com\/fr\/caracteristiques-particulieres\/armoires-a-portes-rentrantes\/\" target=\"\" rel=\"\" style=\"background-image:url(https:\/\/www.valcucine.com\/wp-content\/uploads\/2024\/03\/226_genius-loci-22.webp?wsr)\"><img src='https:\/\/www.valcucine.com\/wp-content\/uploads\/2024\/03\/226_genius-loci-22.webp?wsr' alt='' style='display:none'><h4>Armoires \u00e0 portes rentrantes<\/h4><\/a><\/div>[\/vc_column][vc_column width=\u00a0\u00bb1\/3&Prime;]<div class=\"block__img__hover\"><a href=\"https:\/\/www.valcucine.com\/fr\/caracteristiques-particulieres\/invitrum-base-units\/\" target=\"\" rel=\"\" style=\"background-image:url(https:\/\/www.valcucine.com\/wp-content\/uploads\/2024\/03\/438_basi-invitrum-gen.webp?wsr)\"><img src='https:\/\/www.valcucine.com\/wp-content\/uploads\/2024\/03\/438_basi-invitrum-gen.webp?wsr' alt='' style='display:none'><h4>\u00c9l\u00e9ments bas Invitrum<\/h4><\/a><\/div>[\/vc_column][\/vc_row][vc_row][vc_column width=\u00a0\u00bb1\/3&Prime;]<div class=\"block__img__hover\"><a href=\"https:\/\/www.valcucine.com\/fr\/caracteristiques-particulieres\/schienale-sopratop-attrezzato\/\" target=\"\" rel=\"\" style=\"background-image:url(https:\/\/www.valcucine.com\/wp-content\/uploads\/2024\/03\/433_valcucine_0231_riciclantica-outline.webp?wsr)\"><img src='https:\/\/www.valcucine.com\/wp-content\/uploads\/2024\/03\/433_valcucine_0231_riciclantica-outline.webp?wsr' alt='' style='display:none'><h4>Cr\u00e9dence am\u00e9nag\u00e9e<\/h4><\/a><\/div>[\/vc_column][vc_column width=\u00a0\u00bb1\/3&Prime;]<div class=\"block__img__hover\"><a href=\"https:\/\/www.valcucine.com\/fr\/caracteristiques-particulieres\/paraschizzi-in-vetro\/\" target=\"\" rel=\"\" style=\"background-image:url(https:\/\/www.valcucine.com\/wp-content\/uploads\/2024\/03\/434_paraschizzi-in-vetro.webp?wsr)\"><img src='https:\/\/www.valcucine.com\/wp-content\/uploads\/2024\/03\/434_paraschizzi-in-vetro.webp?wsr' alt='' style='display:none'><h4>\u00c9cran anti-\u00e9claboussures en verre<\/h4><\/a><\/div>[\/vc_column][vc_column width=\u00a0\u00bb1\/3&Prime;]<div class=\"block__img__hover\"><a href=\"https:\/\/www.valcucine.com\/fr\/caracteristiques-particulieres\/rayonnages\/\" target=\"\" rel=\"\" style=\"background-image:url(https:\/\/www.valcucine.com\/wp-content\/uploads\/2024\/03\/431_riciclantica-outline_sistema-terra-cielo.webp?wsr)\"><img src='https:\/\/www.valcucine.com\/wp-content\/uploads\/2024\/03\/431_riciclantica-outline_sistema-terra-cielo.webp?wsr' alt='' style='display:none'><h4>Rayonnages<\/h4><\/a><\/div>[\/vc_column][\/vc_row][vc_row css=\u00a0\u00bb.vc_custom_1710837980321{margin-bottom: 40px !important;}\u00a0\u00bb][vc_column width=\u00a0\u00bb1\/3&Prime;]<div class=\"block__img__hover\"><a href=\"https:\/\/www.valcucine.com\/fr\/caracteristiques-particulieres\/rangements-dissimules\/\" target=\"\" rel=\"\" style=\"background-image:url(https:\/\/www.valcucine.com\/wp-content\/uploads\/2024\/03\/31_1188_826_genius-loci_0437.webp?wsr)\"><img src='https:\/\/www.valcucine.com\/wp-content\/uploads\/2024\/03\/31_1188_826_genius-loci_0437.webp?wsr' alt='' style='display:none'><h4>Structure-pont am\u00e9nag\u00e9e<\/h4><\/a><\/div><div class=\"block__img__hover\"><a href=\"https:\/\/www.valcucine.com\/fr\/caracteristiques-particulieres\/pocket-door-system\/\" target=\"\" rel=\"\" style=\"background-image:url(https:\/\/www.valcucine.com\/wp-content\/uploads\/2024\/12\/POCKET-DOOR-SYSTEM-HP.jpg?wsr)\"><img src='https:\/\/www.valcucine.com\/wp-content\/uploads\/2024\/12\/POCKET-DOOR-SYSTEM-HP.jpg?wsr' alt='' style='display:none'><h4>Pocket door system<\/h4><\/a><\/div>[\/vc_column][vc_column width=\u00a0\u00bb1\/3&Prime;]<div class=\"block__img__hover\"><a href=\"https:\/\/www.valcucine.com\/fr\/caracteristiques-particulieres\/plans-repas\/\" target=\"\" rel=\"\" style=\"background-image:url(https:\/\/www.valcucine.com\/wp-content\/uploads\/2024\/03\/435_valcucine_0045_artematica-soft-outlinegen.webp?wsr)\"><img src='https:\/\/www.valcucine.com\/wp-content\/uploads\/2024\/03\/435_valcucine_0045_artematica-soft-outlinegen.webp?wsr' alt='' style='display:none'><h4>Plans-repas<\/h4><\/a><\/div>[\/vc_column][vc_column width=\u00a0\u00bb1\/3&Prime;]<div class=\"block__img__hover\"><a href=\"https:\/\/www.valcucine.com\/fr\/caracteristiques-particulieres\/tables\/\" target=\"\" rel=\"\" style=\"background-image:url(https:\/\/www.valcucine.com\/wp-content\/uploads\/2024\/03\/436_1-symposium_ambientazione.webp?wsr)\"><img src='https:\/\/www.valcucine.com\/wp-content\/uploads\/2024\/03\/436_1-symposium_ambientazione.webp?wsr' alt='' style='display:none'><h4>Tables<\/h4><\/a><\/div>[\/vc_column][\/vc_row]<\/p>\n<\/div>","protected":false},"excerpt":{"rendered":"<p>[vc_row css=\u00a0\u00bb.vc_custom_1709739912507{padding-top: 40px !important;padding-bottom: 40px !important;}\u00a0\u00bb][vc_column][\/vc_column][\/vc_row][vc_row][vc_column][vc_column_text] L\u2019interaction parfaite avec les \u00e9l\u00e9ments de la cuisine en accro\u00eet l\u2019utilit\u00e9 et les performances, tout en am\u00e9liorant l\u2019exp\u00e9rience d\u2019utilisation. Voil\u00e0 pourquoi, chez Valcucine, nous avons r\u00e9invent\u00e9 l\u2019ergonomie dans la cuisine, en concevant de nouvelles exp\u00e9riences d\u2019utilisation \u00e0 travers nos \u00e9l\u00e9ments particuliers. [\/vc_column_text][\/vc_column][\/vc_row][vc_row][vc_column][vc_separator color=\u00a0\u00bbcustom\u00a0\u00bb el_width=\u00a0\u00bb10&Prime; accent_color=\u00a0\u00bb#666666&Prime;][\/vc_column][\/vc_row][vc_row][vc_column width=\u00a0\u00bb1\/3&Prime;][\/vc_column][vc_column width=\u00a0\u00bb1\/3&Prime;][\/vc_column][vc_column width=\u00a0\u00bb1\/3&Prime;][\/vc_column][\/vc_row][vc_row][vc_column width=\u00a0\u00bb1\/3&Prime;][\/vc_column][vc_column [&hellip;]<\/p>\n","protected":false},"author":1,"featured_media":0,"parent":0,"menu_order":0,"comment_status":"closed","ping_status":"closed","template":"","meta":{"footnotes":""},"class_list":["post-12599","page","type-page","status-publish","hentry"],"yoast_head":"<!-- This site is optimized with the Yoast SEO plugin v26.2 - https:\/\/yoast.com\/wordpress\/plugins\/seo\/ -->\n<title>\u00c9l\u00e9ments Particuliers - Valcucine<\/title>\n<meta name=\"description\" content=\"D\u00e9couvrez les \u00e9l\u00e9ments particuliers de Valcucine : des solutions innovantes et \u00e9l\u00e9gantes pour la cuisine, alliant fonctionnalit\u00e9 et design.\" \/>\n<meta name=\"robots\" content=\"index, follow, max-snippet:-1, max-image-preview:large, max-video-preview:-1\" \/>\n<link rel=\"canonical\" href=\"https:\/\/www.valcucine.com\/fr\/caracteristiques-particulieres\/\" \/>\n<meta property=\"og:locale\" content=\"fr_FR\" \/>\n<meta property=\"og:type\" content=\"article\" \/>\n<meta property=\"og:title\" content=\"\u00c9l\u00e9ments Particuliers - Valcucine\" \/>\n<meta property=\"og:description\" content=\"D\u00e9couvrez les \u00e9l\u00e9ments particuliers de Valcucine : des solutions innovantes et \u00e9l\u00e9gantes pour la cuisine, alliant fonctionnalit\u00e9 et design.\" \/>\n<meta property=\"og:url\" content=\"https:\/\/www.valcucine.com\/fr\/caracteristiques-particulieres\/\" \/>\n<meta property=\"og:site_name\" content=\"Valcucine\" \/>\n<meta property=\"article:publisher\" content=\"https:\/\/www.facebook.com\/valcucine\/\" \/>\n<meta property=\"article:modified_time\" content=\"2025-06-04T13:28:01+00:00\" \/>\n<meta name=\"twitter:card\" content=\"summary_large_image\" \/>\n<meta name=\"twitter:label1\" content=\"Dur\u00e9e de lecture estim\u00e9e\" \/>\n\t<meta name=\"twitter:data1\" content=\"1 minute\" \/>\n<script type=\"application\/ld+json\" class=\"yoast-schema-graph\">{\"@context\":\"https:\/\/schema.org\",\"@graph\":[{\"@type\":\"WebPage\",\"@id\":\"https:\/\/www.valcucine.com\/fr\/caracteristiques-particulieres\/\",\"url\":\"https:\/\/www.valcucine.com\/fr\/caracteristiques-particulieres\/\",\"name\":\"\u00c9l\u00e9ments Particuliers - Valcucine\",\"isPartOf\":{\"@id\":\"https:\/\/www.valcucine.com\/#website\"},\"datePublished\":\"2024-03-05T09:12:28+00:00\",\"dateModified\":\"2025-06-04T13:28:01+00:00\",\"description\":\"D\u00e9couvrez les \u00e9l\u00e9ments particuliers de Valcucine : des solutions innovantes et \u00e9l\u00e9gantes pour la cuisine, alliant fonctionnalit\u00e9 et design.\",\"breadcrumb\":{\"@id\":\"https:\/\/www.valcucine.com\/fr\/caracteristiques-particulieres\/#breadcrumb\"},\"inLanguage\":\"fr-FR\",\"potentialAction\":[{\"@type\":\"ReadAction\",\"target\":[\"https:\/\/www.valcucine.com\/fr\/caracteristiques-particulieres\/\"]}]},{\"@type\":\"BreadcrumbList\",\"@id\":\"https:\/\/www.valcucine.com\/fr\/caracteristiques-particulieres\/#breadcrumb\",\"itemListElement\":[{\"@type\":\"ListItem\",\"position\":1,\"name\":\"Valcucine\",\"item\":\"https:\/\/www.valcucine.com\/fr\/\"},{\"@type\":\"ListItem\",\"position\":2,\"name\":\"\u00c9l\u00e9ments Particuliers\"}]},{\"@type\":\"WebSite\",\"@id\":\"https:\/\/www.valcucine.com\/#website\",\"url\":\"https:\/\/www.valcucine.com\/\",\"name\":\"Valcucine\",\"description\":\"\",\"publisher\":{\"@id\":\"https:\/\/www.valcucine.com\/#organization\"},\"potentialAction\":[{\"@type\":\"SearchAction\",\"target\":{\"@type\":\"EntryPoint\",\"urlTemplate\":\"https:\/\/www.valcucine.com\/?s={search_term_string}\"},\"query-input\":{\"@type\":\"PropertyValueSpecification\",\"valueRequired\":true,\"valueName\":\"search_term_string\"}}],\"inLanguage\":\"fr-FR\"},{\"@type\":\"Organization\",\"@id\":\"https:\/\/www.valcucine.com\/#organization\",\"name\":\"Valcucine\",\"url\":\"https:\/\/www.valcucine.com\/\",\"logo\":{\"@type\":\"ImageObject\",\"inLanguage\":\"fr-FR\",\"@id\":\"https:\/\/www.valcucine.com\/#\/schema\/logo\/image\/\",\"url\":\"https:\/\/www.valcucine.com\/wp-content\/uploads\/2024\/02\/logo-valcucine.webp?wsr\",\"contentUrl\":\"https:\/\/www.valcucine.com\/wp-content\/uploads\/2024\/02\/logo-valcucine.webp?wsr\",\"width\":288,\"height\":46,\"caption\":\"Valcucine\"},\"image\":{\"@id\":\"https:\/\/www.valcucine.com\/#\/schema\/logo\/image\/\"},\"sameAs\":[\"https:\/\/www.facebook.com\/valcucine\/\",\"https:\/\/www.instagram.com\/valcucine\/\",\"https:\/\/www.linkedin.com\/company\/valcucine\"]}]}<\/script>\n<!-- \/ Yoast SEO plugin. -->","yoast_head_json":{"title":"\u00c9l\u00e9ments Particuliers - Valcucine","description":"D\u00e9couvrez les \u00e9l\u00e9ments particuliers de Valcucine : des solutions innovantes et \u00e9l\u00e9gantes pour la cuisine, alliant fonctionnalit\u00e9 et design.","robots":{"index":"index","follow":"follow","max-snippet":"max-snippet:-1","max-image-preview":"max-image-preview:large","max-video-preview":"max-video-preview:-1"},"canonical":"https:\/\/www.valcucine.com\/fr\/caracteristiques-particulieres\/","og_locale":"fr_FR","og_type":"article","og_title":"\u00c9l\u00e9ments Particuliers - Valcucine","og_description":"D\u00e9couvrez les \u00e9l\u00e9ments particuliers de Valcucine : des solutions innovantes et \u00e9l\u00e9gantes pour la cuisine, alliant fonctionnalit\u00e9 et design.","og_url":"https:\/\/www.valcucine.com\/fr\/caracteristiques-particulieres\/","og_site_name":"Valcucine","article_publisher":"https:\/\/www.facebook.com\/valcucine\/","article_modified_time":"2025-06-04T13:28:01+00:00","twitter_card":"summary_large_image","twitter_misc":{"Dur\u00e9e de lecture estim\u00e9e":"1 minute"},"schema":{"@context":"https:\/\/schema.org","@graph":[{"@type":"WebPage","@id":"https:\/\/www.valcucine.com\/fr\/caracteristiques-particulieres\/","url":"https:\/\/www.valcucine.com\/fr\/caracteristiques-particulieres\/","name":"\u00c9l\u00e9ments Particuliers - Valcucine","isPartOf":{"@id":"https:\/\/www.valcucine.com\/#website"},"datePublished":"2024-03-05T09:12:28+00:00","dateModified":"2025-06-04T13:28:01+00:00","description":"D\u00e9couvrez les \u00e9l\u00e9ments particuliers de Valcucine : des solutions innovantes et \u00e9l\u00e9gantes pour la cuisine, alliant fonctionnalit\u00e9 et design.","breadcrumb":{"@id":"https:\/\/www.valcucine.com\/fr\/caracteristiques-particulieres\/#breadcrumb"},"inLanguage":"fr-FR","potentialAction":[{"@type":"ReadAction","target":["https:\/\/www.valcucine.com\/fr\/caracteristiques-particulieres\/"]}]},{"@type":"BreadcrumbList","@id":"https:\/\/www.valcucine.com\/fr\/caracteristiques-particulieres\/#breadcrumb","itemListElement":[{"@type":"ListItem","position":1,"name":"Valcucine","item":"https:\/\/www.valcucine.com\/fr\/"},{"@type":"ListItem","position":2,"name":"\u00c9l\u00e9ments Particuliers"}]},{"@type":"WebSite","@id":"https:\/\/www.valcucine.com\/#website","url":"https:\/\/www.valcucine.com\/","name":"Valcucine","description":"","publisher":{"@id":"https:\/\/www.valcucine.com\/#organization"},"potentialAction":[{"@type":"SearchAction","target":{"@type":"EntryPoint","urlTemplate":"https:\/\/www.valcucine.com\/?s={search_term_string}"},"query-input":{"@type":"PropertyValueSpecification","valueRequired":true,"valueName":"search_term_string"}}],"inLanguage":"fr-FR"},{"@type":"Organization","@id":"https:\/\/www.valcucine.com\/#organization","name":"Valcucine","url":"https:\/\/www.valcucine.com\/","logo":{"@type":"ImageObject","inLanguage":"fr-FR","@id":"https:\/\/www.valcucine.com\/#\/schema\/logo\/image\/","url":"https:\/\/www.valcucine.com\/wp-content\/uploads\/2024\/02\/logo-valcucine.webp?wsr","contentUrl":"https:\/\/www.valcucine.com\/wp-content\/uploads\/2024\/02\/logo-valcucine.webp?wsr","width":288,"height":46,"caption":"Valcucine"},"image":{"@id":"https:\/\/www.valcucine.com\/#\/schema\/logo\/image\/"},"sameAs":["https:\/\/www.facebook.com\/valcucine\/","https:\/\/www.instagram.com\/valcucine\/","https:\/\/www.linkedin.com\/company\/valcucine"]}]}},"_links":{"self":[{"href":"https:\/\/www.valcucine.com\/fr\/wp-json\/wp\/v2\/pages\/12599","targetHints":{"allow":["GET"]}}],"collection":[{"href":"https:\/\/www.valcucine.com\/fr\/wp-json\/wp\/v2\/pages"}],"about":[{"href":"https:\/\/www.valcucine.com\/fr\/wp-json\/wp\/v2\/types\/page"}],"author":[{"embeddable":true,"href":"https:\/\/www.valcucine.com\/fr\/wp-json\/wp\/v2\/users\/1"}],"replies":[{"embeddable":true,"href":"https:\/\/www.valcucine.com\/fr\/wp-json\/wp\/v2\/comments?post=12599"}],"version-history":[{"count":27,"href":"https:\/\/www.valcucine.com\/fr\/wp-json\/wp\/v2\/pages\/12599\/revisions"}],"predecessor-version":[{"id":42296,"href":"https:\/\/www.valcucine.com\/fr\/wp-json\/wp\/v2\/pages\/12599\/revisions\/42296"}],"wp:attachment":[{"href":"https:\/\/www.valcucine.com\/fr\/wp-json\/wp\/v2\/media?parent=12599"}],"curies":[{"name":"wp","href":"https:\/\/api.w.org\/{rel}","templated":true}]}}