{"id":14190,"date":"2024-03-26T15:04:51","date_gmt":"2024-03-26T15:04:51","guid":{"rendered":"https:\/\/devel.valcucine.com\/configurazioni-cucine\/"},"modified":"2025-07-02T13:56:13","modified_gmt":"2025-07-02T13:56:13","slug":"agencements","status":"publish","type":"page","link":"https:\/\/www.valcucine.com\/fr\/agencements\/","title":{"rendered":"Configurations Cuisines"},"content":{"rendered":"<div class=\"wpb-content-wrapper\"><p>[vc_row css=\u00a0\u00bb.vc_custom_1709739912507{padding-top: 40px !important;padding-bottom: 40px !important;}\u00a0\u00bb][vc_column]\n        \n        <h1 class=\"text-center  main__title__h1  \" style=\"color:#333333;\"> \n\n         Configurations Cuisines\n        \n        <\/h1>[\/vc_column][\/vc_row][vc_row][vc_column][vc_column_text]Chaque cuisine est un projet diff\u00e9rent, composable et personnalisable selon les besoins de go\u00fbt, de fonctionnalit\u00e9 et d\u2019espace de chacun. Des cuisines avec \u00eelot, avec \u00e9pi, d\u2019angle ou lin\u00e9aires: d\u00e9couvrez celle qui convient le mieux \u00e0 vos besoins.[\/vc_column_text][\/vc_column][\/vc_row][vc_row][vc_column][vc_separator color=\u00a0\u00bbcustom\u00a0\u00bb el_width=\u00a0\u00bb10&Prime; accent_color=\u00a0\u00bb#666666&Prime;][\/vc_column][\/vc_row][vc_row][vc_column width=\u00a0\u00bb1\/2&Prime;]<div class=\"block__img__hover\"><a href=\"https:\/\/www.valcucine.com\/fr\/agencements\/ilot-de-cuisine\/\" target=\"\" rel=\"\" style=\"background-image:url(https:\/\/www.valcucine.com\/wp-content\/uploads\/2025\/07\/Valcucine_Artematica_kitchen-with-island.jpg?wsr)\"><img src='https:\/\/www.valcucine.com\/wp-content\/uploads\/2025\/07\/Valcucine_Artematica_kitchen-with-island.jpg?wsr' alt='project kitchen with island Valcucine ' style='display:none'><h4>Cuisine avec \u00eelot<\/h4><\/a><\/div>[\/vc_column][vc_column width=\u00a0\u00bb1\/2&Prime;]<div class=\"block__img__hover\"><a href=\"https:\/\/www.valcucine.com\/fr\/agencements\/cuisine-d-angle\/\" target=\"\" rel=\"\" style=\"background-image:url(https:\/\/www.valcucine.com\/wp-content\/uploads\/2024\/03\/203_guid_progetto22-23.webp?wsr)\"><img src='https:\/\/www.valcucine.com\/wp-content\/uploads\/2024\/03\/203_guid_progetto22-23.webp?wsr' alt='' style='display:none'><h4>La cuisine en angle<\/h4><\/a><\/div>[\/vc_column][\/vc_row][vc_row css=\u00a0\u00bb.vc_custom_1713250794497{margin-bottom: 40px !important;}\u00a0\u00bb][vc_column width=\u00a0\u00bb1\/2&Prime;]<div class=\"block__img__hover\"><a href=\"https:\/\/www.valcucine.com\/fr\/agencements\/cuisine-droite\/\" target=\"\" rel=\"\" style=\"background-image:url(https:\/\/www.valcucine.com\/wp-content\/uploads\/2024\/03\/204_valcucine_0631-b.webp?wsr)\"><img src='https:\/\/www.valcucine.com\/wp-content\/uploads\/2024\/03\/204_valcucine_0631-b.webp?wsr' alt='' style='display:none'><h4>Cuisines lin\u00e9aires<\/h4><\/a><\/div>[\/vc_column][vc_column width=\u00a0\u00bb1\/2&Prime;]<div class=\"block__img__hover\"><a href=\"https:\/\/www.valcucine.com\/fr\/agencements\/cuisine-en-forme-de-l\/\" target=\"\" rel=\"\" style=\"background-image:url(https:\/\/www.valcucine.com\/wp-content\/uploads\/2024\/03\/202_guid_progetto30-31.webp?wsr)\"><img src='https:\/\/www.valcucine.com\/wp-content\/uploads\/2024\/03\/202_guid_progetto30-31.webp?wsr' alt='' style='display:none'><h4>Cuisine avec \u00e9pi<\/h4><\/a><\/div>[\/vc_column][\/vc_row]<\/p>\n<\/div>","protected":false},"excerpt":{"rendered":"<p>[vc_row css=\u00a0\u00bb.vc_custom_1709739912507{padding-top: 40px !important;padding-bottom: 40px !important;}\u00a0\u00bb][vc_column][\/vc_column][\/vc_row][vc_row][vc_column][vc_column_text]Chaque cuisine est un projet diff\u00e9rent, composable et personnalisable selon les besoins de go\u00fbt, de fonctionnalit\u00e9 et d\u2019espace de chacun. Des cuisines avec \u00eelot, avec \u00e9pi, d\u2019angle ou lin\u00e9aires: d\u00e9couvrez celle qui convient le mieux \u00e0 vos besoins.[\/vc_column_text][\/vc_column][\/vc_row][vc_row][vc_column][vc_separator color=\u00a0\u00bbcustom\u00a0\u00bb el_width=\u00a0\u00bb10&Prime; accent_color=\u00a0\u00bb#666666&Prime;][\/vc_column][\/vc_row][vc_row][vc_column width=\u00a0\u00bb1\/2&Prime;][\/vc_column][vc_column width=\u00a0\u00bb1\/2&Prime;][\/vc_column][\/vc_row][vc_row css=\u00a0\u00bb.vc_custom_1713250794497{margin-bottom: 40px !important;}\u00a0\u00bb][vc_column width=\u00a0\u00bb1\/2&Prime;][\/vc_column][vc_column width=\u00a0\u00bb1\/2&Prime;][\/vc_column][\/vc_row]<\/p>\n","protected":false},"author":1,"featured_media":0,"parent":0,"menu_order":0,"comment_status":"closed","ping_status":"closed","template":"","meta":{"footnotes":""},"class_list":["post-14190","page","type-page","status-publish","hentry"],"yoast_head":"<!-- This site is optimized with the Yoast SEO plugin v26.2 - https:\/\/yoast.com\/wordpress\/plugins\/seo\/ -->\n<title>Configurations Cuisines - Valcucine<\/title>\n<meta name=\"description\" content=\"Chaque cuisine est un projet diff\u00e9rent, composable et personnalisable selon les besoins de go\u00fbt, de fonctionnalit\u00e9 et d\u2019espace de chacun\" \/>\n<meta name=\"robots\" content=\"index, follow, max-snippet:-1, max-image-preview:large, max-video-preview:-1\" \/>\n<link rel=\"canonical\" href=\"https:\/\/www.valcucine.com\/fr\/agencements\/\" \/>\n<meta property=\"og:locale\" content=\"fr_FR\" \/>\n<meta property=\"og:type\" content=\"article\" \/>\n<meta property=\"og:title\" content=\"Configurations Cuisines - Valcucine\" \/>\n<meta property=\"og:description\" content=\"Chaque cuisine est un projet diff\u00e9rent, composable et personnalisable selon les besoins de go\u00fbt, de fonctionnalit\u00e9 et d\u2019espace de chacun\" \/>\n<meta property=\"og:url\" content=\"https:\/\/www.valcucine.com\/fr\/agencements\/\" \/>\n<meta property=\"og:site_name\" content=\"Valcucine\" \/>\n<meta property=\"article:publisher\" content=\"https:\/\/www.facebook.com\/valcucine\/\" \/>\n<meta property=\"article:modified_time\" content=\"2025-07-02T13:56:13+00:00\" \/>\n<meta name=\"twitter:card\" content=\"summary_large_image\" \/>\n<meta name=\"twitter:label1\" content=\"Dur\u00e9e de lecture estim\u00e9e\" \/>\n\t<meta name=\"twitter:data1\" content=\"1 minute\" \/>\n<script type=\"application\/ld+json\" class=\"yoast-schema-graph\">{\"@context\":\"https:\/\/schema.org\",\"@graph\":[{\"@type\":\"WebPage\",\"@id\":\"https:\/\/www.valcucine.com\/fr\/agencements\/\",\"url\":\"https:\/\/www.valcucine.com\/fr\/agencements\/\",\"name\":\"Configurations Cuisines - Valcucine\",\"isPartOf\":{\"@id\":\"https:\/\/www.valcucine.com\/#website\"},\"datePublished\":\"2024-03-26T15:04:51+00:00\",\"dateModified\":\"2025-07-02T13:56:13+00:00\",\"description\":\"Chaque cuisine est un projet diff\u00e9rent, composable et personnalisable selon les besoins de go\u00fbt, de fonctionnalit\u00e9 et d\u2019espace de chacun\",\"breadcrumb\":{\"@id\":\"https:\/\/www.valcucine.com\/fr\/agencements\/#breadcrumb\"},\"inLanguage\":\"fr-FR\",\"potentialAction\":[{\"@type\":\"ReadAction\",\"target\":[\"https:\/\/www.valcucine.com\/fr\/agencements\/\"]}]},{\"@type\":\"BreadcrumbList\",\"@id\":\"https:\/\/www.valcucine.com\/fr\/agencements\/#breadcrumb\",\"itemListElement\":[{\"@type\":\"ListItem\",\"position\":1,\"name\":\"Valcucine\",\"item\":\"https:\/\/www.valcucine.com\/fr\/\"},{\"@type\":\"ListItem\",\"position\":2,\"name\":\"Configurations Cuisines\"}]},{\"@type\":\"WebSite\",\"@id\":\"https:\/\/www.valcucine.com\/#website\",\"url\":\"https:\/\/www.valcucine.com\/\",\"name\":\"Valcucine\",\"description\":\"\",\"publisher\":{\"@id\":\"https:\/\/www.valcucine.com\/#organization\"},\"potentialAction\":[{\"@type\":\"SearchAction\",\"target\":{\"@type\":\"EntryPoint\",\"urlTemplate\":\"https:\/\/www.valcucine.com\/?s={search_term_string}\"},\"query-input\":{\"@type\":\"PropertyValueSpecification\",\"valueRequired\":true,\"valueName\":\"search_term_string\"}}],\"inLanguage\":\"fr-FR\"},{\"@type\":\"Organization\",\"@id\":\"https:\/\/www.valcucine.com\/#organization\",\"name\":\"Valcucine\",\"url\":\"https:\/\/www.valcucine.com\/\",\"logo\":{\"@type\":\"ImageObject\",\"inLanguage\":\"fr-FR\",\"@id\":\"https:\/\/www.valcucine.com\/#\/schema\/logo\/image\/\",\"url\":\"https:\/\/www.valcucine.com\/wp-content\/uploads\/2024\/02\/logo-valcucine.webp?wsr\",\"contentUrl\":\"https:\/\/www.valcucine.com\/wp-content\/uploads\/2024\/02\/logo-valcucine.webp?wsr\",\"width\":288,\"height\":46,\"caption\":\"Valcucine\"},\"image\":{\"@id\":\"https:\/\/www.valcucine.com\/#\/schema\/logo\/image\/\"},\"sameAs\":[\"https:\/\/www.facebook.com\/valcucine\/\",\"https:\/\/www.instagram.com\/valcucine\/\",\"https:\/\/www.linkedin.com\/company\/valcucine\"]}]}<\/script>\n<!-- \/ Yoast SEO plugin. -->","yoast_head_json":{"title":"Configurations Cuisines - Valcucine","description":"Chaque cuisine est un projet diff\u00e9rent, composable et personnalisable selon les besoins de go\u00fbt, de fonctionnalit\u00e9 et d\u2019espace de chacun","robots":{"index":"index","follow":"follow","max-snippet":"max-snippet:-1","max-image-preview":"max-image-preview:large","max-video-preview":"max-video-preview:-1"},"canonical":"https:\/\/www.valcucine.com\/fr\/agencements\/","og_locale":"fr_FR","og_type":"article","og_title":"Configurations Cuisines - Valcucine","og_description":"Chaque cuisine est un projet diff\u00e9rent, composable et personnalisable selon les besoins de go\u00fbt, de fonctionnalit\u00e9 et d\u2019espace de chacun","og_url":"https:\/\/www.valcucine.com\/fr\/agencements\/","og_site_name":"Valcucine","article_publisher":"https:\/\/www.facebook.com\/valcucine\/","article_modified_time":"2025-07-02T13:56:13+00:00","twitter_card":"summary_large_image","twitter_misc":{"Dur\u00e9e de lecture estim\u00e9e":"1 minute"},"schema":{"@context":"https:\/\/schema.org","@graph":[{"@type":"WebPage","@id":"https:\/\/www.valcucine.com\/fr\/agencements\/","url":"https:\/\/www.valcucine.com\/fr\/agencements\/","name":"Configurations Cuisines - Valcucine","isPartOf":{"@id":"https:\/\/www.valcucine.com\/#website"},"datePublished":"2024-03-26T15:04:51+00:00","dateModified":"2025-07-02T13:56:13+00:00","description":"Chaque cuisine est un projet diff\u00e9rent, composable et personnalisable selon les besoins de go\u00fbt, de fonctionnalit\u00e9 et d\u2019espace de chacun","breadcrumb":{"@id":"https:\/\/www.valcucine.com\/fr\/agencements\/#breadcrumb"},"inLanguage":"fr-FR","potentialAction":[{"@type":"ReadAction","target":["https:\/\/www.valcucine.com\/fr\/agencements\/"]}]},{"@type":"BreadcrumbList","@id":"https:\/\/www.valcucine.com\/fr\/agencements\/#breadcrumb","itemListElement":[{"@type":"ListItem","position":1,"name":"Valcucine","item":"https:\/\/www.valcucine.com\/fr\/"},{"@type":"ListItem","position":2,"name":"Configurations Cuisines"}]},{"@type":"WebSite","@id":"https:\/\/www.valcucine.com\/#website","url":"https:\/\/www.valcucine.com\/","name":"Valcucine","description":"","publisher":{"@id":"https:\/\/www.valcucine.com\/#organization"},"potentialAction":[{"@type":"SearchAction","target":{"@type":"EntryPoint","urlTemplate":"https:\/\/www.valcucine.com\/?s={search_term_string}"},"query-input":{"@type":"PropertyValueSpecification","valueRequired":true,"valueName":"search_term_string"}}],"inLanguage":"fr-FR"},{"@type":"Organization","@id":"https:\/\/www.valcucine.com\/#organization","name":"Valcucine","url":"https:\/\/www.valcucine.com\/","logo":{"@type":"ImageObject","inLanguage":"fr-FR","@id":"https:\/\/www.valcucine.com\/#\/schema\/logo\/image\/","url":"https:\/\/www.valcucine.com\/wp-content\/uploads\/2024\/02\/logo-valcucine.webp?wsr","contentUrl":"https:\/\/www.valcucine.com\/wp-content\/uploads\/2024\/02\/logo-valcucine.webp?wsr","width":288,"height":46,"caption":"Valcucine"},"image":{"@id":"https:\/\/www.valcucine.com\/#\/schema\/logo\/image\/"},"sameAs":["https:\/\/www.facebook.com\/valcucine\/","https:\/\/www.instagram.com\/valcucine\/","https:\/\/www.linkedin.com\/company\/valcucine"]}]}},"_links":{"self":[{"href":"https:\/\/www.valcucine.com\/fr\/wp-json\/wp\/v2\/pages\/14190","targetHints":{"allow":["GET"]}}],"collection":[{"href":"https:\/\/www.valcucine.com\/fr\/wp-json\/wp\/v2\/pages"}],"about":[{"href":"https:\/\/www.valcucine.com\/fr\/wp-json\/wp\/v2\/types\/page"}],"author":[{"embeddable":true,"href":"https:\/\/www.valcucine.com\/fr\/wp-json\/wp\/v2\/users\/1"}],"replies":[{"embeddable":true,"href":"https:\/\/www.valcucine.com\/fr\/wp-json\/wp\/v2\/comments?post=14190"}],"version-history":[{"count":6,"href":"https:\/\/www.valcucine.com\/fr\/wp-json\/wp\/v2\/pages\/14190\/revisions"}],"predecessor-version":[{"id":48168,"href":"https:\/\/www.valcucine.com\/fr\/wp-json\/wp\/v2\/pages\/14190\/revisions\/48168"}],"wp:attachment":[{"href":"https:\/\/www.valcucine.com\/fr\/wp-json\/wp\/v2\/media?parent=14190"}],"curies":[{"name":"wp","href":"https:\/\/api.w.org\/{rel}","templated":true}]}}