{"id":19188,"date":"2024-04-18T15:03:50","date_gmt":"2024-04-18T15:03:50","guid":{"rendered":"https:\/\/devel.valcucine.com\/progettazione\/"},"modified":"2025-06-04T14:29:01","modified_gmt":"2025-06-04T14:29:01","slug":"plans","status":"publish","type":"page","link":"https:\/\/www.valcucine.com\/fr\/plans\/","title":{"rendered":"Implantation d&rsquo;une cuisine"},"content":{"rendered":"<div class=\"wpb-content-wrapper\"><p>[vc_row css=\u00a0\u00bb.vc_custom_1713453375756{margin-top: 40px !important;margin-bottom: 40px !important;}\u00a0\u00bb][vc_column]\n        \n        <h1 class=\"text-center  main__title__h1  \" style=\"color:#333333;\"> \n\n         Implantation d'une cuisine\n        \n        <\/h1>[\/vc_column][\/vc_row][vc_row][vc_column][vc_column_text]Il n\u2019est pas toujours possible d\u2019intervenir sur la configuration architecturale de la pi\u00e8ce destin\u00e9e \u00e0 la cuisine, mais les possibilit\u00e9s d\u2019agencement \u00e0 l\u2019int\u00e9rieur d\u2019un m\u00eame espace sont toutefois multiples. Il suffit donc de trouver la solution la mieux adapt\u00e9e tant du point de vue esth\u00e9tique que fonctionnel. De notre part, nous mettons \u00e0 disposition de nos Clients toute l\u2019exp\u00e9rience accumul\u00e9e durant des ann\u00e9es de recherche et d\u2019activit\u00e9 afin que chaque projet soit le meilleur possible.[\/vc_column_text][\/vc_column][\/vc_row]<\/p>\n<\/div>","protected":false},"excerpt":{"rendered":"<p>[vc_row css=\u00a0\u00bb.vc_custom_1713453375756{margin-top: 40px !important;margin-bottom: 40px !important;}\u00a0\u00bb][vc_column][\/vc_column][\/vc_row][vc_row][vc_column][vc_column_text]Il n\u2019est pas toujours possible d\u2019intervenir sur la configuration architecturale de la pi\u00e8ce destin\u00e9e \u00e0 la cuisine, mais les possibilit\u00e9s d\u2019agencement \u00e0 l\u2019int\u00e9rieur d\u2019un m\u00eame espace sont toutefois multiples. Il suffit donc de trouver la solution la mieux adapt\u00e9e tant du point de vue esth\u00e9tique que fonctionnel. De notre part, [&hellip;]<\/p>\n","protected":false},"author":1,"featured_media":0,"parent":0,"menu_order":0,"comment_status":"closed","ping_status":"closed","template":"page-planning01.php","meta":{"footnotes":""},"class_list":["post-19188","page","type-page","status-publish","hentry"],"yoast_head":"<!-- This site is optimized with the Yoast SEO plugin v26.2 - https:\/\/yoast.com\/wordpress\/plugins\/seo\/ -->\n<title>Implantation d&#039;une cuisine Valcucine<\/title>\n<meta name=\"description\" content=\"Conseils utiles sur la fa\u00e7on de concevoir une cuisine | concevez votre cuisine avec l\u2019\u00e9quipe de Valcucine, toujours \u00e0 votre disposition\" \/>\n<meta name=\"robots\" content=\"index, follow, max-snippet:-1, max-image-preview:large, max-video-preview:-1\" \/>\n<link rel=\"canonical\" href=\"https:\/\/www.valcucine.com\/fr\/plans\/\" \/>\n<meta property=\"og:locale\" content=\"fr_FR\" \/>\n<meta property=\"og:type\" content=\"article\" \/>\n<meta property=\"og:title\" content=\"Implantation d&#039;une cuisine Valcucine\" \/>\n<meta property=\"og:description\" content=\"Conseils utiles sur la fa\u00e7on de concevoir une cuisine | concevez votre cuisine avec l\u2019\u00e9quipe de Valcucine, toujours \u00e0 votre disposition\" \/>\n<meta property=\"og:url\" content=\"https:\/\/www.valcucine.com\/fr\/plans\/\" \/>\n<meta property=\"og:site_name\" content=\"Valcucine\" \/>\n<meta property=\"article:publisher\" content=\"https:\/\/www.facebook.com\/valcucine\/\" \/>\n<meta property=\"article:modified_time\" content=\"2025-06-04T14:29:01+00:00\" \/>\n<meta name=\"twitter:card\" content=\"summary_large_image\" \/>\n<meta name=\"twitter:label1\" content=\"Dur\u00e9e de lecture estim\u00e9e\" \/>\n\t<meta name=\"twitter:data1\" content=\"1 minute\" \/>\n<script type=\"application\/ld+json\" class=\"yoast-schema-graph\">{\"@context\":\"https:\/\/schema.org\",\"@graph\":[{\"@type\":\"WebPage\",\"@id\":\"https:\/\/www.valcucine.com\/fr\/plans\/\",\"url\":\"https:\/\/www.valcucine.com\/fr\/plans\/\",\"name\":\"Implantation d'une cuisine Valcucine\",\"isPartOf\":{\"@id\":\"https:\/\/www.valcucine.com\/#website\"},\"datePublished\":\"2024-04-18T15:03:50+00:00\",\"dateModified\":\"2025-06-04T14:29:01+00:00\",\"description\":\"Conseils utiles sur la fa\u00e7on de concevoir une cuisine | concevez votre cuisine avec l\u2019\u00e9quipe de Valcucine, toujours \u00e0 votre disposition\",\"breadcrumb\":{\"@id\":\"https:\/\/www.valcucine.com\/fr\/plans\/#breadcrumb\"},\"inLanguage\":\"fr-FR\",\"potentialAction\":[{\"@type\":\"ReadAction\",\"target\":[\"https:\/\/www.valcucine.com\/fr\/plans\/\"]}]},{\"@type\":\"BreadcrumbList\",\"@id\":\"https:\/\/www.valcucine.com\/fr\/plans\/#breadcrumb\",\"itemListElement\":[{\"@type\":\"ListItem\",\"position\":1,\"name\":\"Valcucine\",\"item\":\"https:\/\/www.valcucine.com\/fr\/\"},{\"@type\":\"ListItem\",\"position\":2,\"name\":\"Implantation d&#8217;une cuisine\"}]},{\"@type\":\"WebSite\",\"@id\":\"https:\/\/www.valcucine.com\/#website\",\"url\":\"https:\/\/www.valcucine.com\/\",\"name\":\"Valcucine\",\"description\":\"\",\"publisher\":{\"@id\":\"https:\/\/www.valcucine.com\/#organization\"},\"potentialAction\":[{\"@type\":\"SearchAction\",\"target\":{\"@type\":\"EntryPoint\",\"urlTemplate\":\"https:\/\/www.valcucine.com\/?s={search_term_string}\"},\"query-input\":{\"@type\":\"PropertyValueSpecification\",\"valueRequired\":true,\"valueName\":\"search_term_string\"}}],\"inLanguage\":\"fr-FR\"},{\"@type\":\"Organization\",\"@id\":\"https:\/\/www.valcucine.com\/#organization\",\"name\":\"Valcucine\",\"url\":\"https:\/\/www.valcucine.com\/\",\"logo\":{\"@type\":\"ImageObject\",\"inLanguage\":\"fr-FR\",\"@id\":\"https:\/\/www.valcucine.com\/#\/schema\/logo\/image\/\",\"url\":\"https:\/\/www.valcucine.com\/wp-content\/uploads\/2024\/02\/logo-valcucine.webp?wsr\",\"contentUrl\":\"https:\/\/www.valcucine.com\/wp-content\/uploads\/2024\/02\/logo-valcucine.webp?wsr\",\"width\":288,\"height\":46,\"caption\":\"Valcucine\"},\"image\":{\"@id\":\"https:\/\/www.valcucine.com\/#\/schema\/logo\/image\/\"},\"sameAs\":[\"https:\/\/www.facebook.com\/valcucine\/\",\"https:\/\/www.instagram.com\/valcucine\/\",\"https:\/\/www.linkedin.com\/company\/valcucine\"]}]}<\/script>\n<!-- \/ Yoast SEO plugin. -->","yoast_head_json":{"title":"Implantation d'une cuisine Valcucine","description":"Conseils utiles sur la fa\u00e7on de concevoir une cuisine | concevez votre cuisine avec l\u2019\u00e9quipe de Valcucine, toujours \u00e0 votre disposition","robots":{"index":"index","follow":"follow","max-snippet":"max-snippet:-1","max-image-preview":"max-image-preview:large","max-video-preview":"max-video-preview:-1"},"canonical":"https:\/\/www.valcucine.com\/fr\/plans\/","og_locale":"fr_FR","og_type":"article","og_title":"Implantation d'une cuisine Valcucine","og_description":"Conseils utiles sur la fa\u00e7on de concevoir une cuisine | concevez votre cuisine avec l\u2019\u00e9quipe de Valcucine, toujours \u00e0 votre disposition","og_url":"https:\/\/www.valcucine.com\/fr\/plans\/","og_site_name":"Valcucine","article_publisher":"https:\/\/www.facebook.com\/valcucine\/","article_modified_time":"2025-06-04T14:29:01+00:00","twitter_card":"summary_large_image","twitter_misc":{"Dur\u00e9e de lecture estim\u00e9e":"1 minute"},"schema":{"@context":"https:\/\/schema.org","@graph":[{"@type":"WebPage","@id":"https:\/\/www.valcucine.com\/fr\/plans\/","url":"https:\/\/www.valcucine.com\/fr\/plans\/","name":"Implantation d'une cuisine Valcucine","isPartOf":{"@id":"https:\/\/www.valcucine.com\/#website"},"datePublished":"2024-04-18T15:03:50+00:00","dateModified":"2025-06-04T14:29:01+00:00","description":"Conseils utiles sur la fa\u00e7on de concevoir une cuisine | concevez votre cuisine avec l\u2019\u00e9quipe de Valcucine, toujours \u00e0 votre disposition","breadcrumb":{"@id":"https:\/\/www.valcucine.com\/fr\/plans\/#breadcrumb"},"inLanguage":"fr-FR","potentialAction":[{"@type":"ReadAction","target":["https:\/\/www.valcucine.com\/fr\/plans\/"]}]},{"@type":"BreadcrumbList","@id":"https:\/\/www.valcucine.com\/fr\/plans\/#breadcrumb","itemListElement":[{"@type":"ListItem","position":1,"name":"Valcucine","item":"https:\/\/www.valcucine.com\/fr\/"},{"@type":"ListItem","position":2,"name":"Implantation d&#8217;une cuisine"}]},{"@type":"WebSite","@id":"https:\/\/www.valcucine.com\/#website","url":"https:\/\/www.valcucine.com\/","name":"Valcucine","description":"","publisher":{"@id":"https:\/\/www.valcucine.com\/#organization"},"potentialAction":[{"@type":"SearchAction","target":{"@type":"EntryPoint","urlTemplate":"https:\/\/www.valcucine.com\/?s={search_term_string}"},"query-input":{"@type":"PropertyValueSpecification","valueRequired":true,"valueName":"search_term_string"}}],"inLanguage":"fr-FR"},{"@type":"Organization","@id":"https:\/\/www.valcucine.com\/#organization","name":"Valcucine","url":"https:\/\/www.valcucine.com\/","logo":{"@type":"ImageObject","inLanguage":"fr-FR","@id":"https:\/\/www.valcucine.com\/#\/schema\/logo\/image\/","url":"https:\/\/www.valcucine.com\/wp-content\/uploads\/2024\/02\/logo-valcucine.webp?wsr","contentUrl":"https:\/\/www.valcucine.com\/wp-content\/uploads\/2024\/02\/logo-valcucine.webp?wsr","width":288,"height":46,"caption":"Valcucine"},"image":{"@id":"https:\/\/www.valcucine.com\/#\/schema\/logo\/image\/"},"sameAs":["https:\/\/www.facebook.com\/valcucine\/","https:\/\/www.instagram.com\/valcucine\/","https:\/\/www.linkedin.com\/company\/valcucine"]}]}},"_links":{"self":[{"href":"https:\/\/www.valcucine.com\/fr\/wp-json\/wp\/v2\/pages\/19188","targetHints":{"allow":["GET"]}}],"collection":[{"href":"https:\/\/www.valcucine.com\/fr\/wp-json\/wp\/v2\/pages"}],"about":[{"href":"https:\/\/www.valcucine.com\/fr\/wp-json\/wp\/v2\/types\/page"}],"author":[{"embeddable":true,"href":"https:\/\/www.valcucine.com\/fr\/wp-json\/wp\/v2\/users\/1"}],"replies":[{"embeddable":true,"href":"https:\/\/www.valcucine.com\/fr\/wp-json\/wp\/v2\/comments?post=19188"}],"version-history":[{"count":8,"href":"https:\/\/www.valcucine.com\/fr\/wp-json\/wp\/v2\/pages\/19188\/revisions"}],"predecessor-version":[{"id":21829,"href":"https:\/\/www.valcucine.com\/fr\/wp-json\/wp\/v2\/pages\/19188\/revisions\/21829"}],"wp:attachment":[{"href":"https:\/\/www.valcucine.com\/fr\/wp-json\/wp\/v2\/media?parent=19188"}],"curies":[{"name":"wp","href":"https:\/\/api.w.org\/{rel}","templated":true}]}}