{"id":19192,"date":"2024-07-22T12:31:46","date_gmt":"2024-07-22T12:31:46","guid":{"rendered":"https:\/\/devel.valcucine.com\/foro-ventilazione-cucina\/"},"modified":"2025-10-31T08:07:44","modified_gmt":"2025-10-31T08:07:44","slug":"grille-daeration-de-cuisine","status":"publish","type":"page","link":"https:\/\/www.valcucine.com\/fr\/plans\/ventilation\/grille-daeration-de-cuisine\/","title":{"rendered":"Orifices de ventilation"},"content":{"rendered":"<div class=\"wpb-content-wrapper\"><p>[vc_row][vc_column][vc_empty_space]\n        \n        <h1 class=\"text-start  main__title__h1  \" style=\"color:#333333;\"> \n\n         Orifices de ventilation\n        \n        <\/h1>[vc_empty_space][vc_column_text css=\u00a0\u00bb\u00a0\u00bb]<strong>\u00c0 quoi les orifices de ventilation servent-ils ?<\/strong><\/p>\n<p>Il faut que, \u00e0 l\u2019int\u00e9rieur de la cuisine, il arrive au moins la m\u00eame quantit\u00e9 d&rsquo;air que celle qui sert \u00e0 la bonne combustion du gaz. En outre, il faut tenir compte que l&rsquo;aspiration de la hotte, qui n&rsquo;a pas d&rsquo;air arrivant de l&rsquo;ext\u00e9rieur, peut engendrer une d\u00e9pression qui emp\u00eache l&rsquo;expulsion totale des fum\u00e9es. Pour \u00e9liminer ces deux probl\u00e8mes, l&rsquo;introduction naturelle de l&rsquo;air peut s&rsquo;effectuer directement \u00e0 travers des ouvertures de ventilation permanentes r\u00e9alis\u00e9es dans le mur du local donnant vers l&rsquo;ext\u00e9rieur. Telles ouvertures, r\u00e9gies par la Norme UNI7129, doivent r\u00e9pondre aux exigences suivantes :<br \/>\n&#8211; avoir une section de passage nette d&rsquo;au moins 6 cm pour chaque kW de d\u00e9bit thermique install\u00e9, avec un minimum de 100 cm<sup>2<\/sup> ;<br \/>\n&#8211; si la table de cuisson n&rsquo;est pas \u00e9quip\u00e9e d&rsquo;un thermocouple de s\u00e9curit\u00e9 (dispositif qui coupe l&rsquo;arriv\u00e9e du gaz en cas d&rsquo;extinction de la flamme), il sera n\u00e9cessaire de r\u00e9aliser une autre ouverture pour arriver \u00e0 une section minimale de ventilation de 200 cm<sup>2<\/sup>.<br \/>\nIl est recommand\u00e9 de r\u00e9aliser la deuxi\u00e8me ouverture de ventilation dans la partie inf\u00e9rieure de la pi\u00e8ce, car le GPL, ayant une densit\u00e9 relative sup\u00e9rieure \u00e0 celle du m\u00e9thane, a tendance \u00e0 s\u2019accumuler vers le bas et n\u00e9cessite un apport d\u2019air plus important pour la combustion.<\/p>\n<p>La norme permet \u00e9galement la ventilation indirecte moyennant le pr\u00e9l\u00e8vement de l&rsquo;air depuis des pi\u00e8ces adjacentes \u00e0 condition que le local adjacent soit dot\u00e9 de ventilation directe et qu&rsquo;il ne soit pas utilis\u00e9 comme chambre \u00e0 coucher ou bien que ce ne soit pas un local avec un haut risque d&rsquo;incendie (garage, chaufferie).\u00a0En outre, le local adjacent ne doit pas \u00eatre mis en d\u00e9pression par rapport \u00e0 la pi\u00e8ce qui doit \u00eatre ventil\u00e9e, par effet d&rsquo;un autre appareil fonctionnant avec un combustible quelconque (chemin\u00e9e, po\u00eale&#8230;) ou bien avec un dispositif d&rsquo;aspiration pour lequel une arriv\u00e9e d&rsquo;air n&rsquo;a pas \u00e9t\u00e9 pr\u00e9vue. Le flux d&rsquo;air provenant du local adjacent peut s&rsquo;effectuer \u00e0 travers des ouvertures permanentes ou bien, en cas de portes s\u00e9parant les deux pi\u00e8ces, en augmentant l&rsquo;espace entre le bas de porte et le sol (mini. 2 cm).\u00a0Valcucine conseille d&rsquo;effectuer, l\u00e0 o\u00f9 il est possible de le faire, des ouvertures de ventilation dans un local adjacent \u00e0 la cuisine afin d&rsquo;\u00e9viter les fastidieux courants d&rsquo;air froid (l\u2019air a le temps de chauffer avant d&rsquo;atteindre la cuisine) et les odeurs ne vont pas vers les autres pi\u00e8ces de la maison, mais elles sont achemin\u00e9es dans la bonne direction.[\/vc_column_text][\/vc_column][\/vc_row][vc_row][vc_column][vc_single_image image=\u00a0\u00bb21919&Prime; img_size=\u00a0\u00bb800&#215;600&Prime;][\/vc_column][\/vc_row]<\/p>\n<\/div>","protected":false},"excerpt":{"rendered":"<p>[vc_row][vc_column][vc_empty_space][vc_empty_space][vc_column_text css=\u00a0\u00bb\u00a0\u00bb]\u00c0 quoi les orifices de ventilation servent-ils ? Il faut que, \u00e0 l\u2019int\u00e9rieur de la cuisine, il arrive au moins la m\u00eame quantit\u00e9 d&rsquo;air que celle qui sert \u00e0 la bonne combustion du gaz. En outre, il faut tenir compte que l&rsquo;aspiration de la hotte, qui n&rsquo;a pas d&rsquo;air arrivant de l&rsquo;ext\u00e9rieur, peut engendrer [&hellip;]<\/p>\n","protected":false},"author":2,"featured_media":17214,"parent":19193,"menu_order":0,"comment_status":"closed","ping_status":"closed","template":"page-planning02.php","meta":{"footnotes":""},"class_list":["post-19192","page","type-page","status-publish","has-post-thumbnail","hentry"],"yoast_head":"<!-- This site is optimized with the Yoast SEO plugin v26.2 - https:\/\/yoast.com\/wordpress\/plugins\/seo\/ -->\n<title>Foro aerazione Valcucine<\/title>\n<meta name=\"description\" content=\"All\u2019interno della cucina, deve necessariamente affluire almeno tanta aria quanta ne viene richiesta dalla regolare combustione del gas.\" \/>\n<meta name=\"robots\" content=\"index, follow, max-snippet:-1, max-image-preview:large, max-video-preview:-1\" \/>\n<link rel=\"canonical\" href=\"https:\/\/www.valcucine.com\/fr\/plans\/ventilation\/grille-daeration-de-cuisine\/\" \/>\n<meta property=\"og:locale\" content=\"fr_FR\" \/>\n<meta property=\"og:type\" content=\"article\" \/>\n<meta property=\"og:title\" content=\"Foro aerazione Valcucine\" \/>\n<meta property=\"og:description\" content=\"All\u2019interno della cucina, deve necessariamente affluire almeno tanta aria quanta ne viene richiesta dalla regolare combustione del gas.\" \/>\n<meta property=\"og:url\" content=\"https:\/\/www.valcucine.com\/fr\/plans\/ventilation\/grille-daeration-de-cuisine\/\" \/>\n<meta property=\"og:site_name\" content=\"Valcucine\" \/>\n<meta property=\"article:publisher\" content=\"https:\/\/www.facebook.com\/valcucine\/\" \/>\n<meta property=\"article:modified_time\" content=\"2025-10-31T08:07:44+00:00\" \/>\n<meta property=\"og:image\" content=\"https:\/\/www.valcucine.com\/wp-content\/uploads\/2024\/07\/114_guid_progetto110-e1721651483616.jpg?wsr\" \/>\n\t<meta property=\"og:image:width\" content=\"1188\" \/>\n\t<meta property=\"og:image:height\" content=\"826\" \/>\n\t<meta property=\"og:image:type\" content=\"image\/jpeg\" \/>\n<meta name=\"twitter:card\" content=\"summary_large_image\" \/>\n<meta name=\"twitter:label1\" content=\"Dur\u00e9e de lecture estim\u00e9e\" \/>\n\t<meta name=\"twitter:data1\" content=\"3 minutes\" \/>\n<script type=\"application\/ld+json\" class=\"yoast-schema-graph\">{\"@context\":\"https:\/\/schema.org\",\"@graph\":[{\"@type\":\"WebPage\",\"@id\":\"https:\/\/www.valcucine.com\/fr\/plans\/ventilation\/grille-daeration-de-cuisine\/\",\"url\":\"https:\/\/www.valcucine.com\/fr\/plans\/ventilation\/grille-daeration-de-cuisine\/\",\"name\":\"Foro aerazione Valcucine\",\"isPartOf\":{\"@id\":\"https:\/\/www.valcucine.com\/#website\"},\"primaryImageOfPage\":{\"@id\":\"https:\/\/www.valcucine.com\/fr\/plans\/ventilation\/grille-daeration-de-cuisine\/#primaryimage\"},\"image\":{\"@id\":\"https:\/\/www.valcucine.com\/fr\/plans\/ventilation\/grille-daeration-de-cuisine\/#primaryimage\"},\"thumbnailUrl\":\"https:\/\/www.valcucine.com\/wp-content\/uploads\/2024\/07\/114_guid_progetto110-e1721651483616.jpg?wsr\",\"datePublished\":\"2024-07-22T12:31:46+00:00\",\"dateModified\":\"2025-10-31T08:07:44+00:00\",\"description\":\"All\u2019interno della cucina, deve necessariamente affluire almeno tanta aria quanta ne viene richiesta dalla regolare combustione del gas.\",\"breadcrumb\":{\"@id\":\"https:\/\/www.valcucine.com\/fr\/plans\/ventilation\/grille-daeration-de-cuisine\/#breadcrumb\"},\"inLanguage\":\"fr-FR\",\"potentialAction\":[{\"@type\":\"ReadAction\",\"target\":[\"https:\/\/www.valcucine.com\/fr\/plans\/ventilation\/grille-daeration-de-cuisine\/\"]}]},{\"@type\":\"ImageObject\",\"inLanguage\":\"fr-FR\",\"@id\":\"https:\/\/www.valcucine.com\/fr\/plans\/ventilation\/grille-daeration-de-cuisine\/#primaryimage\",\"url\":\"https:\/\/www.valcucine.com\/wp-content\/uploads\/2024\/07\/114_guid_progetto110-e1721651483616.jpg?wsr\",\"contentUrl\":\"https:\/\/www.valcucine.com\/wp-content\/uploads\/2024\/07\/114_guid_progetto110-e1721651483616.jpg?wsr\",\"width\":1188,\"height\":826,\"caption\":\"Foro aerazione\"},{\"@type\":\"BreadcrumbList\",\"@id\":\"https:\/\/www.valcucine.com\/fr\/plans\/ventilation\/grille-daeration-de-cuisine\/#breadcrumb\",\"itemListElement\":[{\"@type\":\"ListItem\",\"position\":1,\"name\":\"Valcucine\",\"item\":\"https:\/\/www.valcucine.com\/fr\/\"},{\"@type\":\"ListItem\",\"position\":2,\"name\":\"Implantation d&#8217;une cuisine\",\"item\":\"https:\/\/www.valcucine.com\/fr\/plans\/\"},{\"@type\":\"ListItem\",\"position\":3,\"name\":\"A\u00e9ration\",\"item\":\"https:\/\/www.valcucine.com\/fr\/plans\/ventilation\/\"},{\"@type\":\"ListItem\",\"position\":4,\"name\":\"Orifices de ventilation\"}]},{\"@type\":\"WebSite\",\"@id\":\"https:\/\/www.valcucine.com\/#website\",\"url\":\"https:\/\/www.valcucine.com\/\",\"name\":\"Valcucine\",\"description\":\"\",\"publisher\":{\"@id\":\"https:\/\/www.valcucine.com\/#organization\"},\"potentialAction\":[{\"@type\":\"SearchAction\",\"target\":{\"@type\":\"EntryPoint\",\"urlTemplate\":\"https:\/\/www.valcucine.com\/?s={search_term_string}\"},\"query-input\":{\"@type\":\"PropertyValueSpecification\",\"valueRequired\":true,\"valueName\":\"search_term_string\"}}],\"inLanguage\":\"fr-FR\"},{\"@type\":\"Organization\",\"@id\":\"https:\/\/www.valcucine.com\/#organization\",\"name\":\"Valcucine\",\"url\":\"https:\/\/www.valcucine.com\/\",\"logo\":{\"@type\":\"ImageObject\",\"inLanguage\":\"fr-FR\",\"@id\":\"https:\/\/www.valcucine.com\/#\/schema\/logo\/image\/\",\"url\":\"https:\/\/www.valcucine.com\/wp-content\/uploads\/2024\/02\/logo-valcucine.webp?wsr\",\"contentUrl\":\"https:\/\/www.valcucine.com\/wp-content\/uploads\/2024\/02\/logo-valcucine.webp?wsr\",\"width\":288,\"height\":46,\"caption\":\"Valcucine\"},\"image\":{\"@id\":\"https:\/\/www.valcucine.com\/#\/schema\/logo\/image\/\"},\"sameAs\":[\"https:\/\/www.facebook.com\/valcucine\/\",\"https:\/\/www.instagram.com\/valcucine\/\",\"https:\/\/www.linkedin.com\/company\/valcucine\"]}]}<\/script>\n<!-- \/ Yoast SEO plugin. -->","yoast_head_json":{"title":"Foro aerazione Valcucine","description":"All\u2019interno della cucina, deve necessariamente affluire almeno tanta aria quanta ne viene richiesta dalla regolare combustione del gas.","robots":{"index":"index","follow":"follow","max-snippet":"max-snippet:-1","max-image-preview":"max-image-preview:large","max-video-preview":"max-video-preview:-1"},"canonical":"https:\/\/www.valcucine.com\/fr\/plans\/ventilation\/grille-daeration-de-cuisine\/","og_locale":"fr_FR","og_type":"article","og_title":"Foro aerazione Valcucine","og_description":"All\u2019interno della cucina, deve necessariamente affluire almeno tanta aria quanta ne viene richiesta dalla regolare combustione del gas.","og_url":"https:\/\/www.valcucine.com\/fr\/plans\/ventilation\/grille-daeration-de-cuisine\/","og_site_name":"Valcucine","article_publisher":"https:\/\/www.facebook.com\/valcucine\/","article_modified_time":"2025-10-31T08:07:44+00:00","og_image":[{"width":1188,"height":826,"url":"https:\/\/www.valcucine.com\/wp-content\/uploads\/2024\/07\/114_guid_progetto110-e1721651483616.jpg?wsr","type":"image\/jpeg"}],"twitter_card":"summary_large_image","twitter_misc":{"Dur\u00e9e de lecture estim\u00e9e":"3 minutes"},"schema":{"@context":"https:\/\/schema.org","@graph":[{"@type":"WebPage","@id":"https:\/\/www.valcucine.com\/fr\/plans\/ventilation\/grille-daeration-de-cuisine\/","url":"https:\/\/www.valcucine.com\/fr\/plans\/ventilation\/grille-daeration-de-cuisine\/","name":"Foro aerazione Valcucine","isPartOf":{"@id":"https:\/\/www.valcucine.com\/#website"},"primaryImageOfPage":{"@id":"https:\/\/www.valcucine.com\/fr\/plans\/ventilation\/grille-daeration-de-cuisine\/#primaryimage"},"image":{"@id":"https:\/\/www.valcucine.com\/fr\/plans\/ventilation\/grille-daeration-de-cuisine\/#primaryimage"},"thumbnailUrl":"https:\/\/www.valcucine.com\/wp-content\/uploads\/2024\/07\/114_guid_progetto110-e1721651483616.jpg?wsr","datePublished":"2024-07-22T12:31:46+00:00","dateModified":"2025-10-31T08:07:44+00:00","description":"All\u2019interno della cucina, deve necessariamente affluire almeno tanta aria quanta ne viene richiesta dalla regolare combustione del gas.","breadcrumb":{"@id":"https:\/\/www.valcucine.com\/fr\/plans\/ventilation\/grille-daeration-de-cuisine\/#breadcrumb"},"inLanguage":"fr-FR","potentialAction":[{"@type":"ReadAction","target":["https:\/\/www.valcucine.com\/fr\/plans\/ventilation\/grille-daeration-de-cuisine\/"]}]},{"@type":"ImageObject","inLanguage":"fr-FR","@id":"https:\/\/www.valcucine.com\/fr\/plans\/ventilation\/grille-daeration-de-cuisine\/#primaryimage","url":"https:\/\/www.valcucine.com\/wp-content\/uploads\/2024\/07\/114_guid_progetto110-e1721651483616.jpg?wsr","contentUrl":"https:\/\/www.valcucine.com\/wp-content\/uploads\/2024\/07\/114_guid_progetto110-e1721651483616.jpg?wsr","width":1188,"height":826,"caption":"Foro aerazione"},{"@type":"BreadcrumbList","@id":"https:\/\/www.valcucine.com\/fr\/plans\/ventilation\/grille-daeration-de-cuisine\/#breadcrumb","itemListElement":[{"@type":"ListItem","position":1,"name":"Valcucine","item":"https:\/\/www.valcucine.com\/fr\/"},{"@type":"ListItem","position":2,"name":"Implantation d&#8217;une cuisine","item":"https:\/\/www.valcucine.com\/fr\/plans\/"},{"@type":"ListItem","position":3,"name":"A\u00e9ration","item":"https:\/\/www.valcucine.com\/fr\/plans\/ventilation\/"},{"@type":"ListItem","position":4,"name":"Orifices de ventilation"}]},{"@type":"WebSite","@id":"https:\/\/www.valcucine.com\/#website","url":"https:\/\/www.valcucine.com\/","name":"Valcucine","description":"","publisher":{"@id":"https:\/\/www.valcucine.com\/#organization"},"potentialAction":[{"@type":"SearchAction","target":{"@type":"EntryPoint","urlTemplate":"https:\/\/www.valcucine.com\/?s={search_term_string}"},"query-input":{"@type":"PropertyValueSpecification","valueRequired":true,"valueName":"search_term_string"}}],"inLanguage":"fr-FR"},{"@type":"Organization","@id":"https:\/\/www.valcucine.com\/#organization","name":"Valcucine","url":"https:\/\/www.valcucine.com\/","logo":{"@type":"ImageObject","inLanguage":"fr-FR","@id":"https:\/\/www.valcucine.com\/#\/schema\/logo\/image\/","url":"https:\/\/www.valcucine.com\/wp-content\/uploads\/2024\/02\/logo-valcucine.webp?wsr","contentUrl":"https:\/\/www.valcucine.com\/wp-content\/uploads\/2024\/02\/logo-valcucine.webp?wsr","width":288,"height":46,"caption":"Valcucine"},"image":{"@id":"https:\/\/www.valcucine.com\/#\/schema\/logo\/image\/"},"sameAs":["https:\/\/www.facebook.com\/valcucine\/","https:\/\/www.instagram.com\/valcucine\/","https:\/\/www.linkedin.com\/company\/valcucine"]}]}},"_links":{"self":[{"href":"https:\/\/www.valcucine.com\/fr\/wp-json\/wp\/v2\/pages\/19192","targetHints":{"allow":["GET"]}}],"collection":[{"href":"https:\/\/www.valcucine.com\/fr\/wp-json\/wp\/v2\/pages"}],"about":[{"href":"https:\/\/www.valcucine.com\/fr\/wp-json\/wp\/v2\/types\/page"}],"author":[{"embeddable":true,"href":"https:\/\/www.valcucine.com\/fr\/wp-json\/wp\/v2\/users\/2"}],"replies":[{"embeddable":true,"href":"https:\/\/www.valcucine.com\/fr\/wp-json\/wp\/v2\/comments?post=19192"}],"version-history":[{"count":8,"href":"https:\/\/www.valcucine.com\/fr\/wp-json\/wp\/v2\/pages\/19192\/revisions"}],"predecessor-version":[{"id":51844,"href":"https:\/\/www.valcucine.com\/fr\/wp-json\/wp\/v2\/pages\/19192\/revisions\/51844"}],"up":[{"embeddable":true,"href":"https:\/\/www.valcucine.com\/fr\/wp-json\/wp\/v2\/pages\/19193"}],"wp:featuredmedia":[{"embeddable":true,"href":"https:\/\/www.valcucine.com\/fr\/wp-json\/wp\/v2\/media\/17214"}],"wp:attachment":[{"href":"https:\/\/www.valcucine.com\/fr\/wp-json\/wp\/v2\/media?parent=19192"}],"curies":[{"name":"wp","href":"https:\/\/api.w.org\/{rel}","templated":true}]}}