{"id":19761,"date":"2024-08-20T12:09:34","date_gmt":"2024-08-20T12:09:34","guid":{"rendered":"https:\/\/devel.valcucine.com\/caracteristiques-particulieres\/banconi\/"},"modified":"2024-08-21T12:20:55","modified_gmt":"2024-08-21T12:20:55","slug":"plans-repas","status":"publish","type":"page","link":"https:\/\/www.valcucine.com\/fr\/caracteristiques-particulieres\/plans-repas\/","title":{"rendered":"Plans-repas"},"content":{"rendered":"<div class=\"wpb-content-wrapper\"><p>[vc_row][vc_column]\n\t\t\t<!-- START Banconi REVOLUTION SLIDER 6.7.38 --><p class=\"rs-p-wp-fix\"><\/p>\n\t\t\t<rs-module-wrap id=\"rev_slider_213_1_wrapper\" data-source=\"gallery\" style=\"visibility:hidden;background:transparent;padding:0;margin:0px auto;margin-top:0;margin-bottom:0;\">\n\t\t\t\t<rs-module id=\"rev_slider_213_1\" style=\"\" data-version=\"6.7.38\">\n\t\t\t\t\t<rs-slides style=\"overflow: hidden; position: absolute;\">\n\t\t\t\t\t\t<rs-slide style=\"position: absolute;\" data-key=\"rs-999\" data-title=\"Slide\" data-thumb=\"\/\/www.valcucine.com\/wp-content\/uploads\/2024\/08\/ARTEMATICA-SOFT-OUTLINE_BANCONE-INSULA-AD-ANGOLO-scaled-50x100.jpg\" data-in=\"o:0;\" data-out=\"a:false;\">\n\t\t\t\t\t\t\t<img decoding=\"async\" src=\"\/\/www.valcucine.com\/wp-content\/plugins\/revslider\/sr6\/assets\/assets\/dummy.png\" alt=\"ARTEMATICA SOFT OUTLINE_BANCONE INSULA AD ANGOLO\" title=\"ARTEMATICA SOFT OUTLINE_BANCONE INSULA AD ANGOLO\" width=\"700\" height=\"1000\" class=\"rev-slidebg tp-rs-img rs-lazyload\" data-lazyload=\"\/\/www.valcucine.com\/wp-content\/uploads\/2024\/08\/ARTEMATICA-SOFT-OUTLINE_BANCONE-INSULA-AD-ANGOLO-scaled.jpg\" data-no-retina>\n<!---->\t\t\t\t\t<\/rs-slide>\n\t\t\t\t\t\t<rs-slide style=\"position: absolute;\" data-key=\"rs-1000\" data-title=\"Slide\" data-thumb=\"\/\/www.valcucine.com\/wp-content\/uploads\/2024\/08\/VOLO-BREAKFAST-BAR-2-50x100.jpg\" data-in=\"o:0;\" data-out=\"a:false;\">\n\t\t\t\t\t\t\t<img decoding=\"async\" src=\"\/\/www.valcucine.com\/wp-content\/plugins\/revslider\/sr6\/assets\/assets\/dummy.png\" alt=\"VOLO BREAKFAST BAR\" title=\"VOLO BREAKFAST BAR-2\" width=\"800\" height=\"400\" class=\"rev-slidebg tp-rs-img rs-lazyload\" data-lazyload=\"\/\/www.valcucine.com\/wp-content\/uploads\/2024\/08\/VOLO-BREAKFAST-BAR-2.jpg\" data-no-retina>\n<!---->\t\t\t\t\t<\/rs-slide>\n\t\t\t\t\t\t<rs-slide style=\"position: absolute;\" data-key=\"rs-1001\" data-title=\"Slide\" data-thumb=\"\/\/www.valcucine.com\/wp-content\/uploads\/2024\/08\/ORIGAMI-BREAKFAST-BAR-4-50x100.jpg\" data-in=\"o:0;\" data-out=\"a:false;\">\n\t\t\t\t\t\t\t<img decoding=\"async\" src=\"\/\/www.valcucine.com\/wp-content\/plugins\/revslider\/sr6\/assets\/assets\/dummy.png\" alt=\"ORIGAMI BREAKFAST BAR\" title=\"ORIGAMI BREAKFAST BAR (4)\" width=\"2000\" height=\"1000\" class=\"rev-slidebg tp-rs-img rs-lazyload\" data-lazyload=\"\/\/www.valcucine.com\/wp-content\/uploads\/2024\/08\/ORIGAMI-BREAKFAST-BAR-4.jpg\" data-no-retina>\n<!---->\t\t\t\t\t<\/rs-slide>\n\t\t\t\t\t\t<rs-slide style=\"position: absolute;\" data-key=\"rs-1002\" data-title=\"Slide\" data-thumb=\"\/\/www.valcucine.com\/wp-content\/uploads\/2024\/08\/COUNTERTOP-BREAKFAST-BAR4-50x100.jpg\" data-in=\"o:0;\" data-out=\"a:false;\">\n\t\t\t\t\t\t\t<img decoding=\"async\" src=\"\/\/www.valcucine.com\/wp-content\/plugins\/revslider\/sr6\/assets\/assets\/dummy.png\" alt=\"COUNTERTOP BREAKFAST\" title=\"COUNTERTOP BREAKFAST BAR4\" width=\"1600\" height=\"800\" class=\"rev-slidebg tp-rs-img rs-lazyload\" data-lazyload=\"\/\/www.valcucine.com\/wp-content\/uploads\/2024\/08\/COUNTERTOP-BREAKFAST-BAR4.jpg\" data-no-retina>\n<!---->\t\t\t\t\t<\/rs-slide>\n\t\t\t\t\t\t<rs-slide style=\"position: absolute;\" data-key=\"rs-1003\" data-title=\"Slide\" data-thumb=\"\/\/www.valcucine.com\/wp-content\/uploads\/2024\/08\/FLOATING-BREAKFAST-BAR-scaled-50x100.jpg\" data-in=\"o:0;\" data-out=\"a:false;\">\n\t\t\t\t\t\t\t<img decoding=\"async\" src=\"\/\/www.valcucine.com\/wp-content\/plugins\/revslider\/sr6\/assets\/assets\/dummy.png\" alt=\"\" title=\"FLOATING BREAKFAST BAR\" width=\"2560\" height=\"1905\" class=\"rev-slidebg tp-rs-img rs-lazyload\" data-lazyload=\"\/\/www.valcucine.com\/wp-content\/uploads\/2024\/08\/FLOATING-BREAKFAST-BAR-scaled.jpg\" data-no-retina>\n<!---->\t\t\t\t\t<\/rs-slide>\n\t\t\t\t\t<\/rs-slides>\n\t\t\t\t<\/rs-module>\n\t\t\t\t<script>\n\t\t\t\t\tsetREVStartSize({c: 'rev_slider_213_1',rl:[1240,1024,778,480],el:[900],gw:[1240],gh:[900],type:'standard',justify:'',layout:'fullwidth',mh:\"0\"});if (window.RS_MODULES!==undefined && window.RS_MODULES.modules!==undefined && window.RS_MODULES.modules[\"revslider2131\"]!==undefined) {window.RS_MODULES.modules[\"revslider2131\"].once = false;window.revapi213 = undefined;if (window.RS_MODULES.checkMinimal!==undefined) window.RS_MODULES.checkMinimal()}\n\t\t\t\t<\/script>\n\t\t\t<\/rs-module-wrap>\n\t\t\t<!-- END REVOLUTION SLIDER -->\n[\/vc_column][\/vc_row][vc_row][vc_column][vc_empty_space]\n        \n        <h1 class=\"text-start  main__title__h1  \" style=\"color:#333333;\"> \n\n         Plans-repas\n        \n        <\/h1>[\/vc_column][\/vc_row][vc_row css=\u00a0\u00bb.vc_custom_1709741045295{margin-top: 10px !important;}\u00a0\u00bb][vc_column][vc_column_text]<\/p>\n<div class=\"text\">\n<div>Insula, Origami, Volo, Sospeso et \u200b\u00e0 poser : diff\u00e9rents comptoirs pour diff\u00e9rentes solutions plans-repas, finitions en bois, collections de cuisine Valcucine et fonctionnalit\u00e9s. Compl\u00e8tement suspendu ou simplement pos\u00e9 sur l\u2019\u00eele, au centre de la pi\u00e8ce ou sur la p\u00e9ninsule, le comptoir repr\u00e9sente non seulement un point focal esth\u00e9tique, mais aussi un centre d\u2019activit\u00e9s quotidiennes dans la cuisine. Il peut \u00eatre utilis\u00e9 comme une v\u00e9ritable surface de travail pendant la pr\u00e9paration ou comme une zone de collation informelle et conviviale.<\/div>\n<\/div>\n<p>[\/vc_column_text][\/vc_column][\/vc_row][vc_row][vc_column][vc_separator color=\u00a0\u00bbcustom\u00a0\u00bb el_width=\u00a0\u00bb10&Prime; accent_color=\u00a0\u00bb#666666&Prime;][\/vc_column][\/vc_row][vc_row][vc_column width=\u00a0\u00bb1\/3&Prime;]<div class=\"block__img__hover\"><a href=\"https:\/\/www.valcucine.com\/fr\/caracteristiques-particulieres\/plans-repas\/bancone-insula\/\" target=\"\" rel=\"\" style=\"background-image:url(https:\/\/www.valcucine.com\/wp-content\/uploads\/2024\/03\/2555_slider_insula_valcucine.webp?wsr)\"><img src='https:\/\/www.valcucine.com\/wp-content\/uploads\/2024\/03\/2555_slider_insula_valcucine.webp?wsr' alt='' style='display:none'><h4>Plan-repas Insula<\/h4><\/a><\/div>[\/vc_column][vc_column width=\u00a0\u00bb1\/3&Prime;]<div class=\"block__img__hover\"><a href=\"https:\/\/www.valcucine.com\/fr\/caracteristiques-particulieres\/plans-repas\/plan-repas-volo\/\" target=\"\" rel=\"\" style=\"background-image:url(https:\/\/www.valcucine.com\/wp-content\/uploads\/2024\/08\/VOLO-BREAKFAST-BAR-scaled.jpg?wsr)\"><img src='https:\/\/www.valcucine.com\/wp-content\/uploads\/2024\/08\/VOLO-BREAKFAST-BAR-scaled.jpg?wsr' alt='' style='display:none'><h4>Plan-repas Volo<\/h4><\/a><\/div>[\/vc_column][vc_column width=\u00a0\u00bb1\/3&Prime;]<div class=\"block__img__hover\"><a href=\"https:\/\/www.valcucine.com\/fr\/caracteristiques-particulieres\/plans-repas\/plan-repas-suspendu\/\" target=\"\" rel=\"\" style=\"background-image:url(https:\/\/www.valcucine.com\/wp-content\/uploads\/2024\/08\/FLOATING-BREAKFAST-BAR-scaled.jpg?wsr)\"><img src='https:\/\/www.valcucine.com\/wp-content\/uploads\/2024\/08\/FLOATING-BREAKFAST-BAR-scaled.jpg?wsr' alt='' style='display:none'><h4>Plan-repas Suspendu<\/h4><\/a><\/div>[\/vc_column][\/vc_row][vc_row][vc_column width=\u00a0\u00bb1\/3&Prime;]<div class=\"block__img__hover\"><a href=\"https:\/\/www.valcucine.com\/fr\/caracteristiques-particulieres\/plans-repas\/plan-repas-a-poser\/\" target=\"\" rel=\"\" style=\"background-image:url(https:\/\/www.valcucine.com\/wp-content\/uploads\/2024\/08\/COUNTERTOP-BREAKFAST-BAR.jpg?wsr)\"><img src='https:\/\/www.valcucine.com\/wp-content\/uploads\/2024\/08\/COUNTERTOP-BREAKFAST-BAR.jpg?wsr' alt='COUNTERTOP BREAKFAST BAR' style='display:none'><h4>Plan-repas \u00e0 poser<\/h4><\/a><\/div>[\/vc_column][vc_column width=\u00a0\u00bb1\/3&Prime;]<div class=\"block__img__hover\"><a href=\"https:\/\/www.valcucine.com\/fr\/caracteristiques-particulieres\/plans-repas\/plan-snack-origami\/\" target=\"\" rel=\"\" style=\"background-image:url(https:\/\/www.valcucine.com\/wp-content\/uploads\/2024\/08\/ORIGAMI-BREAKFAST-BAR-2.jpg?wsr)\"><img src='https:\/\/www.valcucine.com\/wp-content\/uploads\/2024\/08\/ORIGAMI-BREAKFAST-BAR-2.jpg?wsr' alt='ORIGAMI BREAKFAST BAR' style='display:none'><h4>Plan-repas Origami<\/h4><\/a><\/div>[\/vc_column][\/vc_row]<\/p>\n<\/div>","protected":false},"excerpt":{"rendered":"<p>[vc_row][vc_column][\/vc_column][\/vc_row][vc_row][vc_column][vc_empty_space][\/vc_column][\/vc_row][vc_row css=\u00a0\u00bb.vc_custom_1709741045295{margin-top: 10px !important;}\u00a0\u00bb][vc_column][vc_column_text] Insula, Origami, Volo, Sospeso et \u200b\u00e0 poser : diff\u00e9rents comptoirs pour diff\u00e9rentes solutions plans-repas, finitions en bois, collections de cuisine Valcucine et fonctionnalit\u00e9s. Compl\u00e8tement suspendu ou simplement pos\u00e9 sur l\u2019\u00eele, au centre de la pi\u00e8ce ou sur la p\u00e9ninsule, le comptoir repr\u00e9sente non seulement un point focal esth\u00e9tique, mais aussi un [&hellip;]<\/p>\n","protected":false},"author":2,"featured_media":0,"parent":12599,"menu_order":0,"comment_status":"closed","ping_status":"closed","template":"","meta":{"footnotes":""},"class_list":["post-19761","page","type-page","status-publish","hentry"],"yoast_head":"<!-- This site is optimized with the Yoast SEO plugin v26.2 - https:\/\/yoast.com\/wordpress\/plugins\/seo\/ -->\n<title>Plans-repas - Valcucine<\/title>\n<meta name=\"robots\" content=\"index, follow, max-snippet:-1, max-image-preview:large, max-video-preview:-1\" \/>\n<link rel=\"canonical\" href=\"https:\/\/www.valcucine.com\/fr\/caracteristiques-particulieres\/plans-repas\/\" \/>\n<meta property=\"og:locale\" content=\"fr_FR\" \/>\n<meta property=\"og:type\" content=\"article\" \/>\n<meta property=\"og:title\" content=\"Plans-repas - Valcucine\" \/>\n<meta property=\"og:description\" content=\"[vc_row][vc_column][\/vc_column][\/vc_row][vc_row][vc_column][vc_empty_space][\/vc_column][\/vc_row][vc_row css=\u00a0\u00bb.vc_custom_1709741045295{margin-top: 10px !important;}\u00a0\u00bb][vc_column][vc_column_text] Insula, Origami, Volo, Sospeso et \u200b\u00e0 poser : diff\u00e9rents comptoirs pour diff\u00e9rentes solutions plans-repas, finitions en bois, collections de cuisine Valcucine et fonctionnalit\u00e9s. Compl\u00e8tement suspendu ou simplement pos\u00e9 sur l\u2019\u00eele, au centre de la pi\u00e8ce ou sur la p\u00e9ninsule, le comptoir repr\u00e9sente non seulement un point focal esth\u00e9tique, mais aussi un [&hellip;]\" \/>\n<meta property=\"og:url\" content=\"https:\/\/www.valcucine.com\/fr\/caracteristiques-particulieres\/plans-repas\/\" \/>\n<meta property=\"og:site_name\" content=\"Valcucine\" \/>\n<meta property=\"article:publisher\" content=\"https:\/\/www.facebook.com\/valcucine\/\" \/>\n<meta property=\"article:modified_time\" content=\"2024-08-21T12:20:55+00:00\" \/>\n<meta name=\"twitter:card\" content=\"summary_large_image\" \/>\n<meta name=\"twitter:label1\" content=\"Dur\u00e9e de lecture estim\u00e9e\" \/>\n\t<meta name=\"twitter:data1\" content=\"2 minutes\" \/>\n<script type=\"application\/ld+json\" class=\"yoast-schema-graph\">{\"@context\":\"https:\/\/schema.org\",\"@graph\":[{\"@type\":\"WebPage\",\"@id\":\"https:\/\/www.valcucine.com\/fr\/caracteristiques-particulieres\/plans-repas\/\",\"url\":\"https:\/\/www.valcucine.com\/fr\/caracteristiques-particulieres\/plans-repas\/\",\"name\":\"Plans-repas - Valcucine\",\"isPartOf\":{\"@id\":\"https:\/\/www.valcucine.com\/#website\"},\"datePublished\":\"2024-08-20T12:09:34+00:00\",\"dateModified\":\"2024-08-21T12:20:55+00:00\",\"breadcrumb\":{\"@id\":\"https:\/\/www.valcucine.com\/fr\/caracteristiques-particulieres\/plans-repas\/#breadcrumb\"},\"inLanguage\":\"fr-FR\",\"potentialAction\":[{\"@type\":\"ReadAction\",\"target\":[\"https:\/\/www.valcucine.com\/fr\/caracteristiques-particulieres\/plans-repas\/\"]}]},{\"@type\":\"BreadcrumbList\",\"@id\":\"https:\/\/www.valcucine.com\/fr\/caracteristiques-particulieres\/plans-repas\/#breadcrumb\",\"itemListElement\":[{\"@type\":\"ListItem\",\"position\":1,\"name\":\"Valcucine\",\"item\":\"https:\/\/www.valcucine.com\/fr\/\"},{\"@type\":\"ListItem\",\"position\":2,\"name\":\"\u00c9l\u00e9ments Particuliers\",\"item\":\"https:\/\/www.valcucine.com\/fr\/caracteristiques-particulieres\/\"},{\"@type\":\"ListItem\",\"position\":3,\"name\":\"Plans-repas\"}]},{\"@type\":\"WebSite\",\"@id\":\"https:\/\/www.valcucine.com\/#website\",\"url\":\"https:\/\/www.valcucine.com\/\",\"name\":\"Valcucine\",\"description\":\"\",\"publisher\":{\"@id\":\"https:\/\/www.valcucine.com\/#organization\"},\"potentialAction\":[{\"@type\":\"SearchAction\",\"target\":{\"@type\":\"EntryPoint\",\"urlTemplate\":\"https:\/\/www.valcucine.com\/?s={search_term_string}\"},\"query-input\":{\"@type\":\"PropertyValueSpecification\",\"valueRequired\":true,\"valueName\":\"search_term_string\"}}],\"inLanguage\":\"fr-FR\"},{\"@type\":\"Organization\",\"@id\":\"https:\/\/www.valcucine.com\/#organization\",\"name\":\"Valcucine\",\"url\":\"https:\/\/www.valcucine.com\/\",\"logo\":{\"@type\":\"ImageObject\",\"inLanguage\":\"fr-FR\",\"@id\":\"https:\/\/www.valcucine.com\/#\/schema\/logo\/image\/\",\"url\":\"https:\/\/www.valcucine.com\/wp-content\/uploads\/2024\/02\/logo-valcucine.webp?wsr\",\"contentUrl\":\"https:\/\/www.valcucine.com\/wp-content\/uploads\/2024\/02\/logo-valcucine.webp?wsr\",\"width\":288,\"height\":46,\"caption\":\"Valcucine\"},\"image\":{\"@id\":\"https:\/\/www.valcucine.com\/#\/schema\/logo\/image\/\"},\"sameAs\":[\"https:\/\/www.facebook.com\/valcucine\/\",\"https:\/\/www.instagram.com\/valcucine\/\",\"https:\/\/www.linkedin.com\/company\/valcucine\"]}]}<\/script>\n<!-- \/ Yoast SEO plugin. -->","yoast_head_json":{"title":"Plans-repas - Valcucine","robots":{"index":"index","follow":"follow","max-snippet":"max-snippet:-1","max-image-preview":"max-image-preview:large","max-video-preview":"max-video-preview:-1"},"canonical":"https:\/\/www.valcucine.com\/fr\/caracteristiques-particulieres\/plans-repas\/","og_locale":"fr_FR","og_type":"article","og_title":"Plans-repas - Valcucine","og_description":"[vc_row][vc_column][\/vc_column][\/vc_row][vc_row][vc_column][vc_empty_space][\/vc_column][\/vc_row][vc_row css=\u00a0\u00bb.vc_custom_1709741045295{margin-top: 10px !important;}\u00a0\u00bb][vc_column][vc_column_text] Insula, Origami, Volo, Sospeso et \u200b\u00e0 poser : diff\u00e9rents comptoirs pour diff\u00e9rentes solutions plans-repas, finitions en bois, collections de cuisine Valcucine et fonctionnalit\u00e9s. Compl\u00e8tement suspendu ou simplement pos\u00e9 sur l\u2019\u00eele, au centre de la pi\u00e8ce ou sur la p\u00e9ninsule, le comptoir repr\u00e9sente non seulement un point focal esth\u00e9tique, mais aussi un [&hellip;]","og_url":"https:\/\/www.valcucine.com\/fr\/caracteristiques-particulieres\/plans-repas\/","og_site_name":"Valcucine","article_publisher":"https:\/\/www.facebook.com\/valcucine\/","article_modified_time":"2024-08-21T12:20:55+00:00","twitter_card":"summary_large_image","twitter_misc":{"Dur\u00e9e de lecture estim\u00e9e":"2 minutes"},"schema":{"@context":"https:\/\/schema.org","@graph":[{"@type":"WebPage","@id":"https:\/\/www.valcucine.com\/fr\/caracteristiques-particulieres\/plans-repas\/","url":"https:\/\/www.valcucine.com\/fr\/caracteristiques-particulieres\/plans-repas\/","name":"Plans-repas - Valcucine","isPartOf":{"@id":"https:\/\/www.valcucine.com\/#website"},"datePublished":"2024-08-20T12:09:34+00:00","dateModified":"2024-08-21T12:20:55+00:00","breadcrumb":{"@id":"https:\/\/www.valcucine.com\/fr\/caracteristiques-particulieres\/plans-repas\/#breadcrumb"},"inLanguage":"fr-FR","potentialAction":[{"@type":"ReadAction","target":["https:\/\/www.valcucine.com\/fr\/caracteristiques-particulieres\/plans-repas\/"]}]},{"@type":"BreadcrumbList","@id":"https:\/\/www.valcucine.com\/fr\/caracteristiques-particulieres\/plans-repas\/#breadcrumb","itemListElement":[{"@type":"ListItem","position":1,"name":"Valcucine","item":"https:\/\/www.valcucine.com\/fr\/"},{"@type":"ListItem","position":2,"name":"\u00c9l\u00e9ments Particuliers","item":"https:\/\/www.valcucine.com\/fr\/caracteristiques-particulieres\/"},{"@type":"ListItem","position":3,"name":"Plans-repas"}]},{"@type":"WebSite","@id":"https:\/\/www.valcucine.com\/#website","url":"https:\/\/www.valcucine.com\/","name":"Valcucine","description":"","publisher":{"@id":"https:\/\/www.valcucine.com\/#organization"},"potentialAction":[{"@type":"SearchAction","target":{"@type":"EntryPoint","urlTemplate":"https:\/\/www.valcucine.com\/?s={search_term_string}"},"query-input":{"@type":"PropertyValueSpecification","valueRequired":true,"valueName":"search_term_string"}}],"inLanguage":"fr-FR"},{"@type":"Organization","@id":"https:\/\/www.valcucine.com\/#organization","name":"Valcucine","url":"https:\/\/www.valcucine.com\/","logo":{"@type":"ImageObject","inLanguage":"fr-FR","@id":"https:\/\/www.valcucine.com\/#\/schema\/logo\/image\/","url":"https:\/\/www.valcucine.com\/wp-content\/uploads\/2024\/02\/logo-valcucine.webp?wsr","contentUrl":"https:\/\/www.valcucine.com\/wp-content\/uploads\/2024\/02\/logo-valcucine.webp?wsr","width":288,"height":46,"caption":"Valcucine"},"image":{"@id":"https:\/\/www.valcucine.com\/#\/schema\/logo\/image\/"},"sameAs":["https:\/\/www.facebook.com\/valcucine\/","https:\/\/www.instagram.com\/valcucine\/","https:\/\/www.linkedin.com\/company\/valcucine"]}]}},"_links":{"self":[{"href":"https:\/\/www.valcucine.com\/fr\/wp-json\/wp\/v2\/pages\/19761","targetHints":{"allow":["GET"]}}],"collection":[{"href":"https:\/\/www.valcucine.com\/fr\/wp-json\/wp\/v2\/pages"}],"about":[{"href":"https:\/\/www.valcucine.com\/fr\/wp-json\/wp\/v2\/types\/page"}],"author":[{"embeddable":true,"href":"https:\/\/www.valcucine.com\/fr\/wp-json\/wp\/v2\/users\/2"}],"replies":[{"embeddable":true,"href":"https:\/\/www.valcucine.com\/fr\/wp-json\/wp\/v2\/comments?post=19761"}],"version-history":[{"count":7,"href":"https:\/\/www.valcucine.com\/fr\/wp-json\/wp\/v2\/pages\/19761\/revisions"}],"predecessor-version":[{"id":19808,"href":"https:\/\/www.valcucine.com\/fr\/wp-json\/wp\/v2\/pages\/19761\/revisions\/19808"}],"up":[{"embeddable":true,"href":"https:\/\/www.valcucine.com\/fr\/wp-json\/wp\/v2\/pages\/12599"}],"wp:attachment":[{"href":"https:\/\/www.valcucine.com\/fr\/wp-json\/wp\/v2\/media?parent=19761"}],"curies":[{"name":"wp","href":"https:\/\/api.w.org\/{rel}","templated":true}]}}