{"id":19826,"date":"2024-08-20T11:59:37","date_gmt":"2024-08-20T11:59:37","guid":{"rendered":"https:\/\/devel.valcucine.com\/caracteristiques-particulieres\/tables\/connexus-table\/"},"modified":"2024-08-21T12:36:20","modified_gmt":"2024-08-21T12:36:20","slug":"table-connexus","status":"publish","type":"page","link":"https:\/\/www.valcucine.com\/fr\/caracteristiques-particulieres\/tables\/table-connexus\/","title":{"rendered":"Table Connexus"},"content":{"rendered":"<div class=\"wpb-content-wrapper\"><p>[vc_row][vc_column]\n\t\t\t<!-- START TAVOLO CONNEXUS REVOLUTION SLIDER 6.7.38 --><p class=\"rs-p-wp-fix\"><\/p>\n\t\t\t<rs-module-wrap id=\"rev_slider_217_1_wrapper\" data-source=\"gallery\" style=\"visibility:hidden;background:transparent;padding:0;margin:0px auto;margin-top:0;margin-bottom:0;\">\n\t\t\t\t<rs-module id=\"rev_slider_217_1\" style=\"\" data-version=\"6.7.38\">\n\t\t\t\t\t<rs-slides style=\"overflow: hidden; position: absolute;\">\n\t\t\t\t\t\t<rs-slide style=\"position: absolute;\" data-key=\"rs-1013\" data-title=\"Slide\" data-in=\"o:0;\" data-out=\"a:false;\">\n\t\t\t\t\t\t\t<img decoding=\"async\" src=\"\/\/www.valcucine.com\/wp-content\/plugins\/revslider\/sr6\/assets\/assets\/dummy.png\" alt=\"CONNEXUS TABLE\" title=\"CONNEXUS TABLE\" width=\"1000\" height=\"701\" class=\"rev-slidebg tp-rs-img rs-lazyload\" data-lazyload=\"\/\/www.valcucine.com\/wp-content\/uploads\/2024\/08\/CONNEXUS-TABLE-scaled.jpg\" data-no-retina>\n<!---->\t\t\t\t\t<\/rs-slide>\n\t\t\t\t\t<\/rs-slides>\n\t\t\t\t<\/rs-module>\n\t\t\t\t<script>\n\t\t\t\t\tsetREVStartSize({c: 'rev_slider_217_1',rl:[1240,1024,778,480],el:[900],gw:[1240],gh:[900],type:'standard',justify:'',layout:'fullwidth',mh:\"0\"});if (window.RS_MODULES!==undefined && window.RS_MODULES.modules!==undefined && window.RS_MODULES.modules[\"revslider2171\"]!==undefined) {window.RS_MODULES.modules[\"revslider2171\"].once = false;window.revapi217 = undefined;if (window.RS_MODULES.checkMinimal!==undefined) window.RS_MODULES.checkMinimal()}\n\t\t\t\t<\/script>\n\t\t\t<\/rs-module-wrap>\n\t\t\t<!-- END REVOLUTION SLIDER -->\n[\/vc_column][\/vc_row][vc_row][vc_column]\n        \n        <h1 class=\"text-center  main__title__h1  vc_custom_1724243736068 \" style=\"color:#333333;\"> \n\n         Table Connexus\n        \n        <\/h1>[\/vc_column][\/vc_row][vc_row][vc_column][vc_column_text]<\/p>\n<div class=\"text\">\n<p>S\u2019inspirant d\u2019un style de vie contemporain, la table Connexus s\u2019allie \u00e0 la cuisine et en devient partie int\u00e9grante. La zone de travail et la zone conviviale se fondent dans une parfaite harmonie de ligne et de formes. L\u2019\u00e9paisseur de 6 ou de 8 cm dessine la ligne de la table et en d\u00e9finit le volume, r\u00e9f\u00e9rence explicite aux proportions Valcucine. La l\u00e9g\u00e8ret\u00e9 &#8211; un principe qui inspire chaque \u00e9l\u00e9ment du projet &#8211; est soulign\u00e9e par le pi\u00e8tement en acier inox noir soutenant le plateau de table qui semble en suspension, en lui garantissant une stabilit\u00e9 maximale. Le pi\u00e8tement existe \u00e9galement dans une autre version : ici, c\u2019est la section m\u00eame du plateau qui se plie jusqu\u2019\u00e0 arriver au sol pour former un jambage, en cr\u00e9ant une forme en \u00ab L \u00bb au design \u00e9pur\u00e9.<\/p>\n<\/div>\n<p>[\/vc_column_text][\/vc_column][\/vc_row]<\/p>\n<\/div>","protected":false},"excerpt":{"rendered":"<p>[vc_row][vc_column][\/vc_column][\/vc_row][vc_row][vc_column][\/vc_column][\/vc_row][vc_row][vc_column][vc_column_text] S\u2019inspirant d\u2019un style de vie contemporain, la table Connexus s\u2019allie \u00e0 la cuisine et en devient partie int\u00e9grante. La zone de travail et la zone conviviale se fondent dans une parfaite harmonie de ligne et de formes. L\u2019\u00e9paisseur de 6 ou de 8 cm dessine la ligne de la table et en d\u00e9finit le [&hellip;]<\/p>\n","protected":false},"author":2,"featured_media":0,"parent":19816,"menu_order":0,"comment_status":"closed","ping_status":"closed","template":"","meta":{"footnotes":""},"class_list":["post-19826","page","type-page","status-publish","hentry"],"yoast_head":"<!-- This site is optimized with the Yoast SEO plugin v26.2 - https:\/\/yoast.com\/wordpress\/plugins\/seo\/ -->\n<title>Table Connexus - Valcucine<\/title>\n<meta name=\"robots\" content=\"index, follow, max-snippet:-1, max-image-preview:large, max-video-preview:-1\" \/>\n<link rel=\"canonical\" href=\"https:\/\/www.valcucine.com\/fr\/caracteristiques-particulieres\/tables\/table-connexus\/\" \/>\n<meta property=\"og:locale\" content=\"fr_FR\" \/>\n<meta property=\"og:type\" content=\"article\" \/>\n<meta property=\"og:title\" content=\"Table Connexus - Valcucine\" \/>\n<meta property=\"og:description\" content=\"[vc_row][vc_column][\/vc_column][\/vc_row][vc_row][vc_column][\/vc_column][\/vc_row][vc_row][vc_column][vc_column_text] S\u2019inspirant d\u2019un style de vie contemporain, la table Connexus s\u2019allie \u00e0 la cuisine et en devient partie int\u00e9grante. La zone de travail et la zone conviviale se fondent dans une parfaite harmonie de ligne et de formes. L\u2019\u00e9paisseur de 6 ou de 8 cm dessine la ligne de la table et en d\u00e9finit le [&hellip;]\" \/>\n<meta property=\"og:url\" content=\"https:\/\/www.valcucine.com\/fr\/caracteristiques-particulieres\/tables\/table-connexus\/\" \/>\n<meta property=\"og:site_name\" content=\"Valcucine\" \/>\n<meta property=\"article:publisher\" content=\"https:\/\/www.facebook.com\/valcucine\/\" \/>\n<meta property=\"article:modified_time\" content=\"2024-08-21T12:36:20+00:00\" \/>\n<meta name=\"twitter:card\" content=\"summary_large_image\" \/>\n<meta name=\"twitter:label1\" content=\"Dur\u00e9e de lecture estim\u00e9e\" \/>\n\t<meta name=\"twitter:data1\" content=\"1 minute\" \/>\n<script type=\"application\/ld+json\" class=\"yoast-schema-graph\">{\"@context\":\"https:\/\/schema.org\",\"@graph\":[{\"@type\":\"WebPage\",\"@id\":\"https:\/\/www.valcucine.com\/fr\/caracteristiques-particulieres\/tables\/table-connexus\/\",\"url\":\"https:\/\/www.valcucine.com\/fr\/caracteristiques-particulieres\/tables\/table-connexus\/\",\"name\":\"Table Connexus - Valcucine\",\"isPartOf\":{\"@id\":\"https:\/\/www.valcucine.com\/#website\"},\"datePublished\":\"2024-08-20T11:59:37+00:00\",\"dateModified\":\"2024-08-21T12:36:20+00:00\",\"breadcrumb\":{\"@id\":\"https:\/\/www.valcucine.com\/fr\/caracteristiques-particulieres\/tables\/table-connexus\/#breadcrumb\"},\"inLanguage\":\"fr-FR\",\"potentialAction\":[{\"@type\":\"ReadAction\",\"target\":[\"https:\/\/www.valcucine.com\/fr\/caracteristiques-particulieres\/tables\/table-connexus\/\"]}]},{\"@type\":\"BreadcrumbList\",\"@id\":\"https:\/\/www.valcucine.com\/fr\/caracteristiques-particulieres\/tables\/table-connexus\/#breadcrumb\",\"itemListElement\":[{\"@type\":\"ListItem\",\"position\":1,\"name\":\"Valcucine\",\"item\":\"https:\/\/www.valcucine.com\/fr\/\"},{\"@type\":\"ListItem\",\"position\":2,\"name\":\"\u00c9l\u00e9ments Particuliers\",\"item\":\"https:\/\/www.valcucine.com\/fr\/caracteristiques-particulieres\/\"},{\"@type\":\"ListItem\",\"position\":3,\"name\":\"Tables\",\"item\":\"https:\/\/www.valcucine.com\/fr\/caracteristiques-particulieres\/tables\/\"},{\"@type\":\"ListItem\",\"position\":4,\"name\":\"Table Connexus\"}]},{\"@type\":\"WebSite\",\"@id\":\"https:\/\/www.valcucine.com\/#website\",\"url\":\"https:\/\/www.valcucine.com\/\",\"name\":\"Valcucine\",\"description\":\"\",\"publisher\":{\"@id\":\"https:\/\/www.valcucine.com\/#organization\"},\"potentialAction\":[{\"@type\":\"SearchAction\",\"target\":{\"@type\":\"EntryPoint\",\"urlTemplate\":\"https:\/\/www.valcucine.com\/?s={search_term_string}\"},\"query-input\":{\"@type\":\"PropertyValueSpecification\",\"valueRequired\":true,\"valueName\":\"search_term_string\"}}],\"inLanguage\":\"fr-FR\"},{\"@type\":\"Organization\",\"@id\":\"https:\/\/www.valcucine.com\/#organization\",\"name\":\"Valcucine\",\"url\":\"https:\/\/www.valcucine.com\/\",\"logo\":{\"@type\":\"ImageObject\",\"inLanguage\":\"fr-FR\",\"@id\":\"https:\/\/www.valcucine.com\/#\/schema\/logo\/image\/\",\"url\":\"https:\/\/www.valcucine.com\/wp-content\/uploads\/2024\/02\/logo-valcucine.webp?wsr\",\"contentUrl\":\"https:\/\/www.valcucine.com\/wp-content\/uploads\/2024\/02\/logo-valcucine.webp?wsr\",\"width\":288,\"height\":46,\"caption\":\"Valcucine\"},\"image\":{\"@id\":\"https:\/\/www.valcucine.com\/#\/schema\/logo\/image\/\"},\"sameAs\":[\"https:\/\/www.facebook.com\/valcucine\/\",\"https:\/\/www.instagram.com\/valcucine\/\",\"https:\/\/www.linkedin.com\/company\/valcucine\"]}]}<\/script>\n<!-- \/ Yoast SEO plugin. -->","yoast_head_json":{"title":"Table Connexus - Valcucine","robots":{"index":"index","follow":"follow","max-snippet":"max-snippet:-1","max-image-preview":"max-image-preview:large","max-video-preview":"max-video-preview:-1"},"canonical":"https:\/\/www.valcucine.com\/fr\/caracteristiques-particulieres\/tables\/table-connexus\/","og_locale":"fr_FR","og_type":"article","og_title":"Table Connexus - Valcucine","og_description":"[vc_row][vc_column][\/vc_column][\/vc_row][vc_row][vc_column][\/vc_column][\/vc_row][vc_row][vc_column][vc_column_text] S\u2019inspirant d\u2019un style de vie contemporain, la table Connexus s\u2019allie \u00e0 la cuisine et en devient partie int\u00e9grante. La zone de travail et la zone conviviale se fondent dans une parfaite harmonie de ligne et de formes. L\u2019\u00e9paisseur de 6 ou de 8 cm dessine la ligne de la table et en d\u00e9finit le [&hellip;]","og_url":"https:\/\/www.valcucine.com\/fr\/caracteristiques-particulieres\/tables\/table-connexus\/","og_site_name":"Valcucine","article_publisher":"https:\/\/www.facebook.com\/valcucine\/","article_modified_time":"2024-08-21T12:36:20+00:00","twitter_card":"summary_large_image","twitter_misc":{"Dur\u00e9e de lecture estim\u00e9e":"1 minute"},"schema":{"@context":"https:\/\/schema.org","@graph":[{"@type":"WebPage","@id":"https:\/\/www.valcucine.com\/fr\/caracteristiques-particulieres\/tables\/table-connexus\/","url":"https:\/\/www.valcucine.com\/fr\/caracteristiques-particulieres\/tables\/table-connexus\/","name":"Table Connexus - Valcucine","isPartOf":{"@id":"https:\/\/www.valcucine.com\/#website"},"datePublished":"2024-08-20T11:59:37+00:00","dateModified":"2024-08-21T12:36:20+00:00","breadcrumb":{"@id":"https:\/\/www.valcucine.com\/fr\/caracteristiques-particulieres\/tables\/table-connexus\/#breadcrumb"},"inLanguage":"fr-FR","potentialAction":[{"@type":"ReadAction","target":["https:\/\/www.valcucine.com\/fr\/caracteristiques-particulieres\/tables\/table-connexus\/"]}]},{"@type":"BreadcrumbList","@id":"https:\/\/www.valcucine.com\/fr\/caracteristiques-particulieres\/tables\/table-connexus\/#breadcrumb","itemListElement":[{"@type":"ListItem","position":1,"name":"Valcucine","item":"https:\/\/www.valcucine.com\/fr\/"},{"@type":"ListItem","position":2,"name":"\u00c9l\u00e9ments Particuliers","item":"https:\/\/www.valcucine.com\/fr\/caracteristiques-particulieres\/"},{"@type":"ListItem","position":3,"name":"Tables","item":"https:\/\/www.valcucine.com\/fr\/caracteristiques-particulieres\/tables\/"},{"@type":"ListItem","position":4,"name":"Table Connexus"}]},{"@type":"WebSite","@id":"https:\/\/www.valcucine.com\/#website","url":"https:\/\/www.valcucine.com\/","name":"Valcucine","description":"","publisher":{"@id":"https:\/\/www.valcucine.com\/#organization"},"potentialAction":[{"@type":"SearchAction","target":{"@type":"EntryPoint","urlTemplate":"https:\/\/www.valcucine.com\/?s={search_term_string}"},"query-input":{"@type":"PropertyValueSpecification","valueRequired":true,"valueName":"search_term_string"}}],"inLanguage":"fr-FR"},{"@type":"Organization","@id":"https:\/\/www.valcucine.com\/#organization","name":"Valcucine","url":"https:\/\/www.valcucine.com\/","logo":{"@type":"ImageObject","inLanguage":"fr-FR","@id":"https:\/\/www.valcucine.com\/#\/schema\/logo\/image\/","url":"https:\/\/www.valcucine.com\/wp-content\/uploads\/2024\/02\/logo-valcucine.webp?wsr","contentUrl":"https:\/\/www.valcucine.com\/wp-content\/uploads\/2024\/02\/logo-valcucine.webp?wsr","width":288,"height":46,"caption":"Valcucine"},"image":{"@id":"https:\/\/www.valcucine.com\/#\/schema\/logo\/image\/"},"sameAs":["https:\/\/www.facebook.com\/valcucine\/","https:\/\/www.instagram.com\/valcucine\/","https:\/\/www.linkedin.com\/company\/valcucine"]}]}},"_links":{"self":[{"href":"https:\/\/www.valcucine.com\/fr\/wp-json\/wp\/v2\/pages\/19826","targetHints":{"allow":["GET"]}}],"collection":[{"href":"https:\/\/www.valcucine.com\/fr\/wp-json\/wp\/v2\/pages"}],"about":[{"href":"https:\/\/www.valcucine.com\/fr\/wp-json\/wp\/v2\/types\/page"}],"author":[{"embeddable":true,"href":"https:\/\/www.valcucine.com\/fr\/wp-json\/wp\/v2\/users\/2"}],"replies":[{"embeddable":true,"href":"https:\/\/www.valcucine.com\/fr\/wp-json\/wp\/v2\/comments?post=19826"}],"version-history":[{"count":2,"href":"https:\/\/www.valcucine.com\/fr\/wp-json\/wp\/v2\/pages\/19826\/revisions"}],"predecessor-version":[{"id":19828,"href":"https:\/\/www.valcucine.com\/fr\/wp-json\/wp\/v2\/pages\/19826\/revisions\/19828"}],"up":[{"embeddable":true,"href":"https:\/\/www.valcucine.com\/fr\/wp-json\/wp\/v2\/pages\/19816"}],"wp:attachment":[{"href":"https:\/\/www.valcucine.com\/fr\/wp-json\/wp\/v2\/media?parent=19826"}],"curies":[{"name":"wp","href":"https:\/\/api.w.org\/{rel}","templated":true}]}}