{"id":20782,"date":"2024-07-22T12:55:26","date_gmt":"2024-07-22T12:55:26","guid":{"rendered":"https:\/\/devel.valcucine.com\/plans\/ventilation\/cappa-silenziosa-cucina\/"},"modified":"2025-06-04T15:52:12","modified_gmt":"2025-06-04T15:52:12","slug":"hotte-de-cuisine-silencieuse","status":"publish","type":"page","link":"https:\/\/www.valcucine.com\/fr\/plans\/ventilation\/hotte-de-cuisine-silencieuse\/","title":{"rendered":"Hotte silencieuse"},"content":{"rendered":"<div class=\"wpb-content-wrapper\"><p>[vc_row][vc_column][vc_empty_space]\n        \n        <h1 class=\"text-start  main__title__h1  \" style=\"color:#333333;\"> \n\n         Hotte silencieuse\n        \n        <\/h1>[vc_empty_space][vc_column_text]<strong>Comment peut-on obtenir une hotte silencieuse?<\/strong><\/p>\n<p>Le c\u0153ur de la hotte est le moteur qui en d\u00e9termine la capacit\u00e9 d&rsquo;aspiration. Pour obtenir une bonne aspiration, la puissance du moteur doit \u00eatre ad\u00e9quate \u00e0 la forme, au type et aux dimensions de la hotte.\u00a0Le moteur peut se trouver \u00e0 l&rsquo;int\u00e9rieur de la hotte et, dans ce cas, il doit \u00eatre d&rsquo;excellente qualit\u00e9 pour avoir un niveau de bruit bas. Si l&rsquo;on souhaite r\u00e9duire davantage le niveau de bruit de la hotte, il est possible d&rsquo;installer un moteur \u00e0 l&rsquo;ext\u00e9rieur en ayant soin d&rsquo;effectuer une conduite qui \u00e9vite la formation de tourbillons d&rsquo;air, ce qui pourrait rendre la hotte plus bruyante.<br \/>\nLe moteur \u00e0 distance peut \u00eatre fix\u00e9 soit au mur ext\u00e9rieur de l&rsquo;habitation soit sur le toit.<br \/>\nToutes les hottes Valcucine ont au minimum un moteur int\u00e9rieur de 750 m\u00b3 (volume d\u2019air aspir\u00e9 en une heure). En cas de hottes de grandes dimensions, on installera deux moteurs pour augmenter leur puissance d&rsquo;aspiration.\u00a0Toutes les hottes Valcucine peuvent, sur demande, \u00eatre dot\u00e9es d&rsquo;un moteur \u00e0 distance \u00e0 la place du moteur int\u00e9rieur.\u00a0Pour obtenir un fonctionnement maximal, Valcucine recommande d&rsquo;utiliser un moteur \u00e0 distance ayant la m\u00eame marque que la hotte aspirante.[\/vc_column_text][\/vc_column][\/vc_row][vc_row][vc_column][vc_single_image image=\u00a0\u00bb17222&Prime; img_size=\u00a0\u00bb800&#215;600&Prime;][\/vc_column][\/vc_row]<\/p>\n<\/div>","protected":false},"excerpt":{"rendered":"<p>[vc_row][vc_column][vc_empty_space][vc_empty_space][vc_column_text]Comment peut-on obtenir une hotte silencieuse? Le c\u0153ur de la hotte est le moteur qui en d\u00e9termine la capacit\u00e9 d&rsquo;aspiration. Pour obtenir une bonne aspiration, la puissance du moteur doit \u00eatre ad\u00e9quate \u00e0 la forme, au type et aux dimensions de la hotte.\u00a0Le moteur peut se trouver \u00e0 l&rsquo;int\u00e9rieur de la hotte et, dans ce [&hellip;]<\/p>\n","protected":false},"author":2,"featured_media":17438,"parent":19193,"menu_order":0,"comment_status":"closed","ping_status":"closed","template":"page-planning02.php","meta":{"footnotes":""},"class_list":["post-20782","page","type-page","status-publish","has-post-thumbnail","hentry"],"yoast_head":"<!-- This site is optimized with the Yoast SEO plugin v26.2 - https:\/\/yoast.com\/wordpress\/plugins\/seo\/ -->\n<title>Hotte silencieuse Valcucine<\/title>\n<meta name=\"description\" content=\"Pour obtenir une bonne aspiration, la puissance du moteur doit \u00eatre adapt\u00e9e \u00e0 la forme, au type et \u00e0 la taille de la hotte.\" \/>\n<meta name=\"robots\" content=\"index, follow, max-snippet:-1, max-image-preview:large, max-video-preview:-1\" \/>\n<link rel=\"canonical\" href=\"https:\/\/www.valcucine.com\/fr\/plans\/ventilation\/hotte-de-cuisine-silencieuse\/\" \/>\n<meta property=\"og:locale\" content=\"fr_FR\" \/>\n<meta property=\"og:type\" content=\"article\" \/>\n<meta property=\"og:title\" content=\"Hotte silencieuse Valcucine\" \/>\n<meta property=\"og:description\" content=\"Pour obtenir une bonne aspiration, la puissance du moteur doit \u00eatre adapt\u00e9e \u00e0 la forme, au type et \u00e0 la taille de la hotte.\" \/>\n<meta property=\"og:url\" content=\"https:\/\/www.valcucine.com\/fr\/plans\/ventilation\/hotte-de-cuisine-silencieuse\/\" \/>\n<meta property=\"og:site_name\" content=\"Valcucine\" \/>\n<meta property=\"article:publisher\" content=\"https:\/\/www.facebook.com\/valcucine\/\" \/>\n<meta property=\"article:modified_time\" content=\"2025-06-04T15:52:12+00:00\" \/>\n<meta property=\"og:image\" content=\"https:\/\/www.valcucine.com\/wp-content\/uploads\/2024\/07\/98_guid-progetto116-1-e1721652876573.jpg?wsr\" \/>\n\t<meta property=\"og:image:width\" content=\"1188\" \/>\n\t<meta property=\"og:image:height\" content=\"826\" \/>\n\t<meta property=\"og:image:type\" content=\"image\/jpeg\" \/>\n<meta name=\"twitter:card\" content=\"summary_large_image\" \/>\n<meta name=\"twitter:label1\" content=\"Dur\u00e9e de lecture estim\u00e9e\" \/>\n\t<meta name=\"twitter:data1\" content=\"2 minutes\" \/>\n<script type=\"application\/ld+json\" class=\"yoast-schema-graph\">{\"@context\":\"https:\/\/schema.org\",\"@graph\":[{\"@type\":\"WebPage\",\"@id\":\"https:\/\/www.valcucine.com\/fr\/plans\/ventilation\/hotte-de-cuisine-silencieuse\/\",\"url\":\"https:\/\/www.valcucine.com\/fr\/plans\/ventilation\/hotte-de-cuisine-silencieuse\/\",\"name\":\"Hotte silencieuse Valcucine\",\"isPartOf\":{\"@id\":\"https:\/\/www.valcucine.com\/#website\"},\"primaryImageOfPage\":{\"@id\":\"https:\/\/www.valcucine.com\/fr\/plans\/ventilation\/hotte-de-cuisine-silencieuse\/#primaryimage\"},\"image\":{\"@id\":\"https:\/\/www.valcucine.com\/fr\/plans\/ventilation\/hotte-de-cuisine-silencieuse\/#primaryimage\"},\"thumbnailUrl\":\"https:\/\/www.valcucine.com\/wp-content\/uploads\/2024\/07\/98_guid-progetto116-1-e1721652876573.jpg?wsr\",\"datePublished\":\"2024-07-22T12:55:26+00:00\",\"dateModified\":\"2025-06-04T15:52:12+00:00\",\"description\":\"Pour obtenir une bonne aspiration, la puissance du moteur doit \u00eatre adapt\u00e9e \u00e0 la forme, au type et \u00e0 la taille de la hotte.\",\"breadcrumb\":{\"@id\":\"https:\/\/www.valcucine.com\/fr\/plans\/ventilation\/hotte-de-cuisine-silencieuse\/#breadcrumb\"},\"inLanguage\":\"fr-FR\",\"potentialAction\":[{\"@type\":\"ReadAction\",\"target\":[\"https:\/\/www.valcucine.com\/fr\/plans\/ventilation\/hotte-de-cuisine-silencieuse\/\"]}]},{\"@type\":\"ImageObject\",\"inLanguage\":\"fr-FR\",\"@id\":\"https:\/\/www.valcucine.com\/fr\/plans\/ventilation\/hotte-de-cuisine-silencieuse\/#primaryimage\",\"url\":\"https:\/\/www.valcucine.com\/wp-content\/uploads\/2024\/07\/98_guid-progetto116-1-e1721652876573.jpg?wsr\",\"contentUrl\":\"https:\/\/www.valcucine.com\/wp-content\/uploads\/2024\/07\/98_guid-progetto116-1-e1721652876573.jpg?wsr\",\"width\":1188,\"height\":826,\"caption\":\"Cappa silenziosa\"},{\"@type\":\"BreadcrumbList\",\"@id\":\"https:\/\/www.valcucine.com\/fr\/plans\/ventilation\/hotte-de-cuisine-silencieuse\/#breadcrumb\",\"itemListElement\":[{\"@type\":\"ListItem\",\"position\":1,\"name\":\"Valcucine\",\"item\":\"https:\/\/www.valcucine.com\/fr\/\"},{\"@type\":\"ListItem\",\"position\":2,\"name\":\"Implantation d&#8217;une cuisine\",\"item\":\"https:\/\/www.valcucine.com\/fr\/plans\/\"},{\"@type\":\"ListItem\",\"position\":3,\"name\":\"A\u00e9ration\",\"item\":\"https:\/\/www.valcucine.com\/fr\/plans\/ventilation\/\"},{\"@type\":\"ListItem\",\"position\":4,\"name\":\"Hotte silencieuse\"}]},{\"@type\":\"WebSite\",\"@id\":\"https:\/\/www.valcucine.com\/#website\",\"url\":\"https:\/\/www.valcucine.com\/\",\"name\":\"Valcucine\",\"description\":\"\",\"publisher\":{\"@id\":\"https:\/\/www.valcucine.com\/#organization\"},\"potentialAction\":[{\"@type\":\"SearchAction\",\"target\":{\"@type\":\"EntryPoint\",\"urlTemplate\":\"https:\/\/www.valcucine.com\/?s={search_term_string}\"},\"query-input\":{\"@type\":\"PropertyValueSpecification\",\"valueRequired\":true,\"valueName\":\"search_term_string\"}}],\"inLanguage\":\"fr-FR\"},{\"@type\":\"Organization\",\"@id\":\"https:\/\/www.valcucine.com\/#organization\",\"name\":\"Valcucine\",\"url\":\"https:\/\/www.valcucine.com\/\",\"logo\":{\"@type\":\"ImageObject\",\"inLanguage\":\"fr-FR\",\"@id\":\"https:\/\/www.valcucine.com\/#\/schema\/logo\/image\/\",\"url\":\"https:\/\/www.valcucine.com\/wp-content\/uploads\/2024\/02\/logo-valcucine.webp?wsr\",\"contentUrl\":\"https:\/\/www.valcucine.com\/wp-content\/uploads\/2024\/02\/logo-valcucine.webp?wsr\",\"width\":288,\"height\":46,\"caption\":\"Valcucine\"},\"image\":{\"@id\":\"https:\/\/www.valcucine.com\/#\/schema\/logo\/image\/\"},\"sameAs\":[\"https:\/\/www.facebook.com\/valcucine\/\",\"https:\/\/www.instagram.com\/valcucine\/\",\"https:\/\/www.linkedin.com\/company\/valcucine\"]}]}<\/script>\n<!-- \/ Yoast SEO plugin. -->","yoast_head_json":{"title":"Hotte silencieuse Valcucine","description":"Pour obtenir une bonne aspiration, la puissance du moteur doit \u00eatre adapt\u00e9e \u00e0 la forme, au type et \u00e0 la taille de la hotte.","robots":{"index":"index","follow":"follow","max-snippet":"max-snippet:-1","max-image-preview":"max-image-preview:large","max-video-preview":"max-video-preview:-1"},"canonical":"https:\/\/www.valcucine.com\/fr\/plans\/ventilation\/hotte-de-cuisine-silencieuse\/","og_locale":"fr_FR","og_type":"article","og_title":"Hotte silencieuse Valcucine","og_description":"Pour obtenir une bonne aspiration, la puissance du moteur doit \u00eatre adapt\u00e9e \u00e0 la forme, au type et \u00e0 la taille de la hotte.","og_url":"https:\/\/www.valcucine.com\/fr\/plans\/ventilation\/hotte-de-cuisine-silencieuse\/","og_site_name":"Valcucine","article_publisher":"https:\/\/www.facebook.com\/valcucine\/","article_modified_time":"2025-06-04T15:52:12+00:00","og_image":[{"width":1188,"height":826,"url":"https:\/\/www.valcucine.com\/wp-content\/uploads\/2024\/07\/98_guid-progetto116-1-e1721652876573.jpg?wsr","type":"image\/jpeg"}],"twitter_card":"summary_large_image","twitter_misc":{"Dur\u00e9e de lecture estim\u00e9e":"2 minutes"},"schema":{"@context":"https:\/\/schema.org","@graph":[{"@type":"WebPage","@id":"https:\/\/www.valcucine.com\/fr\/plans\/ventilation\/hotte-de-cuisine-silencieuse\/","url":"https:\/\/www.valcucine.com\/fr\/plans\/ventilation\/hotte-de-cuisine-silencieuse\/","name":"Hotte silencieuse Valcucine","isPartOf":{"@id":"https:\/\/www.valcucine.com\/#website"},"primaryImageOfPage":{"@id":"https:\/\/www.valcucine.com\/fr\/plans\/ventilation\/hotte-de-cuisine-silencieuse\/#primaryimage"},"image":{"@id":"https:\/\/www.valcucine.com\/fr\/plans\/ventilation\/hotte-de-cuisine-silencieuse\/#primaryimage"},"thumbnailUrl":"https:\/\/www.valcucine.com\/wp-content\/uploads\/2024\/07\/98_guid-progetto116-1-e1721652876573.jpg?wsr","datePublished":"2024-07-22T12:55:26+00:00","dateModified":"2025-06-04T15:52:12+00:00","description":"Pour obtenir une bonne aspiration, la puissance du moteur doit \u00eatre adapt\u00e9e \u00e0 la forme, au type et \u00e0 la taille de la hotte.","breadcrumb":{"@id":"https:\/\/www.valcucine.com\/fr\/plans\/ventilation\/hotte-de-cuisine-silencieuse\/#breadcrumb"},"inLanguage":"fr-FR","potentialAction":[{"@type":"ReadAction","target":["https:\/\/www.valcucine.com\/fr\/plans\/ventilation\/hotte-de-cuisine-silencieuse\/"]}]},{"@type":"ImageObject","inLanguage":"fr-FR","@id":"https:\/\/www.valcucine.com\/fr\/plans\/ventilation\/hotte-de-cuisine-silencieuse\/#primaryimage","url":"https:\/\/www.valcucine.com\/wp-content\/uploads\/2024\/07\/98_guid-progetto116-1-e1721652876573.jpg?wsr","contentUrl":"https:\/\/www.valcucine.com\/wp-content\/uploads\/2024\/07\/98_guid-progetto116-1-e1721652876573.jpg?wsr","width":1188,"height":826,"caption":"Cappa silenziosa"},{"@type":"BreadcrumbList","@id":"https:\/\/www.valcucine.com\/fr\/plans\/ventilation\/hotte-de-cuisine-silencieuse\/#breadcrumb","itemListElement":[{"@type":"ListItem","position":1,"name":"Valcucine","item":"https:\/\/www.valcucine.com\/fr\/"},{"@type":"ListItem","position":2,"name":"Implantation d&#8217;une cuisine","item":"https:\/\/www.valcucine.com\/fr\/plans\/"},{"@type":"ListItem","position":3,"name":"A\u00e9ration","item":"https:\/\/www.valcucine.com\/fr\/plans\/ventilation\/"},{"@type":"ListItem","position":4,"name":"Hotte silencieuse"}]},{"@type":"WebSite","@id":"https:\/\/www.valcucine.com\/#website","url":"https:\/\/www.valcucine.com\/","name":"Valcucine","description":"","publisher":{"@id":"https:\/\/www.valcucine.com\/#organization"},"potentialAction":[{"@type":"SearchAction","target":{"@type":"EntryPoint","urlTemplate":"https:\/\/www.valcucine.com\/?s={search_term_string}"},"query-input":{"@type":"PropertyValueSpecification","valueRequired":true,"valueName":"search_term_string"}}],"inLanguage":"fr-FR"},{"@type":"Organization","@id":"https:\/\/www.valcucine.com\/#organization","name":"Valcucine","url":"https:\/\/www.valcucine.com\/","logo":{"@type":"ImageObject","inLanguage":"fr-FR","@id":"https:\/\/www.valcucine.com\/#\/schema\/logo\/image\/","url":"https:\/\/www.valcucine.com\/wp-content\/uploads\/2024\/02\/logo-valcucine.webp?wsr","contentUrl":"https:\/\/www.valcucine.com\/wp-content\/uploads\/2024\/02\/logo-valcucine.webp?wsr","width":288,"height":46,"caption":"Valcucine"},"image":{"@id":"https:\/\/www.valcucine.com\/#\/schema\/logo\/image\/"},"sameAs":["https:\/\/www.facebook.com\/valcucine\/","https:\/\/www.instagram.com\/valcucine\/","https:\/\/www.linkedin.com\/company\/valcucine"]}]}},"_links":{"self":[{"href":"https:\/\/www.valcucine.com\/fr\/wp-json\/wp\/v2\/pages\/20782","targetHints":{"allow":["GET"]}}],"collection":[{"href":"https:\/\/www.valcucine.com\/fr\/wp-json\/wp\/v2\/pages"}],"about":[{"href":"https:\/\/www.valcucine.com\/fr\/wp-json\/wp\/v2\/types\/page"}],"author":[{"embeddable":true,"href":"https:\/\/www.valcucine.com\/fr\/wp-json\/wp\/v2\/users\/2"}],"replies":[{"embeddable":true,"href":"https:\/\/www.valcucine.com\/fr\/wp-json\/wp\/v2\/comments?post=20782"}],"version-history":[{"count":2,"href":"https:\/\/www.valcucine.com\/fr\/wp-json\/wp\/v2\/pages\/20782\/revisions"}],"predecessor-version":[{"id":20785,"href":"https:\/\/www.valcucine.com\/fr\/wp-json\/wp\/v2\/pages\/20782\/revisions\/20785"}],"up":[{"embeddable":true,"href":"https:\/\/www.valcucine.com\/fr\/wp-json\/wp\/v2\/pages\/19193"}],"wp:featuredmedia":[{"embeddable":true,"href":"https:\/\/www.valcucine.com\/fr\/wp-json\/wp\/v2\/media\/17438"}],"wp:attachment":[{"href":"https:\/\/www.valcucine.com\/fr\/wp-json\/wp\/v2\/media?parent=20782"}],"curies":[{"name":"wp","href":"https:\/\/api.w.org\/{rel}","templated":true}]}}