{"id":20797,"date":"2024-07-22T12:25:09","date_gmt":"2024-07-22T12:25:09","guid":{"rendered":"https:\/\/devel.valcucine.com\/plans\/lumiere\/luce-artificiale-cucina\/"},"modified":"2025-06-04T15:47:16","modified_gmt":"2025-06-04T15:47:16","slug":"eclairage-artificiel-dans-la-cuisine","status":"publish","type":"page","link":"https:\/\/www.valcucine.com\/fr\/plans\/lumiere\/eclairage-artificiel-dans-la-cuisine\/","title":{"rendered":"L\u2019\u00e9clairage artificiel de la cuisine"},"content":{"rendered":"<div class=\"wpb-content-wrapper\"><p>[vc_row][vc_column][vc_empty_space]\n        \n        <h1 class=\"text-start  main__title__h1  \" style=\"color:#333333;\"> \n\n         L\u2019\u00e9clairage artificiel de la cuisine\n        \n        <\/h1>[vc_empty_space][vc_column_text]Dans une cuisine, une bonne visibilit\u00e9 contribue \u00e0 r\u00e9duire les accidents et \u00e0 cr\u00e9er une atmosph\u00e8re accueillante. Il faudra donc concevoir un \u00e9clairage appropri\u00e9 \u00e0 chaque zone de la cuisine. L&rsquo;\u00e9clairage directionnel cr\u00e9e des zones fortement illumin\u00e9es et des zones sombres et permet d&rsquo;obtenir des effets particuli\u00e8rement suggestifs. Les contrastes trop forts entre les zones \u00e9clair\u00e9es et les zones sombres peuvent g\u00eaner et fatiguer la vue. Il est alors important de l&rsquo;att\u00e9nuer en introduisant des \u00e9clairages qui diffusent une lumi\u00e8re douce et l\u00e9g\u00e8re.[\/vc_column_text][\/vc_column][\/vc_row][vc_row][vc_column][vc_single_image image=\u00a0\u00bb17201&Prime; img_size=\u00a0\u00bbfull\u00a0\u00bb][\/vc_column][\/vc_row][vc_row][vc_column][vc_column_text]A &#8211; Une suspension se trouvant au dos de celui ou de celle qui travaille, cr\u00e9e une zone d&rsquo;ombre sur le plan de travail.<br \/>\nA1 &#8211; Un \u00e9clairage sous-haut assure une excellente visibilit\u00e9 sur le plan de travail.<br \/>\nB &#8211; Un \u00e9clairage diffus au-dessus de la table peut g\u00eaner, notamment si l&rsquo;ampoule n&rsquo;est pas blind\u00e9e.<br \/>\nB1 &#8211; Il est pr\u00e9f\u00e9rable de choisir une suspension avec abat-jour qui, non seulement, cr\u00e9e une chaude atmosph\u00e8re, mais qui diffuse \u00e9galement une lumi\u00e8re\u00a0 avec un faisceau directionnel n&rsquo;\u00e9blouissant pas celui ou celle qui est assis\/e.<br \/>\nLa suspension doit se trouver \u00e0 55-60 cm du plateau de table.<br \/>\nC &#8211; L\u2019int\u00e9rieur des meubles de cuisine devrait \u00eatre bien \u00e9clair\u00e9, mais souvent il est sombre.<br \/>\nC1 &#8211; Et en particulier, l&rsquo;int\u00e9rieur du sous-\u00e9vier peut \u00eatre \u00e9clair\u00e9 avec un \u00e9clairage fluorescent.[\/vc_column_text][\/vc_column][\/vc_row]<\/p>\n<\/div>","protected":false},"excerpt":{"rendered":"<p>[vc_row][vc_column][vc_empty_space][vc_empty_space][vc_column_text]Dans une cuisine, une bonne visibilit\u00e9 contribue \u00e0 r\u00e9duire les accidents et \u00e0 cr\u00e9er une atmosph\u00e8re accueillante. Il faudra donc concevoir un \u00e9clairage appropri\u00e9 \u00e0 chaque zone de la cuisine. L&rsquo;\u00e9clairage directionnel cr\u00e9e des zones fortement illumin\u00e9es et des zones sombres et permet d&rsquo;obtenir des effets particuli\u00e8rement suggestifs. Les contrastes trop forts entre les zones [&hellip;]<\/p>\n","protected":false},"author":2,"featured_media":17203,"parent":19198,"menu_order":0,"comment_status":"closed","ping_status":"closed","template":"page-planning02.php","meta":{"footnotes":""},"class_list":["post-20797","page","type-page","status-publish","has-post-thumbnail","hentry"],"yoast_head":"<!-- This site is optimized with the Yoast SEO plugin v26.2 - https:\/\/yoast.com\/wordpress\/plugins\/seo\/ -->\n<title>L\u2019\u00e9clairage artificiel de la cuisine<\/title>\n<meta name=\"description\" content=\"Pour chaque zone de la cuisine, une forme d\u2019\u00e9clairage appropri\u00e9e doit \u00eatre con\u00e7ue de mani\u00e8re \u00e0 rendre l\u2019environnement plus accueillant et \u00e0 r\u00e9duire les accidents.\" \/>\n<meta name=\"robots\" content=\"index, follow, max-snippet:-1, max-image-preview:large, max-video-preview:-1\" \/>\n<link rel=\"canonical\" href=\"https:\/\/www.valcucine.com\/fr\/plans\/lumiere\/eclairage-artificiel-dans-la-cuisine\/\" \/>\n<meta property=\"og:locale\" content=\"fr_FR\" \/>\n<meta property=\"og:type\" content=\"article\" \/>\n<meta property=\"og:title\" content=\"L\u2019\u00e9clairage artificiel de la cuisine\" \/>\n<meta property=\"og:description\" content=\"Pour chaque zone de la cuisine, une forme d\u2019\u00e9clairage appropri\u00e9e doit \u00eatre con\u00e7ue de mani\u00e8re \u00e0 rendre l\u2019environnement plus accueillant et \u00e0 r\u00e9duire les accidents.\" \/>\n<meta property=\"og:url\" content=\"https:\/\/www.valcucine.com\/fr\/plans\/lumiere\/eclairage-artificiel-dans-la-cuisine\/\" \/>\n<meta property=\"og:site_name\" content=\"Valcucine\" \/>\n<meta property=\"article:publisher\" content=\"https:\/\/www.facebook.com\/valcucine\/\" \/>\n<meta property=\"article:modified_time\" content=\"2025-06-04T15:47:16+00:00\" \/>\n<meta property=\"og:image\" content=\"https:\/\/www.valcucine.com\/wp-content\/uploads\/2024\/07\/116_guid-progetto132-e1721651094845.jpg?wsr\" \/>\n\t<meta property=\"og:image:width\" content=\"1188\" \/>\n\t<meta property=\"og:image:height\" content=\"826\" \/>\n\t<meta property=\"og:image:type\" content=\"image\/jpeg\" \/>\n<meta name=\"twitter:card\" content=\"summary_large_image\" \/>\n<meta name=\"twitter:label1\" content=\"Dur\u00e9e de lecture estim\u00e9e\" \/>\n\t<meta name=\"twitter:data1\" content=\"2 minutes\" \/>\n<script type=\"application\/ld+json\" class=\"yoast-schema-graph\">{\"@context\":\"https:\/\/schema.org\",\"@graph\":[{\"@type\":\"WebPage\",\"@id\":\"https:\/\/www.valcucine.com\/fr\/plans\/lumiere\/eclairage-artificiel-dans-la-cuisine\/\",\"url\":\"https:\/\/www.valcucine.com\/fr\/plans\/lumiere\/eclairage-artificiel-dans-la-cuisine\/\",\"name\":\"L\u2019\u00e9clairage artificiel de la cuisine\",\"isPartOf\":{\"@id\":\"https:\/\/www.valcucine.com\/#website\"},\"primaryImageOfPage\":{\"@id\":\"https:\/\/www.valcucine.com\/fr\/plans\/lumiere\/eclairage-artificiel-dans-la-cuisine\/#primaryimage\"},\"image\":{\"@id\":\"https:\/\/www.valcucine.com\/fr\/plans\/lumiere\/eclairage-artificiel-dans-la-cuisine\/#primaryimage\"},\"thumbnailUrl\":\"https:\/\/www.valcucine.com\/wp-content\/uploads\/2024\/07\/116_guid-progetto132-e1721651094845.jpg?wsr\",\"datePublished\":\"2024-07-22T12:25:09+00:00\",\"dateModified\":\"2025-06-04T15:47:16+00:00\",\"description\":\"Pour chaque zone de la cuisine, une forme d\u2019\u00e9clairage appropri\u00e9e doit \u00eatre con\u00e7ue de mani\u00e8re \u00e0 rendre l\u2019environnement plus accueillant et \u00e0 r\u00e9duire les accidents.\",\"breadcrumb\":{\"@id\":\"https:\/\/www.valcucine.com\/fr\/plans\/lumiere\/eclairage-artificiel-dans-la-cuisine\/#breadcrumb\"},\"inLanguage\":\"fr-FR\",\"potentialAction\":[{\"@type\":\"ReadAction\",\"target\":[\"https:\/\/www.valcucine.com\/fr\/plans\/lumiere\/eclairage-artificiel-dans-la-cuisine\/\"]}]},{\"@type\":\"ImageObject\",\"inLanguage\":\"fr-FR\",\"@id\":\"https:\/\/www.valcucine.com\/fr\/plans\/lumiere\/eclairage-artificiel-dans-la-cuisine\/#primaryimage\",\"url\":\"https:\/\/www.valcucine.com\/wp-content\/uploads\/2024\/07\/116_guid-progetto132-e1721651094845.jpg?wsr\",\"contentUrl\":\"https:\/\/www.valcucine.com\/wp-content\/uploads\/2024\/07\/116_guid-progetto132-e1721651094845.jpg?wsr\",\"width\":1188,\"height\":826,\"caption\":\"illuminazione artificiale\"},{\"@type\":\"BreadcrumbList\",\"@id\":\"https:\/\/www.valcucine.com\/fr\/plans\/lumiere\/eclairage-artificiel-dans-la-cuisine\/#breadcrumb\",\"itemListElement\":[{\"@type\":\"ListItem\",\"position\":1,\"name\":\"Valcucine\",\"item\":\"https:\/\/www.valcucine.com\/fr\/\"},{\"@type\":\"ListItem\",\"position\":2,\"name\":\"Implantation d&#8217;une cuisine\",\"item\":\"https:\/\/www.valcucine.com\/fr\/plans\/\"},{\"@type\":\"ListItem\",\"position\":3,\"name\":\"Eclairage et \u00e9nergie \u00e9lectrique\",\"item\":\"https:\/\/www.valcucine.com\/fr\/plans\/lumiere\/\"},{\"@type\":\"ListItem\",\"position\":4,\"name\":\"L\u2019\u00e9clairage artificiel de la cuisine\"}]},{\"@type\":\"WebSite\",\"@id\":\"https:\/\/www.valcucine.com\/#website\",\"url\":\"https:\/\/www.valcucine.com\/\",\"name\":\"Valcucine\",\"description\":\"\",\"publisher\":{\"@id\":\"https:\/\/www.valcucine.com\/#organization\"},\"potentialAction\":[{\"@type\":\"SearchAction\",\"target\":{\"@type\":\"EntryPoint\",\"urlTemplate\":\"https:\/\/www.valcucine.com\/?s={search_term_string}\"},\"query-input\":{\"@type\":\"PropertyValueSpecification\",\"valueRequired\":true,\"valueName\":\"search_term_string\"}}],\"inLanguage\":\"fr-FR\"},{\"@type\":\"Organization\",\"@id\":\"https:\/\/www.valcucine.com\/#organization\",\"name\":\"Valcucine\",\"url\":\"https:\/\/www.valcucine.com\/\",\"logo\":{\"@type\":\"ImageObject\",\"inLanguage\":\"fr-FR\",\"@id\":\"https:\/\/www.valcucine.com\/#\/schema\/logo\/image\/\",\"url\":\"https:\/\/www.valcucine.com\/wp-content\/uploads\/2024\/02\/logo-valcucine.webp?wsr\",\"contentUrl\":\"https:\/\/www.valcucine.com\/wp-content\/uploads\/2024\/02\/logo-valcucine.webp?wsr\",\"width\":288,\"height\":46,\"caption\":\"Valcucine\"},\"image\":{\"@id\":\"https:\/\/www.valcucine.com\/#\/schema\/logo\/image\/\"},\"sameAs\":[\"https:\/\/www.facebook.com\/valcucine\/\",\"https:\/\/www.instagram.com\/valcucine\/\",\"https:\/\/www.linkedin.com\/company\/valcucine\"]}]}<\/script>\n<!-- \/ Yoast SEO plugin. -->","yoast_head_json":{"title":"L\u2019\u00e9clairage artificiel de la cuisine","description":"Pour chaque zone de la cuisine, une forme d\u2019\u00e9clairage appropri\u00e9e doit \u00eatre con\u00e7ue de mani\u00e8re \u00e0 rendre l\u2019environnement plus accueillant et \u00e0 r\u00e9duire les accidents.","robots":{"index":"index","follow":"follow","max-snippet":"max-snippet:-1","max-image-preview":"max-image-preview:large","max-video-preview":"max-video-preview:-1"},"canonical":"https:\/\/www.valcucine.com\/fr\/plans\/lumiere\/eclairage-artificiel-dans-la-cuisine\/","og_locale":"fr_FR","og_type":"article","og_title":"L\u2019\u00e9clairage artificiel de la cuisine","og_description":"Pour chaque zone de la cuisine, une forme d\u2019\u00e9clairage appropri\u00e9e doit \u00eatre con\u00e7ue de mani\u00e8re \u00e0 rendre l\u2019environnement plus accueillant et \u00e0 r\u00e9duire les accidents.","og_url":"https:\/\/www.valcucine.com\/fr\/plans\/lumiere\/eclairage-artificiel-dans-la-cuisine\/","og_site_name":"Valcucine","article_publisher":"https:\/\/www.facebook.com\/valcucine\/","article_modified_time":"2025-06-04T15:47:16+00:00","og_image":[{"width":1188,"height":826,"url":"https:\/\/www.valcucine.com\/wp-content\/uploads\/2024\/07\/116_guid-progetto132-e1721651094845.jpg?wsr","type":"image\/jpeg"}],"twitter_card":"summary_large_image","twitter_misc":{"Dur\u00e9e de lecture estim\u00e9e":"2 minutes"},"schema":{"@context":"https:\/\/schema.org","@graph":[{"@type":"WebPage","@id":"https:\/\/www.valcucine.com\/fr\/plans\/lumiere\/eclairage-artificiel-dans-la-cuisine\/","url":"https:\/\/www.valcucine.com\/fr\/plans\/lumiere\/eclairage-artificiel-dans-la-cuisine\/","name":"L\u2019\u00e9clairage artificiel de la cuisine","isPartOf":{"@id":"https:\/\/www.valcucine.com\/#website"},"primaryImageOfPage":{"@id":"https:\/\/www.valcucine.com\/fr\/plans\/lumiere\/eclairage-artificiel-dans-la-cuisine\/#primaryimage"},"image":{"@id":"https:\/\/www.valcucine.com\/fr\/plans\/lumiere\/eclairage-artificiel-dans-la-cuisine\/#primaryimage"},"thumbnailUrl":"https:\/\/www.valcucine.com\/wp-content\/uploads\/2024\/07\/116_guid-progetto132-e1721651094845.jpg?wsr","datePublished":"2024-07-22T12:25:09+00:00","dateModified":"2025-06-04T15:47:16+00:00","description":"Pour chaque zone de la cuisine, une forme d\u2019\u00e9clairage appropri\u00e9e doit \u00eatre con\u00e7ue de mani\u00e8re \u00e0 rendre l\u2019environnement plus accueillant et \u00e0 r\u00e9duire les accidents.","breadcrumb":{"@id":"https:\/\/www.valcucine.com\/fr\/plans\/lumiere\/eclairage-artificiel-dans-la-cuisine\/#breadcrumb"},"inLanguage":"fr-FR","potentialAction":[{"@type":"ReadAction","target":["https:\/\/www.valcucine.com\/fr\/plans\/lumiere\/eclairage-artificiel-dans-la-cuisine\/"]}]},{"@type":"ImageObject","inLanguage":"fr-FR","@id":"https:\/\/www.valcucine.com\/fr\/plans\/lumiere\/eclairage-artificiel-dans-la-cuisine\/#primaryimage","url":"https:\/\/www.valcucine.com\/wp-content\/uploads\/2024\/07\/116_guid-progetto132-e1721651094845.jpg?wsr","contentUrl":"https:\/\/www.valcucine.com\/wp-content\/uploads\/2024\/07\/116_guid-progetto132-e1721651094845.jpg?wsr","width":1188,"height":826,"caption":"illuminazione artificiale"},{"@type":"BreadcrumbList","@id":"https:\/\/www.valcucine.com\/fr\/plans\/lumiere\/eclairage-artificiel-dans-la-cuisine\/#breadcrumb","itemListElement":[{"@type":"ListItem","position":1,"name":"Valcucine","item":"https:\/\/www.valcucine.com\/fr\/"},{"@type":"ListItem","position":2,"name":"Implantation d&#8217;une cuisine","item":"https:\/\/www.valcucine.com\/fr\/plans\/"},{"@type":"ListItem","position":3,"name":"Eclairage et \u00e9nergie \u00e9lectrique","item":"https:\/\/www.valcucine.com\/fr\/plans\/lumiere\/"},{"@type":"ListItem","position":4,"name":"L\u2019\u00e9clairage artificiel de la cuisine"}]},{"@type":"WebSite","@id":"https:\/\/www.valcucine.com\/#website","url":"https:\/\/www.valcucine.com\/","name":"Valcucine","description":"","publisher":{"@id":"https:\/\/www.valcucine.com\/#organization"},"potentialAction":[{"@type":"SearchAction","target":{"@type":"EntryPoint","urlTemplate":"https:\/\/www.valcucine.com\/?s={search_term_string}"},"query-input":{"@type":"PropertyValueSpecification","valueRequired":true,"valueName":"search_term_string"}}],"inLanguage":"fr-FR"},{"@type":"Organization","@id":"https:\/\/www.valcucine.com\/#organization","name":"Valcucine","url":"https:\/\/www.valcucine.com\/","logo":{"@type":"ImageObject","inLanguage":"fr-FR","@id":"https:\/\/www.valcucine.com\/#\/schema\/logo\/image\/","url":"https:\/\/www.valcucine.com\/wp-content\/uploads\/2024\/02\/logo-valcucine.webp?wsr","contentUrl":"https:\/\/www.valcucine.com\/wp-content\/uploads\/2024\/02\/logo-valcucine.webp?wsr","width":288,"height":46,"caption":"Valcucine"},"image":{"@id":"https:\/\/www.valcucine.com\/#\/schema\/logo\/image\/"},"sameAs":["https:\/\/www.facebook.com\/valcucine\/","https:\/\/www.instagram.com\/valcucine\/","https:\/\/www.linkedin.com\/company\/valcucine"]}]}},"_links":{"self":[{"href":"https:\/\/www.valcucine.com\/fr\/wp-json\/wp\/v2\/pages\/20797","targetHints":{"allow":["GET"]}}],"collection":[{"href":"https:\/\/www.valcucine.com\/fr\/wp-json\/wp\/v2\/pages"}],"about":[{"href":"https:\/\/www.valcucine.com\/fr\/wp-json\/wp\/v2\/types\/page"}],"author":[{"embeddable":true,"href":"https:\/\/www.valcucine.com\/fr\/wp-json\/wp\/v2\/users\/2"}],"replies":[{"embeddable":true,"href":"https:\/\/www.valcucine.com\/fr\/wp-json\/wp\/v2\/comments?post=20797"}],"version-history":[{"count":2,"href":"https:\/\/www.valcucine.com\/fr\/wp-json\/wp\/v2\/pages\/20797\/revisions"}],"predecessor-version":[{"id":20799,"href":"https:\/\/www.valcucine.com\/fr\/wp-json\/wp\/v2\/pages\/20797\/revisions\/20799"}],"up":[{"embeddable":true,"href":"https:\/\/www.valcucine.com\/fr\/wp-json\/wp\/v2\/pages\/19198"}],"wp:featuredmedia":[{"embeddable":true,"href":"https:\/\/www.valcucine.com\/fr\/wp-json\/wp\/v2\/media\/17203"}],"wp:attachment":[{"href":"https:\/\/www.valcucine.com\/fr\/wp-json\/wp\/v2\/media?parent=20797"}],"curies":[{"name":"wp","href":"https:\/\/api.w.org\/{rel}","templated":true}]}}