{"id":20804,"date":"2024-07-22T10:31:35","date_gmt":"2024-07-22T10:31:35","guid":{"rendered":"https:\/\/devel.valcucine.com\/plans\/ergonomie\/altezza-pensili-cucina\/"},"modified":"2025-06-04T15:44:44","modified_gmt":"2025-06-04T15:44:44","slug":"hauteur-des-elements-hauts","status":"publish","type":"page","link":"https:\/\/www.valcucine.com\/fr\/plans\/ergonomie\/hauteur-des-elements-hauts\/","title":{"rendered":"Hauteur des \u00e9l\u00e9ments hauts"},"content":{"rendered":"<div class=\"wpb-content-wrapper\"><p>[vc_row][vc_column][vc_empty_space]\n        \n        <h1 class=\"text-start  main__title__h1  \" style=\"color:#333333;\"> \n\n         Hauteur des \u00e9l\u00e9ments hauts\n        \n        <\/h1>[vc_empty_space][vc_column_text]La d\u00e9termination de la hauteur des \u00e9l\u00e9ments hauts dans la cuisine d\u00e9pend de la hauteur et de la profondeur des \u00e9l\u00e9ments bas.<br \/>\nLa traditionnelle profondeur de 60 cm des \u00e9l\u00e9ments bas a \u00e9volu\u00e9 vers des dimensions plus larges et plus ergonomiques. Chez Valcucine, nous proposons la profondeur 65 cm et le syst\u00e8me avec une profondeur de 80 cm.<br \/>\nEn augmentant la profondeur des \u00e9l\u00e9ments bas, il est possible d\u2019abaisser les \u00e9l\u00e9ments hauts qui auront ainsi une position plus ergonomique et plus fonctionnelle.<\/p>\n<p>Pour la profondeur traditionnelle de 60 cm, la hauteur de la cr\u00e9dence pr\u00e9conis\u00e9e est de 54 cm, dimension n\u00e9cessaire pour avoir une bonne visibilit\u00e9 sur le plan de travail. Toutefois, l\u2019\u00e9l\u00e9ment haut donne une sensation de \u00ab\u00a0vue bouch\u00e9e\u00a0\u00bb et sa position rend la visibilit\u00e9 et la prise des objets qu\u2019il contient plus difficiles.\u00a0En augmentant la profondeur de l\u2019\u00e9l\u00e9ment bas \u00e0 65 cm, il sera possible d\u2019abaisser l\u2019\u00e9l\u00e9ment haut dont le contenu sera plus facilement visible et accessible. On aura donc ainsi moins la sensation de \u00ab\u00a0vue bouch\u00e9e\u00a0\u00bb et une meilleure visibilit\u00e9 sur le plan de travail. La hauteur de la cr\u00e9dence pr\u00e9conis\u00e9e est de 48 cm.<\/p>\n<p>La profondeur 80 cm que l\u2019on obtient en associant un canal \u00e9quip\u00e9 de 20 cm \u00e0 un \u00e9l\u00e9ment bas de 60 cm, permet une meilleure visibilit\u00e9 sur le plan de travail. Dans ce cas, la distance pr\u00e9conis\u00e9e entre le plan de travail et les \u00e9l\u00e9ments hauts est de 42 cm Le contenu de l\u2019\u00e9l\u00e9ment haut r\u00e9sulte enti\u00e8rement visible et accessible, y compris les objets de la tablette du haut.[\/vc_column_text][\/vc_column][\/vc_row][vc_row][vc_column][vc_single_image image=\u00a0\u00bb21884&Prime; img_size=\u00a0\u00bb1000&#215;700&Prime;][\/vc_column][\/vc_row]<\/p>\n<\/div>","protected":false},"excerpt":{"rendered":"<p>[vc_row][vc_column][vc_empty_space][vc_empty_space][vc_column_text]La d\u00e9termination de la hauteur des \u00e9l\u00e9ments hauts dans la cuisine d\u00e9pend de la hauteur et de la profondeur des \u00e9l\u00e9ments bas. La traditionnelle profondeur de 60 cm des \u00e9l\u00e9ments bas a \u00e9volu\u00e9 vers des dimensions plus larges et plus ergonomiques. Chez Valcucine, nous proposons la profondeur 65 cm et le syst\u00e8me avec une profondeur [&hellip;]<\/p>\n","protected":false},"author":2,"featured_media":17177,"parent":19204,"menu_order":0,"comment_status":"closed","ping_status":"closed","template":"page-planning02.php","meta":{"footnotes":""},"class_list":["post-20804","page","type-page","status-publish","has-post-thumbnail","hentry"],"yoast_head":"<!-- This site is optimized with the Yoast SEO plugin v26.2 - https:\/\/yoast.com\/wordpress\/plugins\/seo\/ -->\n<title>Hauteur des \u00e9l\u00e9ments hauts<\/title>\n<meta name=\"description\" content=\"Il est indispensable de conna\u00eetre parfaitement les dimensions et les dimensions de la cuisine, D\u00e9couvrez les dimensions adapt\u00e9es \u00e0 votre cuisine.\" \/>\n<meta name=\"robots\" content=\"index, follow, max-snippet:-1, max-image-preview:large, max-video-preview:-1\" \/>\n<link rel=\"canonical\" href=\"https:\/\/www.valcucine.com\/fr\/plans\/ergonomie\/hauteur-des-elements-hauts\/\" \/>\n<meta property=\"og:locale\" content=\"fr_FR\" \/>\n<meta property=\"og:type\" content=\"article\" \/>\n<meta property=\"og:title\" content=\"Hauteur des \u00e9l\u00e9ments hauts\" \/>\n<meta property=\"og:description\" content=\"Il est indispensable de conna\u00eetre parfaitement les dimensions et les dimensions de la cuisine, D\u00e9couvrez les dimensions adapt\u00e9es \u00e0 votre cuisine.\" \/>\n<meta property=\"og:url\" content=\"https:\/\/www.valcucine.com\/fr\/plans\/ergonomie\/hauteur-des-elements-hauts\/\" \/>\n<meta property=\"og:site_name\" content=\"Valcucine\" \/>\n<meta property=\"article:publisher\" content=\"https:\/\/www.facebook.com\/valcucine\/\" \/>\n<meta property=\"article:modified_time\" content=\"2025-06-04T15:44:44+00:00\" \/>\n<meta property=\"og:image\" content=\"https:\/\/www.valcucine.com\/wp-content\/uploads\/2024\/07\/117_guid_progetto67-e1721644281296.jpg?wsr\" \/>\n\t<meta property=\"og:image:width\" content=\"1188\" \/>\n\t<meta property=\"og:image:height\" content=\"826\" \/>\n\t<meta property=\"og:image:type\" content=\"image\/jpeg\" \/>\n<meta name=\"twitter:card\" content=\"summary_large_image\" \/>\n<meta name=\"twitter:label1\" content=\"Dur\u00e9e de lecture estim\u00e9e\" \/>\n\t<meta name=\"twitter:data1\" content=\"2 minutes\" \/>\n<script type=\"application\/ld+json\" class=\"yoast-schema-graph\">{\"@context\":\"https:\/\/schema.org\",\"@graph\":[{\"@type\":\"WebPage\",\"@id\":\"https:\/\/www.valcucine.com\/fr\/plans\/ergonomie\/hauteur-des-elements-hauts\/\",\"url\":\"https:\/\/www.valcucine.com\/fr\/plans\/ergonomie\/hauteur-des-elements-hauts\/\",\"name\":\"Hauteur des \u00e9l\u00e9ments hauts\",\"isPartOf\":{\"@id\":\"https:\/\/www.valcucine.com\/#website\"},\"primaryImageOfPage\":{\"@id\":\"https:\/\/www.valcucine.com\/fr\/plans\/ergonomie\/hauteur-des-elements-hauts\/#primaryimage\"},\"image\":{\"@id\":\"https:\/\/www.valcucine.com\/fr\/plans\/ergonomie\/hauteur-des-elements-hauts\/#primaryimage\"},\"thumbnailUrl\":\"https:\/\/www.valcucine.com\/wp-content\/uploads\/2024\/07\/117_guid_progetto67-e1721644281296.jpg?wsr\",\"datePublished\":\"2024-07-22T10:31:35+00:00\",\"dateModified\":\"2025-06-04T15:44:44+00:00\",\"description\":\"Il est indispensable de conna\u00eetre parfaitement les dimensions et les dimensions de la cuisine, D\u00e9couvrez les dimensions adapt\u00e9es \u00e0 votre cuisine.\",\"breadcrumb\":{\"@id\":\"https:\/\/www.valcucine.com\/fr\/plans\/ergonomie\/hauteur-des-elements-hauts\/#breadcrumb\"},\"inLanguage\":\"fr-FR\",\"potentialAction\":[{\"@type\":\"ReadAction\",\"target\":[\"https:\/\/www.valcucine.com\/fr\/plans\/ergonomie\/hauteur-des-elements-hauts\/\"]}]},{\"@type\":\"ImageObject\",\"inLanguage\":\"fr-FR\",\"@id\":\"https:\/\/www.valcucine.com\/fr\/plans\/ergonomie\/hauteur-des-elements-hauts\/#primaryimage\",\"url\":\"https:\/\/www.valcucine.com\/wp-content\/uploads\/2024\/07\/117_guid_progetto67-e1721644281296.jpg?wsr\",\"contentUrl\":\"https:\/\/www.valcucine.com\/wp-content\/uploads\/2024\/07\/117_guid_progetto67-e1721644281296.jpg?wsr\",\"width\":1188,\"height\":826,\"caption\":\"Altezza pensili cucina\"},{\"@type\":\"BreadcrumbList\",\"@id\":\"https:\/\/www.valcucine.com\/fr\/plans\/ergonomie\/hauteur-des-elements-hauts\/#breadcrumb\",\"itemListElement\":[{\"@type\":\"ListItem\",\"position\":1,\"name\":\"Valcucine\",\"item\":\"https:\/\/www.valcucine.com\/fr\/\"},{\"@type\":\"ListItem\",\"position\":2,\"name\":\"Implantation d&#8217;une cuisine\",\"item\":\"https:\/\/www.valcucine.com\/fr\/plans\/\"},{\"@type\":\"ListItem\",\"position\":3,\"name\":\"Ergonomie dans la cuisin\",\"item\":\"https:\/\/www.valcucine.com\/fr\/plans\/ergonomie\/\"},{\"@type\":\"ListItem\",\"position\":4,\"name\":\"Hauteur des \u00e9l\u00e9ments hauts\"}]},{\"@type\":\"WebSite\",\"@id\":\"https:\/\/www.valcucine.com\/#website\",\"url\":\"https:\/\/www.valcucine.com\/\",\"name\":\"Valcucine\",\"description\":\"\",\"publisher\":{\"@id\":\"https:\/\/www.valcucine.com\/#organization\"},\"potentialAction\":[{\"@type\":\"SearchAction\",\"target\":{\"@type\":\"EntryPoint\",\"urlTemplate\":\"https:\/\/www.valcucine.com\/?s={search_term_string}\"},\"query-input\":{\"@type\":\"PropertyValueSpecification\",\"valueRequired\":true,\"valueName\":\"search_term_string\"}}],\"inLanguage\":\"fr-FR\"},{\"@type\":\"Organization\",\"@id\":\"https:\/\/www.valcucine.com\/#organization\",\"name\":\"Valcucine\",\"url\":\"https:\/\/www.valcucine.com\/\",\"logo\":{\"@type\":\"ImageObject\",\"inLanguage\":\"fr-FR\",\"@id\":\"https:\/\/www.valcucine.com\/#\/schema\/logo\/image\/\",\"url\":\"https:\/\/www.valcucine.com\/wp-content\/uploads\/2024\/02\/logo-valcucine.webp?wsr\",\"contentUrl\":\"https:\/\/www.valcucine.com\/wp-content\/uploads\/2024\/02\/logo-valcucine.webp?wsr\",\"width\":288,\"height\":46,\"caption\":\"Valcucine\"},\"image\":{\"@id\":\"https:\/\/www.valcucine.com\/#\/schema\/logo\/image\/\"},\"sameAs\":[\"https:\/\/www.facebook.com\/valcucine\/\",\"https:\/\/www.instagram.com\/valcucine\/\",\"https:\/\/www.linkedin.com\/company\/valcucine\"]}]}<\/script>\n<!-- \/ Yoast SEO plugin. -->","yoast_head_json":{"title":"Hauteur des \u00e9l\u00e9ments hauts","description":"Il est indispensable de conna\u00eetre parfaitement les dimensions et les dimensions de la cuisine, D\u00e9couvrez les dimensions adapt\u00e9es \u00e0 votre cuisine.","robots":{"index":"index","follow":"follow","max-snippet":"max-snippet:-1","max-image-preview":"max-image-preview:large","max-video-preview":"max-video-preview:-1"},"canonical":"https:\/\/www.valcucine.com\/fr\/plans\/ergonomie\/hauteur-des-elements-hauts\/","og_locale":"fr_FR","og_type":"article","og_title":"Hauteur des \u00e9l\u00e9ments hauts","og_description":"Il est indispensable de conna\u00eetre parfaitement les dimensions et les dimensions de la cuisine, D\u00e9couvrez les dimensions adapt\u00e9es \u00e0 votre cuisine.","og_url":"https:\/\/www.valcucine.com\/fr\/plans\/ergonomie\/hauteur-des-elements-hauts\/","og_site_name":"Valcucine","article_publisher":"https:\/\/www.facebook.com\/valcucine\/","article_modified_time":"2025-06-04T15:44:44+00:00","og_image":[{"width":1188,"height":826,"url":"https:\/\/www.valcucine.com\/wp-content\/uploads\/2024\/07\/117_guid_progetto67-e1721644281296.jpg?wsr","type":"image\/jpeg"}],"twitter_card":"summary_large_image","twitter_misc":{"Dur\u00e9e de lecture estim\u00e9e":"2 minutes"},"schema":{"@context":"https:\/\/schema.org","@graph":[{"@type":"WebPage","@id":"https:\/\/www.valcucine.com\/fr\/plans\/ergonomie\/hauteur-des-elements-hauts\/","url":"https:\/\/www.valcucine.com\/fr\/plans\/ergonomie\/hauteur-des-elements-hauts\/","name":"Hauteur des \u00e9l\u00e9ments hauts","isPartOf":{"@id":"https:\/\/www.valcucine.com\/#website"},"primaryImageOfPage":{"@id":"https:\/\/www.valcucine.com\/fr\/plans\/ergonomie\/hauteur-des-elements-hauts\/#primaryimage"},"image":{"@id":"https:\/\/www.valcucine.com\/fr\/plans\/ergonomie\/hauteur-des-elements-hauts\/#primaryimage"},"thumbnailUrl":"https:\/\/www.valcucine.com\/wp-content\/uploads\/2024\/07\/117_guid_progetto67-e1721644281296.jpg?wsr","datePublished":"2024-07-22T10:31:35+00:00","dateModified":"2025-06-04T15:44:44+00:00","description":"Il est indispensable de conna\u00eetre parfaitement les dimensions et les dimensions de la cuisine, D\u00e9couvrez les dimensions adapt\u00e9es \u00e0 votre cuisine.","breadcrumb":{"@id":"https:\/\/www.valcucine.com\/fr\/plans\/ergonomie\/hauteur-des-elements-hauts\/#breadcrumb"},"inLanguage":"fr-FR","potentialAction":[{"@type":"ReadAction","target":["https:\/\/www.valcucine.com\/fr\/plans\/ergonomie\/hauteur-des-elements-hauts\/"]}]},{"@type":"ImageObject","inLanguage":"fr-FR","@id":"https:\/\/www.valcucine.com\/fr\/plans\/ergonomie\/hauteur-des-elements-hauts\/#primaryimage","url":"https:\/\/www.valcucine.com\/wp-content\/uploads\/2024\/07\/117_guid_progetto67-e1721644281296.jpg?wsr","contentUrl":"https:\/\/www.valcucine.com\/wp-content\/uploads\/2024\/07\/117_guid_progetto67-e1721644281296.jpg?wsr","width":1188,"height":826,"caption":"Altezza pensili cucina"},{"@type":"BreadcrumbList","@id":"https:\/\/www.valcucine.com\/fr\/plans\/ergonomie\/hauteur-des-elements-hauts\/#breadcrumb","itemListElement":[{"@type":"ListItem","position":1,"name":"Valcucine","item":"https:\/\/www.valcucine.com\/fr\/"},{"@type":"ListItem","position":2,"name":"Implantation d&#8217;une cuisine","item":"https:\/\/www.valcucine.com\/fr\/plans\/"},{"@type":"ListItem","position":3,"name":"Ergonomie dans la cuisin","item":"https:\/\/www.valcucine.com\/fr\/plans\/ergonomie\/"},{"@type":"ListItem","position":4,"name":"Hauteur des \u00e9l\u00e9ments hauts"}]},{"@type":"WebSite","@id":"https:\/\/www.valcucine.com\/#website","url":"https:\/\/www.valcucine.com\/","name":"Valcucine","description":"","publisher":{"@id":"https:\/\/www.valcucine.com\/#organization"},"potentialAction":[{"@type":"SearchAction","target":{"@type":"EntryPoint","urlTemplate":"https:\/\/www.valcucine.com\/?s={search_term_string}"},"query-input":{"@type":"PropertyValueSpecification","valueRequired":true,"valueName":"search_term_string"}}],"inLanguage":"fr-FR"},{"@type":"Organization","@id":"https:\/\/www.valcucine.com\/#organization","name":"Valcucine","url":"https:\/\/www.valcucine.com\/","logo":{"@type":"ImageObject","inLanguage":"fr-FR","@id":"https:\/\/www.valcucine.com\/#\/schema\/logo\/image\/","url":"https:\/\/www.valcucine.com\/wp-content\/uploads\/2024\/02\/logo-valcucine.webp?wsr","contentUrl":"https:\/\/www.valcucine.com\/wp-content\/uploads\/2024\/02\/logo-valcucine.webp?wsr","width":288,"height":46,"caption":"Valcucine"},"image":{"@id":"https:\/\/www.valcucine.com\/#\/schema\/logo\/image\/"},"sameAs":["https:\/\/www.facebook.com\/valcucine\/","https:\/\/www.instagram.com\/valcucine\/","https:\/\/www.linkedin.com\/company\/valcucine"]}]}},"_links":{"self":[{"href":"https:\/\/www.valcucine.com\/fr\/wp-json\/wp\/v2\/pages\/20804","targetHints":{"allow":["GET"]}}],"collection":[{"href":"https:\/\/www.valcucine.com\/fr\/wp-json\/wp\/v2\/pages"}],"about":[{"href":"https:\/\/www.valcucine.com\/fr\/wp-json\/wp\/v2\/types\/page"}],"author":[{"embeddable":true,"href":"https:\/\/www.valcucine.com\/fr\/wp-json\/wp\/v2\/users\/2"}],"replies":[{"embeddable":true,"href":"https:\/\/www.valcucine.com\/fr\/wp-json\/wp\/v2\/comments?post=20804"}],"version-history":[{"count":3,"href":"https:\/\/www.valcucine.com\/fr\/wp-json\/wp\/v2\/pages\/20804\/revisions"}],"predecessor-version":[{"id":21889,"href":"https:\/\/www.valcucine.com\/fr\/wp-json\/wp\/v2\/pages\/20804\/revisions\/21889"}],"up":[{"embeddable":true,"href":"https:\/\/www.valcucine.com\/fr\/wp-json\/wp\/v2\/pages\/19204"}],"wp:featuredmedia":[{"embeddable":true,"href":"https:\/\/www.valcucine.com\/fr\/wp-json\/wp\/v2\/media\/17177"}],"wp:attachment":[{"href":"https:\/\/www.valcucine.com\/fr\/wp-json\/wp\/v2\/media?parent=20804"}],"curies":[{"name":"wp","href":"https:\/\/api.w.org\/{rel}","templated":true}]}}