{"id":20825,"date":"2024-07-22T09:41:42","date_gmt":"2024-07-22T09:41:42","guid":{"rendered":"https:\/\/devel.valcucine.com\/plans\/securite-dans-la-cuisine\/bambini\/"},"modified":"2025-06-04T15:38:13","modified_gmt":"2025-06-04T15:38:13","slug":"securite-enfants","status":"publish","type":"page","link":"https:\/\/www.valcucine.com\/fr\/plans\/securite-dans-la-cuisine\/securite-enfants\/","title":{"rendered":"Une cuisine plus s\u00fbre pour les enfants"},"content":{"rendered":"<div class=\"wpb-content-wrapper\"><p>[vc_row][vc_column][vc_empty_space]\n        \n        <h1 class=\"text-start  main__title__h1  \" style=\"color:#333333;\"> \n\n         Une cuisine plus s\u00fbre pour les enfants\n        \n        <\/h1>[vc_empty_space][vc_column_text]<strong>Quelles pr\u00e9cautions faut-il adopter pour avoir une cuisine plus s\u00fbre pour les enfants ?<\/strong><\/p>\n<p>A &#8211; La prise de courant install\u00e9e\u00a0\u00e0 l&rsquo;int\u00e9rieur du canal \u00e9quip\u00e9 peut\u00a0\u00eatre utilis\u00e9e pour alimenter les\u00a0\u00e9lectrom\u00e9nagers de la cuisine.\u00a0Elle est tr\u00e8s pratique pour le four\u00a0car son alimentation peut \u00eatre\u00a0coup\u00e9e par l&rsquo;interrupteur bipolaire,\u00a0en \u00e9vitant ainsi que les enfants\u00a0ne puissent mettre l&rsquo;appareil en\u00a0marche par m\u00e9garde.<br \/>\nB &#8211; Les d\u00e9tersifs sont\u00a0g\u00e9n\u00e9ralement rang\u00e9s sous\u00a0l&rsquo;\u00e9vier, une zone facilement\u00a0accessible de la part des\u00a0enfants. Il est donc important\u00a0de pr\u00e9voir un rangement\u00a0\u00e9quip\u00e9 d&rsquo;une serrure de\u00a0s\u00e9curit\u00e9.<br \/>\nC &#8211; Les casseroles et les\u00a0fourneaux attirent toujours\u00a0les enfants. Pour \u00e9viter\u00a0qu&rsquo;ils ne se br\u00fblent, il est\u00a0de protection au-devant de la\u00a0table de cuisson.<br \/>\nD &#8211; Il peut arriver que les\u00a0enfants grimpent en montant\u00a0sur les poign\u00e9es ou dans les\u00a0casseroliers afi n d&rsquo;atteindre\u00a0un objet qui les attire sur le\u00a0plan de travail. Si la cuisine\u00a0est suspendue, il faudra que\u00a0les meubles soient fix\u00e9s au\u00a0mur avec un syst\u00e8me de\u00a0suspension s\u00fbr.[\/vc_column_text][\/vc_column][\/vc_row][vc_row][vc_column][vc_single_image image=\u00a0\u00bb17342&Prime; img_size=\u00a0\u00bb800&#215;400&Prime;][\/vc_column][\/vc_row][vc_row][vc_column][vc_column_text]E &#8211; Il est pr\u00e9f\u00e9rable de choisir\u00a0des fours de derni\u00e8re g\u00e9n\u00e9ration\u00a0\u00ab\u00a0\u00e0 porte froide\u00a0\u00bb et \u00e0 ventilation\u00a0tangentielle, qui assurent une\u00a0isolation thermique efficace.<br \/>\nM\u00eame pendant la cuisson, la porte\u00a0de ces fours reste froide ce qui\u00a0permet d&rsquo;\u00e9viter de se br\u00fbler.<br \/>\nF &#8211; Les armoires doivent avoir\u00a0un syst\u00e8me d&rsquo;accrochage au\u00a0mur test\u00e9 pour \u00e9viter qu&rsquo;un\u00a0enfant, en jouant, ne puisse les\u00a0faire basculer en avant.<br \/>\nG &#8211; Il est important de faire\u00a0installer sur les tiroirs et sur\u00a0les casseroliers, des dispositifs\u00a0(crochets ou aimants) qui\u00a0emp\u00eachent aux enfants de les\u00a0ouvrir. De cette fa\u00e7on, on \u00e9vite\u00a0qu&rsquo;ils ne se blessent lorsqu&rsquo;ils les\u00a0referment. En outre, ils ne pourront\u00a0pas avoir acc\u00e8s aux objets rang\u00e9s \u00e0\u00a0l&rsquo;int\u00e9rieur (d\u00e9tersifs, couteaux&#8230;).<br \/>\nH &#8211; Si un enfant monte dans\u00a0un casserolier ou si tous les\u00a0casseroliers de l&rsquo;\u00eelot sont ouverts\u00a0en m\u00eame temps, il est probable\u00a0que le meuble bascule en\u00a0avant. Pour \u00e9viter cette situation\u00a0dangereuse, il est n\u00e9cessaire de\u00a0fi xer au sol les \u00e9l\u00e9ments bas dot\u00e9s\u00a0de tiroirs ou de cassoroliers \u00e0 l&rsquo;aide\u00a0d&rsquo;\u00e9querres anti-basculement.[\/vc_column_text][\/vc_column][\/vc_row][vc_row][vc_column][vc_single_image image=\u00a0\u00bb17347&Prime; img_size=\u00a0\u00bb800&#215;400&Prime;][\/vc_column][\/vc_row][vc_row][vc_column][vc_column_text]I &#8211; La table de cuisson\u00a0doit \u00eatre \u00e9quip\u00e9e d&rsquo;un\u00a0thermocouple de s\u00e9curit\u00e9 qui\u00a0emp\u00eache toute fuite de gaz\u00a0si la fl amme ne s&rsquo;allume pas\u00a0ou bien qui coupe l&rsquo;arriv\u00e9e\u00a0du gaz si la fl amme s&rsquo;\u00e9teint\u00a0accidentellement.<br \/>\nL &#8211; Si les portes ou les\u00a0tiroirs n&rsquo;ont pas de poign\u00e9e\u00a0mais un simple orifi ce pour\u00a0pouvoir les ouvrir, il faudra\u00a0contr\u00f4ler que celui-ci ne\u00a0soit pas trop \u00e9troit. Dans ce\u00a0cas, un enfant pourrait enfi ler\u00a0son doigt et, en bougeant, il\u00a0pourrait se le fracturer.<br \/>\nM &#8211; Tous les verres utilis\u00e9s\u00a0dans la cuisine (tablettes,\u00a0portes&#8230;) doivent \u00eatre du\u00a0type tremp\u00e9 pour mieux\u00a0r\u00e9sister aux chocs ou \u00e0\u00a0d&rsquo;autres sollicitations<br \/>\nN &#8211; Pr\u00e9voir un interrupteur\u00a0g\u00e9n\u00e9ral non accessible aux\u00a0enfants pour pouvoir couper\u00a0l&rsquo;arriv\u00e9e du courant au four.\u00a0Les manettes du four attirent\u00a0l&rsquo;attention des enfants qui, en\u00a0jouant, pourraient l&rsquo;allumer\u00a0avec une grande facilit\u00e9.[\/vc_column_text][\/vc_column][\/vc_row][vc_row][vc_column][vc_single_image image=\u00a0\u00bb17352&Prime; img_size=\u00a0\u00bb800&#215;400&Prime;][vc_empty_space][vc_column_text]O &#8211; Il est pr\u00e9f\u00e9rable de\u00a0pr\u00e9voir la table de cuisson\u00a0\u00e0 proximit\u00e9 de l&rsquo;\u00e9vier pour\u00a0\u00e9viter de longs trajets avec\u00a0les casseroles bouillantes\u00a0qui peuvent devenir tr\u00e8s<br \/>\ndangereuses, notamment si\u00a0des enfants se trouvent dans\u00a0la cuisine.<br \/>\nP &#8211; V\u00e9rifi er si les suspensions\u00a0des \u00e9l\u00e9ments hauts ont\u00a0\u00e9t\u00e9 test\u00e9es pour r\u00e9sister\u00a0\u00e9galement \u00e0 des charges\u00a0lourdes et si elles sont\u00a0r\u00e9glables en hauteur et en\u00a0profondeur.<br \/>\nQ &#8211; Dans les cuisines\u00a0modernes, on utilise\u00a0g\u00e9n\u00e9ralement des \u00e9l\u00e9ments\u00a0avec des bords vifs qui\u00a0peuvent devenir dangereux\u00a0pour les enfants. Il est donc<br \/>\npr\u00e9f\u00e9rable de choisir une\u00a0cuisine ayant des portes, des\u00a0poign\u00e9es et des boutons \u00e0\u00a0bords arrondis.<br \/>\nR &#8211; Il vaut mieux ne pas\u00a0installer la table de cuisson\u00a0pr\u00e8s d&rsquo;une fen\u00eatre car, une fois\u00a0ouverte, l&rsquo;air pourrait \u00e9teindre\u00a0la fl amme ou bien les rideaux\u00a0d\u00e9plac\u00e9s par un enfant qui\u00a0joue pourraient prendre feu.[\/vc_column_text][\/vc_column][\/vc_row]<\/p>\n<\/div>","protected":false},"excerpt":{"rendered":"<p>[vc_row][vc_column][vc_empty_space][vc_empty_space][vc_column_text]Quelles pr\u00e9cautions faut-il adopter pour avoir une cuisine plus s\u00fbre pour les enfants ? A &#8211; La prise de courant install\u00e9e\u00a0\u00e0 l&rsquo;int\u00e9rieur du canal \u00e9quip\u00e9 peut\u00a0\u00eatre utilis\u00e9e pour alimenter les\u00a0\u00e9lectrom\u00e9nagers de la cuisine.\u00a0Elle est tr\u00e8s pratique pour le four\u00a0car son alimentation peut \u00eatre\u00a0coup\u00e9e par l&rsquo;interrupteur bipolaire,\u00a0en \u00e9vitant ainsi que les enfants\u00a0ne puissent mettre l&rsquo;appareil en\u00a0marche [&hellip;]<\/p>\n","protected":false},"author":2,"featured_media":17359,"parent":19207,"menu_order":0,"comment_status":"closed","ping_status":"closed","template":"page-planning02.php","meta":{"footnotes":""},"class_list":["post-20825","page","type-page","status-publish","has-post-thumbnail","hentry"],"yoast_head":"<!-- This site is optimized with the Yoast SEO plugin v26.2 - https:\/\/yoast.com\/wordpress\/plugins\/seo\/ -->\n<title>Une cuisine plus s\u00fbre pour les enfants<\/title>\n<meta name=\"description\" content=\"Quelles pr\u00e9cautions adopter pour une cuisine plus s\u00fbre pour les enfants? D\u00e9couvrez-le avec l\u2019\u00e9quipe Valcucine\" \/>\n<meta name=\"robots\" content=\"index, follow, max-snippet:-1, max-image-preview:large, max-video-preview:-1\" \/>\n<link rel=\"canonical\" href=\"https:\/\/www.valcucine.com\/fr\/plans\/securite-dans-la-cuisine\/securite-enfants\/\" \/>\n<meta property=\"og:locale\" content=\"fr_FR\" \/>\n<meta property=\"og:type\" content=\"article\" \/>\n<meta property=\"og:title\" content=\"Une cuisine plus s\u00fbre pour les enfants\" \/>\n<meta property=\"og:description\" content=\"Quelles pr\u00e9cautions adopter pour une cuisine plus s\u00fbre pour les enfants? D\u00e9couvrez-le avec l\u2019\u00e9quipe Valcucine\" \/>\n<meta property=\"og:url\" content=\"https:\/\/www.valcucine.com\/fr\/plans\/securite-dans-la-cuisine\/securite-enfants\/\" \/>\n<meta property=\"og:site_name\" content=\"Valcucine\" \/>\n<meta property=\"article:publisher\" content=\"https:\/\/www.facebook.com\/valcucine\/\" \/>\n<meta property=\"article:modified_time\" content=\"2025-06-04T15:38:13+00:00\" \/>\n<meta property=\"og:image\" content=\"https:\/\/www.valcucine.com\/wp-content\/uploads\/2024\/07\/164_guid-progetto136-e1721642036525.jpg?wsr\" \/>\n\t<meta property=\"og:image:width\" content=\"2400\" \/>\n\t<meta property=\"og:image:height\" content=\"1200\" \/>\n\t<meta property=\"og:image:type\" content=\"image\/jpeg\" \/>\n<meta name=\"twitter:card\" content=\"summary_large_image\" \/>\n<meta name=\"twitter:label1\" content=\"Dur\u00e9e de lecture estim\u00e9e\" \/>\n\t<meta name=\"twitter:data1\" content=\"4 minutes\" \/>\n<script type=\"application\/ld+json\" class=\"yoast-schema-graph\">{\"@context\":\"https:\/\/schema.org\",\"@graph\":[{\"@type\":\"WebPage\",\"@id\":\"https:\/\/www.valcucine.com\/fr\/plans\/securite-dans-la-cuisine\/securite-enfants\/\",\"url\":\"https:\/\/www.valcucine.com\/fr\/plans\/securite-dans-la-cuisine\/securite-enfants\/\",\"name\":\"Une cuisine plus s\u00fbre pour les enfants\",\"isPartOf\":{\"@id\":\"https:\/\/www.valcucine.com\/#website\"},\"primaryImageOfPage\":{\"@id\":\"https:\/\/www.valcucine.com\/fr\/plans\/securite-dans-la-cuisine\/securite-enfants\/#primaryimage\"},\"image\":{\"@id\":\"https:\/\/www.valcucine.com\/fr\/plans\/securite-dans-la-cuisine\/securite-enfants\/#primaryimage\"},\"thumbnailUrl\":\"https:\/\/www.valcucine.com\/wp-content\/uploads\/2024\/07\/164_guid-progetto136-e1721642036525.jpg?wsr\",\"datePublished\":\"2024-07-22T09:41:42+00:00\",\"dateModified\":\"2025-06-04T15:38:13+00:00\",\"description\":\"Quelles pr\u00e9cautions adopter pour une cuisine plus s\u00fbre pour les enfants? D\u00e9couvrez-le avec l\u2019\u00e9quipe Valcucine\",\"breadcrumb\":{\"@id\":\"https:\/\/www.valcucine.com\/fr\/plans\/securite-dans-la-cuisine\/securite-enfants\/#breadcrumb\"},\"inLanguage\":\"fr-FR\",\"potentialAction\":[{\"@type\":\"ReadAction\",\"target\":[\"https:\/\/www.valcucine.com\/fr\/plans\/securite-dans-la-cuisine\/securite-enfants\/\"]}]},{\"@type\":\"ImageObject\",\"inLanguage\":\"fr-FR\",\"@id\":\"https:\/\/www.valcucine.com\/fr\/plans\/securite-dans-la-cuisine\/securite-enfants\/#primaryimage\",\"url\":\"https:\/\/www.valcucine.com\/wp-content\/uploads\/2024\/07\/164_guid-progetto136-e1721642036525.jpg?wsr\",\"contentUrl\":\"https:\/\/www.valcucine.com\/wp-content\/uploads\/2024\/07\/164_guid-progetto136-e1721642036525.jpg?wsr\",\"width\":2400,\"height\":1200,\"caption\":\"Sicurezza bambini\"},{\"@type\":\"BreadcrumbList\",\"@id\":\"https:\/\/www.valcucine.com\/fr\/plans\/securite-dans-la-cuisine\/securite-enfants\/#breadcrumb\",\"itemListElement\":[{\"@type\":\"ListItem\",\"position\":1,\"name\":\"Valcucine\",\"item\":\"https:\/\/www.valcucine.com\/fr\/\"},{\"@type\":\"ListItem\",\"position\":2,\"name\":\"Implantation d&#8217;une cuisine\",\"item\":\"https:\/\/www.valcucine.com\/fr\/plans\/\"},{\"@type\":\"ListItem\",\"position\":3,\"name\":\"La s\u00e9curit\u00e9\",\"item\":\"https:\/\/www.valcucine.com\/fr\/plans\/securite-dans-la-cuisine\/\"},{\"@type\":\"ListItem\",\"position\":4,\"name\":\"Une cuisine plus s\u00fbre pour les enfants\"}]},{\"@type\":\"WebSite\",\"@id\":\"https:\/\/www.valcucine.com\/#website\",\"url\":\"https:\/\/www.valcucine.com\/\",\"name\":\"Valcucine\",\"description\":\"\",\"publisher\":{\"@id\":\"https:\/\/www.valcucine.com\/#organization\"},\"potentialAction\":[{\"@type\":\"SearchAction\",\"target\":{\"@type\":\"EntryPoint\",\"urlTemplate\":\"https:\/\/www.valcucine.com\/?s={search_term_string}\"},\"query-input\":{\"@type\":\"PropertyValueSpecification\",\"valueRequired\":true,\"valueName\":\"search_term_string\"}}],\"inLanguage\":\"fr-FR\"},{\"@type\":\"Organization\",\"@id\":\"https:\/\/www.valcucine.com\/#organization\",\"name\":\"Valcucine\",\"url\":\"https:\/\/www.valcucine.com\/\",\"logo\":{\"@type\":\"ImageObject\",\"inLanguage\":\"fr-FR\",\"@id\":\"https:\/\/www.valcucine.com\/#\/schema\/logo\/image\/\",\"url\":\"https:\/\/www.valcucine.com\/wp-content\/uploads\/2024\/02\/logo-valcucine.webp?wsr\",\"contentUrl\":\"https:\/\/www.valcucine.com\/wp-content\/uploads\/2024\/02\/logo-valcucine.webp?wsr\",\"width\":288,\"height\":46,\"caption\":\"Valcucine\"},\"image\":{\"@id\":\"https:\/\/www.valcucine.com\/#\/schema\/logo\/image\/\"},\"sameAs\":[\"https:\/\/www.facebook.com\/valcucine\/\",\"https:\/\/www.instagram.com\/valcucine\/\",\"https:\/\/www.linkedin.com\/company\/valcucine\"]}]}<\/script>\n<!-- \/ Yoast SEO plugin. -->","yoast_head_json":{"title":"Une cuisine plus s\u00fbre pour les enfants","description":"Quelles pr\u00e9cautions adopter pour une cuisine plus s\u00fbre pour les enfants? D\u00e9couvrez-le avec l\u2019\u00e9quipe Valcucine","robots":{"index":"index","follow":"follow","max-snippet":"max-snippet:-1","max-image-preview":"max-image-preview:large","max-video-preview":"max-video-preview:-1"},"canonical":"https:\/\/www.valcucine.com\/fr\/plans\/securite-dans-la-cuisine\/securite-enfants\/","og_locale":"fr_FR","og_type":"article","og_title":"Une cuisine plus s\u00fbre pour les enfants","og_description":"Quelles pr\u00e9cautions adopter pour une cuisine plus s\u00fbre pour les enfants? D\u00e9couvrez-le avec l\u2019\u00e9quipe Valcucine","og_url":"https:\/\/www.valcucine.com\/fr\/plans\/securite-dans-la-cuisine\/securite-enfants\/","og_site_name":"Valcucine","article_publisher":"https:\/\/www.facebook.com\/valcucine\/","article_modified_time":"2025-06-04T15:38:13+00:00","og_image":[{"width":2400,"height":1200,"url":"https:\/\/www.valcucine.com\/wp-content\/uploads\/2024\/07\/164_guid-progetto136-e1721642036525.jpg?wsr","type":"image\/jpeg"}],"twitter_card":"summary_large_image","twitter_misc":{"Dur\u00e9e de lecture estim\u00e9e":"4 minutes"},"schema":{"@context":"https:\/\/schema.org","@graph":[{"@type":"WebPage","@id":"https:\/\/www.valcucine.com\/fr\/plans\/securite-dans-la-cuisine\/securite-enfants\/","url":"https:\/\/www.valcucine.com\/fr\/plans\/securite-dans-la-cuisine\/securite-enfants\/","name":"Une cuisine plus s\u00fbre pour les enfants","isPartOf":{"@id":"https:\/\/www.valcucine.com\/#website"},"primaryImageOfPage":{"@id":"https:\/\/www.valcucine.com\/fr\/plans\/securite-dans-la-cuisine\/securite-enfants\/#primaryimage"},"image":{"@id":"https:\/\/www.valcucine.com\/fr\/plans\/securite-dans-la-cuisine\/securite-enfants\/#primaryimage"},"thumbnailUrl":"https:\/\/www.valcucine.com\/wp-content\/uploads\/2024\/07\/164_guid-progetto136-e1721642036525.jpg?wsr","datePublished":"2024-07-22T09:41:42+00:00","dateModified":"2025-06-04T15:38:13+00:00","description":"Quelles pr\u00e9cautions adopter pour une cuisine plus s\u00fbre pour les enfants? D\u00e9couvrez-le avec l\u2019\u00e9quipe Valcucine","breadcrumb":{"@id":"https:\/\/www.valcucine.com\/fr\/plans\/securite-dans-la-cuisine\/securite-enfants\/#breadcrumb"},"inLanguage":"fr-FR","potentialAction":[{"@type":"ReadAction","target":["https:\/\/www.valcucine.com\/fr\/plans\/securite-dans-la-cuisine\/securite-enfants\/"]}]},{"@type":"ImageObject","inLanguage":"fr-FR","@id":"https:\/\/www.valcucine.com\/fr\/plans\/securite-dans-la-cuisine\/securite-enfants\/#primaryimage","url":"https:\/\/www.valcucine.com\/wp-content\/uploads\/2024\/07\/164_guid-progetto136-e1721642036525.jpg?wsr","contentUrl":"https:\/\/www.valcucine.com\/wp-content\/uploads\/2024\/07\/164_guid-progetto136-e1721642036525.jpg?wsr","width":2400,"height":1200,"caption":"Sicurezza bambini"},{"@type":"BreadcrumbList","@id":"https:\/\/www.valcucine.com\/fr\/plans\/securite-dans-la-cuisine\/securite-enfants\/#breadcrumb","itemListElement":[{"@type":"ListItem","position":1,"name":"Valcucine","item":"https:\/\/www.valcucine.com\/fr\/"},{"@type":"ListItem","position":2,"name":"Implantation d&#8217;une cuisine","item":"https:\/\/www.valcucine.com\/fr\/plans\/"},{"@type":"ListItem","position":3,"name":"La s\u00e9curit\u00e9","item":"https:\/\/www.valcucine.com\/fr\/plans\/securite-dans-la-cuisine\/"},{"@type":"ListItem","position":4,"name":"Une cuisine plus s\u00fbre pour les enfants"}]},{"@type":"WebSite","@id":"https:\/\/www.valcucine.com\/#website","url":"https:\/\/www.valcucine.com\/","name":"Valcucine","description":"","publisher":{"@id":"https:\/\/www.valcucine.com\/#organization"},"potentialAction":[{"@type":"SearchAction","target":{"@type":"EntryPoint","urlTemplate":"https:\/\/www.valcucine.com\/?s={search_term_string}"},"query-input":{"@type":"PropertyValueSpecification","valueRequired":true,"valueName":"search_term_string"}}],"inLanguage":"fr-FR"},{"@type":"Organization","@id":"https:\/\/www.valcucine.com\/#organization","name":"Valcucine","url":"https:\/\/www.valcucine.com\/","logo":{"@type":"ImageObject","inLanguage":"fr-FR","@id":"https:\/\/www.valcucine.com\/#\/schema\/logo\/image\/","url":"https:\/\/www.valcucine.com\/wp-content\/uploads\/2024\/02\/logo-valcucine.webp?wsr","contentUrl":"https:\/\/www.valcucine.com\/wp-content\/uploads\/2024\/02\/logo-valcucine.webp?wsr","width":288,"height":46,"caption":"Valcucine"},"image":{"@id":"https:\/\/www.valcucine.com\/#\/schema\/logo\/image\/"},"sameAs":["https:\/\/www.facebook.com\/valcucine\/","https:\/\/www.instagram.com\/valcucine\/","https:\/\/www.linkedin.com\/company\/valcucine"]}]}},"_links":{"self":[{"href":"https:\/\/www.valcucine.com\/fr\/wp-json\/wp\/v2\/pages\/20825","targetHints":{"allow":["GET"]}}],"collection":[{"href":"https:\/\/www.valcucine.com\/fr\/wp-json\/wp\/v2\/pages"}],"about":[{"href":"https:\/\/www.valcucine.com\/fr\/wp-json\/wp\/v2\/types\/page"}],"author":[{"embeddable":true,"href":"https:\/\/www.valcucine.com\/fr\/wp-json\/wp\/v2\/users\/2"}],"replies":[{"embeddable":true,"href":"https:\/\/www.valcucine.com\/fr\/wp-json\/wp\/v2\/comments?post=20825"}],"version-history":[{"count":3,"href":"https:\/\/www.valcucine.com\/fr\/wp-json\/wp\/v2\/pages\/20825\/revisions"}],"predecessor-version":[{"id":21872,"href":"https:\/\/www.valcucine.com\/fr\/wp-json\/wp\/v2\/pages\/20825\/revisions\/21872"}],"up":[{"embeddable":true,"href":"https:\/\/www.valcucine.com\/fr\/wp-json\/wp\/v2\/pages\/19207"}],"wp:featuredmedia":[{"embeddable":true,"href":"https:\/\/www.valcucine.com\/fr\/wp-json\/wp\/v2\/media\/17359"}],"wp:attachment":[{"href":"https:\/\/www.valcucine.com\/fr\/wp-json\/wp\/v2\/media?parent=20825"}],"curies":[{"name":"wp","href":"https:\/\/api.w.org\/{rel}","templated":true}]}}