{"id":20829,"date":"2024-07-22T10:09:18","date_gmt":"2024-07-22T10:09:18","guid":{"rendered":"https:\/\/devel.valcucine.com\/plans\/securite-dans-la-cuisine\/controllo-emissioni-tossiche\/"},"modified":"2025-06-04T15:36:25","modified_gmt":"2025-06-04T15:36:25","slug":"contrles-des-emissions-toxiques","status":"publish","type":"page","link":"https:\/\/www.valcucine.com\/fr\/plans\/securite-dans-la-cuisine\/contrles-des-emissions-toxiques\/","title":{"rendered":"Le contr\u00f4le des \u00e9missions toxiques"},"content":{"rendered":"<div class=\"wpb-content-wrapper\"><p>[vc_row][vc_column][vc_empty_space]\n        \n        <h1 class=\"text-start  main__title__h1  \" style=\"color:#333333;\"> \n\n         Le contr\u00f4le des \u00e9missions toxiques\n        \n        <\/h1>[vc_empty_space][\/vc_column][\/vc_row][vc_row][vc_column][vc_column_text][\/vc_column_text][vc_column_text]<strong>La formaldh\u00e9yde<\/strong><br \/>\nLes panneaux en agglom\u00e9r\u00e9 contiennent de la colle ur\u00e9ique, substance qui \u00e9met de fa\u00e7on continue et durant des ann\u00e9es de la formald\u00e9hyde. La formald\u00e9hyde est reconnue comme une substance canc\u00e9rig\u00e8ne: l&rsquo;agence internationale pour la recherche contre le cancer, l&rsquo;a class\u00e9e comme agent chimique \u00ab\u00a0canc\u00e9rig\u00e8ne pour l&rsquo;homme\u00a0\u00bb. A diff\u00e9rence de ce qui advient en Allemagne, il n&rsquo;existe en Italie aucune loi qui indique la quantit\u00e9 maximale admise pour les meubles. Toute la production Valcucine respecte rigoureusement les valeurs limites impos\u00e9es par la norme allemande (Normative Japonaise F****).<\/p>\n<p><strong>La radioactivit\u00e9 artificielle<\/strong><br \/>\nLes catastrophes naturelles, telles que celle de Tchernobyl, ont provoqu\u00e9 uneradioactivit\u00e9 artificielle qui a \u00e9t\u00e9 absorb\u00e9e par les plantes (et donc par le bois) et rel\u00e2ch\u00e9e dans la nature \u00e0 distance de plusieurs ann\u00e9es. C&rsquo;est parce que l&rsquo;entit\u00e9 de la pr\u00e9sence radioactive d\u00e9pend de la provenance du bois, que Valcucine effectue des analyses, afin de s&rsquo;assurer que le bois utilis\u00e9 dans ses cuisines ne provienne pas de zones irradi\u00e9es suite aux faits de Tchernobyl.<\/p>\n<p><strong>Les vernis synth\u00e9tiques<\/strong><br \/>\nLes meubles trait\u00e9s de vernis synth\u00e9tiques \u00e9mettent des substances volatiles toxiques \u00e0 l&rsquo;int\u00e9rieur de nos maisons, \u00e9missions qui peuvent perdurer longtemps apr\u00e8s leur achat. Valcucine a analys\u00e9 la pollution provoqu\u00e9e par ces substances \u00e0 l&rsquo;aide de tests sp\u00e9cifiques. Dans le tableau de droite nous rapportons les quantit\u00e9s et qualit\u00e9s des substances organiques volatiles relatives \u00e0 1 m\u00e8tre carr\u00e9 de surface trait\u00e9e \u00e0 l&rsquo;aide d&rsquo;un vernis acrylique dilu\u00e9 par des diluants synth\u00e9tiques. Afin de limiter fortement l&rsquo;\u00e9mission des substances toxiques \u00e9manant des solvants synth\u00e9tiques, Valcucine a mis au point un cycle de vernissage \u00e0 l&rsquo;eau. Elle a ensuite r\u00e9alis\u00e9 une finition superficielle \u00e0 base d&rsquo;huile et de cires naturelles.\u200b<\/p>\n<p><strong>Le vernis \u00e0 l\u2019eau<\/strong><br \/>\nL&rsquo;un des plus graves probl\u00e8mes de pollution dans la fabrication des meubles est l&rsquo;\u00e9vaporation des solvants synth\u00e9tiques contenus dans les vernis. Une usine de meubles de dimension moyenne \u00e9met chaque jour dans l&rsquo;atmosph\u00e8re des tonnes de solvants potentiellement canc\u00e9rig\u00e8nes, en polluant le lieu de travail et les zones limitrophes \u00e0 l&rsquo;usine. Ces solvants continuent un processus de micro-\u00e9vaporation, qui persiste dans le temps. C&rsquo;est pourquoi l&rsquo;espace dans lequel se trouve le meuble subira la m\u00eame pollution. Apr\u00e8s des ann\u00e9es d&rsquo;essais et de recherche, Valcucine a adopt\u00e9, pour le bois massif et pour les portes et les panneaux plaqu\u00e9s, un cycle de vernissage \u00e0 l&rsquo;eau r\u00e9duisant de fa\u00e7on consid\u00e9rable la pr\u00e9sence de solvants synth\u00e9tiques et \u00e9liminant compl\u00e8tement les solvants aromatiques consid\u00e9r\u00e9s comme hautement canc\u00e9rig\u00e8nes, et ceci au profit de l&rsquo;acheteur final, des ouvriers du secteur du meuble et des personnes habitant les zones limitrophes aux usines. Gr\u00e2ce \u00e0 sa grande capacit\u00e9 d&rsquo;innovation, Valcucine a continuellement ouvert de nouvelles voies qui ont toujours \u00e9t\u00e9, \u00e0 notre grand d\u00e9sappointement, imit\u00e9es par les concurrents. Cette fois-ci, nous souhaitons vraiment \u00eatre imit\u00e9s car nous sommes conscients que, de cette fa\u00e7on, nous obtiendrons un grand r\u00e9sultat en faveur de l&rsquo;environnement et de la sant\u00e9 de l&rsquo;homme.[\/vc_column_text][\/vc_column][\/vc_row]<\/p>\n<\/div>","protected":false},"excerpt":{"rendered":"<p>[vc_row][vc_column][vc_empty_space][vc_empty_space][\/vc_column][\/vc_row][vc_row][vc_column][vc_column_text][\/vc_column_text][vc_column_text]La formaldh\u00e9yde Les panneaux en agglom\u00e9r\u00e9 contiennent de la colle ur\u00e9ique, substance qui \u00e9met de fa\u00e7on continue et durant des ann\u00e9es de la formald\u00e9hyde. La formald\u00e9hyde est reconnue comme une substance canc\u00e9rig\u00e8ne: l&rsquo;agence internationale pour la recherche contre le cancer, l&rsquo;a class\u00e9e comme agent chimique \u00ab\u00a0canc\u00e9rig\u00e8ne pour l&rsquo;homme\u00a0\u00bb. A diff\u00e9rence de ce qui advient en [&hellip;]<\/p>\n","protected":false},"author":2,"featured_media":17165,"parent":19207,"menu_order":0,"comment_status":"closed","ping_status":"closed","template":"page-planning02.php","meta":{"footnotes":""},"class_list":["post-20829","page","type-page","status-publish","has-post-thumbnail","hentry"],"yoast_head":"<!-- This site is optimized with the Yoast SEO plugin v26.2 - https:\/\/yoast.com\/wordpress\/plugins\/seo\/ -->\n<title>Le contr\u00f4le des \u00e9missions toxiques<\/title>\n<meta name=\"description\" content=\"Pour limiter drastiquement l\u2019\u00e9mission des substances toxiques \u00e9manant des solvants synth\u00e9tiques, d\u00e9couvrez la solution de Valcucine.\" \/>\n<meta name=\"robots\" content=\"index, follow, max-snippet:-1, max-image-preview:large, max-video-preview:-1\" \/>\n<link rel=\"canonical\" href=\"https:\/\/www.valcucine.com\/fr\/plans\/securite-dans-la-cuisine\/contrles-des-emissions-toxiques\/\" \/>\n<meta property=\"og:locale\" content=\"fr_FR\" \/>\n<meta property=\"og:type\" content=\"article\" \/>\n<meta property=\"og:title\" content=\"Le contr\u00f4le des \u00e9missions toxiques\" \/>\n<meta property=\"og:description\" content=\"Pour limiter drastiquement l\u2019\u00e9mission des substances toxiques \u00e9manant des solvants synth\u00e9tiques, d\u00e9couvrez la solution de Valcucine.\" \/>\n<meta property=\"og:url\" content=\"https:\/\/www.valcucine.com\/fr\/plans\/securite-dans-la-cuisine\/contrles-des-emissions-toxiques\/\" \/>\n<meta property=\"og:site_name\" content=\"Valcucine\" \/>\n<meta property=\"article:publisher\" content=\"https:\/\/www.facebook.com\/valcucine\/\" \/>\n<meta property=\"article:modified_time\" content=\"2025-06-04T15:36:25+00:00\" \/>\n<meta property=\"og:image\" content=\"https:\/\/www.valcucine.com\/wp-content\/uploads\/2024\/07\/36_guid_progetto112-e1721642919646.jpg?wsr\" \/>\n\t<meta property=\"og:image:width\" content=\"1188\" \/>\n\t<meta property=\"og:image:height\" content=\"826\" \/>\n\t<meta property=\"og:image:type\" content=\"image\/jpeg\" \/>\n<meta name=\"twitter:card\" content=\"summary_large_image\" \/>\n<meta name=\"twitter:label1\" content=\"Dur\u00e9e de lecture estim\u00e9e\" \/>\n\t<meta name=\"twitter:data1\" content=\"3 minutes\" \/>\n<script type=\"application\/ld+json\" class=\"yoast-schema-graph\">{\"@context\":\"https:\/\/schema.org\",\"@graph\":[{\"@type\":\"WebPage\",\"@id\":\"https:\/\/www.valcucine.com\/fr\/plans\/securite-dans-la-cuisine\/contrles-des-emissions-toxiques\/\",\"url\":\"https:\/\/www.valcucine.com\/fr\/plans\/securite-dans-la-cuisine\/contrles-des-emissions-toxiques\/\",\"name\":\"Le contr\u00f4le des \u00e9missions toxiques\",\"isPartOf\":{\"@id\":\"https:\/\/www.valcucine.com\/#website\"},\"primaryImageOfPage\":{\"@id\":\"https:\/\/www.valcucine.com\/fr\/plans\/securite-dans-la-cuisine\/contrles-des-emissions-toxiques\/#primaryimage\"},\"image\":{\"@id\":\"https:\/\/www.valcucine.com\/fr\/plans\/securite-dans-la-cuisine\/contrles-des-emissions-toxiques\/#primaryimage\"},\"thumbnailUrl\":\"https:\/\/www.valcucine.com\/wp-content\/uploads\/2024\/07\/36_guid_progetto112-e1721642919646.jpg?wsr\",\"datePublished\":\"2024-07-22T10:09:18+00:00\",\"dateModified\":\"2025-06-04T15:36:25+00:00\",\"description\":\"Pour limiter drastiquement l\u2019\u00e9mission des substances toxiques \u00e9manant des solvants synth\u00e9tiques, d\u00e9couvrez la solution de Valcucine.\",\"breadcrumb\":{\"@id\":\"https:\/\/www.valcucine.com\/fr\/plans\/securite-dans-la-cuisine\/contrles-des-emissions-toxiques\/#breadcrumb\"},\"inLanguage\":\"fr-FR\",\"potentialAction\":[{\"@type\":\"ReadAction\",\"target\":[\"https:\/\/www.valcucine.com\/fr\/plans\/securite-dans-la-cuisine\/contrles-des-emissions-toxiques\/\"]}]},{\"@type\":\"ImageObject\",\"inLanguage\":\"fr-FR\",\"@id\":\"https:\/\/www.valcucine.com\/fr\/plans\/securite-dans-la-cuisine\/contrles-des-emissions-toxiques\/#primaryimage\",\"url\":\"https:\/\/www.valcucine.com\/wp-content\/uploads\/2024\/07\/36_guid_progetto112-e1721642919646.jpg?wsr\",\"contentUrl\":\"https:\/\/www.valcucine.com\/wp-content\/uploads\/2024\/07\/36_guid_progetto112-e1721642919646.jpg?wsr\",\"width\":1188,\"height\":826,\"caption\":\"controllo delle emissioni tossiche\"},{\"@type\":\"BreadcrumbList\",\"@id\":\"https:\/\/www.valcucine.com\/fr\/plans\/securite-dans-la-cuisine\/contrles-des-emissions-toxiques\/#breadcrumb\",\"itemListElement\":[{\"@type\":\"ListItem\",\"position\":1,\"name\":\"Valcucine\",\"item\":\"https:\/\/www.valcucine.com\/fr\/\"},{\"@type\":\"ListItem\",\"position\":2,\"name\":\"Implantation d&#8217;une cuisine\",\"item\":\"https:\/\/www.valcucine.com\/fr\/plans\/\"},{\"@type\":\"ListItem\",\"position\":3,\"name\":\"La s\u00e9curit\u00e9\",\"item\":\"https:\/\/www.valcucine.com\/fr\/plans\/securite-dans-la-cuisine\/\"},{\"@type\":\"ListItem\",\"position\":4,\"name\":\"Le contr\u00f4le des \u00e9missions toxiques\"}]},{\"@type\":\"WebSite\",\"@id\":\"https:\/\/www.valcucine.com\/#website\",\"url\":\"https:\/\/www.valcucine.com\/\",\"name\":\"Valcucine\",\"description\":\"\",\"publisher\":{\"@id\":\"https:\/\/www.valcucine.com\/#organization\"},\"potentialAction\":[{\"@type\":\"SearchAction\",\"target\":{\"@type\":\"EntryPoint\",\"urlTemplate\":\"https:\/\/www.valcucine.com\/?s={search_term_string}\"},\"query-input\":{\"@type\":\"PropertyValueSpecification\",\"valueRequired\":true,\"valueName\":\"search_term_string\"}}],\"inLanguage\":\"fr-FR\"},{\"@type\":\"Organization\",\"@id\":\"https:\/\/www.valcucine.com\/#organization\",\"name\":\"Valcucine\",\"url\":\"https:\/\/www.valcucine.com\/\",\"logo\":{\"@type\":\"ImageObject\",\"inLanguage\":\"fr-FR\",\"@id\":\"https:\/\/www.valcucine.com\/#\/schema\/logo\/image\/\",\"url\":\"https:\/\/www.valcucine.com\/wp-content\/uploads\/2024\/02\/logo-valcucine.webp?wsr\",\"contentUrl\":\"https:\/\/www.valcucine.com\/wp-content\/uploads\/2024\/02\/logo-valcucine.webp?wsr\",\"width\":288,\"height\":46,\"caption\":\"Valcucine\"},\"image\":{\"@id\":\"https:\/\/www.valcucine.com\/#\/schema\/logo\/image\/\"},\"sameAs\":[\"https:\/\/www.facebook.com\/valcucine\/\",\"https:\/\/www.instagram.com\/valcucine\/\",\"https:\/\/www.linkedin.com\/company\/valcucine\"]}]}<\/script>\n<!-- \/ Yoast SEO plugin. -->","yoast_head_json":{"title":"Le contr\u00f4le des \u00e9missions toxiques","description":"Pour limiter drastiquement l\u2019\u00e9mission des substances toxiques \u00e9manant des solvants synth\u00e9tiques, d\u00e9couvrez la solution de Valcucine.","robots":{"index":"index","follow":"follow","max-snippet":"max-snippet:-1","max-image-preview":"max-image-preview:large","max-video-preview":"max-video-preview:-1"},"canonical":"https:\/\/www.valcucine.com\/fr\/plans\/securite-dans-la-cuisine\/contrles-des-emissions-toxiques\/","og_locale":"fr_FR","og_type":"article","og_title":"Le contr\u00f4le des \u00e9missions toxiques","og_description":"Pour limiter drastiquement l\u2019\u00e9mission des substances toxiques \u00e9manant des solvants synth\u00e9tiques, d\u00e9couvrez la solution de Valcucine.","og_url":"https:\/\/www.valcucine.com\/fr\/plans\/securite-dans-la-cuisine\/contrles-des-emissions-toxiques\/","og_site_name":"Valcucine","article_publisher":"https:\/\/www.facebook.com\/valcucine\/","article_modified_time":"2025-06-04T15:36:25+00:00","og_image":[{"width":1188,"height":826,"url":"https:\/\/www.valcucine.com\/wp-content\/uploads\/2024\/07\/36_guid_progetto112-e1721642919646.jpg?wsr","type":"image\/jpeg"}],"twitter_card":"summary_large_image","twitter_misc":{"Dur\u00e9e de lecture estim\u00e9e":"3 minutes"},"schema":{"@context":"https:\/\/schema.org","@graph":[{"@type":"WebPage","@id":"https:\/\/www.valcucine.com\/fr\/plans\/securite-dans-la-cuisine\/contrles-des-emissions-toxiques\/","url":"https:\/\/www.valcucine.com\/fr\/plans\/securite-dans-la-cuisine\/contrles-des-emissions-toxiques\/","name":"Le contr\u00f4le des \u00e9missions toxiques","isPartOf":{"@id":"https:\/\/www.valcucine.com\/#website"},"primaryImageOfPage":{"@id":"https:\/\/www.valcucine.com\/fr\/plans\/securite-dans-la-cuisine\/contrles-des-emissions-toxiques\/#primaryimage"},"image":{"@id":"https:\/\/www.valcucine.com\/fr\/plans\/securite-dans-la-cuisine\/contrles-des-emissions-toxiques\/#primaryimage"},"thumbnailUrl":"https:\/\/www.valcucine.com\/wp-content\/uploads\/2024\/07\/36_guid_progetto112-e1721642919646.jpg?wsr","datePublished":"2024-07-22T10:09:18+00:00","dateModified":"2025-06-04T15:36:25+00:00","description":"Pour limiter drastiquement l\u2019\u00e9mission des substances toxiques \u00e9manant des solvants synth\u00e9tiques, d\u00e9couvrez la solution de Valcucine.","breadcrumb":{"@id":"https:\/\/www.valcucine.com\/fr\/plans\/securite-dans-la-cuisine\/contrles-des-emissions-toxiques\/#breadcrumb"},"inLanguage":"fr-FR","potentialAction":[{"@type":"ReadAction","target":["https:\/\/www.valcucine.com\/fr\/plans\/securite-dans-la-cuisine\/contrles-des-emissions-toxiques\/"]}]},{"@type":"ImageObject","inLanguage":"fr-FR","@id":"https:\/\/www.valcucine.com\/fr\/plans\/securite-dans-la-cuisine\/contrles-des-emissions-toxiques\/#primaryimage","url":"https:\/\/www.valcucine.com\/wp-content\/uploads\/2024\/07\/36_guid_progetto112-e1721642919646.jpg?wsr","contentUrl":"https:\/\/www.valcucine.com\/wp-content\/uploads\/2024\/07\/36_guid_progetto112-e1721642919646.jpg?wsr","width":1188,"height":826,"caption":"controllo delle emissioni tossiche"},{"@type":"BreadcrumbList","@id":"https:\/\/www.valcucine.com\/fr\/plans\/securite-dans-la-cuisine\/contrles-des-emissions-toxiques\/#breadcrumb","itemListElement":[{"@type":"ListItem","position":1,"name":"Valcucine","item":"https:\/\/www.valcucine.com\/fr\/"},{"@type":"ListItem","position":2,"name":"Implantation d&#8217;une cuisine","item":"https:\/\/www.valcucine.com\/fr\/plans\/"},{"@type":"ListItem","position":3,"name":"La s\u00e9curit\u00e9","item":"https:\/\/www.valcucine.com\/fr\/plans\/securite-dans-la-cuisine\/"},{"@type":"ListItem","position":4,"name":"Le contr\u00f4le des \u00e9missions toxiques"}]},{"@type":"WebSite","@id":"https:\/\/www.valcucine.com\/#website","url":"https:\/\/www.valcucine.com\/","name":"Valcucine","description":"","publisher":{"@id":"https:\/\/www.valcucine.com\/#organization"},"potentialAction":[{"@type":"SearchAction","target":{"@type":"EntryPoint","urlTemplate":"https:\/\/www.valcucine.com\/?s={search_term_string}"},"query-input":{"@type":"PropertyValueSpecification","valueRequired":true,"valueName":"search_term_string"}}],"inLanguage":"fr-FR"},{"@type":"Organization","@id":"https:\/\/www.valcucine.com\/#organization","name":"Valcucine","url":"https:\/\/www.valcucine.com\/","logo":{"@type":"ImageObject","inLanguage":"fr-FR","@id":"https:\/\/www.valcucine.com\/#\/schema\/logo\/image\/","url":"https:\/\/www.valcucine.com\/wp-content\/uploads\/2024\/02\/logo-valcucine.webp?wsr","contentUrl":"https:\/\/www.valcucine.com\/wp-content\/uploads\/2024\/02\/logo-valcucine.webp?wsr","width":288,"height":46,"caption":"Valcucine"},"image":{"@id":"https:\/\/www.valcucine.com\/#\/schema\/logo\/image\/"},"sameAs":["https:\/\/www.facebook.com\/valcucine\/","https:\/\/www.instagram.com\/valcucine\/","https:\/\/www.linkedin.com\/company\/valcucine"]}]}},"_links":{"self":[{"href":"https:\/\/www.valcucine.com\/fr\/wp-json\/wp\/v2\/pages\/20829","targetHints":{"allow":["GET"]}}],"collection":[{"href":"https:\/\/www.valcucine.com\/fr\/wp-json\/wp\/v2\/pages"}],"about":[{"href":"https:\/\/www.valcucine.com\/fr\/wp-json\/wp\/v2\/types\/page"}],"author":[{"embeddable":true,"href":"https:\/\/www.valcucine.com\/fr\/wp-json\/wp\/v2\/users\/2"}],"replies":[{"embeddable":true,"href":"https:\/\/www.valcucine.com\/fr\/wp-json\/wp\/v2\/comments?post=20829"}],"version-history":[{"count":2,"href":"https:\/\/www.valcucine.com\/fr\/wp-json\/wp\/v2\/pages\/20829\/revisions"}],"predecessor-version":[{"id":20831,"href":"https:\/\/www.valcucine.com\/fr\/wp-json\/wp\/v2\/pages\/20829\/revisions\/20831"}],"up":[{"embeddable":true,"href":"https:\/\/www.valcucine.com\/fr\/wp-json\/wp\/v2\/pages\/19207"}],"wp:featuredmedia":[{"embeddable":true,"href":"https:\/\/www.valcucine.com\/fr\/wp-json\/wp\/v2\/media\/17165"}],"wp:attachment":[{"href":"https:\/\/www.valcucine.com\/fr\/wp-json\/wp\/v2\/media?parent=20829"}],"curies":[{"name":"wp","href":"https:\/\/api.w.org\/{rel}","templated":true}]}}