{"id":20832,"date":"2024-07-22T10:17:06","date_gmt":"2024-07-22T10:17:06","guid":{"rendered":"https:\/\/devel.valcucine.com\/plans\/securite-dans-la-cuisine\/muffa-cucina\/"},"modified":"2025-06-04T15:34:41","modified_gmt":"2025-06-04T15:34:41","slug":"moisissures-dans-la-cuisine","status":"publish","type":"page","link":"https:\/\/www.valcucine.com\/fr\/plans\/securite-dans-la-cuisine\/moisissures-dans-la-cuisine\/","title":{"rendered":"Moisissures en cuisine"},"content":{"rendered":"<div class=\"wpb-content-wrapper\"><p>[vc_row][vc_column][vc_empty_space]\n        \n        <h1 class=\"text-start  main__title__h1  \" style=\"color:#333333;\"> \n\n         Moisissures en cuisine\n        \n        <\/h1>[vc_empty_space][\/vc_column][\/vc_row][vc_row][vc_column][vc_column_text]<strong>Comment peut-on \u00e9viter la formation de moisissures dans les angles?<\/strong><\/p>\n<p>A &#8211; La cuisine est la pi\u00e8ce o\u00f9 l&rsquo;humidit\u00e9 relative est souvent tr\u00e8s haute et si, en cours de construction, le pont\u00a0 thermique n&rsquo;a pas \u00e9t\u00e9 \u00e9limin\u00e9, il peut se produire des probl\u00e8mes de condensation au niveau du plafond et se former des moisissures.<br \/>\nB &#8211; Il existe dans le commerce des peintures isolantes particuli\u00e8res qui \u00e9vitent l&rsquo;abaissement de la temp\u00e9rature suite au pont thermique \u00e0 hauteur du plafond et qui emp\u00eachent donc la formation de moisissures.<br \/>\nC &#8211; La solution optimale\u00a0 est d&rsquo;installer en cours de\u00a0 construction, une bonne\u00a0 isolation\u00a0 thermique ext\u00e9rieure\u00a0 \u00e0 hauteur du plafond afin d&rsquo;\u00e9liminer totalement le pont\u00a0 thermique et\u00a0 tous les inconv\u00e9nients qu&rsquo;il\u00a0 engendre.[\/vc_column_text][\/vc_column][\/vc_row][vc_row][vc_column][vc_single_image image=\u00a0\u00bb17168&Prime; img_size=\u00a0\u00bb700&#215;500&Prime;][\/vc_column][\/vc_row]<\/p>\n<\/div>","protected":false},"excerpt":{"rendered":"<p>[vc_row][vc_column][vc_empty_space][vc_empty_space][\/vc_column][\/vc_row][vc_row][vc_column][vc_column_text]Comment peut-on \u00e9viter la formation de moisissures dans les angles? A &#8211; La cuisine est la pi\u00e8ce o\u00f9 l&rsquo;humidit\u00e9 relative est souvent tr\u00e8s haute et si, en cours de construction, le pont\u00a0 thermique n&rsquo;a pas \u00e9t\u00e9 \u00e9limin\u00e9, il peut se produire des probl\u00e8mes de condensation au niveau du plafond et se former des moisissures. B [&hellip;]<\/p>\n","protected":false},"author":2,"featured_media":17372,"parent":19207,"menu_order":0,"comment_status":"closed","ping_status":"closed","template":"page-planning02.php","meta":{"footnotes":""},"class_list":["post-20832","page","type-page","status-publish","has-post-thumbnail","hentry"],"yoast_head":"<!-- This site is optimized with the Yoast SEO plugin v26.2 - https:\/\/yoast.com\/wordpress\/plugins\/seo\/ -->\n<title>Moisissures en cuisine<\/title>\n<meta name=\"description\" content=\"Une conception correcte de la cuisine aide \u00e0 lutter contre la formation de moisissure sur les murs et les coins. D\u00e9couvrez les conseils de Valcucine.\" \/>\n<meta name=\"robots\" content=\"index, follow, max-snippet:-1, max-image-preview:large, max-video-preview:-1\" \/>\n<link rel=\"canonical\" href=\"https:\/\/www.valcucine.com\/fr\/plans\/securite-dans-la-cuisine\/moisissures-dans-la-cuisine\/\" \/>\n<meta property=\"og:locale\" content=\"fr_FR\" \/>\n<meta property=\"og:type\" content=\"article\" \/>\n<meta property=\"og:title\" content=\"Moisissures en cuisine\" \/>\n<meta property=\"og:description\" content=\"Une conception correcte de la cuisine aide \u00e0 lutter contre la formation de moisissure sur les murs et les coins. D\u00e9couvrez les conseils de Valcucine.\" \/>\n<meta property=\"og:url\" content=\"https:\/\/www.valcucine.com\/fr\/plans\/securite-dans-la-cuisine\/moisissures-dans-la-cuisine\/\" \/>\n<meta property=\"og:site_name\" content=\"Valcucine\" \/>\n<meta property=\"article:publisher\" content=\"https:\/\/www.facebook.com\/valcucine\/\" \/>\n<meta property=\"article:modified_time\" content=\"2025-06-04T15:34:41+00:00\" \/>\n<meta property=\"og:image\" content=\"https:\/\/www.valcucine.com\/wp-content\/uploads\/2024\/07\/106_guid-progetto104-e1721643369280.jpg?wsr\" \/>\n\t<meta property=\"og:image:width\" content=\"1188\" \/>\n\t<meta property=\"og:image:height\" content=\"826\" \/>\n\t<meta property=\"og:image:type\" content=\"image\/jpeg\" \/>\n<meta name=\"twitter:card\" content=\"summary_large_image\" \/>\n<meta name=\"twitter:label1\" content=\"Dur\u00e9e de lecture estim\u00e9e\" \/>\n\t<meta name=\"twitter:data1\" content=\"1 minute\" \/>\n<script type=\"application\/ld+json\" class=\"yoast-schema-graph\">{\"@context\":\"https:\/\/schema.org\",\"@graph\":[{\"@type\":\"WebPage\",\"@id\":\"https:\/\/www.valcucine.com\/fr\/plans\/securite-dans-la-cuisine\/moisissures-dans-la-cuisine\/\",\"url\":\"https:\/\/www.valcucine.com\/fr\/plans\/securite-dans-la-cuisine\/moisissures-dans-la-cuisine\/\",\"name\":\"Moisissures en cuisine\",\"isPartOf\":{\"@id\":\"https:\/\/www.valcucine.com\/#website\"},\"primaryImageOfPage\":{\"@id\":\"https:\/\/www.valcucine.com\/fr\/plans\/securite-dans-la-cuisine\/moisissures-dans-la-cuisine\/#primaryimage\"},\"image\":{\"@id\":\"https:\/\/www.valcucine.com\/fr\/plans\/securite-dans-la-cuisine\/moisissures-dans-la-cuisine\/#primaryimage\"},\"thumbnailUrl\":\"https:\/\/www.valcucine.com\/wp-content\/uploads\/2024\/07\/106_guid-progetto104-e1721643369280.jpg?wsr\",\"datePublished\":\"2024-07-22T10:17:06+00:00\",\"dateModified\":\"2025-06-04T15:34:41+00:00\",\"description\":\"Une conception correcte de la cuisine aide \u00e0 lutter contre la formation de moisissure sur les murs et les coins. D\u00e9couvrez les conseils de Valcucine.\",\"breadcrumb\":{\"@id\":\"https:\/\/www.valcucine.com\/fr\/plans\/securite-dans-la-cuisine\/moisissures-dans-la-cuisine\/#breadcrumb\"},\"inLanguage\":\"fr-FR\",\"potentialAction\":[{\"@type\":\"ReadAction\",\"target\":[\"https:\/\/www.valcucine.com\/fr\/plans\/securite-dans-la-cuisine\/moisissures-dans-la-cuisine\/\"]}]},{\"@type\":\"ImageObject\",\"inLanguage\":\"fr-FR\",\"@id\":\"https:\/\/www.valcucine.com\/fr\/plans\/securite-dans-la-cuisine\/moisissures-dans-la-cuisine\/#primaryimage\",\"url\":\"https:\/\/www.valcucine.com\/wp-content\/uploads\/2024\/07\/106_guid-progetto104-e1721643369280.jpg?wsr\",\"contentUrl\":\"https:\/\/www.valcucine.com\/wp-content\/uploads\/2024\/07\/106_guid-progetto104-e1721643369280.jpg?wsr\",\"width\":1188,\"height\":826,\"caption\":\"progettare l'ergonomia nelle cucine e i ponti termici\"},{\"@type\":\"BreadcrumbList\",\"@id\":\"https:\/\/www.valcucine.com\/fr\/plans\/securite-dans-la-cuisine\/moisissures-dans-la-cuisine\/#breadcrumb\",\"itemListElement\":[{\"@type\":\"ListItem\",\"position\":1,\"name\":\"Valcucine\",\"item\":\"https:\/\/www.valcucine.com\/fr\/\"},{\"@type\":\"ListItem\",\"position\":2,\"name\":\"Implantation d&#8217;une cuisine\",\"item\":\"https:\/\/www.valcucine.com\/fr\/plans\/\"},{\"@type\":\"ListItem\",\"position\":3,\"name\":\"La s\u00e9curit\u00e9\",\"item\":\"https:\/\/www.valcucine.com\/fr\/plans\/securite-dans-la-cuisine\/\"},{\"@type\":\"ListItem\",\"position\":4,\"name\":\"Moisissures en cuisine\"}]},{\"@type\":\"WebSite\",\"@id\":\"https:\/\/www.valcucine.com\/#website\",\"url\":\"https:\/\/www.valcucine.com\/\",\"name\":\"Valcucine\",\"description\":\"\",\"publisher\":{\"@id\":\"https:\/\/www.valcucine.com\/#organization\"},\"potentialAction\":[{\"@type\":\"SearchAction\",\"target\":{\"@type\":\"EntryPoint\",\"urlTemplate\":\"https:\/\/www.valcucine.com\/?s={search_term_string}\"},\"query-input\":{\"@type\":\"PropertyValueSpecification\",\"valueRequired\":true,\"valueName\":\"search_term_string\"}}],\"inLanguage\":\"fr-FR\"},{\"@type\":\"Organization\",\"@id\":\"https:\/\/www.valcucine.com\/#organization\",\"name\":\"Valcucine\",\"url\":\"https:\/\/www.valcucine.com\/\",\"logo\":{\"@type\":\"ImageObject\",\"inLanguage\":\"fr-FR\",\"@id\":\"https:\/\/www.valcucine.com\/#\/schema\/logo\/image\/\",\"url\":\"https:\/\/www.valcucine.com\/wp-content\/uploads\/2024\/02\/logo-valcucine.webp?wsr\",\"contentUrl\":\"https:\/\/www.valcucine.com\/wp-content\/uploads\/2024\/02\/logo-valcucine.webp?wsr\",\"width\":288,\"height\":46,\"caption\":\"Valcucine\"},\"image\":{\"@id\":\"https:\/\/www.valcucine.com\/#\/schema\/logo\/image\/\"},\"sameAs\":[\"https:\/\/www.facebook.com\/valcucine\/\",\"https:\/\/www.instagram.com\/valcucine\/\",\"https:\/\/www.linkedin.com\/company\/valcucine\"]}]}<\/script>\n<!-- \/ Yoast SEO plugin. -->","yoast_head_json":{"title":"Moisissures en cuisine","description":"Une conception correcte de la cuisine aide \u00e0 lutter contre la formation de moisissure sur les murs et les coins. D\u00e9couvrez les conseils de Valcucine.","robots":{"index":"index","follow":"follow","max-snippet":"max-snippet:-1","max-image-preview":"max-image-preview:large","max-video-preview":"max-video-preview:-1"},"canonical":"https:\/\/www.valcucine.com\/fr\/plans\/securite-dans-la-cuisine\/moisissures-dans-la-cuisine\/","og_locale":"fr_FR","og_type":"article","og_title":"Moisissures en cuisine","og_description":"Une conception correcte de la cuisine aide \u00e0 lutter contre la formation de moisissure sur les murs et les coins. D\u00e9couvrez les conseils de Valcucine.","og_url":"https:\/\/www.valcucine.com\/fr\/plans\/securite-dans-la-cuisine\/moisissures-dans-la-cuisine\/","og_site_name":"Valcucine","article_publisher":"https:\/\/www.facebook.com\/valcucine\/","article_modified_time":"2025-06-04T15:34:41+00:00","og_image":[{"width":1188,"height":826,"url":"https:\/\/www.valcucine.com\/wp-content\/uploads\/2024\/07\/106_guid-progetto104-e1721643369280.jpg?wsr","type":"image\/jpeg"}],"twitter_card":"summary_large_image","twitter_misc":{"Dur\u00e9e de lecture estim\u00e9e":"1 minute"},"schema":{"@context":"https:\/\/schema.org","@graph":[{"@type":"WebPage","@id":"https:\/\/www.valcucine.com\/fr\/plans\/securite-dans-la-cuisine\/moisissures-dans-la-cuisine\/","url":"https:\/\/www.valcucine.com\/fr\/plans\/securite-dans-la-cuisine\/moisissures-dans-la-cuisine\/","name":"Moisissures en cuisine","isPartOf":{"@id":"https:\/\/www.valcucine.com\/#website"},"primaryImageOfPage":{"@id":"https:\/\/www.valcucine.com\/fr\/plans\/securite-dans-la-cuisine\/moisissures-dans-la-cuisine\/#primaryimage"},"image":{"@id":"https:\/\/www.valcucine.com\/fr\/plans\/securite-dans-la-cuisine\/moisissures-dans-la-cuisine\/#primaryimage"},"thumbnailUrl":"https:\/\/www.valcucine.com\/wp-content\/uploads\/2024\/07\/106_guid-progetto104-e1721643369280.jpg?wsr","datePublished":"2024-07-22T10:17:06+00:00","dateModified":"2025-06-04T15:34:41+00:00","description":"Une conception correcte de la cuisine aide \u00e0 lutter contre la formation de moisissure sur les murs et les coins. D\u00e9couvrez les conseils de Valcucine.","breadcrumb":{"@id":"https:\/\/www.valcucine.com\/fr\/plans\/securite-dans-la-cuisine\/moisissures-dans-la-cuisine\/#breadcrumb"},"inLanguage":"fr-FR","potentialAction":[{"@type":"ReadAction","target":["https:\/\/www.valcucine.com\/fr\/plans\/securite-dans-la-cuisine\/moisissures-dans-la-cuisine\/"]}]},{"@type":"ImageObject","inLanguage":"fr-FR","@id":"https:\/\/www.valcucine.com\/fr\/plans\/securite-dans-la-cuisine\/moisissures-dans-la-cuisine\/#primaryimage","url":"https:\/\/www.valcucine.com\/wp-content\/uploads\/2024\/07\/106_guid-progetto104-e1721643369280.jpg?wsr","contentUrl":"https:\/\/www.valcucine.com\/wp-content\/uploads\/2024\/07\/106_guid-progetto104-e1721643369280.jpg?wsr","width":1188,"height":826,"caption":"progettare l'ergonomia nelle cucine e i ponti termici"},{"@type":"BreadcrumbList","@id":"https:\/\/www.valcucine.com\/fr\/plans\/securite-dans-la-cuisine\/moisissures-dans-la-cuisine\/#breadcrumb","itemListElement":[{"@type":"ListItem","position":1,"name":"Valcucine","item":"https:\/\/www.valcucine.com\/fr\/"},{"@type":"ListItem","position":2,"name":"Implantation d&#8217;une cuisine","item":"https:\/\/www.valcucine.com\/fr\/plans\/"},{"@type":"ListItem","position":3,"name":"La s\u00e9curit\u00e9","item":"https:\/\/www.valcucine.com\/fr\/plans\/securite-dans-la-cuisine\/"},{"@type":"ListItem","position":4,"name":"Moisissures en cuisine"}]},{"@type":"WebSite","@id":"https:\/\/www.valcucine.com\/#website","url":"https:\/\/www.valcucine.com\/","name":"Valcucine","description":"","publisher":{"@id":"https:\/\/www.valcucine.com\/#organization"},"potentialAction":[{"@type":"SearchAction","target":{"@type":"EntryPoint","urlTemplate":"https:\/\/www.valcucine.com\/?s={search_term_string}"},"query-input":{"@type":"PropertyValueSpecification","valueRequired":true,"valueName":"search_term_string"}}],"inLanguage":"fr-FR"},{"@type":"Organization","@id":"https:\/\/www.valcucine.com\/#organization","name":"Valcucine","url":"https:\/\/www.valcucine.com\/","logo":{"@type":"ImageObject","inLanguage":"fr-FR","@id":"https:\/\/www.valcucine.com\/#\/schema\/logo\/image\/","url":"https:\/\/www.valcucine.com\/wp-content\/uploads\/2024\/02\/logo-valcucine.webp?wsr","contentUrl":"https:\/\/www.valcucine.com\/wp-content\/uploads\/2024\/02\/logo-valcucine.webp?wsr","width":288,"height":46,"caption":"Valcucine"},"image":{"@id":"https:\/\/www.valcucine.com\/#\/schema\/logo\/image\/"},"sameAs":["https:\/\/www.facebook.com\/valcucine\/","https:\/\/www.instagram.com\/valcucine\/","https:\/\/www.linkedin.com\/company\/valcucine"]}]}},"_links":{"self":[{"href":"https:\/\/www.valcucine.com\/fr\/wp-json\/wp\/v2\/pages\/20832","targetHints":{"allow":["GET"]}}],"collection":[{"href":"https:\/\/www.valcucine.com\/fr\/wp-json\/wp\/v2\/pages"}],"about":[{"href":"https:\/\/www.valcucine.com\/fr\/wp-json\/wp\/v2\/types\/page"}],"author":[{"embeddable":true,"href":"https:\/\/www.valcucine.com\/fr\/wp-json\/wp\/v2\/users\/2"}],"replies":[{"embeddable":true,"href":"https:\/\/www.valcucine.com\/fr\/wp-json\/wp\/v2\/comments?post=20832"}],"version-history":[{"count":2,"href":"https:\/\/www.valcucine.com\/fr\/wp-json\/wp\/v2\/pages\/20832\/revisions"}],"predecessor-version":[{"id":21870,"href":"https:\/\/www.valcucine.com\/fr\/wp-json\/wp\/v2\/pages\/20832\/revisions\/21870"}],"up":[{"embeddable":true,"href":"https:\/\/www.valcucine.com\/fr\/wp-json\/wp\/v2\/pages\/19207"}],"wp:featuredmedia":[{"embeddable":true,"href":"https:\/\/www.valcucine.com\/fr\/wp-json\/wp\/v2\/media\/17372"}],"wp:attachment":[{"href":"https:\/\/www.valcucine.com\/fr\/wp-json\/wp\/v2\/media?parent=20832"}],"curies":[{"name":"wp","href":"https:\/\/api.w.org\/{rel}","templated":true}]}}