{"id":20840,"date":"2024-07-22T08:31:18","date_gmt":"2024-07-22T08:31:18","guid":{"rendered":"https:\/\/devel.valcucine.com\/plans\/espace-et-dimensions\/lunghezza-parete-cucina\/"},"modified":"2025-06-04T15:16:50","modified_gmt":"2025-06-04T15:16:50","slug":"mesure-de-la-longueur-du-mur-de-la-cuisine","status":"publish","type":"page","link":"https:\/\/www.valcucine.com\/fr\/plans\/espace-et-dimensions\/mesure-de-la-longueur-du-mur-de-la-cuisine\/","title":{"rendered":"Longueur du mur"},"content":{"rendered":"<div class=\"wpb-content-wrapper\"><p>[vc_row][vc_column][vc_empty_space]\n        \n        <h1 class=\"text-start  main__title__h1  \" style=\"color:#333333;\"> \n\n         Longueur du mur\n        \n        <\/h1>[vc_empty_space][vc_column_text]<strong>Comment calculer la longueur du mur contre lequel la cuisine sera agenc\u00e9e?<\/strong><\/p>\n<p>Pour calculer la longueur que doit avoir le mur pour l&rsquo;agencement de la cuisine sans avoir recours \u00e0 des meubles hors standard toujours plus co\u00fbteux, il est avant tout n\u00e9cessaire de rappeler qu&rsquo;une cuisine est form\u00e9e de modules qui sont des multiples de 15.<br \/>\nPour \u00e9viter de gaspiller de l&rsquo;argent ou d&rsquo;effectuer des travaux de ma\u00e7onnerie sur mesure, la pi\u00e8ce pr\u00e9vue pour l&rsquo;installation de la cuisine devra, elle aussi, \u00eatre con\u00e7ue avec des dimensions multiples de 15.<br \/>\nEn outre, il faudra toujours pr\u00e9voir 1 cm de tol\u00e9rance de chaque c\u00f4t\u00e9 des meubles et 1 cm de plus en profondeur si l&rsquo;on a pr\u00e9vu de coller un carrelage sur le mur brut.<br \/>\nPour installer correctement un r\u00e9frig\u00e9rateur en fin de composition, pr\u00e9voir 5 cm de plus pour pouvoir ouvrir enti\u00e8rement la porte dot\u00e9e d&rsquo;une poign\u00e9e horizontale ; 10*cm de plus si l&rsquo;on choisit un r\u00e9frig\u00e9rateur avec porte bomb\u00e9e ; 20*cm de plus si l&rsquo;on choisit un r\u00e9frig\u00e9rateur en pose libre type am\u00e9ricain.<br \/>\nLa profondeur des r\u00e9frig\u00e9rateurs en pose libre varie en fonction du litrage. Pour les r\u00e9frig\u00e9rateurs type am\u00e9ricain avec distributeur automatique d&rsquo;eau et de gla\u00e7ons, il faudra \u00e9galement tenir compte de l&rsquo;encombrement \u00e9ventuel d&rsquo;un robinet \u00e0 installer sur le c\u00f4t\u00e9 de l&rsquo;appareil.<\/p>\n<p>*Dimensions indicatives qui devront \u00eatre v\u00e9rifi\u00e9es en fonction du type d&rsquo;\u00e9lectrom\u00e9nager choisi.[\/vc_column_text][\/vc_column][\/vc_row][vc_row][vc_column][vc_column_text]\u00c0 proximit\u00e9 de l&rsquo;angle de la cuisine, il est n\u00e9cessaire d&rsquo;ajouter \u00e0 la profondeur des \u00e9l\u00e9ments bas, la dimension du filler d&rsquo;angle (X), utile pour faciliter l&rsquo;ouverture des portes. Il est g\u00e9n\u00e9ralement pr\u00e9f\u00e9rable d&rsquo;utiliser une porte avec bouton et une porte avec poign\u00e9e horizontale. Si l&rsquo;on souhaite installer deux portes avec poign\u00e9e horizontale, il faudra tenir compte qu&rsquo;elles se g\u00eanent quand on les ouvre et il faudra donc calculer la dimension du filler d&rsquo;angle. En g\u00e9n\u00e9ral, la dimension du filler d&rsquo;angle (X) est, pour la plupart des cuisines, de 5 cm.\u200b[\/vc_column_text][\/vc_column][\/vc_row][vc_row][vc_column][vc_single_image image=\u00a0\u00bb17476&Prime; img_size=\u00a0\u00bb800&#215;600&Prime;][\/vc_column][\/vc_row]<\/p>\n<\/div>","protected":false},"excerpt":{"rendered":"<p>[vc_row][vc_column][vc_empty_space][vc_empty_space][vc_column_text]Comment calculer la longueur du mur contre lequel la cuisine sera agenc\u00e9e? Pour calculer la longueur que doit avoir le mur pour l&rsquo;agencement de la cuisine sans avoir recours \u00e0 des meubles hors standard toujours plus co\u00fbteux, il est avant tout n\u00e9cessaire de rappeler qu&rsquo;une cuisine est form\u00e9e de modules qui sont des multiples de [&hellip;]<\/p>\n","protected":false},"author":2,"featured_media":17251,"parent":19210,"menu_order":0,"comment_status":"closed","ping_status":"closed","template":"page-planning02.php","meta":{"footnotes":""},"class_list":["post-20840","page","type-page","status-publish","has-post-thumbnail","hentry"],"yoast_head":"<!-- This site is optimized with the Yoast SEO plugin v26.2 - https:\/\/yoast.com\/wordpress\/plugins\/seo\/ -->\n<title>Longueur du mur Valcucine<\/title>\n<meta name=\"description\" content=\"Pour calculer la longueur d\u2019un mur qui doit contenir les \u00e9l\u00e9ments d\u2019une cuisine, il faut tout d\u2019abord se rappeler qu\u2019une cuisine est form\u00e9e de plusieurs modules de 15cm.\" \/>\n<meta name=\"robots\" content=\"index, follow, max-snippet:-1, max-image-preview:large, max-video-preview:-1\" \/>\n<link rel=\"canonical\" href=\"https:\/\/www.valcucine.com\/fr\/plans\/espace-et-dimensions\/mesure-de-la-longueur-du-mur-de-la-cuisine\/\" \/>\n<meta property=\"og:locale\" content=\"fr_FR\" \/>\n<meta property=\"og:type\" content=\"article\" \/>\n<meta property=\"og:title\" content=\"Longueur du mur Valcucine\" \/>\n<meta property=\"og:description\" content=\"Pour calculer la longueur d\u2019un mur qui doit contenir les \u00e9l\u00e9ments d\u2019une cuisine, il faut tout d\u2019abord se rappeler qu\u2019une cuisine est form\u00e9e de plusieurs modules de 15cm.\" \/>\n<meta property=\"og:url\" content=\"https:\/\/www.valcucine.com\/fr\/plans\/espace-et-dimensions\/mesure-de-la-longueur-du-mur-de-la-cuisine\/\" \/>\n<meta property=\"og:site_name\" content=\"Valcucine\" \/>\n<meta property=\"article:publisher\" content=\"https:\/\/www.facebook.com\/valcucine\/\" \/>\n<meta property=\"article:modified_time\" content=\"2025-06-04T15:16:50+00:00\" \/>\n<meta property=\"og:image\" content=\"https:\/\/www.valcucine.com\/wp-content\/uploads\/2024\/07\/111_guid_progetto90-1-e1721729156235.jpg?wsr\" \/>\n\t<meta property=\"og:image:width\" content=\"1188\" \/>\n\t<meta property=\"og:image:height\" content=\"826\" \/>\n\t<meta property=\"og:image:type\" content=\"image\/jpeg\" \/>\n<meta name=\"twitter:card\" content=\"summary_large_image\" \/>\n<meta name=\"twitter:label1\" content=\"Dur\u00e9e de lecture estim\u00e9e\" \/>\n\t<meta name=\"twitter:data1\" content=\"2 minutes\" \/>\n<script type=\"application\/ld+json\" class=\"yoast-schema-graph\">{\"@context\":\"https:\/\/schema.org\",\"@graph\":[{\"@type\":\"WebPage\",\"@id\":\"https:\/\/www.valcucine.com\/fr\/plans\/espace-et-dimensions\/mesure-de-la-longueur-du-mur-de-la-cuisine\/\",\"url\":\"https:\/\/www.valcucine.com\/fr\/plans\/espace-et-dimensions\/mesure-de-la-longueur-du-mur-de-la-cuisine\/\",\"name\":\"Longueur du mur Valcucine\",\"isPartOf\":{\"@id\":\"https:\/\/www.valcucine.com\/#website\"},\"primaryImageOfPage\":{\"@id\":\"https:\/\/www.valcucine.com\/fr\/plans\/espace-et-dimensions\/mesure-de-la-longueur-du-mur-de-la-cuisine\/#primaryimage\"},\"image\":{\"@id\":\"https:\/\/www.valcucine.com\/fr\/plans\/espace-et-dimensions\/mesure-de-la-longueur-du-mur-de-la-cuisine\/#primaryimage\"},\"thumbnailUrl\":\"https:\/\/www.valcucine.com\/wp-content\/uploads\/2024\/07\/111_guid_progetto90-1-e1721729156235.jpg?wsr\",\"datePublished\":\"2024-07-22T08:31:18+00:00\",\"dateModified\":\"2025-06-04T15:16:50+00:00\",\"description\":\"Pour calculer la longueur d\u2019un mur qui doit contenir les \u00e9l\u00e9ments d\u2019une cuisine, il faut tout d\u2019abord se rappeler qu\u2019une cuisine est form\u00e9e de plusieurs modules de 15cm.\",\"breadcrumb\":{\"@id\":\"https:\/\/www.valcucine.com\/fr\/plans\/espace-et-dimensions\/mesure-de-la-longueur-du-mur-de-la-cuisine\/#breadcrumb\"},\"inLanguage\":\"fr-FR\",\"potentialAction\":[{\"@type\":\"ReadAction\",\"target\":[\"https:\/\/www.valcucine.com\/fr\/plans\/espace-et-dimensions\/mesure-de-la-longueur-du-mur-de-la-cuisine\/\"]}]},{\"@type\":\"ImageObject\",\"inLanguage\":\"fr-FR\",\"@id\":\"https:\/\/www.valcucine.com\/fr\/plans\/espace-et-dimensions\/mesure-de-la-longueur-du-mur-de-la-cuisine\/#primaryimage\",\"url\":\"https:\/\/www.valcucine.com\/wp-content\/uploads\/2024\/07\/111_guid_progetto90-1-e1721729156235.jpg?wsr\",\"contentUrl\":\"https:\/\/www.valcucine.com\/wp-content\/uploads\/2024\/07\/111_guid_progetto90-1-e1721729156235.jpg?wsr\",\"width\":1188,\"height\":826,\"caption\":\"Lunghezza parete cucina\"},{\"@type\":\"BreadcrumbList\",\"@id\":\"https:\/\/www.valcucine.com\/fr\/plans\/espace-et-dimensions\/mesure-de-la-longueur-du-mur-de-la-cuisine\/#breadcrumb\",\"itemListElement\":[{\"@type\":\"ListItem\",\"position\":1,\"name\":\"Valcucine\",\"item\":\"https:\/\/www.valcucine.com\/fr\/\"},{\"@type\":\"ListItem\",\"position\":2,\"name\":\"Implantation d&#8217;une cuisine\",\"item\":\"https:\/\/www.valcucine.com\/fr\/plans\/\"},{\"@type\":\"ListItem\",\"position\":3,\"name\":\"Encombrements et dimensions\",\"item\":\"https:\/\/www.valcucine.com\/fr\/plans\/espace-et-dimensions\/\"},{\"@type\":\"ListItem\",\"position\":4,\"name\":\"Longueur du mur\"}]},{\"@type\":\"WebSite\",\"@id\":\"https:\/\/www.valcucine.com\/#website\",\"url\":\"https:\/\/www.valcucine.com\/\",\"name\":\"Valcucine\",\"description\":\"\",\"publisher\":{\"@id\":\"https:\/\/www.valcucine.com\/#organization\"},\"potentialAction\":[{\"@type\":\"SearchAction\",\"target\":{\"@type\":\"EntryPoint\",\"urlTemplate\":\"https:\/\/www.valcucine.com\/?s={search_term_string}\"},\"query-input\":{\"@type\":\"PropertyValueSpecification\",\"valueRequired\":true,\"valueName\":\"search_term_string\"}}],\"inLanguage\":\"fr-FR\"},{\"@type\":\"Organization\",\"@id\":\"https:\/\/www.valcucine.com\/#organization\",\"name\":\"Valcucine\",\"url\":\"https:\/\/www.valcucine.com\/\",\"logo\":{\"@type\":\"ImageObject\",\"inLanguage\":\"fr-FR\",\"@id\":\"https:\/\/www.valcucine.com\/#\/schema\/logo\/image\/\",\"url\":\"https:\/\/www.valcucine.com\/wp-content\/uploads\/2024\/02\/logo-valcucine.webp?wsr\",\"contentUrl\":\"https:\/\/www.valcucine.com\/wp-content\/uploads\/2024\/02\/logo-valcucine.webp?wsr\",\"width\":288,\"height\":46,\"caption\":\"Valcucine\"},\"image\":{\"@id\":\"https:\/\/www.valcucine.com\/#\/schema\/logo\/image\/\"},\"sameAs\":[\"https:\/\/www.facebook.com\/valcucine\/\",\"https:\/\/www.instagram.com\/valcucine\/\",\"https:\/\/www.linkedin.com\/company\/valcucine\"]}]}<\/script>\n<!-- \/ Yoast SEO plugin. -->","yoast_head_json":{"title":"Longueur du mur Valcucine","description":"Pour calculer la longueur d\u2019un mur qui doit contenir les \u00e9l\u00e9ments d\u2019une cuisine, il faut tout d\u2019abord se rappeler qu\u2019une cuisine est form\u00e9e de plusieurs modules de 15cm.","robots":{"index":"index","follow":"follow","max-snippet":"max-snippet:-1","max-image-preview":"max-image-preview:large","max-video-preview":"max-video-preview:-1"},"canonical":"https:\/\/www.valcucine.com\/fr\/plans\/espace-et-dimensions\/mesure-de-la-longueur-du-mur-de-la-cuisine\/","og_locale":"fr_FR","og_type":"article","og_title":"Longueur du mur Valcucine","og_description":"Pour calculer la longueur d\u2019un mur qui doit contenir les \u00e9l\u00e9ments d\u2019une cuisine, il faut tout d\u2019abord se rappeler qu\u2019une cuisine est form\u00e9e de plusieurs modules de 15cm.","og_url":"https:\/\/www.valcucine.com\/fr\/plans\/espace-et-dimensions\/mesure-de-la-longueur-du-mur-de-la-cuisine\/","og_site_name":"Valcucine","article_publisher":"https:\/\/www.facebook.com\/valcucine\/","article_modified_time":"2025-06-04T15:16:50+00:00","og_image":[{"width":1188,"height":826,"url":"https:\/\/www.valcucine.com\/wp-content\/uploads\/2024\/07\/111_guid_progetto90-1-e1721729156235.jpg?wsr","type":"image\/jpeg"}],"twitter_card":"summary_large_image","twitter_misc":{"Dur\u00e9e de lecture estim\u00e9e":"2 minutes"},"schema":{"@context":"https:\/\/schema.org","@graph":[{"@type":"WebPage","@id":"https:\/\/www.valcucine.com\/fr\/plans\/espace-et-dimensions\/mesure-de-la-longueur-du-mur-de-la-cuisine\/","url":"https:\/\/www.valcucine.com\/fr\/plans\/espace-et-dimensions\/mesure-de-la-longueur-du-mur-de-la-cuisine\/","name":"Longueur du mur Valcucine","isPartOf":{"@id":"https:\/\/www.valcucine.com\/#website"},"primaryImageOfPage":{"@id":"https:\/\/www.valcucine.com\/fr\/plans\/espace-et-dimensions\/mesure-de-la-longueur-du-mur-de-la-cuisine\/#primaryimage"},"image":{"@id":"https:\/\/www.valcucine.com\/fr\/plans\/espace-et-dimensions\/mesure-de-la-longueur-du-mur-de-la-cuisine\/#primaryimage"},"thumbnailUrl":"https:\/\/www.valcucine.com\/wp-content\/uploads\/2024\/07\/111_guid_progetto90-1-e1721729156235.jpg?wsr","datePublished":"2024-07-22T08:31:18+00:00","dateModified":"2025-06-04T15:16:50+00:00","description":"Pour calculer la longueur d\u2019un mur qui doit contenir les \u00e9l\u00e9ments d\u2019une cuisine, il faut tout d\u2019abord se rappeler qu\u2019une cuisine est form\u00e9e de plusieurs modules de 15cm.","breadcrumb":{"@id":"https:\/\/www.valcucine.com\/fr\/plans\/espace-et-dimensions\/mesure-de-la-longueur-du-mur-de-la-cuisine\/#breadcrumb"},"inLanguage":"fr-FR","potentialAction":[{"@type":"ReadAction","target":["https:\/\/www.valcucine.com\/fr\/plans\/espace-et-dimensions\/mesure-de-la-longueur-du-mur-de-la-cuisine\/"]}]},{"@type":"ImageObject","inLanguage":"fr-FR","@id":"https:\/\/www.valcucine.com\/fr\/plans\/espace-et-dimensions\/mesure-de-la-longueur-du-mur-de-la-cuisine\/#primaryimage","url":"https:\/\/www.valcucine.com\/wp-content\/uploads\/2024\/07\/111_guid_progetto90-1-e1721729156235.jpg?wsr","contentUrl":"https:\/\/www.valcucine.com\/wp-content\/uploads\/2024\/07\/111_guid_progetto90-1-e1721729156235.jpg?wsr","width":1188,"height":826,"caption":"Lunghezza parete cucina"},{"@type":"BreadcrumbList","@id":"https:\/\/www.valcucine.com\/fr\/plans\/espace-et-dimensions\/mesure-de-la-longueur-du-mur-de-la-cuisine\/#breadcrumb","itemListElement":[{"@type":"ListItem","position":1,"name":"Valcucine","item":"https:\/\/www.valcucine.com\/fr\/"},{"@type":"ListItem","position":2,"name":"Implantation d&#8217;une cuisine","item":"https:\/\/www.valcucine.com\/fr\/plans\/"},{"@type":"ListItem","position":3,"name":"Encombrements et dimensions","item":"https:\/\/www.valcucine.com\/fr\/plans\/espace-et-dimensions\/"},{"@type":"ListItem","position":4,"name":"Longueur du mur"}]},{"@type":"WebSite","@id":"https:\/\/www.valcucine.com\/#website","url":"https:\/\/www.valcucine.com\/","name":"Valcucine","description":"","publisher":{"@id":"https:\/\/www.valcucine.com\/#organization"},"potentialAction":[{"@type":"SearchAction","target":{"@type":"EntryPoint","urlTemplate":"https:\/\/www.valcucine.com\/?s={search_term_string}"},"query-input":{"@type":"PropertyValueSpecification","valueRequired":true,"valueName":"search_term_string"}}],"inLanguage":"fr-FR"},{"@type":"Organization","@id":"https:\/\/www.valcucine.com\/#organization","name":"Valcucine","url":"https:\/\/www.valcucine.com\/","logo":{"@type":"ImageObject","inLanguage":"fr-FR","@id":"https:\/\/www.valcucine.com\/#\/schema\/logo\/image\/","url":"https:\/\/www.valcucine.com\/wp-content\/uploads\/2024\/02\/logo-valcucine.webp?wsr","contentUrl":"https:\/\/www.valcucine.com\/wp-content\/uploads\/2024\/02\/logo-valcucine.webp?wsr","width":288,"height":46,"caption":"Valcucine"},"image":{"@id":"https:\/\/www.valcucine.com\/#\/schema\/logo\/image\/"},"sameAs":["https:\/\/www.facebook.com\/valcucine\/","https:\/\/www.instagram.com\/valcucine\/","https:\/\/www.linkedin.com\/company\/valcucine"]}]}},"_links":{"self":[{"href":"https:\/\/www.valcucine.com\/fr\/wp-json\/wp\/v2\/pages\/20840","targetHints":{"allow":["GET"]}}],"collection":[{"href":"https:\/\/www.valcucine.com\/fr\/wp-json\/wp\/v2\/pages"}],"about":[{"href":"https:\/\/www.valcucine.com\/fr\/wp-json\/wp\/v2\/types\/page"}],"author":[{"embeddable":true,"href":"https:\/\/www.valcucine.com\/fr\/wp-json\/wp\/v2\/users\/2"}],"replies":[{"embeddable":true,"href":"https:\/\/www.valcucine.com\/fr\/wp-json\/wp\/v2\/comments?post=20840"}],"version-history":[{"count":2,"href":"https:\/\/www.valcucine.com\/fr\/wp-json\/wp\/v2\/pages\/20840\/revisions"}],"predecessor-version":[{"id":20842,"href":"https:\/\/www.valcucine.com\/fr\/wp-json\/wp\/v2\/pages\/20840\/revisions\/20842"}],"up":[{"embeddable":true,"href":"https:\/\/www.valcucine.com\/fr\/wp-json\/wp\/v2\/pages\/19210"}],"wp:featuredmedia":[{"embeddable":true,"href":"https:\/\/www.valcucine.com\/fr\/wp-json\/wp\/v2\/media\/17251"}],"wp:attachment":[{"href":"https:\/\/www.valcucine.com\/fr\/wp-json\/wp\/v2\/media?parent=20840"}],"curies":[{"name":"wp","href":"https:\/\/api.w.org\/{rel}","templated":true}]}}