{"id":20847,"date":"2024-07-22T08:56:24","date_gmt":"2024-07-22T08:56:24","guid":{"rendered":"https:\/\/devel.valcucine.com\/plans\/espace-et-dimensions\/finestra-cucina\/"},"modified":"2025-06-04T15:12:26","modified_gmt":"2025-06-04T15:12:26","slug":"fenetre-de-cuisine","status":"publish","type":"page","link":"https:\/\/www.valcucine.com\/fr\/plans\/espace-et-dimensions\/fenetre-de-cuisine\/","title":{"rendered":"Hauteur de la fen\u00eatre dans la zone de l&rsquo;\u00e9vier"},"content":{"rendered":"<div class=\"wpb-content-wrapper\"><p>[vc_row][vc_column][vc_empty_space]\n        \n        <h1 class=\"text-start  main__title__h1  \" style=\"color:#333333;\"> \n\n         Hauteur de la fen\u00eatre dans la zone de l'\u00e9vier\n        \n        <\/h1>[vc_empty_space][vc_empty_space][vc_column_text]<strong>\u00c0 quelle hauteur le rebord de fen\u00eatre doit-il se trouver?<br \/>\n\u200b<\/strong>Pur \u00e9viter que le rebord de fen\u00eatre soit une contrainte dans le choix de la hauteur de la cuisine, il est n\u00e9cessaire de le d\u00e9terminer au pr\u00e9alable, en suivant ces quelques conseils.<br \/>\nLa hauteur du rebord de fen\u00eatre (Y) se calcule en ajoutant \u00e0 la hauteur de la cuisine (J), une marge de 3 cm jusqu&rsquo;\u00e0 l&rsquo;appui du rebord ou bien une marge de 25 cm si l&rsquo;on choisit d&rsquo;installer sous la fen\u00eatre le canal \u00e9quip\u00e9 avec \u00e9gouttoir (25 cm est la dimension moyenne de l&rsquo;encombrement des assiettes rang\u00e9es dans l&rsquo;\u00e9gouttoir du canal \u00e9quip\u00e9).<br \/>\nLa hauteur (J) de la cuisine varie en fonction de la hauteur du plan de travail depuis le sol et de la pr\u00e9sence du canal \u00e9quip\u00e9 ou de la rehausse.<br \/>\nLa hauteur du rebord de fen\u00eatre est ainsi d\u00e9termin\u00e9e :<br \/>\nY=J+3 cm ou bien Y=J+25 cm.[\/vc_column_text][\/vc_column][\/vc_row][vc_row][vc_column][vc_single_image image=\u00a0\u00bb17280&Prime; img_size=\u00a0\u00bb600&#215;600&Prime;][\/vc_column][\/vc_row][vc_row][vc_column][vc_column_text]<strong>Comment concevoir une zone de lavage sous la fen\u00eatre?<\/strong><br \/>\nSi l&rsquo;on choisit d&rsquo;installer l&rsquo;\u00e9vier sous une fen\u00eatre, on aura une plus belle vue alors que le travail devient plus agr\u00e9able et donc moins fatigant. Tr\u00e8s souvent, on renonce \u00e0 la fonctionnalit\u00e9 et \u00e0 l&rsquo;esth\u00e9tique de l&rsquo;\u00e9vier sous la fen\u00eatre parce qu&rsquo;il se pose le probl\u00e8me de l&rsquo;installation de l&rsquo;\u00e9gouttoir (qui, en r\u00e9alit\u00e9, avec l&rsquo;utilisation du lave-vaisselle, est superflu).<br \/>\nValcucine propose deux solutions: l&rsquo;\u00e9gouttoir dans le canal \u00e9quip\u00e9 ou bien l&rsquo;\u00e9gouttoir coulissant am\u00e9nag\u00e9 dans un \u00e9l\u00e9ment bas install\u00e9 contre l&rsquo;\u00e9l\u00e9ment sous-\u00e9vier.<br \/>\nSi l&rsquo;on choisit d&rsquo;installer l&rsquo;\u00e9vier sous la fen\u00eatre, il faudra veiller \u00e0 ce que le battant ne heurte pas contre le robinet. Il existe trois solutions possibles pour \u00e9viter tel inconv\u00e9nient :<br \/>\nA &#8211; en installant des fen\u00eatres qui coulissent horizontalement ou verticalement ;<br \/>\nB &#8211; en installant le robinet parfaitement dans l&rsquo;axe d&rsquo;ouverture des fen\u00eatres \u00e0 battant ;<br \/>\nC &#8211; en\u00a0 installant\u00a0 un\u00a0 robinet\u00a0 basculant\u00a0 s&rsquo;il\u00a0 n&rsquo;est\u00a0 pas\u00a0 parfaitement\u00a0 install\u00e9\u00a0 dans\u00a0 l&rsquo;axe\u00a0 d&rsquo;ouverture\u00a0 des\u00a0 fen\u00eatres. Dans ce cas, il faudra consid\u00e9rer un encombrement d&rsquo;environ 13 cm, correspondant au robinet repli\u00e9, pour calculer la hauteur du rebord de fen\u00eatre.\u200b[\/vc_column_text][\/vc_column][\/vc_row][vc_row][vc_column][vc_single_image image=\u00a0\u00bb21850&Prime; img_size=\u00a0\u00bb1000&#215;600&Prime;][\/vc_column][\/vc_row]<\/p>\n<\/div>","protected":false},"excerpt":{"rendered":"<p>[vc_row][vc_column][vc_empty_space][vc_empty_space][vc_empty_space][vc_column_text]\u00c0 quelle hauteur le rebord de fen\u00eatre doit-il se trouver? \u200bPur \u00e9viter que le rebord de fen\u00eatre soit une contrainte dans le choix de la hauteur de la cuisine, il est n\u00e9cessaire de le d\u00e9terminer au pr\u00e9alable, en suivant ces quelques conseils. La hauteur du rebord de fen\u00eatre (Y) se calcule en ajoutant \u00e0 la [&hellip;]<\/p>\n","protected":false},"author":2,"featured_media":17290,"parent":19210,"menu_order":0,"comment_status":"closed","ping_status":"closed","template":"page-planning02.php","meta":{"footnotes":""},"class_list":["post-20847","page","type-page","status-publish","has-post-thumbnail","hentry"],"yoast_head":"<!-- This site is optimized with the Yoast SEO plugin v26.2 - https:\/\/yoast.com\/wordpress\/plugins\/seo\/ -->\n<title>Hauteur de la fen\u00eatre dans la zone de l&#039;\u00e9vier<\/title>\n<meta name=\"description\" content=\"D\u00e9couvrez sur Valcucine comment concevoir une cuisine avec l\u2019\u00e9vier sous la fen\u00eatre. D\u00e9couvrez quelle hauteur doit avoir la fen\u00eatre dans la cuisine.\" \/>\n<meta name=\"robots\" content=\"index, follow, max-snippet:-1, max-image-preview:large, max-video-preview:-1\" \/>\n<link rel=\"canonical\" href=\"https:\/\/www.valcucine.com\/fr\/plans\/espace-et-dimensions\/fenetre-de-cuisine\/\" \/>\n<meta property=\"og:locale\" content=\"fr_FR\" \/>\n<meta property=\"og:type\" content=\"article\" \/>\n<meta property=\"og:title\" content=\"Hauteur de la fen\u00eatre dans la zone de l&#039;\u00e9vier\" \/>\n<meta property=\"og:description\" content=\"D\u00e9couvrez sur Valcucine comment concevoir une cuisine avec l\u2019\u00e9vier sous la fen\u00eatre. D\u00e9couvrez quelle hauteur doit avoir la fen\u00eatre dans la cuisine.\" \/>\n<meta property=\"og:url\" content=\"https:\/\/www.valcucine.com\/fr\/plans\/espace-et-dimensions\/fenetre-de-cuisine\/\" \/>\n<meta property=\"og:site_name\" content=\"Valcucine\" \/>\n<meta property=\"article:publisher\" content=\"https:\/\/www.facebook.com\/valcucine\/\" \/>\n<meta property=\"article:modified_time\" content=\"2025-06-04T15:12:26+00:00\" \/>\n<meta property=\"og:image\" content=\"https:\/\/www.valcucine.com\/wp-content\/uploads\/2024\/07\/109_guid_progetto97-e1721728873266.jpg?wsr\" \/>\n\t<meta property=\"og:image:width\" content=\"1188\" \/>\n\t<meta property=\"og:image:height\" content=\"826\" \/>\n\t<meta property=\"og:image:type\" content=\"image\/jpeg\" \/>\n<meta name=\"twitter:card\" content=\"summary_large_image\" \/>\n<meta name=\"twitter:label1\" content=\"Dur\u00e9e de lecture estim\u00e9e\" \/>\n\t<meta name=\"twitter:data1\" content=\"3 minutes\" \/>\n<script type=\"application\/ld+json\" class=\"yoast-schema-graph\">{\"@context\":\"https:\/\/schema.org\",\"@graph\":[{\"@type\":\"WebPage\",\"@id\":\"https:\/\/www.valcucine.com\/fr\/plans\/espace-et-dimensions\/fenetre-de-cuisine\/\",\"url\":\"https:\/\/www.valcucine.com\/fr\/plans\/espace-et-dimensions\/fenetre-de-cuisine\/\",\"name\":\"Hauteur de la fen\u00eatre dans la zone de l'\u00e9vier\",\"isPartOf\":{\"@id\":\"https:\/\/www.valcucine.com\/#website\"},\"primaryImageOfPage\":{\"@id\":\"https:\/\/www.valcucine.com\/fr\/plans\/espace-et-dimensions\/fenetre-de-cuisine\/#primaryimage\"},\"image\":{\"@id\":\"https:\/\/www.valcucine.com\/fr\/plans\/espace-et-dimensions\/fenetre-de-cuisine\/#primaryimage\"},\"thumbnailUrl\":\"https:\/\/www.valcucine.com\/wp-content\/uploads\/2024\/07\/109_guid_progetto97-e1721728873266.jpg?wsr\",\"datePublished\":\"2024-07-22T08:56:24+00:00\",\"dateModified\":\"2025-06-04T15:12:26+00:00\",\"description\":\"D\u00e9couvrez sur Valcucine comment concevoir une cuisine avec l\u2019\u00e9vier sous la fen\u00eatre. D\u00e9couvrez quelle hauteur doit avoir la fen\u00eatre dans la cuisine.\",\"breadcrumb\":{\"@id\":\"https:\/\/www.valcucine.com\/fr\/plans\/espace-et-dimensions\/fenetre-de-cuisine\/#breadcrumb\"},\"inLanguage\":\"fr-FR\",\"potentialAction\":[{\"@type\":\"ReadAction\",\"target\":[\"https:\/\/www.valcucine.com\/fr\/plans\/espace-et-dimensions\/fenetre-de-cuisine\/\"]}]},{\"@type\":\"ImageObject\",\"inLanguage\":\"fr-FR\",\"@id\":\"https:\/\/www.valcucine.com\/fr\/plans\/espace-et-dimensions\/fenetre-de-cuisine\/#primaryimage\",\"url\":\"https:\/\/www.valcucine.com\/wp-content\/uploads\/2024\/07\/109_guid_progetto97-e1721728873266.jpg?wsr\",\"contentUrl\":\"https:\/\/www.valcucine.com\/wp-content\/uploads\/2024\/07\/109_guid_progetto97-e1721728873266.jpg?wsr\",\"width\":1188,\"height\":826,\"caption\":\"finestra cucina\"},{\"@type\":\"BreadcrumbList\",\"@id\":\"https:\/\/www.valcucine.com\/fr\/plans\/espace-et-dimensions\/fenetre-de-cuisine\/#breadcrumb\",\"itemListElement\":[{\"@type\":\"ListItem\",\"position\":1,\"name\":\"Valcucine\",\"item\":\"https:\/\/www.valcucine.com\/fr\/\"},{\"@type\":\"ListItem\",\"position\":2,\"name\":\"Implantation d&#8217;une cuisine\",\"item\":\"https:\/\/www.valcucine.com\/fr\/plans\/\"},{\"@type\":\"ListItem\",\"position\":3,\"name\":\"Encombrements et dimensions\",\"item\":\"https:\/\/www.valcucine.com\/fr\/plans\/espace-et-dimensions\/\"},{\"@type\":\"ListItem\",\"position\":4,\"name\":\"Hauteur de la fen\u00eatre dans la zone de l&#8217;\u00e9vier\"}]},{\"@type\":\"WebSite\",\"@id\":\"https:\/\/www.valcucine.com\/#website\",\"url\":\"https:\/\/www.valcucine.com\/\",\"name\":\"Valcucine\",\"description\":\"\",\"publisher\":{\"@id\":\"https:\/\/www.valcucine.com\/#organization\"},\"potentialAction\":[{\"@type\":\"SearchAction\",\"target\":{\"@type\":\"EntryPoint\",\"urlTemplate\":\"https:\/\/www.valcucine.com\/?s={search_term_string}\"},\"query-input\":{\"@type\":\"PropertyValueSpecification\",\"valueRequired\":true,\"valueName\":\"search_term_string\"}}],\"inLanguage\":\"fr-FR\"},{\"@type\":\"Organization\",\"@id\":\"https:\/\/www.valcucine.com\/#organization\",\"name\":\"Valcucine\",\"url\":\"https:\/\/www.valcucine.com\/\",\"logo\":{\"@type\":\"ImageObject\",\"inLanguage\":\"fr-FR\",\"@id\":\"https:\/\/www.valcucine.com\/#\/schema\/logo\/image\/\",\"url\":\"https:\/\/www.valcucine.com\/wp-content\/uploads\/2024\/02\/logo-valcucine.webp?wsr\",\"contentUrl\":\"https:\/\/www.valcucine.com\/wp-content\/uploads\/2024\/02\/logo-valcucine.webp?wsr\",\"width\":288,\"height\":46,\"caption\":\"Valcucine\"},\"image\":{\"@id\":\"https:\/\/www.valcucine.com\/#\/schema\/logo\/image\/\"},\"sameAs\":[\"https:\/\/www.facebook.com\/valcucine\/\",\"https:\/\/www.instagram.com\/valcucine\/\",\"https:\/\/www.linkedin.com\/company\/valcucine\"]}]}<\/script>\n<!-- \/ Yoast SEO plugin. -->","yoast_head_json":{"title":"Hauteur de la fen\u00eatre dans la zone de l'\u00e9vier","description":"D\u00e9couvrez sur Valcucine comment concevoir une cuisine avec l\u2019\u00e9vier sous la fen\u00eatre. D\u00e9couvrez quelle hauteur doit avoir la fen\u00eatre dans la cuisine.","robots":{"index":"index","follow":"follow","max-snippet":"max-snippet:-1","max-image-preview":"max-image-preview:large","max-video-preview":"max-video-preview:-1"},"canonical":"https:\/\/www.valcucine.com\/fr\/plans\/espace-et-dimensions\/fenetre-de-cuisine\/","og_locale":"fr_FR","og_type":"article","og_title":"Hauteur de la fen\u00eatre dans la zone de l'\u00e9vier","og_description":"D\u00e9couvrez sur Valcucine comment concevoir une cuisine avec l\u2019\u00e9vier sous la fen\u00eatre. D\u00e9couvrez quelle hauteur doit avoir la fen\u00eatre dans la cuisine.","og_url":"https:\/\/www.valcucine.com\/fr\/plans\/espace-et-dimensions\/fenetre-de-cuisine\/","og_site_name":"Valcucine","article_publisher":"https:\/\/www.facebook.com\/valcucine\/","article_modified_time":"2025-06-04T15:12:26+00:00","og_image":[{"width":1188,"height":826,"url":"https:\/\/www.valcucine.com\/wp-content\/uploads\/2024\/07\/109_guid_progetto97-e1721728873266.jpg?wsr","type":"image\/jpeg"}],"twitter_card":"summary_large_image","twitter_misc":{"Dur\u00e9e de lecture estim\u00e9e":"3 minutes"},"schema":{"@context":"https:\/\/schema.org","@graph":[{"@type":"WebPage","@id":"https:\/\/www.valcucine.com\/fr\/plans\/espace-et-dimensions\/fenetre-de-cuisine\/","url":"https:\/\/www.valcucine.com\/fr\/plans\/espace-et-dimensions\/fenetre-de-cuisine\/","name":"Hauteur de la fen\u00eatre dans la zone de l'\u00e9vier","isPartOf":{"@id":"https:\/\/www.valcucine.com\/#website"},"primaryImageOfPage":{"@id":"https:\/\/www.valcucine.com\/fr\/plans\/espace-et-dimensions\/fenetre-de-cuisine\/#primaryimage"},"image":{"@id":"https:\/\/www.valcucine.com\/fr\/plans\/espace-et-dimensions\/fenetre-de-cuisine\/#primaryimage"},"thumbnailUrl":"https:\/\/www.valcucine.com\/wp-content\/uploads\/2024\/07\/109_guid_progetto97-e1721728873266.jpg?wsr","datePublished":"2024-07-22T08:56:24+00:00","dateModified":"2025-06-04T15:12:26+00:00","description":"D\u00e9couvrez sur Valcucine comment concevoir une cuisine avec l\u2019\u00e9vier sous la fen\u00eatre. D\u00e9couvrez quelle hauteur doit avoir la fen\u00eatre dans la cuisine.","breadcrumb":{"@id":"https:\/\/www.valcucine.com\/fr\/plans\/espace-et-dimensions\/fenetre-de-cuisine\/#breadcrumb"},"inLanguage":"fr-FR","potentialAction":[{"@type":"ReadAction","target":["https:\/\/www.valcucine.com\/fr\/plans\/espace-et-dimensions\/fenetre-de-cuisine\/"]}]},{"@type":"ImageObject","inLanguage":"fr-FR","@id":"https:\/\/www.valcucine.com\/fr\/plans\/espace-et-dimensions\/fenetre-de-cuisine\/#primaryimage","url":"https:\/\/www.valcucine.com\/wp-content\/uploads\/2024\/07\/109_guid_progetto97-e1721728873266.jpg?wsr","contentUrl":"https:\/\/www.valcucine.com\/wp-content\/uploads\/2024\/07\/109_guid_progetto97-e1721728873266.jpg?wsr","width":1188,"height":826,"caption":"finestra cucina"},{"@type":"BreadcrumbList","@id":"https:\/\/www.valcucine.com\/fr\/plans\/espace-et-dimensions\/fenetre-de-cuisine\/#breadcrumb","itemListElement":[{"@type":"ListItem","position":1,"name":"Valcucine","item":"https:\/\/www.valcucine.com\/fr\/"},{"@type":"ListItem","position":2,"name":"Implantation d&#8217;une cuisine","item":"https:\/\/www.valcucine.com\/fr\/plans\/"},{"@type":"ListItem","position":3,"name":"Encombrements et dimensions","item":"https:\/\/www.valcucine.com\/fr\/plans\/espace-et-dimensions\/"},{"@type":"ListItem","position":4,"name":"Hauteur de la fen\u00eatre dans la zone de l&#8217;\u00e9vier"}]},{"@type":"WebSite","@id":"https:\/\/www.valcucine.com\/#website","url":"https:\/\/www.valcucine.com\/","name":"Valcucine","description":"","publisher":{"@id":"https:\/\/www.valcucine.com\/#organization"},"potentialAction":[{"@type":"SearchAction","target":{"@type":"EntryPoint","urlTemplate":"https:\/\/www.valcucine.com\/?s={search_term_string}"},"query-input":{"@type":"PropertyValueSpecification","valueRequired":true,"valueName":"search_term_string"}}],"inLanguage":"fr-FR"},{"@type":"Organization","@id":"https:\/\/www.valcucine.com\/#organization","name":"Valcucine","url":"https:\/\/www.valcucine.com\/","logo":{"@type":"ImageObject","inLanguage":"fr-FR","@id":"https:\/\/www.valcucine.com\/#\/schema\/logo\/image\/","url":"https:\/\/www.valcucine.com\/wp-content\/uploads\/2024\/02\/logo-valcucine.webp?wsr","contentUrl":"https:\/\/www.valcucine.com\/wp-content\/uploads\/2024\/02\/logo-valcucine.webp?wsr","width":288,"height":46,"caption":"Valcucine"},"image":{"@id":"https:\/\/www.valcucine.com\/#\/schema\/logo\/image\/"},"sameAs":["https:\/\/www.facebook.com\/valcucine\/","https:\/\/www.instagram.com\/valcucine\/","https:\/\/www.linkedin.com\/company\/valcucine"]}]}},"_links":{"self":[{"href":"https:\/\/www.valcucine.com\/fr\/wp-json\/wp\/v2\/pages\/20847","targetHints":{"allow":["GET"]}}],"collection":[{"href":"https:\/\/www.valcucine.com\/fr\/wp-json\/wp\/v2\/pages"}],"about":[{"href":"https:\/\/www.valcucine.com\/fr\/wp-json\/wp\/v2\/types\/page"}],"author":[{"embeddable":true,"href":"https:\/\/www.valcucine.com\/fr\/wp-json\/wp\/v2\/users\/2"}],"replies":[{"embeddable":true,"href":"https:\/\/www.valcucine.com\/fr\/wp-json\/wp\/v2\/comments?post=20847"}],"version-history":[{"count":4,"href":"https:\/\/www.valcucine.com\/fr\/wp-json\/wp\/v2\/pages\/20847\/revisions"}],"predecessor-version":[{"id":20848,"href":"https:\/\/www.valcucine.com\/fr\/wp-json\/wp\/v2\/pages\/20847\/revisions\/20848"}],"up":[{"embeddable":true,"href":"https:\/\/www.valcucine.com\/fr\/wp-json\/wp\/v2\/pages\/19210"}],"wp:featuredmedia":[{"embeddable":true,"href":"https:\/\/www.valcucine.com\/fr\/wp-json\/wp\/v2\/media\/17290"}],"wp:attachment":[{"href":"https:\/\/www.valcucine.com\/fr\/wp-json\/wp\/v2\/media?parent=20847"}],"curies":[{"name":"wp","href":"https:\/\/api.w.org\/{rel}","templated":true}]}}